{"id":2758,"date":"2025-07-21T14:37:29","date_gmt":"2025-07-21T07:37:29","guid":{"rendered":"https:\/\/dienmaynguyenkhang.vn\/?post_type=product&#038;p=2758"},"modified":"2026-04-19T16:16:41","modified_gmt":"2026-04-19T09:16:41","slug":"tu-lanh-sanaky-inverter-vh-199kg","status":"publish","type":"product","link":"https:\/\/dienmaynguyenkhang.vn\/?product=tu-lanh-sanaky-inverter-vh-199kg","title":{"rendered":"T\u1ee7 l\u1ea1nh Sanaky Inverter VH-199KG (185 l\u00edt)"},"content":{"rendered":"<h2>Th\u00f4ng s\u1ed1 k\u1ef9 thu\u1eadt<\/h2>\n<table>\n<tbody>\n<tr>\n<td>Model<\/td>\n<td>VH-199KG<\/td>\n<\/tr>\n<tr>\n<td>Th\u01b0\u01a1ng hi\u1ec7u<\/td>\n<td>T\u1ee7 l\u1ea1nh Sanaky<\/td>\n<\/tr>\n<tr>\n<td>M\u00e0u s\u1eafc<\/td>\n<td>K\u00ednh g\u01b0\u01a1ng<\/td>\n<\/tr>\n<tr>\n<td>Ki\u1ec3u t\u1ee7 l\u1ea1nh<\/td>\n<td>Ng\u0103n \u0111\u00e1 tr\u00ean<\/td>\n<\/tr>\n<tr>\n<td>S\u1ed1 c\u1eeda t\u1ee7<\/td>\n<td>2 c\u1eeda<\/td>\n<\/tr>\n<tr>\n<td>Dung t\u00edch t\u1ee7 l\u1ea1nh<\/td>\n<td>185 l\u00edt<\/td>\n<\/tr>\n<tr>\n<td>Dung t\u00edch ng\u0103n \u0111\u00e1<\/td>\n<td>65,5 l\u00edt<\/td>\n<\/tr>\n<tr>\n<td>Dung t\u00edch ng\u0103n l\u1ea1nh<\/td>\n<td>119,5 l\u00edt<\/td>\n<\/tr>\n<tr>\n<td>Ch\u1ea5t li\u1ec7u khay<\/td>\n<td>Khay k\u00ednh c\u01b0\u1eddng l\u1ef1c<\/td>\n<\/tr>\n<tr>\n<td>Kh\u00e1ng khu\u1ea9n \/ Kh\u1eed m\u00f9i<\/td>\n<td>\u0110\u00e8n UV<\/td>\n<\/tr>\n<tr>\n<td>C\u00f4ng ngh\u1ec7 Inverter<\/td>\n<td>C\u00f3<\/td>\n<\/tr>\n<tr>\n<td>Kh\u1ed1i l\u01b0\u1ee3ng s\u1ea3n ph\u1ea9m<\/td>\n<td>46 kg<\/td>\n<\/tr>\n<tr>\n<td>K\u00edch th\u01b0\u1edbc s\u1ea3n ph\u1ea9m<\/td>\n<td>530 x 610 x 1358 mm<\/td>\n<\/tr>\n<tr>\n<td>K\u00edch th\u01b0\u1edbc th\u00f9ng<\/td>\n<td>580 x 670 x 1410 mm<\/td>\n<\/tr>\n<tr>\n<td>Kh\u1ed1i l\u01b0\u1ee3ng th\u00f9ng<\/td>\n<td>50 kg<\/td>\n<\/tr>\n<tr>\n<td>Th\u1eddi gian b\u1ea3o h\u00e0nh<\/td>\n<td>24 th\u00e1ng<\/td>\n<\/tr>\n<\/tbody>\n<\/table>\n","protected":false},"excerpt":{"rendered":"<p><a href=\"https:\/\/dienmaynguyenkhang.vn\/wp-content\/uploads\/2025\/07\/tu-lanh-sanaky-vh-199kg-600x600-1.jpg\"><img loading=\"lazy\" decoding=\"async\" class=\"alignnone size-medium wp-image-2759\" src=\"https:\/\/dienmaynguyenkhang.vn\/wp-content\/uploads\/2025\/07\/tu-lanh-sanaky-vh-199kg-600x600-1-300x300.jpg\" alt=\"\" width=\"300\" height=\"300\" srcset=\"https:\/\/dienmaynguyenkhang.vn\/wp-content\/uploads\/2025\/07\/tu-lanh-sanaky-vh-199kg-600x600-1-300x300.jpg 300w, https:\/\/dienmaynguyenkhang.vn\/wp-content\/uploads\/2025\/07\/tu-lanh-sanaky-vh-199kg-600x600-1-150x150.jpg 150w, https:\/\/dienmaynguyenkhang.vn\/wp-content\/uploads\/2025\/07\/tu-lanh-sanaky-vh-199kg-600x600-1-510x510.jpg 510w, https:\/\/dienmaynguyenkhang.vn\/wp-content\/uploads\/2025\/07\/tu-lanh-sanaky-vh-199kg-600x600-1-100x100.jpg 100w, https:\/\/dienmaynguyenkhang.vn\/wp-content\/uploads\/2025\/07\/tu-lanh-sanaky-vh-199kg-600x600-1.jpg 600w\" sizes=\"auto, (max-width: 300px) 100vw, 300px\" \/><\/a><\/p>\n","protected":false},"featured_media":2759,"comment_status":"open","ping_status":"closed","template":"","meta":[],"class_list":{"0":"post-2758","1":"product","2":"type-product","3":"status-publish","4":"has-post-thumbnail","6":"product_cat-tu-lanh","7":"product_cat-sanaky","9":"first","10":"instock","11":"sale","12":"shipping-taxable","13":"purchasable","14":"product-type-simple"},"_links":{"self":[{"href":"https:\/\/dienmaynguyenkhang.vn\/index.php?rest_route=\/wp\/v2\/product\/2758","targetHints":{"allow":["GET"]}}],"collection":[{"href":"https:\/\/dienmaynguyenkhang.vn\/index.php?rest_route=\/wp\/v2\/product"}],"about":[{"href":"https:\/\/dienmaynguyenkhang.vn\/index.php?rest_route=\/wp\/v2\/types\/product"}],"replies":[{"embeddable":true,"href":"https:\/\/dienmaynguyenkhang.vn\/index.php?rest_route=%2Fwp%2Fv2%2Fcomments&post=2758"}],"wp:featuredmedia":[{"embeddable":true,"href":"https:\/\/dienmaynguyenkhang.vn\/index.php?rest_route=\/wp\/v2\/media\/2759"}],"wp:attachment":[{"href":"https:\/\/dienmaynguyenkhang.vn\/index.php?rest_route=%2Fwp%2Fv2%2Fmedia&parent=2758"}],"curies":[{"name":"wp","href":"https:\/\/api.w.org\/{rel}","templated":true}]}}