{"id":2743,"date":"2025-07-21T13:55:03","date_gmt":"2025-07-21T06:55:03","guid":{"rendered":"https:\/\/dienmaynguyenkhang.vn\/?post_type=product&#038;p=2743"},"modified":"2026-04-25T03:56:12","modified_gmt":"2026-04-24T20:56:12","slug":"tu-dong-dung-sanaky-vh-230vd3-213-lit-inverter-7-hoc","status":"publish","type":"product","link":"https:\/\/dienmaynguyenkhang.vn\/?product=tu-dong-dung-sanaky-vh-230vd3-213-lit-inverter-7-hoc","title":{"rendered":"T\u1ee7 \u0111\u00f4ng \u0111\u1ee9ng Sanaky VH-230VD3 213 l\u00edt inverter 7 h\u1ed9c"},"content":{"rendered":"<div class=\"row title-tskt \">\n<h3>\u00a0TH\u00d4NG S\u1ed0 K\u1ef8 THU\u1eacT<\/h3>\n<\/div>\n<div class=\"col-lg-7 col-md-7\"><img decoding=\"async\" class=\"sa-img-ts lazyloaded\" src=\"https:\/\/sanakyvietnam.net.vn\/wp-content\/uploads\/2023\/01\/2-1.jpg\" alt=\"sanakyvietnam\" data-ll-status=\"loaded\" \/><\/div>\n<div class=\"col-lg-5 col-md-5\">\n<h3>Th\u00f4ng s\u1ed1 k\u0129 thu\u1eadt<\/h3>\n<div>\n<table>\n<tbody>\n<tr>\n<td>Model<\/td>\n<td><strong>VH-230VD3<\/strong><\/td>\n<\/tr>\n<tr>\n<td>H\u00e3ng s\u1ea3n xu\u1ea5t<\/td>\n<td><strong>Sanaky<\/strong><\/td>\n<\/tr>\n<tr>\n<td>B\u1ea3o h\u00e0nh<\/td>\n<td>24 th\u00e1ng<\/td>\n<\/tr>\n<tr>\n<td>Dung t\u00edch t\u1ed5ng \/ s\u1eed d\u1ee5ng<\/td>\n<td>230 l\u00edt \/ 213 l\u00edt<\/td>\n<\/tr>\n<tr>\n<td>K\u00edch th\u01b0\u1edbc (D x R x C mm)<\/td>\n<td>554 x 573 x 1645 (mm)<\/td>\n<\/tr>\n<tr>\n<td>Lo\u1ea1i t\u1ee7<\/td>\n<td>T\u1ee7 \u0111\u00f4ng \u0111\u1ee9ng<\/td>\n<\/tr>\n<tr>\n<td>S\u1ed1 ng\u0103n<\/td>\n<td>1 ng\u0103n \u0111\u00f4ng<\/td>\n<\/tr>\n<tr>\n<td>S\u1ed1 c\u00e1nh<\/td>\n<td>1 c\u00e1nh<\/td>\n<\/tr>\n<tr>\n<td>C\u00f4ng ngh\u1ec7 ti\u1ebft ki\u1ec7m \u0111i\u1ec7n<\/td>\n<td>INVERTER<\/td>\n<\/tr>\n<tr>\n<td>Tr\u1ecdng l\u01b0\u1ee3ng<\/td>\n<td>57 kg<\/td>\n<\/tr>\n<tr>\n<td>Ch\u1ea5t li\u1ec7u d\u00e0n l\u1ea1nh<\/td>\n<td>Nh\u00f4m<\/td>\n<\/tr>\n<tr>\n<td>C\u00f4ng su\u1ea5t<\/td>\n<td>166.7W<\/td>\n<\/tr>\n<tr>\n<td>Nhi\u1ec7t \u0111\u1ed9<\/td>\n<td>0<sup>o<\/sup>C \u2013&gt; -18<sup>o<\/sup>C<\/td>\n<\/tr>\n<tr>\n<td>\u0110i\u1ec7n \u00e1p<\/td>\n<td>220V\/50Hz<\/td>\n<\/tr>\n<tr>\n<td>M\u00f4i ch\u1ea5t l\u1ea1nh<\/td>\n<td>R600A<\/td>\n<\/tr>\n<tr>\n<td>L\u00e0m l\u1ea1nh nhanh<\/td>\n<td>C\u00f3<\/td>\n<\/tr>\n<\/tbody>\n<\/table>\n<\/div>\n<\/div>\n","protected":false},"excerpt":{"rendered":"<p><a href=\"https:\/\/dienmaynguyenkhang.vn\/wp-content\/uploads\/2025\/07\/230vd3-01-1024x641-1.png\"><img loading=\"lazy\" decoding=\"async\" class=\"alignnone size-medium wp-image-2744\" src=\"https:\/\/dienmaynguyenkhang.vn\/wp-content\/uploads\/2025\/07\/230vd3-01-1024x641-1-300x188.png\" alt=\"\" width=\"300\" height=\"188\" srcset=\"https:\/\/dienmaynguyenkhang.vn\/wp-content\/uploads\/2025\/07\/230vd3-01-1024x641-1-300x188.png 300w, https:\/\/dienmaynguyenkhang.vn\/wp-content\/uploads\/2025\/07\/230vd3-01-1024x641-1-768x481.png 768w, https:\/\/dienmaynguyenkhang.vn\/wp-content\/uploads\/2025\/07\/230vd3-01-1024x641-1-510x319.png 510w, https:\/\/dienmaynguyenkhang.vn\/wp-content\/uploads\/2025\/07\/230vd3-01-1024x641-1.png 1024w\" sizes=\"auto, (max-width: 300px) 100vw, 300px\" \/><\/a><\/p>\n","protected":false},"featured_media":2744,"comment_status":"open","ping_status":"closed","template":"","meta":[],"class_list":{"0":"post-2743","1":"product","2":"type-product","3":"status-publish","4":"has-post-thumbnail","6":"product_cat-dong-dung","7":"product_cat-sanaky-tu-dong","8":"product_cat-tu-dong","10":"first","11":"instock","12":"sale","13":"shipping-taxable","14":"purchasable","15":"product-type-simple"},"_links":{"self":[{"href":"https:\/\/dienmaynguyenkhang.vn\/index.php?rest_route=\/wp\/v2\/product\/2743","targetHints":{"allow":["GET"]}}],"collection":[{"href":"https:\/\/dienmaynguyenkhang.vn\/index.php?rest_route=\/wp\/v2\/product"}],"about":[{"href":"https:\/\/dienmaynguyenkhang.vn\/index.php?rest_route=\/wp\/v2\/types\/product"}],"replies":[{"embeddable":true,"href":"https:\/\/dienmaynguyenkhang.vn\/index.php?rest_route=%2Fwp%2Fv2%2Fcomments&post=2743"}],"wp:featuredmedia":[{"embeddable":true,"href":"https:\/\/dienmaynguyenkhang.vn\/index.php?rest_route=\/wp\/v2\/media\/2744"}],"wp:attachment":[{"href":"https:\/\/dienmaynguyenkhang.vn\/index.php?rest_route=%2Fwp%2Fv2%2Fmedia&parent=2743"}],"curies":[{"name":"wp","href":"https:\/\/api.w.org\/{rel}","templated":true}]}}