{"id":2689,"date":"2025-02-06T20:57:06","date_gmt":"2025-02-06T13:57:06","guid":{"rendered":"https:\/\/dienmaynguyenkhang.vn\/?post_type=product&#038;p=2689"},"modified":"2026-03-09T11:43:25","modified_gmt":"2026-03-09T04:43:25","slug":"tu-dong-sanaky-vh-8699hyk-860-lit","status":"publish","type":"product","link":"https:\/\/dienmaynguyenkhang.vn\/?product=tu-dong-sanaky-vh-8699hyk-860-lit","title":{"rendered":"T\u1ee7 \u0111\u00f4ng Sanaky VH-8699HYK 860 l\u00edt"},"content":{"rendered":"<div class=\"snk-info-product-head\">\n<h3>T\u00ednh n\u0103ng th\u00f4ng s\u1ed1 k\u1ef9 thu\u1eadt<\/h3>\n<\/div>\n<div class=\"large-8 col\">\n<div class=\"img-tskt\"><img loading=\"lazy\" decoding=\"async\" class=\"attachment-full size-full entered lazyloaded\" src=\"https:\/\/sanakyvietnam.net\/wp-content\/uploads\/2022\/10\/tu-dong-inverter-sanaky-vh-8699hyk-860-lit-tke.jpg\" sizes=\"auto, (max-width: 1900px) 100vw, 1900px\" srcset=\"https:\/\/sanakyvietnam.net\/wp-content\/uploads\/2022\/10\/tu-dong-inverter-sanaky-vh-8699hyk-860-lit-tke.jpg 1900w, https:\/\/sanakyvietnam.net\/wp-content\/uploads\/2022\/10\/tu-dong-inverter-sanaky-vh-8699hyk-860-lit-tke-600x375.jpg 600w, https:\/\/sanakyvietnam.net\/wp-content\/uploads\/2022\/10\/tu-dong-inverter-sanaky-vh-8699hyk-860-lit-tke-768x481.jpg 768w, https:\/\/sanakyvietnam.net\/wp-content\/uploads\/2022\/10\/tu-dong-inverter-sanaky-vh-8699hyk-860-lit-tke-1536x961.jpg 1536w, https:\/\/sanakyvietnam.net\/wp-content\/uploads\/2022\/10\/tu-dong-inverter-sanaky-vh-8699hyk-860-lit-tke-400x250.jpg 400w\" alt=\"t\u1ee7 \u0111\u00f4ng sanaky VH-8699HYK\" width=\"1900\" height=\"1189\" data-lazy-srcset=\"https:\/\/sanakyvietnam.net\/wp-content\/uploads\/2022\/10\/tu-dong-inverter-sanaky-vh-8699hyk-860-lit-tke.jpg 1900w, https:\/\/sanakyvietnam.net\/wp-content\/uploads\/2022\/10\/tu-dong-inverter-sanaky-vh-8699hyk-860-lit-tke-600x375.jpg 600w, https:\/\/sanakyvietnam.net\/wp-content\/uploads\/2022\/10\/tu-dong-inverter-sanaky-vh-8699hyk-860-lit-tke-768x481.jpg 768w, https:\/\/sanakyvietnam.net\/wp-content\/uploads\/2022\/10\/tu-dong-inverter-sanaky-vh-8699hyk-860-lit-tke-1536x961.jpg 1536w, https:\/\/sanakyvietnam.net\/wp-content\/uploads\/2022\/10\/tu-dong-inverter-sanaky-vh-8699hyk-860-lit-tke-400x250.jpg 400w\" data-lazy-sizes=\"(max-width: 1900px) 100vw, 1900px\" data-lazy-src=\"https:\/\/sanakyvietnam.net\/wp-content\/uploads\/2022\/10\/tu-dong-inverter-sanaky-vh-8699hyk-860-lit-tke.jpg\" data-ll-status=\"loaded\" \/><\/div>\n<\/div>\n<div class=\"large-4 col\">\n<div class=\"product_additional_content\">\n<h2 class=\"title_tabs\">Th\u00f4ng s\u1ed1 k\u1ef9 thu\u1eadt<\/h2>\n<table>\n<tbody>\n<tr>\n<td>Model<\/td>\n<td>VH-8699HYK<\/td>\n<\/tr>\n<tr>\n<td>H\u00e3ng s\u1ea3n xu\u1ea5t<\/td>\n<td><a href=\"https:\/\/dienmaynguyenkhang.vn\/?post_type=product&amp;p=2689&amp;preview=true\">SANAKY<\/a><\/td>\n<\/tr>\n<tr>\n<td>Lo\u1ea1i<\/td>\n<td><a href=\"https:\/\/dienmaynguyenkhang.vn\/?post_type=product&amp;p=2689&amp;preview=true\">T\u1ee7 \u0111\u00f4ng 1 ng\u0103n 2 c\u00e1nh d\u00e0n \u0111\u1ed3ng<\/a><\/td>\n<\/tr>\n<tr>\n<td>Di\u00e0n l\u1ea1nh<\/td>\n<td>\u1ed0ng \u0111\u1ed3ng<\/td>\n<\/tr>\n<tr>\n<td>B\u1ea3o h\u00e0nh<\/td>\n<td>24 th\u00e1ng<\/td>\n<\/tr>\n<tr>\n<td>Ki\u1ec3u c\u1eeda<\/td>\n<td>2 c\u1eeda m\u1edf vali<\/td>\n<\/tr>\n<tr>\n<td>S\u1ed1 bu\u1ed3ng<\/td>\n<td>1 bu\u1ed3ng<\/td>\n<\/tr>\n<tr>\n<td>Dung t\u00edch t\u1ed5ng th\u1ec3 \/ Dung t\u00edch s\u1eed d\u1ee5ng<\/td>\n<td>860 l\u00edt \/ 761 l\u00edt<\/td>\n<\/tr>\n<tr>\n<td>M\u00e0u s\u1eafc<\/td>\n<td>Tr\u1eafng s\u1eefa<\/td>\n<\/tr>\n<tr>\n<td>C\u00f4ng su\u1ea5t<\/td>\n<td>249W<\/td>\n<\/tr>\n<tr>\n<td>Nhi\u1ec7t \u0111\u1ed9<\/td>\n<td>\u2264-18\u2103<\/td>\n<\/tr>\n<tr>\n<td>\u0110i\u1ec7n \u00e1p<\/td>\n<td>220V\/50Hz<\/td>\n<\/tr>\n<tr>\n<td>B\u00e1nh xe<\/td>\n<td>6 b\u00e1nh xe ch\u1ecbu l\u1ef1c<\/td>\n<\/tr>\n<tr>\n<td>K\u00edch th\u01b0\u1edbc t\u1ee7 (DxRxC mm)<\/td>\n<td>2013 x 846 x 900 (mm)<\/td>\n<\/tr>\n<tr>\n<td>Tr\u1ecdng l\u01b0\u1ee3ng t\u1ecbnh<\/td>\n<td>86 kg<\/td>\n<\/tr>\n<tr>\n<td>Xu\u1ea5t x\u1ee9<\/td>\n<td>Ch\u00ednh h\u00e3ng<\/td>\n<\/tr>\n<tr>\n<td>Gas<\/td>\n<td>R290<\/td>\n<\/tr>\n<\/tbody>\n<\/table>\n<\/div>\n<p><a class=\"open_additional_popup\" data-src=\"#additional_popup\" data-fancybox=\"\" data-options=\"{&quot;touch&quot; : false}\">Xem chi ti\u1ebft th\u00f4ng s\u1ed1 k\u1ef9 thu\u1eadt<\/a><\/p>\n<div>\n<div data-product_id=\"16082\" data-threshold_min=\"30\" data-threshold_max=\"100\" data-total=\"0\"><\/div>\n<\/div>\n<\/div>\n<div class=\"content_description\">\n<div class=\"woocommerce-tabs wc-tabs-wrapper container tabbed-content\">\n<ul class=\"snk-info-product-head tabs wc-tabs product-tabs small-nav-collapse nav nav-uppercase nav-line-grow nav-left\" role=\"tablist\">\n<li id=\"tab-title-description\" class=\"description_tab active\" role=\"tab\" aria-controls=\"tab-description\"><a href=\"https:\/\/dienmaynguyenkhang.vn\/?post_type=product&amp;p=2689&amp;preview=true\"><i class=\"fa fa-caret-right\"><\/i>M\u00f4 t\u1ea3 s\u1ea3n ph\u1ea9m<\/a><\/li>\n<\/ul>\n<div class=\"tab-panels\">\n<div id=\"tab-description\" class=\"woocommerce-Tabs-panel woocommerce-Tabs-panel--description panel entry-content active\" role=\"tabpanel\" aria-labelledby=\"tab-title-description\">\n<p><strong>T\u1ee7 \u0111\u00f4ng Sanaky VH-8699HYK<\/strong>\u00a0thu\u1ed9c d\u00f2ng\u00a0<a href=\"https:\/\/dienmaynguyenkhang.vn\/?post_type=product&amp;p=2689&amp;preview=true\">t\u1ee7 \u0111\u00f4ng Sanaky<\/a>\u00a01 ng\u0103n 2 c\u00e1nh m\u1edf, dung t\u00edch c\u1ee1 l\u1edbn. V\u1edbi thi\u1ebft k\u1ebf m\u1eb7t k\u00ednh c\u01b0\u1eddng l\u1ef1c hi\u1ec7n \u0111\u1ea1i, nhi\u1ec1u t\u00ednh n\u0103ng, c\u00f4ng ngh\u1ec7 l\u00e0m l\u1ea1nh th\u00f4ng minh, dung t\u00edch 860 l\u00edt, VH-8699HYK \u0111\u01b0\u1ee3c r\u1ea5t nhi\u1ec1u c\u00e1c si\u00eau th\u1ecb, qu\u00e1n \u0103n, nh\u00e0 h\u00e0ng tin d\u00f9ng.<\/p>\n<h2>Gi\u1edbi thi\u1ec7u t\u1ed5ng quan t\u1ee7 \u0111\u00f4ng Sanaky VH-8699HYK<\/h2>\n<p>M\u1ed9t s\u1ed1 th\u00f4ng tin t\u1ed5ng quan v\u1ec1 t\u1ee7 \u0111\u00f4ng VH-8699HYK c\u1ea7n n\u1eafm l\u00e0:<\/p>\n<ul>\n<li>Model: VH-8699HYK<\/li>\n<li>Th\u01b0\u01a1ng hi\u1ec7u: Sanaky<\/li>\n<li>Lo\u1ea1i: T\u1ee7 \u0111\u00f4ng 1 ng\u0103n 2 c\u00e1nh m\u1edf<\/li>\n<li>Dung t\u00edch: 860 l\u00edt<\/li>\n<li>B\u1ea3o h\u00e0nh: 24 th\u00e1ng<\/li>\n<\/ul>\n<figure id=\"attachment_16334\" class=\"wp-caption aligncenter\" aria-describedby=\"caption-attachment-16334\"><img loading=\"lazy\" decoding=\"async\" class=\"wp-image-16334 lazy-load-active\" src=\"https:\/\/sanakyvietnam.net\/wp-content\/uploads\/2022\/10\/hinh-anh-tu-dong-sanaky-vh-8699hyk-600x375.webp\" sizes=\"auto, (max-width: 900px) 100vw, 900px\" srcset=\"https:\/\/sanakyvietnam.net\/wp-content\/uploads\/2022\/10\/hinh-anh-tu-dong-sanaky-vh-8699hyk-600x375.webp 600w, https:\/\/sanakyvietnam.net\/wp-content\/uploads\/2022\/10\/hinh-anh-tu-dong-sanaky-vh-8699hyk-768x481.webp 768w, https:\/\/sanakyvietnam.net\/wp-content\/uploads\/2022\/10\/hinh-anh-tu-dong-sanaky-vh-8699hyk-400x250.webp 400w, https:\/\/sanakyvietnam.net\/wp-content\/uploads\/2022\/10\/hinh-anh-tu-dong-sanaky-vh-8699hyk.webp 1536w\" alt=\"T\u1ee7 \u0111\u00f4ng Sanaky VH-8699HYK\" width=\"900\" height=\"563\" data-src=\"https:\/\/sanakyvietnam.net\/wp-content\/uploads\/2022\/10\/hinh-anh-tu-dong-sanaky-vh-8699hyk-600x375.webp\" data-srcset=\"https:\/\/sanakyvietnam.net\/wp-content\/uploads\/2022\/10\/hinh-anh-tu-dong-sanaky-vh-8699hyk-600x375.webp 600w, https:\/\/sanakyvietnam.net\/wp-content\/uploads\/2022\/10\/hinh-anh-tu-dong-sanaky-vh-8699hyk-768x481.webp 768w, https:\/\/sanakyvietnam.net\/wp-content\/uploads\/2022\/10\/hinh-anh-tu-dong-sanaky-vh-8699hyk-400x250.webp 400w, https:\/\/sanakyvietnam.net\/wp-content\/uploads\/2022\/10\/hinh-anh-tu-dong-sanaky-vh-8699hyk.webp 1536w\" \/><figcaption id=\"caption-attachment-16334\" class=\"wp-caption-text\">T\u1ee7 \u0111\u00f4ng Sanaky VH-8699HYK<\/figcaption><\/figure>\n<h2>C\u00e1c t\u00ednh n\u0103ng n\u1ed5i b\u1eadt c\u1ee7a t\u1ee7 \u0111\u00f4ng Sanaky VH-8699HYK<\/h2>\n<p>VH-8699HYK s\u1edf h\u1eefu r\u1ea5t nhi\u1ec1u \u01b0u \u0111i\u1ec3m n\u1ed5i tr\u1ed9i. Trong \u0111\u00f3 ti\u00eau bi\u1ec3u ph\u1ea3i k\u1ec3 \u0111\u1ebfn:<\/p>\n<h3>Thi\u1ebft k\u1ebf t\u1ed1i \u01b0u, ch\u1eafc ch\u1eafn v\u00e0 cao c\u1ea5p c\u1ee7a t\u1ee7 \u0111\u00f4ng VH-8699HYK<\/h3>\n<ul>\n<li>Thi\u1ebft k\u1ebf 1 ng\u0103n \u0111\u00f4ng v\u1edbi 2 c\u00e1nh m\u1edf v\u1eeba gi\u00fap t\u1ed1i \u01b0u kh\u00f4ng gian s\u1eafp x\u1ebfp th\u1ef1c ph\u1ea9m, v\u1eeba ti\u1ec7n l\u1ee3i khi m\u1edf t\u1ee7, tr\u00e1nh th\u1ea5t tho\u00e1t nhi\u1ec7t l\u1ea1nh, ti\u1ebft ki\u1ec7m \u0111i\u1ec7n t\u1ed1t h\u01a1n<\/li>\n<li>Ng\u0103n t\u1ee7 l\u00e0m b\u1eb1ng ch\u1ea5t li\u1ec7u nh\u1ef1a ABS cao c\u1ea5p, ch\u1ed1ng va \u0111\u1eadp r\u1ea5t t\u1ed1t<\/li>\n<li>L\u00f2ng t\u1ee7 \u0111\u01b0\u1ee3c tr\u00e1ng ph\u1eb3ng thu\u1eadn ti\u1ec7n, d\u1ec5 d\u00e0ng cho vi\u1ec7c v\u1ec7 sinh t\u1ee7 \u0111\u00f4ng<\/li>\n<li>M\u1eb7t c\u00e1nh k\u00ednh c\u01b0\u1eddng l\u1ef1c gi\u00fap t\u1ee7 \u0111\u1eb9p h\u01a1n, sang tr\u1ecdng h\u01a1n, ch\u1ed1ng va \u0111\u1eadp, b\u1ea3o v\u1ec7 t\u1ee7 tr\u01b0\u1edbc c\u00e1c t\u00e1c nh\u00e2n b\u00ean ngo\u00e0i<\/li>\n<li>Thi\u1ebft k\u1ebf m\u00e0u tr\u1eafng s\u1eefa n\u1ed5i b\u1eadt, sang tr\u1ecdng v\u00e0 b\u1ec1n m\u00e0u<\/li>\n<\/ul>\n<h3>C\u00f4ng ngh\u1ec7 l\u00e0m l\u1ea1nh ti\u00ean ti\u1ebfn c\u1ee7a VH-8699HYK<\/h3>\n<ul>\n<li>D\u00e0n l\u1ea1nh b\u1eb1ng \u0111\u1ed3ng nguy\u00ean ch\u1ea5t 99,9% gi\u00fap l\u00e0m l\u1ea1nh nhanh v\u00e0 s\u00e2u h\u01a1n, \u0111\u1ed9 b\u1ec1n cao h\u01a1n<\/li>\n<li>H\u1ec7 th\u1ed1ng qu\u1ea1t \u0111\u1ea3o nhi\u1ec7t gi\u00fap h\u01a1i l\u1ea1nh ph\u1ea3 \u0111\u1ec1u v\u00e0 nhanh<\/li>\n<li>Nhi\u1ec7t \u0111\u1ed9 t\u1ee7 \u0111\u00f4ng c\u00f3 th\u1ec3 xu\u1ed1ng t\u1edbi -18 \u0111\u1ed9 C<\/li>\n<li>T\u1ee7 \u0111\u00f4ng Sanaky VH-8699HYK s\u1eed d\u1ee5ng m\u00f4i ch\u1ea5t l\u00e0m l\u1ea1nh l\u00e0 gas R290. \u0110\u00e2y l\u00e0 lo\u1ea1i gas l\u00e0m l\u1ea1nh m\u1edbi nh\u1ea5t r\u1ea5t th\u00e2n thi\u1ec7n v\u1edbi m\u00f4i tr\u01b0\u1eddng v\u00e0 t\u0103ng c\u01b0\u1eddng hi\u1ec7u qu\u1ea3 l\u00e0m l\u1ea1nh.<\/li>\n<\/ul>\n<figure id=\"attachment_16328\" class=\"wp-caption aligncenter\" aria-describedby=\"caption-attachment-16328\"><img loading=\"lazy\" decoding=\"async\" class=\"wp-image-16328 lazy-load-active\" src=\"https:\/\/sanakyvietnam.net\/wp-content\/uploads\/2022\/10\/tu-dong-sanaky-vh-5699hyk-dan-lanh-gas-600x375.webp\" sizes=\"auto, (max-width: 900px) 100vw, 900px\" srcset=\"https:\/\/sanakyvietnam.net\/wp-content\/uploads\/2022\/10\/tu-dong-sanaky-vh-5699hyk-dan-lanh-gas-600x375.webp 600w, https:\/\/sanakyvietnam.net\/wp-content\/uploads\/2022\/10\/tu-dong-sanaky-vh-5699hyk-dan-lanh-gas-768x481.webp 768w, https:\/\/sanakyvietnam.net\/wp-content\/uploads\/2022\/10\/tu-dong-sanaky-vh-5699hyk-dan-lanh-gas-400x250.webp 400w, https:\/\/sanakyvietnam.net\/wp-content\/uploads\/2022\/10\/tu-dong-sanaky-vh-5699hyk-dan-lanh-gas.webp 1536w\" alt=\"D\u00e0n l\u1ea1nh b\u1eb1ng \u0111\u1ed3ng l\u00e0m l\u1ea1nh nhanh\" width=\"900\" height=\"563\" data-src=\"https:\/\/sanakyvietnam.net\/wp-content\/uploads\/2022\/10\/tu-dong-sanaky-vh-5699hyk-dan-lanh-gas-600x375.webp\" data-srcset=\"https:\/\/sanakyvietnam.net\/wp-content\/uploads\/2022\/10\/tu-dong-sanaky-vh-5699hyk-dan-lanh-gas-600x375.webp 600w, https:\/\/sanakyvietnam.net\/wp-content\/uploads\/2022\/10\/tu-dong-sanaky-vh-5699hyk-dan-lanh-gas-768x481.webp 768w, https:\/\/sanakyvietnam.net\/wp-content\/uploads\/2022\/10\/tu-dong-sanaky-vh-5699hyk-dan-lanh-gas-400x250.webp 400w, https:\/\/sanakyvietnam.net\/wp-content\/uploads\/2022\/10\/tu-dong-sanaky-vh-5699hyk-dan-lanh-gas.webp 1536w\" \/><figcaption id=\"caption-attachment-16328\" class=\"wp-caption-text\">D\u00e0n l\u1ea1nh b\u1eb1ng \u0111\u1ed3ng l\u00e0m l\u1ea1nh nhanh<\/figcaption><\/figure>\n<h3>VH-8699HYK t\u00edch h\u1ee3p 3 ch\u1ee9c n\u0103ng b\u1ea3o qu\u1ea3n m\u00e1t \u2013 \u0111\u00f4ng m\u1ec1m \u2013 \u0111\u00f4ng c\u1ee9ng<\/h3>\n<p>T\u1ee7 \u0111\u00f4ng VH-8699HYK c\u00f3 n\u00fat \u0111i\u1ec1u khi\u1ec3n nhi\u1ec7t \u0111\u1ed9 \u1edf ngo\u00e0i v\u1edbi d\u1ea3i nhi\u1ec7t \u0111i\u1ec1u ch\u1ec9nh r\u1ed9ng. \u0110i\u1ec1u n\u00e0y gi\u00fap ng\u01b0\u1eddi d\u00f9ng c\u00f3 th\u1ec3 d\u1ec5 d\u00e0ng \u0111i\u1ec1u ch\u1ec9nh nhi\u1ec7t \u0111\u1ed9 b\u1ea3o qu\u1ea3n ph\u00f9 h\u1ee3p.<\/p>\n<p>Tr\u00ean n\u00fat \u0111i\u1ec1u khi\u1ec3n c\u00f3 hi\u1ec3n th\u1ecb c\u00e1c m\u1ee9c \u0111i\u1ec1u ch\u1ec9nh v\u1ec1 c\u00e1c ch\u1ebf \u0111\u1ed9 l\u00e0m m\u00e1t \u2013 \u0111\u00f4ng m\u1ec1m \u2013 \u0111\u00f4ng c\u1ee9ng r\u1ea5t linh \u0111\u1ed9ng. \u0110\u00e2y l\u00e0 t\u00ednh n\u0103ng n\u0103ng \u0111\u1ed9ng m\u00e0 ng\u01b0\u1eddi d\u00f9ng r\u1ea5t \u01b0a th\u00edch.<\/p>\n<h3>Dung t\u00edch 860 l\u00edt ph\u00f9 h\u1ee3p v\u1edbi \u0111a s\u1ed1 nhu c\u1ea7u s\u1eed d\u1ee5ng<\/h3>\n<p>V\u1edbi dung t\u00edch t\u1ed5ng th\u1ec3 860 l\u00edt, dung t\u00edch s\u1eed d\u1ee5ng 761 l\u00edt, Sanaky VH-8699HYK ph\u00f9 h\u1ee3p v\u1edbi nhu c\u1ea7u tr\u1eef th\u1ef1c ph\u1ea9m t\u01b0\u01a1ng \u0111\u1ed1i c\u1ee7a \u0111\u1ea1i \u0111a s\u1ed1 c\u00e1c si\u00eau th\u1ecb, nh\u00e0 h\u00e0ng, qu\u00e1n \u0103n.<\/p>\n<h3>T\u1ee7 \u0111\u00f4ng Sanaky VH-8699HYK \u0111\u01b0\u1ee3c trang b\u1ecb nhi\u1ec1u ti\u1ec7n \u00edch hi\u1ec7n \u0111\u1ea1i<\/h3>\n<ul>\n<li>C\u00e1nh t\u1ee7 \u0111\u01b0\u1ee3c trang b\u1ecb kh\u00f3a an to\u00e0n tr\u00e1nh t\u1ee7 \u0111\u00f4ng b\u1ecb m\u1edf ngo\u00e0i \u00fd mu\u1ed1n<\/li>\n<li>C\u00f3 trang b\u1ecb gi\u1ecf \u0111\u1ef1ng \u0111\u1ed3<\/li>\n<li>\u0110\u01b0\u1ee3c trang b\u1ecb 6 b\u00e1nh xe ch\u1ecbu l\u1ef1c gi\u00fap di chuy\u1ec3n t\u1ee7 \u0111\u00f4ng d\u1ec5 d\u00e0ng h\u01a1n<\/li>\n<\/ul>\n<\/div>\n<\/div>\n<\/div>\n<\/div>\n","protected":false},"excerpt":{"rendered":"<p><a href=\"https:\/\/dienmaynguyenkhang.vn\/wp-content\/uploads\/2025\/02\/86hyk-1.png\"><img loading=\"lazy\" decoding=\"async\" class=\"alignnone size-medium wp-image-2690\" src=\"https:\/\/dienmaynguyenkhang.vn\/wp-content\/uploads\/2025\/02\/86hyk-1-300x189.png\" alt=\"\" width=\"300\" height=\"189\" srcset=\"https:\/\/dienmaynguyenkhang.vn\/wp-content\/uploads\/2025\/02\/86hyk-1-300x189.png 300w, https:\/\/dienmaynguyenkhang.vn\/wp-content\/uploads\/2025\/02\/86hyk-1-510x322.png 510w, https:\/\/dienmaynguyenkhang.vn\/wp-content\/uploads\/2025\/02\/86hyk-1.png 730w\" sizes=\"auto, (max-width: 300px) 100vw, 300px\" \/><\/a> <a href=\"https:\/\/dienmaynguyenkhang.vn\/wp-content\/uploads\/2025\/02\/86hyk.png\"><img loading=\"lazy\" decoding=\"async\" class=\"alignnone size-medium wp-image-2691\" src=\"https:\/\/dienmaynguyenkhang.vn\/wp-content\/uploads\/2025\/02\/86hyk-300x165.png\" alt=\"\" width=\"300\" height=\"165\" srcset=\"https:\/\/dienmaynguyenkhang.vn\/wp-content\/uploads\/2025\/02\/86hyk-300x165.png 300w, https:\/\/dienmaynguyenkhang.vn\/wp-content\/uploads\/2025\/02\/86hyk-768x422.png 768w, https:\/\/dienmaynguyenkhang.vn\/wp-content\/uploads\/2025\/02\/86hyk-510x280.png 510w, https:\/\/dienmaynguyenkhang.vn\/wp-content\/uploads\/2025\/02\/86hyk.png 777w\" sizes=\"auto, (max-width: 300px) 100vw, 300px\" \/><\/a> <a href=\"https:\/\/dienmaynguyenkhang.vn\/wp-content\/uploads\/2025\/02\/86hyk2.png\"><img loading=\"lazy\" decoding=\"async\" class=\"alignnone size-medium wp-image-2692\" src=\"https:\/\/dienmaynguyenkhang.vn\/wp-content\/uploads\/2025\/02\/86hyk2-300x192.png\" alt=\"\" width=\"300\" height=\"192\" srcset=\"https:\/\/dienmaynguyenkhang.vn\/wp-content\/uploads\/2025\/02\/86hyk2-300x192.png 300w, https:\/\/dienmaynguyenkhang.vn\/wp-content\/uploads\/2025\/02\/86hyk2-1024x656.png 1024w, https:\/\/dienmaynguyenkhang.vn\/wp-content\/uploads\/2025\/02\/86hyk2-768x492.png 768w, https:\/\/dienmaynguyenkhang.vn\/wp-content\/uploads\/2025\/02\/86hyk2-510x327.png 510w, https:\/\/dienmaynguyenkhang.vn\/wp-content\/uploads\/2025\/02\/86hyk2.png 1225w\" sizes=\"auto, (max-width: 300px) 100vw, 300px\" \/><\/a> <a href=\"https:\/\/dienmaynguyenkhang.vn\/wp-content\/uploads\/2025\/02\/86hyk3.png\"><img loading=\"lazy\" decoding=\"async\" class=\"alignnone size-medium wp-image-2693\" src=\"https:\/\/dienmaynguyenkhang.vn\/wp-content\/uploads\/2025\/02\/86hyk3-300x185.png\" alt=\"\" width=\"300\" height=\"185\" srcset=\"https:\/\/dienmaynguyenkhang.vn\/wp-content\/uploads\/2025\/02\/86hyk3-300x185.png 300w, https:\/\/dienmaynguyenkhang.vn\/wp-content\/uploads\/2025\/02\/86hyk3-510x314.png 510w, https:\/\/dienmaynguyenkhang.vn\/wp-content\/uploads\/2025\/02\/86hyk3.png 759w\" sizes=\"auto, (max-width: 300px) 100vw, 300px\" \/><\/a><\/p>\n","protected":false},"featured_media":2691,"comment_status":"open","ping_status":"closed","template":"","meta":[],"class_list":{"0":"post-2689","1":"product","2":"type-product","3":"status-publish","4":"has-post-thumbnail","6":"product_cat-dong-nguyen","7":"product_cat-sanaky-tu-dong","8":"product_cat-tu-dong","10":"first","11":"instock","12":"sale","13":"shipping-taxable","14":"purchasable","15":"product-type-simple"},"_links":{"self":[{"href":"https:\/\/dienmaynguyenkhang.vn\/index.php?rest_route=\/wp\/v2\/product\/2689","targetHints":{"allow":["GET"]}}],"collection":[{"href":"https:\/\/dienmaynguyenkhang.vn\/index.php?rest_route=\/wp\/v2\/product"}],"about":[{"href":"https:\/\/dienmaynguyenkhang.vn\/index.php?rest_route=\/wp\/v2\/types\/product"}],"replies":[{"embeddable":true,"href":"https:\/\/dienmaynguyenkhang.vn\/index.php?rest_route=%2Fwp%2Fv2%2Fcomments&post=2689"}],"wp:featuredmedia":[{"embeddable":true,"href":"https:\/\/dienmaynguyenkhang.vn\/index.php?rest_route=\/wp\/v2\/media\/2691"}],"wp:attachment":[{"href":"https:\/\/dienmaynguyenkhang.vn\/index.php?rest_route=%2Fwp%2Fv2%2Fmedia&parent=2689"}],"curies":[{"name":"wp","href":"https:\/\/api.w.org\/{rel}","templated":true}]}}