{"id":2686,"date":"2025-02-06T16:25:56","date_gmt":"2025-02-06T09:25:56","guid":{"rendered":"https:\/\/dienmaynguyenkhang.vn\/?post_type=product&#038;p=2686"},"modified":"2026-03-09T11:44:40","modified_gmt":"2026-03-09T04:44:40","slug":"tu-dong-sanaky-vh-6699w4k-660-lit","status":"publish","type":"product","link":"https:\/\/dienmaynguyenkhang.vn\/?product=tu-dong-sanaky-vh-6699w4k-660-lit","title":{"rendered":"T\u1ee7 \u0111\u00f4ng Sanaky VH-6699W4K 660 l\u00edt"},"content":{"rendered":"<div class=\"snk-info-product-head\">\n<h3>T\u00ednh n\u0103ng th\u00f4ng s\u1ed1 k\u1ef9 thu\u1eadt<\/h3>\n<\/div>\n<div class=\"large-8 col\">\n<div class=\"img-tskt\"><a href=\"https:\/\/dienmaynguyenkhang.vn\/wp-content\/uploads\/2025\/02\/5w41.png\"><img loading=\"lazy\" decoding=\"async\" class=\"alignnone size-medium wp-image-2676\" src=\"https:\/\/dienmaynguyenkhang.vn\/wp-content\/uploads\/2025\/02\/5w41-300x252.png\" alt=\"\" width=\"300\" height=\"252\" srcset=\"https:\/\/dienmaynguyenkhang.vn\/wp-content\/uploads\/2025\/02\/5w41-300x252.png 300w, https:\/\/dienmaynguyenkhang.vn\/wp-content\/uploads\/2025\/02\/5w41-510x429.png 510w, https:\/\/dienmaynguyenkhang.vn\/wp-content\/uploads\/2025\/02\/5w41.png 693w\" sizes=\"auto, (max-width: 300px) 100vw, 300px\" \/><\/a><\/div>\n<\/div>\n<div class=\"large-4 col\">\n<div class=\"product_additional_content\">\n<h2 class=\"title_tabs\">Th\u00f4ng s\u1ed1 k\u1ef9 thu\u1eadt<\/h2>\n<table>\n<tbody>\n<tr>\n<td>Model<\/td>\n<td>VH-6699W4K<\/td>\n<\/tr>\n<tr>\n<td>Th\u01b0\u01a1ng hi\u1ec7u<\/td>\n<td><a href=\"https:\/\/dienmaynguyenkhang.vn\/?post_type=product&amp;p=2686&amp;preview=true\">Sanaky<\/a><\/td>\n<\/tr>\n<tr>\n<td>B\u1ea3o h\u00e0nh<\/td>\n<td>24 th\u00e1ng<\/td>\n<\/tr>\n<tr>\n<td>K\u00edch th\u01b0\u1edbc (DxRxC)mm<\/td>\n<td>1685 x 761 x 900 mm<\/td>\n<\/tr>\n<tr>\n<td>Tr\u1ecdng l\u01b0\u1ee3ng<\/td>\n<td>70 kg<\/td>\n<\/tr>\n<tr>\n<td>Dung t\u00edch t\u1ed5ng th\u1ec3 \/ Dung t\u00edch s\u1eed d\u1ee5ng<\/td>\n<td>660 l\u00edt \/ 485 l\u00edt<\/td>\n<\/tr>\n<tr>\n<td>C\u00f4ng su\u1ea5t<\/td>\n<td>146.3 W<\/td>\n<\/tr>\n<tr>\n<td>Lo\u1ea1i t\u1ee7<\/td>\n<td><a href=\"https:\/\/dienmaynguyenkhang.vn\/?post_type=product&amp;p=2686&amp;preview=true\">T\u1ee7 \u0111\u00f4ng c\u00e1nh k\u00ednh c\u01b0\u1eddng l\u1ef1c<\/a><\/td>\n<\/tr>\n<tr>\n<td>S\u1ed1 c\u1eeda<\/td>\n<td>2 c\u1eeda<\/td>\n<\/tr>\n<tr>\n<td>S\u1ed1 ng\u0103n<\/td>\n<td>2 ng\u0103n(1 \u0111\u00f4ng + 1 m\u00e1t)<\/td>\n<\/tr>\n<tr>\n<td>D\u00e0n l\u1ea1nh<\/td>\n<td><strong>\u1ed0ng \u0111\u1ed3ng<\/strong><\/td>\n<\/tr>\n<tr>\n<td>Nhi\u1ec7t \u0111\u1ed9 ng\u0103n \u0111\u00f4ng<\/td>\n<td>\u2264-18\u2103<\/td>\n<\/tr>\n<tr>\n<td>Nhi\u1ec7t \u0111\u1ed9 ng\u0103n m\u00e1t<\/td>\n<td>0\u2103~10\u2103<\/td>\n<\/tr>\n<tr>\n<td>Gas s\u1eed d\u1ee5ng<\/td>\n<td>R600a<\/td>\n<\/tr>\n<tr>\n<td>L\u00e0m l\u1ea1nh nhanh<\/td>\n<td>C\u00f3<\/td>\n<\/tr>\n<tr>\n<td>Kho\u00e1 an to\u00e0n<\/td>\n<td>C\u00f3<\/td>\n<\/tr>\n<tr>\n<td>Ti\u1ebft ki\u1ec7m \u0111i\u1ec7n<\/td>\n<td><em>C\u00f4ng ngh\u1ec7 Inverter ti\u1ebft ki\u1ec7m \u0111i\u1ec7n<\/em><\/td>\n<\/tr>\n<\/tbody>\n<\/table>\n<\/div>\n<p><a class=\"open_additional_popup\" data-src=\"#additional_popup\" data-fancybox=\"\" data-options=\"{&quot;touch&quot; : false}\">Xem chi ti\u1ebft th\u00f4ng s\u1ed1 k\u1ef9 thu\u1eadt<\/a><\/p>\n<div>\n<div data-product_id=\"16126\" data-threshold_min=\"30\" data-threshold_max=\"100\" data-total=\"0\"><\/div>\n<\/div>\n<\/div>\n<div class=\"content_description\">\n<div class=\"woocommerce-tabs wc-tabs-wrapper container tabbed-content\">\n<ul class=\"snk-info-product-head tabs wc-tabs product-tabs small-nav-collapse nav nav-uppercase nav-line-grow nav-left\" role=\"tablist\">\n<li id=\"tab-title-description\" class=\"description_tab active\" role=\"tab\" aria-controls=\"tab-description\"><a href=\"https:\/\/sanakyvietnam.net\/tu-dong-sanaky-vh-6699w4k-660-lit\/?srsltid=AfmBOopbHriyOei_DrYKEeO3QnqSn_MKQCkcy7h912net5Jo8yzzZ9Cv#tab-description\"><i class=\"fa fa-caret-right\"><\/i>M\u00f4 t\u1ea3 s\u1ea3n ph\u1ea9m<\/a><\/li>\n<\/ul>\n<div class=\"tab-panels\">\n<div id=\"tab-description\" class=\"woocommerce-Tabs-panel woocommerce-Tabs-panel--description panel entry-content active\" role=\"tabpanel\" aria-labelledby=\"tab-title-description\">\n<p><strong>T\u1ee7 \u0111\u00f4ng Sanaky VH-6699W4K<\/strong>\u00a0l\u00e0 t\u1ee7 \u0111\u00f4ng 2 ng\u0103n 2 c\u00e1nh \u0111\u1eddi m\u1edbi c\u1ee7a\u00a0<a href=\"https:\/\/dienmaynguyenkhang.vn\/?post_type=product&amp;p=2686&amp;preview=true\">Sanaky<\/a>. S\u1ea3n ph\u1ea9m s\u1edf h\u1eefu 2 ng\u0103n \u0111\u00f4ng \u2013 m\u00e1t ri\u00eang bi\u1ec7t , c\u00f3 kh\u1ea3 n\u0103ng l\u00e0m l\u1ea1nh cao, ti\u1ebft ki\u1ec7m \u0111i\u1ec7n n\u0103ng t\u1ed1i \u0111a.<\/p>\n<figure id=\"attachment_19681\" class=\"wp-caption aligncenter\" style=\"width: 1308px;\" aria-describedby=\"caption-attachment-19681\"><figcaption id=\"caption-attachment-19681\" class=\"wp-caption-text\"><em>H\u00ecnh \u1ea3nh th\u1ef1c t\u1ebf t\u1ee7 \u0111\u00f4ng Sanaky VH-6699W4K 660 l\u00edt<\/em><\/figcaption><\/figure>\n<h2>C\u00e1c \u01b0u \u0111i\u1ec3m n\u1ed5i b\u1eadt c\u1ee7a t\u1ee7 \u0111\u00f4ng Sanaky VH-6699W4K<\/h2>\n<p>VH-6699W4K thu\u1ed9c d\u00f2ng s\u1ea3n ph\u1ea9m \u201cDi\u1ec7n m\u1ea1o m\u1edbi \u2013 \u0110\u1eb3ng c\u1ea5p m\u1edbi\u201d v\u1eeba m\u1edbi \u0111\u01b0\u1ee3c ra m\u1eaft th\u00e1ng 11 n\u0103m 2022 c\u1ee7a Sanaky. S\u1ea3n ph\u1ea9m s\u1edf h\u1eefu r\u1ea5t nhi\u1ec1u \u01b0u \u0111i\u1ec3m n\u1ed5i b\u1eadt.<\/p>\n<figure id=\"attachment_16678\" class=\"wp-caption aligncenter\" aria-describedby=\"caption-attachment-16678\"><img loading=\"lazy\" decoding=\"async\" class=\"wp-image-16678 size-full lazy-load-active\" src=\"https:\/\/sanakyvietnam.net\/wp-content\/uploads\/2022\/10\/hinh-anh-tu-dong-sanaky-vh-6699-w4k.png\" sizes=\"auto, (max-width: 900px) 100vw, 900px\" srcset=\"https:\/\/sanakyvietnam.net\/wp-content\/uploads\/2022\/10\/hinh-anh-tu-dong-sanaky-vh-6699-w4k.png 900w, https:\/\/sanakyvietnam.net\/wp-content\/uploads\/2022\/10\/hinh-anh-tu-dong-sanaky-vh-6699-w4k-600x375.png 600w, https:\/\/sanakyvietnam.net\/wp-content\/uploads\/2022\/10\/hinh-anh-tu-dong-sanaky-vh-6699-w4k-768x480.png 768w, https:\/\/sanakyvietnam.net\/wp-content\/uploads\/2022\/10\/hinh-anh-tu-dong-sanaky-vh-6699-w4k-400x250.png 400w\" alt=\"T\u1ee7 \u0111\u00f4ng VH-6699W4K - Di\u1ec7n m\u1ea1o m\u1edbi, \u0111\u1eb3ng c\u1ea5p m\u1edbi\" width=\"900\" height=\"563\" data-src=\"https:\/\/sanakyvietnam.net\/wp-content\/uploads\/2022\/10\/hinh-anh-tu-dong-sanaky-vh-6699-w4k.png\" data-srcset=\"https:\/\/sanakyvietnam.net\/wp-content\/uploads\/2022\/10\/hinh-anh-tu-dong-sanaky-vh-6699-w4k.png 900w, https:\/\/sanakyvietnam.net\/wp-content\/uploads\/2022\/10\/hinh-anh-tu-dong-sanaky-vh-6699-w4k-600x375.png 600w, https:\/\/sanakyvietnam.net\/wp-content\/uploads\/2022\/10\/hinh-anh-tu-dong-sanaky-vh-6699-w4k-768x480.png 768w, https:\/\/sanakyvietnam.net\/wp-content\/uploads\/2022\/10\/hinh-anh-tu-dong-sanaky-vh-6699-w4k-400x250.png 400w\" \/><figcaption id=\"caption-attachment-16678\" class=\"wp-caption-text\">T\u1ee7 \u0111\u00f4ng VH-6699W4K \u2013 Di\u1ec7n m\u1ea1o m\u1edbi, \u0111\u1eb3ng c\u1ea5p m\u1edbi<\/figcaption><\/figure>\n<h3>C\u00e1nh k\u00ednh c\u01b0\u1eddng l\u1ef1c b\u1ec1n \u0111\u1eb9p, sang tr\u1ecdng c\u1ee7a t\u1ee7 \u0111\u00f4ng VH-6699W4K<\/h3>\n<p>L\u00e0\u00a0<a href=\"https:\/\/dienmaynguyenkhang.vn\/?post_type=product&amp;p=2686&amp;preview=true\">t\u1ee7 \u0111\u00f4ng c\u00e1nh k\u00ednh c\u01b0\u1eddng l\u1ef1c<\/a>, t\u1ee7 \u0111\u00f4ng VH-6699W4K:<\/p>\n<ul>\n<li>Thu h\u00fat m\u1ecdi \u00e1nh nh\u00ecn b\u1edfi v\u1ebb b\u00f3ng b\u1ea9y, sang tr\u1ecdng<\/li>\n<li>Ch\u1eafc ch\u1eafn, an to\u00e0n, \u0111\u1ed9 b\u1ec1n cao v\u00e0 r\u1ea5t d\u1ec5 v\u1ec7 sinh<\/li>\n<\/ul>\n<p>S\u1ea3n ph\u1ea9m \u0111\u1eb7c bi\u1ec7t th\u00edch h\u1ee3p v\u1edbi kh\u00ed h\u1eadu nhi\u1ec7t \u0111\u1edbi c\u1ee7a Vi\u1ec7t Nam. VH-6699W4K ph\u00f9 h\u1ee3p v\u00e0 n\u00e2ng t\u1ea7m m\u1ecdi kh\u00f4ng gian s\u1eed d\u1ee5ng. D\u00f9 l\u00e0 cho nhu c\u1ea7u t\u1ee7 \u0111\u00f4ng gia \u0111\u00ecnh, t\u1ee7 \u0111\u00f4ng t\u1ea1p h\u00f3a, t\u1ee7 \u0111\u00f4ng c\u1eeda h\u00e0ng th\u1ef1c ph\u1ea9m, t\u1ee7 \u0111\u00f4ng qu\u00e1n \u0103n, t\u1ee7 \u0111\u00f4ng nh\u00e0 h\u00e0ng hay b\u1ea5t c\u1ee9 nhu c\u1ea7u n\u00e0o kh\u00e1c.<\/p>\n<figure id=\"attachment_16679\" class=\"wp-caption aligncenter\" aria-describedby=\"caption-attachment-16679\"><img loading=\"lazy\" decoding=\"async\" class=\"wp-image-16679 size-full lazy-load-active\" src=\"https:\/\/sanakyvietnam.net\/wp-content\/uploads\/2022\/10\/tu-dong-sanaky-vh-6699-w4k-canh-kinh-cuong-luc.png\" sizes=\"auto, (max-width: 900px) 100vw, 900px\" srcset=\"https:\/\/sanakyvietnam.net\/wp-content\/uploads\/2022\/10\/tu-dong-sanaky-vh-6699-w4k-canh-kinh-cuong-luc.png 900w, https:\/\/sanakyvietnam.net\/wp-content\/uploads\/2022\/10\/tu-dong-sanaky-vh-6699-w4k-canh-kinh-cuong-luc-600x375.png 600w, https:\/\/sanakyvietnam.net\/wp-content\/uploads\/2022\/10\/tu-dong-sanaky-vh-6699-w4k-canh-kinh-cuong-luc-768x480.png 768w, https:\/\/sanakyvietnam.net\/wp-content\/uploads\/2022\/10\/tu-dong-sanaky-vh-6699-w4k-canh-kinh-cuong-luc-400x250.png 400w\" alt=\"T\u1ee7 \u0111\u00f4ng VH-6699W4K - Di\u1ec7n m\u1ea1o m\u1edbi, \u0111\u1eb3ng c\u1ea5p m\u1edbi\" width=\"900\" height=\"563\" data-src=\"https:\/\/sanakyvietnam.net\/wp-content\/uploads\/2022\/10\/tu-dong-sanaky-vh-6699-w4k-canh-kinh-cuong-luc.png\" data-srcset=\"https:\/\/sanakyvietnam.net\/wp-content\/uploads\/2022\/10\/tu-dong-sanaky-vh-6699-w4k-canh-kinh-cuong-luc.png 900w, https:\/\/sanakyvietnam.net\/wp-content\/uploads\/2022\/10\/tu-dong-sanaky-vh-6699-w4k-canh-kinh-cuong-luc-600x375.png 600w, https:\/\/sanakyvietnam.net\/wp-content\/uploads\/2022\/10\/tu-dong-sanaky-vh-6699-w4k-canh-kinh-cuong-luc-768x480.png 768w, https:\/\/sanakyvietnam.net\/wp-content\/uploads\/2022\/10\/tu-dong-sanaky-vh-6699-w4k-canh-kinh-cuong-luc-400x250.png 400w\" \/><figcaption id=\"caption-attachment-16679\" class=\"wp-caption-text\">T\u1ee7 \u0111\u00f4ng c\u00e1nh k\u00ednh c\u01b0\u1eddng l\u1ef1c VH-6699W4K<\/figcaption><\/figure>\n<h3>C\u00f4ng ngh\u1ec7 Inverter si\u00eau ti\u1ebft ki\u1ec7m \u0111i\u1ec7n tr\u00ean t\u1ee7 \u0111\u00f4ng Sanaky \u0111\u1eddi m\u1edbi<\/h3>\n<p><a href=\"https:\/\/dienmaynguyenkhang.vn\/?post_type=product&amp;p=2686&amp;preview=true\">T\u1ee7 \u0111\u00f4ng Inverter<\/a>\u00a0l\u00e0 xu h\u01b0\u1edbng ti\u00eau d\u00f9ng \u0111ang r\u1ea5t th\u1ecbnh h\u00e0nh t\u1ea1i Vi\u1ec7t Nam. C\u00f4ng ngh\u1ec7 Inverter tr\u00ean t\u1ee7 \u0111\u00f4ng r\u1ea5t \u0111\u01b0\u1ee3c y\u00eau th\u00edch do gi\u00fap ti\u1ebft ki\u1ec7m \u0111i\u1ec7n t\u1ed1i \u0111a. C\u00e1c t\u1ee7 \u0111\u00f4ng s\u1eed d\u1ee5ng c\u00f4ng ngh\u1ec7 n\u00e0y th\u01b0\u1eddng ti\u1ebft ki\u1ec7m h\u00f3a \u0111\u01a1n ti\u1ec1n \u0111i\u1ec7n h\u00e0ng th\u00e1ng t\u1edbi 50% so v\u1edbi d\u00f2ng t\u1ee7 \u0111\u00f4ng th\u00f4ng th\u01b0\u1eddng.<\/p>\n<p>Ngo\u00e0i ti\u1ebft ki\u1ec7m \u0111i\u1ec7n, c\u00f4ng ngh\u1ec7 inverter c\u00f2n gi\u00fap t\u1ee7 \u0111\u00f4ng:<\/p>\n<ul>\n<li>Ho\u1ea1t \u0111\u1ed9ng \u00eam \u00e1i, kh\u00f4ng g\u00e2y ti\u1ebfng \u1ed3n<\/li>\n<li>L\u00e0m l\u1ea1nh nhanh, \u1ed5n \u0111\u1ecbnh<\/li>\n<\/ul>\n<figure id=\"attachment_16680\" class=\"wp-caption aligncenter\" aria-describedby=\"caption-attachment-16680\"><img loading=\"lazy\" decoding=\"async\" class=\"wp-image-16680 size-full lazy-load-active\" src=\"https:\/\/sanakyvietnam.net\/wp-content\/uploads\/2022\/10\/tu-dong-sanaky-vh-6699-w4k-inverter.png\" sizes=\"auto, (max-width: 900px) 100vw, 900px\" srcset=\"https:\/\/sanakyvietnam.net\/wp-content\/uploads\/2022\/10\/tu-dong-sanaky-vh-6699-w4k-inverter.png 900w, https:\/\/sanakyvietnam.net\/wp-content\/uploads\/2022\/10\/tu-dong-sanaky-vh-6699-w4k-inverter-600x375.png 600w, https:\/\/sanakyvietnam.net\/wp-content\/uploads\/2022\/10\/tu-dong-sanaky-vh-6699-w4k-inverter-768x480.png 768w, https:\/\/sanakyvietnam.net\/wp-content\/uploads\/2022\/10\/tu-dong-sanaky-vh-6699-w4k-inverter-400x250.png 400w\" alt=\"C\u00f4ng ngh\u1ec7 Inverter si\u00eau ti\u1ebft ki\u1ec7m \u0111i\u1ec7n n\u0103ng tr\u00ean t\u1ee7 \u0111\u00f4ng Sanaky th\u1ebf h\u1ec7 m\u1edbi\" width=\"900\" height=\"563\" data-src=\"https:\/\/sanakyvietnam.net\/wp-content\/uploads\/2022\/10\/tu-dong-sanaky-vh-6699-w4k-inverter.png\" data-srcset=\"https:\/\/sanakyvietnam.net\/wp-content\/uploads\/2022\/10\/tu-dong-sanaky-vh-6699-w4k-inverter.png 900w, https:\/\/sanakyvietnam.net\/wp-content\/uploads\/2022\/10\/tu-dong-sanaky-vh-6699-w4k-inverter-600x375.png 600w, https:\/\/sanakyvietnam.net\/wp-content\/uploads\/2022\/10\/tu-dong-sanaky-vh-6699-w4k-inverter-768x480.png 768w, https:\/\/sanakyvietnam.net\/wp-content\/uploads\/2022\/10\/tu-dong-sanaky-vh-6699-w4k-inverter-400x250.png 400w\" \/><figcaption id=\"caption-attachment-16680\" class=\"wp-caption-text\">C\u00f4ng ngh\u1ec7 Inverter si\u00eau ti\u1ebft ki\u1ec7m \u0111i\u1ec7n n\u0103ng tr\u00ean t\u1ee7 \u0111\u00f4ng Sanaky th\u1ebf h\u1ec7 m\u1edbi<\/figcaption><\/figure>\n<h3>C\u00f4ng ngh\u1ec7 l\u00e0m l\u1ea1nh ti\u00ean ti\u1ebfn tr\u00ean t\u1ee7 \u0111\u00f4ng VH-6699W4K<\/h3>\n<p><a href=\"https:\/\/dienmaynguyenkhang.vn\/?post_type=product&amp;p=2686&amp;preview=true\">T\u1ee7 \u0111\u00f4ng Inverter Sanaky VH-6699W4K<\/a>\u00a0l\u00e0m l\u1ea1nh nhanh, s\u00e2u, \u1ed5n \u0111\u1ecbnh nh\u1edd s\u1edf h\u1eefu:<\/p>\n<ul>\n<li>D\u00e0n l\u1ea1nh b\u1eb1ng \u0111\u1ed3ng 100% nguy\u00ean ch\u1ea5t<\/li>\n<li>C\u00f4ng ngh\u1ec7 l\u00e0m l\u1ea1nh 360 \u0111\u1ed9 ti\u00ean ti\u1ebfn<\/li>\n<li>Gas R600a l\u00e0m l\u1ea1nh c\u1ef1c nhanh<\/li>\n<\/ul>\n<p>VH-6699W4K c\u00f3 th\u1ec3 l\u00e0m l\u1ea1nh s\u00e2u d\u01b0\u1edbi -18 \u0111\u1ed9 C. Kh\u1ea3 n\u0103ng l\u00e0m l\u1ea1nh \u0111\u1ed3ng \u0111\u1ec1u, nhanh v\u00e0 \u1ed5n \u0111\u1ecbnh gi\u00fap:<\/p>\n<ul>\n<li>B\u1ea3o qu\u1ea3n th\u1ef1c ph\u1ea9m trong \u0111i\u1ec1u ki\u1ec7n t\u1ed1t nh\u1ea5t<\/li>\n<li>Gia t\u0103ng \u0111\u1ed9 b\u1ec1n cho t\u1ee7 \u0111\u00f4ng<\/li>\n<\/ul>\n<p>Gas R600a c\u0169ng r\u1ea5t th\u00e2n thi\u1ec7n v\u1edbi m\u00f4i tr\u01b0\u1eddng v\u00e0 an to\u00e0n cho ng\u01b0\u1eddi s\u1eed d\u1ee5ng.<\/p>\n<div class=\"mceTemp\"><\/div>\n<figure id=\"attachment_16681\" class=\"wp-caption aligncenter\" aria-describedby=\"caption-attachment-16681\"><img loading=\"lazy\" decoding=\"async\" class=\"wp-image-16681 size-full lazy-load-active\" src=\"https:\/\/sanakyvietnam.net\/wp-content\/uploads\/2022\/10\/tu-dong-sanaky-vh-6699-w4k-dan-lanh-dong.png\" sizes=\"auto, (max-width: 900px) 100vw, 900px\" srcset=\"https:\/\/sanakyvietnam.net\/wp-content\/uploads\/2022\/10\/tu-dong-sanaky-vh-6699-w4k-dan-lanh-dong.png 900w, https:\/\/sanakyvietnam.net\/wp-content\/uploads\/2022\/10\/tu-dong-sanaky-vh-6699-w4k-dan-lanh-dong-600x375.png 600w, https:\/\/sanakyvietnam.net\/wp-content\/uploads\/2022\/10\/tu-dong-sanaky-vh-6699-w4k-dan-lanh-dong-768x480.png 768w, https:\/\/sanakyvietnam.net\/wp-content\/uploads\/2022\/10\/tu-dong-sanaky-vh-6699-w4k-dan-lanh-dong-400x250.png 400w\" alt=\"D\u00e0n l\u1ea1nh \u0111\u1ed3ng, c\u00f4ng ngh\u1ec7 l\u00e0m l\u1ea1nh nhanh, Gas R600a ti\u00ean ti\u1ebfn\" width=\"900\" height=\"563\" data-src=\"https:\/\/sanakyvietnam.net\/wp-content\/uploads\/2022\/10\/tu-dong-sanaky-vh-6699-w4k-dan-lanh-dong.png\" data-srcset=\"https:\/\/sanakyvietnam.net\/wp-content\/uploads\/2022\/10\/tu-dong-sanaky-vh-6699-w4k-dan-lanh-dong.png 900w, https:\/\/sanakyvietnam.net\/wp-content\/uploads\/2022\/10\/tu-dong-sanaky-vh-6699-w4k-dan-lanh-dong-600x375.png 600w, https:\/\/sanakyvietnam.net\/wp-content\/uploads\/2022\/10\/tu-dong-sanaky-vh-6699-w4k-dan-lanh-dong-768x480.png 768w, https:\/\/sanakyvietnam.net\/wp-content\/uploads\/2022\/10\/tu-dong-sanaky-vh-6699-w4k-dan-lanh-dong-400x250.png 400w\" \/><figcaption id=\"caption-attachment-16681\" class=\"wp-caption-text\">D\u00e0n l\u1ea1nh \u0111\u1ed3ng, c\u00f4ng ngh\u1ec7 l\u00e0m l\u1ea1nh nhanh, Gas R600a ti\u00ean ti\u1ebfn tr\u00ean VH-6699W4K<\/figcaption><\/figure>\n<h3>T\u1ee7 \u0111\u00f4ng Sanaky VH-6699W4K s\u1edf h\u1eefu thi\u1ebft k\u1ebf 2 ng\u0103n \u0111\u00f4ng \u2013 m\u00e1t ri\u00eang bi\u1ec7t ti\u1ec7n l\u1ee3i<\/h3>\n<p>VH-6699W4K s\u1edf h\u1eefu \u0111\u1ed3ng th\u1eddi:<\/p>\n<ul>\n<li>1 ng\u0103n \u0111\u00f4ng dung t\u00edch 335 l\u00edt: Ph\u00f9 h\u1ee3p b\u1ea3o qu\u1ea3n th\u1ecbt c\u00e1, h\u1ea3i s\u1ea3n trong th\u1eddi gian d\u00e0i<\/li>\n<li>1 ng\u0103n m\u00e1t dung t\u00edch 150 l\u00edt: Ph\u00f9 h\u1ee3p b\u1ea3o qu\u1ea3n rau c\u1ee7, tr\u1ee9ng, s\u1eefa\u2026<\/li>\n<\/ul>\n<p>S\u1ea3n ph\u1ea9m v\u00ec th\u1ebf m\u00e0 \u0111\u01b0\u1ee3c c\u00e1c gia \u0111\u00ecnh, qu\u00e1n \u0103n, nh\u00e0 h\u00e0ng r\u1ea5t \u01b0a chu\u1ed9ng.<\/p>\n<figure id=\"attachment_16682\" class=\"wp-caption aligncenter\" aria-describedby=\"caption-attachment-16682\"><img loading=\"lazy\" decoding=\"async\" class=\"wp-image-16682 size-full lazy-load-active\" src=\"https:\/\/sanakyvietnam.net\/wp-content\/uploads\/2022\/10\/tu-dong-sanaky-vh-6699-w4k-2-ngan-dong-mat.png\" sizes=\"auto, (max-width: 900px) 100vw, 900px\" srcset=\"https:\/\/sanakyvietnam.net\/wp-content\/uploads\/2022\/10\/tu-dong-sanaky-vh-6699-w4k-2-ngan-dong-mat.png 900w, https:\/\/sanakyvietnam.net\/wp-content\/uploads\/2022\/10\/tu-dong-sanaky-vh-6699-w4k-2-ngan-dong-mat-600x375.png 600w, https:\/\/sanakyvietnam.net\/wp-content\/uploads\/2022\/10\/tu-dong-sanaky-vh-6699-w4k-2-ngan-dong-mat-768x480.png 768w, https:\/\/sanakyvietnam.net\/wp-content\/uploads\/2022\/10\/tu-dong-sanaky-vh-6699-w4k-2-ngan-dong-mat-400x250.png 400w\" alt=\"T\u1ee7 \u0111\u00f4ng VH-6699W4K s\u1edf h\u1eefu 2 ng\u0103n \u0111\u00f4ng v\u00e0 m\u00e1t ri\u00eang bi\u1ec7t\" width=\"900\" height=\"563\" data-src=\"https:\/\/sanakyvietnam.net\/wp-content\/uploads\/2022\/10\/tu-dong-sanaky-vh-6699-w4k-2-ngan-dong-mat.png\" data-srcset=\"https:\/\/sanakyvietnam.net\/wp-content\/uploads\/2022\/10\/tu-dong-sanaky-vh-6699-w4k-2-ngan-dong-mat.png 900w, https:\/\/sanakyvietnam.net\/wp-content\/uploads\/2022\/10\/tu-dong-sanaky-vh-6699-w4k-2-ngan-dong-mat-600x375.png 600w, https:\/\/sanakyvietnam.net\/wp-content\/uploads\/2022\/10\/tu-dong-sanaky-vh-6699-w4k-2-ngan-dong-mat-768x480.png 768w, https:\/\/sanakyvietnam.net\/wp-content\/uploads\/2022\/10\/tu-dong-sanaky-vh-6699-w4k-2-ngan-dong-mat-400x250.png 400w\" \/><figcaption id=\"caption-attachment-16682\" class=\"wp-caption-text\">T\u1ee7 \u0111\u00f4ng VH-6699W4K s\u1edf h\u1eefu 2 ng\u0103n \u0111\u00f4ng v\u00e0 m\u00e1t ri\u00eang bi\u1ec7t<\/figcaption><\/figure>\n<h3>Thi\u1ebft k\u1ebf sang tr\u1ecdng, \u0111\u1eb3ng c\u1ea5p c\u1ee7a t\u1ee7 \u0111\u00f4ng Sanaky VH-6699W4K<\/h3>\n<p>Ngo\u00e0i c\u00e1nh k\u00ednh c\u01b0\u1eddng l\u1ef1c, thi\u1ebft k\u1ebf c\u1ee7a t\u1ee7 \u0111\u00f4ng VH-6699W4K c\u00f2n \u0111\u01b0\u1ee3c \u0111\u1ea7u t\u01b0 \u1edf m\u1ee9c cao nh\u1ea5t v\u1edbi:<\/p>\n<ul>\n<li>Th\u00e2n t\u1ee7 \u0111\u01b0\u1ee3c l\u00e0m b\u1eb1ng ch\u1ea5t li\u1ec7u ABS cao c\u1ea5p: \u0110\u00e2y l\u00e0 lo\u1ea1i nh\u1ef1a d\u1ebbo dai, ch\u1ecbu va \u0111\u1eadp t\u1ed1t, \u0111\u1ed9 b\u1ec1n cao v\u00e0 an to\u00e0n cho ng\u01b0\u1eddi d\u00f9ng<\/li>\n<li>L\u00f2ng t\u1ee7 c\u00f4i ph\u1eb3ng: Gi\u00fap t\u0103ng c\u01b0\u1eddng kh\u00f4ng gian l\u01b0u tr\u1eef v\u00e0 d\u1ec5 d\u00e0ng s\u1eafp x\u1ebfp th\u1ef1c ph\u1ea9m c\u0169ng nh\u01b0 v\u1ec7 sinh t\u1ee7<\/li>\n<li>Van tho\u00e1t n\u01b0\u1edbc: Gi\u00fap x\u1ea3 \u0111\u00f4ng v\u00e0 v\u1ec7 sinh t\u1ee7 ti\u1ec7n l\u1ee3i<\/li>\n<li>Ch\u00e2n b\u00e1nh xe ch\u1ecbu l\u1ef1c v\u1edbi kh\u00f3a b\u00e1nh tr\u01b0\u1edbc: Gi\u00fap c\u1ed1 \u0111\u1ecbnh v\u1ecb tr\u00ed ho\u1eb7c d\u1ec5 d\u00e0ng di chuy\u1ec3n t\u1ee7<\/li>\n<li>Kh\u00f3a an to\u00e0n: Kh\u00f3a an to\u00e0n l\u00e0 l\u1ef1a ch\u1ecdn t\u1ed1i \u01b0u cho nh\u1eefng tr\u01b0\u1eddng h\u1ee3p: \u0111\u1ea3m b\u1ea3o an to\u00e0n tr\u1ebb em, ki\u1ec3m so\u00e1t \u0111\u00f3ng.m\u1edf t\u1ee7, ph\u00f2ng ch\u1ed1ng tr\u1ed9m c\u1eafp th\u1ef1c ph\u1ea9m\u2026<\/li>\n<\/ul>\n<h2>H\u00ecnh \u1ea3nh th\u1ef1c t\u1ebf t\u1ee7 \u0111\u00f4ng Sanaky VH-6699W4K 660 l\u00edt<\/h2>\n<p>&nbsp;<\/p>\n<p>&nbsp;<\/p>\n<p>&nbsp;<\/p>\n<p>&nbsp;<\/p>\n<p>&nbsp;<\/p>\n<\/div>\n<\/div>\n<\/div>\n<\/div>\n","protected":false},"excerpt":{"rendered":"<p><a href=\"https:\/\/dienmaynguyenkhang.vn\/wp-content\/uploads\/2025\/02\/5w41.png\"><img loading=\"lazy\" decoding=\"async\" class=\"alignnone size-medium wp-image-2676\" src=\"https:\/\/dienmaynguyenkhang.vn\/wp-content\/uploads\/2025\/02\/5w41-300x252.png\" alt=\"\" width=\"300\" height=\"252\" srcset=\"https:\/\/dienmaynguyenkhang.vn\/wp-content\/uploads\/2025\/02\/5w41-300x252.png 300w, https:\/\/dienmaynguyenkhang.vn\/wp-content\/uploads\/2025\/02\/5w41-510x429.png 510w, https:\/\/dienmaynguyenkhang.vn\/wp-content\/uploads\/2025\/02\/5w41.png 693w\" sizes=\"auto, (max-width: 300px) 100vw, 300px\" \/><\/a><a href=\"https:\/\/dienmaynguyenkhang.vn\/wp-content\/uploads\/2025\/02\/66w4k.png\"><img loading=\"lazy\" decoding=\"async\" class=\"alignnone size-medium wp-image-2687\" src=\"https:\/\/dienmaynguyenkhang.vn\/wp-content\/uploads\/2025\/02\/66w4k-300x206.png\" alt=\"\" width=\"300\" height=\"206\" srcset=\"https:\/\/dienmaynguyenkhang.vn\/wp-content\/uploads\/2025\/02\/66w4k-300x206.png 300w, https:\/\/dienmaynguyenkhang.vn\/wp-content\/uploads\/2025\/02\/66w4k-510x351.png 510w, https:\/\/dienmaynguyenkhang.vn\/wp-content\/uploads\/2025\/02\/66w4k.png 707w\" sizes=\"auto, (max-width: 300px) 100vw, 300px\" \/><\/a> <a href=\"https:\/\/dienmaynguyenkhang.vn\/wp-content\/uploads\/2025\/02\/66w4k1.png\"><img loading=\"lazy\" decoding=\"async\" class=\"alignnone size-medium wp-image-2688\" src=\"https:\/\/dienmaynguyenkhang.vn\/wp-content\/uploads\/2025\/02\/66w4k1-300x300.png\" alt=\"\" width=\"300\" height=\"300\" srcset=\"https:\/\/dienmaynguyenkhang.vn\/wp-content\/uploads\/2025\/02\/66w4k1-300x300.png 300w, https:\/\/dienmaynguyenkhang.vn\/wp-content\/uploads\/2025\/02\/66w4k1-150x150.png 150w, https:\/\/dienmaynguyenkhang.vn\/wp-content\/uploads\/2025\/02\/66w4k1-510x508.png 510w, https:\/\/dienmaynguyenkhang.vn\/wp-content\/uploads\/2025\/02\/66w4k1-100x100.png 100w, https:\/\/dienmaynguyenkhang.vn\/wp-content\/uploads\/2025\/02\/66w4k1.png 686w\" sizes=\"auto, (max-width: 300px) 100vw, 300px\" \/><\/a><\/p>\n","protected":false},"featured_media":2688,"comment_status":"open","ping_status":"closed","template":"","meta":[],"class_list":{"0":"post-2686","1":"product","2":"type-product","3":"status-publish","4":"has-post-thumbnail","6":"product_cat-dong-mat","7":"product_cat-sanaky-tu-dong","8":"product_cat-tu-dong","10":"first","11":"instock","12":"sale","13":"shipping-taxable","14":"purchasable","15":"product-type-simple"},"_links":{"self":[{"href":"https:\/\/dienmaynguyenkhang.vn\/index.php?rest_route=\/wp\/v2\/product\/2686","targetHints":{"allow":["GET"]}}],"collection":[{"href":"https:\/\/dienmaynguyenkhang.vn\/index.php?rest_route=\/wp\/v2\/product"}],"about":[{"href":"https:\/\/dienmaynguyenkhang.vn\/index.php?rest_route=\/wp\/v2\/types\/product"}],"replies":[{"embeddable":true,"href":"https:\/\/dienmaynguyenkhang.vn\/index.php?rest_route=%2Fwp%2Fv2%2Fcomments&post=2686"}],"wp:featuredmedia":[{"embeddable":true,"href":"https:\/\/dienmaynguyenkhang.vn\/index.php?rest_route=\/wp\/v2\/media\/2688"}],"wp:attachment":[{"href":"https:\/\/dienmaynguyenkhang.vn\/index.php?rest_route=%2Fwp%2Fv2%2Fmedia&parent=2686"}],"curies":[{"name":"wp","href":"https:\/\/api.w.org\/{rel}","templated":true}]}}