{"id":2684,"date":"2025-02-06T16:13:07","date_gmt":"2025-02-06T09:13:07","guid":{"rendered":"https:\/\/dienmaynguyenkhang.vn\/?post_type=product&#038;p=2684"},"modified":"2026-03-09T11:45:23","modified_gmt":"2026-03-09T04:45:23","slug":"tu-dong-sanaky-vh-6699w2k","status":"publish","type":"product","link":"https:\/\/dienmaynguyenkhang.vn\/?product=tu-dong-sanaky-vh-6699w2k","title":{"rendered":"T\u1ee7 \u0111\u00f4ng Sanaky VH-6699W2K"},"content":{"rendered":"<div class=\"snk-info-product-head\">\n<h3>T\u00ednh n\u0103ng th\u00f4ng s\u1ed1 k\u1ef9 thu\u1eadt<\/h3>\n<\/div>\n<div class=\"large-8 col\">\n<div class=\"img-tskt\"><img loading=\"lazy\" decoding=\"async\" class=\"attachment-full size-full entered lazyloaded\" src=\"https:\/\/sanakyvietnam.net\/wp-content\/uploads\/2022\/10\/tu-dong-sanaky-vh-6699w2k-660-lit-2.jpg\" sizes=\"auto, (max-width: 900px) 100vw, 900px\" srcset=\"https:\/\/sanakyvietnam.net\/wp-content\/uploads\/2022\/10\/tu-dong-sanaky-vh-6699w2k-660-lit-2.jpg 900w, https:\/\/sanakyvietnam.net\/wp-content\/uploads\/2022\/10\/tu-dong-sanaky-vh-6699w2k-660-lit-2-600x600.jpg 600w, https:\/\/sanakyvietnam.net\/wp-content\/uploads\/2022\/10\/tu-dong-sanaky-vh-6699w2k-660-lit-2-100x100.jpg 100w, https:\/\/sanakyvietnam.net\/wp-content\/uploads\/2022\/10\/tu-dong-sanaky-vh-6699w2k-660-lit-2-768x768.jpg 768w, https:\/\/sanakyvietnam.net\/wp-content\/uploads\/2022\/10\/tu-dong-sanaky-vh-6699w2k-660-lit-2-300x300.jpg 300w, https:\/\/sanakyvietnam.net\/wp-content\/uploads\/2022\/10\/tu-dong-sanaky-vh-6699w2k-660-lit-2-400x400.jpg 400w, https:\/\/sanakyvietnam.net\/wp-content\/uploads\/2022\/10\/tu-dong-sanaky-vh-6699w2k-660-lit-2-50x50.jpg 50w\" alt=\"VH-6699W2K\" width=\"900\" height=\"900\" data-lazy-srcset=\"https:\/\/sanakyvietnam.net\/wp-content\/uploads\/2022\/10\/tu-dong-sanaky-vh-6699w2k-660-lit-2.jpg 900w, https:\/\/sanakyvietnam.net\/wp-content\/uploads\/2022\/10\/tu-dong-sanaky-vh-6699w2k-660-lit-2-600x600.jpg 600w, https:\/\/sanakyvietnam.net\/wp-content\/uploads\/2022\/10\/tu-dong-sanaky-vh-6699w2k-660-lit-2-100x100.jpg 100w, https:\/\/sanakyvietnam.net\/wp-content\/uploads\/2022\/10\/tu-dong-sanaky-vh-6699w2k-660-lit-2-768x768.jpg 768w, https:\/\/sanakyvietnam.net\/wp-content\/uploads\/2022\/10\/tu-dong-sanaky-vh-6699w2k-660-lit-2-300x300.jpg 300w, https:\/\/sanakyvietnam.net\/wp-content\/uploads\/2022\/10\/tu-dong-sanaky-vh-6699w2k-660-lit-2-400x400.jpg 400w, https:\/\/sanakyvietnam.net\/wp-content\/uploads\/2022\/10\/tu-dong-sanaky-vh-6699w2k-660-lit-2-50x50.jpg 50w\" data-lazy-sizes=\"(max-width: 900px) 100vw, 900px\" data-lazy-src=\"https:\/\/sanakyvietnam.net\/wp-content\/uploads\/2022\/10\/tu-dong-sanaky-vh-6699w2k-660-lit-2.jpg\" data-ll-status=\"loaded\" \/><\/div>\n<\/div>\n<div class=\"large-4 col\">\n<div class=\"product_additional_content\">\n<h2 class=\"title_tabs\">Th\u00f4ng s\u1ed1 k\u1ef9 thu\u1eadt<\/h2>\n<table>\n<tbody>\n<tr>\n<td>H\u00e3ng s\u1ea3n xu\u1ea5t<\/td>\n<td><a href=\"https:\/\/dienmaynguyenkhang.vn\/?post_type=product&amp;p=2684&amp;preview=true\">SANAKY<\/a><\/td>\n<\/tr>\n<tr>\n<td>Model<\/td>\n<td>VH-6699W2K<\/td>\n<\/tr>\n<tr>\n<td>Lo\u1ea1i t\u1ee7<\/td>\n<td><a href=\"https:\/\/dienmaynguyenkhang.vn\/?post_type=product&amp;p=2684&amp;preview=true\">T\u1ee7 \u0111\u00f4ng c\u00e1nh k\u00ednh c\u01b0\u1eddng l\u1ef1c<\/a><\/td>\n<\/tr>\n<tr>\n<td>B\u1ea3o h\u00e0nh<\/td>\n<td>24 th\u00e1ng<\/td>\n<\/tr>\n<tr>\n<td>Dung t\u00edch t\u1ed5ng th\u1ec3 \/ Dung t\u00edch s\u1eed d\u1ee5ng<\/td>\n<td>660 l\u00edt \/ 485 l\u00edt<\/td>\n<\/tr>\n<tr>\n<td>D\u00e0n l\u1ea1nh<\/td>\n<td>\u1ed0ng \u0111\u1ed3ng<\/td>\n<\/tr>\n<tr>\n<td>Ki\u1ec3u c\u1eeda<\/td>\n<td>2 c\u1eeda m\u1edf vali<\/td>\n<\/tr>\n<tr>\n<td>C\u00f4ng su\u1ea5t<\/td>\n<td>225W<\/td>\n<\/tr>\n<tr>\n<td>Nhi\u1ec7t \u0111\u1ed9 ng\u0103n \u0111\u00f4ng<\/td>\n<td>\u2264-18\u2103<\/td>\n<\/tr>\n<tr>\n<td>Nhi\u1ec7t \u0111\u1ed9 ng\u0103n m\u00e1t<\/td>\n<td>0\u2103~10\u2103<\/td>\n<\/tr>\n<tr>\n<td rowspan=\"2\">Ch\u1ee9c n\u0103ng<\/td>\n<td>&#8211; L\u00e0m l\u1ea1nh<\/td>\n<\/tr>\n<tr>\n<td>&#8211; \u0110\u00f4ng l\u1ea1nh<\/td>\n<\/tr>\n<tr>\n<td>\u0110i\u1ec7n \u00e1p<\/td>\n<td>220V\/50Hz<\/td>\n<\/tr>\n<tr>\n<td>K\u00edch th\u01b0\u1edbc t\u1ee7 (mm)<\/td>\n<td>1685 x 761 x 900 (mm)<\/td>\n<\/tr>\n<tr>\n<td>Tr\u1ecdng l\u01b0\u1ee3ng t\u1ecbnh<\/td>\n<td>70 (Kg)<\/td>\n<\/tr>\n<tr>\n<td>Xu\u1ea5t x\u1ee9<\/td>\n<td>Ch\u00ednh h\u00e3ng<\/td>\n<\/tr>\n<\/tbody>\n<\/table>\n<\/div>\n<p><a class=\"open_additional_popup\" data-src=\"#additional_popup\" data-fancybox=\"\" data-options=\"{&quot;touch&quot; : false}\">Xem chi ti\u1ebft th\u00f4ng s\u1ed1 k\u1ef9 thu\u1eadt<\/a><\/p>\n<div>\n<div data-product_id=\"16121\" data-threshold_min=\"30\" data-threshold_max=\"100\" data-total=\"0\"><\/div>\n<\/div>\n<\/div>\n<div class=\"content_description\">\n<div class=\"woocommerce-tabs wc-tabs-wrapper container tabbed-content\">\n<ul class=\"snk-info-product-head tabs wc-tabs product-tabs small-nav-collapse nav nav-uppercase nav-line-grow nav-left\" role=\"tablist\">\n<li id=\"tab-title-description\" class=\"description_tab active\" role=\"tab\" aria-controls=\"tab-description\"><a href=\"https:\/\/dienmaynguyenkhang.vn\/?post_type=product&amp;p=2684&amp;preview=true\"><i class=\"fa fa-caret-right\"><\/i>M\u00f4 t\u1ea3 s\u1ea3n ph\u1ea9m<\/a><\/li>\n<\/ul>\n<div class=\"tab-panels\">\n<div id=\"tab-description\" class=\"woocommerce-Tabs-panel woocommerce-Tabs-panel--description panel entry-content active\" role=\"tabpanel\" aria-labelledby=\"tab-title-description\">\n<p><strong>T\u1ee7 \u0111\u00f4ng Sanaky VH-6699W2K<\/strong>\u00a0thu\u1ed9c d\u00f2ng t\u1ee7 \u0111\u00f4ng \u0111\u1eddi m\u1edbi c\u1ee7a Sanaky. S\u1ea3n ph\u1ea9m v\u1edbi \u201cDi\u1ec7n m\u1ea1o m\u1edbi \u2013 \u0110\u1eb3ng c\u1ea5p m\u1edbi\u201d v\u1edbi r\u1ea5t nhi\u1ec1u \u01b0u \u0111i\u1ec3m n\u1ed5i b\u1eadt. C\u00f9ng\u00a0<a href=\"https:\/\/dienmaynguyenkhang.vn\/?post_type=product&amp;p=2684&amp;preview=true\">Sanaky Vi\u1ec7t Nam<\/a>\u00a0kh\u00e1m ph\u00e1 chi ti\u1ebft ngay b\u00e2y gi\u1edd!<\/p>\n<h2>\u0110\u1eb7c \u0111i\u1ec3m n\u1ed5i b\u1eadt c\u1ee7a t\u1ee7 \u0111\u00f4ng Sanaky VH-6699W2K<\/h2>\n<p>VH-6699W2K s\u1edf h\u1eefu r\u1ea5t nhi\u1ec1u \u01b0u \u0111i\u1ec3m n\u1ed5i b\u1eadt. Ti\u00eau bi\u1ec3u nh\u1ea5t ph\u1ea3i k\u1ec3 \u0111\u1ebfn nh\u1eefng \u0111i\u1ec3m sau:<\/p>\n<h3>K\u00ednh c\u01b0\u1eddng l\u1ef1c c\u1ee9ng c\u00e1p b\u1ec1n b\u1ec9 c\u1ee7a t\u1ee7 \u0111\u00f4ng VH-6699W2K<\/h3>\n<p>C\u00e1nh k\u00ednh c\u01b0\u1eddng l\u1ef1c \u0111\u01b0\u1ee3c \u0111\u00e1nh gi\u00e1 l\u00e0 thi\u1ebft k\u1ebf \u0111\u1ed9t ph\u00e1 tr\u00ean t\u1ee7 \u0111\u00f4ng. C\u00e1nh k\u00ednh c\u01b0\u1eddng l\u1ef1c gi\u00fap:<\/p>\n<ul>\n<li>B\u1ea3o v\u1ec7 t\u1ee7 tr\u01b0\u1edbc c\u00e1c t\u00e1c \u0111\u1ed9ng, t\u0103ng \u0111\u1ed9 b\u1ec1n cho t\u1ee7<\/li>\n<li>T\u0103ng t\u00ednh th\u1ea9m m\u1ef9, gi\u00fap t\u1ee7 \u0111\u00f4ng nh\u00ecn b\u00f3ng b\u1ea9y, sang tr\u1ecdng h\u01a1n r\u1ea5t nhi\u1ec1u<\/li>\n<li>T\u0103ng \u0111\u1ed9 an to\u00e0n, \u0111\u1eb7c bi\u1ec7t r\u1ea5t d\u1ec5 v\u1ec7 sinh<\/li>\n<\/ul>\n<p><img loading=\"lazy\" decoding=\"async\" class=\"aligncenter wp-image-20790 size-full lazy-load-active\" src=\"https:\/\/sanakyvietnam.net\/wp-content\/uploads\/2022\/10\/tu-dong-sanaky-vh-6699w2k-660-lit-4.jpg\" sizes=\"auto, (max-width: 1536px) 100vw, 1536px\" srcset=\"https:\/\/sanakyvietnam.net\/wp-content\/uploads\/2022\/10\/tu-dong-sanaky-vh-6699w2k-660-lit-4.jpg 1536w, https:\/\/sanakyvietnam.net\/wp-content\/uploads\/2022\/10\/tu-dong-sanaky-vh-6699w2k-660-lit-4-600x283.jpg 600w, https:\/\/sanakyvietnam.net\/wp-content\/uploads\/2022\/10\/tu-dong-sanaky-vh-6699w2k-660-lit-4-768x363.jpg 768w, https:\/\/sanakyvietnam.net\/wp-content\/uploads\/2022\/10\/tu-dong-sanaky-vh-6699w2k-660-lit-4-400x189.jpg 400w\" alt=\"VH-6699W2K\" width=\"1536\" height=\"725\" data-src=\"https:\/\/sanakyvietnam.net\/wp-content\/uploads\/2022\/10\/tu-dong-sanaky-vh-6699w2k-660-lit-4.jpg\" data-srcset=\"https:\/\/sanakyvietnam.net\/wp-content\/uploads\/2022\/10\/tu-dong-sanaky-vh-6699w2k-660-lit-4.jpg 1536w, https:\/\/sanakyvietnam.net\/wp-content\/uploads\/2022\/10\/tu-dong-sanaky-vh-6699w2k-660-lit-4-600x283.jpg 600w, https:\/\/sanakyvietnam.net\/wp-content\/uploads\/2022\/10\/tu-dong-sanaky-vh-6699w2k-660-lit-4-768x363.jpg 768w, https:\/\/sanakyvietnam.net\/wp-content\/uploads\/2022\/10\/tu-dong-sanaky-vh-6699w2k-660-lit-4-400x189.jpg 400w\" \/><\/p>\n<h3>T\u1ee7 \u0111\u00f4ng Sanaky VH-6699W2K s\u1edf h\u1eefu ng\u0103n \u0111\u00f4ng \u2013 ng\u0103n m\u00e1t ri\u00eang bi\u1ec7t<\/h3>\n<p><a href=\"https:\/\/dienmaynguyenkhang.vn\/?post_type=product&amp;p=2684&amp;preview=true\">T\u1ee7 \u0111\u00f4ng Sanaky VH-6699W2K<\/a>\u00a0c\u00f3\u00a0dung t\u00edch ng\u0103n \u0111\u00f4ng l\u00e0 335 l\u00edt v\u00e0 ng\u0103n m\u00e1t l\u00e0 150 l\u00edt c\u00f3 th\u1ec3 b\u1ea3o qu\u1ea3n\u00a0c\u0169ng nh\u01b0 d\u1ec5 d\u00e0ng s\u1eafp x\u1ebfp v\u00e0 ph\u00e2n lo\u1ea1i th\u1ef1c ph\u1ea9m ch\u1ee9a trong t\u1ee7.<\/p>\n<ul>\n<li>Ng\u0103n b\u1ea3o qu\u1ea3n ng\u0103n \u0111\u00f4ng: c\u00f3 nhi\u1ec7t \u0111\u1ed9 l\u1ea1nh s\u00e2u &lt;= -18 \u0111\u1ed9 C, \u0111\u00f4ng l\u1ea1nh s\u00e2u v\u00e0 hi\u1ec7u qu\u1ea3, ph\u00f9 h\u1ee3p v\u1edbi nhu c\u1ea7u b\u1ea3o qu\u1ea3n m\u1ed9t s\u1ed1 th\u1ef1c ph\u1ea9m nh\u01b0 th\u1ecbt, c\u00e1, rau c\u1ee7, \u2026trong th\u1eddi gian d\u00e0i.<\/li>\n<li>Ng\u0103n b\u1ea3o qu\u1ea3n ng\u0103n m\u00e1t: c\u00f3 nhi\u1ec7t \u0111\u1ed9 dao \u0111\u1ed9ng t\u1eeb 0 \u0111\u1ed9 C \u2013 10 \u0111\u1ed9 C, ph\u00f9 h\u1ee3p v\u1edbi nhu c\u1ea7u b\u1ea3o qu\u1ea3n th\u1ef1c ph\u1ea9m ng\u1eafn ng\u00e0y.<\/li>\n<\/ul>\n<h3>VH-6699W2K s\u1edf h\u1eefu c\u00f4ng ngh\u1ec7 l\u00e0m l\u1ea1nh 360 \u0111\u1ed9 v\u00e0 d\u00e0n l\u1ea1nh \u0111\u1ed3ng nguy\u00ean ch\u1ea5t 100%<\/h3>\n<p><a href=\"https:\/\/dienmaynguyenkhang.vn\/?post_type=product&amp;p=2684&amp;preview=true\">T\u1ee7 \u0111\u00f4ng c\u00e1nh k\u00ednh c\u01b0\u1eddng l\u1ef1c<\/a>\u00a0VH-6699W2K l\u00e0m l\u1ea1nh nhanh, s\u00e2u, \u1ed5n \u0111\u1ecbnh nh\u1edd c\u00f3:<\/p>\n<ul>\n<li>D\u00e0n l\u1ea1nh \u0111\u1ed3ng nguy\u00ean ch\u1ea5t: D\u00e0n l\u1ea1nh \u0111\u1ed3ng gi\u00fap t\u1ee7 d\u00f4ng Sanaky l\u00e0m l\u1ea1nh s\u00e2u, nhanh h\u01a1n. D\u00e0n l\u1ea1nh \u0111\u1ed3ng c\u00f2n c\u00f3 \u0111\u1ed9 b\u1ec1n cao, v\u1eadn h\u00e0nh \u00eam \u00e1i trong qu\u00e1 tr\u00ecnh s\u1eed d\u1ee5ng.<\/li>\n<li>C\u00f4ng ngh\u1ec7 l\u00e0m l\u1ea1nh 360 \u0111\u1ed9 c\u00f9ng d\u00e0n l\u1ea1nh \u0111\u1ed3ng cho ra hi\u1ec7u qu\u1ea3 l\u00e0m l\u1ea1nh tuy\u1ec7t \u0111\u1ed1i.<\/li>\n<li>Ngo\u00e0i ra t\u1ee7 c\u00f2n s\u1eed d\u1ee5ng th\u1ebf h\u1ec7 gas m\u1edbi nh\u1ea5t R290.: Gas R290 gi\u00fap t\u1ee7 ho\u1ea1t \u0111\u1ed9ng \u1ed5n \u0111\u1ecbnh, l\u00e0m l\u1ea1nh r\u1ea5t nhanh.<\/li>\n<\/ul>\n<p>C\u00e1c y\u1ebfu t\u1ed1 n\u00e0y k\u1ebft h\u1ee3p v\u1edbi nhau cho ra m\u1ed9t chi\u1ebfc t\u1ee7 \u0111\u00f4ng ho\u00e0n h\u1ea3o nh\u1ea5t v\u1ec1 ph\u01b0\u01a1ng di\u1ec7n l\u00e0m l\u1ea1nh. \u0110\u00e2y c\u0169ng l\u00e0 \u01b0u \u0111i\u1ec3m n\u1ed5i b\u1eadt c\u1ee7a t\u1ee7 \u0111\u00f4ng Sanaky so v\u1edbi t\u1ee7 \u0111\u00f4ng th\u01b0\u01a1ng hi\u1ec7u kh\u00e1c tr\u00ean th\u1ecb tr\u01b0\u1eddng.<\/p>\n<figure id=\"attachment_16383\" class=\"wp-caption aligncenter\" aria-describedby=\"caption-attachment-16383\"><img loading=\"lazy\" decoding=\"async\" class=\"wp-image-16383 size-full lazy-load-active\" src=\"https:\/\/sanakyvietnam.net\/wp-content\/uploads\/2022\/10\/Undtitled-5.jpg\" sizes=\"auto, (max-width: 1536px) 100vw, 1536px\" srcset=\"https:\/\/sanakyvietnam.net\/wp-content\/uploads\/2022\/10\/Undtitled-5.jpg 1536w, https:\/\/sanakyvietnam.net\/wp-content\/uploads\/2022\/10\/Undtitled-5-600x375.jpg 600w, https:\/\/sanakyvietnam.net\/wp-content\/uploads\/2022\/10\/Undtitled-5-768x481.jpg 768w, https:\/\/sanakyvietnam.net\/wp-content\/uploads\/2022\/10\/Undtitled-5-400x250.jpg 400w\" alt=\"D\u00e0n l\u1ea1nh \u0111\u1ed3ng, c\u00f4ng ngh\u1ec7 l\u00e0m l\u1ea1nh nhanh tr\u00ean t\u1ee7 \u0111\u00f4ng VH-6699W2K\" width=\"1536\" height=\"961\" data-src=\"https:\/\/sanakyvietnam.net\/wp-content\/uploads\/2022\/10\/Undtitled-5.jpg\" data-srcset=\"https:\/\/sanakyvietnam.net\/wp-content\/uploads\/2022\/10\/Undtitled-5.jpg 1536w, https:\/\/sanakyvietnam.net\/wp-content\/uploads\/2022\/10\/Undtitled-5-600x375.jpg 600w, https:\/\/sanakyvietnam.net\/wp-content\/uploads\/2022\/10\/Undtitled-5-768x481.jpg 768w, https:\/\/sanakyvietnam.net\/wp-content\/uploads\/2022\/10\/Undtitled-5-400x250.jpg 400w\" \/><figcaption id=\"caption-attachment-16383\" class=\"wp-caption-text\">D\u00e0n l\u1ea1nh \u0111\u1ed3ng, c\u00f4ng ngh\u1ec7 l\u00e0m l\u1ea1nh nhanh tr\u00ean t\u1ee7 \u0111\u00f4ng VH-6699W2K<\/figcaption><\/figure>\n<h3>M\u1ed9t s\u1ed1 ti\u1ec7n \u00edch \u0111i k\u00e8m t\u1ee7 \u0111\u00f4ng\u00a0Sanaky VH-6699W2K<\/h3>\n<ul>\n<li>L\u00f2ng t\u1ee7: \u0110\u01b0\u1ee3c tr\u00e1ng ph\u1eb3ng thu\u1eadn ti\u1ec7n lau ch\u00f9i v\u1ec7 sinh c\u0169ng nh\u01b0 s\u1eafp x\u1ebfp th\u1ef1c ph\u1ea9m<\/li>\n<li>Th\u00e2n t\u1ee7: Th\u00e2n t\u1ee7 \u0111\u01b0\u1ee3c l\u00e0m t\u1eeb nh\u1ef1a ABS cao c\u1ea5p. \u0110\u00e2y l\u00e0 lo\u1ea1i ch\u1ea5t li\u1ec7u d\u1ebbo dai c\u00f3 kh\u1ea3 n\u0103ng ch\u1ecbu c\u00e1c va \u0111\u1eadp t\u1ed1t. V\u00ec th\u1ebf b\u1ea1n ho\u00e0n to\u00e0n c\u00f3 th\u1ec3 y\u00ean t\u00e2m v\u1ec1 \u0111\u1ed9 b\u1ec1n c\u1ee7a t\u1ee7 \u0111\u00f4ng Sanaky VH-6699W2K.<\/li>\n<li>Van tho\u00e1t n\u01b0\u1edbc: Gi\u00fap x\u1ea3 \u0111\u00f4ng v\u00e0 v\u1ec7 sinh t\u1ee7 ti\u1ec7n l\u1ee3i, d\u1ec5 d\u00e0ng<\/li>\n<li>Ch\u00e2n b\u00e1nh xe ch\u1ecbu l\u1ef1c v\u1edbi b\u00e1nh tr\u01b0\u1edbc c\u00f3 c\u01a1 c\u1ea5u kh\u00f3a b\u00e1nh: Gi\u00fap d\u1ec5 d\u00e0ng di chuy\u1ec3n, b\u1ed1 tr\u00ed s\u1eafp x\u1ebfp v\u1ecb tr\u00ed l\u1eafp \u0111\u1eb7t t\u1ee7.<\/li>\n<li>Kh\u00f3a an to\u00e0n: Kh\u00f3a an to\u00e0n s\u1ebd gi\u00fap ng\u01b0\u1eddi s\u1eed d\u1ee5ng ki\u1ec3m so\u00e1t t\u1ed1t h\u01a1n ho\u1ea1t \u0111\u1ed9ng \u0111\u00f3ng \u2013 m\u1edf t\u1ee7 \u0111\u00f4ng. T\u1eeb \u0111\u00f3 h\u1ea1n ch\u1ebf th\u1ea5t tho\u00e1t nhi\u1ec7t l\u1ea1nh g\u00e2y t\u1ed1n \u0111i\u1ec7n ho\u1eb7c m\u1ea5t \u0111\u1ed3, th\u1ef1c ph\u1ea9m b\u1ea3o qu\u1ea3n trong t\u1ee7.<\/li>\n<\/ul>\n<\/div>\n<\/div>\n<\/div>\n<\/div>\n","protected":false},"excerpt":{"rendered":"<p><a href=\"https:\/\/dienmaynguyenkhang.vn\/wp-content\/uploads\/2025\/02\/6w2k.png\"><img loading=\"lazy\" decoding=\"async\" class=\"alignnone size-medium wp-image-2685\" src=\"https:\/\/dienmaynguyenkhang.vn\/wp-content\/uploads\/2025\/02\/6w2k-300x213.png\" alt=\"\" width=\"300\" height=\"213\" srcset=\"https:\/\/dienmaynguyenkhang.vn\/wp-content\/uploads\/2025\/02\/6w2k-300x213.png 300w, https:\/\/dienmaynguyenkhang.vn\/wp-content\/uploads\/2025\/02\/6w2k-510x362.png 510w, https:\/\/dienmaynguyenkhang.vn\/wp-content\/uploads\/2025\/02\/6w2k.png 712w\" sizes=\"auto, (max-width: 300px) 100vw, 300px\" \/><\/a><\/p>\n","protected":false},"featured_media":2685,"comment_status":"open","ping_status":"closed","template":"","meta":[],"class_list":{"0":"post-2684","1":"product","2":"type-product","3":"status-publish","4":"has-post-thumbnail","6":"product_cat-dong-mat","7":"product_cat-sanaky-tu-dong","8":"product_cat-tu-dong","10":"first","11":"instock","12":"sale","13":"shipping-taxable","14":"purchasable","15":"product-type-simple"},"_links":{"self":[{"href":"https:\/\/dienmaynguyenkhang.vn\/index.php?rest_route=\/wp\/v2\/product\/2684","targetHints":{"allow":["GET"]}}],"collection":[{"href":"https:\/\/dienmaynguyenkhang.vn\/index.php?rest_route=\/wp\/v2\/product"}],"about":[{"href":"https:\/\/dienmaynguyenkhang.vn\/index.php?rest_route=\/wp\/v2\/types\/product"}],"replies":[{"embeddable":true,"href":"https:\/\/dienmaynguyenkhang.vn\/index.php?rest_route=%2Fwp%2Fv2%2Fcomments&post=2684"}],"wp:featuredmedia":[{"embeddable":true,"href":"https:\/\/dienmaynguyenkhang.vn\/index.php?rest_route=\/wp\/v2\/media\/2685"}],"wp:attachment":[{"href":"https:\/\/dienmaynguyenkhang.vn\/index.php?rest_route=%2Fwp%2Fv2%2Fmedia&parent=2684"}],"curies":[{"name":"wp","href":"https:\/\/api.w.org\/{rel}","templated":true}]}}