{"id":2679,"date":"2025-02-06T16:04:18","date_gmt":"2025-02-06T09:04:18","guid":{"rendered":"https:\/\/dienmaynguyenkhang.vn\/?post_type=product&#038;p=2679"},"modified":"2026-03-09T11:46:19","modified_gmt":"2026-03-09T04:46:19","slug":"tu-dong-sanaky-vh-6699hy4k-660-lit","status":"publish","type":"product","link":"https:\/\/dienmaynguyenkhang.vn\/?product=tu-dong-sanaky-vh-6699hy4k-660-lit","title":{"rendered":"T\u1ee7 \u0111\u00f4ng Sanaky VH-6699HY4K 660 l\u00edt"},"content":{"rendered":"<div class=\"snk-info-product-head\">\n<h3>T\u00ednh n\u0103ng th\u00f4ng s\u1ed1 k\u1ef9 thu\u1eadt<\/h3>\n<\/div>\n<div class=\"large-8 col\">\n<div class=\"img-tskt\"><img loading=\"lazy\" decoding=\"async\" class=\"attachment-full size-full entered lazyloaded\" src=\"https:\/\/sanakyvietnam.net\/wp-content\/uploads\/2022\/10\/tu-dong-sanaky-vh-6699hy4k.png\" sizes=\"auto, (max-width: 900px) 100vw, 900px\" srcset=\"https:\/\/sanakyvietnam.net\/wp-content\/uploads\/2022\/10\/tu-dong-sanaky-vh-6699hy4k.png 900w, https:\/\/sanakyvietnam.net\/wp-content\/uploads\/2022\/10\/tu-dong-sanaky-vh-6699hy4k-600x600.png 600w, https:\/\/sanakyvietnam.net\/wp-content\/uploads\/2022\/10\/tu-dong-sanaky-vh-6699hy4k-100x100.png 100w, https:\/\/sanakyvietnam.net\/wp-content\/uploads\/2022\/10\/tu-dong-sanaky-vh-6699hy4k-768x768.png 768w, https:\/\/sanakyvietnam.net\/wp-content\/uploads\/2022\/10\/tu-dong-sanaky-vh-6699hy4k-300x300.png 300w, https:\/\/sanakyvietnam.net\/wp-content\/uploads\/2022\/10\/tu-dong-sanaky-vh-6699hy4k-400x400.png 400w\" alt=\"T\u1ee7 \u0111\u00f4ng Sanaky VH-6699HY4K\" width=\"900\" height=\"900\" data-lazy-srcset=\"https:\/\/sanakyvietnam.net\/wp-content\/uploads\/2022\/10\/tu-dong-sanaky-vh-6699hy4k.png 900w, https:\/\/sanakyvietnam.net\/wp-content\/uploads\/2022\/10\/tu-dong-sanaky-vh-6699hy4k-600x600.png 600w, https:\/\/sanakyvietnam.net\/wp-content\/uploads\/2022\/10\/tu-dong-sanaky-vh-6699hy4k-100x100.png 100w, https:\/\/sanakyvietnam.net\/wp-content\/uploads\/2022\/10\/tu-dong-sanaky-vh-6699hy4k-768x768.png 768w, https:\/\/sanakyvietnam.net\/wp-content\/uploads\/2022\/10\/tu-dong-sanaky-vh-6699hy4k-300x300.png 300w, https:\/\/sanakyvietnam.net\/wp-content\/uploads\/2022\/10\/tu-dong-sanaky-vh-6699hy4k-400x400.png 400w\" data-lazy-sizes=\"(max-width: 900px) 100vw, 900px\" data-lazy-src=\"https:\/\/sanakyvietnam.net\/wp-content\/uploads\/2022\/10\/tu-dong-sanaky-vh-6699hy4k.png\" data-ll-status=\"loaded\" \/><\/div>\n<\/div>\n<div class=\"large-4 col\">\n<div class=\"product_additional_content\">\n<h2 class=\"title_tabs\">Th\u00f4ng s\u1ed1 k\u1ef9 thu\u1eadt<\/h2>\n<table>\n<tbody>\n<tr>\n<td>Th\u01b0\u01a1ng hi\u1ec7u<\/td>\n<td><a href=\"https:\/\/dienmaynguyenkhang.vn\/?product=tu-dong-sanaky-vh-6699hy4k-660-lit\">Sanaky<\/a><\/td>\n<\/tr>\n<tr>\n<td>Lo\u1ea1i t\u1ee7<\/td>\n<td><a href=\"https:\/\/dienmaynguyenkhang.vn\/?product=tu-dong-sanaky-vh-6699hy4k-660-lit\">T\u1ee7 \u0111\u00f4ng c\u00e1nh k\u00ednh c\u01b0\u1eddng l\u1ef1c<\/a><\/td>\n<\/tr>\n<tr>\n<td>Dung t\u00edch t\u1ed5ng th\u1ec3 \/ Dung t\u00edch s\u1eed d\u1ee5ng<\/td>\n<td>660 l\u00edt \/ 530 l\u00edt<\/td>\n<\/tr>\n<tr>\n<td>Tr\u1ecdng l\u01b0\u1ee3ng (Kg)<\/td>\n<td>76kg<\/td>\n<\/tr>\n<tr>\n<td>K\u00edch th\u01b0\u1edbc t\u1ee7 (D x R x C mm)<\/td>\n<td>1685 x 761 x 900 mm<\/td>\n<\/tr>\n<tr>\n<td>C\u00f4ng su\u1ea5t (W)<\/td>\n<td>160.6W<\/td>\n<\/tr>\n<tr>\n<td>\u0110i\u1ec7n \u00e1p (V)<\/td>\n<td>220v\/50Hz<\/td>\n<\/tr>\n<tr>\n<td>\u0110i\u1ec1u ch\u1ec9nh nhi\u1ec7t \u0111\u1ed9<\/td>\n<td>C\u00f3<\/td>\n<\/tr>\n<tr>\n<td>Nhi\u1ec7t \u0111\u1ed9 ng\u0103n \u0111\u00f4ng<\/td>\n<td>\u2264 -18\u2103<\/td>\n<\/tr>\n<tr>\n<td>Kh\u00f3a t\u1ee7<\/td>\n<td>C\u00f3<\/td>\n<\/tr>\n<tr>\n<td>C\u00f4ng ngh\u1ec7 Inverter ti\u1ebft ki\u1ec7n \u0111i\u1ec7n<\/td>\n<td>C\u00f3<\/td>\n<\/tr>\n<tr>\n<td>Gas<\/td>\n<td>R600a<\/td>\n<\/tr>\n<tr>\n<td>B\u1ea3o h\u00e0nh<\/td>\n<td>24 th\u00e1ng<\/td>\n<\/tr>\n<\/tbody>\n<\/table>\n<\/div>\n<p><a class=\"open_additional_popup\" data-src=\"#additional_popup\" data-fancybox=\"\" data-options=\"{&quot;touch&quot; : false}\">Xem chi ti\u1ebft th\u00f4ng s\u1ed1 k\u1ef9 thu\u1eadt<\/a><\/p>\n<div>\n<div data-product_id=\"16117\" data-threshold_min=\"30\" data-threshold_max=\"100\" data-total=\"0\"><\/div>\n<\/div>\n<\/div>\n<div class=\"content_description\">\n<div class=\"woocommerce-tabs wc-tabs-wrapper container tabbed-content\">\n<ul class=\"snk-info-product-head tabs wc-tabs product-tabs small-nav-collapse nav nav-uppercase nav-line-grow nav-left\" role=\"tablist\">\n<li id=\"tab-title-description\" class=\"description_tab active\" role=\"tab\" aria-controls=\"tab-description\"><a href=\"https:\/\/dienmaynguyenkhang.vn\/?product=tu-dong-sanaky-vh-6699hy4k-660-lit\"><i class=\"fa fa-caret-right\"><\/i>M\u00f4 t\u1ea3 s\u1ea3n ph\u1ea9m<\/a><\/li>\n<\/ul>\n<div class=\"tab-panels\">\n<div id=\"tab-description\" class=\"woocommerce-Tabs-panel woocommerce-Tabs-panel--description panel entry-content active\" role=\"tabpanel\" aria-labelledby=\"tab-title-description\">\n<p><strong>T\u1ee7 \u0111\u00f4ng Sanaky VH-6699HY4K<\/strong>\u00a0thu\u1ed9c d\u00f2ng t\u1ee7 \u0111\u00f4ng m\u1edbi. V\u1eabn mang \u0110\u1eb3ng c\u1ea5p t\u1ee7 \u0111\u00f4ng Sanaky, VH-6699HY4K h\u1ee9a h\u1eb9n s\u1ebd l\u00e0m h\u00e0i l\u00f2ng m\u1ecdi qu\u00fd kh\u00e1ch h\u00e0ng.<\/p>\n<figure id=\"attachment_16386\" class=\"wp-caption aligncenter\" aria-describedby=\"caption-attachment-16386\"><img loading=\"lazy\" decoding=\"async\" class=\"wp-image-16386 lazy-load-active\" src=\"https:\/\/sanakyvietnam.net\/wp-content\/uploads\/2022\/10\/hinh-anh-tu-dong-sanaky-vh-6699hy4k-600x375.webp\" sizes=\"auto, (max-width: 900px) 100vw, 900px\" srcset=\"https:\/\/sanakyvietnam.net\/wp-content\/uploads\/2022\/10\/hinh-anh-tu-dong-sanaky-vh-6699hy4k-600x375.webp 600w, https:\/\/sanakyvietnam.net\/wp-content\/uploads\/2022\/10\/hinh-anh-tu-dong-sanaky-vh-6699hy4k-768x481.webp 768w, https:\/\/sanakyvietnam.net\/wp-content\/uploads\/2022\/10\/hinh-anh-tu-dong-sanaky-vh-6699hy4k-400x250.webp 400w, https:\/\/sanakyvietnam.net\/wp-content\/uploads\/2022\/10\/hinh-anh-tu-dong-sanaky-vh-6699hy4k.webp 1536w\" alt=\"H\u00ecnh \u1ea3nh t\u1ee7 \u0111\u00f4ng Sanaky VH-6699HY4K\" width=\"900\" height=\"563\" data-src=\"https:\/\/sanakyvietnam.net\/wp-content\/uploads\/2022\/10\/hinh-anh-tu-dong-sanaky-vh-6699hy4k-600x375.webp\" data-srcset=\"https:\/\/sanakyvietnam.net\/wp-content\/uploads\/2022\/10\/hinh-anh-tu-dong-sanaky-vh-6699hy4k-600x375.webp 600w, https:\/\/sanakyvietnam.net\/wp-content\/uploads\/2022\/10\/hinh-anh-tu-dong-sanaky-vh-6699hy4k-768x481.webp 768w, https:\/\/sanakyvietnam.net\/wp-content\/uploads\/2022\/10\/hinh-anh-tu-dong-sanaky-vh-6699hy4k-400x250.webp 400w, https:\/\/sanakyvietnam.net\/wp-content\/uploads\/2022\/10\/hinh-anh-tu-dong-sanaky-vh-6699hy4k.webp 1536w\" \/><figcaption id=\"caption-attachment-16386\" class=\"wp-caption-text\">H\u00ecnh \u1ea3nh t\u1ee7 \u0111\u00f4ng Sanaky VH-6699HY4K<\/figcaption><\/figure>\n<h2>C\u00e1c t\u00ednh n\u0103ng n\u1ed5i b\u1eadt c\u1ee7a t\u1ee7 \u0111\u00f4ng VH-6699HY4K<\/h2>\n<p>VH-6699HY4K k\u1ebf th\u1eeba t\u1ea5t c\u1ea3 nh\u1eefng \u01b0u \u0111i\u1ec3m n\u1ed5i tr\u1ed9i c\u1ee7a t\u1ee7 \u0111\u00f4ng Sanaky. Ngo\u00e0i ra s\u1ea3n ph\u1ea9m n\u00e0y c\u00f2n \u0111\u01b0\u1ee3c n\u00e2ng c\u1ea5p th\u00eam r\u1ea5t nhi\u1ec1u nh\u1eefng t\u00ednh n\u0103ng n\u1ed5i b\u1eadt. Trong \u0111\u00f3 ti\u00eau bi\u1ec3u ph\u1ea3i k\u1ec3 \u0111\u1ebfn:<\/p>\n<h3>T\u1ee7 \u0111\u00f4ng c\u00e1nh k\u00ednh c\u01b0\u1eddng l\u1ef1c cao c\u1ea5p VH-6699HY4K<\/h3>\n<p><a href=\"https:\/\/dienmaynguyenkhang.vn\/?product=tu-dong-sanaky-vh-6699hy4k-660-lit\">T\u1ee7 \u0111\u00f4ng VH-6699HY4K<\/a>\u00a0\u0111\u01b0\u1ee3c c\u00e1nh k\u00ednh c\u01b0\u1eddng l\u1ef1c cao c\u1ea5p gi\u00fap:<\/p>\n<ul>\n<li>B\u1ec1n \u0111\u1eb9p theo th\u1eddi gian<\/li>\n<li>H\u1ea1n ch\u1ebf t\u1ed1i \u0111a t\u00e1c \u0111\u1ed9ng g\u00e2y \u1ea3nh h\u01b0\u1edfng \u0111\u1ebfn t\u1ee7 \u0111\u00f4ng<\/li>\n<li>T\u0103ng t\u00ednh th\u1ea9m m\u1ef9, sang tr\u1ecdng v\u00e0 thu h\u00fat cho t\u1ee7 \u0111\u00f4ng<\/li>\n<\/ul>\n<p>M\u1eb7t k\u00ednh c\u01b0\u1eddng l\u1ef1c gi\u00fap t\u1ee7 VH-6699HY4K n\u1ed5i b\u1eadt \u1edf b\u1ea5t k\u1ef3 kh\u00f4ng gian n\u00e0o. Ngay t\u1eeb c\u00e1i nh\u00ecn \u0111\u1ea7u ti\u00ean, t\u1ee7 \u0111\u00f4ng n\u00e0y \u0111\u00e3 mang t\u1edbi s\u1ef1 ch\u1eafc ch\u1eafn, \u0111\u1eb3ng c\u1ea5p, \u0111\u1ea7y tin t\u01b0\u1edfng.<\/p>\n<h3>Dung t\u00edch 660 l\u00edt ph\u00f9 h\u1ee3p \u0111a s\u1ed1 nhu c\u1ea7u s\u1eed d\u1ee5ng t\u1ee7 \u0111\u00f4ng<\/h3>\n<p>\u0110a ph\u1ea7n c\u00e1c nh\u00e0 h\u00e0ng, qu\u00e1n \u0103n, c\u1eeda h\u00e0ng th\u1ef1c ph\u1ea9m th\u01b0\u1eddng c\u00f3 nhu c\u1ea7u s\u1eed d\u1ee5ng t\u1ee7 \u0111\u00f4ng 660 l\u00edt. VH-6699HY4K s\u1edf h\u1eefu dung t\u00edch n\u00e0y c\u00f9ng v\u1edbi r\u1ea5t nhi\u1ec1u t\u00ednh n\u0103ng \u01b0u vi\u1ec7t n\u00ean \u0111\u01b0\u1ee3c r\u1ea5t nhi\u1ec1u kh\u00e1ch h\u00e0ng tin t\u01b0\u1edfng l\u1ef1a ch\u1ecdn.<\/p>\n<h3>Thi\u1ebft k\u1ebf \u0111\u1eb3ng c\u1ea5p c\u1ee7a t\u1ee7 \u0111\u00f4ng Sanaky VH-6699HY4K<\/h3>\n<p>Ngo\u00e0i c\u00e1nh k\u00ednh c\u01b0\u1eddng l\u1ef1c, VH-6699HY4K c\u00f2n s\u1edf h\u1eefu r\u1ea5t nhi\u1ec1u \u01b0u \u0111i\u1ec3m thi\u1ebft k\u1ebf nh\u01b0:<\/p>\n<ul>\n<li>D\u1ea1ng 1 ng\u0103n \u0111\u00f4ng 2 c\u00e1nh m\u1edf v\u1eeba ti\u1ec7n l\u1ee3i v\u1eeba ti\u1ebft ki\u1ec7m \u0111i\u1ec7n hi\u1ec7u qu\u1ea3<\/li>\n<li>Th\u00e2n t\u1ee7 l\u00e0m t\u1eeb nh\u1ef1a ABS cao c\u1ea5p, d\u1ebbo dai, ch\u1ecbu va \u0111\u1eadp t\u1ed1t<\/li>\n<li>L\u00f2ng t\u1ee7 \u0111\u01b0\u1ee3c c\u00f4i ph\u1eb3ng t\u0103ng kh\u00f4ng gian b\u1ea3o qu\u1ea3n, d\u1ec5 v\u1ec7 sinh lau ch\u00f9i<\/li>\n<li>V\u00e1ch ng\u0103n l\u01b0\u1edbi ti\u1ec7n l\u1ee3i ph\u00e2n chia, s\u1eafp x\u1ebfp th\u1ef1c ph\u1ea9m<\/li>\n<li>Kh\u00f3a an to\u00e0n gi\u00fap ki\u1ec3m so\u00e1t \u0111\u00f3ng\/m\u1edf t\u1ee7 t\u1ed1t<\/li>\n<li>Trang b\u1ecb b\u00e1nh xe ch\u1ecbu l\u1ef1c v\u1edbi b\u00e1nh tr\u01b0\u1edbc c\u00f3 c\u01a1 c\u1ea5u kh\u00f3a an to\u00e0n<\/li>\n<\/ul>\n<figure id=\"attachment_16387\" class=\"wp-caption aligncenter\" aria-describedby=\"caption-attachment-16387\"><img loading=\"lazy\" decoding=\"async\" class=\"wp-image-16387 lazy-load-active\" src=\"https:\/\/sanakyvietnam.net\/wp-content\/uploads\/2022\/10\/tu-dong-sanaky-vh-6699hy4k-tk-600x375.webp\" sizes=\"auto, (max-width: 900px) 100vw, 900px\" srcset=\"https:\/\/sanakyvietnam.net\/wp-content\/uploads\/2022\/10\/tu-dong-sanaky-vh-6699hy4k-tk-600x375.webp 600w, https:\/\/sanakyvietnam.net\/wp-content\/uploads\/2022\/10\/tu-dong-sanaky-vh-6699hy4k-tk-768x481.webp 768w, https:\/\/sanakyvietnam.net\/wp-content\/uploads\/2022\/10\/tu-dong-sanaky-vh-6699hy4k-tk-400x250.webp 400w, https:\/\/sanakyvietnam.net\/wp-content\/uploads\/2022\/10\/tu-dong-sanaky-vh-6699hy4k-tk.webp 1536w\" alt=\"Thi\u1ebft k\u1ebf cao c\u1ea5p t\u1ee7 \u0111\u00f4ng VH-6699HY4K\" width=\"900\" height=\"563\" data-src=\"https:\/\/sanakyvietnam.net\/wp-content\/uploads\/2022\/10\/tu-dong-sanaky-vh-6699hy4k-tk-600x375.webp\" data-srcset=\"https:\/\/sanakyvietnam.net\/wp-content\/uploads\/2022\/10\/tu-dong-sanaky-vh-6699hy4k-tk-600x375.webp 600w, https:\/\/sanakyvietnam.net\/wp-content\/uploads\/2022\/10\/tu-dong-sanaky-vh-6699hy4k-tk-768x481.webp 768w, https:\/\/sanakyvietnam.net\/wp-content\/uploads\/2022\/10\/tu-dong-sanaky-vh-6699hy4k-tk-400x250.webp 400w, https:\/\/sanakyvietnam.net\/wp-content\/uploads\/2022\/10\/tu-dong-sanaky-vh-6699hy4k-tk.webp 1536w\" \/><figcaption id=\"caption-attachment-16387\" class=\"wp-caption-text\">Thi\u1ebft k\u1ebf cao c\u1ea5p t\u1ee7 \u0111\u00f4ng VH-6699HY4K<\/figcaption><\/figure>\n<h3>C\u00f4ng ngh\u1ec7 Inverter si\u00eau ti\u1ebft ki\u1ec7m \u0111i\u1ec7n tr\u00ean t\u1ee7 \u0111\u00f4ng VH-6699HY4K<\/h3>\n<p>D\u00f2ng t\u1ee7 \u0111\u00f4ng Inverter hi\u1ec7n nay r\u1ea5t \u0111\u01b0\u1ee3c \u01b0a chu\u1ed9ng nh\u1edd kh\u1ea3 n\u0103ng l\u00e0m l\u1ea1nh nhanh, v\u1eadn h\u00e0nh \u00eam \u00e1i. \u0110\u1eb7c bi\u1ec7t l\u00e0 kh\u1ea3 n\u0103ng ti\u1ebft ki\u1ec7m \u0111i\u1ec7n t\u1edbi 50%. T\u1ee7 \u0111\u00f4ng Sanaky VH-6699HY4K ho\u1ea1t \u0111\u1ed9ng \u1ed5n \u0111\u1ecbnh, g\u1ea7n nh\u01b0 kh\u00f4ng g\u00e2y ra ti\u1ebfng \u1ed3n.<\/p>\n<h3>1 ng\u0103n \u0111\u00f4ng 3 ch\u1ebf \u0111\u1ed9 h\u1eefu d\u1ee5ng c\u1ee7a t\u1ee7 \u0111\u00f4ng Sanaky VH-6699HY4K<\/h3>\n<p>L\u00e0 t\u1ee7 \u0111\u00f4ng nh\u01b0ng VH-6699HY4K ghi \u0111i\u1ec3m b\u1edfi 3 ch\u1ebf \u0111\u1ed9 \u201c\u0110\u00f4ng c\u1ee9ng \u2013 \u0110\u00f4ng m\u1ec1m \u2013 M\u00e1t\u201d linh ho\u1ea1t. Ng\u01b0\u1eddi d\u00f9ng ch\u1ec9 c\u1ea7n v\u1eb7n n\u00fam \u0111i\u1ec1u khi\u1ec3n \u0111\u1ec3 ch\u1ecdn 1 trong 3 ch\u1ebf \u0111\u1ed9 ph\u00f9 h\u1ee3p nh\u1ea5t.<\/p>\n<h3>T\u1ee7 \u0111\u00f4ng VH-6699HY4K s\u1eed d\u1ee5ng gas R600a cao c\u1ea5p<\/h3>\n<p>Gas R600a l\u00e0 lo\u1ea1i gas \u0111\u1eddi m\u1edbi. Lo\u1ea1i gas n\u00e0y cho kh\u1ea3 n\u0103ng l\u00e0m l\u1ea1nh nhanh v\u00e0 ho\u00e0n to\u00e0n an to\u00e0n cho ng\u01b0\u1eddi d\u00f9ng.<\/p>\n<h3>D\u00e0n l\u1ea1nh b\u1eb1ng \u0111\u1ed3ng nguy\u00ean ch\u1ea5t c\u1ee7a t\u1ee7 \u0111\u00f4ng Sanaky VH-6699HY4K<\/h3>\n<p>H\u1ea7u h\u1ebft c\u00e1c d\u00f2ng\u00a0<a href=\"https:\/\/dienmaynguyenkhang.vn\/?product=tu-dong-sanaky-vh-6699hy4k-660-lit\">t\u1ee7 \u0111\u00f4ng Sanaky<\/a>\u00a0\u0111\u1eddi m\u1edbi \u0111\u1ec1u s\u1eed d\u1ee5ng d\u00e0n \u0111\u1ed3ng nguy\u00ean ch\u1ea5t. So v\u1edbi d\u00e0n l\u1ea1nh nh\u00f4m, d\u00e0n l\u1ea1nh \u0111\u1ed3ng:<\/p>\n<ul>\n<li>L\u00e0m l\u1ea1nh nhanh v\u00e0 s\u00e2u h\u01a1n<\/li>\n<li>Gi\u1eef nhi\u1ec7t l\u1ea1nh t\u1ed1t h\u01a1n<\/li>\n<li>Hi\u1ec7u su\u1ea5t l\u00e0m l\u1ea1nh m\u1ea1nh m\u1ebd h\u01a1n<\/li>\n<li>\u0110\u1ed9 b\u1ec1n cao h\u01a1n<\/li>\n<\/ul>\n<h3>C\u00f4ng ngh\u1ec7 l\u00e0m l\u1ea1nh 360 \u0111\u1ed9 ti\u00ean ti\u1ebfn c\u1ee7a t\u1ee7 \u0111\u00f4ng Sanaky<\/h3>\n<p>M\u00e1y n\u00e9n cao c\u1ea5p c\u00f9ng c\u00f4ng ngh\u1ec7 l\u00e0m l\u1ea1nh ti\u00ean ti\u1ebfn gi\u00fap t\u1ee7 l\u00e0m l\u1ea1nh nhanh v\u00e0 s\u00e2u. Nhi\u1ec7t \u0111\u1ed9 l\u1ea1nh \u0111\u1ea1t t\u1edbi -18\u00b0C. \u0110\u00f3ng \u0111\u00f4ng tri\u1ec7t \u0111\u1ec3. H\u01a1i l\u1ea1nh \u0111\u01b0\u1ee3c t\u1ecfa \u0111\u1ec1u trong t\u1ee7 gi\u00fap th\u1ef1c ph\u1ea9m \u0111\u01b0\u1ee3c b\u1ea3o qu\u1ea3n t\u1ed1t nh\u1ea5t.<\/p>\n<\/div>\n<\/div>\n<\/div>\n<\/div>\n","protected":false},"excerpt":{"rendered":"<p><a href=\"https:\/\/dienmaynguyenkhang.vn\/wp-content\/uploads\/2025\/02\/66hy4k.png\"><img loading=\"lazy\" decoding=\"async\" class=\"alignnone size-medium wp-image-2680\" src=\"https:\/\/dienmaynguyenkhang.vn\/wp-content\/uploads\/2025\/02\/66hy4k-300x227.png\" alt=\"\" width=\"300\" height=\"227\" srcset=\"https:\/\/dienmaynguyenkhang.vn\/wp-content\/uploads\/2025\/02\/66hy4k-300x227.png 300w, https:\/\/dienmaynguyenkhang.vn\/wp-content\/uploads\/2025\/02\/66hy4k-510x387.png 510w, https:\/\/dienmaynguyenkhang.vn\/wp-content\/uploads\/2025\/02\/66hy4k.png 723w\" sizes=\"auto, (max-width: 300px) 100vw, 300px\" \/><\/a> <a href=\"https:\/\/dienmaynguyenkhang.vn\/wp-content\/uploads\/2025\/02\/66hy4k1.png\"><img loading=\"lazy\" decoding=\"async\" class=\"alignnone size-medium wp-image-2681\" src=\"https:\/\/dienmaynguyenkhang.vn\/wp-content\/uploads\/2025\/02\/66hy4k1-295x300.png\" alt=\"\" width=\"295\" height=\"300\" srcset=\"https:\/\/dienmaynguyenkhang.vn\/wp-content\/uploads\/2025\/02\/66hy4k1-295x300.png 295w, https:\/\/dienmaynguyenkhang.vn\/wp-content\/uploads\/2025\/02\/66hy4k1-510x518.png 510w, https:\/\/dienmaynguyenkhang.vn\/wp-content\/uploads\/2025\/02\/66hy4k1.png 747w\" sizes=\"auto, (max-width: 295px) 100vw, 295px\" \/><\/a><\/p>\n","protected":false},"featured_media":2682,"comment_status":"open","ping_status":"closed","template":"","meta":[],"class_list":{"0":"post-2679","1":"product","2":"type-product","3":"status-publish","4":"has-post-thumbnail","6":"product_cat-dong-nguyen","7":"product_cat-sanaky-tu-dong","8":"product_cat-tu-dong","10":"first","11":"instock","12":"sale","13":"shipping-taxable","14":"purchasable","15":"product-type-simple"},"_links":{"self":[{"href":"https:\/\/dienmaynguyenkhang.vn\/index.php?rest_route=\/wp\/v2\/product\/2679","targetHints":{"allow":["GET"]}}],"collection":[{"href":"https:\/\/dienmaynguyenkhang.vn\/index.php?rest_route=\/wp\/v2\/product"}],"about":[{"href":"https:\/\/dienmaynguyenkhang.vn\/index.php?rest_route=\/wp\/v2\/types\/product"}],"replies":[{"embeddable":true,"href":"https:\/\/dienmaynguyenkhang.vn\/index.php?rest_route=%2Fwp%2Fv2%2Fcomments&post=2679"}],"wp:featuredmedia":[{"embeddable":true,"href":"https:\/\/dienmaynguyenkhang.vn\/index.php?rest_route=\/wp\/v2\/media\/2682"}],"wp:attachment":[{"href":"https:\/\/dienmaynguyenkhang.vn\/index.php?rest_route=%2Fwp%2Fv2%2Fmedia&parent=2679"}],"curies":[{"name":"wp","href":"https:\/\/api.w.org\/{rel}","templated":true}]}}