{"id":2674,"date":"2025-02-06T15:48:49","date_gmt":"2025-02-06T08:48:49","guid":{"rendered":"https:\/\/dienmaynguyenkhang.vn\/?post_type=product&#038;p=2674"},"modified":"2026-03-09T11:49:58","modified_gmt":"2026-03-09T04:49:58","slug":"tu-dong-sanaky-inverter-vh-5699w4k-560-lit","status":"publish","type":"product","link":"https:\/\/dienmaynguyenkhang.vn\/?product=tu-dong-sanaky-inverter-vh-5699w4k-560-lit","title":{"rendered":"T\u1ee7 \u0111\u00f4ng Sanaky Inverter VH-5699W4K 560 l\u00edt"},"content":{"rendered":"<div class=\"snk-info-product-head\">\n<h3>T\u00ednh n\u0103ng th\u00f4ng s\u1ed1 k\u1ef9 thu\u1eadt<\/h3>\n<\/div>\n<div class=\"large-8 col\">\n<div class=\"img-tskt\"><img loading=\"lazy\" decoding=\"async\" class=\"attachment-full size-full entered lazyloaded\" src=\"https:\/\/sanakyvietnam.net\/wp-content\/uploads\/2022\/10\/hinh-anh-tu-dong-sanaky-vh-5699w4k-intro-1536x961-1.webp\" sizes=\"auto, (max-width: 1536px) 100vw, 1536px\" srcset=\"https:\/\/sanakyvietnam.net\/wp-content\/uploads\/2022\/10\/hinh-anh-tu-dong-sanaky-vh-5699w4k-intro-1536x961-1.webp 1536w, https:\/\/sanakyvietnam.net\/wp-content\/uploads\/2022\/10\/hinh-anh-tu-dong-sanaky-vh-5699w4k-intro-1536x961-1-600x375.webp 600w, https:\/\/sanakyvietnam.net\/wp-content\/uploads\/2022\/10\/hinh-anh-tu-dong-sanaky-vh-5699w4k-intro-1536x961-1-768x481.webp 768w, https:\/\/sanakyvietnam.net\/wp-content\/uploads\/2022\/10\/hinh-anh-tu-dong-sanaky-vh-5699w4k-intro-1536x961-1-400x250.webp 400w\" alt=\"T\u1ee7 \u0111\u00f4ng Sanaky VH-5699W4K\" width=\"1536\" height=\"961\" data-lazy-srcset=\"https:\/\/sanakyvietnam.net\/wp-content\/uploads\/2022\/10\/hinh-anh-tu-dong-sanaky-vh-5699w4k-intro-1536x961-1.webp 1536w, https:\/\/sanakyvietnam.net\/wp-content\/uploads\/2022\/10\/hinh-anh-tu-dong-sanaky-vh-5699w4k-intro-1536x961-1-600x375.webp 600w, https:\/\/sanakyvietnam.net\/wp-content\/uploads\/2022\/10\/hinh-anh-tu-dong-sanaky-vh-5699w4k-intro-1536x961-1-768x481.webp 768w, https:\/\/sanakyvietnam.net\/wp-content\/uploads\/2022\/10\/hinh-anh-tu-dong-sanaky-vh-5699w4k-intro-1536x961-1-400x250.webp 400w\" data-lazy-sizes=\"(max-width: 1536px) 100vw, 1536px\" data-lazy-src=\"https:\/\/sanakyvietnam.net\/wp-content\/uploads\/2022\/10\/hinh-anh-tu-dong-sanaky-vh-5699w4k-intro-1536x961-1.webp\" data-ll-status=\"loaded\" \/><\/div>\n<\/div>\n<div class=\"large-4 col\">\n<div class=\"product_additional_content\">\n<h2 class=\"title_tabs\">Th\u00f4ng s\u1ed1 k\u1ef9 thu\u1eadt<\/h2>\n<table>\n<tbody>\n<tr>\n<td class=\"spec-title\">Th\u01b0\u01a1ng hi\u1ec7u<\/td>\n<td class=\"spec-content\"><a href=\"https:\/\/dienmaynguyenkhang.vn\/?product=tu-dong-sanaky-inverter-vh-5699w4k-560-lit\">Sanaky<\/a><\/td>\n<\/tr>\n<tr>\n<td>Lo\u1ea1i<\/td>\n<td><a href=\"https:\/\/dienmaynguyenkhang.vn\/?product=tu-dong-sanaky-inverter-vh-5699w4k-560-lit\">T\u1ee7 \u0111\u00f4ng c\u00e1nh k\u00ednh c\u01b0\u1eddng l\u1ef1c<\/a><\/td>\n<\/tr>\n<tr>\n<td>B\u1ea3o h\u00e0nh<\/td>\n<td>24 th\u00e1ng<\/td>\n<\/tr>\n<tr>\n<td>K\u00edch th\u01b0\u1edbc (DxRxC mm)<\/td>\n<td>1357 x 761 x 900 mm<\/td>\n<\/tr>\n<tr>\n<td>Tr\u1ecdng l\u01b0\u1ee3ng<\/td>\n<td>63 kg<\/td>\n<\/tr>\n<tr>\n<td>Dung t\u00edch t\u1ed5ng th\u1ec3 \/ Dung t\u00edch s\u1eed d\u1ee5ng<\/td>\n<td>560 l\u00edt \/ 365 l\u00edt<\/td>\n<\/tr>\n<tr>\n<td>\u0110i\u1ec7n \u00e1p<\/td>\n<td>220V\/50Hz<\/td>\n<\/tr>\n<tr>\n<td>C\u00f4ng su\u1ea5t<\/td>\n<td>146.3W<\/td>\n<\/tr>\n<tr>\n<td>Lo\u1ea1i t\u1ee7<\/td>\n<td>T\u1ee7 \u0111\u00f4ng Inverter<\/td>\n<\/tr>\n<tr>\n<td>S\u1ed1 c\u1eeda<\/td>\n<td>2 c\u00e1nh<\/td>\n<\/tr>\n<tr>\n<td>S\u1ed1 ng\u0103n<\/td>\n<td>2 ng\u0103n<\/td>\n<\/tr>\n<tr>\n<td>Nhi\u1ec7t \u0111\u1ed9 (\u00b0C)<\/td>\n<td>Ng\u0103n \u0111\u00f4ng: \u2264-18\u2103 | Ng\u0103n m\u00e1t: 0\u00baC ~10\u00baC<\/td>\n<\/tr>\n<tr>\n<td>Gas s\u1eed d\u1ee5ng<\/td>\n<td>Gas R600A<\/td>\n<\/tr>\n<\/tbody>\n<\/table>\n<\/div>\n<p><a class=\"open_additional_popup\" data-src=\"#additional_popup\" data-fancybox=\"\" data-options=\"{&quot;touch&quot; : false}\">Xem chi ti\u1ebft th\u00f4ng s\u1ed1 k\u1ef9 thu\u1eadt<\/a><\/p>\n<div>\n<div data-product_id=\"16106\" data-threshold_min=\"30\" data-threshold_max=\"100\" data-total=\"0\"><\/div>\n<\/div>\n<\/div>\n<div class=\"content_description\">\n<div class=\"woocommerce-tabs wc-tabs-wrapper container tabbed-content\">\n<ul class=\"snk-info-product-head tabs wc-tabs product-tabs small-nav-collapse nav nav-uppercase nav-line-grow nav-left\" role=\"tablist\">\n<li id=\"tab-title-description\" class=\"description_tab active\" role=\"tab\" aria-controls=\"tab-description\"><a href=\"https:\/\/dienmaynguyenkhang.vn\/?product=tu-dong-sanaky-inverter-vh-5699w4k-560-lit\"><i class=\"fa fa-caret-right\"><\/i>M\u00f4 t\u1ea3 s\u1ea3n ph\u1ea9m<\/a><\/li>\n<\/ul>\n<div class=\"tab-panels\">\n<div id=\"tab-description\" class=\"woocommerce-Tabs-panel woocommerce-Tabs-panel--description panel entry-content active\" role=\"tabpanel\" aria-labelledby=\"tab-title-description\">\n<p><strong>T\u1ee7 \u0111\u00f4ng Sanaky VH-5699W4K\u00a0<\/strong>thu\u1ed9c d\u00f2ng t\u1ee7 \u0111\u00f4ng th\u1ebf h\u1ec7 m\u1edbi c\u1ee7a Sanaky. S\u1ea3n ph\u1ea9m s\u1edf h\u1eefu c\u00e1c c\u00f4ng ngh\u1ec7 t\u1ee7 \u0111\u00f4ng h\u00e0ng \u0111\u1ea7u hi\u1ec7n nay. \u0110\u00f3 l\u00e0 c\u00e1nh k\u00ednh c\u01b0\u1eddng l\u1ef1c, d\u00e0n l\u1ea1nh \u0111\u1ed3ng, c\u00f4ng ngh\u1ec7 inverter si\u00eau ti\u1ebft ki\u1ec7m \u0111i\u1ec7n.<\/p>\n<figure id=\"attachment_16406\" class=\"wp-caption aligncenter\" aria-describedby=\"caption-attachment-16406\"><img loading=\"lazy\" decoding=\"async\" class=\"wp-image-16406 lazy-load-active\" src=\"https:\/\/sanakyvietnam.net\/wp-content\/uploads\/2022\/10\/hinh-anh-tu-dong-sanaky-vh-5699w4k-intro-1536x961-1-600x375.webp\" sizes=\"auto, (max-width: 900px) 100vw, 900px\" srcset=\"https:\/\/sanakyvietnam.net\/wp-content\/uploads\/2022\/10\/hinh-anh-tu-dong-sanaky-vh-5699w4k-intro-1536x961-1-600x375.webp 600w, https:\/\/sanakyvietnam.net\/wp-content\/uploads\/2022\/10\/hinh-anh-tu-dong-sanaky-vh-5699w4k-intro-1536x961-1-768x481.webp 768w, https:\/\/sanakyvietnam.net\/wp-content\/uploads\/2022\/10\/hinh-anh-tu-dong-sanaky-vh-5699w4k-intro-1536x961-1-400x250.webp 400w, https:\/\/sanakyvietnam.net\/wp-content\/uploads\/2022\/10\/hinh-anh-tu-dong-sanaky-vh-5699w4k-intro-1536x961-1.webp 1536w\" alt=\"T\u1ee7 \u0111\u00f4ng Sanaky VH-5699W4K\" width=\"900\" height=\"563\" data-src=\"https:\/\/sanakyvietnam.net\/wp-content\/uploads\/2022\/10\/hinh-anh-tu-dong-sanaky-vh-5699w4k-intro-1536x961-1-600x375.webp\" data-srcset=\"https:\/\/sanakyvietnam.net\/wp-content\/uploads\/2022\/10\/hinh-anh-tu-dong-sanaky-vh-5699w4k-intro-1536x961-1-600x375.webp 600w, https:\/\/sanakyvietnam.net\/wp-content\/uploads\/2022\/10\/hinh-anh-tu-dong-sanaky-vh-5699w4k-intro-1536x961-1-768x481.webp 768w, https:\/\/sanakyvietnam.net\/wp-content\/uploads\/2022\/10\/hinh-anh-tu-dong-sanaky-vh-5699w4k-intro-1536x961-1-400x250.webp 400w, https:\/\/sanakyvietnam.net\/wp-content\/uploads\/2022\/10\/hinh-anh-tu-dong-sanaky-vh-5699w4k-intro-1536x961-1.webp 1536w\" \/><figcaption id=\"caption-attachment-16406\" class=\"wp-caption-text\">T\u1ee7 \u0111\u00f4ng Sanaky VH-5699W4K<\/figcaption><\/figure>\n<h2>C\u00e1c \u01b0u \u0111i\u1ec3m n\u1ed5i b\u1eadt c\u1ee7a t\u1ee7 \u0111\u00f4ng Sanaky VH-5699W4K<\/h2>\n<p>C\u00f9ng\u00a0<a href=\"https:\/\/dienmaynguyenkhang.vn\/?product=tu-dong-sanaky-inverter-vh-5699w4k-560-lit\">Sanaky Vi\u1ec7t Nam<\/a>\u00a0t\u00ecm hi\u1ec3u r\u00f5 h\u01a1n c\u00e1c t\u00ednh n\u0103ng n\u1ed5i b\u1eadt c\u1ee7a t\u1ee7 \u0111\u00f4ng VH-5699W4K ngay sau \u0111\u00e2y!<\/p>\n<h3>VH-5699W4K \u2013 T\u1ee7 \u0111\u00f4ng 1 ng\u0103n \u0111\u00f4ng 1 ng\u0103n m\u00e1t cao c\u1ea5p<\/h3>\n<p>T\u1ee7 \u0111\u00f4ng Sanaky VH-5699W4K thu\u1ed9c d\u00f2ng t\u1ee7 2 ng\u0103n 2 c\u00e1nh (g\u1ed3m 1 ng\u0103n \u0111\u00f4ng v\u00e0 1 ng\u0103n m\u00e1t). V\u00ec th\u1ebf m\u00e0 s\u1ea3n ph\u1ea9m n\u00e0y c\u00f2n \u0111\u01b0\u1ee3c g\u1ecdi l\u00e0 t\u1ee7 \u0111\u00f4ng m\u00e1t Sanaky. Chi\u1ebfc\u00a0<a href=\"https:\/\/phanphoidienmay.net\/tu-dong-sanaky\">t\u1ee7 \u0111\u00f4ng Sanaky<\/a>\u00a0n\u00e0y:<\/p>\n<ul>\n<li>V\u1eeba tr\u1eef \u0111\u00f4ng th\u1ef1c ph\u1ea9m nh\u01b0 th\u1ecbt, c\u00e1, \u0111\u1ed3 \u0111\u1ed3ng l\u1ea1nh<\/li>\n<li>V\u1eeba b\u1ea3o qu\u1ea3n m\u00e1t th\u1ef1c ph\u1ea9m nh\u01b0 rau, c\u1ee7 , qu\u1ea3, \u0111\u1ed3 u\u1ed1ng\u2026<\/li>\n<\/ul>\n<p>C\u1ee5 th\u1ec3 m\u1ed7i ng\u0103n c\u1ee7a VH-5699W4K th\u00edch h\u1ee3p cho m\u1ed9t m\u1ee5c ti\u00eau b\u1ea3o qu\u1ea3n nh\u01b0 sau:<\/p>\n<ul>\n<li>Ng\u0103n b\u1ea3o qu\u1ea3n ng\u0103n \u0111\u00f4ng: c\u00f3 nhi\u1ec7t \u0111\u1ed9 l\u1ea1nh s\u00e2u \u2264-18\u2103, \u0111\u00f4ng l\u1ea1nh s\u00e2u v\u00e0 hi\u1ec7u qu\u1ea3, ph\u00f9 h\u1ee3p v\u1edbi nhu c\u1ea7u b\u1ea3o qu\u1ea3n m\u1ed9t s\u1ed1 th\u1ef1c ph\u1ea9m nh\u01b0 th\u1ecbt, c\u00e1, rau c\u1ee7\u2026trong th\u1eddi gian d\u00e0i.<\/li>\n<li>Ng\u0103n b\u1ea3o qu\u1ea3n ng\u0103n m\u00e1t: c\u00f3 nhi\u1ec7t \u0111\u1ed9 dao \u0111\u1ed9ng t\u1eeb 0 \u0111\u1ed9 C \u2013 10 \u0111\u1ed9 C, ph\u00f9 h\u1ee3p v\u1edbi nhu c\u1ea7u b\u1ea3o qu\u1ea3n th\u1ef1c ph\u1ea9m ng\u1eafn ng\u00e0y.<\/li>\n<\/ul>\n<p>Do \u0111\u00f3 r\u1ea5t ph\u00f9 h\u1ee3p v\u1edbi nhu c\u1ea7u s\u1eed d\u1ee5ng c\u1ee7a c\u00e1c gia \u0111\u00ecnh, qu\u00e1n \u0103n, nh\u00e0 h\u00e0ng v\u1eeba v\u00e0 nh\u1ecf.<\/p>\n<h3>C\u00f4ng ngh\u1ec7 l\u00e0m l\u1ea1nh ti\u00ean ti\u1ebfn tr\u00ean t\u1ee7 \u0111\u00f4ng Sanaky VH-5699W4K<\/h3>\n<p>T\u1ee7 \u0111\u00f4ng VH-5699W4K \u0111\u01b0\u1ee3c \u1ee9ng d\u1ee5ng c\u00e1c c\u00f4ng ngh\u1ec7 l\u00e0m l\u1ea1nh ti\u00ean ti\u1ebfn nh\u1ea5t. Bao g\u1ed3m:<\/p>\n<ul>\n<li>C\u00f4ng ngh\u1ec7 l\u00e0m l\u1ea1nh 360 \u0111\u1ed9 gi\u00fap l\u00e0m l\u1ea1nh nhanh v\u00e0 \u0111\u1ec1u<\/li>\n<li>D\u00e0n l\u1ea1nh \u0111\u1ed3ng gi\u00fap l\u00e0m l\u1ea1nh nhanh, s\u00e2u, ti\u1ebft ki\u1ec7m \u0111i\u1ec7n v\u00e0 \u0111\u1ed9 b\u1ec1n cao<\/li>\n<li>Gas R600a l\u00e0m l\u1ea1nh nhanh v\u00e0 c\u1ef1c k\u1ef3 th\u00e2n thi\u1ec7n v\u1edbi m\u00f4i tr\u01b0\u1eddng<\/li>\n<\/ul>\n<figure id=\"attachment_16407\" class=\"wp-caption aligncenter\" aria-describedby=\"caption-attachment-16407\"><img loading=\"lazy\" decoding=\"async\" class=\"wp-image-16407 lazy-load-active\" src=\"https:\/\/sanakyvietnam.net\/wp-content\/uploads\/2022\/10\/tu-dong-sanaky-vh-5699w4k-dan-lanh-ga-600x375.webp\" sizes=\"auto, (max-width: 900px) 100vw, 900px\" srcset=\"https:\/\/sanakyvietnam.net\/wp-content\/uploads\/2022\/10\/tu-dong-sanaky-vh-5699w4k-dan-lanh-ga-600x375.webp 600w, https:\/\/sanakyvietnam.net\/wp-content\/uploads\/2022\/10\/tu-dong-sanaky-vh-5699w4k-dan-lanh-ga-768x481.webp 768w, https:\/\/sanakyvietnam.net\/wp-content\/uploads\/2022\/10\/tu-dong-sanaky-vh-5699w4k-dan-lanh-ga-400x250.webp 400w, https:\/\/sanakyvietnam.net\/wp-content\/uploads\/2022\/10\/tu-dong-sanaky-vh-5699w4k-dan-lanh-ga.webp 1536w\" alt=\"C\u00f4ng ngh\u1ec7 l\u00e0m l\u1ea1nh ti\u00ean ti\u1ebfn tr\u00ean t\u1ee7 \u0111\u00f4ng VH-5699W4K\" width=\"900\" height=\"563\" data-src=\"https:\/\/sanakyvietnam.net\/wp-content\/uploads\/2022\/10\/tu-dong-sanaky-vh-5699w4k-dan-lanh-ga-600x375.webp\" data-srcset=\"https:\/\/sanakyvietnam.net\/wp-content\/uploads\/2022\/10\/tu-dong-sanaky-vh-5699w4k-dan-lanh-ga-600x375.webp 600w, https:\/\/sanakyvietnam.net\/wp-content\/uploads\/2022\/10\/tu-dong-sanaky-vh-5699w4k-dan-lanh-ga-768x481.webp 768w, https:\/\/sanakyvietnam.net\/wp-content\/uploads\/2022\/10\/tu-dong-sanaky-vh-5699w4k-dan-lanh-ga-400x250.webp 400w, https:\/\/sanakyvietnam.net\/wp-content\/uploads\/2022\/10\/tu-dong-sanaky-vh-5699w4k-dan-lanh-ga.webp 1536w\" \/><figcaption id=\"caption-attachment-16407\" class=\"wp-caption-text\">C\u00f4ng ngh\u1ec7 l\u00e0m l\u1ea1nh ti\u00ean ti\u1ebfn tr\u00ean t\u1ee7 \u0111\u00f4ng VH-5699W4K<\/figcaption><\/figure>\n<h3>M\u00e1y n\u00e9n cao c\u1ea5p v\u00e0 c\u00f4ng ngh\u1ec7 Inverter hi\u1ec7n \u0111\u1ea1i tr\u00ean t\u1ee7 \u0111\u00f4ng VH-5699W4K<\/h3>\n<p>C\u00f4ng ngh\u1ec7 Inverter \u0111em l\u1ea1i hi\u1ec7u qu\u1ea3 ti\u1ebft ki\u1ec7m \u0111i\u1ec7n l\u00ean \u0111\u1ebfn 50% cho c\u00e1c s\u1ea3n ph\u1ea9m t\u1ee7 \u0111\u00f4ng. C\u00f9ng v\u1edbi m\u00e1y n\u00e9n cao c\u1ea5p, c\u00f4ng ngh\u1ec7 Inverter gi\u00fap\u00a0<a href=\"https:\/\/dienmaynguyenkhang.vn\/?product=tu-dong-sanaky-inverter-vh-5699w4k-560-lit\">t\u1ee7 \u0111\u00f4ng Sanaky VH-5699W4K<\/a>\u00a0\u0111\u1ea3m b\u1ea3o v\u1eadn h\u00e0nh \u00eam \u00e1i v\u00e0 b\u1ec1n b\u1ec9, \u0111\u1ed9 b\u1ec1n r\u1ea5t cao.<\/p>\n<h3>T\u1ee7 \u0111\u00f4ng Sanany VH-5699W4K \u2013 t\u1ee7 \u0111\u00f4ng k\u00ednh c\u01b0\u1eddng l\u1ef1c cao c\u1ea5p<\/h3>\n<p>L\u00e0 t\u1ee7 \u0111\u00f4ng c\u00e1nh k\u00ednh c\u01b0\u1eddng l\u1ef1c cao c\u1ea5p, VH-5699W4K s\u1edf h\u1eefu:<\/p>\n<ul>\n<li><a href=\"https:\/\/dienmaynguyenkhang.vn\/?product=tu-dong-sanaky-inverter-vh-5699w4k-560-lit\">T\u1ee7 \u0111\u00f4ng Sanaky c\u00e1nh k\u00ednh c\u01b0\u1eddng l\u1ef1c<\/a>\u00a0b\u1ec1n \u0111\u1eb9p, n\u1ed5i b\u1eadt<\/li>\n<li>B\u00e1nh xe ch\u1ecbu l\u1ef1c thu\u1eadn ti\u1ec7n di chuy\u1ec3n<\/li>\n<li>Kh\u00f3a an to\u00e0n<\/li>\n<li>Gi\u1ecf \u0111\u1ef1ng \u0111\u1ed3 ti\u1ec7n l\u1ee3i<\/li>\n<li>Ch\u1ea5t li\u1ec7u t\u1ee7 \u0111\u00f4ng VH-5699W4K cao c\u1ea5p, \u0111\u1ed9 b\u1ec1n cao, d\u1ec5 v\u1ec7 sinh<\/li>\n<li>L\u00f2ng t\u1ee7 \u0111\u01b0\u1ee3c c\u00f4i ph\u1eb3ng v\u1edbi l\u1ed7 tho\u00e1t n\u01b0\u1edbc b\u00ean trong ti\u1ec7n l\u1ee3i x\u1ea3 \u0111\u00f4ng v\u00e0 v\u1ec7 sinh t\u1ee7 \u0111\u00f4ng<\/li>\n<\/ul>\n<\/div>\n<\/div>\n<\/div>\n<\/div>\n","protected":false},"excerpt":{"rendered":"<p><a href=\"https:\/\/dienmaynguyenkhang.vn\/wp-content\/uploads\/2025\/02\/5w4.png\"><img loading=\"lazy\" decoding=\"async\" class=\"alignnone size-medium wp-image-2675\" src=\"https:\/\/dienmaynguyenkhang.vn\/wp-content\/uploads\/2025\/02\/5w4-300x202.png\" alt=\"\" width=\"300\" height=\"202\" srcset=\"https:\/\/dienmaynguyenkhang.vn\/wp-content\/uploads\/2025\/02\/5w4-300x202.png 300w, https:\/\/dienmaynguyenkhang.vn\/wp-content\/uploads\/2025\/02\/5w4-510x344.png 510w, https:\/\/dienmaynguyenkhang.vn\/wp-content\/uploads\/2025\/02\/5w4.png 736w\" sizes=\"auto, (max-width: 300px) 100vw, 300px\" \/><\/a> <a href=\"https:\/\/dienmaynguyenkhang.vn\/wp-content\/uploads\/2025\/02\/5w41.png\"><img loading=\"lazy\" decoding=\"async\" class=\"alignnone size-medium wp-image-2676\" src=\"https:\/\/dienmaynguyenkhang.vn\/wp-content\/uploads\/2025\/02\/5w41-300x252.png\" alt=\"\" width=\"300\" height=\"252\" srcset=\"https:\/\/dienmaynguyenkhang.vn\/wp-content\/uploads\/2025\/02\/5w41-300x252.png 300w, https:\/\/dienmaynguyenkhang.vn\/wp-content\/uploads\/2025\/02\/5w41-510x429.png 510w, https:\/\/dienmaynguyenkhang.vn\/wp-content\/uploads\/2025\/02\/5w41.png 693w\" sizes=\"auto, (max-width: 300px) 100vw, 300px\" \/><\/a><\/p>\n","protected":false},"featured_media":2675,"comment_status":"open","ping_status":"closed","template":"","meta":[],"class_list":{"0":"post-2674","1":"product","2":"type-product","3":"status-publish","4":"has-post-thumbnail","6":"product_cat-dong-mat","7":"product_cat-sanaky-tu-dong","8":"product_cat-tu-dong","10":"first","11":"instock","12":"sale","13":"shipping-taxable","14":"purchasable","15":"product-type-simple"},"_links":{"self":[{"href":"https:\/\/dienmaynguyenkhang.vn\/index.php?rest_route=\/wp\/v2\/product\/2674","targetHints":{"allow":["GET"]}}],"collection":[{"href":"https:\/\/dienmaynguyenkhang.vn\/index.php?rest_route=\/wp\/v2\/product"}],"about":[{"href":"https:\/\/dienmaynguyenkhang.vn\/index.php?rest_route=\/wp\/v2\/types\/product"}],"replies":[{"embeddable":true,"href":"https:\/\/dienmaynguyenkhang.vn\/index.php?rest_route=%2Fwp%2Fv2%2Fcomments&post=2674"}],"wp:featuredmedia":[{"embeddable":true,"href":"https:\/\/dienmaynguyenkhang.vn\/index.php?rest_route=\/wp\/v2\/media\/2675"}],"wp:attachment":[{"href":"https:\/\/dienmaynguyenkhang.vn\/index.php?rest_route=%2Fwp%2Fv2%2Fmedia&parent=2674"}],"curies":[{"name":"wp","href":"https:\/\/api.w.org\/{rel}","templated":true}]}}