{"id":2669,"date":"2025-02-06T15:39:08","date_gmt":"2025-02-06T08:39:08","guid":{"rendered":"https:\/\/dienmaynguyenkhang.vn\/?post_type=product&#038;p=2669"},"modified":"2026-03-09T11:50:53","modified_gmt":"2026-03-09T04:50:53","slug":"tu-dong-sanaky-vh-5699w2k","status":"publish","type":"product","link":"https:\/\/dienmaynguyenkhang.vn\/?product=tu-dong-sanaky-vh-5699w2k","title":{"rendered":"T\u1ee7 \u0111\u00f4ng Sanaky VH-5699W2K"},"content":{"rendered":"<div class=\"snk-info-product-head\">\n<h3>T\u00ednh n\u0103ng th\u00f4ng s\u1ed1 k\u1ef9 thu\u1eadt<\/h3>\n<\/div>\n<div class=\"large-8 col\">\n<div class=\"img-tskt\"><img loading=\"lazy\" decoding=\"async\" class=\"attachment-full size-full entered lazyloaded\" src=\"https:\/\/sanakyvietnam.net\/wp-content\/uploads\/2022\/10\/hinh-anh-tu-dong-sanaky-vh-5699w2k.webp\" sizes=\"auto, (max-width: 1536px) 100vw, 1536px\" srcset=\"https:\/\/sanakyvietnam.net\/wp-content\/uploads\/2022\/10\/hinh-anh-tu-dong-sanaky-vh-5699w2k.webp 1536w, https:\/\/sanakyvietnam.net\/wp-content\/uploads\/2022\/10\/hinh-anh-tu-dong-sanaky-vh-5699w2k-600x375.webp 600w, https:\/\/sanakyvietnam.net\/wp-content\/uploads\/2022\/10\/hinh-anh-tu-dong-sanaky-vh-5699w2k-768x481.webp 768w, https:\/\/sanakyvietnam.net\/wp-content\/uploads\/2022\/10\/hinh-anh-tu-dong-sanaky-vh-5699w2k-400x250.webp 400w\" alt=\"VH-5699W2K\" width=\"1536\" height=\"961\" data-lazy-srcset=\"https:\/\/sanakyvietnam.net\/wp-content\/uploads\/2022\/10\/hinh-anh-tu-dong-sanaky-vh-5699w2k.webp 1536w, https:\/\/sanakyvietnam.net\/wp-content\/uploads\/2022\/10\/hinh-anh-tu-dong-sanaky-vh-5699w2k-600x375.webp 600w, https:\/\/sanakyvietnam.net\/wp-content\/uploads\/2022\/10\/hinh-anh-tu-dong-sanaky-vh-5699w2k-768x481.webp 768w, https:\/\/sanakyvietnam.net\/wp-content\/uploads\/2022\/10\/hinh-anh-tu-dong-sanaky-vh-5699w2k-400x250.webp 400w\" data-lazy-sizes=\"(max-width: 1536px) 100vw, 1536px\" data-lazy-src=\"https:\/\/sanakyvietnam.net\/wp-content\/uploads\/2022\/10\/hinh-anh-tu-dong-sanaky-vh-5699w2k.webp\" data-ll-status=\"loaded\" \/><\/div>\n<\/div>\n<div class=\"large-4 col\">\n<div class=\"product_additional_content\">\n<h2 class=\"title_tabs\">Th\u00f4ng s\u1ed1 k\u1ef9 thu\u1eadt<\/h2>\n<table>\n<tbody>\n<tr>\n<td>H\u00e3ng s\u1ea3n xu\u1ea5t:<\/td>\n<td><a href=\"https:\/\/dienmaynguyenkhang.vn\/?product=tu-dong-sanaky-vh-5699w2k\">SANAKY<\/a><\/td>\n<\/tr>\n<tr>\n<td>Model<\/td>\n<td>VH-5699W2K<\/td>\n<\/tr>\n<tr>\n<td>Lo\u1ea1i t\u1ee7<\/td>\n<td><a href=\"https:\/\/sanakyvietnam.net\/tu-dong-canh-kinh-cuong-luc\/\">T\u1ee7 \u0111\u00f4ng c\u00e1nh k\u00ednh c\u01b0\u1eddng l\u1ef1c<\/a><\/td>\n<\/tr>\n<tr>\n<td>Dung t\u00edch t\u1ed5ng th\u1ec3 \/ Dung t\u00edch s\u1eed d\u1ee5ng<\/td>\n<td>560 l\u00edt \/ 365 l\u00edt<\/td>\n<\/tr>\n<tr>\n<td>D\u00e0n l\u1ea1nh<\/td>\n<td>\u1ed0ng \u0111\u1ed3ng<\/td>\n<\/tr>\n<tr>\n<td>C\u00f4ng su\u1ea5t:<\/td>\n<td>225W<\/td>\n<\/tr>\n<tr>\n<td>Nhi\u1ec7t \u0111\u1ed9 ng\u0103n \u0111\u00f4ng<\/td>\n<td>\u2264-18\u2103<\/td>\n<\/tr>\n<tr>\n<td>Nhi\u1ec7t \u0111\u1ed9 ng\u0103n m\u00e1t<\/td>\n<td>0\u2103~10\u2103<\/td>\n<\/tr>\n<tr>\n<td rowspan=\"2\">Ch\u1ee9c n\u0103ng:<\/td>\n<td>\u2013 L\u00e0m l\u1ea1nh<\/td>\n<\/tr>\n<tr>\n<td>\u2013 \u0110\u00f4ng l\u1ea1nh<\/td>\n<\/tr>\n<tr>\n<td rowspan=\"5\">\u0110\u1eb7c \u0111i\u1ec3m ch\u00ednh:<\/td>\n<td>\u2013 B\u00e1nh xe ch\u1ecbu l\u1ef1c d\u1ec5 di chuy\u1ec3n<\/td>\n<\/tr>\n<tr>\n<td>\u2013\u00a0Gi\u00e0n l\u1ea1nh b\u1eb1ng \u0111\u1ed3ng<\/td>\n<\/tr>\n<tr>\n<td>\u2013 Qu\u1ea1t l\u1ed3ng s\u00f3c l\u1ea1nh nhanh &amp; s\u00e2u<\/td>\n<\/tr>\n<tr>\n<td>\u2013 Ng\u0103n t\u1ee7 b\u1eb1ng nh\u1ef1a ABS cao c\u1ea5p<\/td>\n<\/tr>\n<tr>\n<td>\u2013 Gas R290 th\u00e2n thi\u1ec7n m\u00f4i tr\u01b0\u1eddng<\/td>\n<\/tr>\n<tr>\n<td>\u0110i\u1ec7n \u00e1p:<\/td>\n<td>220V\/50Hz<\/td>\n<\/tr>\n<tr>\n<td>K\u00edch th\u01b0\u1edbc t\u1ee7 (mm):<\/td>\n<td>1375 x 761 x 900 (mm)<\/td>\n<\/tr>\n<tr>\n<td>Tr\u1ecdng l\u01b0\u1ee3ng t\u1ecbnh:<\/td>\n<td>63 (Kg)<\/td>\n<\/tr>\n<tr>\n<td>B\u1ea3o h\u00e0nh<\/td>\n<td>24 th\u00e1ng<\/td>\n<\/tr>\n<\/tbody>\n<\/table>\n<\/div>\n<p><a class=\"open_additional_popup\" data-src=\"#additional_popup\" data-fancybox=\"\" data-options=\"{&quot;touch&quot; : false}\">Xem chi ti\u1ebft th\u00f4ng s\u1ed1 k\u1ef9 thu\u1eadt<\/a><\/p>\n<div>\n<div data-product_id=\"16099\" data-threshold_min=\"30\" data-threshold_max=\"100\" data-total=\"0\"><\/div>\n<\/div>\n<\/div>\n<div class=\"content_description\">\n<div class=\"woocommerce-tabs wc-tabs-wrapper container tabbed-content\">\n<ul class=\"snk-info-product-head tabs wc-tabs product-tabs small-nav-collapse nav nav-uppercase nav-line-grow nav-left\" role=\"tablist\">\n<li id=\"tab-title-description\" class=\"description_tab active\" role=\"tab\" aria-controls=\"tab-description\"><a href=\"https:\/\/dienmaynguyenkhang.vn\/?product=tu-dong-sanaky-vh-5699w2k\"><i class=\"fa fa-caret-right\"><\/i>M\u00f4 t\u1ea3 s\u1ea3n ph\u1ea9m<\/a><\/li>\n<\/ul>\n<div class=\"tab-panels\">\n<div id=\"tab-description\" class=\"woocommerce-Tabs-panel woocommerce-Tabs-panel--description panel entry-content active\" role=\"tabpanel\" aria-labelledby=\"tab-title-description\">\n<p><strong>T\u1ee7 \u0111\u00f4ng Sanaky VH-5699W2K<\/strong>\u00a0l\u00e0 t\u1ee7 \u0111\u00f4ng 1 ng\u0103n \u0111\u00f4ng, 1 ng\u0103n m\u00e1t \u0111\u1eddi m\u1edbi c\u1ee7a Sananky. S\u1ea3n ph\u1ea9m thu\u1ed9c d\u00f2ng t\u1ee7 \u0111\u00f4ng c\u00e1nh k\u00ednh c\u01b0\u1eddng l\u1ef1c cao c\u1ea5p. V\u1edbi ph\u01b0\u01a1ng ch\u00e2m \u201cDi\u1ec7n m\u1ea1o m\u1edbi \u2013 \u0110\u1eb3ng c\u1ea5p m\u1edbi\u201d, VH-5699W2K h\u1ee9a h\u1eb9n s\u1ebd l\u00e0 si\u00eau ph\u1ea9m t\u1ee7 \u0111\u00f4ng c\u1ee1 v\u1eeba v\u00e0 nh\u1ecf b\u00e1n ch\u1ea1y nh\u1ea5t trong th\u1eddi gian t\u1edbi.<\/p>\n<h2>\u0110\u1eb7c \u0111i\u1ec3m n\u1ed5i b\u1eadt c\u1ee7a t\u1ee7 \u0111\u00f4ng Sanany VH-5699W2K<\/h2>\n<p><a href=\"https:\/\/dienmaynguyenkhang.vn\/?product=tu-dong-sanaky-vh-5699w2k\">T\u1ee7 \u0111\u00f4ng Sanaky<\/a>\u00a0VH-5699W2K s\u1edf h\u1eefu r\u1ea5t nhi\u1ec1u \u01b0u \u0111i\u1ec3m n\u1ed5i b\u1eadt. Trong s\u1ed1 \u0111\u00f3 ti\u00eau bi\u1ec3u nh\u1ea5t ph\u1ea3i k\u1ec3 \u0111\u1ebfn:<\/p>\n<h3>Thi\u1ebft k\u1ebf 1 ng\u0103n \u0111\u00f4ng, 1 ng\u0103n m\u00e1t ri\u00eang bi\u1ec7t ti\u1ec7n l\u1ee3i<\/h3>\n<p>T\u1ee7 VH-5699W2K \u0111\u01b0\u1ee3c chia l\u00e0m 2 ng\u0103n. Ng\u0103n \u0111\u00f4ng v\u00e0 ng\u0103n m\u00e1t ri\u00eang bi\u1ec7t. B\u00ean ngo\u00e0i c\u00e1c ng\u0103n c\u00f3 d\u00e1n nh\u00e3n ch\u1ec9 d\u1eabn ti\u1ec7n quan s\u00e1t. V\u1edbi t\u1ee7 \u0111\u00f4ng Sanaky VH-5699W2K, ng\u01b0\u1eddi d\u00f9ng c\u00f3 th\u1ec3 b\u1ea3o qu\u1ea3n \u0111a d\u1ea1ng c\u00e1c lo\u1ea1i th\u1ef1c ph\u1ea9m c\u1ea3 \u0111\u00f4ng, c\u1ea3 m\u00e1t ti\u1ec7n l\u1ee3i.<\/p>\n<p>Th\u00f4ng tin v\u1ec1 2 ng\u0103n c\u1ee7a t\u1ee7 \u0111\u00f4ng VH-5699W2K nh\u01b0 sau:<\/p>\n<ul>\n<li>Ng\u0103n \u0111\u00f4ng dung t\u00edch 215 l\u00edt, nhi\u1ec7t \u0111\u1ed9 b\u1ea3o qu\u1ea3n d\u01b0\u1edbi 18 \u0111\u1ed9 C<\/li>\n<li>Ng\u0103n m\u00e1t 150 l\u00edt, nhi\u1ec7t \u0111\u1ed9 b\u1ea3o qu\u1ea3n t\u1eeb 0 \u0111\u1ebfn 10 \u0111\u1ed9 C<\/li>\n<\/ul>\n<figure id=\"attachment_16396\" class=\"wp-caption aligncenter\" aria-describedby=\"caption-attachment-16396\"><img loading=\"lazy\" decoding=\"async\" class=\"wp-image-16396 lazy-load-active\" src=\"https:\/\/sanakyvietnam.net\/wp-content\/uploads\/2022\/10\/hinh-anh-tu-dong-sanaky-vh-5699w2k-600x375.webp\" sizes=\"auto, (max-width: 900px) 100vw, 900px\" srcset=\"https:\/\/sanakyvietnam.net\/wp-content\/uploads\/2022\/10\/hinh-anh-tu-dong-sanaky-vh-5699w2k-600x375.webp 600w, https:\/\/sanakyvietnam.net\/wp-content\/uploads\/2022\/10\/hinh-anh-tu-dong-sanaky-vh-5699w2k-768x481.webp 768w, https:\/\/sanakyvietnam.net\/wp-content\/uploads\/2022\/10\/hinh-anh-tu-dong-sanaky-vh-5699w2k-400x250.webp 400w, https:\/\/sanakyvietnam.net\/wp-content\/uploads\/2022\/10\/hinh-anh-tu-dong-sanaky-vh-5699w2k.webp 1536w\" alt=\"T\u1ee7 \u0111\u00f4ng Sanaky VH-5699W2K\" width=\"900\" height=\"563\" data-src=\"https:\/\/sanakyvietnam.net\/wp-content\/uploads\/2022\/10\/hinh-anh-tu-dong-sanaky-vh-5699w2k-600x375.webp\" data-srcset=\"https:\/\/sanakyvietnam.net\/wp-content\/uploads\/2022\/10\/hinh-anh-tu-dong-sanaky-vh-5699w2k-600x375.webp 600w, https:\/\/sanakyvietnam.net\/wp-content\/uploads\/2022\/10\/hinh-anh-tu-dong-sanaky-vh-5699w2k-768x481.webp 768w, https:\/\/sanakyvietnam.net\/wp-content\/uploads\/2022\/10\/hinh-anh-tu-dong-sanaky-vh-5699w2k-400x250.webp 400w, https:\/\/sanakyvietnam.net\/wp-content\/uploads\/2022\/10\/hinh-anh-tu-dong-sanaky-vh-5699w2k.webp 1536w\" \/><figcaption id=\"caption-attachment-16396\" class=\"wp-caption-text\">T\u1ee7 \u0111\u00f4ng Sanaky VH-5699W2K<\/figcaption><\/figure>\n<h2>C\u00e1nh k\u00ednh c\u01b0\u1eddng l\u1ef1c ho\u00e0n h\u1ea3o tr\u00ean t\u1ee7 \u0111\u00f4ng Sanaky VH-5699W2K<\/h2>\n<p>M\u1eb7t k\u00ednh c\u01b0\u1eddng l\u1ef1c b\u00f3ng b\u1ea9y gi\u00fap VH-5699W2K thu h\u00fat m\u1ecdi \u00e1nh nh\u00ecn. Thi\u1ebft k\u1ebf \u0111\u1eb7c bi\u1ec7t n\u00e0y gi\u00fap:<\/p>\n<ul>\n<li>T\u0103ng \u0111\u1ed9 b\u1ec1n cho t\u1ee7 \u0111\u00f4ng VH-5699W2K: L\u1edbp k\u00ednh c\u01b0\u1eddng l\u1ef1c r\u1ea5t d\u1ec5 v\u1ec7 sinh, b\u1ec1n ch\u1eafc, kh\u00f4ng b\u1ecb hoen g\u1ec9 theo th\u1eddi gian. T\u1eeb \u0111\u00f3 m\u00e0\u00a0<a href=\"https:\/\/dienmaynguyenkhang.vn\/?product=tu-dong-sanaky-vh-5699w2k\">t\u1ee7 \u0111\u00f4ng c\u00e1nh k\u00ednh c\u01b0\u1eddng l\u1ef1c<\/a>\u00a0\u0111\u01b0\u1ee3c gia t\u0103ng \u0111\u1ed9 b\u1ec1n \u0111\u00e1ng k\u1ec3 so v\u1edbi d\u00f2ng t\u1ee7 \u0111\u00f4ng th\u00f4ng th\u01b0\u1eddng.<\/li>\n<li>T\u0103ng t\u00ednh th\u1ea9m m\u1ef9 cho t\u1ee7 \u0111\u00f4ng: V\u1edbi c\u00e1nh k\u00ednh c\u01b0\u1eddng l\u1ef1c, t\u1ee7 \u0111\u00f4ng Sanaky nh\u00ecn \u0111\u1eb9p m\u1eaft, b\u00f3ng b\u1ea9y, thu h\u00fat v\u00e0 \u0111\u1ea7y s\u1ef1 ch\u1eafc ch\u1eafn, tin t\u01b0\u1edfng. VH-5699W2K ph\u00f9 h\u1ee3p v\u00e0 n\u00e2ng t\u1ea7m \u0111\u1eb3ng c\u1ea5p m\u1ecdi kh\u00f4ng gian.<\/li>\n<li>Gia t\u0103ng s\u1ef1 an to\u00e0n ngay c\u1ea3 trong nh\u1eefng t\u00ecnh hu\u1ed1ng x\u1ea5u nh\u1ea5t: C\u00e1nh k\u00ednh c\u01b0\u1eddng l\u1ef1c khi v\u1ee1 s\u1ebd t\u1ea1o th\u00e0nh nh\u1eefng h\u1ea1t v\u1ee5n nh\u01b0 h\u1ea1t ng\u00f4 ch\u1ee9 ko s\u1eafc c\u1ea1nh. Do \u0111\u00f3 m\u00e0 h\u1ea1n ch\u1ebf g\u00e2y s\u00e1t th\u01b0\u01a1ng t\u1ed1i \u0111a.<\/li>\n<\/ul>\n<h3>D\u00e0n l\u1ea1nh \u0111\u1ed3ng nguy\u00ean ch\u1ea5t \u0111i k\u00e8m c\u00f4ng ngh\u1ec7 l\u00e0m l\u1ea1nh 360 \u0111\u1ed9<\/h3>\n<p><a href=\"https:\/\/dienmaynguyenkhang.vn\/?product=tu-dong-sanaky-vh-5699w2k\">T\u1ee7 \u0111\u00f4ng VH-5699W2K<\/a>\u00a0l\u00e0m l\u1ea1nh nhanh, s\u00e2u v\u00e0 \u0111\u1ec1u nh\u1edd s\u1edf h\u1eefu:<\/p>\n<ul>\n<li>C\u00f4ng ngh\u1ec7 l\u00e0m l\u1ea1nh 360 \u0111\u1ed9<\/li>\n<li>D\u00e0n l\u1ea1nh b\u1eb1ng \u0111\u1ed3ng nguy\u00ean ch\u1ea5t<\/li>\n<\/ul>\n<p>C\u00f4ng ngh\u1ec7 l\u00e0m l\u1ea1nh 360 \u0111\u1ed9 hi\u1ec7n \u0111\u1ea1i gi\u00fap khi l\u1ea1nh t\u1ecfa \u0111\u1ec1u h\u01a1n trong t\u1ee7. D\u00e0n l\u1ea1nh b\u1eb1ng \u0111\u1ed3ng nguy\u00ean ch\u1ea5t gi\u00fap t\u1ee7 v\u1eadn h\u00e0nh \u00eam \u00e1i, ti\u1ebft ki\u1ec7m \u0111i\u1ec7n v\u00e0 c\u00f3 \u0111\u1ed9 b\u1ec1n cao h\u01a1n.<\/p>\n<figure id=\"attachment_16397\" class=\"wp-caption aligncenter\" aria-describedby=\"caption-attachment-16397\"><img loading=\"lazy\" decoding=\"async\" class=\"wp-image-16397 lazy-load-active\" src=\"https:\/\/sanakyvietnam.net\/wp-content\/uploads\/2022\/10\/tu-dong-sanaky-vh-5699w2k-dan-lanh-gas-600x375.webp\" sizes=\"auto, (max-width: 900px) 100vw, 900px\" srcset=\"https:\/\/sanakyvietnam.net\/wp-content\/uploads\/2022\/10\/tu-dong-sanaky-vh-5699w2k-dan-lanh-gas-600x375.webp 600w, https:\/\/sanakyvietnam.net\/wp-content\/uploads\/2022\/10\/tu-dong-sanaky-vh-5699w2k-dan-lanh-gas-768x481.webp 768w, https:\/\/sanakyvietnam.net\/wp-content\/uploads\/2022\/10\/tu-dong-sanaky-vh-5699w2k-dan-lanh-gas-400x250.webp 400w, https:\/\/sanakyvietnam.net\/wp-content\/uploads\/2022\/10\/tu-dong-sanaky-vh-5699w2k-dan-lanh-gas.webp 1536w\" alt=\"D\u00e0n l\u1ea1nh \u0111\u1ed3ng, Gas R290 tr\u00ean t\u1ee7 \u0111\u00f4ng VH-5699W2K\" width=\"900\" height=\"563\" data-src=\"https:\/\/sanakyvietnam.net\/wp-content\/uploads\/2022\/10\/tu-dong-sanaky-vh-5699w2k-dan-lanh-gas-600x375.webp\" data-srcset=\"https:\/\/sanakyvietnam.net\/wp-content\/uploads\/2022\/10\/tu-dong-sanaky-vh-5699w2k-dan-lanh-gas-600x375.webp 600w, https:\/\/sanakyvietnam.net\/wp-content\/uploads\/2022\/10\/tu-dong-sanaky-vh-5699w2k-dan-lanh-gas-768x481.webp 768w, https:\/\/sanakyvietnam.net\/wp-content\/uploads\/2022\/10\/tu-dong-sanaky-vh-5699w2k-dan-lanh-gas-400x250.webp 400w, https:\/\/sanakyvietnam.net\/wp-content\/uploads\/2022\/10\/tu-dong-sanaky-vh-5699w2k-dan-lanh-gas.webp 1536w\" \/><figcaption id=\"caption-attachment-16397\" class=\"wp-caption-text\">D\u00e0n l\u1ea1nh \u0111\u1ed3ng, Gas R290 tr\u00ean t\u1ee7 \u0111\u00f4ng VH-5699W2K<\/figcaption><\/figure>\n<h3>Gas R290 c\u00f4ng ngh\u1ec7 m\u1edbi nh\u1ea5t tr\u00ean t\u1ee7 \u0111\u00f4ng VH-5699W2K<\/h3>\n<p>Gas R290 l\u00e0 d\u00f2ng gas t\u00e2n ti\u1ebfn nh\u1ea5t hi\u1ec7n nay. T\u1ee7 \u0111\u00f4ng s\u1eed d\u1ee5ng d\u00f2ng gas n\u00e0y s\u1ebd:<\/p>\n<ul>\n<li>\u0110\u1ea1t hi\u1ec7u su\u1ea5t l\u00e0m l\u1ea1nh cao nh\u1ea5t<\/li>\n<li>Ti\u1ebft ki\u1ec7m n\u0103ng l\u01b0\u1ee3ng t\u1ed1i \u0111a<\/li>\n<li>T\u1ef7 s\u1ed1 n\u1ebfn th\u1ea5p nh\u1ea5t<\/li>\n<li>Th\u00e2n thi\u1ec7n v\u1edbi m\u00f4i tr\u01b0\u1eddng, ch\u1ec9 s\u1ed1 ODP=0<\/li>\n<li>An to\u00e0n, kh\u00f4ng \u0111\u1ed9c h\u1ea1i<\/li>\n<\/ul>\n<h3>Thi\u1ebft k\u1ebf sang tr\u1ecdng \u0111\u1eb3ng c\u1ea5p c\u1ee7a t\u1ee7 \u0111\u00f4ng Sanaky VH-5699W2K<\/h3>\n<p>Ngo\u00e0i nh\u1eefng \u01b0u \u0111i\u1ec3m n\u1ed5i b\u1eadt k\u1ec3 tr\u00ean, VH-5699W2K c\u00f2n \u0111\u01b0\u1ee3c trang b\u1ecb r\u1ea5t nhi\u1ec1u t\u00ednh n\u0103ng thi\u1ebft k\u1ebf \u0111\u1eb3ng c\u1ea5p nh\u01b0:<\/p>\n<ul>\n<li>T\u1ee7 \u0111\u00f4ng v\u1edbi th\u00e2n t\u1ee7 \u0111\u01b0\u1ee3c l\u00e0m b\u1eb1ng nh\u1ef1a ABS cao c\u1ea5p, c\u00f3 \u0111\u1ed9 b\u1ec1n cao<\/li>\n<li>L\u00f2ng t\u1ee7 \u0111\u01b0\u1ee3c c\u00f4i ph\u1eb3ng t\u0103ng c\u01b0\u1eddng kh\u00f4ng gian, thu\u1eadn ti\u1ec7n s\u1eafp x\u1ebfp th\u1ef1c ph\u1ea9m v\u00e0 v\u1ec7 sinh t\u1ee7<\/li>\n<li>N\u00fat \u0111i\u1ec1u ch\u1ec9nh nhi\u1ec7t n\u1eb1m ph\u00eda tr\u01b0\u1edbc, d\u01b0\u1edbi th\u00e2n t\u1ee7 gi\u00fap d\u1ec5 d\u00e0ng \u0111i\u1ec1u ch\u1ec9nh nhi\u1ec7t \u0111\u1ed9 ph\u00f9 h\u1ee3p<\/li>\n<li>Ch\u00e2n t\u1ee7 c\u00f3 b\u00e1nh xe ch\u1ecbu l\u1ef1c thu\u1eadn ti\u1ec7n di chuy\u1ec3n<\/li>\n<li>T\u1ee7 \u0111\u00f4ng Sanaky VH-5699W2K \u0111\u01b0\u1ee3c trang b\u1ecb kh\u00f3a an to\u00e0n gi\u00fap ki\u1ec3m so\u00e1t \u0111\u00f3ng m\u1edf t\u1ee7 hi\u1ec7u qu\u1ea3<\/li>\n<li>Van tho\u00e1t n\u01b0\u1edbc b\u00ean trong r\u1ea5t thu\u1eadn ti\u1ec7n cho vi\u1ec7c x\u1ea3 \u0111\u00f4ng hay v\u1ec7 sinh t\u1ee7 ti\u1ec7n l\u1ee3i<\/li>\n<\/ul>\n<\/div>\n<\/div>\n<\/div>\n<\/div>\n","protected":false},"excerpt":{"rendered":"<p><a href=\"https:\/\/dienmaynguyenkhang.vn\/wp-content\/uploads\/2025\/02\/56w21.png\"><img loading=\"lazy\" decoding=\"async\" class=\"alignnone size-medium wp-image-2672\" src=\"https:\/\/dienmaynguyenkhang.vn\/wp-content\/uploads\/2025\/02\/56w21-300x184.png\" alt=\"\" width=\"300\" height=\"184\" srcset=\"https:\/\/dienmaynguyenkhang.vn\/wp-content\/uploads\/2025\/02\/56w21-300x184.png 300w, https:\/\/dienmaynguyenkhang.vn\/wp-content\/uploads\/2025\/02\/56w21-510x313.png 510w, https:\/\/dienmaynguyenkhang.vn\/wp-content\/uploads\/2025\/02\/56w21.png 670w\" sizes=\"auto, (max-width: 300px) 100vw, 300px\" \/><\/a> <a href=\"https:\/\/dienmaynguyenkhang.vn\/wp-content\/uploads\/2025\/02\/56w2.png\"><img loading=\"lazy\" decoding=\"async\" class=\"alignnone size-medium wp-image-2671\" src=\"https:\/\/dienmaynguyenkhang.vn\/wp-content\/uploads\/2025\/02\/56w2-260x300.png\" alt=\"\" width=\"260\" height=\"300\" srcset=\"https:\/\/dienmaynguyenkhang.vn\/wp-content\/uploads\/2025\/02\/56w2-260x300.png 260w, https:\/\/dienmaynguyenkhang.vn\/wp-content\/uploads\/2025\/02\/56w2-510x589.png 510w, https:\/\/dienmaynguyenkhang.vn\/wp-content\/uploads\/2025\/02\/56w2.png 654w\" sizes=\"auto, (max-width: 260px) 100vw, 260px\" \/><\/a> <a href=\"https:\/\/dienmaynguyenkhang.vn\/wp-content\/uploads\/2025\/02\/56k-1.png\"><img loading=\"lazy\" decoding=\"async\" class=\"alignnone size-medium wp-image-2670\" src=\"https:\/\/dienmaynguyenkhang.vn\/wp-content\/uploads\/2025\/02\/56k-1-300x229.png\" alt=\"\" width=\"300\" height=\"229\" srcset=\"https:\/\/dienmaynguyenkhang.vn\/wp-content\/uploads\/2025\/02\/56k-1-300x229.png 300w, https:\/\/dienmaynguyenkhang.vn\/wp-content\/uploads\/2025\/02\/56k-1-510x389.png 510w, https:\/\/dienmaynguyenkhang.vn\/wp-content\/uploads\/2025\/02\/56k-1.png 752w\" sizes=\"auto, (max-width: 300px) 100vw, 300px\" \/><\/a><\/p>\n","protected":false},"featured_media":2672,"comment_status":"open","ping_status":"closed","template":"","meta":[],"class_list":{"0":"post-2669","1":"product","2":"type-product","3":"status-publish","4":"has-post-thumbnail","6":"product_cat-dong-mat","7":"product_cat-sanaky-tu-dong","8":"product_cat-tu-dong","10":"first","11":"instock","12":"sale","13":"shipping-taxable","14":"purchasable","15":"product-type-simple"},"_links":{"self":[{"href":"https:\/\/dienmaynguyenkhang.vn\/index.php?rest_route=\/wp\/v2\/product\/2669","targetHints":{"allow":["GET"]}}],"collection":[{"href":"https:\/\/dienmaynguyenkhang.vn\/index.php?rest_route=\/wp\/v2\/product"}],"about":[{"href":"https:\/\/dienmaynguyenkhang.vn\/index.php?rest_route=\/wp\/v2\/types\/product"}],"replies":[{"embeddable":true,"href":"https:\/\/dienmaynguyenkhang.vn\/index.php?rest_route=%2Fwp%2Fv2%2Fcomments&post=2669"}],"wp:featuredmedia":[{"embeddable":true,"href":"https:\/\/dienmaynguyenkhang.vn\/index.php?rest_route=\/wp\/v2\/media\/2672"}],"wp:attachment":[{"href":"https:\/\/dienmaynguyenkhang.vn\/index.php?rest_route=%2Fwp%2Fv2%2Fmedia&parent=2669"}],"curies":[{"name":"wp","href":"https:\/\/api.w.org\/{rel}","templated":true}]}}