{"id":2661,"date":"2025-02-06T09:18:37","date_gmt":"2025-02-06T02:18:37","guid":{"rendered":"https:\/\/dienmaynguyenkhang.vn\/?post_type=product&#038;p=2661"},"modified":"2025-10-20T19:16:46","modified_gmt":"2025-10-20T12:16:46","slug":"tu-dong-sanaky-inverter-vh-5699hy4k","status":"publish","type":"product","link":"https:\/\/dienmaynguyenkhang.vn\/?product=tu-dong-sanaky-inverter-vh-5699hy4k","title":{"rendered":"T\u1ee7 \u0111\u00f4ng Sanaky Inverter VH-5699HY4K"},"content":{"rendered":"<div class=\"snk-info-product-head\">\n<h3>T\u00ednh n\u0103ng th\u00f4ng s\u1ed1 k\u1ef9 thu\u1eadt<\/h3>\n<\/div>\n<div class=\"large-8 col\">\n<div class=\"img-tskt\"><img loading=\"lazy\" decoding=\"async\" class=\"attachment-full size-full entered lazyloaded\" src=\"https:\/\/sanakyvietnam.net\/wp-content\/uploads\/2022\/10\/vh-5699hy4k.webp\" sizes=\"auto, (max-width: 900px) 100vw, 900px\" srcset=\"https:\/\/sanakyvietnam.net\/wp-content\/uploads\/2022\/10\/vh-5699hy4k.webp 900w, https:\/\/sanakyvietnam.net\/wp-content\/uploads\/2022\/10\/vh-5699hy4k-600x600.webp 600w, https:\/\/sanakyvietnam.net\/wp-content\/uploads\/2022\/10\/vh-5699hy4k-100x100.webp 100w, https:\/\/sanakyvietnam.net\/wp-content\/uploads\/2022\/10\/vh-5699hy4k-768x768.webp 768w, https:\/\/sanakyvietnam.net\/wp-content\/uploads\/2022\/10\/vh-5699hy4k-300x300.webp 300w, https:\/\/sanakyvietnam.net\/wp-content\/uploads\/2022\/10\/vh-5699hy4k-400x400.webp 400w\" alt=\"T\u1ee7 \u0111\u00f4ng Sanaky VH-5699HY4K\" width=\"900\" height=\"900\" data-lazy-srcset=\"https:\/\/sanakyvietnam.net\/wp-content\/uploads\/2022\/10\/vh-5699hy4k.webp 900w, https:\/\/sanakyvietnam.net\/wp-content\/uploads\/2022\/10\/vh-5699hy4k-600x600.webp 600w, https:\/\/sanakyvietnam.net\/wp-content\/uploads\/2022\/10\/vh-5699hy4k-100x100.webp 100w, https:\/\/sanakyvietnam.net\/wp-content\/uploads\/2022\/10\/vh-5699hy4k-768x768.webp 768w, https:\/\/sanakyvietnam.net\/wp-content\/uploads\/2022\/10\/vh-5699hy4k-300x300.webp 300w, https:\/\/sanakyvietnam.net\/wp-content\/uploads\/2022\/10\/vh-5699hy4k-400x400.webp 400w\" data-lazy-sizes=\"(max-width: 900px) 100vw, 900px\" data-lazy-src=\"https:\/\/sanakyvietnam.net\/wp-content\/uploads\/2022\/10\/vh-5699hy4k.webp\" data-ll-status=\"loaded\" \/><\/div>\n<\/div>\n<div class=\"large-4 col\">\n<div class=\"product_additional_content\">\n<h2 class=\"title_tabs\">Th\u00f4ng s\u1ed1 k\u1ef9 thu\u1eadt<\/h2>\n<table id=\"tablepress-422\" class=\"tablepress tablepress-id-422\">\n<tbody class=\"row-hover\">\n<tr class=\"row-1 odd\">\n<td class=\"column-1\"><strong>Model<\/strong><\/td>\n<td class=\"column-2\"><strong>VH-5699HY4K<\/strong><\/td>\n<\/tr>\n<tr class=\"row-2 even\">\n<td class=\"column-1\">S\u1ed1 ng\u0103n<\/td>\n<td class=\"column-2\">1 ng\u0103n \u0111\u00f4ng<\/td>\n<\/tr>\n<tr class=\"row-3 odd\">\n<td class=\"column-1\">S\u1ed1 c\u00e1nh<\/td>\n<td class=\"column-2\">2 c\u00e1nh<\/td>\n<\/tr>\n<tr class=\"row-4 even\">\n<td class=\"column-1\">Ch\u1ea5t li\u1ec7u d\u00e0n l\u1ea1nh<\/td>\n<td class=\"column-2\">\u0110\u1ed3ng<\/td>\n<\/tr>\n<tr class=\"row-5 odd\">\n<td class=\"column-1\">C\u00f4ng ngh\u1ec7 ti\u1ebft ki\u1ec7m \u0111i\u1ec7n<\/td>\n<td class=\"column-2\">Inverter<\/td>\n<\/tr>\n<tr class=\"row-6 even\">\n<td class=\"column-1\">Nhi\u1ec7t \u0111\u1ed9 ng\u0103n \u0111\u00f4ng<\/td>\n<td class=\"column-2\">\u2264-18\u00b0C<\/td>\n<\/tr>\n<tr class=\"row-7 odd\">\n<td class=\"column-1\">Ngu\u1ed3n \u0111i\u1ec7n<\/td>\n<td class=\"column-2\">220V\/50Hz<\/td>\n<\/tr>\n<tr class=\"row-8 even\">\n<td class=\"column-1\">C\u00f4ng su\u1ea5t<\/td>\n<td class=\"column-2\">146.3 (W)<\/td>\n<\/tr>\n<tr>\n<td>Dung t\u00edch t\u1ed5ng th\u1ec3<\/td>\n<td>560 l\u00edt<\/td>\n<\/tr>\n<tr class=\"row-9 odd\">\n<td class=\"column-1\">Dung t\u00edch th\u1ef1c<\/td>\n<td class=\"column-2\">410 l\u00edt<\/td>\n<\/tr>\n<tr class=\"row-10 even\">\n<td class=\"column-1\">K\u00edch th\u01b0\u1edbc<\/td>\n<td class=\"column-2\">1375 x 761 x 900 (mm)<\/td>\n<\/tr>\n<tr class=\"row-11 odd\">\n<td class=\"column-1\">Tr\u1ecdng l\u01b0\u1ee3ng<\/td>\n<td class=\"column-2\">66 (kg)<\/td>\n<\/tr>\n<tr class=\"row-12 even\">\n<td class=\"column-1\">M\u00f4i ch\u1ea5t l\u1ea1nh<\/td>\n<td class=\"column-2\">R600a<\/td>\n<\/tr>\n<tr class=\"row-13 odd\">\n<td class=\"column-1\">B\u00e1nh xe<\/td>\n<td class=\"column-2\">6 b\u00e1nh xe ch\u1ecbu l\u1ef1c<\/td>\n<\/tr>\n<\/tbody>\n<\/table>\n<\/div>\n<p><a class=\"open_additional_popup\" data-src=\"#additional_popup\" data-fancybox=\"\" data-options=\"{&quot;touch&quot; : false}\">Xem chi ti\u1ebft th\u00f4ng s\u1ed1 k\u1ef9 thu\u1eadt<\/a><\/p>\n<div>\n<div data-product_id=\"16095\" data-threshold_min=\"30\" data-threshold_max=\"100\" data-total=\"0\"><\/div>\n<\/div>\n<\/div>\n<div class=\"content_description\">\n<div class=\"woocommerce-tabs wc-tabs-wrapper container tabbed-content\">\n<ul class=\"snk-info-product-head tabs wc-tabs product-tabs small-nav-collapse nav nav-uppercase nav-line-grow nav-left\" role=\"tablist\">\n<li id=\"tab-title-description\" class=\"description_tab active\" role=\"tab\" aria-controls=\"tab-description\"><a href=\"https:\/\/dienmaynguyenkhang.vn\/?post_type=product&amp;p=2661&amp;preview=true\"><i class=\"fa fa-caret-right\"><\/i>M\u00f4 t\u1ea3 s\u1ea3n ph\u1ea9m<\/a><\/li>\n<\/ul>\n<div class=\"tab-panels\">\n<div id=\"tab-description\" class=\"woocommerce-Tabs-panel woocommerce-Tabs-panel--description panel entry-content active\" role=\"tabpanel\" aria-labelledby=\"tab-title-description\">\n<h2>Thi\u1ebft k\u1ebf t\u1ed5ng quan c\u1ee7a t\u1ee7 \u0111\u00f4ng Sanaky VH-5699HY4K<\/h2>\n<p>Dung t\u00edch\u00a0<strong>560 l\u00edt<\/strong>\u00a0v\u1edbi\u00a0<strong>2 c\u1eeda<\/strong>\u00a0v\u00e0\u00a0<strong>1 ng\u0103n \u0111\u00f4ng<\/strong>\u00a0h\u1ed7 tr\u1ee3 t\u1ed1i \u0111a cho nhu c\u1ea7u b\u1ea3o qu\u1ea3n th\u1ef1c ph\u1ea9m m\u00e0 kh\u00f4ng ph\u1ea3i m\u1edf h\u1ebft c\u00e1nh t\u1ee7 g\u00e2y l\u00e3ng ph\u00ed.<\/p>\n<p>C\u1eeda t\u1ee7 b\u1eb1ng\u00a0<strong>h\u1ee3p kim nh\u00f4m s\u01a1n t\u0129nh \u0111i\u1ec7n<\/strong>\u00a0kh\u00f4ng b\u1ecb oxi h\u00f3a v\u00e0 kh\u00f4ng b\u1ecb \u0103n m\u00f2n.Th\u00e2n t\u1ee7 b\u1eb1ng\u00a0<strong>th\u00e9p s\u01a1n t\u0129nh \u0111i\u1ec7n<\/strong>\u00a0v\u1eeba c\u00f3 t\u00ednh th\u1ea9m m\u1ef9 v\u1eeba \u0111\u1ea3m b\u1ea3o \u0111\u1ed9 b\u1ec1n cao v\u00e0 kh\u00f4ng b\u1ecb r\u1ec9 s\u00e9t<\/p>\n<p>L\u00f2ng\u00a0<a href=\"https:\/\/dienmaynguyenkhang.vn\/?post_type=product&amp;p=2661&amp;preview=true\">t\u1ee7 \u0111\u00f4ng<\/a>\u00a0c\u0169ng b\u1eb1ng\u00a0<strong>h\u1ee3p kim nh\u00f4m s\u01a1n t\u0129nh \u0111i\u1ec7n\u00a0<\/strong>gi\u1eef nhi\u1ec7t t\u1ed1t t\u00f3i \u01b0u kh\u1ea3 n\u0103ng b\u1ea3o qu\u1ea3n th\u1ef1c ph\u1ea9m trong th\u1eddi gian d\u00e0i<\/p>\n<p>Thi\u1ebft k\u1ebf vu\u00f4ng v\u1edbi t\u00f4ng m\u00e0u tr\u1eafng gi\u00fap t\u1ee7 \u0111\u1eb7t \u0111\u01b0\u1ee3c \u1edf nhi\u1ec1u kh\u00f4ng gian m\u00e0 v\u1eabn gi\u1eef t\u00ednh th\u1ea9m m\u1ef9<\/p>\n<figure id=\"attachment_16302\" class=\"wp-caption aligncenter\" aria-describedby=\"caption-attachment-16302\"><img loading=\"lazy\" decoding=\"async\" class=\"wp-image-16302 lazy-load-active\" src=\"https:\/\/sanakyvietnam.net\/wp-content\/uploads\/2022\/10\/tu-dong-sanaky-vh-5699hy4k-gt-600x375.png\" sizes=\"auto, (max-width: 900px) 100vw, 900px\" srcset=\"https:\/\/sanakyvietnam.net\/wp-content\/uploads\/2022\/10\/tu-dong-sanaky-vh-5699hy4k-gt-600x375.png 600w, https:\/\/sanakyvietnam.net\/wp-content\/uploads\/2022\/10\/tu-dong-sanaky-vh-5699hy4k-gt-768x481.png 768w, https:\/\/sanakyvietnam.net\/wp-content\/uploads\/2022\/10\/tu-dong-sanaky-vh-5699hy4k-gt-400x250.png 400w, https:\/\/sanakyvietnam.net\/wp-content\/uploads\/2022\/10\/tu-dong-sanaky-vh-5699hy4k-gt.png 1536w\" alt=\"T\u1ee7 \u0111\u00f4ng Sanaky VH-5699HY4K\" width=\"900\" height=\"563\" data-src=\"https:\/\/sanakyvietnam.net\/wp-content\/uploads\/2022\/10\/tu-dong-sanaky-vh-5699hy4k-gt-600x375.png\" data-srcset=\"https:\/\/sanakyvietnam.net\/wp-content\/uploads\/2022\/10\/tu-dong-sanaky-vh-5699hy4k-gt-600x375.png 600w, https:\/\/sanakyvietnam.net\/wp-content\/uploads\/2022\/10\/tu-dong-sanaky-vh-5699hy4k-gt-768x481.png 768w, https:\/\/sanakyvietnam.net\/wp-content\/uploads\/2022\/10\/tu-dong-sanaky-vh-5699hy4k-gt-400x250.png 400w, https:\/\/sanakyvietnam.net\/wp-content\/uploads\/2022\/10\/tu-dong-sanaky-vh-5699hy4k-gt.png 1536w\" \/><figcaption id=\"caption-attachment-16302\" class=\"wp-caption-text\">T\u1ee7 \u0111\u00f4ng Sanaky VH-5699HY4K<\/figcaption><\/figure>\n<h3>C\u00f4ng ngh\u1ec7 l\u00e0m l\u1ea1nh<\/h3>\n<p>T\u00edch h\u1ee3p\u00a0<strong>3 ch\u1ee9c n\u0103ng \u0111i\u1ec1u ch\u1ec9nh:<\/strong>\u00a0m\u00e1t, \u0111\u00f4ng m\u1ec1m v\u00e0 \u0111\u00f4ng c\u1ee9ng\u00a0<strong>(nhi\u1ec7t \u0111\u1ed9 \u2264 -18\u00b0C),\u00a0<\/strong>do \u0111\u00f3 t\u00f9y v\u00e0o lo\u1ea1i th\u1ef1c ph\u1ea9m m\u00e0 ng\u01b0\u1eddi d\u00f9ng c\u00f3 th\u1ec3 ch\u1ecdn nhi\u1ec7t \u0111\u1ed9 th\u00edch h\u1ee3p<\/p>\n<p>C\u00f4ng ngh\u1ec7<strong>\u00a0l\u00e0m l\u1ea1nh tr\u1ef1c ti\u1ebfp<\/strong>\u00a0s\u1ebd t\u1ecfa h\u01a1i l\u1ea1nh nhanh ch\u00f3ng kh\u1eafp t\u1ee7 v\u1edbi d\u00e0n l\u1ea1nh n\u1eb1m ngay \u1edf th\u00e0nh t\u1ee7 \u0111\u1ea3m b\u1ea3o c\u1ea5p \u0111\u00f4ng nhanh v\u00e0 gi\u1eef tr\u1ecdn d\u01b0\u1ee1ng ch\u1ea5t b\u00ean trong c\u1ee7a th\u1ef1c ph\u1ea9m.<\/p>\n<p>S\u1eed d\u1ee5ng\u00a0<strong>gas R600a<\/strong>\u00a0l\u00e0 lo\u1ea1i gas gi\u00fap m\u00e1y n\u00e9n kh\u1ea3 n\u0103ng l\u00e0m l\u1ea1nh nhanh v\u00e0 th\u00e2n thi\u1ec7n v\u1edbi m\u00f4i tr\u01b0\u1eddng xung quanh.<\/p>\n<h3>M\u1ed9t s\u1ed1 ti\u1ec7n \u00edch \u0111i k\u00e8m c\u1ee7a\u00a0<a href=\"https:\/\/dienmaynguyenkhang.vn\/?post_type=product&amp;p=2661&amp;preview=true\">t\u1ee7 \u0111\u00f4ng Sanaky VH-5699HY4K<\/a><\/h3>\n<ul>\n<li>N\u00fat \u0111i\u1ec1u ch\u1ec9nh nhi\u1ec7t \u0111\u1ed9 b\u00ean ngo\u00e0i\u00a0gi\u00fap thao t\u00e1c \u0111i\u1ec1u ch\u1ec9nh nhi\u1ec7t b\u00ean trong ng\u0103n t\u1ee7 d\u1ec5 d\u00e0ng h\u01a1n, tr\u00e1nh l\u00e0m th\u1ea5t tho\u00e1t h\u01a1i l\u1ea1nh.<\/li>\n<li>Kho\u00e1 c\u1eeda t\u1ee7 gi\u00fap ki\u1ec3m so\u00e1t t\u1ee7 t\u1ed1t h\u01a1n tr\u00e1nh nguy hi\u1ec3m khi tr\u1ebb em ngh\u1ecbch<\/li>\n<li>B\u00e1nh xe 4 chi\u1ec1u c\u00f3 th\u1ec3 di chuy\u1ec3n d\u1ec5 d\u00e0ng<\/li>\n<li>L\u1ed7 tho\u00e1t n\u01b0\u1edbc ti\u1ec7n d\u1ee5ng gi\u00fap d\u1ec5 d\u00e0ng v\u1ec7 sinh t\u1ee7<\/li>\n<\/ul>\n<\/div>\n<\/div>\n<\/div>\n<\/div>\n","protected":false},"excerpt":{"rendered":"<p><a href=\"https:\/\/dienmaynguyenkhang.vn\/wp-content\/uploads\/2025\/02\/564k.png\"><img loading=\"lazy\" decoding=\"async\" class=\"alignnone size-medium wp-image-2662\" src=\"https:\/\/dienmaynguyenkhang.vn\/wp-content\/uploads\/2025\/02\/564k-300x186.png\" alt=\"\" width=\"300\" height=\"186\" srcset=\"https:\/\/dienmaynguyenkhang.vn\/wp-content\/uploads\/2025\/02\/564k-300x186.png 300w, https:\/\/dienmaynguyenkhang.vn\/wp-content\/uploads\/2025\/02\/564k-768x477.png 768w, https:\/\/dienmaynguyenkhang.vn\/wp-content\/uploads\/2025\/02\/564k-510x316.png 510w, https:\/\/dienmaynguyenkhang.vn\/wp-content\/uploads\/2025\/02\/564k.png 888w\" sizes=\"auto, (max-width: 300px) 100vw, 300px\" \/><\/a> <a href=\"https:\/\/dienmaynguyenkhang.vn\/wp-content\/uploads\/2025\/02\/564k1.png\"><img loading=\"lazy\" decoding=\"async\" class=\"alignnone size-medium wp-image-2663\" src=\"https:\/\/dienmaynguyenkhang.vn\/wp-content\/uploads\/2025\/02\/564k1-241x300.png\" alt=\"\" width=\"241\" height=\"300\" srcset=\"https:\/\/dienmaynguyenkhang.vn\/wp-content\/uploads\/2025\/02\/564k1-241x300.png 241w, https:\/\/dienmaynguyenkhang.vn\/wp-content\/uploads\/2025\/02\/564k1-510x636.png 510w, https:\/\/dienmaynguyenkhang.vn\/wp-content\/uploads\/2025\/02\/564k1.png 615w\" sizes=\"auto, (max-width: 241px) 100vw, 241px\" \/><\/a><\/p>\n","protected":false},"featured_media":2659,"comment_status":"open","ping_status":"closed","template":"","meta":[],"class_list":{"0":"post-2661","1":"product","2":"type-product","3":"status-publish","4":"has-post-thumbnail","6":"product_cat-dong-nguyen","7":"product_cat-sanaky-tu-dong","8":"product_cat-tu-dong","10":"first","11":"instock","12":"sale","13":"shipping-taxable","14":"purchasable","15":"product-type-simple"},"_links":{"self":[{"href":"https:\/\/dienmaynguyenkhang.vn\/index.php?rest_route=\/wp\/v2\/product\/2661","targetHints":{"allow":["GET"]}}],"collection":[{"href":"https:\/\/dienmaynguyenkhang.vn\/index.php?rest_route=\/wp\/v2\/product"}],"about":[{"href":"https:\/\/dienmaynguyenkhang.vn\/index.php?rest_route=\/wp\/v2\/types\/product"}],"replies":[{"embeddable":true,"href":"https:\/\/dienmaynguyenkhang.vn\/index.php?rest_route=%2Fwp%2Fv2%2Fcomments&post=2661"}],"wp:featuredmedia":[{"embeddable":true,"href":"https:\/\/dienmaynguyenkhang.vn\/index.php?rest_route=\/wp\/v2\/media\/2659"}],"wp:attachment":[{"href":"https:\/\/dienmaynguyenkhang.vn\/index.php?rest_route=%2Fwp%2Fv2%2Fmedia&parent=2661"}],"curies":[{"name":"wp","href":"https:\/\/api.w.org\/{rel}","templated":true}]}}