{"id":2658,"date":"2025-02-06T09:10:50","date_gmt":"2025-02-06T02:10:50","guid":{"rendered":"https:\/\/dienmaynguyenkhang.vn\/?post_type=product&#038;p=2658"},"modified":"2025-10-20T09:22:59","modified_gmt":"2025-10-20T02:22:59","slug":"tu-dong-sanaky-vh-5699hyk","status":"publish","type":"product","link":"https:\/\/dienmaynguyenkhang.vn\/?product=tu-dong-sanaky-vh-5699hyk","title":{"rendered":"T\u1ee7 \u0111\u00f4ng Sanaky VH-5699HYK"},"content":{"rendered":"<div class=\"snk-info-product-head\">\n<h3>T\u00ednh n\u0103ng th\u00f4ng s\u1ed1 k\u1ef9 thu\u1eadt<\/h3>\n<\/div>\n<div class=\"large-8 col\">\n<div class=\"img-tskt\"><img loading=\"lazy\" decoding=\"async\" class=\"attachment-full size-full entered lazyloaded\" src=\"https:\/\/sanakyvietnam.net\/wp-content\/uploads\/2022\/10\/tu-dong-sanaky-vh-5699-6699-8699hyk.webp\" sizes=\"auto, (max-width: 900px) 100vw, 900px\" srcset=\"https:\/\/sanakyvietnam.net\/wp-content\/uploads\/2022\/10\/tu-dong-sanaky-vh-5699-6699-8699hyk.webp 900w, https:\/\/sanakyvietnam.net\/wp-content\/uploads\/2022\/10\/tu-dong-sanaky-vh-5699-6699-8699hyk-600x600.webp 600w, https:\/\/sanakyvietnam.net\/wp-content\/uploads\/2022\/10\/tu-dong-sanaky-vh-5699-6699-8699hyk-100x100.webp 100w, https:\/\/sanakyvietnam.net\/wp-content\/uploads\/2022\/10\/tu-dong-sanaky-vh-5699-6699-8699hyk-768x768.webp 768w, https:\/\/sanakyvietnam.net\/wp-content\/uploads\/2022\/10\/tu-dong-sanaky-vh-5699-6699-8699hyk-300x300.webp 300w, https:\/\/sanakyvietnam.net\/wp-content\/uploads\/2022\/10\/tu-dong-sanaky-vh-5699-6699-8699hyk-400x400.webp 400w\" alt=\"T\u1ee7 \u0111\u00f4ng Sanaky VH-5699, 6699, 8699HYK\" width=\"900\" height=\"900\" data-lazy-srcset=\"https:\/\/sanakyvietnam.net\/wp-content\/uploads\/2022\/10\/tu-dong-sanaky-vh-5699-6699-8699hyk.webp 900w, https:\/\/sanakyvietnam.net\/wp-content\/uploads\/2022\/10\/tu-dong-sanaky-vh-5699-6699-8699hyk-600x600.webp 600w, https:\/\/sanakyvietnam.net\/wp-content\/uploads\/2022\/10\/tu-dong-sanaky-vh-5699-6699-8699hyk-100x100.webp 100w, https:\/\/sanakyvietnam.net\/wp-content\/uploads\/2022\/10\/tu-dong-sanaky-vh-5699-6699-8699hyk-768x768.webp 768w, https:\/\/sanakyvietnam.net\/wp-content\/uploads\/2022\/10\/tu-dong-sanaky-vh-5699-6699-8699hyk-300x300.webp 300w, https:\/\/sanakyvietnam.net\/wp-content\/uploads\/2022\/10\/tu-dong-sanaky-vh-5699-6699-8699hyk-400x400.webp 400w\" data-lazy-sizes=\"(max-width: 900px) 100vw, 900px\" data-lazy-src=\"https:\/\/sanakyvietnam.net\/wp-content\/uploads\/2022\/10\/tu-dong-sanaky-vh-5699-6699-8699hyk.webp\" data-ll-status=\"loaded\" \/><\/div>\n<\/div>\n<div class=\"large-4 col\">\n<div class=\"product_additional_content\">\n<h2 class=\"title_tabs\">Th\u00f4ng s\u1ed1 k\u1ef9 thu\u1eadt<\/h2>\n<table id=\"tablepress-427\" class=\"tablepress tablepress-id-427\">\n<thead>\n<tr class=\"row-1 odd\">\n<th class=\"column-1\">Model<\/th>\n<th class=\"column-2\">VH-5699HYK<\/th>\n<\/tr>\n<\/thead>\n<tbody class=\"row-hover\">\n<tr class=\"row-2 even\">\n<td class=\"column-1\">S\u1ed1 ng\u0103n<\/td>\n<td class=\"column-2\">1 ng\u0103n \u0111\u00f4ng<\/td>\n<\/tr>\n<tr class=\"row-3 odd\">\n<td class=\"column-1\">S\u1ed1 c\u00e1nh<\/td>\n<td class=\"column-2\">2 c\u00e1nh<\/td>\n<\/tr>\n<tr class=\"row-4 even\">\n<td class=\"column-1\">Ch\u1ea5t li\u1ec7u d\u00e0n l\u1ea1nh<\/td>\n<td class=\"column-2\">\u0110\u1ed3ng<\/td>\n<\/tr>\n<tr class=\"row-5 odd\">\n<td class=\"column-1\">Nhi\u1ec7t \u0111\u1ed9 ng\u0103n \u0111\u00f4ng<\/td>\n<td class=\"column-2\">\u2264-18\u00b0C<\/td>\n<\/tr>\n<tr class=\"row-6 even\">\n<td class=\"column-1\">Ngu\u1ed3n \u0111i\u1ec7n<\/td>\n<td class=\"column-2\">220V\/50Hz<\/td>\n<\/tr>\n<tr class=\"row-7 odd\">\n<td class=\"column-1\">C\u00f4ng su\u1ea5t<\/td>\n<td class=\"column-2\">225 (W)<\/td>\n<\/tr>\n<tr class=\"row-8 even\">\n<td class=\"column-1\">Dung t\u00edch th\u1ef1c<\/td>\n<td class=\"column-2\">410 l\u00edt<\/td>\n<\/tr>\n<tr class=\"row-9 odd\">\n<td class=\"column-1\">K\u00edch th\u01b0\u1edbc<\/td>\n<td class=\"column-2\">1375 x 761 x 900 (mm)<\/td>\n<\/tr>\n<tr class=\"row-10 even\">\n<td class=\"column-1\">Tr\u1ecdng l\u01b0\u1ee3ng<\/td>\n<td class=\"column-2\">66 (kg)<\/td>\n<\/tr>\n<tr class=\"row-11 odd\">\n<td class=\"column-1\">M\u00f4i ch\u1ea5t l\u1ea1nh<\/td>\n<td class=\"column-2\">R290<\/td>\n<\/tr>\n<tr class=\"row-12 even\">\n<td class=\"column-1\">B\u00e1nh xe<\/td>\n<td class=\"column-2\">6 b\u00e1nh xe ch\u1ecbu l\u1ef1c<\/td>\n<\/tr>\n<\/tbody>\n<\/table>\n<\/div>\n<p><a class=\"open_additional_popup\" data-src=\"#additional_popup\" data-fancybox=\"\" data-options=\"{&quot;touch&quot; : false}\">Xem chi ti\u1ebft th\u00f4ng s\u1ed1 k\u1ef9 thu\u1eadt<\/a><\/p>\n<div>\n<div data-product_id=\"16080\" data-threshold_min=\"30\" data-threshold_max=\"100\" data-total=\"0\"><\/div>\n<\/div>\n<\/div>\n<div class=\"content_description\">\n<div class=\"woocommerce-tabs wc-tabs-wrapper container tabbed-content\">\n<ul class=\"snk-info-product-head tabs wc-tabs product-tabs small-nav-collapse nav nav-uppercase nav-line-grow nav-left\" role=\"tablist\">\n<li id=\"tab-title-description\" class=\"description_tab active\" role=\"tab\" aria-controls=\"tab-description\"><a href=\"https:\/\/dienmaynguyenkhang.vn\/?post_type=product&amp;p=2658&amp;preview=true\"><i class=\"fa fa-caret-right\"><\/i>M\u00f4 t\u1ea3 s\u1ea3n ph\u1ea9m<\/a><\/li>\n<\/ul>\n<div class=\"tab-panels\">\n<div id=\"tab-description\" class=\"woocommerce-Tabs-panel woocommerce-Tabs-panel--description panel entry-content active\" role=\"tabpanel\" aria-labelledby=\"tab-title-description\">\n<p><strong>T\u1ee7 \u0111\u00f4ng Sanaky Inverter VH-5699HYK<\/strong>\u00a0l\u00e0 t\u1ee7 \u0111\u00f4ng 1 ng\u0103n 2 c\u00e1nh \u0111\u1eddi m\u1edbi c\u1ee7a Sanaky. S\u1ea3n ph\u1ea9m c\u00f3 dung t\u00edch s\u1eed d\u1ee5ng 410 l\u00edt, r\u1ea5t th\u00edch h\u1ee3p cho c\u00e1c c\u1eeda h\u00e0ng ti\u1ec7n \u00edch, c\u1eeda h\u00e0ng th\u1ef1c ph\u1ea9m, qu\u00e1n \u0103n, si\u00eau th\u1ecb v\u1eeba v\u00e0 nh\u1ecf\u2026<\/p>\n<figure id=\"attachment_16327\" class=\"wp-caption aligncenter\" style=\"width: 886px;\" aria-describedby=\"caption-attachment-16327\"><img decoding=\"async\" src=\"https:\/\/cdn.tgdd.vn\/Products\/Images\/166\/115050\/Kit\/sanaky-vh-5699hy-note-2-1.jpg\" alt=\"T\u1ee7 \u0111\u00f4ng Sanaky 410 l\u00edt VH 5699HY\" \/><figcaption id=\"caption-attachment-16327\" class=\"wp-caption-text\">T\u1ee7 \u0111\u00f4ng Sanaky VH-5699HYK<\/figcaption><\/figure>\n<h2>\u0110i\u1ec3m \u0111\u1eb7c bi\u1ec7t c\u1ee7a t\u1ee7 \u0111\u00f4ng Sanaky Inverter VH-5699HYK<\/h2>\n<p>L\u00e0 d\u00f2ng t\u1ee7 \u0111\u00f4ng hi\u1ec7n \u0111\u1ea1i, t\u1ee7 \u0111\u00f4ng Inverter VH-5699HYK s\u1edf h\u1eefu r\u1ea5t nhi\u1ec1u \u01b0u \u0111i\u1ec3m. Nh\u1eefng \u01b0u \u0111i\u1ec3m n\u1ed5i b\u1eadt nh\u1ea5t c\u1ee7a VH-5699HYK ph\u1ea3i k\u1ec3 \u0111\u1ebfn l\u00e0:<\/p>\n<h3>T\u1ee7 \u0111\u00f4ng dung t\u00edch v\u1eeba ph\u00f9 h\u1ee3p \u0111a s\u1ed1 nhu c\u1ea7u<\/h3>\n<p>T\u1ee7 \u0111\u00f4ng Sanaky Inverter VH-5699HYK mang ki\u1ec3u d\u00e1ng 2 c\u1eeda. N\u1eafp d\u1ee1 d\u00f9ng chung cho 1 ng\u0103n \u0111\u00f4ng s\u1ebd gi\u00fap b\u1ea1n thu\u1eadn ti\u1ec7n trong vi\u1ec7c s\u1eafp x\u1ebfp c\u0169ng nh\u01b0 l\u1ea5y th\u1ef1c ph\u1ea9m. V\u1edbi dung t\u00edch ch\u1ee9a th\u1ef1c t\u1ebf 410 l\u00edt, chi\u1ebfc t\u1ee7 \u0111\u00f4ng Sanaky n\u00e0y s\u1ebd l\u00e0 s\u1ef1 l\u1ef1a ch\u1ecdn l\u00fd t\u01b0\u1edfng cho c\u00e1c:<\/p>\n<ul>\n<li>Gia \u0111\u00ecnh<\/li>\n<li>C\u1eeda h\u00e0ng kinh doanh t\u1ea1p h\u00f3a<\/li>\n<li>Si\u00eau th\u1ecb ti\u1ec7n \u00edch<\/li>\n<li>Qu\u00e1n \u0103n, nh\u00e0 h\u00e0ng\u2026<\/li>\n<\/ul>\n<h3>C\u00f4ng ngh\u1ec7 l\u00e0m l\u1ea1nh tr\u1ef1c ti\u1ebfp gi\u1eef th\u1ef1c ph\u1ea9m lu\u00f4n t\u01b0\u01a1i ngon<\/h3>\n<p>S\u1eed d\u1ee5ng c\u00f4ng ngh\u1ec7 l\u00e0m l\u1ea1nh tr\u1ef1c ti\u1ebfp, h\u1ec7 th\u1ed1ng l\u00e0m l\u1ea1nh \u0111\u01b0\u1ee3c g\u1eafn ngay t\u1ea1i th\u00e0nh t\u1ee7 n\u00ean kh\u00ed l\u1ea1nh th\u1ed5i ra s\u1ebd nhanh ch\u00f3ng l\u00e0m l\u1ea1nh th\u1ef1c ph\u1ea9m. V\u1edbi c\u01a1 ch\u1ebf l\u00e0m l\u1ea1nh \u0111\u00f3ng tuy\u1ebft d\u1ec5 d\u00e0ng l\u00e0m \u0111\u00f4ng rau c\u1ee7 tr\u1eef b\u00ean trong, gi\u00fap b\u1ea3o qu\u1ea3n ch\u00fang t\u01b0\u01a1i ngon.<\/p>\n<h3>D\u1eabn nhi\u1ec7t nhanh h\u01a1n v\u1edbi d\u00e0n l\u1ea1nh b\u1eb1ng \u0111\u1ed3ng nguy\u00ean ch\u1ea5t<\/h3>\n<p>D\u00e0n l\u1ea1nh l\u00e0m t\u1eeb \u0111\u1ed3ng nguy\u00ean ch\u1ea5t c\u00f3 kh\u1ea3 n\u0103ng d\u1eabn nhi\u1ec7t c\u1ef1c t\u1ed1t.Nh\u1edd \u0111\u00f3 c\u00e1c th\u1ef1c ph\u1ea9m \u0111\u01b0\u1ee3c b\u1ea3o qu\u1ea3n b\u00ean trong s\u1ebd gi\u1eef \u0111\u01b0\u1ee3c d\u01b0\u1ee1ng ch\u1ea5t v\u00e0 h\u01b0\u01a1ng v\u1ecb l\u00e2u v\u00e0 n\u00e2ng cao tu\u1ed5i th\u1ecd c\u1ee7a t\u1ee7.<\/p>\n<figure id=\"attachment_16328\" class=\"wp-caption aligncenter\" aria-describedby=\"caption-attachment-16328\"><img decoding=\"async\" src=\"https:\/\/cdn.tgdd.vn\/Products\/Images\/166\/115050\/Slider\/Untitled-4-780x433.jpg\" alt=\"T\u1ee7 \u0111\u00f4ng Sanaky 410 l\u00edt VH 5699HY\" \/><figcaption id=\"caption-attachment-16328\" class=\"wp-caption-text\">D\u00e0n l\u1ea1nh b\u1eb1ng \u0111\u1ed3ng l\u00e0m l\u1ea1nh nhanh<\/figcaption><\/figure>\n<h3>S\u1eed d\u1ee5ng Gas R290 ti\u1ebft ki\u1ec7m 40% \u0111i\u1ec7n, th\u00e2n thi\u1ec7n m\u00f4i tr\u01b0\u1eddng<\/h3>\n<p>V\u1edbi gas R290 t\u1ee7 s\u1ebd nhanh ch\u00f3ng l\u00e0m l\u1ea1nh th\u1ef1c ph\u1ea9m. Tuy nhi\u00ean v\u1eabn \u0111\u1ea3m b\u1ea3o kh\u1ea3 n\u0103ng ti\u1ebft ki\u1ec7m l\u00ean \u0111\u1ebfn 40%. T\u1eeb \u0111\u00f3 h\u1ea1n ch\u1ebf chi ph\u00ed \u0111i\u1ec7n h\u00e0ng th\u00e1ng cho gia \u0111\u00ecnh.<\/p>\n<h3>Nhi\u1ec1u ti\u1ec7n \u00edch khi s\u1eed d\u1ee5ng t\u1ee7 \u0111\u00f4ng Sanaky Inverter VH-5699HYK<\/h3>\n<\/div>\n<\/div>\n<\/div>\n<\/div>\n","protected":false},"excerpt":{"rendered":"<p><a href=\"https:\/\/dienmaynguyenkhang.vn\/wp-content\/uploads\/2025\/02\/56k.png\"><img loading=\"lazy\" decoding=\"async\" class=\"alignnone size-medium wp-image-2659\" src=\"https:\/\/dienmaynguyenkhang.vn\/wp-content\/uploads\/2025\/02\/56k-300x229.png\" alt=\"\" width=\"300\" height=\"229\" srcset=\"https:\/\/dienmaynguyenkhang.vn\/wp-content\/uploads\/2025\/02\/56k-300x229.png 300w, https:\/\/dienmaynguyenkhang.vn\/wp-content\/uploads\/2025\/02\/56k-510x389.png 510w, https:\/\/dienmaynguyenkhang.vn\/wp-content\/uploads\/2025\/02\/56k.png 752w\" sizes=\"auto, (max-width: 300px) 100vw, 300px\" \/><\/a><a href=\"https:\/\/dienmaynguyenkhang.vn\/wp-content\/uploads\/2025\/02\/56k.png\"><img loading=\"lazy\" decoding=\"async\" class=\"alignnone size-medium wp-image-2659\" src=\"https:\/\/dienmaynguyenkhang.vn\/wp-content\/uploads\/2025\/02\/56k-300x229.png\" alt=\"\" width=\"300\" height=\"229\" srcset=\"https:\/\/dienmaynguyenkhang.vn\/wp-content\/uploads\/2025\/02\/56k-300x229.png 300w, https:\/\/dienmaynguyenkhang.vn\/wp-content\/uploads\/2025\/02\/56k-510x389.png 510w, https:\/\/dienmaynguyenkhang.vn\/wp-content\/uploads\/2025\/02\/56k.png 752w\" sizes=\"auto, (max-width: 300px) 100vw, 300px\" \/><\/a><\/p>\n","protected":false},"featured_media":2663,"comment_status":"open","ping_status":"closed","template":"","meta":[],"class_list":{"0":"post-2658","1":"product","2":"type-product","3":"status-publish","4":"has-post-thumbnail","6":"product_cat-dong-nguyen","7":"product_cat-sanaky-tu-dong","8":"product_cat-tu-dong","10":"first","11":"instock","12":"sale","13":"shipping-taxable","14":"purchasable","15":"product-type-simple"},"_links":{"self":[{"href":"https:\/\/dienmaynguyenkhang.vn\/index.php?rest_route=\/wp\/v2\/product\/2658","targetHints":{"allow":["GET"]}}],"collection":[{"href":"https:\/\/dienmaynguyenkhang.vn\/index.php?rest_route=\/wp\/v2\/product"}],"about":[{"href":"https:\/\/dienmaynguyenkhang.vn\/index.php?rest_route=\/wp\/v2\/types\/product"}],"replies":[{"embeddable":true,"href":"https:\/\/dienmaynguyenkhang.vn\/index.php?rest_route=%2Fwp%2Fv2%2Fcomments&post=2658"}],"wp:featuredmedia":[{"embeddable":true,"href":"https:\/\/dienmaynguyenkhang.vn\/index.php?rest_route=\/wp\/v2\/media\/2663"}],"wp:attachment":[{"href":"https:\/\/dienmaynguyenkhang.vn\/index.php?rest_route=%2Fwp%2Fv2%2Fmedia&parent=2658"}],"curies":[{"name":"wp","href":"https:\/\/api.w.org\/{rel}","templated":true}]}}