{"id":2233,"date":"2023-05-04T11:38:04","date_gmt":"2023-05-04T04:38:04","guid":{"rendered":"https:\/\/dienmaynguyenkhang.vn\/?post_type=product&#038;p=2233"},"modified":"2026-03-09T11:56:20","modified_gmt":"2026-03-09T04:56:20","slug":"tu-dong-inverter-sanaky-vh-2899w4k-280-lit","status":"publish","type":"product","link":"https:\/\/dienmaynguyenkhang.vn\/?product=tu-dong-inverter-sanaky-vh-2899w4k-280-lit","title":{"rendered":"T\u1ee7 \u0111\u00f4ng Inverter Sanaky VH-2899W4K 280 l\u00edt"},"content":{"rendered":"<div class=\"snk-info-product-head\">\n<h3>T\u00cdNH N\u0102NG TH\u00d4NG S\u1ed0 K\u1ef8 THU\u1eacT<\/h3>\n<\/div>\n<div class=\"large-8 col\">\n<div class=\"img-tskt\"><img loading=\"lazy\" decoding=\"async\" class=\"attachment-full size-full lazyloaded\" src=\"https:\/\/sanakyvietnam.net\/wp-content\/uploads\/thong-so-ky-thuat-sananky-VH-2899W4K.jpg\" sizes=\"auto, (max-width: 1000px) 100vw, 1000px\" srcset=\"https:\/\/sanakyvietnam.net\/wp-content\/uploads\/thong-so-ky-thuat-sananky-VH-2899W4K.jpg 1000w, https:\/\/sanakyvietnam.net\/wp-content\/uploads\/thong-so-ky-thuat-sananky-VH-2899W4K-400x245.jpg 400w, https:\/\/sanakyvietnam.net\/wp-content\/uploads\/thong-so-ky-thuat-sananky-VH-2899W4K-600x368.jpg 600w, https:\/\/sanakyvietnam.net\/wp-content\/uploads\/thong-so-ky-thuat-sananky-VH-2899W4K-768x471.jpg 768w\" alt=\"Th\u00f4ng s\u1ed1 k\u1ef9 thu\u1eadt sananky VH-2899W4K\" width=\"1000\" height=\"613\" data-ll-status=\"loaded\" \/><\/div>\n<\/div>\n<div class=\"large-4 col\">\n<div class=\"product_additional_content\">\n<h2 class=\"title_tabs\">Th\u00f4ng s\u1ed1 k\u1ef9 thu\u1eadt<\/h2>\n<table>\n<tbody>\n<tr>\n<td>Model<\/td>\n<td>VH-2899W4K<\/td>\n<\/tr>\n<tr>\n<td>Dung t\u00edch t\u1ed5ng th\u1ec3 \/ Dung t\u00edch s\u1eed d\u1ee5ng<\/td>\n<td>280 l\u00edt \/ 220 l\u00edt<\/td>\n<\/tr>\n<tr>\n<td>M\u00e0u k\u00ednh c\u01b0\u1eddng l\u1ef1c<\/td>\n<td>X\u00e1m<\/td>\n<\/tr>\n<tr>\n<td>Th\u01b0\u01a1ng hi\u1ec7u<\/td>\n<td><a href=\"https:\/\/dienmaynguyenkhang.vn\/?post_type=product&amp;p=2233&amp;preview=true\">Sanaky<\/a><\/td>\n<\/tr>\n<tr>\n<td>Xu\u1ea5t x\u1ee9<\/td>\n<td>Ch\u00ednh h\u00e3ng<\/td>\n<\/tr>\n<tr>\n<td>B\u1ea3o h\u00e0nh<\/td>\n<td>24 th\u00e1ng<\/td>\n<\/tr>\n<tr>\n<td>K\u00edch th\u01b0\u1edbc (D x R x C mm)<\/td>\n<td>1080 x 620 x 845 mm<\/td>\n<\/tr>\n<tr>\n<td>Tr\u1ecdng l\u01b0\u1ee3ng<\/td>\n<td>42 kg<\/td>\n<\/tr>\n<tr>\n<td>\u0110i\u1ec7n n\u0103ng ti\u00eau th\u1ee5<\/td>\n<td>80.9 W<\/td>\n<\/tr>\n<tr>\n<td>Lo\u1ea1i t\u1ee7<\/td>\n<td><a href=\"https:\/\/dienmaynguyenkhang.vn\/?post_type=product&amp;p=2233&amp;preview=true\">T\u1ee7 \u0111\u00f4ng 2 ng\u0103n 2 c\u00e1nh d\u00e0n \u0111\u1ed3ng<\/a><\/td>\n<\/tr>\n<\/tbody>\n<\/table>\n<\/div>\n<\/div>\n","protected":false},"excerpt":{"rendered":"<ul class=\"snk-info-product-head tabs wc-tabs product-tabs small-nav-collapse nav nav-uppercase nav-line-grow nav-left\" role=\"tablist\">\n<li id=\"tab-title-description\" class=\"description_tab active\" role=\"tab\" aria-controls=\"tab-description\"><a href=\"https:\/\/dienmaynguyenkhang.vn\/?post_type=product&amp;p=2233&amp;preview=true\">M\u00d4 T\u1ea2 S\u1ea2N PH\u1ea8M<\/a><\/li>\n<\/ul>\n<div class=\"tab-panels\">\n<div id=\"tab-description\" class=\"woocommerce-Tabs-panel woocommerce-Tabs-panel--description panel entry-content active\" role=\"tabpanel\" aria-labelledby=\"tab-title-description\">\n<h2>T\u1ee7 \u0111\u00f4ng Inverter Sanaky VH-2899W4K m\u1eb7t k\u00ednh c\u01b0\u1eddng l\u1ef1c<\/h2>\n<p><a href=\"https:\/\/dienmaynguyenkhang.vn\/?post_type=product&amp;p=2233&amp;preview=true\" target=\"_blank\" rel=\"noopener noreferrer\"><strong>T\u1ee7 \u0111\u00f4ng Inverter Sanaky VH-2899W4K<\/strong><\/a>\u00a0thu\u1ed9c d\u00f2ng\u00a0t\u1ee7\u00a02 ng\u0103n\u00a02 c\u00e1nh (g\u1ed3m 1 ng\u0103n \u0111\u00f4ng v\u00e0\u00a01 ng\u0103n m\u00e1t), hay c\u00f2n\u00a0\u0111\u01b0\u1ee3c g\u1ecdi l\u00e0 t\u1ee7\u00a0\u0111\u00f4ng m\u00e1t c\u1ee7a th\u01b0\u01a1ng hi\u1ec7u Sanaky. Chi\u1ebfc t\u1ee7 n\u00e0y\u00a0\u0111\u00e1p\u00a0\u1ee9ng\u00a0\u0111\u01b0\u1ee3c nhu c\u1ea7u v\u1eeba b\u1ea3o qu\u1ea3n tr\u1eef\u00a0\u0111\u00f4ng th\u1ef1c ph\u1ea9m nh\u01b0 th\u1ecbt, c\u00e1,\u00a0\u0111\u1ed3\u00a0\u0111\u1ed3ng l\u1ea1nh\u2026 v\u00e0 b\u1ea3o qu\u1ea3n m\u00e1t th\u1ef1c ph\u1ea9m nh\u01b0 rau, c\u1ee7 , qu\u1ea3,\u00a0\u0111\u1ed3 u\u1ed1ng\u2026<\/p>\n<h3>M\u1ed9t s\u1ed1\u00a0\u0111\u1eb7c\u00a0\u0111i\u1ec3m n\u1ed5i b\u1eadt<\/h3>\n<p>\u2013\u00a0<strong>T\u1ee7 \u0111\u00f4ng VH-2899W4K<\/strong>\u00a0c\u00f3 m\u1eb7t k\u00ednh b\u00ean tr\u00ean s\u00e1ng b\u00f3ng , r\u1ea5t sang tr\u1ecdng ph\u00f9 h\u1ee3p v\u1edbi m\u1ecdi kh\u00f4ng gian nh\u00e0 b\u1ebfp hay c\u1eeda h\u00e0ng n\u00e0o<\/p>\n<p>\u2013 T\u1ee7 c\u00f3 thi\u1ebft k\u1ebf\u00a01 ng\u0103n\u00a0\u0111\u00f4ng v\u00e0 1 ng\u0103n m\u00e1t v\u1edbi 1 c\u00e1nh m\u1edf m\u1ed7i b\u00ean ri\u00eang bi\u1ec7t r\u1ea5t\u00a0ti\u1ec7n l\u1ee3i trong vi\u1ec7c b\u1ea3o qu\u1ea3n 2 lo\u1ea1i th\u1ef1c ph\u1ea9m\u00a0\u0111\u00f4ng v\u00e0 m\u00e1t nh\u01b0 th\u1ecbt, c\u00e1, rau c\u1ee7.<\/p>\n<p>\u2013 2 c\u00e1nh m\u1edf c\u1ee7a t\u1ee7\u00a0\u0111\u01b0\u1ee3c l\u1eafp th\u00eam kh\u00f3a\u00a0\u0103n to\u00e0n cho m\u1ed7i b\u00ean gi\u00fap tr\u00e1nh nh\u1eefng tr\u01b0\u1eddng h\u1ecdp m\u1edf t\u1ee7 ngo\u00e0i\u00a0\u00fd mu\u1ed1n.<\/p>\n<p><img loading=\"lazy\" decoding=\"async\" class=\"aligncenter wp-image-13129 size-full lazyloaded\" src=\"https:\/\/sanakyvietnam.net\/wp-content\/uploads\/tong-quan-tu-dong-sananky-VH-2899W4K.jpg\" sizes=\"auto, (max-width: 1000px) 100vw, 1000px\" srcset=\"https:\/\/sanakyvietnam.net\/wp-content\/uploads\/tong-quan-tu-dong-sananky-VH-2899W4K.jpg 1000w, https:\/\/sanakyvietnam.net\/wp-content\/uploads\/tong-quan-tu-dong-sananky-VH-2899W4K-400x243.jpg 400w, https:\/\/sanakyvietnam.net\/wp-content\/uploads\/tong-quan-tu-dong-sananky-VH-2899W4K-600x365.jpg 600w, https:\/\/sanakyvietnam.net\/wp-content\/uploads\/tong-quan-tu-dong-sananky-VH-2899W4K-768x467.jpg 768w\" alt=\"T\u1ed5ng quan t\u1ee7 \u0111\u00f4ng sanaky VH-2899W4K\" width=\"1000\" height=\"608\" data-ll-status=\"loaded\" \/><\/p>\n<p>\u2013 Th\u00e2n t\u1ee7 c\u00f4i nh\u00f4m s\u01a1n t\u0129nh \u0111i\u1ec7n ph\u1eb3ng, l\u00f2ng t\u1ee7 \u0111\u01b0\u1ee3c l\u00e0m t\u1eeb nh\u1ef1a ABS<b>\u00a0<\/b>lo\u1ea1i ch\u1ea5t li\u1ec7u cao c\u1ea5p, c\u00f3 \u0111\u1ed9 b\u1ec1n cao nh\u1edd v\u00e0o \u0111\u1eb7c t\u00ednh d\u1ebbo, dai v\u00e0 ch\u1ecbu l\u1ef1c t\u1ed1t, c\u00f3 1 l\u1ed7 tho\u00e1t n\u01b0\u1edbc\u00a0d\u01b0\u1edbi\u00a0\u0111\u00e1y gi\u00fap vi\u1ec7c lau ch\u00f9i\u00a0<a href=\"https:\/\/dienmaynguyenkhang.vn\/?post_type=product&amp;p=2233&amp;preview=true\">v\u1ec7 sinh<\/a>\u00a0d\u1ec5 d\u00e0ng h\u01a1n.<\/p>\n<p>\u2013 Dung t\u00edch t\u1ed5ng th\u1ec3 c\u1ee7a t\u1ee7 l\u00e0 280 l\u00edt, dung t\u00edch s\u1eed d\u1ee5ng l\u00e0 220 l\u00edt<\/p>\n<p>\u2013\u00a0<strong>VH-2899W4K<\/strong>\u00a0s\u1eed d\u1ee5ng d\u00e0n l\u1ea1nh b\u1eb1ng \u0111\u1ed3ng cho hi\u1ec7u su\u1ea5t l\u00e0m l\u1ea1nh nhanh v\u00e0 s\u00e2u h\u01a1n so v\u1edbi d\u00e0n nh\u00f4m. K\u1ebft h\u1ee3p qu\u1ea1t \u0111\u1ea3o nhi\u1ec7t gi\u00fap h\u01a1i l\u1ea1nh \u1ed5n \u0111\u1ecbnh v\u00e0 \u0111\u1ec1u kh\u1eafp b\u00ean trong t\u1ee7.<\/p>\n<p>\u2013 Nhi\u1ec7t \u0111\u1ed9\u00a0l\u00e0m l\u1ea1nh c\u1ee7a t\u1eebng ng\u0103n t\u1ee7 l\u00e0: ng\u0103n \u0111\u00f4ng : 0<sup>o<\/sup>C~ -18<sup>o<\/sup>C; ng\u0103n m\u00e1t: 0<sup>o<\/sup>C ~ 10<sup>o<\/sup>C.<\/p>\n<p>\u2013\u00a0<a href=\"https:\/\/dienmaynguyenkhang.vn\/?post_type=product&amp;p=2233&amp;preview=true\">T\u1ee7 \u0111\u00f4ng s\u1eed d\u1ee5ng gas l\u00e0m l\u1ea1nh<\/a>\u00a0l\u00e0 gas R600A \u2013 lo\u1ea1i gas m\u1edbi nh\u1ea5t, l\u00e0m l\u1ea1nh t\u1ed1t v\u00e0 th\u00e2n thi\u1ec7n v\u1edbi m\u00f4i tr\u01b0\u1eddng.<\/p>\n<p>\u2013\u00a0T\u1ee7\u00a0\u0111\u01b0\u1ee3c t\u00edch h\u1ee3p c\u00f4ng ngh\u1ec7 bi\u1ebfn t\u1ea7n inverter n\u00ean s\u1ea3n ph\u1ea9m\u00a0ti\u1ebft ki\u1ec7m h\u01a1n 50% \u0111i\u1ec7n n\u0103ng so v\u1edbi c\u00e1c s\u1ea3n ph\u1ea9m t\u1ee7 \u0111\u00f4ng th\u00f4ng th\u01b0\u1eddng kh\u00e1c.<\/p>\n<p>\u2013 N\u00fat \u0111i\u1ec1u ch\u1ec9nh nhi\u1ec7t \u0111\u1ed9 c\u1ee7a\u00a0<a href=\"https:\/\/dienmaynguyenkhang.vn\/?post_type=product&amp;p=2233&amp;preview=true\">t\u1ee7 c\u1ea5p \u0111\u00f4ng c\u1ee7a h\u00e3ng Sanaky<\/a>\u00a0\u0111\u01b0\u1ee3c thi\u1ebft k\u1ebf b\u00ean ngo\u00e0i th\u00e2n t\u1ee7, ti\u1ec7n l\u1ee3i cho kh\u00e1ch h\u00e0ng mu\u1ed1n c\u00e0i \u0111\u1eb7t nhi\u1ec7t \u0111\u1ed9 theo \u00fd mu\u1ed1n.<\/p>\n<p>\u2013 Ch\u00e2n t\u1ee7\u00a0\u0111\u01b0\u1ee3c l\u1eafp\u00a0\u0111\u1eb7t 4\u00a0b\u00e1nh xe ch\u1ecbu l\u1ef1c gi\u00fap vi\u1ec7c di chuy\u1ec3n t\u1ee7 d\u1ec5 d\u00e0ng h\u01a1n m\u00e0 kh\u00f4ng t\u1ed1n s\u1ee9c.<\/p>\n<h2>\u01afu \u0111i\u1ec3m v\u01b0\u1ee3t tr\u1ed9i<\/h2>\n<h3>C\u00f4ng ngh\u1ec7 Smart Inverter si\u00eau ti\u1ebft ki\u1ec7m \u0111i\u1ec7n<\/h3>\n<p>V\u1edbi kh\u1ea3 n\u0103ng \u0111i\u1ec1u ch\u1ec9nh t\u1ed1c \u0111\u1ed9 v\u00f2ng quay c\u1ee7a \u0111\u1ed9ng c\u01a1, c\u00f4ng ngh\u1ec7 n\u00e0y \u0111em l\u1ea1i hi\u1ec7u qu\u1ea3 ti\u1ebft ki\u1ec7m \u0111i\u1ec7n l\u00ean \u0111\u1ebfn 50% m\u00e0 v\u1eabn \u0111\u1ea3m b\u1ea3o v\u1eadn h\u00e0nh t\u1ed1t v\u00e0 b\u1ec1n b\u1ec9. Ngo\u00e0i ra, c\u00f4ng ngh\u1ec7 n\u00e0y gi\u00fap m\u00e1y n\u00e9n ho\u1ea1t \u0111\u1ed9ng \u00eam \u00e1i, kh\u1ea3 n\u0103ng v\u1eadn h\u00e0nh b\u1ec1n b\u1ec9 \u0111em \u0111\u1ebfn s\u1ef1 b\u1ea3o qu\u1ea3n th\u1ef1c ph\u1ea9m tuy\u1ec7t v\u1eddi cho b\u1ea1n.<\/p>\n<p><img loading=\"lazy\" decoding=\"async\" class=\"aligncenter wp-image-13130 size-full lazyloaded\" src=\"https:\/\/sanakyvietnam.net\/wp-content\/uploads\/tu-dong-cong-nghe-inverter-sananky-VH-2899W4K.jpg\" sizes=\"auto, (max-width: 1000px) 100vw, 1000px\" srcset=\"https:\/\/sanakyvietnam.net\/wp-content\/uploads\/tu-dong-cong-nghe-inverter-sananky-VH-2899W4K.jpg 1000w, https:\/\/sanakyvietnam.net\/wp-content\/uploads\/tu-dong-cong-nghe-inverter-sananky-VH-2899W4K-400x193.jpg 400w, https:\/\/sanakyvietnam.net\/wp-content\/uploads\/tu-dong-cong-nghe-inverter-sananky-VH-2899W4K-600x290.jpg 600w, https:\/\/sanakyvietnam.net\/wp-content\/uploads\/tu-dong-cong-nghe-inverter-sananky-VH-2899W4K-768x371.jpg 768w\" alt=\"T\u1ee7 \u0111\u00f4ng c\u00f4ng ngh\u1ec7 inverter sananky VH-2899W4K\" width=\"1000\" height=\"483\" data-ll-status=\"loaded\" \/><\/p>\n<h3>Thi\u1ebft k\u1ebf thu\u1eadn ti\u1ec7n 2 ng\u0103n \u0111\u00f4ng\/m\u00e1t \u2013 2 c\u00e1nh m\u1edf<\/h3>\n<p>T\u1ee7 \u0111\u00f4ng \u0111\u01b0\u1ee3c thi\u1ebft k\u1ebf v\u1edbi 2 ng\u0103n \u0111\u00f4ng\/m\u00e1t c\u00f9ng 2 c\u00e1nh m\u1edf (1 c\u00e1nh to ng\u0103n \u0111\u00f4ng, 1 c\u00e1nh nh\u1ecf ng\u0103n m\u00e1t), mang s\u1eafc tr\u1eafng trung t\u00ednh, \u0111\u01a1n gi\u1ea3n, d\u1ec5 d\u00e0ng ph\u00f9 h\u1ee3p v\u1edbi m\u1ecdi ki\u1ec3u kh\u00f4ng gian qu\u00e1n \u0103n, nh\u00e0 h\u00e0ng. B\u00ean c\u1ea1nh \u0111\u00f3, t\u1ee7 c\u00f2n \u0111\u01b0\u1ee3c thi\u1ebft k\u1ebf 4 b\u00e1nh xe, gi\u00fap b\u1ea1n thu\u1eadn ti\u1ec7n trong vi\u1ec7c di chuy\u1ec3n, thay \u0111\u1ed5i v\u1ecb tr\u00ed t\u1ee7.<\/p>\n<p>T\u1ee7 c\u00f3 \u0111\u01b0\u1ee3c chia l\u00e0m 2 ng\u0103n: ng\u0103n \u0111\u00f4ng v\u00e0 ng\u0103n m\u00e1t ri\u00eang bi\u1ec7t, c\u00f3 d\u00e1n nh\u00e3n ch\u1ec9 d\u1eabn ti\u1ec7n quan s\u00e1t, t\u1ee7 \u0111\u00f4ng Sanaky cho ph\u00e9p b\u1ea1n d\u1ec5 d\u00e0ng ph\u00e2n lo\u1ea1i th\u1ef1c ph\u1ea9m \u0111\u1ec3 b\u1ea3o qu\u1ea3n.<\/p>\n<h3>D\u00e0n l\u1ea1nh b\u1eb1ng \u1ed1ng \u0111\u1ed3ng k\u1ebft h\u1ee3p c\u00f4ng ngh\u1ec7 l\u00e0m l\u1ea1nh 360 \u0111\u1ed9<\/h3>\n<p>D\u00e0n l\u1ea1nh b\u1eb1ng \u0111\u1ed3ng nguy\u00ean ch\u1ea5t gi\u00fap cho t\u1ee7 \u0111\u00f4ng d\u1eabn nhi\u1ec7t nhanh h\u01a1n, v\u1eadn h\u00e0nh \u00eam \u00e1i v\u00e0 ti\u1ebft ki\u1ec7m \u0111i\u1ec7n.<\/p>\n<p>S\u1ea3n ph\u1ea9m \u0111\u01b0\u1ee3c \u1ee9ng d\u1ee5ng c\u00f4ng ngh\u1ec7 l\u00e0m l\u1ea1nh 360 \u0111\u1ed9, h\u01a1i l\u1ea1nh s\u1ebd \u0111\u01b0\u1ee3c t\u1ecfa \u0111\u1ec1u b\u00ean trong t\u1ee7, t\u00e1c \u0111\u1ed9ng to\u00e0n di\u1ec7n l\u00ean b\u1ec1 m\u1eb7t th\u1ef1c ph\u1ea9m, \u0111em \u0111\u1ebfn hi\u1ec7u qu\u1ea3 l\u00e0m l\u1ea1nh s\u00e2u, \u0111\u00f3ng \u0111\u00f4ng tri\u1ec7t \u0111\u1ec3.<\/p>\n<p><img loading=\"lazy\" decoding=\"async\" class=\"aligncenter wp-image-13131 size-full lazyloaded\" src=\"https:\/\/sanakyvietnam.net\/wp-content\/uploads\/tu-dong-dan-lanh-dong-VH-3699W4K.jpg\" sizes=\"auto, (max-width: 1000px) 100vw, 1000px\" srcset=\"https:\/\/sanakyvietnam.net\/wp-content\/uploads\/tu-dong-dan-lanh-dong-VH-3699W4K.jpg 1000w, https:\/\/sanakyvietnam.net\/wp-content\/uploads\/tu-dong-dan-lanh-dong-VH-3699W4K-400x193.jpg 400w, https:\/\/sanakyvietnam.net\/wp-content\/uploads\/tu-dong-dan-lanh-dong-VH-3699W4K-600x290.jpg 600w, https:\/\/sanakyvietnam.net\/wp-content\/uploads\/tu-dong-dan-lanh-dong-VH-3699W4K-768x371.jpg 768w\" alt=\"T\u1ee7 \u0111\u00f4ng d\u00e0n l\u1ea1nh \u0111\u1ed3ng VH-3699W4K\" width=\"1000\" height=\"483\" data-ll-status=\"loaded\" \/><\/p>\n<h3>T\u1ee7 \u0111\u01b0\u1ee3c thi\u1ebft k\u1ebf v\u1edbi 2 ng\u0103n \u0111\u00f4ng\/m\u00e1t ri\u00eang bi\u1ec7t<\/h3>\n<p>Ng\u0103n b\u1ea3o qu\u1ea3n ng\u0103n \u0111\u00f4ng: c\u00f3 nhi\u1ec7t \u0111\u1ed9 l\u1ea1nh s\u00e2u &lt;= -18 \u0111\u1ed9 C, \u0111\u00f4ng l\u1ea1nh s\u00e2u v\u00e0 hi\u1ec7u qu\u1ea3, ph\u00f9 h\u1ee3p v\u1edbi nhu c\u1ea7u b\u1ea3o qu\u1ea3n m\u1ed9t s\u1ed1 th\u1ef1c ph\u1ea9m nh\u01b0 th\u1ecbt, c\u00e1, rau c\u1ee7, \u2026trong th\u1eddi gian d\u00e0i.<\/p>\n<p>Ng\u0103n b\u1ea3o qu\u1ea3n ng\u0103n m\u00e1t: c\u00f3 nhi\u1ec7t \u0111\u1ed9 dao \u0111\u1ed9ng t\u1eeb 0 \u0111\u1ed9 C \u2013 10 \u0111\u1ed9 C, ph\u00f9 h\u1ee3p v\u1edbi nhu c\u1ea7u b\u1ea3o qu\u1ea3n th\u1ef1c ph\u1ea9m ng\u1eafn ng\u00e0y.<\/p>\n<h3>M\u1eb7t k\u00ednh c\u01b0\u1eddng l\u1ef1c sang tr\u1ecdng, \u0111\u1eb3ng c\u1ea5p<\/h3>\n<p>\u0110\u1ec3 b\u1ea3o v\u1ec7 m\u1eb7t t\u1ee7 to\u00e0n di\u1ec7n h\u01a1n th\u00ec t\u1ee7 \u0111\u01b0\u1ee3c trang b\u1ecb m\u1ed9t l\u1edbp m\u1eb7t k\u00ednh c\u01b0\u1eddng l\u1ef1c, thi\u1ebft k\u1ebf n\u00e0y ngo\u00e0i vi\u1ec7c gi\u00fap t\u1ee7 tr\u00f4ng \u0111\u1eb9p h\u01a1n th\u00ec l\u1edbp k\u00ednh c\u01b0\u1eddng l\u1ef1c s\u1ebd gi\u00fap cho vi\u1ec7c b\u1ea3o v\u1ec7 \u0111\u01b0\u1ee3c c\u00e1nh t\u1ee7 tr\u01b0\u1edbc t\u00e1c \u0111\u1ed9ng b\u00ean ngo\u00e0i.<\/p>\n<p><img loading=\"lazy\" decoding=\"async\" class=\"aligncenter wp-image-13132 size-full lazyloaded\" src=\"https:\/\/sanakyvietnam.net\/wp-content\/uploads\/tu-dong-kinh-cuong-luc-sananky-VH-2899W4K.jpg\" sizes=\"auto, (max-width: 1000px) 100vw, 1000px\" srcset=\"https:\/\/sanakyvietnam.net\/wp-content\/uploads\/tu-dong-kinh-cuong-luc-sananky-VH-2899W4K.jpg 1000w, https:\/\/sanakyvietnam.net\/wp-content\/uploads\/tu-dong-kinh-cuong-luc-sananky-VH-2899W4K-400x193.jpg 400w, https:\/\/sanakyvietnam.net\/wp-content\/uploads\/tu-dong-kinh-cuong-luc-sananky-VH-2899W4K-600x290.jpg 600w, https:\/\/sanakyvietnam.net\/wp-content\/uploads\/tu-dong-kinh-cuong-luc-sananky-VH-2899W4K-768x371.jpg 768w\" alt=\"T\u1ee7 \u0111\u00f4ng k\u00ednh c\u01b0\u1eddng l\u1ef1c sananky- VH-2899W4K\" width=\"1000\" height=\"483\" data-ll-status=\"loaded\" \/><\/p>\n<h3>Trang b\u1ecb gi\u1ecf \u0111\u1ef1ng \u0111\u1ed3 ti\u1ec7n d\u1ee5ng<\/h3>\n<p>Gi\u1ecf \u0111\u1ef1ng \u0111\u1ed3 ti\u1ec7n l\u1ee3i t\u00e1ch bi\u1ec7t c\u00f3 th\u1ec3 b\u1ecf ra khi kh\u00f4ng s\u1eed d\u1ee5ng.<\/p>\n<h3>L\u00f2ng t\u1ee7 thi\u1ebft k\u1ebf ph\u1eb3ng<\/h3>\n<p>L\u00f2ng c\u00f4i t\u1ee7 ph\u1eb3ng d\u1ec5 d\u00e0ng v\u1ec7 sinh, s\u1eafp x\u1ebfp t\u1ee7.<\/p>\n<p><img loading=\"lazy\" decoding=\"async\" class=\"aligncenter wp-image-13133 size-full lazyloaded\" src=\"https:\/\/sanakyvietnam.net\/wp-content\/uploads\/long-tu-coi-phang-sananky-VH-3699W4K.jpg\" sizes=\"auto, (max-width: 1000px) 100vw, 1000px\" srcset=\"https:\/\/sanakyvietnam.net\/wp-content\/uploads\/long-tu-coi-phang-sananky-VH-3699W4K.jpg 1000w, https:\/\/sanakyvietnam.net\/wp-content\/uploads\/long-tu-coi-phang-sananky-VH-3699W4K-400x193.jpg 400w, https:\/\/sanakyvietnam.net\/wp-content\/uploads\/long-tu-coi-phang-sananky-VH-3699W4K-600x290.jpg 600w, https:\/\/sanakyvietnam.net\/wp-content\/uploads\/long-tu-coi-phang-sananky-VH-3699W4K-768x371.jpg 768w\" alt=\"L\u00f2ng t\u1ee7 c\u00f4i ph\u1eb3ng sananky VH-3699W4K\" width=\"1000\" height=\"483\" data-ll-status=\"loaded\" \/><\/p>\n<h3>T\u1ee7 c\u00f3 trang b\u1ecb kho\u00e1 an to\u00e0n<\/h3>\n<p>Vi\u1ec7c m\u1edf t\u1ee7 th\u01b0\u1eddng xuy\u00ean s\u1ebd l\u00e0m th\u1ea5t tho\u00e1t nhi\u1ec7t, gi\u1ea3m hi\u1ec7u qu\u1ea3 \u0111\u00f4ng l\u1ea1nh c\u1ee7a t\u1ee7, \u0111\u1ed3ng th\u1eddi ti\u00eau t\u1ed1n nhi\u1ec1u \u0111i\u1ec7n n\u0103ng kh\u00f4ng c\u1ea7n thi\u1ebft. Kh\u00f3a an to\u00e0n s\u1ebd gi\u00fap ng\u01b0\u1eddi s\u1eed d\u1ee5ng ki\u1ec3m so\u00e1t t\u1ed1t h\u01a1n ho\u1ea1t \u0111\u1ed9ng \u0111\u00f3ng \u2013 m\u1edf t\u1ee7 \u0111\u00f4ng.<\/p>\n<h3>B\u00e1nh xe cho t\u1ee7 d\u1ec5 d\u00e0ng di chuy\u1ec3n<\/h3>\n<p>T\u1ee7 c\u00f3 trang b\u1ecb b\u00e1nh xe thu\u1eadn ti\u1ec7n cho vi\u1ec7c di chuy\u1ec3n t\u1ee7 v\u00ec t\u1ee7 \u0111\u00f4ng s\u1edf h\u1eefu tr\u1ecdng l\u01b0\u1ee3ng l\u1edbn, t\u1ee7 \u0111\u00f4ng g\u00e2y nhi\u1ec1u kh\u00f3 kh\u0103n khi v\u1eadn chuy\u1ec3n.<\/p>\n<h3>M\u1ed9t s\u1ed1 l\u01b0u \u00fd khi s\u1eed d\u1ee5ng<\/h3>\n<p>\u2013 N\u01a1i\u00a0\u0111\u1eb7t\u00a0t\u1ee7 ph\u1ea3i\u00a0kh\u00f4 r\u00e1o, \u00edt b\u1ee5i v\u00e0\u00a0\u0111\u1ea3m b\u1ea3o th\u00f4ng tho\u00e1ng ph\u00eda sau.<\/p>\n<p>\u2013 Kho\u1ea3ng c\u00e1ch gi\u1eef t\u1ee7 v\u00e0 t\u01b0\u1eddng t\u1ed1i thi\u1ec3u kho\u1ea3ng\u00a010 cm \u0111\u1ec3 \u0111\u1ea3m b\u1ea3o l\u01b0u th\u00f4ng kh\u00f4ng kh\u00ed\u00a0l\u00e0m m\u00e1t d\u00e0n. L\u01b0u\u00a0\u00fd:\u00a0kh\u00f4ng d\u00f9ng b\u1ea5t c\u1ee9 v\u1eadt g\u00ec\u00a0\u0111\u1ec3 ph\u1ee7 ho\u1eb7c ch\u1eafn k\u00edn\u00a0d\u00e0n ng\u01b0ng d\u00e0n n\u00f3ng.<\/p>\n<p>\u2013 N\u1ebfu\u00a0b\u1ea3o qu\u1ea3n c\u00e1c th\u1ef1c ph\u1ea9m l\u1ecfng n\u00ean\u00a0\u0111\u1ec3\u00a0trong h\u1ed9p c\u00f3 n\u1eafp \u0111\u1eady k\u00edn \u0111\u1ec3 ch\u1ed1ng bay h\u01a1i l\u00e0m t\u0103ng\u00a0nhanh l\u1edbp tuy\u1ebft tan b\u00e1m tr\u00ean gi\u00e0n l\u1ea1nh.<\/p>\n<p>\u2013 Kh\u00f4ng \u0111\u1ec3 trong t\u1ee7 c\u00e1c ch\u1ea5t axit -bazo g\u00e2y \u0103n m\u00f2n t\u1ee7 (\u0111\u1eb7c bi\u1ec7t c\u00e1c ch\u1ea5t chay n\u1ed5 t\u1ee7 l\u1ea1nh l\u00e0m b\u1eb1ng nh\u00f4m d\u1eabn \u0111\u1ebfn m\u1ea5t gas).<\/p>\n<\/div>\n<\/div>\n","protected":false},"featured_media":2234,"comment_status":"open","ping_status":"closed","template":"","meta":[],"class_list":{"0":"post-2233","1":"product","2":"type-product","3":"status-publish","4":"has-post-thumbnail","6":"product_cat-dong-mat","7":"product_cat-sanaky-tu-dong","8":"product_cat-tu-dong","10":"first","11":"instock","12":"sale","13":"shipping-taxable","14":"purchasable","15":"product-type-simple"},"_links":{"self":[{"href":"https:\/\/dienmaynguyenkhang.vn\/index.php?rest_route=\/wp\/v2\/product\/2233","targetHints":{"allow":["GET"]}}],"collection":[{"href":"https:\/\/dienmaynguyenkhang.vn\/index.php?rest_route=\/wp\/v2\/product"}],"about":[{"href":"https:\/\/dienmaynguyenkhang.vn\/index.php?rest_route=\/wp\/v2\/types\/product"}],"replies":[{"embeddable":true,"href":"https:\/\/dienmaynguyenkhang.vn\/index.php?rest_route=%2Fwp%2Fv2%2Fcomments&post=2233"}],"wp:featuredmedia":[{"embeddable":true,"href":"https:\/\/dienmaynguyenkhang.vn\/index.php?rest_route=\/wp\/v2\/media\/2234"}],"wp:attachment":[{"href":"https:\/\/dienmaynguyenkhang.vn\/index.php?rest_route=%2Fwp%2Fv2%2Fmedia&parent=2233"}],"curies":[{"name":"wp","href":"https:\/\/api.w.org\/{rel}","templated":true}]}}