{"id":2174,"date":"2023-04-25T09:15:15","date_gmt":"2023-04-25T02:15:15","guid":{"rendered":"https:\/\/dienmaynguyenkhang.vn\/?post_type=product&#038;p=2174"},"modified":"2026-03-20T23:06:25","modified_gmt":"2026-03-20T16:06:25","slug":"tu-mat-sanaky-vh-3089k-300-lit","status":"publish","type":"product","link":"https:\/\/dienmaynguyenkhang.vn\/?product=tu-mat-sanaky-vh-3089k-300-lit","title":{"rendered":"T\u1ee7 m\u00e1t Sanaky VH-3089K 300 l\u00edt"},"content":{"rendered":"<div class=\"snk-info-product-head\">\n<h3>T\u00cdNH N\u0102NG TH\u00d4NG S\u1ed0 K\u1ef8 THU\u1eacT<\/h3>\n<\/div>\n<div class=\"large-8 col\">\n<div class=\"img-tskt\"><img loading=\"lazy\" decoding=\"async\" class=\"attachment-full size-full lazyloaded\" src=\"https:\/\/sanakyvietnam.net\/wp-content\/uploads\/2022\/05\/tu-mat-sanaky-vh-3089k-thong-so-ky-thuat.jpg\" sizes=\"auto, (max-width: 1536px) 100vw, 1536px\" srcset=\"https:\/\/sanakyvietnam.net\/wp-content\/uploads\/2022\/05\/tu-mat-sanaky-vh-3089k-thong-so-ky-thuat.jpg 1536w, https:\/\/sanakyvietnam.net\/wp-content\/uploads\/2022\/05\/tu-mat-sanaky-vh-3089k-thong-so-ky-thuat-600x375.jpg 600w, https:\/\/sanakyvietnam.net\/wp-content\/uploads\/2022\/05\/tu-mat-sanaky-vh-3089k-thong-so-ky-thuat-768x481.jpg 768w, https:\/\/sanakyvietnam.net\/wp-content\/uploads\/2022\/05\/tu-mat-sanaky-vh-3089k-thong-so-ky-thuat-400x250.jpg 400w\" alt=\"tu-mat-sanaky-vh-3089k-thong-so-ky-thuat\" width=\"1536\" height=\"961\" data-ll-status=\"loaded\" \/><\/div>\n<\/div>\n<div class=\"large-4 col\">\n<div class=\"product_additional_content\">\n<h2 class=\"title_tabs\">Th\u00f4ng s\u1ed1 k\u1ef9 thu\u1eadt<\/h2>\n<table>\n<tbody>\n<tr>\n<td width=\"193\">Model<\/td>\n<td width=\"123\">VH-3089K<\/td>\n<\/tr>\n<tr>\n<td width=\"193\">C\u00f4ng ngh\u1ec7 l\u00e0m l\u1ea1nh<\/td>\n<td width=\"123\">Kh\u00f4ng \u0111\u00f3ng tuy\u1ebft \/ Nofrost<\/td>\n<\/tr>\n<tr>\n<td width=\"193\">Dung t\u00edch s\u1eed d\u1ee5ng<\/td>\n<td>300<\/td>\n<\/tr>\n<tr>\n<td width=\"193\">Kho\u1ea3ng nhi\u1ec7t \u0111\u1ed9<\/td>\n<td>0\uff5e10\u2103<\/td>\n<\/tr>\n<tr>\n<td width=\"193\">D\u00e0n l\u1ea1nh<\/td>\n<td width=\"123\">\u0110\u1ed3ng<\/td>\n<\/tr>\n<tr>\n<td width=\"193\">X\u1ea3 \u0111\u00e1<\/td>\n<td width=\"123\">T\u1ef1 \u0111\u1ed9ng<\/td>\n<\/tr>\n<tr>\n<td width=\"193\">C\u00f4ng su\u1ea5t<\/td>\n<td width=\"123\">212.7<\/td>\n<\/tr>\n<tr>\n<td width=\"193\">\u0110i\u1ec7n \u00e1p \/ T\u1ea7n s\u1ed1<\/td>\n<td>220V\/50Hz<\/td>\n<\/tr>\n<tr>\n<td width=\"193\">Lo\u1ea1i gas l\u1ea1nh \/ kh\u1ed1i l\u01b0\u1ee3ng<\/td>\n<td>R600a\/65Gr<\/td>\n<\/tr>\n<tr>\n<td width=\"193\">Lo\u1ea1i k\u00ednh<\/td>\n<td width=\"123\">K\u00ednh Low -E<\/td>\n<\/tr>\n<\/tbody>\n<\/table>\n<\/div>\n<\/div>\n","protected":false},"excerpt":{"rendered":"<ul class=\"snk-info-product-head tabs wc-tabs product-tabs small-nav-collapse nav nav-uppercase nav-line-grow nav-left\" role=\"tablist\">\n<li id=\"tab-title-description\" class=\"description_tab active\" role=\"tab\" aria-controls=\"tab-description\"><a href=\"https:\/\/dienmaynguyenkhang.vn\/?post_type=product&amp;p=2174&amp;preview=true\">M\u00d4 T\u1ea2 S\u1ea2N PH\u1ea8M<\/a><\/li>\n<\/ul>\n<div class=\"tab-panels\">\n<div id=\"tab-description\" class=\"woocommerce-Tabs-panel woocommerce-Tabs-panel--description panel entry-content active\" role=\"tabpanel\" aria-labelledby=\"tab-title-description\">\n<h2>Thi\u1ebft k\u1ebf th\u00f4ng minh ti\u1ec7n l\u1ee3i\u00a0<a href=\"https:\/\/dienmaynguyenkhang.vn\/?post_type=product&amp;p=2174&amp;preview=true\">T\u1ee7 m\u00e1t Sanaky VH-3089K<\/a>\u00a0300L d\u00e0n \u0111\u1ed3ng<\/h2>\n<h3>1 ng\u0103n m\u00e1t \u2013 1 c\u00e1nh m\u1edf<\/h3>\n<p>T\u1ee7 m\u00e1t \u0111\u01b0\u1ee3c thi\u1ebft k\u1ebf v\u1edbi 1 c\u00e1nh c\u1eeda k\u00ednh m\u1edf trong su\u1ed1t tinh t\u1ebf, nh\u1ecf g\u1ecdn v\u00e0 kh\u00f4ng chi\u1ebfm nhi\u1ec1u di\u1ec7n t\u00edch. V\u1edbi dung t\u00edch v\u00e0 k\u00edch th\u01b0\u1edbc c\u1ee7a m\u00ecnh th\u00ec \u0111\u00e2y l\u00e0 s\u1ef1 l\u1ef1a ch\u1ecdn ph\u00f9 h\u1ee3p cho c\u00e1c c\u1eeda h\u00e0ng t\u1ea1p h\u00f3a, c\u1eeda h\u00e0ng ti\u1ec7n l\u1ee3i v\u00e0 qu\u00e1n n\u01b0\u1edbc gia \u0111\u00ecnh.<\/p>\n<p><img loading=\"lazy\" decoding=\"async\" class=\"aligncenter wp-image-15561 lazyloaded\" src=\"https:\/\/sanakyvietnam.net\/wp-content\/uploads\/2022\/05\/tu-mat-sanaky-vh-3089k-600x375.jpg\" sizes=\"auto, (max-width: 800px) 100vw, 800px\" srcset=\"https:\/\/sanakyvietnam.net\/wp-content\/uploads\/2022\/05\/tu-mat-sanaky-vh-3089k-600x375.jpg 600w, https:\/\/sanakyvietnam.net\/wp-content\/uploads\/2022\/05\/tu-mat-sanaky-vh-3089k-768x481.jpg 768w, https:\/\/sanakyvietnam.net\/wp-content\/uploads\/2022\/05\/tu-mat-sanaky-vh-3089k-400x250.jpg 400w, https:\/\/sanakyvietnam.net\/wp-content\/uploads\/2022\/05\/tu-mat-sanaky-vh-3089k.jpg 1536w\" alt=\"tu-mat-sanaky-vh-3089k\" width=\"800\" height=\"501\" data-ll-status=\"loaded\" \/><\/p>\n<h2>C\u00f4ng ngh\u1ec7 k\u00ednh Low-E<\/h2>\n<h3>\u0110\u1ea3m b\u1ea3o th\u1ef1c ph\u1ea9m \u0111\u01b0\u1ee3c b\u1ea3o qu\u1ea3n trong \u0111i\u1ec1u ki\u1ec7n l\u1ea1nh s\u00e2u<\/h3>\n<p><strong>H\u1ea1n ch\u1ebf s\u1ef1 trao \u0111\u1ed5i nhi\u1ec7t v\u1edbi b\u00ean ngo\u00e0i:<\/strong>\u00a0k\u00ednh ph\u1ee7 LOW-E s\u1ebd h\u1ea1n ch\u1ebf tia h\u1ed3ng ngo\u1ea1i mang nhi\u1ec7t v\u00e0 tia UV n\u0103ng l\u01b0\u1ee3ng cao c\u1ee7a \u00e1nh s\u00e1ng tr\u1eafng th\u00e2m nh\u1eadp v\u00e0o t\u1ee7.<\/p>\n<p><strong>T\u0103ng kh\u1ea3 n\u0103ng c\u00e1ch nhi\u1ec7t:<\/strong>\u00a0h\u1ea1n ch\u1ebf b\u1ee9c x\u1ea1 gi\u00fap gi\u1ea3m trao \u0111\u1ed5i nhi\u1ec7t v\u1edbi m\u00f4i tr\u01b0\u1eddng b\u00ean ngo\u00e0i xu\u1ed1ng m\u1ee9c th\u1ea5p nh\u1ea5t. Kh\u00f4ng gian l\u00e0m l\u1ea1nh b\u00ean trong t\u1ee7 gi\u1eef \u0111\u01b0\u1ee3c nhi\u1ec7t \u0111\u1ed9 l\u00e2u h\u01a1n<\/p>\n<p><strong>H\u1ea1n ch\u1ebf \u0111\u1ecdng s\u01b0\u01a1ng:<\/strong>\u00a0K\u00ednh Low-E gi\u00fap h\u1ea1n ch\u1ebf \u0111\u1ecdng s\u01b0\u01a1ng hay h\u01a1i n\u01b0\u1edbc tr\u00ean c\u00e1nh t\u1ee7 khi t\u1ee7 \u0111ang ho\u1ea1t \u0111\u1ed9ng nh\u1edd n\u0103ng cao kh\u1ea3 n\u0103ng c\u00e1ch nhi\u1ec7t c\u1ee7a k\u00ednh.<\/p>\n<p><strong>Ti\u1ebft ki\u1ec7m t\u1ed1i \u0111a \u0111i\u1ec7n n\u0103ng:<\/strong>\u00a0nh\u1edd kh\u1ea3 n\u0103ng gi\u1eef nhi\u1ec7t v\u00e0 c\u00e1ch nhi\u1ec7t t\u1ed1t c\u1ee7a k\u00ednh Low-e m\u00e0 t\u1ee7 m\u00e1t s\u1ebd ph\u1ea3i ho\u1ea1t \u0111\u1ed9ng \u00edt h\u01a1n t\u1eeb \u0111\u00f3 ti\u1ebft ki\u1ec7m \u0111i\u1ec7n<\/p>\n<p><strong>Quan s\u00e1t s\u1ea3n ph\u1ea9m trong t\u1ee7 r\u00f5 r\u00e0ng:<\/strong>\u00a0K\u00ednh Low-E gi\u00fap c\u00e2n b\u1eb1ng \u00e1nh s\u00e1ng t\u1ed1t h\u01a1n, kh\u00f4ng g\u00e2y ch\u00f3i m\u1eaft khi nh\u00ecn t\u1eeb ngo\u00e0i v\u00e0o t\u1ee7 m\u00e0 c\u00f3 \u00e1nh \u0111\u00e8n hay ngu\u1ed3n \u00e1nh s\u00e1ng kh\u00e1c chi\u1ebfu v\u00e0o m\u1eb7t k\u00ednh. N\u00e2ng cao t\u00ednh th\u1ea9m m\u1ef9 c\u00e1nh t\u1ee7. Gi\u00fap t\u1ed1i \u01b0u cho m\u1ee5c \u0111\u00edch tr\u01b0ng b\u00e0y s\u1ea3n ph\u1ea9m.<\/p>\n<p>&nbsp;<\/p>\n<p><img loading=\"lazy\" decoding=\"async\" class=\"aligncenter wp-image-15552 lazyloaded\" src=\"https:\/\/sanakyvietnam.net\/wp-content\/uploads\/2022\/05\/tu-mat-sanaky-1-canh-dan-dong-13-600x375.webp\" sizes=\"auto, (max-width: 800px) 100vw, 800px\" srcset=\"https:\/\/sanakyvietnam.net\/wp-content\/uploads\/2022\/05\/tu-mat-sanaky-1-canh-dan-dong-13-600x375.webp 600w, https:\/\/sanakyvietnam.net\/wp-content\/uploads\/2022\/05\/tu-mat-sanaky-1-canh-dan-dong-13-768x481.webp 768w, https:\/\/sanakyvietnam.net\/wp-content\/uploads\/2022\/05\/tu-mat-sanaky-1-canh-dan-dong-13-400x250.webp 400w, https:\/\/sanakyvietnam.net\/wp-content\/uploads\/2022\/05\/tu-mat-sanaky-1-canh-dan-dong-13.webp 1536w\" alt=\"C\u00f4ng ngh\u1ec7 No Frost l\u00e0m l\u1ea1nh gi\u00e1n ti\u1ebfp\" width=\"800\" height=\"501\" data-ll-status=\"loaded\" \/><\/p>\n<h2>C\u00f4ng ngh\u1ec7 No Frost l\u00e0m l\u1ea1nh gi\u00e1n ti\u1ebfp<\/h2>\n<p><a href=\"https:\/\/dienmaynguyenkhang.vn\/?post_type=product&amp;p=2174&amp;preview=true\">T\u1ee7 m\u00e1t Sanaky<\/a>\u00a0L\u00e0m l\u1ea1nh theo ki\u1ec3u Nofrost v\u1edbi d\u00e0n l\u1ea1nh gi\u00e1n ti\u1ebfp n\u1eb1m tr\u00ean n\u00f3c t\u1ee7 c\u00f3 qu\u1ea1t \u0111\u1ea3o nhi\u1ec7t \u0111\u1ea3m b\u1ea3o nhi\u1ec7t \u0111\u1ed9 trong t\u1ee7 lu\u00f4n \u0111\u1ed3ng \u0111\u1ec1u.<\/p>\n<p>V\u1edbi c\u00f4ng ngh\u1ec7 l\u00e0m l\u1ea1nh Nofrost s\u1ebd ho\u00e0n to\u00e0n kh\u00f4ng g\u00e2y ra hi\u1ec7n t\u01b0\u1ee3ng \u0111\u00f3ng \u0111\u00e1 d\u00e0n l\u1ea1nh. Do v\u1eady h\u1ea1n ch\u1ebf vi\u1ec7c ng\u01b0\u1eddi s\u1eed d\u1ee5ng ph\u1ea3i x\u1ea3 \u0111\u00f4ng khi s\u1eed d\u1ee5ng v\u00e0 b\u1ea3o qu\u1ea3n \u0111\u1ed3 \u0111\u01b0\u1ee3c t\u1ed1t h\u01a1n.<\/p>\n<p>&nbsp;<\/p>\n<h2>Ti\u1ebft ki\u1ec7m \u0111i\u1ec7n n\u0103ng b\u1eb1ng d\u00e0n l\u1ea1nh b\u1eb1ng \u0111\u1ed3ng<\/h2>\n<p>D\u00e0n l\u1ea1nh b\u1eb1ng \u0111\u1ed3ng nguy\u00ean ch\u1ea5t gi\u00fap cho t\u1ee7 \u0111\u00f4ng d\u1eabn nhi\u1ec7t nhanh h\u01a1n, v\u1eadn h\u00e0nh \u00eam \u00e1i v\u00e0 ti\u1ebft ki\u1ec7m \u0111i\u1ec7n.<\/p>\n<p>&nbsp;<\/p>\n<p><img loading=\"lazy\" decoding=\"async\" class=\"aligncenter wp-image-15551 lazyloaded\" src=\"https:\/\/sanakyvietnam.net\/wp-content\/uploads\/2022\/05\/tu-mat-sanaky-1-canh-dan-dong-12-600x375.webp\" sizes=\"auto, (max-width: 800px) 100vw, 800px\" srcset=\"https:\/\/sanakyvietnam.net\/wp-content\/uploads\/2022\/05\/tu-mat-sanaky-1-canh-dan-dong-12-600x375.webp 600w, https:\/\/sanakyvietnam.net\/wp-content\/uploads\/2022\/05\/tu-mat-sanaky-1-canh-dan-dong-12-768x480.webp 768w, https:\/\/sanakyvietnam.net\/wp-content\/uploads\/2022\/05\/tu-mat-sanaky-1-canh-dan-dong-12-400x250.webp 400w, https:\/\/sanakyvietnam.net\/wp-content\/uploads\/2022\/05\/tu-mat-sanaky-1-canh-dan-dong-12.webp 1536w\" alt=\"Nhi\u1ec1u ti\u1ec7n \u00edch \u0111i k\u00e8m T\u1ee7 m\u00e1t Sanaky\" width=\"800\" height=\"500\" data-ll-status=\"loaded\" \/><\/p>\n<h2>Nhi\u1ec1u ti\u1ec7n \u00edch \u0111i k\u00e8m<\/h2>\n<p><strong>B\u00e1nh xe:<\/strong>\u00a0T\u1ee7 c\u00f3 trang b\u1ecb b\u00e1nh xe thu\u1eadn ti\u1ec7n cho vi\u1ec7c di chuy\u1ec3n t\u1ee7 v\u00ec t\u1ee7 \u0111\u00f4ng s\u1edf h\u1eefu tr\u1ecdng l\u01b0\u1ee3ng l\u1edbn, t\u1ee7 \u0111\u00f4ng g\u00e2y nhi\u1ec1u kh\u00f3 kh\u0103n khi v\u1eadn chuy\u1ec3n.<\/p>\n<p><strong>\u0110\u00e8n LED:<\/strong>\u00a0T\u1ee7 m\u00e1t Sanaky \u0111\u01b0\u1ee3c thi\u1ebft k\u1ebf v\u1edbi h\u1ec7 th\u1ed1ng \u0111\u00e8n LED d\u1ecdc theo h\u00f4ng v\u00e0 n\u00f3c t\u1ee7, chi\u1ebfu s\u00e1ng to\u00e0n b\u1ed9 c\u00e1c g\u00f3c khu\u1ea5t gi\u00fap tr\u01b0ng b\u00e0y c\u00e1c s\u1ea3n ph\u1ea9m b\u1eaft m\u1eaft v\u00e0 thu h\u00fat. H\u01a1n n\u1eefa, h\u1ec7 th\u1ed1ng \u0111\u00e8n LED c\u00f2n ti\u1ebft ki\u1ec7m \u0111i\u1ec7n n\u0103ng v\u00e0 c\u00f3 tu\u1ed5i th\u1ecd b\u1ec1n b\u1ec9 h\u01a1n nhi\u1ec1u l\u1ea7n so v\u1edbi c\u00e1c lo\u1ea1i \u0111\u00e8n hu\u1ef3nh quang, \u0111\u00e8n s\u1ee3i \u0111\u1ed1t,\u2026 mang l\u1ea1i gi\u00e1 tr\u1ecb s\u1eed d\u1ee5ng l\u00e2u d\u00e0i cho ng\u01b0\u1eddi s\u1eed d\u1ee5ng.<\/p>\n<p><strong>H\u1ec7 th\u1ed1ng s\u01b0\u1edfi k\u00ednh:<\/strong>\u00a0H\u1ec7 th\u1ed1ng s\u01b0\u1edfi k\u00ednh l\u1ea5y nhi\u1ec7t t\u1ecfa ra t\u1eeb ch\u00ednh l\u1ed1c m\u00e1y \u0111\u01b0a l\u00ean s\u01b0\u1edfi k\u00ednh r\u1ea5t hi\u1ec7u qu\u1ea3 v\u00e0 ti\u1ebft ki\u1ec7m \u0111i\u1ec7n.<\/p>\n<p><strong>Kh\u00f3a an to\u00e0n:<\/strong>\u00a0Vi\u1ec7c m\u1edf t\u1ee7 th\u01b0\u1eddng xuy\u00ean s\u1ebd l\u00e0m th\u1ea5t tho\u00e1t nhi\u1ec7t, gi\u1ea3m hi\u1ec7u qu\u1ea3 l\u1ea1nh c\u1ee7a t\u1ee7, \u0111\u1ed3ng th\u1eddi ti\u00eau t\u1ed1n nhi\u1ec1u \u0111i\u1ec7n n\u0103ng kh\u00f4ng c\u1ea7n thi\u1ebft. Kh\u00f3a an to\u00e0n s\u1ebd gi\u00fap ng\u01b0\u1eddi s\u1eed d\u1ee5ng ki\u1ec3m so\u00e1t t\u1ed1t h\u01a1n ho\u1ea1t \u0111\u1ed9ng \u0111\u00f3ng \u2013 m\u1edf t\u1ee7 m\u00e1t.<\/p>\n<p><strong>K\u1ec7 \u0111i k\u00e8m:<\/strong>\u00a0Khi mua t\u1ee7 k\u1ec7 s\u1ebd \u0111\u01b0\u1ee3c t\u1eb7ng k\u00e8m cho kh\u00e1ch h\u00e0ng, ng\u01b0\u1eddi s\u1eed d\u1ee5ng c\u00f3 th\u1ec3 d\u1ec5 d\u00e0ng s\u1eafp x\u1ebfp c\u00e1c lo\u1ea1i th\u1ef1c ph\u1ea9m theo t\u1eebng ng\u0103n sao cho ti\u1ec7n l\u1ee3i nh\u1ea5t.<\/p>\n<p><strong>L\u1ed7 tho\u00e1t n\u01b0\u1edbc:<\/strong>\u00a0Khi tr\u01b0ng b\u00e0y th\u1ef1c ph\u1ea9m l\u00e2u ng\u00e0y, c\u00e1c lo\u1ea1i b\u1ee5i b\u1ea9n v\u00e0 m\u00f9i h\u00f4i kh\u00f3 ch\u1ecbu s\u1ebd d\u1ea7n h\u00ecnh th\u00e0nh. V\u1edbi l\u1ed7 tho\u00e1t n\u01b0\u1edbc \u0111\u01b0\u1ee3c thi\u1ebft k\u1ebf b\u00ean trong, vi\u1ec7c v\u1ec7 sinh t\u1ee7 \u0111\u1ecbnh k\u00ec s\u1ebd \u0111\u01b0\u1ee3c th\u1ef1c hi\u1ec7n d\u1ec5 d\u00e0ng, tr\u1ea3 l\u1ea1i kh\u00f4ng gian l\u00e0m l\u1ea1nh t\u01b0\u01a1i m\u00e1t.<\/p>\n<\/div>\n<\/div>\n","protected":false},"featured_media":2175,"comment_status":"open","ping_status":"closed","template":"","meta":[],"class_list":{"0":"post-2174","1":"product","2":"type-product","3":"status-publish","4":"has-post-thumbnail","6":"product_cat-sanaky-tu-mat","7":"product_cat-tu-mat","8":"product_cat-tu-mat-1-canh","10":"first","11":"instock","12":"sale","13":"shipping-taxable","14":"purchasable","15":"product-type-simple"},"_links":{"self":[{"href":"https:\/\/dienmaynguyenkhang.vn\/index.php?rest_route=\/wp\/v2\/product\/2174","targetHints":{"allow":["GET"]}}],"collection":[{"href":"https:\/\/dienmaynguyenkhang.vn\/index.php?rest_route=\/wp\/v2\/product"}],"about":[{"href":"https:\/\/dienmaynguyenkhang.vn\/index.php?rest_route=\/wp\/v2\/types\/product"}],"replies":[{"embeddable":true,"href":"https:\/\/dienmaynguyenkhang.vn\/index.php?rest_route=%2Fwp%2Fv2%2Fcomments&post=2174"}],"wp:featuredmedia":[{"embeddable":true,"href":"https:\/\/dienmaynguyenkhang.vn\/index.php?rest_route=\/wp\/v2\/media\/2175"}],"wp:attachment":[{"href":"https:\/\/dienmaynguyenkhang.vn\/index.php?rest_route=%2Fwp%2Fv2%2Fmedia&parent=2174"}],"curies":[{"name":"wp","href":"https:\/\/api.w.org\/{rel}","templated":true}]}}