{"id":2170,"date":"2023-04-25T08:44:53","date_gmt":"2023-04-25T01:44:53","guid":{"rendered":"https:\/\/dienmaynguyenkhang.vn\/?post_type=product&#038;p=2170"},"modified":"2025-07-21T12:58:30","modified_gmt":"2025-07-21T05:58:30","slug":"tu-mat-sanaky-vh-2209hp-2000-lit","status":"publish","type":"product","link":"https:\/\/dienmaynguyenkhang.vn\/?product=tu-mat-sanaky-vh-2209hp-2000-lit","title":{"rendered":"T\u1ee7 m\u00e1t Sanaky VH-2209HP 2000 l\u00edt"},"content":{"rendered":"<div class=\"snk-info-product-head\">\n<h3>T\u00cdNH N\u0102NG TH\u00d4NG S\u1ed0 K\u1ef8 THU\u1eacT<\/h3>\n<\/div>\n<div class=\"large-8 col\">\n<div class=\"img-tskt\"><img loading=\"lazy\" decoding=\"async\" class=\"attachment-full size-full lazyloaded\" src=\"https:\/\/sanakyvietnam.net\/wp-content\/uploads\/tu-mat-4-canh.jpg\" sizes=\"auto, (max-width: 800px) 100vw, 800px\" srcset=\"https:\/\/sanakyvietnam.net\/wp-content\/uploads\/tu-mat-4-canh.jpg 800w, https:\/\/sanakyvietnam.net\/wp-content\/uploads\/tu-mat-4-canh-400x271.jpg 400w, https:\/\/sanakyvietnam.net\/wp-content\/uploads\/tu-mat-4-canh-600x406.jpg 600w, https:\/\/sanakyvietnam.net\/wp-content\/uploads\/tu-mat-4-canh-768x519.jpg 768w\" alt=\"\" width=\"800\" height=\"541\" data-ll-status=\"loaded\" \/><\/div>\n<\/div>\n<div class=\"large-4 col\">\n<div class=\"product_additional_content\">\n<h2 class=\"title_tabs\">Th\u00f4ng s\u1ed1 k\u1ef9 thu\u1eadt<\/h2>\n<table>\n<tbody>\n<tr>\n<td>MODEL<\/td>\n<td>VH-2209HP<\/td>\n<\/tr>\n<tr>\n<td>Th\u01b0\u01a1ng hi\u1ec7u<\/td>\n<td><strong><a href=\"https:\/\/dienmaynguyenkhang.vn\/?post_type=product&amp;p=2170&amp;preview=true\">Sanaky<\/a><\/strong><\/td>\n<\/tr>\n<tr>\n<td>Lo\u1ea1i<\/td>\n<td><a href=\"https:\/\/dienmaynguyenkhang.vn\/?post_type=product&amp;p=2170&amp;preview=true\">T\u1ee7 m\u00e1t 4 c\u00e1nh<\/a><\/td>\n<\/tr>\n<tr>\n<td>Dung t\u00edch th\u1ef1c ( L\u00edt)<\/td>\n<td>2000 l\u00edt<\/td>\n<\/tr>\n<tr>\n<td>H\u1ec7 th\u1ed1ng l\u00e0m l\u1ea1nh<\/td>\n<td>L\u00e0m l\u1ea1nh b\u1eb1ng qu\u1ea1t \u0111\u1ed1i l\u01b0u (Nofrost-Kh\u00f4ng \u0111\u00f3ng tuy\u1ebft)<\/td>\n<\/tr>\n<tr>\n<td>T\u1ef1 \u0111\u1ed9ng x\u1ea3 \u0111\u00e1<\/td>\n<td>C\u00f3<\/td>\n<\/tr>\n<tr>\n<td>D\u00e0n l\u1ea1nh<\/td>\n<td>\u0110\u1ed3ng<\/td>\n<\/tr>\n<tr>\n<td>C\u00f4ng su\u1ea5t<\/td>\n<td>1000 W<\/td>\n<\/tr>\n<tr>\n<td>H\u1ec7 th\u1ed1ng \u0111i\u1ec1u khi\u1ec3n<\/td>\n<td>\u0110i\u1ec7n t\u1eed<\/td>\n<\/tr>\n<tr>\n<td>K\u00edch th\u01b0\u1edbc b\u00ean ngo\u00e0i ( D\u00e0i x R\u1ed9ng x Cao) (mm)<\/td>\n<td>2080x730x2036<\/td>\n<\/tr>\n<\/tbody>\n<\/table>\n<\/div>\n<\/div>\n","protected":false},"excerpt":{"rendered":"<ul class=\"snk-info-product-head tabs wc-tabs product-tabs small-nav-collapse nav nav-uppercase nav-line-grow nav-left\" role=\"tablist\">\n<li id=\"tab-title-description\" class=\"description_tab active\" role=\"tab\" aria-controls=\"tab-description\"><a href=\"https:\/\/dienmaynguyenkhang.vn\/?post_type=product&amp;p=2170&amp;preview=true\">M\u00d4 T\u1ea2 S\u1ea2N PH\u1ea8M<\/a><\/li>\n<\/ul>\n<div class=\"tab-panels\">\n<div id=\"tab-description\" class=\"woocommerce-Tabs-panel woocommerce-Tabs-panel--description panel entry-content active\" role=\"tabpanel\" aria-labelledby=\"tab-title-description\">\n<h2>T\u1ee7 m\u00e1t Sanaky VH-2209HP 4 c\u00e1nh dung t\u00edch 2000 l\u00edt<\/h2>\n<p><strong>T\u1ee7 m\u00e1t Sanaky VH-2209HP<\/strong>\u00a0l\u00e0 model t\u1ee7 m\u00e1t 4 c\u00e1nh m\u1edf duy nh\u1ea5t c\u1ee7a Sanaky. V\u1edbi dung t\u00edch l\u00ean t\u1edbi 2000 l\u00edt b\u1ea1n c\u00f3 th\u1ec3 tho\u1ea3i m\u00e1i b\u1ea3o qu\u1ea3n v\u00e0 tr\u01b0ng b\u00e0y th\u1ef1c ph\u1ea9m c\u1ee7a m\u00ecnh.\u00a0 S\u1ea3n ph\u1ea9m \u0111\u00e1p \u1ee9ng \u0111\u01b0\u1ee3c nhu c\u1ea7u c\u1ee7a c\u00e1c si\u00eau th\u1ecb, c\u1eeda h\u00e0ng b\u00e1ch h\u00f3a, c\u1eeda h\u00e0ng t\u1ef1 ch\u1ecdn, c\u0103ng tin c\u1ee1 l\u1edbn\u2026c\u00f3 s\u1ed1 l\u01b0\u1ee3ng th\u1ef1c ph\u1ea9m l\u1edbn.<\/p>\n<p><img loading=\"lazy\" decoding=\"async\" class=\"aligncenter wp-image-11319 lazyloaded\" src=\"https:\/\/sanakyvietnam.net\/wp-content\/uploads\/tu-mat-4-canh-sanaky-600x289.jpg\" sizes=\"auto, (max-width: 860px) 100vw, 860px\" srcset=\"https:\/\/sanakyvietnam.net\/wp-content\/uploads\/tu-mat-4-canh-sanaky-600x289.jpg 600w, https:\/\/sanakyvietnam.net\/wp-content\/uploads\/tu-mat-4-canh-sanaky-400x192.jpg 400w, https:\/\/sanakyvietnam.net\/wp-content\/uploads\/tu-mat-4-canh-sanaky-768x369.jpg 768w, https:\/\/sanakyvietnam.net\/wp-content\/uploads\/tu-mat-4-canh-sanaky.jpg 1420w\" alt=\"\" width=\"860\" height=\"414\" data-ll-status=\"loaded\" \/><\/p>\n<h3>M\u1ed9t s\u1ed1 t\u00ednh n\u0103ng n\u1ed5i b\u1eadt<\/h3>\n<ul>\n<li>VH-2209HP c\u00f3 thi\u1ebft k\u1ebf d\u00e1ng \u0111\u1ee9ng v\u1edbi 4 c\u00e1nh m\u1edf. C\u00e1nh c\u1eeda \u0111\u01b0\u1ee3c l\u00e0m b\u1eb1ng c\u1eeda k\u00ednh ch\u1ecbu l\u1ef1c 2 l\u1edbp, c\u00e1ch nhi\u1ec7t t\u1ed1t. Dung t\u00edch c\u1ee7a t\u1ee7 l\u00e0 2000 l\u00edt c\u00f3 th\u1ec3 tho\u1ea3i m\u00e1i b\u1ea3o qu\u1ea3n v\u00e0 tr\u01b0ng b\u00e0y th\u1ef1c ph\u1ea9m.<\/li>\n<li>C\u1eeda k\u00ednh c\u1ee7a t\u1ee7 lu\u00f4n gi\u1eef \u0111\u01b0\u1ee3c s\u1ef1 trong su\u1ed1t nh\u1edd h\u1ec7 th\u1ed1ng s\u01b0\u1edfi k\u00ednh ch\u1ed1ng m\u1edd hi\u1ec7n \u0111\u1ea1i l\u1ea1i kh\u00f4ng ti\u00eau t\u1ed1n \u0111i\u1ec7n n\u0103ng.<\/li>\n<li>Ng\u0103n\u00a0<a href=\"https:\/\/dienmaynguyenkhang.vn\/?post_type=product&amp;p=2170&amp;preview=true\">t\u1ee7 b\u1ea3o qu\u1ea3n m\u00e1t th\u01b0\u01a1ng hi\u1ec7u Sanaky<\/a>\u00a0\u0111\u01b0\u1ee3c l\u00e0m b\u1eb1ng ch\u1ea5t li\u1ec7u nh\u1ef1a ABS d\u1ebbo dai, ch\u1ed1ng va \u0111\u1eadp t\u1ed1t. L\u1edbp foam d\u00e0y gi\u00fap t\u1ee7 gi\u1eef l\u1ea1nh r\u1ea5t t\u1ed1t. L\u00f2ng t\u1ee7 \u0111\u01b0\u1ee3c l\u00e0m b\u1eb1ng nh\u00f4m ph\u1eb3ng c\u00f3 \u0111\u1ed9 b\u1ec1n t\u1ed1t\u00a0 h\u01a1n n\u1eefa l\u1ed7 tho\u00e1t n\u01b0\u1edbc d\u01b0\u1edbi \u0111\u00e1y t\u1ee7 ch\u1ea3y xu\u1ed1ng khay v\u00e0 b\u1ed1c h\u01a1i r\u1ea5t ti\u1ec7n l\u1ee3i cho vi\u1ec7c lau ch\u00f9i v\u00e0 v\u1ec7 sinh t\u1ee7. Tay c\u1ea7m, khung vi\u1ec1n c\u1eeda \u0111\u1ec1u \u0111\u01b0\u1ee3c l\u00e0m t\u1eeb nh\u1ef1a PVC \u0111\u1ed9 b\u1ec1n cao.<\/li>\n<li>Kh\u00f4ng gian tr\u01b0ng b\u00e0y lu\u00f4n \u0111\u01b0\u1ee3c chi\u1ebfu s\u00e1ng nh\u1edd h\u1ec7 th\u1ed1ng \u0111\u00e8n LED \u0111\u01b0\u1ee3c\u00a0l\u1eafp \u0111\u1eb7t d\u1ecdc b\u00ean trong th\u00e2n t\u1ee7 v\u00e0 n\u00f3c t\u1ee7.\u00a0Trong t\u1ee7 c\u0169ng c\u00f3 16\u00a0k\u1ec7 \u0111\u1ec3 \u0111\u1ed3 c\u00f3 th\u1ec3 th\u00e1o d\u1ee1 v\u00e0 di chuy\u1ec3n \u0111\u1ec3 b\u1ea1n c\u00f3 th\u1ec3 d\u1ec5 d\u00e0ng ph\u00e2n lo\u1ea1i th\u1ef1c ph\u1ea9m h\u01a1n.<\/li>\n<li>T\u1ee7 m\u00e1t VH-2209HP\u00a0s\u1eed d\u1ee5ng d\u00e0n l\u1ea1nh b\u1eb1ng \u0111\u1ed3ng cho hi\u1ec7u su\u1ea5t l\u00e0m l\u1ea1nh nhanh v\u00e0 b\u1ec1n b\u1ec9 h\u01a1n so v\u1edbi d\u00e0n nh\u00f4m. K\u1ebft h\u1ee3p h\u1ec7 th\u1ed1ng qu\u1ea1t \u0111\u1ea3o nhi\u1ec7t h\u01a1i l\u1ea1nh s\u00e2u v\u00e0 l\u01b0u th\u00f4ng\u00a0\u0111\u1ec1u kh\u1eafp b\u00ean trong t\u1ee7. gi\u1eef nhi\u1ec7t\u00a0\u0111\u1ed9 \u0111\u01b0\u1ee3c \u1ed5n \u0111\u1ecbnh. Tr\u00e1nh \u0111\u1ec3 m\u00e1y ph\u1ea3i ho\u1ea1t \u0111\u1ed9ng li\u00ean t\u1ee5c h\u1ebft c\u00f4ng su\u1ea5t.\u00a0Nhi\u1ec7t \u0111\u1ed9 l\u00e0m l\u1ea1nh c\u1ee7a t\u1ee7 l\u00e0 t\u1eeb 0<sup>o<\/sup>C \u2013 10<sup>o<\/sup>C.<\/li>\n<li>Qu\u1ea1t \u0111\u1ea3o nhi\u1ec7t \u0111\u01b0\u1ee3c b\u1ed1 tr\u00ed tr\u00ean n\u00f3c t\u1ee7 gi\u00fap h\u01a1i l\u1ea1nh \u0111\u01b0\u1ee3c l\u01b0u th\u00f4ng \u0111\u1ec1u kh\u1eafp t\u1ee7 gi\u1eef nhi\u1ec7t \u0111\u1ed9 \u0111\u01b0\u1ee3c \u1ed5n. \u0110\u1ecbnh tr\u00e1nh \u0111\u1ec3 m\u00e1y ph\u1ea3i ho\u1ea1t \u0111\u1ed9ng li\u00ean t\u1ee5c h\u1ebft c\u00f4ng su\u1ea5t.<\/li>\n<\/ul>\n<\/div>\n<\/div>\n","protected":false},"featured_media":2171,"comment_status":"open","ping_status":"closed","template":"","meta":[],"class_list":{"0":"post-2170","1":"product","2":"type-product","3":"status-publish","4":"has-post-thumbnail","6":"product_cat-mat-2-3-4canh","7":"product_cat-sanaky-tu-mat","8":"product_cat-tu-mat","10":"first","11":"instock","12":"sale","13":"shipping-taxable","14":"purchasable","15":"product-type-simple"},"_links":{"self":[{"href":"https:\/\/dienmaynguyenkhang.vn\/index.php?rest_route=\/wp\/v2\/product\/2170","targetHints":{"allow":["GET"]}}],"collection":[{"href":"https:\/\/dienmaynguyenkhang.vn\/index.php?rest_route=\/wp\/v2\/product"}],"about":[{"href":"https:\/\/dienmaynguyenkhang.vn\/index.php?rest_route=\/wp\/v2\/types\/product"}],"replies":[{"embeddable":true,"href":"https:\/\/dienmaynguyenkhang.vn\/index.php?rest_route=%2Fwp%2Fv2%2Fcomments&post=2170"}],"wp:featuredmedia":[{"embeddable":true,"href":"https:\/\/dienmaynguyenkhang.vn\/index.php?rest_route=\/wp\/v2\/media\/2171"}],"wp:attachment":[{"href":"https:\/\/dienmaynguyenkhang.vn\/index.php?rest_route=%2Fwp%2Fv2%2Fmedia&parent=2170"}],"curies":[{"name":"wp","href":"https:\/\/api.w.org\/{rel}","templated":true}]}}