{"id":1843,"date":"2022-10-18T13:24:39","date_gmt":"2022-10-18T06:24:39","guid":{"rendered":"https:\/\/dienmaynguyenkhang.vn\/?post_type=product&#038;p=1843"},"modified":"2026-03-09T11:57:53","modified_gmt":"2026-03-09T04:57:53","slug":"tu-dong-sanaky-vh-2599a2kd-250-lit","status":"publish","type":"product","link":"https:\/\/dienmaynguyenkhang.vn\/?product=tu-dong-sanaky-vh-2599a2kd-250-lit","title":{"rendered":"T\u1ee7 \u0111\u00f4ng Sanaky VH-2599A2KD (250 l\u00edt)"},"content":{"rendered":"<div id=\"tab-additional_information\" class=\"row specifications\" role=\"tabpanel\" aria-labelledby=\"tab-title-additional_information\">\n<div class=\"snk-info-product-head\">\n<div id=\"tab-additional_information\" class=\"row specifications\" role=\"tabpanel\" aria-labelledby=\"tab-title-additional_information\">\n<div class=\"snk-info-product-head\">\n<h3>T\u00cdNH N\u0102NG TH\u00d4NG S\u1ed0 K\u1ef8 THU\u1eacT<\/h3>\n<\/div>\n<div class=\"large-8 col\">\n<div class=\"img-tskt\"><img loading=\"lazy\" decoding=\"async\" class=\"attachment-full size-full lazyloaded\" src=\"https:\/\/sanakyvietnam.net\/wp-content\/uploads\/thong-so-ky-thuat-sananky-vh-2599a2kd.jpg\" sizes=\"auto, (max-width: 1000px) 100vw, 1000px\" srcset=\"https:\/\/sanakyvietnam.net\/wp-content\/uploads\/thong-so-ky-thuat-sananky-vh-2599a2kd.jpg 1000w, https:\/\/sanakyvietnam.net\/wp-content\/uploads\/thong-so-ky-thuat-sananky-vh-2599a2kd-400x244.jpg 400w, https:\/\/sanakyvietnam.net\/wp-content\/uploads\/thong-so-ky-thuat-sananky-vh-2599a2kd-600x367.jpg 600w, https:\/\/sanakyvietnam.net\/wp-content\/uploads\/thong-so-ky-thuat-sananky-vh-2599a2kd-768x469.jpg 768w\" alt=\"th\u00f4ng s\u1ed1 k\u1ef9 thu\u1eadt sanaky vh-2599a2kd\" width=\"1000\" height=\"611\" data-ll-status=\"loaded\" \/><\/div>\n<\/div>\n<div class=\"large-4 col\">\n<div class=\"product_additional_content\">\n<h2 class=\"title_tabs\">Th\u00f4ng s\u1ed1 k\u1ef9 thu\u1eadt<\/h2>\n<table>\n<tbody>\n<tr>\n<td>Model<\/td>\n<td>VH-2599A2KD<\/td>\n<\/tr>\n<tr>\n<td>Th\u01b0\u01a1ng hi\u1ec7u<\/td>\n<td><a href=\"https:\/\/dienmaynguyenkhang.vn\/?product=tu-dong-sanaky-vh-2599a2kd-250-lit\">Sanaky<\/a><\/td>\n<\/tr>\n<tr>\n<td>Lo\u1ea1i<\/td>\n<td><a href=\"http:\/\/: https:\/\/dienmaynguyenkhang.vn\/?product=tu-dong-sanaky-vh-2599a2kd-250-lit\">T\u1ee7 \u0111\u00f4ng 1 ng\u0103n 2 c\u00e1nh d\u00e0n \u0111\u1ed3ng<\/a><\/td>\n<\/tr>\n<tr>\n<td>M\u00e0u k\u00ednh c\u01b0\u1eddng l\u1ef1c<\/td>\n<td>Xanh ng\u1ecdc<\/td>\n<\/tr>\n<tr>\n<td>B\u1ea3o h\u00e0nh<\/td>\n<td>24 th\u00e1ng<\/td>\n<\/tr>\n<tr>\n<td>K\u00edch th\u01b0\u1edbc (DxRxC)<\/td>\n<td>985 x 620 x 845 mm<\/td>\n<\/tr>\n<tr>\n<td>Tr\u1ecdng l\u01b0\u1ee3ng<\/td>\n<td>44 kg<\/td>\n<\/tr>\n<tr>\n<td>Dung t\u00edch t\u1ed5ng th\u1ec3 \/ Dung t\u00edch s\u1eed d\u1ee5ng<\/td>\n<td>250 l\u00edt \/ 208 l\u00edt<\/td>\n<\/tr>\n<tr>\n<td>C\u00f4ng su\u1ea5t ti\u00eau th\u1ee5<\/td>\n<td>84.1W<\/td>\n<\/tr>\n<tr>\n<td>S\u1ed1 c\u1eeda<\/td>\n<td>2 c\u00e1nh<\/td>\n<\/tr>\n<tr>\n<td>S\u1ed1 ng\u0103n<\/td>\n<td>1 ng\u0103n \u0111\u00f4ng<\/td>\n<\/tr>\n<tr>\n<td>Nhi\u1ec7t \u0111\u1ed9 (\u00b0C)<\/td>\n<td>T\u1eeb 0\u00baC \u0111\u1ebfn -18\u00baC<\/td>\n<\/tr>\n<tr>\n<td>Gas s\u1eed d\u1ee5ng<\/td>\n<td>Gas R600A<\/td>\n<\/tr>\n<\/tbody>\n<\/table>\n<\/div>\n<p><a class=\"open_additional_popup\" data-src=\"#additional_popup\" data-fancybox=\"\" data-options=\"{&quot;touch&quot; : false}\">XEM CHI TI\u1ebeT TH\u00d4NG S\u1ed0 K\u1ef8 THU\u1eacT<\/a><\/p>\n<div><\/div>\n<\/div>\n<\/div>\n<div class=\"content_description\">\n<div class=\"woocommerce-tabs wc-tabs-wrapper container tabbed-content\">\n<ul class=\"snk-info-product-head tabs wc-tabs product-tabs small-nav-collapse nav nav-uppercase nav-line-grow nav-left\" role=\"tablist\">\n<li id=\"tab-title-description\" class=\"description_tab active\" role=\"tab\" aria-controls=\"tab-description\"><a href=\"https:\/\/sanakyvietnam.net\/tu-dong-sanaky-vh-2599a2kd\/#tab-description\"><i class=\"fa fa-caret-right\"><\/i>M\u00d4 T\u1ea2 S\u1ea2N PH\u1ea8M<\/a><\/li>\n<\/ul>\n<div class=\"tab-panels\">\n<div id=\"tab-description\" class=\"woocommerce-Tabs-panel woocommerce-Tabs-panel--description panel entry-content active\" role=\"tabpanel\" aria-labelledby=\"tab-title-description\">\n<h2>T\u1ee7 \u0111\u00f4ng Sanaky VH-2599A2KD m\u1eb7t k\u00ednh c\u01b0\u1eddng l\u1ef1c<\/h2>\n<p><strong><a href=\"http:\/\/: https:\/\/dienmaynguyenkhang.vn\/?product=tu-dong-sanaky-vh-2599a2kd-250-lit\">T\u1ee7 \u0111\u00f4ng Sanaky VH-2599A2KD<\/a><\/strong>\u00a0thu\u1ed9c d\u00f2ng t\u1ee7 1 ng\u0103n \u0111\u00f4ng 2 c\u1eeda m\u1eb7t k\u00ednh m\u1edbi ra m\u1eaft c\u1ee7a Sanaky. V\u1edbi thi\u1ebft k\u1ebf m\u1eb7t k\u00ednh m\u00e0u xanh ng\u1ecdc tinh t\u1ebf v\u00e0 sang tr\u1ecdng, s\u1ea3n ph\u1ea9m h\u1ee9a h\u1eb9n s\u1ebd mang l\u1ea1i tr\u1ea3i nghi\u1ec7m m\u1edbi cho ng\u01b0\u1eddi ti\u00eau d\u00f9ng.<\/p>\n<h3>T\u00ednh n\u0103ng n\u1ed5i b\u1eadt<\/h3>\n<p>\u2013 T\u1ee7 c\u00f3 thi\u1ebft k\u1ebf 1 ng\u0103n \u0111\u00f4ng v\u00e0 2 c\u00e1nh m\u1edf ki\u1ec3u vali. M\u1eb7t tr\u00ean c\u1ee7a c\u00e1nh t\u1ee7 \u0111\u01b0\u1ee3c l\u00e0m b\u1eb1ng k\u00ednh c\u01b0\u1eddng l\u1ef1c, m\u1eb7t k\u00ednh ph\u1eb3ng sang tr\u1ecdng, ti\u1ec7n l\u1ee3i khi s\u1eed d\u1ee5ng. M\u1eb7t k\u00ednh b\u1ec1n m\u00e0y theo th\u1eddi gian c\u0169ng r\u1ea5t d\u1ec5 d\u00e0ng\u00a0<a href=\"https:\/\/sanakyvietnam.net\/huong-dan-ve-sinh-tu-dong-don-gian-tai-nha\/\">v\u1ec7 sinh<\/a>.<\/p>\n<p>\u2013 Dung t\u00edch t\u1ed5ng th\u1ec3 c\u1ee7a t\u1ee7 l\u00e0 250 l\u00edt, dung t\u00edch s\u1eed d\u1ee5ng 208 l\u00edt. V\u1edbi dung t\u00edch n\u00e0y b\u1ea1n c\u00f3 th\u1ec3 b\u1ea3o qu\u1ea3n ph\u1ea9m v\u1edbi s\u1ed1 l\u01b0\u1ee3ng \u00edt.<\/p>\n<p>\u2013 Ng\u0103n t\u1ee7\u00a0\u0111\u01b0\u1ee3c l\u00e0m b\u1eb1ng lo\u1ea1i nh\u1ef1a ABS cao c\u1ea5p c\u00f3\u00a0\u0111\u1eb7c t\u00ednh d\u1ebbo dai, ch\u1ecbu\u00a0\u0111\u01b0\u1ee3c va\u00a0\u0111\u1eadp t\u1ed1t, b\u1ea1n ho\u00e0n to\u00e0n c\u00f3 th\u1ec3 y\u00ean t\u00e2m v\u1ec1\u00a0\u0111\u1ed9 b\u1ec1n c\u1ee7a s\u1ea3n ph\u1ea9m. H\u01a1n n\u1eefa l\u00f2ng t\u1ee7\u00a0\u0111\u01b0\u1ee3c tr\u00e1ng ph\u1eb3ng, tr\u01a1n thu\u1eadn ti\u1ec7n cho vi\u1ec7c v\u1ec7 sinh t\u1ee7\u00a0\u0111\u00f4ng\u00a0\u0111\u1ecbnh k\u1ef3 c\u1ee7a b\u1ea1n.<\/p>\n<p><img loading=\"lazy\" decoding=\"async\" class=\"aligncenter wp-image-13002 size-full lazyloaded\" src=\"https:\/\/sanakyvietnam.net\/wp-content\/uploads\/tong-quan-tu-dong-sananky-vh-2599a2kd.jpg\" sizes=\"auto, (max-width: 1000px) 100vw, 1000px\" srcset=\"https:\/\/sanakyvietnam.net\/wp-content\/uploads\/tong-quan-tu-dong-sananky-vh-2599a2kd.jpg 1000w, https:\/\/sanakyvietnam.net\/wp-content\/uploads\/tong-quan-tu-dong-sananky-vh-2599a2kd-400x234.jpg 400w, https:\/\/sanakyvietnam.net\/wp-content\/uploads\/tong-quan-tu-dong-sananky-vh-2599a2kd-600x350.jpg 600w, https:\/\/sanakyvietnam.net\/wp-content\/uploads\/tong-quan-tu-dong-sananky-vh-2599a2kd-768x449.jpg 768w\" alt=\"T\u1ed5ng quan t\u1ee7 \u0111\u00f4ng sanaky vh-2599a2kd\" width=\"1000\" height=\"584\" data-ll-status=\"loaded\" \/><\/p>\n<p>\u2013 Trong t\u1ee7 c\u00f3\u00a0\u0111i k\u00e8m m\u1ed9t gi\u1ecf\u00a0\u0111\u1ef1ng\u00a0\u0111\u1ed3 gi\u00fap b\u1ea1n ph\u00e2n lo\u1ea1i th\u1ef1c ph\u1ea9m b\u1ea3o qu\u1ea3n ti\u1ec7n l\u1ee3i v\u00e0 d\u1ec5 d\u00e0ng h\u01a1n.<\/p>\n<p>\u2013\u00a0<a href=\"http:\/\/: https:\/\/dienmaynguyenkhang.vn\/?product=tu-dong-sanaky-vh-2599a2kd-250-lit\">T\u1ee7 \u0111\u00f4ng Sanaky<\/a>\u00a0VH-2599A2KD s\u1eed d\u1ee5ng d\u00e0n l\u1ea1nh b\u1eb1ng \u0111\u1ed3ng 99.9% nguy\u00ean ch\u1ea5t si\u00ea b\u1ec1n, l\u1ea1i c\u00f3 kh\u1ea3 n\u0103ng l\u00e0m l\u1ea1nh nhanh h\u01a1n v\u00e0 sau h\u01a1n so v\u1edbi d\u00e0n nh\u00f4m, th\u1ef1c ph\u1ea9m s\u1ebd \u0111\u01b0\u1ee3c b\u1ea3o qu\u1ea3n t\u1ed1t h\u01a1n.<\/p>\n<p>\u2013\u00a0Ch\u00e2n t\u1ee7 c\u0169ng\u00a0\u0111\u01b0\u1ee3c l\u1eafp\u00a04 b\u00e1nh xe ch\u1ecbu l\u1ef1c\u00a0\u0111\u1ec3 thu\u1eadn ti\u1ec7n h\u01a1n khi di chuy\u1ec3n.<\/p>\n<p>\u2013 VH-2599A2KD s\u1eed d\u1ee5ng Gas R600A c\u00f3 hi\u1ec7u su\u1ea5t l\u00e0m l\u1ea1nh cao, th\u00e2n thi\u1ec7n m\u00f4i tr\u01b0\u1eddng v\u00e0 an to\u00e0n cho ng\u01b0\u1eddi s\u1eed d\u1ee5ng.<\/p>\n<h2>\u01afu \u0111i\u1ec3m v\u01b0\u1ee3t tr\u1ed9i<\/h2>\n<h3>Thi\u1ebft k\u1ebf th\u00f4ng minh 1 ng\u0103n \u0111\u00f4ng \u2013 2 c\u00e1nh m\u1edf<\/h3>\n<p>\u0110\u00e2y l\u00e0 d\u00f2ng t\u1ee7 1 ng\u0103n \u0111\u00f4ng nh\u01b0ng l\u1ea1i \u0111\u01b0\u1ee3c thi\u1ebft k\u1ebf 2 c\u00e1nh m\u1edf, mang \u0111\u1ebfn s\u1ef1 ti\u1ec7n l\u1ee3i cho b\u1ea1n trong vi\u1ec7c t\u00ecm ki\u1ebfm th\u1ef1c ph\u1ea9m c\u1ea7n d\u00f9ng khi l\u1ea5y v\u00e0 cho v\u00e0o th\u1ef1c ph\u1ea9m b\u00ean trong t\u1ee7 c\u0169ng nh\u01b0 gi\u1ea3m b\u1edbt t\u00ecnh tr\u1ea1ng h\u01a1i l\u1ea1nh tho\u00e1t ra ngo\u00e0i g\u00e2y ti\u00eau hao \u0111i\u1ec7n n\u0103ng.<\/p>\n<p>Chi\u1ebfc t\u1ee7 \u0111\u00f4ng Sanaky n\u00e0y s\u1ebd l\u00e0 s\u1ef1 l\u1ef1a ch\u1ecdn l\u00fd t\u01b0\u1edfng cho gia \u0111\u00ecnh kinh doanh t\u1ea1p h\u00f3a, qu\u00e1n \u0103n, nh\u00e0 h\u00e0ng,\u2026<\/p>\n<p>&nbsp;<\/p>\n<p><img loading=\"lazy\" decoding=\"async\" class=\"aligncenter wp-image-13003 size-full lazyloaded\" src=\"https:\/\/sanakyvietnam.net\/wp-content\/uploads\/tu-dong-1-ngan-2-canh-sanaky-vh-2599a2kd.jpg\" sizes=\"auto, (max-width: 1000px) 100vw, 1000px\" srcset=\"https:\/\/sanakyvietnam.net\/wp-content\/uploads\/tu-dong-1-ngan-2-canh-sanaky-vh-2599a2kd.jpg 1000w, https:\/\/sanakyvietnam.net\/wp-content\/uploads\/tu-dong-1-ngan-2-canh-sanaky-vh-2599a2kd-400x193.jpg 400w, https:\/\/sanakyvietnam.net\/wp-content\/uploads\/tu-dong-1-ngan-2-canh-sanaky-vh-2599a2kd-600x290.jpg 600w, https:\/\/sanakyvietnam.net\/wp-content\/uploads\/tu-dong-1-ngan-2-canh-sanaky-vh-2599a2kd-768x371.jpg 768w\" alt=\"T\u1ee7 \u0111\u00f4ng 1 ng\u0103n 2 c\u00e1nh vh-2599a2kd\" width=\"1000\" height=\"483\" data-ll-status=\"loaded\" \/><\/p>\n<h3>D\u00e0n l\u1ea1nh b\u1eb1ng \u1ed1ng \u0111\u1ed3ng k\u1ebft h\u1ee3p c\u00f4ng ngh\u1ec7 360 \u0111\u1ed9<\/h3>\n<p>D\u00e0n l\u1ea1nh b\u1eb1ng \u0111\u1ed3ng nguy\u00ean ch\u1ea5t gi\u00fap cho t\u1ee7 \u0111\u00f4ng d\u1eabn nhi\u1ec7t nhanh h\u01a1n, v\u1eadn h\u00e0nh \u00eam \u00e1i v\u00e0 ti\u1ebft ki\u1ec7m \u0111i\u1ec7n.<\/p>\n<p>S\u1ea3n ph\u1ea9m \u0111\u01b0\u1ee3c \u1ee9ng d\u1ee5ng c\u00f4ng ngh\u1ec7 l\u00e0m l\u1ea1nh 360 \u0111\u1ed9, h\u01a1i l\u1ea1nh s\u1ebd \u0111\u01b0\u1ee3c t\u1ecfa \u0111\u1ec1u b\u00ean trong t\u1ee7, t\u00e1c \u0111\u1ed9ng to\u00e0n di\u1ec7n l\u00ean b\u1ec1 m\u1eb7t th\u1ef1c ph\u1ea9m, \u0111em \u0111\u1ebfn hi\u1ec7u qu\u1ea3 l\u00e0m l\u1ea1nh s\u00e2u, \u0111\u00f3ng \u0111\u00f4ng tri\u1ec7t \u0111\u1ec3.<\/p>\n<h3>T\u00edch h\u1ee3p c\u00f4ng ngh\u1ec7 3 trong 1 (M\u00e1t \u2013 \u0110\u00f4ng m\u1ec1m \u2013 \u0110\u00f4ng c\u1ee9ng)<\/h3>\n<p>V\u1edbi thi\u1ebft k\u1ebf 1 ng\u0103n t\u1ee7 \u0111\u00f4ng nh\u01b0ng l\u1ea1i c\u00f3 \u0111\u1ebfn 3 ch\u1ee9c n\u0103ng v\u1edbi c\u00e1c m\u1ee9c \u0111i\u1ec1u ch\u1ec9nh nhi\u1ec7t \u0111\u1ed9 kh\u00e1c nhau \u0111\u1ec3 c\u00f3 th\u1ec3 ph\u00f9 h\u1ee3p v\u1edbi nhu c\u1ea7u s\u1eed d\u1ee5ng c\u1ee7a ng\u01b0\u1eddi d\u00f9ng.<\/p>\n<p><img loading=\"lazy\" decoding=\"async\" class=\"aligncenter wp-image-13005 size-full lazyloaded\" src=\"https:\/\/sanakyvietnam.net\/wp-content\/uploads\/tu-dong-cong-nghe-ngan-dong-mem-sananky-vh-2599a2kd.jpg\" sizes=\"auto, (max-width: 1000px) 100vw, 1000px\" srcset=\"https:\/\/sanakyvietnam.net\/wp-content\/uploads\/tu-dong-cong-nghe-ngan-dong-mem-sananky-vh-2599a2kd.jpg 1000w, https:\/\/sanakyvietnam.net\/wp-content\/uploads\/tu-dong-cong-nghe-ngan-dong-mem-sananky-vh-2599a2kd-400x193.jpg 400w, https:\/\/sanakyvietnam.net\/wp-content\/uploads\/tu-dong-cong-nghe-ngan-dong-mem-sananky-vh-2599a2kd-600x290.jpg 600w, https:\/\/sanakyvietnam.net\/wp-content\/uploads\/tu-dong-cong-nghe-ngan-dong-mem-sananky-vh-2599a2kd-768x371.jpg 768w\" alt=\"T\u1ee7 \u0111\u00f4ng c\u00f4ng ngh\u1ec7 ng\u0103n \u0111\u00f4ng m\u1ec1m vh-2599a2kd\" width=\"1000\" height=\"483\" data-ll-status=\"loaded\" \/><\/p>\n<h3>Nhi\u1ec7t \u0111\u1ed9 b\u1ea3o qu\u1ea3n \u2264-18\u00b0C<\/h3>\n<p>V\u1edbi nhi\u1ec7t \u0111\u1ed9 d\u01b0\u1edbi \u2264-18\u00b0C th\u1ef1c ph\u1ea9m \u0111\u01b0\u1ee3c b\u1ea3o qu\u1ea3n trong \u0111i\u1ec1u ki\u1ec7n \u0111\u00f4ng l\u1ea1nh s\u00e2u, ph\u00f9 h\u1ee3p v\u1edbi nhu c\u1ea7u b\u1ea3o qu\u1ea3n m\u1ed9t s\u1ed1 th\u1ef1c ph\u1ea9m nh\u01b0 th\u1ecbt, c\u00e1, rau c\u1ee7, \u2026trong th\u1eddi gian d\u00e0i.<\/p>\n<h3>C\u00e1nh k\u00ednh c\u01b0\u1eddng l\u1ef1c sang tr\u1ecdng ch\u1ed1ng va \u0111\u1eadp<\/h3>\n<p>\u0110\u1ec3 b\u1ea3o v\u1ec7 m\u1eb7t t\u1ee7 to\u00e0n di\u1ec7n h\u01a1n th\u00ec t\u1ee7 \u0111\u01b0\u1ee3c trang b\u1ecb m\u1ed9t l\u1edbp m\u1eb7t k\u00ednh c\u01b0\u1eddng l\u1ef1c, thi\u1ebft k\u1ebf n\u00e0y ngo\u00e0i vi\u1ec7c gi\u00fap t\u1ee7 tr\u00f4ng \u0111\u1eb9p h\u01a1n th\u00ec l\u1edbp k\u00ednh c\u01b0\u1eddng l\u1ef1c s\u1ebd gi\u00fap cho vi\u1ec7c b\u1ea3o v\u1ec7 \u0111\u01b0\u1ee3c c\u00e1nh t\u1ee7 tr\u01b0\u1edbc t\u00e1c \u0111\u1ed9ng b\u00ean ngo\u00e0i.<\/p>\n<p>&nbsp;<\/p>\n<p><img loading=\"lazy\" decoding=\"async\" class=\"aligncenter wp-image-13006 size-full lazyloaded\" src=\"https:\/\/sanakyvietnam.net\/wp-content\/uploads\/tu-dong-kinh-cuong-luc-sananky-vh-2599a2kd.jpg\" sizes=\"auto, (max-width: 1000px) 100vw, 1000px\" srcset=\"https:\/\/sanakyvietnam.net\/wp-content\/uploads\/tu-dong-kinh-cuong-luc-sananky-vh-2599a2kd.jpg 1000w, https:\/\/sanakyvietnam.net\/wp-content\/uploads\/tu-dong-kinh-cuong-luc-sananky-vh-2599a2kd-400x193.jpg 400w, https:\/\/sanakyvietnam.net\/wp-content\/uploads\/tu-dong-kinh-cuong-luc-sananky-vh-2599a2kd-600x290.jpg 600w, https:\/\/sanakyvietnam.net\/wp-content\/uploads\/tu-dong-kinh-cuong-luc-sananky-vh-2599a2kd-768x371.jpg 768w\" alt=\"T\u1ee7 \u0111\u00f4ng c\u01b0\u1eddng l\u1ef1c sanaky T\u1ee7 \u0111\u00f4ng c\u00f4ng ngh\u1ec7 ng\u0103n \u0111\u00f4ng m\u1ec1m vh-2599a2kd\" width=\"1000\" height=\"483\" data-ll-status=\"loaded\" \/><\/p>\n<h3>Trang b\u1ecb b\u00e1nh xe d\u1ec5 di chuy\u1ec3n<\/h3>\n<p>T\u1ee7 c\u00f3 trang b\u1ecb b\u00e1nh xe thu\u1eadn ti\u1ec7n cho vi\u1ec7c di chuy\u1ec3n t\u1ee7 v\u00ec t\u1ee7 \u0111\u00f4ng s\u1edf h\u1eefu tr\u1ecdng l\u01b0\u1ee3ng l\u1edbn, t\u1ee7 \u0111\u00f4ng g\u00e2y nhi\u1ec1u kh\u00f3 kh\u0103n khi v\u1eadn chuy\u1ec3n.<\/p>\n<h3>Gi\u1ecf \u0111\u1ef1ng \u0111\u1ed3 ti\u1ec7n d\u1ee5ng<\/h3>\n<p>Gi\u1ecf \u0111\u1ef1ng \u0111\u1ed3 ti\u1ec7n l\u1ee3i t\u00e1ch bi\u1ec7t c\u00f3 th\u1ec3 b\u1ecf ra khi kh\u00f4ng s\u1eed d\u1ee5ng.<\/p>\n<p><img loading=\"lazy\" decoding=\"async\" class=\"aligncenter wp-image-13007 size-full lazyloaded\" src=\"https:\/\/sanakyvietnam.net\/wp-content\/uploads\/gio-dung-do-sananky-vh-2599a2kd.jpg\" sizes=\"auto, (max-width: 1000px) 100vw, 1000px\" srcset=\"https:\/\/sanakyvietnam.net\/wp-content\/uploads\/gio-dung-do-sananky-vh-2599a2kd.jpg 1000w, https:\/\/sanakyvietnam.net\/wp-content\/uploads\/gio-dung-do-sananky-vh-2599a2kd-400x193.jpg 400w, https:\/\/sanakyvietnam.net\/wp-content\/uploads\/gio-dung-do-sananky-vh-2599a2kd-600x290.jpg 600w, https:\/\/sanakyvietnam.net\/wp-content\/uploads\/gio-dung-do-sananky-vh-2599a2kd-768x371.jpg 768w\" alt=\"Gi\u1ecf \u0111\u1ef1ng \u0111\u1ed3 sanaky vh-2599a2kd\" width=\"1000\" height=\"483\" data-ll-status=\"loaded\" \/><\/p>\n<p>&nbsp;<\/p>\n<h3>T\u1ee7 c\u00f3 trang b\u1ecb kho\u00e1 an to\u00e0n<\/h3>\n<p>Vi\u1ec7c m\u1edf t\u1ee7 th\u01b0\u1eddng xuy\u00ean s\u1ebd l\u00e0m th\u1ea5t tho\u00e1t nhi\u1ec7t, gi\u1ea3m hi\u1ec7u qu\u1ea3 \u0111\u00f4ng l\u1ea1nh c\u1ee7a t\u1ee7, \u0111\u1ed3ng th\u1eddi ti\u00eau t\u1ed1n nhi\u1ec1u \u0111i\u1ec7n n\u0103ng kh\u00f4ng c\u1ea7n thi\u1ebft. Kh\u00f3a an to\u00e0n s\u1ebd gi\u00fap ng\u01b0\u1eddi s\u1eed d\u1ee5ng ki\u1ec3m so\u00e1t t\u1ed1t h\u01a1n ho\u1ea1t \u0111\u1ed9ng \u0111\u00f3ng \u2013 m\u1edf t\u1ee7 \u0111\u00f4ng.<\/p>\n<h3>L\u00f2ng t\u1ee7 b\u1eb1ng c\u00f4i ph\u1eb3ng<\/h3>\n<p>L\u00f2ng c\u00f4i t\u1ee7 ph\u1eb3ng d\u1ec5 d\u00e0ng v\u1ec7 sinh, s\u1eafp x\u1ebfp t\u1ee7.<\/p>\n<p><img loading=\"lazy\" decoding=\"async\" class=\"alignnone size-medium wp-image-13009 lazyloaded\" src=\"https:\/\/sanakyvietnam.net\/wp-content\/uploads\/thong-so-ky-thuat-sananky-vh-2599a2kd-600x367.jpg\" sizes=\"auto, (max-width: 600px) 100vw, 600px\" srcset=\"https:\/\/sanakyvietnam.net\/wp-content\/uploads\/thong-so-ky-thuat-sananky-vh-2599a2kd-600x367.jpg 600w, https:\/\/sanakyvietnam.net\/wp-content\/uploads\/thong-so-ky-thuat-sananky-vh-2599a2kd-400x244.jpg 400w, https:\/\/sanakyvietnam.net\/wp-content\/uploads\/thong-so-ky-thuat-sananky-vh-2599a2kd-768x469.jpg 768w, https:\/\/sanakyvietnam.net\/wp-content\/uploads\/thong-so-ky-thuat-sananky-vh-2599a2kd.jpg 1000w\" alt=\"th\u00f4ng s\u1ed1 k\u1ef9 thu\u1eadt sanaky vh-2599a2kd\" width=\"600\" height=\"367\" data-ll-status=\"loaded\" \/><\/p>\n<h3>M\u1ed9t s\u1ed1 l\u01b0u \u00fd khi s\u1eed d\u1ee5ng<\/h3>\n<p>\u2013 N\u01a1i\u00a0\u0111\u1eb7t\u00a0t\u1ee7 ph\u1ea3i\u00a0kh\u00f4 r\u00e1o, \u00edt b\u1ee5i v\u00e0\u00a0\u0111\u1ea3m b\u1ea3o th\u00f4ng tho\u00e1ng ph\u00eda sau.<\/p>\n<p>\u2013 Kho\u1ea3ng c\u00e1ch gi\u1eef t\u1ee7 v\u00e0 t\u01b0\u1eddng t\u1ed1i thi\u1ec3u kho\u1ea3ng\u00a010 cm \u0111\u1ec3 \u0111\u1ea3m b\u1ea3o l\u01b0u th\u00f4ng kh\u00f4ng kh\u00ed\u00a0l\u00e0m m\u00e1t d\u00e0n. L\u01b0u\u00a0\u00fd:\u00a0kh\u00f4ng d\u00f9ng b\u1ea5t c\u1ee9 v\u1eadt g\u00ec\u00a0\u0111\u1ec3 ph\u1ee7 ho\u1eb7c ch\u1eafn k\u00edn\u00a0d\u00e0n ng\u01b0ng d\u00e0n n\u00f3ng.<\/p>\n<p>\u2013 N\u1ebfu\u00a0b\u1ea3o qu\u1ea3n c\u00e1c th\u1ef1c ph\u1ea9m l\u1ecfng n\u00ean\u00a0\u0111\u1ec3\u00a0trong h\u1ed9p c\u00f3 n\u1eafp \u0111\u1eady k\u00edn \u0111\u1ec3 ch\u1ed1ng bay h\u01a1i l\u00e0m t\u0103ng\u00a0nhanh l\u1edbp tuy\u1ebft tan b\u00e1m tr\u00ean gi\u00e0n l\u1ea1nh.<\/p>\n<p>\u2013 Kh\u00f4ng \u0111\u1ec3 trong t\u1ee7 c\u00e1c ch\u1ea5t axit -bazo g\u00e2y \u0103n m\u00f2n t\u1ee7 (\u0111\u1eb7c bi\u1ec7t c\u00e1c ch\u1ea5t chay n\u1ed5 t\u1ee7 l\u1ea1nh l\u00e0m b\u1eb1ng nh\u00f4m d\u1eabn \u0111\u1ebfn m\u1ea5t gas).<\/p>\n<p><img loading=\"lazy\" decoding=\"async\" class=\"alignnone size-medium wp-image-13016 lazyloaded\" src=\"https:\/\/sanakyvietnam.net\/wp-content\/uploads\/tu-dong-mat-kinh-cuong-luc-sananky-vh-2599a2kd-600x375.jpg\" sizes=\"auto, (max-width: 600px) 100vw, 600px\" srcset=\"https:\/\/sanakyvietnam.net\/wp-content\/uploads\/tu-dong-mat-kinh-cuong-luc-sananky-vh-2599a2kd-600x375.jpg 600w, https:\/\/sanakyvietnam.net\/wp-content\/uploads\/tu-dong-mat-kinh-cuong-luc-sananky-vh-2599a2kd-400x250.jpg 400w, https:\/\/sanakyvietnam.net\/wp-content\/uploads\/tu-dong-mat-kinh-cuong-luc-sananky-vh-2599a2kd-768x480.jpg 768w, https:\/\/sanakyvietnam.net\/wp-content\/uploads\/tu-dong-mat-kinh-cuong-luc-sananky-vh-2599a2kd.jpg 1000w\" alt=\"T\u1ee7 d\u00f4ng m\u1eb7t k\u00ednh c\u01b0\u1eddng l\u1ef1c sanaky vh-2599a2kd\" width=\"600\" height=\"375\" data-ll-status=\"loaded\" \/><\/p>\n<\/div>\n<\/div>\n<\/div>\n<\/div>\n<div class=\"row\">\n<div class=\"large-8 col\">\n<div class=\"snk-info-product-head\">\n<p>&nbsp;<\/p>\n<h3>\u0110\u00c1NH GI\u00c1 V\u00c0 NH\u1eacN X\u00c9T<\/h3>\n<\/div>\n<\/div>\n<\/div>\n<\/div>\n<div class=\"large-4 col\">\n<div class=\"product_additional_content\">\n<h2 class=\"title_tabs\"><\/h2>\n<\/div>\n<\/div>\n<\/div>\n","protected":false},"excerpt":{"rendered":"<p>T\u00cdNH N\u0102NG TH\u00d4NG S\u1ed0 K\u1ef8 THU\u1eacT Th\u00f4ng s\u1ed1 k\u1ef9 thu\u1eadt Model VH-2599A2KD Th\u01b0\u01a1ng hi\u1ec7u Sanaky Lo\u1ea1i T\u1ee7 \u0111\u00f4ng 1 ng\u0103n 2 c\u00e1nh d\u00e0n \u0111\u1ed3ng M\u00e0u k\u00ednh c\u01b0\u1eddng l\u1ef1c Xanh ng\u1ecdc B\u1ea3o h\u00e0nh 24 th\u00e1ng K\u00edch th\u01b0\u1edbc (DxRxC) 985 x 620 x 845 mm Tr\u1ecdng l\u01b0\u1ee3ng 44 kg Dung t\u00edch t\u1ed5ng th\u1ec3 \/ Dung t\u00edch s\u1eed&#8230;<\/p>\n","protected":false},"featured_media":1845,"comment_status":"open","ping_status":"closed","template":"","meta":[],"class_list":{"0":"post-1843","1":"product","2":"type-product","3":"status-publish","4":"has-post-thumbnail","6":"product_cat-dong-nguyen","7":"product_cat-sanaky-tu-dong","8":"product_cat-tu-dong","10":"first","11":"instock","12":"sale","13":"shipping-taxable","14":"purchasable","15":"product-type-simple"},"_links":{"self":[{"href":"https:\/\/dienmaynguyenkhang.vn\/index.php?rest_route=\/wp\/v2\/product\/1843","targetHints":{"allow":["GET"]}}],"collection":[{"href":"https:\/\/dienmaynguyenkhang.vn\/index.php?rest_route=\/wp\/v2\/product"}],"about":[{"href":"https:\/\/dienmaynguyenkhang.vn\/index.php?rest_route=\/wp\/v2\/types\/product"}],"replies":[{"embeddable":true,"href":"https:\/\/dienmaynguyenkhang.vn\/index.php?rest_route=%2Fwp%2Fv2%2Fcomments&post=1843"}],"wp:featuredmedia":[{"embeddable":true,"href":"https:\/\/dienmaynguyenkhang.vn\/index.php?rest_route=\/wp\/v2\/media\/1845"}],"wp:attachment":[{"href":"https:\/\/dienmaynguyenkhang.vn\/index.php?rest_route=%2Fwp%2Fv2%2Fmedia&parent=1843"}],"curies":[{"name":"wp","href":"https:\/\/api.w.org\/{rel}","templated":true}]}}