{"id":1827,"date":"2022-10-17T08:10:15","date_gmt":"2022-10-17T01:10:15","guid":{"rendered":"https:\/\/dienmaynguyenkhang.vn\/?post_type=product&#038;p=1827"},"modified":"2025-07-21T12:55:28","modified_gmt":"2025-07-21T05:55:28","slug":"tu-mat-sanaky-vh-288k-280-lit","status":"publish","type":"product","link":"https:\/\/dienmaynguyenkhang.vn\/?product=tu-mat-sanaky-vh-288k-280-lit","title":{"rendered":"T\u1ee7 m\u00e1t Sanaky VH-288K 280 l\u00edt"},"content":{"rendered":"<div id=\"tab-additional_information\" class=\"row specifications\" role=\"tabpanel\" aria-labelledby=\"tab-title-additional_information\">\n<div class=\"snk-info-product-head\">\n<h3>T\u00cdNH N\u0102NG TH\u00d4NG S\u1ed0 K\u1ef8 THU\u1eacT<\/h3>\n<\/div>\n<div class=\"large-8 col\">\n<div class=\"img-tskt\"><img loading=\"lazy\" decoding=\"async\" class=\"attachment-full size-full lazyloaded\" src=\"https:\/\/sanakyvietnam.net\/wp-content\/uploads\/tu-mat-sanaky-vh-288k.jpg\" sizes=\"auto, (max-width: 1000px) 100vw, 1000px\" srcset=\"https:\/\/sanakyvietnam.net\/wp-content\/uploads\/tu-mat-sanaky-vh-288k.jpg 1000w, https:\/\/sanakyvietnam.net\/wp-content\/uploads\/tu-mat-sanaky-vh-288k-300x300.jpg 300w, https:\/\/sanakyvietnam.net\/wp-content\/uploads\/tu-mat-sanaky-vh-288k-100x100.jpg 100w, https:\/\/sanakyvietnam.net\/wp-content\/uploads\/tu-mat-sanaky-vh-288k-400x400.jpg 400w, https:\/\/sanakyvietnam.net\/wp-content\/uploads\/tu-mat-sanaky-vh-288k-600x600.jpg 600w, https:\/\/sanakyvietnam.net\/wp-content\/uploads\/tu-mat-sanaky-vh-288k-768x768.jpg 768w\" alt=\"T\u1ee7 m\u00e1t n\u1eb1m ngang Sanaky VH-288K\" width=\"1000\" height=\"1000\" data-ll-status=\"loaded\" \/><\/div>\n<\/div>\n<div class=\"large-4 col\">\n<div class=\"product_additional_content\">\n<h2 class=\"title_tabs\">Th\u00f4ng s\u1ed1 k\u1ef9 thu\u1eadt<\/h2>\n<table>\n<tbody>\n<tr>\n<td>Model<\/td>\n<td>VH-288K<\/td>\n<\/tr>\n<tr>\n<td>H\u00e3ng s\u1ea3n xu\u1ea5t<\/td>\n<td><a href=\"https:\/\/dienmaynguyenkhang.vn\/?product=tu-mat-sanaky-vh-288k-280-lit\">SANAKY<\/a><\/td>\n<\/tr>\n<tr>\n<td>Lo\u1ea1i<\/td>\n<td>T\u1ee7 m\u00e1t n\u1eb1m ngang<\/td>\n<\/tr>\n<tr>\n<td>Ch\u1ee9c n\u0103ng<\/td>\n<td>L\u00e0m m\u00e1t<\/td>\n<\/tr>\n<tr>\n<td>\u0110i\u1ec7n \u00e1p<\/td>\n<td>220V\/50HZ<\/td>\n<\/tr>\n<tr>\n<td>S\u1ed1 ng\u0103n<\/td>\n<td>1 ng\u0103n m\u00e1t<\/td>\n<\/tr>\n<tr>\n<td>Dung t\u00edch s\u1eed d\u1ee5ng<\/td>\n<td>280 l\u00edt\/278 li\u0301t<\/td>\n<\/tr>\n<tr>\n<td>Gi\u00e0n l\u1ea1nh<\/td>\n<td>B\u1eb1ng nh\u00f4m<\/td>\n<\/tr>\n<tr>\n<td>K\u00edch th\u01b0\u1edbc t\u1ee7 (DxRxC mm )<\/td>\n<td>1300 x 780 x 795<\/td>\n<\/tr>\n<tr>\n<td>Tr\u1ecdng l\u01b0\u1ee3ng t\u1ecbnh<\/td>\n<td>72 kg<\/td>\n<\/tr>\n<tr>\n<td>Nhi\u1ec7t \u0111\u1ed9<\/td>\n<td>0~10\u00baC<\/td>\n<\/tr>\n<tr>\n<td>C\u00f4ng su\u1ea5t<\/td>\n<td>190 W<\/td>\n<\/tr>\n<tr>\n<td>Gas<\/td>\n<td>R134a<\/td>\n<\/tr>\n<tr>\n<td>B\u1ea3o h\u00e0nh<\/td>\n<td>24 th\u00e1ng<\/td>\n<\/tr>\n<\/tbody>\n<\/table>\n<\/div>\n<p><a class=\"open_additional_popup\" data-src=\"#additional_popup\" data-fancybox=\"\" data-options=\"{&quot;touch&quot; : false}\">XEM CHI TI\u1ebeT TH\u00d4NG S\u1ed0 K\u1ef8 THU\u1eacT<\/a><\/p>\n<div><\/div>\n<\/div>\n<\/div>\n<div class=\"content_description\">\n<div class=\"woocommerce-tabs wc-tabs-wrapper container tabbed-content\">\n<ul class=\"snk-info-product-head tabs wc-tabs product-tabs small-nav-collapse nav nav-uppercase nav-line-grow nav-left\" role=\"tablist\">\n<li id=\"tab-title-description\" class=\"description_tab active\" role=\"tab\" aria-controls=\"tab-description\"><a href=\"https:\/\/dienmaynguyenkhang.vn\/?product=tu-mat-sanaky-vh-288k-280-lit\"><i class=\"fa fa-caret-right\"><\/i>M\u00d4 T\u1ea2 S\u1ea2N PH\u1ea8M<\/a><\/li>\n<\/ul>\n<div class=\"tab-panels\">\n<div id=\"tab-description\" class=\"woocommerce-Tabs-panel woocommerce-Tabs-panel--description panel entry-content active\" role=\"tabpanel\" aria-labelledby=\"tab-title-description\">\n<h2>T\u1ee7 m\u00e1t Sanaky VH-288K n\u1eb1m ngang dung t\u00edch 280 l\u00edt<\/h2>\n<p><strong>T\u1ee7 m\u00e1t Sanaky VH-288K<\/strong>\u00a0l\u00e0 model\u00a0t\u1ee7 m\u00e1t c\u00f3 thi\u1ebft k\u1ebf\u00a0n\u1eb1m ngang duy nh\u1ea5t\u00a0c\u1ee7a h\u00e3ng\u00a0<strong>Sanaky<\/strong>. M\u1eb7c d\u00f9 c\u00f3 thi\u1ebft k\u1ebf n\u1eb1m ngang\u00a0gi\u1ed1ng m\u1ed9t chi\u1ebfc t\u1ee7 \u0111\u00f4ng\u00a0k\u00ednh l\u00f9a nh\u01b0ng v\u1edbi\u00a0m\u1eb7t tr\u01b0\u1edbc b\u1eb1ng k\u00ednh\u00a0gi\u00fap\u00a0\u0111\u1ea1t\u00a0hi\u1ec7u qu\u1ea3 h\u01a1n trong vi\u1ec7c tr\u01b0ng b\u00e0y s\u1ea3n ph\u1ea9m.\u00a0V\u1edbi dung t\u00edch 280 l\u00edt, s\u1ea3n ph\u1ea9m c\u00f3 th\u1ec3 \u0111\u00e1p \u1ee9ng \u0111\u01b0\u1ee3c nh\u01b0 c\u1ea7u b\u1ea3o qu\u1ea3n c\u0169ng nh\u01b0 tr\u01b0ng b\u00e0y s\u1ea3n ph\u1ea9m v\u1edbi s\u1ed1 l\u01b0\u1ee3ng \u00edt c\u1ee7a c\u00e1c c\u1eeda h\u00e0ng, si\u00eau th\u1ecb\u2026<\/p>\n<p><img loading=\"lazy\" decoding=\"async\" class=\"aligncenter wp-image-6166 size-medium lazyloaded\" src=\"https:\/\/sanakyvietnam.net\/wp-content\/uploads\/tu-mat-sanaky-vh-288k-mo-ta-600x350.jpg\" sizes=\"auto, (max-width: 600px) 100vw, 600px\" srcset=\"https:\/\/sanakyvietnam.net\/wp-content\/uploads\/tu-mat-sanaky-vh-288k-mo-ta-600x350.jpg 600w, https:\/\/sanakyvietnam.net\/wp-content\/uploads\/tu-mat-sanaky-vh-288k-mo-ta-400x234.jpg 400w, https:\/\/sanakyvietnam.net\/wp-content\/uploads\/tu-mat-sanaky-vh-288k-mo-ta-768x449.jpg 768w, https:\/\/sanakyvietnam.net\/wp-content\/uploads\/tu-mat-sanaky-vh-288k-mo-ta.jpg 1000w\" alt=\"T\u1ee7 mat Sanaky VH-288K n\u1eb1m ngang dung t\u00edch 280 l\u00edt\" width=\"600\" height=\"350\" data-ll-status=\"loaded\" \/><\/p>\n<h3>\u0110\u1eb7c \u0111i\u1ec3m n\u1ed5i b\u1eadt<\/h3>\n<ul>\n<li>L\u00e0 s\u1ea3n ph\u1ea9m 2 trong 1 v\u1eeba tr\u01b0ng b\u00e0y v\u1eeba\u00a0b\u1ea3o qu\u1ea3n m\u00e1t \u0111a d\u1ea1ng h\u00e0ng h\u00f3a trong nhi\u1ec7t \u0111\u1ed9 t\u1eeb 0\u2103 \u0111\u1ebfn 10\u2103<\/li>\n<li>C\u00f3 thi\u1ebft k\u1ebf d\u1ea1ng n\u1eb1m ngang v\u1edbi 2 c\u1eeda k\u00ednh m\u1edf ki\u1ec1u l\u00f9a v\u00e0 1 m\u1eb7t k\u00ednh ph\u00eda tr\u01b0\u1edbc t\u1ee7 gi\u00fap kh\u00e1ch h\u00e0ng quan s\u00e1t \u0111\u01b0\u1ee3c r\u00f5 r\u00e0ng c\u00e1c th\u1ef1c ph\u1ea9m \u0111\u01b0\u1ee3c tr\u01b0ng b\u00e0y \u1edf b\u00ean trong m\u00e0 kh\u00f4ng c\u1ea7n ph\u1ea3i t\u1edbi g\u1ea7n.<\/li>\n<li>T\u1ee7 c\u00f3\u00a0dung t\u00edch 280 l\u00edt c\u00f3 th\u1ec3 \u0111\u00e1p \u1ee9ng \u0111\u01b0\u1ee3c nhu c\u1ea7u b\u1ea3o qu\u1ea3n th\u1ef1c ph\u1ea9m v\u1edbi s\u1ed1 l\u01b0\u1ee3ng \u00edt. Trong t\u1ee7 c\u0169ng c\u00f3 2 gi\u1ecf \u0111\u1ef1ng \u0111\u1ed3 gi\u00fap b\u1ea1n ph\u00e2n lo\u1ea1i th\u1ef1c ph\u1ea9m tr\u01b0ng b\u00e0y d\u1ec5 d\u00e0ng h\u01a1n.<\/li>\n<li>C\u1eeda k\u00ednh \u0111\u01b0\u1ee3c l\u00e0m b\u1eb1ng ch\u1ea5t li\u1ec7u\u00a0ch\u1ecbu l\u1ef1c cao. \u0110\u1ed3ng th\u1eddi c\u1eeda k\u00ednh lu\u00f4n gi\u1eef \u0111\u01b0\u1ee3c\u00a0m\u1eb7t trong su\u1ed1t nh\u1edd h\u1ec7 th\u1ed1ng s\u01b0\u1edfi k\u00ednh b\u1eb1ng h\u01a1i n\u00f3ng t\u1eeb\u00a0l\u1ed1c n\u00e9n kh\u00f4ng ti\u00eau t\u1ed1n \u0111i\u1ec7n n\u0103ng.<\/li>\n<li>VH-288K s\u1eed d\u1ee5ng d\u00e0n l\u1ea1nh b\u1eb1ng nh\u00f4m cho kh\u1ea3 n\u0103ng l\u00e0m l\u1ea1nh \u1ed5n \u0111\u1ecbnh, k\u1ebft h\u1ee3p v\u1edbi qu\u1ea1t l\u1ed3ng s\u00f3c h\u01a1i l\u1ea1nh nhanh, s\u00e2u v\u00e0 l\u01b0u th\u00f4ng \u0111\u1ec1u kh\u1eafp b\u00ean trong t\u1ee7.<\/li>\n<li>L\u1edbp th\u00e0nh t\u1ee7 b\u1eb1ng nh\u1ef1a ABS cao c\u1ea5p c\u00f3 t\u00ednh d\u1ebbo dai cao v\u00e0 ch\u1ecbu l\u1ef1c t\u1ed1t b\u1ea1n ho\u00e0n to\u00e0n c\u00f3 th\u1ec3 y\u00ean t\u00e2m v\u1ec1 \u0111\u1ed9 b\u1ec1n c\u1ee7a t\u1ee7. L\u00f2ng t\u1ee7 ph\u1eb3ng c\u00f9ng l\u1ed7 tho\u00e1t n\u01b0\u1edbc d\u01b0\u1edbi \u0111\u00e1y t\u1ee7 gi\u00fap b\u1ea1n\u00a0d\u1ec5 d\u00e0ng lau ch\u00f9i v\u00e0\u00a0v\u1ec7 sinh h\u01a1n.<\/li>\n<li>Ch\u00e2n t\u1ee7 \u0111\u01b0\u1ee3c l\u1eafp \u0111\u1eb7t 4 b\u00e1nh xe gi\u00fap vi\u1ec7c di chuy\u1ec3n t\u1ee7 d\u1ec5 d\u00e0ng h\u01a1n m\u00e0 kh\u00f4ng t\u1ed1n nhi\u1ec1u s\u1ee9c.<\/li>\n<li>Lo\u1ea1i gas l\u00e0m l\u1ea1nh c\u1ee7a t\u1ee7 l\u00e0 gas R134a th\u00e2n thi\u1ec7n v\u1edbi m\u00f4i tr\u01b0\u1eddng v\u00e0 ng\u01b0\u1eddi s\u1eed d\u1ee5ng.<\/li>\n<\/ul>\n<\/div>\n<\/div>\n<\/div>\n<\/div>\n","protected":false},"excerpt":{"rendered":"<p>T\u00cdNH N\u0102NG TH\u00d4NG S\u1ed0 K\u1ef8 THU\u1eacT Th\u00f4ng s\u1ed1 k\u1ef9 thu\u1eadt Model VH-288K H\u00e3ng s\u1ea3n xu\u1ea5t SANAKY Lo\u1ea1i T\u1ee7 m\u00e1t n\u1eb1m ngang Ch\u1ee9c n\u0103ng L\u00e0m m\u00e1t \u0110i\u1ec7n \u00e1p 220V\/50HZ S\u1ed1 ng\u0103n 1 ng\u0103n m\u00e1t Dung t\u00edch s\u1eed d\u1ee5ng 280 l\u00edt\/278 li\u0301t Gi\u00e0n l\u1ea1nh B\u1eb1ng nh\u00f4m K\u00edch th\u01b0\u1edbc t\u1ee7 (DxRxC mm ) 1300 x 780 x 795&#8230;<\/p>\n","protected":false},"featured_media":1828,"comment_status":"open","ping_status":"closed","template":"","meta":[],"class_list":{"0":"post-1827","1":"product","2":"type-product","3":"status-publish","4":"has-post-thumbnail","6":"product_cat-sanaky-tu-mat","7":"product_cat-tu-mat","8":"product_cat-tu-mat-nam","10":"first","11":"instock","12":"sale","13":"shipping-taxable","14":"purchasable","15":"product-type-simple"},"_links":{"self":[{"href":"https:\/\/dienmaynguyenkhang.vn\/index.php?rest_route=\/wp\/v2\/product\/1827","targetHints":{"allow":["GET"]}}],"collection":[{"href":"https:\/\/dienmaynguyenkhang.vn\/index.php?rest_route=\/wp\/v2\/product"}],"about":[{"href":"https:\/\/dienmaynguyenkhang.vn\/index.php?rest_route=\/wp\/v2\/types\/product"}],"replies":[{"embeddable":true,"href":"https:\/\/dienmaynguyenkhang.vn\/index.php?rest_route=%2Fwp%2Fv2%2Fcomments&post=1827"}],"wp:featuredmedia":[{"embeddable":true,"href":"https:\/\/dienmaynguyenkhang.vn\/index.php?rest_route=\/wp\/v2\/media\/1828"}],"wp:attachment":[{"href":"https:\/\/dienmaynguyenkhang.vn\/index.php?rest_route=%2Fwp%2Fv2%2Fmedia&parent=1827"}],"curies":[{"name":"wp","href":"https:\/\/api.w.org\/{rel}","templated":true}]}}