{"id":1825,"date":"2022-10-16T20:30:44","date_gmt":"2022-10-16T13:30:44","guid":{"rendered":"https:\/\/dienmaynguyenkhang.vn\/?post_type=product&#038;p=1825"},"modified":"2025-10-20T11:11:02","modified_gmt":"2025-10-20T04:11:02","slug":"tu%cc%89-mat-sanaky-inverter-vh-1009hp3","status":"publish","type":"product","link":"https:\/\/dienmaynguyenkhang.vn\/?product=tu%cc%89-mat-sanaky-inverter-vh-1009hp3","title":{"rendered":"Tu\u0309 ma\u0301t Sanaky Inverter VH-1009HP3"},"content":{"rendered":"<div id=\"tab-additional_information\" class=\"row specifications\" role=\"tabpanel\" aria-labelledby=\"tab-title-additional_information\">\n<div class=\"snk-info-product-head\">\n<h3>T\u00cdNH N\u0102NG TH\u00d4NG S\u1ed0 K\u1ef8 THU\u1eacT<\/h3>\n<\/div>\n<div class=\"large-8 col\">\n<div class=\"img-tskt\"><img loading=\"lazy\" decoding=\"async\" class=\"attachment-full size-full lazyloaded\" src=\"https:\/\/sanakyvietnam.net\/wp-content\/uploads\/2019\/05\/tu-mat-sanaky-inverter-vh-1009hp3-thong-so.jpg\" sizes=\"auto, (max-width: 1536px) 100vw, 1536px\" srcset=\"https:\/\/sanakyvietnam.net\/wp-content\/uploads\/2019\/05\/tu-mat-sanaky-inverter-vh-1009hp3-thong-so.jpg 1536w, https:\/\/sanakyvietnam.net\/wp-content\/uploads\/2019\/05\/tu-mat-sanaky-inverter-vh-1009hp3-thong-so-600x375.jpg 600w, https:\/\/sanakyvietnam.net\/wp-content\/uploads\/2019\/05\/tu-mat-sanaky-inverter-vh-1009hp3-thong-so-768x481.jpg 768w, https:\/\/sanakyvietnam.net\/wp-content\/uploads\/2019\/05\/tu-mat-sanaky-inverter-vh-1009hp3-thong-so-400x250.jpg 400w\" alt=\"tu-mat-sanaky-inverter-vh-1009hp3-thong-so\" width=\"1536\" height=\"961\" data-ll-status=\"loaded\" \/><\/div>\n<\/div>\n<div class=\"large-4 col\">\n<div class=\"product_additional_content\">\n<h2 class=\"title_tabs\">Th\u00f4ng s\u1ed1 k\u1ef9 thu\u1eadt<\/h2>\n<table>\n<tbody>\n<tr>\n<td>Model<\/td>\n<td>VH-1009HP3<\/td>\n<\/tr>\n<tr>\n<td>Dung t\u00edch<\/td>\n<td>1000 l\u00edt\/900 l\u00edt<\/td>\n<\/tr>\n<tr>\n<td>C\u00f4ng su\u1ea5t<\/td>\n<td>485W<\/td>\n<\/tr>\n<tr>\n<td>Th\u01b0\u01a1ng hi\u1ec7u<\/td>\n<td><a href=\"https:\/\/dienmaynguyenkhang.vn\/?product=tu\u0309-mat-sanaky-inverter-vh-1009hp3\">Sanaky<\/a><\/td>\n<\/tr>\n<tr>\n<td>Lo\u1ea1i<\/td>\n<td><a href=\"https:\/\/dienmaynguyenkhang.vn\/?product=tu\u0309-mat-sanaky-inverter-vh-1009hp3\">T\u1ee7 m\u00e1t 2 c\u1eeda<\/a><\/td>\n<\/tr>\n<tr>\n<td>Ki\u1ec3u c\u1eeda<\/td>\n<td>K\u00ednh c\u01b0\u1eddng l\u1ef1c, tr\u00e1ng ph\u1ea3n x\u1ea1 nhi\u1ec7t<\/td>\n<\/tr>\n<tr>\n<td>H\u1ec7 th\u1ed1ng l\u00e0m l\u1ea1nh<\/td>\n<td>Qu\u1ea1t, Nofrost<\/td>\n<\/tr>\n<tr>\n<td>T\u1ef1 \u0111\u1ed9ng x\u1ea3 \u0111\u00f4ng<\/td>\n<td>c\u00f3<\/td>\n<\/tr>\n<tr>\n<td>C\u00f4ng ngh\u1ec7 Inverter<\/td>\n<td>C\u00f3<\/td>\n<\/tr>\n<tr>\n<td>K\u00edch th\u01b0\u1edbc t\u1ee7 (DxRxC mm)<\/td>\n<td>1000 \u00d7 730 \u00d7 2035<\/td>\n<\/tr>\n<tr valign=\"bottom\">\n<td>Ch\u1ea5t li\u1ec7u khung vi\u1ec1n c\u1eeda, tay c\u1ea7m<\/td>\n<td>PVC<\/td>\n<\/tr>\n<tr>\n<td>Ki\u1ec3u k\u00ednh<\/td>\n<td>K\u00ednh c\u01b0\u1eddng l\u1ef1c<\/td>\n<\/tr>\n<tr>\n<td>D\u00e0n l\u1ea1nh<\/td>\n<td>\u1ed0ng \u0111\u1ed3ng<\/td>\n<\/tr>\n<tr>\n<td>Nhi\u1ec7t \u0111\u1ed9<\/td>\n<td>0<sup>o<\/sup>C \u2013&gt; 10<sup>o<\/sup>C<\/td>\n<\/tr>\n<tr>\n<td>Ch\u1ee9c n\u0103ng<\/td>\n<td>L\u00e0m m\u00e1t, ch\u1ed1ng n\u1ea5m m\u1ed1c, Inverter<\/td>\n<\/tr>\n<tr>\n<td>\u0110i\u1ec7n \u00e1p<\/td>\n<td>220V\/50Hz<\/td>\n<\/tr>\n<tr>\n<td>Gas<\/td>\n<td>R134a<\/td>\n<\/tr>\n<tr>\n<td>B\u1ea3o h\u00e0nh<\/td>\n<td>24 th\u00e1ng<\/td>\n<\/tr>\n<\/tbody>\n<\/table>\n<\/div>\n<p><a class=\"open_additional_popup\" data-src=\"#additional_popup\" data-fancybox=\"\" data-options=\"{&quot;touch&quot; : false}\">XEM CHI TI\u1ebeT TH\u00d4NG S\u1ed0 K\u1ef8 THU\u1eacT<\/a><\/p>\n<div><\/div>\n<\/div>\n<\/div>\n<div class=\"content_description\">\n<div class=\"woocommerce-tabs wc-tabs-wrapper container tabbed-content\">\n<ul class=\"snk-info-product-head tabs wc-tabs product-tabs small-nav-collapse nav nav-uppercase nav-line-grow nav-left\" role=\"tablist\">\n<li id=\"tab-title-description\" class=\"description_tab active\" role=\"tab\" aria-controls=\"tab-description\"><a href=\"https:\/\/dienmaynguyenkhang.vn\/?product=tu\u0309-mat-sanaky-inverter-vh-1009hp3\"><i class=\"fa fa-caret-right\"><\/i>M\u00d4 T\u1ea2 S\u1ea2N PH\u1ea8M<\/a><\/li>\n<\/ul>\n<div class=\"tab-panels\">\n<div id=\"tab-description\" class=\"woocommerce-Tabs-panel woocommerce-Tabs-panel--description panel entry-content active\" role=\"tabpanel\" aria-labelledby=\"tab-title-description\">\n<h2>Tu\u0309 ma\u0301t Sanaky Inverter VH-1009HP3 dung t\u00edch 1000 l\u00edt<\/h2>\n<p><strong>T\u1ee7 m\u00e1t Sanaky Inverter VH-1009HP3<\/strong>\u00a0l\u00e0 lo\u1ea1i t\u1ee7 m\u00e1t 2 c\u00e1nh m\u1edf 2 b\u00ean dung t\u00edch l\u1edbn 1000 l\u00edt c\u1ee7a Sanaky \u0111\u01b0\u1ee3c nh\u1eadp kh\u1ea9u nguy\u00ean chi\u1ebfc t\u1eeb n\u01b0\u1edbc ngo\u00e0i. V\u1edbi 8 k\u1ec7 s\u1ebd gi\u00fap cho kh\u00e1ch h\u00e0ng s\u1eafp x\u1ebfp \u0111\u01b0\u1ee3c nhi\u1ec1u h\u00e0ng h\u00f3a h\u01a1n. C\u00f4ng ngh\u1ec7 Inverter ti\u1ebft ki\u1ec7m \u0111i\u1ec7n n\u0103ng ti\u00eau th\u1ee5. S\u1ea3n ph\u1ea9m th\u00edch h\u1ee3p v\u1edbi\u00a0c\u00e1c si\u00eau th\u1ecb, b\u00e1ch h\u00f3a, c\u1eeda h\u00e0ng t\u1ef1 ch\u1ecdn, c\u0103ng tin,\u2026 C\u00f3 nhu c\u1ea7u b\u1ea3o qu\u1ea3n m\u00e1t v\u00e0 tr\u01b0ng b\u00e0y c\u00e1c lo\u1ea1i \u0111\u1ed3 u\u1ed1ng, rau c\u1ee7, qu\u1ea3 v\u1edbi s\u1ed1 l\u01b0\u1ee3ng l\u1edbn.<\/p>\n<p>&nbsp;<\/p>\n<p><img loading=\"lazy\" decoding=\"async\" class=\"aligncenter wp-image-15524 size-full lazyloaded\" src=\"https:\/\/sanakyvietnam.net\/wp-content\/uploads\/2019\/05\/tu-mat-sanaky-inverter-vh-1009hp3.jpg\" sizes=\"auto, (max-width: 1536px) 100vw, 1536px\" srcset=\"https:\/\/sanakyvietnam.net\/wp-content\/uploads\/2019\/05\/tu-mat-sanaky-inverter-vh-1009hp3.jpg 1536w, https:\/\/sanakyvietnam.net\/wp-content\/uploads\/2019\/05\/tu-mat-sanaky-inverter-vh-1009hp3-600x375.jpg 600w, https:\/\/sanakyvietnam.net\/wp-content\/uploads\/2019\/05\/tu-mat-sanaky-inverter-vh-1009hp3-768x481.jpg 768w, https:\/\/sanakyvietnam.net\/wp-content\/uploads\/2019\/05\/tu-mat-sanaky-inverter-vh-1009hp3-400x250.jpg 400w\" alt=\"Tu\u0309 ma\u0301t Sanaky Inverter VH-1009HP3\" width=\"1536\" height=\"961\" data-ll-status=\"loaded\" \/><\/p>\n<h3><\/h3>\n<h3>M\u1ed9t s\u1ed1 \u0111\u1eb7c \u0111i\u1ec3m\u00a0n\u1ed5i b\u1eadt<\/h3>\n<ul>\n<li>VH-1009HP3 c\u00f3 thi\u1ebft k\u1ebf 1 ng\u0103n m\u00e1t v\u1edbi dung t\u00edch l\u00ean t\u1edbi 1000 l\u00edt v\u00e0 2 c\u00e1nh k\u00ednh m\u1edf \u0111\u00e1p \u1ee9ng nhu c\u1ea7u b\u1ea3o qu\u1ea3n v\u00e0 tr\u01b0ng b\u00e0y th\u1ef1c ph\u1ea9m.<\/li>\n<li>L\u1edbp c\u1eeda k\u00ednh 2 l\u1edbp\u00a0l\u00e0m b\u1eb1ng ch\u1ea5t li\u1ec7u ch\u1ecbu l\u1ef1c, c\u00e1ch nhi\u1ec7t v\u00e0\u00a0trong su\u1ed1t, k\u1ebft h\u1ee3p v\u1edbi h\u1ec7 th\u1ed1ng\u00a0\u0111\u00e8n Led chi\u1ebfu s\u00e1ng\u00a0b\u00ean trong\u00a0t\u1ee7 gi\u00fap ng\u01b0\u1eddi d\u00f9ng c\u00f3 th\u1ec3\u00a0d\u1ec5 d\u00e0ng quan s\u00e1t \u0111\u01b0\u1ee3c\u00a0th\u1ef1c ph\u1ea9m trong t\u1ee7 m\u00e1t. H\u01a1n th\u1ebf n\u1eefa\u00a0h\u1ec7 th\u1ed1ng s\u01b0\u1edfi k\u00ednh b\u1eb1ng h\u01a1i n\u00f3ng t\u1eeb l\u1ed1c n\u00e9n c\u0169ng gi\u00fap m\u1eb7t k\u00ednh\u00a0kh\u00f4ng b\u1ecb \u0111\u1ecdng s\u01b0\u01a1ng m\u00e0 kh\u00f4ng t\u1ed1n \u0111i\u1ec7n.<\/li>\n<li><a href=\"https:\/\/dienmaynguyenkhang.vn\/?product=tu\u0309-mat-sanaky-inverter-vh-1009hp3\">T\u1ee7 m\u00e1t h\u00e3ng Sanaky<\/a>\u00a0c\u00f3 l\u1edbp foam d\u00e0y gi\u00fap t\u1ee7 gi\u1eef l\u1ea1nh r\u1ea5t t\u1ed1t. D\u00e0n l\u1ea1nh \u0111\u1ed3ng c\u0169ng gi\u00fap t\u1ee7 c\u00f3 kh\u1ea3 n\u0103ng l\u00e0m l\u1ea1nh nhanh h\u01a1n d\u00e0n nh\u00f4m, k\u1ebft h\u1ee3p qu\u1ea1t \u0111\u1ea3o nhi\u1ec7t h\u01a1i l\u1ea1nh s\u00e2u v\u00e0 t\u1ecfa \u0111\u1ec1u kh\u1eafp b\u00ean trong t\u1ee7. H\u01a1n n\u1eefa, gas s\u1eed d\u1ee5ng l\u00e0 gas R134a n\u00ean r\u1ea5t th\u00e2n thi\u1ec7n v\u1edbi m\u00f4i tr\u01b0\u1eddng. Nhi\u1ec7t \u0111\u1ed9 l\u00e0m l\u1ea1nh c\u1ee7a t\u1ee7 l\u00e0 t\u1eeb 0<sup>o<\/sup>C \u2013 10<sup>o<\/sup>C.<\/li>\n<li>Model t\u1ee7 m\u00e1t n\u00e0y \u0111\u01b0\u1ee3c t\u00edch h\u1ee3p c\u00f4ng ngh\u1ec7 inverter hi\u1ec7n \u0111\u1ea1i, ki\u1ec3m so\u00e1t h\u1ec7 th\u1ed1ng l\u00e0m l\u1ea1nh gi\u00fap t\u1ee7 ho\u1ea1t \u0111\u1ed9ng hi\u1ec7u qu\u1ea3 nh\u1ea5t m\u00e0 l\u1ea1i ti\u00eau t\u1ed1n \u00edt \u0111i\u1ec7n n\u0103ng. T\u1ee7 c\u00f3 th\u1ec3 ti\u1ebft ki\u1ec7m \u0111i\u1ec7n n\u0103ng ti\u00eau th\u1ee5 l\u00ean t\u1edbi 50% so v\u1edbi c\u00e1c d\u00f2ng t\u1ee7 th\u00f4ng th\u01b0\u1eddng kh\u00e1c.<\/li>\n<li>Ng\u0103n t\u1ee7 \u0111\u01b0\u1ee3c l\u00e0m b\u1eb1ng ch\u1ea5t li\u1ec7u nh\u1ef1a ABS d\u1ebbo dai, ch\u1ed1ng va \u0111\u1eadp t\u1ed1t. L\u00f2ng t\u1ee7 ph\u1eb3ng d\u1ec5 d\u00e0ng lau ch\u00f9i v\u00e0 v\u1ec7 sinh. Trong t\u1ee7 c\u0169ng c\u00f3 8 k\u1ec7 \u0111\u1ec3 \u0111\u1ed3 c\u00f3 th\u1ec3 th\u00e1o d\u1ee1 v\u00e0 di chuy\u1ec3n, gi\u00fap ph\u00e2n lo\u1ea1i th\u1ef1c ph\u1ea9m \u0111\u1ec3 b\u1ea3o qu\u1ea3n c\u0169ng nh\u01b0 tr\u01b0ng b\u00e0y d\u1ec5 d\u00e0ng h\u01a1n.<\/li>\n<li>Ch\u00e2n t\u1ee7 c\u0169ng \u0111\u01b0\u1ee3c l\u1eafp 4 b\u00e1nh xe ch\u1ecbu l\u1ef1c \u0111\u1ec3 thu\u1eadn ti\u1ec7n h\u01a1n khi di chuy\u1ec3n.<\/li>\n<\/ul>\n<p>&nbsp;<\/p>\n<p><img loading=\"lazy\" decoding=\"async\" class=\"aligncenter wp-image-15521 size-full lazyloaded\" src=\"https:\/\/sanakyvietnam.net\/wp-content\/uploads\/2020\/05\/tu-mat-sanaky-hp3-dan-lanh-inverter-lam-lanh.jpg\" sizes=\"auto, (max-width: 1536px) 100vw, 1536px\" srcset=\"https:\/\/sanakyvietnam.net\/wp-content\/uploads\/2020\/05\/tu-mat-sanaky-hp3-dan-lanh-inverter-lam-lanh.jpg 1536w, https:\/\/sanakyvietnam.net\/wp-content\/uploads\/2020\/05\/tu-mat-sanaky-hp3-dan-lanh-inverter-lam-lanh-600x375.jpg 600w, https:\/\/sanakyvietnam.net\/wp-content\/uploads\/2020\/05\/tu-mat-sanaky-hp3-dan-lanh-inverter-lam-lanh-768x480.jpg 768w, https:\/\/sanakyvietnam.net\/wp-content\/uploads\/2020\/05\/tu-mat-sanaky-hp3-dan-lanh-inverter-lam-lanh-400x250.jpg 400w\" alt=\"T\u1ee7 m\u00e1t inverter Sanaky 2 c\u00e1nh HP3\" width=\"1536\" height=\"960\" data-ll-status=\"loaded\" \/><\/p>\n<p>&nbsp;<\/p>\n<h2>C\u00f4ng ngh\u1ec7 k\u00ednh LOW-E<\/h2>\n<p><strong>H\u1ea1n ch\u1ebf s\u1ef1 trao \u0111\u1ed5i nhi\u1ec7t v\u1edbi b\u00ean ngo\u00e0i:<\/strong>\u00a0k\u00ednh ph\u1ee7 LOW-E s\u1ebd h\u1ea1n ch\u1ebf tia h\u1ed3ng ngo\u1ea1i mang nhi\u1ec7t v\u00e0 tia UV n\u0103ng l\u01b0\u1ee3ng cao c\u1ee7a \u00e1nh s\u00e1ng tr\u1eafng th\u00e2m nh\u1eadp v\u00e0o t\u1ee7.<\/p>\n<p><strong>T\u0103ng kh\u1ea3 n\u0103ng c\u00e1ch nhi\u1ec7t:<\/strong>\u00a0h\u1ea1n ch\u1ebf b\u1ee9c x\u1ea1 gi\u00fap gi\u1ea3m trao \u0111\u1ed5i nhi\u1ec7t v\u1edbi m\u00f4i tr\u01b0\u1eddng b\u00ean ngo\u00e0i xu\u1ed1ng m\u1ee9c th\u1ea5p nh\u1ea5t. Kh\u00f4ng gian l\u00e0m l\u1ea1nh b\u00ean trong t\u1ee7 gi\u1eef \u0111\u01b0\u1ee3c nhi\u1ec7t \u0111\u1ed9 l\u00e2u h\u01a1n<\/p>\n<p><strong>H\u1ea1n ch\u1ebf \u0111\u1ecdng s\u01b0\u01a1ng:<\/strong>\u00a0K\u00ednh Low-E gi\u00fap h\u1ea1n ch\u1ebf \u0111\u1ecdng s\u01b0\u01a1ng hay h\u01a1i n\u01b0\u1edbc tr\u00ean c\u00e1nh t\u1ee7 khi t\u1ee7 \u0111ang ho\u1ea1t \u0111\u1ed9ng nh\u1edd n\u0103ng cao kh\u1ea3 n\u0103ng c\u00e1ch nhi\u1ec7t c\u1ee7a k\u00ednh.<\/p>\n<p><strong>Ti\u1ebft ki\u1ec7m t\u1ed1i \u0111a \u0111i\u1ec7n n\u0103ng:<\/strong>\u00a0nh\u1edd kh\u1ea3 n\u0103ng gi\u1eef nhi\u1ec7t v\u00e0 c\u00e1ch nhi\u1ec7t t\u1ed1t c\u1ee7a k\u00ednh Low-e m\u00e0 t\u1ee7 m\u00e1t s\u1ebd ph\u1ea3i ho\u1ea1t \u0111\u1ed9ng \u00edt h\u01a1n t\u1eeb \u0111\u00f3 ti\u1ebft ki\u1ec7m \u0111i\u1ec7n<\/p>\n<p><strong>Quan s\u00e1t s\u1ea3n ph\u1ea9m trong t\u1ee7 r\u00f5 r\u00e0ng:<\/strong>\u00a0K\u00ednh Low-E gi\u00fap c\u00e2n b\u1eb1ng \u00e1nh s\u00e1ng t\u1ed1t h\u01a1n, kh\u00f4ng g\u00e2y ch\u00f3i m\u1eaft khi nh\u00ecn t\u1eeb ngo\u00e0i v\u00e0o t\u1ee7 m\u00e0 c\u00f3 \u00e1nh \u0111\u00e8n hay ngu\u1ed3n \u00e1nh s\u00e1ng kh\u00e1c chi\u1ebfu v\u00e0o m\u1eb7t k\u00ednh. N\u00e2ng cao t\u00ednh th\u1ea9m m\u1ef9 c\u00e1nh t\u1ee7. Gi\u00fap t\u1ed1i \u01b0u cho m\u1ee5c \u0111\u00edch tr\u01b0ng b\u00e0y s\u1ea3n ph\u1ea9m.<\/p>\n<p>&nbsp;<\/p>\n<h2>H\u1ec7 th\u1ed1ng l\u00e0m l\u1ea1nh v\u01b0\u1ee3t tr\u1ed9i<\/h2>\n<h3>D\u00e0n l\u1ea1nh b\u1eb1ng \u0111\u1ed3ng<\/h3>\n<p>D\u00e0n l\u1ea1nh b\u1eb1ng \u0111\u1ed3ng nguy\u00ean ch\u1ea5t gi\u00fap cho t\u1ee7 m\u00e1t d\u1eabn nhi\u1ec7t nhanh h\u01a1n, v\u1eadn h\u00e0nh \u00eam \u00e1i v\u00e0 ti\u1ebft ki\u1ec7m \u0111i\u1ec7n.<\/p>\n<p>L\u00e0m l\u1ea1nh theo ki\u1ec3u Nofrost v\u1edbi d\u00e0n l\u1ea1nh gi\u00e1n ti\u1ebfp n\u1eb1m tr\u00ean n\u00f3c t\u1ee7 c\u00f3 qu\u1ea1t \u0111\u1ea3o nhi\u1ec7t \u0111\u1ea3m b\u1ea3o nhi\u1ec7t \u0111\u1ed9 trong t\u1ee7 lu\u00f4n \u0111\u1ed3ng \u0111\u1ec1u.<\/p>\n<p>V\u1edbi c\u00f4ng ngh\u1ec7 l\u00e0m l\u1ea1nh Nofrost s\u1ebd ho\u00e0n to\u00e0n kh\u00f4ng g\u00e2y ra hi\u1ec7n t\u01b0\u1ee3ng \u0111\u00f3ng \u0111\u00e1 d\u00e0n l\u1ea1nh. Do v\u1eady h\u1ea1n ch\u1ebf vi\u1ec7c ng\u01b0\u1eddi s\u1eed d\u1ee5ng ph\u1ea3i x\u1ea3 \u0111\u00f4ng khi s\u1eed d\u1ee5ng v\u00e0 b\u1ea3o qu\u1ea3n \u0111\u1ed3 \u0111\u01b0\u1ee3c t\u1ed1t h\u01a1n.<\/p>\n<p>V\u1edbi kh\u1ea3 n\u0103ng \u0111i\u1ec1u ch\u1ec9nh t\u1ed1c \u0111\u1ed9 v\u00f2ng quay c\u1ee7a \u0111\u1ed9ng c\u01a1, c\u00f4ng ngh\u1ec7 n\u00e0y \u0111em l\u1ea1i hi\u1ec7u qu\u1ea3 ti\u1ebft ki\u1ec7m \u0111i\u1ec7n l\u00ean \u0111\u1ebfn 50% m\u00e0 v\u1eabn \u0111\u1ea3m b\u1ea3o v\u1eadn h\u00e0nh t\u1ed1t v\u00e0 b\u1ec1n b\u1ec9. Ngo\u00e0i ra, c\u00f4ng ngh\u1ec7 n\u00e0y gi\u00fap m\u00e1y n\u00e9n ho\u1ea1t \u0111\u1ed9ng \u00eam \u00e1i, kh\u1ea3 n\u0103ng v\u1eadn h\u00e0nh b\u1ec1n b\u1ec9 \u0111em \u0111\u1ebfn s\u1ef1 b\u1ea3o qu\u1ea3n th\u1ef1c ph\u1ea9m tuy\u1ec7t v\u1eddi cho b\u1ea1n.<\/p>\n<p>&nbsp;<\/p>\n<p><img loading=\"lazy\" decoding=\"async\" class=\"aligncenter wp-image-15520 size-full lazyloaded\" src=\"https:\/\/sanakyvietnam.net\/wp-content\/uploads\/2020\/05\/tu-mat-sanaky-2-canh-HP3-tien-ich.jpg\" sizes=\"auto, (max-width: 1536px) 100vw, 1536px\" srcset=\"https:\/\/sanakyvietnam.net\/wp-content\/uploads\/2020\/05\/tu-mat-sanaky-2-canh-HP3-tien-ich.jpg 1536w, https:\/\/sanakyvietnam.net\/wp-content\/uploads\/2020\/05\/tu-mat-sanaky-2-canh-HP3-tien-ich-600x375.jpg 600w, https:\/\/sanakyvietnam.net\/wp-content\/uploads\/2020\/05\/tu-mat-sanaky-2-canh-HP3-tien-ich-768x480.jpg 768w, https:\/\/sanakyvietnam.net\/wp-content\/uploads\/2020\/05\/tu-mat-sanaky-2-canh-HP3-tien-ich-400x250.jpg 400w\" alt=\"tu-mat-sanaky-2-canh-HP3-tien-ich\" width=\"1536\" height=\"960\" data-ll-status=\"loaded\" \/><\/p>\n<h3><\/h3>\n<h3>Nhi\u1ec1u ti\u1ec7n \u00edch n\u1ed5i b\u1eadt<\/h3>\n<p><strong>B\u00e1nh xe:<\/strong>\u00a0T\u1ee7 c\u00f3 trang b\u1ecb b\u00e1nh xe thu\u1eadn ti\u1ec7n cho vi\u1ec7c di chuy\u1ec3n t\u1ee7 v\u00ec t\u1ee7 \u0111\u00f4ng s\u1edf h\u1eefu tr\u1ecdng l\u01b0\u1ee3ng l\u1edbn, t\u1ee7 \u0111\u00f4ng g\u00e2y nhi\u1ec1u kh\u00f3 kh\u0103n khi v\u1eadn chuy\u1ec3n.<\/p>\n<p><strong>\u0110\u00e8n LED:<\/strong>\u00a0T\u1ee7 m\u00e1t Sanaky \u0111\u01b0\u1ee3c thi\u1ebft k\u1ebf v\u1edbi h\u1ec7 th\u1ed1ng \u0111\u00e8n LED d\u1ecdc theo h\u00f4ng v\u00e0 n\u00f3c t\u1ee7, chi\u1ebfu s\u00e1ng to\u00e0n b\u1ed9 c\u00e1c g\u00f3c khu\u1ea5t gi\u00fap tr\u01b0ng b\u00e0y c\u00e1c s\u1ea3n ph\u1ea9m b\u1eaft m\u1eaft v\u00e0 thu h\u00fat. H\u01a1n n\u1eefa, h\u1ec7 th\u1ed1ng \u0111\u00e8n LED c\u00f2n ti\u1ebft ki\u1ec7m \u0111i\u1ec7n n\u0103ng v\u00e0 c\u00f3 tu\u1ed5i th\u1ecd b\u1ec1n b\u1ec9 h\u01a1n nhi\u1ec1u l\u1ea7n so v\u1edbi c\u00e1c lo\u1ea1i \u0111\u00e8n hu\u1ef3nh quang, \u0111\u00e8n s\u1ee3i \u0111\u1ed1t,\u2026 mang l\u1ea1i gi\u00e1 tr\u1ecb s\u1eed d\u1ee5ng l\u00e2u d\u00e0i cho ng\u01b0\u1eddi s\u1eed d\u1ee5ng.<\/p>\n<p><strong>H\u1ec7 th\u1ed1ng s\u01b0\u1edfi k\u00ednh:<\/strong>\u00a0H\u1ec7 th\u1ed1ng s\u01b0\u1edfi k\u00ednh l\u1ea5y nhi\u1ec7t t\u1ecfa ra t\u1eeb ch\u00ednh l\u1ed1c m\u00e1y \u0111\u01b0a l\u00ean s\u01b0\u1edfi k\u00ednh r\u1ea5t hi\u1ec7u qu\u1ea3 v\u00e0 ti\u1ebft ki\u1ec7m \u0111i\u1ec7n.<\/p>\n<p><strong>K\u1ec7 \u0111i k\u00e8m:<\/strong>\u00a0Khi mua t\u1ee7 k\u1ec7 s\u1ebd \u0111\u01b0\u1ee3c t\u1eb7ng k\u00e8m cho kh\u00e1ch h\u00e0ng, ng\u01b0\u1eddi s\u1eed d\u1ee5ng c\u00f3 th\u1ec3 d\u1ec5 d\u00e0ng s\u1eafp x\u1ebfp c\u00e1c lo\u1ea1i th\u1ef1c ph\u1ea9m theo t\u1eebng ng\u0103n sao cho ti\u1ec7n l\u1ee3i nh\u1ea5t.<\/p>\n<p><strong>L\u1ed7 tho\u00e1t n\u01b0\u1edbc:<\/strong>\u00a0Khi tr\u01b0ng b\u00e0y th\u1ef1c ph\u1ea9m l\u00e2u ng\u00e0y, c\u00e1c lo\u1ea1i b\u1ee5i b\u1ea9n v\u00e0 m\u00f9i h\u00f4i kh\u00f3 ch\u1ecbu s\u1ebd d\u1ea7n h\u00ecnh th\u00e0nh. V\u1edbi l\u1ed7 tho\u00e1t n\u01b0\u1edbc \u0111\u01b0\u1ee3c thi\u1ebft k\u1ebf b\u00ean trong, vi\u1ec7c v\u1ec7 sinh t\u1ee7 \u0111\u1ecbnh k\u00ec s\u1ebd \u0111\u01b0\u1ee3c th\u1ef1c hi\u1ec7n d\u1ec5 d\u00e0ng, tr\u1ea3 l\u1ea1i kh\u00f4ng gian l\u00e0m l\u1ea1nh t\u01b0\u01a1i m\u00e1t.<\/p>\n<\/div>\n<\/div>\n<\/div>\n<\/div>\n","protected":false},"excerpt":{"rendered":"<p>T\u00cdNH N\u0102NG TH\u00d4NG S\u1ed0 K\u1ef8 THU\u1eacT Th\u00f4ng s\u1ed1 k\u1ef9 thu\u1eadt Model VH-1009HP3 Dung t\u00edch 1000 l\u00edt\/900 l\u00edt C\u00f4ng su\u1ea5t 485W Th\u01b0\u01a1ng hi\u1ec7u Sanaky Lo\u1ea1i T\u1ee7 m\u00e1t 2 c\u1eeda Ki\u1ec3u c\u1eeda K\u00ednh c\u01b0\u1eddng l\u1ef1c, tr\u00e1ng ph\u1ea3n x\u1ea1 nhi\u1ec7t H\u1ec7 th\u1ed1ng l\u00e0m l\u1ea1nh Qu\u1ea1t, Nofrost T\u1ef1 \u0111\u1ed9ng x\u1ea3 \u0111\u00f4ng c\u00f3 C\u00f4ng ngh\u1ec7 Inverter C\u00f3 K\u00edch th\u01b0\u1edbc t\u1ee7&#8230;<\/p>\n","protected":false},"featured_media":1826,"comment_status":"open","ping_status":"closed","template":"","meta":[],"class_list":{"0":"post-1825","1":"product","2":"type-product","3":"status-publish","4":"has-post-thumbnail","6":"product_cat-mat-2-3-4canh","7":"product_cat-sanaky-tu-mat","8":"product_cat-tu-mat","10":"first","11":"instock","12":"sale","13":"shipping-taxable","14":"purchasable","15":"product-type-simple"},"_links":{"self":[{"href":"https:\/\/dienmaynguyenkhang.vn\/index.php?rest_route=\/wp\/v2\/product\/1825","targetHints":{"allow":["GET"]}}],"collection":[{"href":"https:\/\/dienmaynguyenkhang.vn\/index.php?rest_route=\/wp\/v2\/product"}],"about":[{"href":"https:\/\/dienmaynguyenkhang.vn\/index.php?rest_route=\/wp\/v2\/types\/product"}],"replies":[{"embeddable":true,"href":"https:\/\/dienmaynguyenkhang.vn\/index.php?rest_route=%2Fwp%2Fv2%2Fcomments&post=1825"}],"wp:featuredmedia":[{"embeddable":true,"href":"https:\/\/dienmaynguyenkhang.vn\/index.php?rest_route=\/wp\/v2\/media\/1826"}],"wp:attachment":[{"href":"https:\/\/dienmaynguyenkhang.vn\/index.php?rest_route=%2Fwp%2Fv2%2Fmedia&parent=1825"}],"curies":[{"name":"wp","href":"https:\/\/api.w.org\/{rel}","templated":true}]}}