{"id":1630,"date":"2022-09-14T09:23:36","date_gmt":"2022-09-14T02:23:36","guid":{"rendered":"https:\/\/dienmaynguyenkhang.vn\/?post_type=product&#038;p=1630"},"modified":"2025-10-20T14:03:48","modified_gmt":"2025-10-20T07:03:48","slug":"tu-dong-sanaky-vh-1599hyk-150-lit-mat-kinh","status":"publish","type":"product","link":"https:\/\/dienmaynguyenkhang.vn\/?product=tu-dong-sanaky-vh-1599hyk-150-lit-mat-kinh","title":{"rendered":"T\u1ee7 \u0111\u00f4ng Sanaky VH-1599HYK (150 l\u00edt) m\u1eb7t K\u00ednh"},"content":{"rendered":"<div id=\"tab-additional_information\" class=\"row specifications\" role=\"tabpanel\" aria-labelledby=\"tab-title-additional_information\">\n<div class=\"snk-info-product-head\">\n<h3>T\u00cdNH N\u0102NG TH\u00d4NG S\u1ed0 K\u1ef8 THU\u1eacT<\/h3>\n<\/div>\n<div class=\"large-8 col\">\n<div class=\"img-tskt\"><img loading=\"lazy\" decoding=\"async\" class=\"attachment-full size-full lazyloaded\" src=\"https:\/\/sanakyvietnam.net\/wp-content\/uploads\/thong-so-ky-thuat-vh-150hyk.png\" sizes=\"auto, (max-width: 800px) 100vw, 800px\" srcset=\"https:\/\/sanakyvietnam.net\/wp-content\/uploads\/thong-so-ky-thuat-vh-150hyk.png 800w, https:\/\/sanakyvietnam.net\/wp-content\/uploads\/thong-so-ky-thuat-vh-150hyk-400x271.png 400w, https:\/\/sanakyvietnam.net\/wp-content\/uploads\/thong-so-ky-thuat-vh-150hyk-600x406.png 600w, https:\/\/sanakyvietnam.net\/wp-content\/uploads\/thong-so-ky-thuat-vh-150hyk-768x519.png 768w\" alt=\"th\u00f4ng s\u1ed1 k\u1ef9 thu\u1eadt T\u1ee7 \u0111\u00f4ng Sanaky VH-1599HYK\" width=\"800\" height=\"541\" data-ll-status=\"loaded\" \/><\/div>\n<\/div>\n<div class=\"large-4 col\">\n<div class=\"product_additional_content\">\n<h2 class=\"title_tabs\">Th\u00f4ng s\u1ed1 k\u1ef9 thu\u1eadt<\/h2>\n<table>\n<thead>\n<tr>\n<td><strong>Model<\/strong><\/td>\n<td><strong>VH-1599HYK<\/strong><\/td>\n<\/tr>\n<\/thead>\n<tbody>\n<tr>\n<td>Th\u01b0\u01a1ng hi\u1ec7u<\/td>\n<td><a href=\"https:\/\/dienmaynguyenkhang.vn\/?product=tu-dong-sanaky-vh-1599hyk-150-lit-mat-kinh\">Sanaky<\/a><\/td>\n<\/tr>\n<tr>\n<td>M\u00e0u k\u00ednh c\u01b0\u1eddng l\u1ef1c<\/td>\n<td>X\u00e1m<\/td>\n<\/tr>\n<tr>\n<td>Ch\u1ea5t li\u1ec7u d\u00e0n l\u1ea1nh<\/td>\n<td>\u0110\u1ed3ng<\/td>\n<\/tr>\n<tr>\n<td>Lo\u1ea1i<\/td>\n<td><a href=\"https:\/\/dienmaynguyenkhang.vn\/?product=tu-dong-sanaky-vh-1599hyk-150-lit-mat-kinh\">T\u1ee7 \u0111\u00f4ng 1 ng\u0103n 1 c\u00e1nh<\/a><\/td>\n<\/tr>\n<tr>\n<td>Nhi\u1ec7t \u0111\u1ed9 ng\u0103n \u0111\u00f4ng<\/td>\n<td>\u2264-18\u00b0C<\/td>\n<\/tr>\n<tr>\n<td>Ngu\u1ed3n \u0111i\u1ec7n<\/td>\n<td>220V\/50Hz<\/td>\n<\/tr>\n<tr>\n<td>C\u00f4ng su\u1ea5t<\/td>\n<td>84.1 (W)<\/td>\n<\/tr>\n<tr>\n<td>Dung t\u00edch t\u1ed5ng\/Dung t\u00edch s\u1eed d\u1ee5ng<\/td>\n<td>150 l\u00edt\/100 l\u00edt<\/td>\n<\/tr>\n<tr>\n<td>K\u00edch th\u01b0\u1edbc<\/td>\n<td>615 x 620 x 845 (mm)<\/td>\n<\/tr>\n<tr>\n<td>Tr\u1ecdng l\u01b0\u1ee3ng<\/td>\n<td>32 (kg)<\/td>\n<\/tr>\n<tr>\n<td>M\u00f4i ch\u1ea5t l\u1ea1nh<\/td>\n<td>R600a<\/td>\n<\/tr>\n<tr>\n<td>B\u1ea3o h\u00e0nh<\/td>\n<td>24 th\u00e1ng<\/td>\n<\/tr>\n<\/tbody>\n<\/table>\n<\/div>\n<p><a class=\"open_additional_popup\" data-src=\"#additional_popup\" data-fancybox=\"\" data-options=\"{&quot;touch&quot; : false}\">XEM CHI TI\u1ebeT TH\u00d4NG S\u1ed0 K\u1ef8 THU\u1eacT<\/a><\/p>\n<div><\/div>\n<\/div>\n<\/div>\n<div class=\"content_description\">\n<div class=\"woocommerce-tabs wc-tabs-wrapper container tabbed-content\">\n<ul class=\"snk-info-product-head tabs wc-tabs product-tabs small-nav-collapse nav nav-uppercase nav-line-grow nav-left\" role=\"tablist\">\n<li id=\"tab-title-description\" class=\"description_tab active\" role=\"tab\" aria-controls=\"tab-description\"><a href=\"https:\/\/dienmaynguyenkhang.vn\/?product=tu-dong-sanaky-vh-1599hyk-150-lit-mat-kinh\"><i class=\"fa fa-caret-right\"><\/i>M\u00d4 T\u1ea2 S\u1ea2N PH\u1ea8M<\/a><\/li>\n<\/ul>\n<div class=\"tab-panels\">\n<div id=\"tab-description\" class=\"woocommerce-Tabs-panel woocommerce-Tabs-panel--description panel entry-content active\" role=\"tabpanel\" aria-labelledby=\"tab-title-description\">\n<h2>T\u1ee7 \u0111\u00f4ng Sanaky VH-1599HYK m\u1eb7t k\u00ednh c\u01b0\u1eddng l\u1ef1c<\/h2>\n<p><strong>T\u1ee7 \u0111\u00f4ng Sanaky VH-1599HYK<\/strong>\u00a0l\u00e0 d\u00f2ng t\u1ee7 c\u00f3 m\u1ed9t ng\u0103n \u0111\u00f4ng m\u1ed9t c\u1eeda m\u1eb7t k\u00ednh m\u1edbi ra m\u1eaft c\u1ee7a Sanaky, dung t\u00edch 150 l\u00edt. V\u1edbi thi\u1ebft k\u1ebf m\u1eb7t k\u00ednh m\u00e0u x\u00e1m tinh t\u1ebf v\u00e0 sang tr\u1ecdng, s\u1ea3n ph\u1ea9m h\u1ee9a h\u1eb9n s\u1ebd mang l\u1ea1i tr\u1ea3i nghi\u1ec7m m\u1edbi cho ng\u01b0\u1eddi ti\u00eau d\u00f9ng.<\/p>\n<h3>T\u1ed5ng quan v\u1ec1 s\u1ea3n ph\u1ea9m<\/h3>\n<p>Model VH-1599HYK s\u1eed d\u1ee5ng d\u00e0n l\u1ea1nh b\u1eb1ng \u1ed1ng \u0111\u1ed3ng k\u1ebft h\u1ee3p v\u1edbi qu\u1ea1t l\u1ed3ng s\u00f3c gi\u00fap cho nhi\u1ec7t \u0111\u1ed9 l\u00e0m l\u1ea1nh b\u00ean trong ng\u0103n t\u1ee7 \u0111\u1ea1t \u0111\u1ebfn -18\u00b0C nhanh ch\u00f3ng, h\u01a1i l\u1ea1nh s\u00e2u h\u01a1n gi\u00fap t\u0103ng hi\u1ec7u su\u1ea5t l\u00e0m l\u1ea1nh c\u1ee7a t\u1ee7. H\u01a1n n\u1eefa \u0111\u1ed9 b\u1ec1n c\u1ee7a d\u00e0n \u0111\u1ed3ng cao h\u01a1n so v\u1edbi c\u00e1c s\u1ea3n ph\u1ea9m s\u1eed d\u1ee5ng d\u00e0n l\u1ea1nh b\u1eb1ng nh\u00f4m.<\/p>\n<p><img loading=\"lazy\" decoding=\"async\" class=\"aligncenter wp-image-12805 size-full lazyloaded\" src=\"https:\/\/sanakyvietnam.net\/wp-content\/uploads\/Thong-so-san-pham-tu-dong-sanaky-mat-kinh-cuong-luc-vh-1599hyk.jpg\" sizes=\"auto, (max-width: 1000px) 100vw, 1000px\" srcset=\"https:\/\/sanakyvietnam.net\/wp-content\/uploads\/Thong-so-san-pham-tu-dong-sanaky-mat-kinh-cuong-luc-vh-1599hyk.jpg 1000w, https:\/\/sanakyvietnam.net\/wp-content\/uploads\/Thong-so-san-pham-tu-dong-sanaky-mat-kinh-cuong-luc-vh-1599hyk-400x245.jpg 400w, https:\/\/sanakyvietnam.net\/wp-content\/uploads\/Thong-so-san-pham-tu-dong-sanaky-mat-kinh-cuong-luc-vh-1599hyk-600x367.jpg 600w, https:\/\/sanakyvietnam.net\/wp-content\/uploads\/Thong-so-san-pham-tu-dong-sanaky-mat-kinh-cuong-luc-vh-1599hyk-768x470.jpg 768w\" alt=\"Th\u00f4ng s\u1ed1 k\u1ef9 thu\u1eadt t\u1ee7 \u0111\u00f4ng Sanaky T\u1ee7 \u0111\u00f4ng Sanaky VH-1599HYK\" width=\"1000\" height=\"612\" data-ll-status=\"loaded\" \/><\/p>\n<p>Thi\u1ebft k\u1ebf 1 ng\u0103n v\u00e0 1 c\u00e1nh m\u1edf ki\u1ec3u vali r\u1ea5t d\u1ec5 s\u1eed d\u1ee5ng. M\u1eb7t tr\u00ean c\u1ee7a c\u00e1nh t\u1ee7 \u0111\u01b0\u1ee3c l\u00e0m b\u1eb1ng k\u00ednh c\u01b0\u1eddng l\u1ef1c, m\u1eb7t k\u00ednh ph\u1eb3ng sang tr\u1ecdng, ti\u1ec7n l\u1ee3i khi s\u1eed d\u1ee5ng. M\u1eb7t k\u00ednh b\u1ec1n m\u00e0u theo th\u1eddi gian c\u0169ng r\u1ea5t d\u1ec5 d\u00e0ng v\u1ec7 sinh.<\/p>\n<p>Dung t\u00edch t\u1ed5ng th\u1ec3 150 l\u00edt, dung t\u00edch s\u1eed d\u1ee5ng l\u00e0 100 l\u00edt<\/p>\n<p>C\u1eeda t\u1ee7 c\u0169ng \u0111\u01b0\u1ee3c l\u1eafp \u0111\u1eb7t kh\u00f3a t\u1ee7 n\u00ean r\u1ea5t ti\u1ec7n l\u1ee3i cho ch\u1ee7 c\u1eeda h\u00e0ng. An to\u00e0n v\u1edbi gia\u00a0\u0111\u00ecnh c\u00f3 tr\u1ebb nh\u1ecf v\u00e0 tr\u00e1nh nh\u1eefng tr\u01b0\u1eddng h\u1ee3p m\u1edf t\u1ee7 ngo\u00e0i\u00a0\u00fd mu\u1ed1n.<\/p>\n<p>L\u00f2ng\u00a0<a href=\"https:\/\/dienmaynguyenkhang.vn\/?product=tu-dong-sanaky-vh-1599hyk-150-lit-mat-kinh\" data-cke-saved-href=\"https:\/\/sanakyvietnam.net\/tu-dong-sanaky\/\">t\u1ee7 c\u1ea5p \u0111\u00f4ng\u00a0Sanaky<\/a>\u00a0\u0111\u01b0\u1ee3c l\u00e0m t\u1eeb nh\u1ef1a ABS cao c\u1ea5p\u00a0c\u00f3 \u0111\u1ed9 b\u1ec1n cao v\u00e0 r\u1ea5t d\u1ec5 d\u00e0ng\u00a0\u0111\u1ec3 v\u1ec7 sinh.<\/p>\n<h2>\u01afu \u0111i\u1ec3m v\u01b0\u1ee3t tr\u1ed9i c\u1ee7a s\u1ea3n ph\u1ea9m<\/h2>\n<h3>Thi\u1ebft k\u1ebf nh\u1ecf g\u1ecdn 1 ng\u0103n \u0111\u00f4ng \u2013 1 c\u00e1nh m\u1edf<\/h3>\n<p>T\u1ee7 c\u00f3 thi\u1ebft k\u1ebf g\u1ed3m 1 ng\u0103n \u0111\u00f4ng v\u00e0 1 c\u00e1nh m\u1edf l\u00e0 s\u1ef1 l\u1ef1a ch\u1ecdn ho\u00e0n h\u1ea3o cho gia \u0111\u00ecnh ho\u1eb7c kh\u00f4ng gian nh\u1ecf. V\u1edbi dung t\u00edch 100 l\u00edt, t\u1ee7 s\u1ebd \u0111\u00e1p \u1ee9ng m\u1ecdi nhu c\u1ea7u c\u1ee7a ng\u01b0\u1eddi d\u00f9ng trong vi\u1ec7c tr\u1eef \u0111\u00f4ng v\u00e0 b\u1ea3o qu\u1ea3n th\u1ef1c ph\u1ea9m.<\/p>\n<p>Kh\u00f4ng ch\u1ec9 v\u1eady, v\u1edbi v\u00f3c d\u00e1ng nh\u1ecf nh\u1eafn v\u00e0 m\u00e0u s\u1eafc trang nh\u00e3, sang tr\u1ecdng v\u00e0 hi\u1ec7n \u0111\u1ea1i chi\u1ebfc t\u1ee7 \u0111\u00f4ng n\u00e0y c\u00f3 th\u1ec3 d\u1ec5 d\u00e0ng k\u1ebft h\u1ee3p h\u00e0i h\u00f2a v\u1edbi b\u1ea5t c\u1ee9 kh\u00f4ng gian n\u00e0o, mang l\u1ea1i h\u01a1i th\u1edf \u201cm\u00e1t l\u1ea1nh\u201d v\u00e0 \u201ct\u01b0\u01a1i m\u1edbi\u201d.<\/p>\n<p><img loading=\"lazy\" decoding=\"async\" class=\"aligncenter wp-image-12806 size-full lazyloaded\" src=\"https:\/\/sanakyvietnam.net\/wp-content\/uploads\/Tu-dong-vh-1599hyk-dan-lanh-ong-dong.jpg\" sizes=\"auto, (max-width: 1000px) 100vw, 1000px\" srcset=\"https:\/\/sanakyvietnam.net\/wp-content\/uploads\/Tu-dong-vh-1599hyk-dan-lanh-ong-dong.jpg 1000w, https:\/\/sanakyvietnam.net\/wp-content\/uploads\/Tu-dong-vh-1599hyk-dan-lanh-ong-dong-400x193.jpg 400w, https:\/\/sanakyvietnam.net\/wp-content\/uploads\/Tu-dong-vh-1599hyk-dan-lanh-ong-dong-600x290.jpg 600w, https:\/\/sanakyvietnam.net\/wp-content\/uploads\/Tu-dong-vh-1599hyk-dan-lanh-ong-dong-768x371.jpg 768w\" alt=\"T\u1ee7 \u0111\u00f4ng VH-1599HYK d\u00e0n l\u1ea1nh \u0111\u1ed3ng\" width=\"1000\" height=\"483\" data-ll-status=\"loaded\" \/><\/p>\n<h3>D\u00e0n l\u1ea1nh b\u1eb1ng \u1ed1ng \u0111\u1ed3ng k\u1ebft h\u1ee3p c\u00f4ng ngh\u1ec7 l\u00e0m l\u1ea1nh 360 \u0111\u1ed9<\/h3>\n<p>D\u00e0n l\u1ea1nh b\u1eb1ng \u0111\u1ed3ng nguy\u00ean ch\u1ea5t gi\u00fap cho t\u1ee7 \u0111\u00f4ng d\u1eabn nhi\u1ec7t nhanh h\u01a1n, v\u1eadn h\u00e0nh \u00eam \u00e1i v\u00e0 ti\u1ebft ki\u1ec7m \u0111i\u1ec7n.<\/p>\n<p>S\u1ea3n ph\u1ea9m \u0111\u01b0\u1ee3c \u1ee9ng d\u1ee5ng c\u00f4ng ngh\u1ec7 l\u00e0m l\u1ea1nh 360 \u0111\u1ed9, h\u01a1i l\u1ea1nh s\u1ebd \u0111\u01b0\u1ee3c t\u1ecfa \u0111\u1ec1u b\u00ean trong t\u1ee7, t\u00e1c \u0111\u1ed9ng to\u00e0n di\u1ec7n l\u00ean b\u1ec1 m\u1eb7t th\u1ef1c ph\u1ea9m, \u0111em \u0111\u1ebfn hi\u1ec7u qu\u1ea3 l\u00e0m l\u1ea1nh s\u00e2u, \u0111\u00f3ng \u0111\u00f4ng tri\u1ec7t \u0111\u1ec3.<\/p>\n<h3>T\u00edch h\u1ee3p 3 ch\u1ee9c n\u0103ng (M\u00e1t \u2013 \u0110\u00f4ng m\u1ec1m \u2013 \u0110\u00f4ng c\u1ee9ng)<\/h3>\n<p>V\u1edbi thi\u1ebft k\u1ebf 1 ng\u0103n t\u1ee7 \u0111\u00f4ng nh\u01b0ng l\u1ea1i c\u00f3 \u0111\u1ebfn 3 ch\u1ee9c n\u0103ng v\u1edbi c\u00e1c m\u1ee9c \u0111i\u1ec1u ch\u1ec9nh nhi\u1ec7t \u0111\u1ed9 kh\u00e1c nhau \u0111\u1ec3 c\u00f3 th\u1ec3 ph\u00f9 h\u1ee3p v\u1edbi nhu c\u1ea7u s\u1eed d\u1ee5ng c\u1ee7a ng\u01b0\u1eddi d\u00f9ng.<\/p>\n<p><img loading=\"lazy\" decoding=\"async\" class=\"aligncenter wp-image-12808 size-full lazyloaded\" src=\"https:\/\/sanakyvietnam.net\/wp-content\/uploads\/Tu-dong-ngan-dong-mem-vh-1599hyk.jpg\" sizes=\"auto, (max-width: 1000px) 100vw, 1000px\" srcset=\"https:\/\/sanakyvietnam.net\/wp-content\/uploads\/Tu-dong-ngan-dong-mem-vh-1599hyk.jpg 1000w, https:\/\/sanakyvietnam.net\/wp-content\/uploads\/Tu-dong-ngan-dong-mem-vh-1599hyk-400x193.jpg 400w, https:\/\/sanakyvietnam.net\/wp-content\/uploads\/Tu-dong-ngan-dong-mem-vh-1599hyk-600x290.jpg 600w, https:\/\/sanakyvietnam.net\/wp-content\/uploads\/Tu-dong-ngan-dong-mem-vh-1599hyk-768x371.jpg 768w\" alt=\"T\u1ee7 \u0111\u00f4ng \u0111\u00f4ng m\u1ec1m VH-1599HYK\" width=\"1000\" height=\"483\" data-ll-status=\"loaded\" \/><\/p>\n<h3>Nhi\u1ec7t \u0111\u1ed9 b\u1ea3o qu\u1ea3n \u2264-18\u00b0<\/h3>\n<p>V\u1edbi nhi\u1ec7t \u0111\u1ed9 d\u01b0\u1edbi \u2264-18\u00b0C th\u1ef1c ph\u1ea9m \u0111\u01b0\u1ee3c b\u1ea3o qu\u1ea3n trong \u0111i\u1ec1u ki\u1ec7n \u0111\u00f4ng l\u1ea1nh s\u00e2u, ph\u00f9 h\u1ee3p v\u1edbi nhu c\u1ea7u b\u1ea3o qu\u1ea3n m\u1ed9t s\u1ed1 th\u1ef1c ph\u1ea9m nh\u01b0 th\u1ecbt, c\u00e1, rau c\u1ee7, \u2026trong th\u1eddi gian d\u00e0i.<\/p>\n<h3>C\u00e1nh k\u00ednh c\u01b0\u1eddng l\u1ef1c<\/h3>\n<p>V\u1edbi thi\u1ebft k\u1ebf ho\u00e0n to\u00e0n m\u1edbi trang b\u1ecb th\u00eam m\u1eb7t k\u00ednh c\u01b0\u1eddng l\u1ef1c sang tr\u1ecdng, \u0111\u1eb3ng c\u1ea5p<\/p>\n<p>\u0110\u1ec3 b\u1ea3o v\u1ec7 m\u1eb7t t\u1ee7 to\u00e0n di\u1ec7n h\u01a1n th\u00ec t\u1ee7 \u0111\u01b0\u1ee3c trang b\u1ecb m\u1ed9t l\u1edbp m\u1eb7t k\u00ednh c\u01b0\u1eddng l\u1ef1c, thi\u1ebft k\u1ebf n\u00e0y ngo\u00e0i vi\u1ec7c gi\u00fap t\u1ee7 tr\u00f4ng \u0111\u1eb9p h\u01a1n th\u00ec l\u1edbp k\u00ednh c\u01b0\u1eddng l\u1ef1c s\u1ebd gi\u00fap cho vi\u1ec7c b\u1ea3o v\u1ec7 \u0111\u01b0\u1ee3c c\u00e1nh t\u1ee7 tr\u01b0\u1edbc t\u00e1c \u0111\u1ed9ng b\u00ean ngo\u00e0i.<\/p>\n<p><img loading=\"lazy\" decoding=\"async\" class=\"aligncenter wp-image-12809 size-full lazyloaded\" src=\"https:\/\/sanakyvietnam.net\/wp-content\/uploads\/Trang-bi-canh-kinh-cuong-luc-tu-dong-sanaky.jpg\" sizes=\"auto, (max-width: 1000px) 100vw, 1000px\" srcset=\"https:\/\/sanakyvietnam.net\/wp-content\/uploads\/Trang-bi-canh-kinh-cuong-luc-tu-dong-sanaky.jpg 1000w, https:\/\/sanakyvietnam.net\/wp-content\/uploads\/Trang-bi-canh-kinh-cuong-luc-tu-dong-sanaky-400x193.jpg 400w, https:\/\/sanakyvietnam.net\/wp-content\/uploads\/Trang-bi-canh-kinh-cuong-luc-tu-dong-sanaky-600x290.jpg 600w, https:\/\/sanakyvietnam.net\/wp-content\/uploads\/Trang-bi-canh-kinh-cuong-luc-tu-dong-sanaky-768x371.jpg 768w\" alt=\"C\u00e1nh k\u00ednh c\u01b0\u1eddng l\u1ef1c t\u1ee7 \u0111\u00f4ng Sanaky\" width=\"1000\" height=\"483\" data-ll-status=\"loaded\" \/><\/p>\n<h3>Trang b\u1ecb b\u00e1nh xe ch\u1ecbu l\u1ef1c<\/h3>\n<p>T\u1ee7 c\u00f3 trang b\u1ecb b\u00e1nh xe thu\u1eadn ti\u1ec7n cho vi\u1ec7c di chuy\u1ec3n t\u1ee7 v\u00ec t\u1ee7 \u0111\u00f4ng s\u1edf h\u1eefu tr\u1ecdng l\u01b0\u1ee3ng l\u1edbn, t\u1ee7 \u0111\u00f4ng g\u00e2y nhi\u1ec1u kh\u00f3 kh\u0103n khi v\u1eadn chuy\u1ec3n.<\/p>\n<h3>Gi\u1ecf \u0111\u1ef1ng \u0111\u1ed3 ti\u1ec7n d\u1ee5ng<\/h3>\n<p>Gi\u1ecf \u0111\u1ef1ng \u0111\u1ed3 ti\u1ec7n l\u1ee3i t\u00e1ch bi\u1ec7t c\u00f3 th\u1ec3 b\u1ecf ra khi kh\u00f4ng s\u1eed d\u1ee5ng.<\/p>\n<p><img loading=\"lazy\" decoding=\"async\" class=\"aligncenter wp-image-12810 size-full lazyloaded\" src=\"https:\/\/sanakyvietnam.net\/wp-content\/uploads\/Gio-dung-do-tien-dung-vh-1599hyk.jpg\" sizes=\"auto, (max-width: 1000px) 100vw, 1000px\" srcset=\"https:\/\/sanakyvietnam.net\/wp-content\/uploads\/Gio-dung-do-tien-dung-vh-1599hyk.jpg 1000w, https:\/\/sanakyvietnam.net\/wp-content\/uploads\/Gio-dung-do-tien-dung-vh-1599hyk-400x193.jpg 400w, https:\/\/sanakyvietnam.net\/wp-content\/uploads\/Gio-dung-do-tien-dung-vh-1599hyk-600x290.jpg 600w, https:\/\/sanakyvietnam.net\/wp-content\/uploads\/Gio-dung-do-tien-dung-vh-1599hyk-768x371.jpg 768w\" alt=\"Gi\u1ecf \u0111\u1ef1ng \u0111\u1ed3 t\u1ee7 \u0111\u00f4ng VH-1599HY\" width=\"1000\" height=\"483\" data-ll-status=\"loaded\" \/><\/p>\n<h3>Trang b\u1ecb kh\u00f3a an to\u00e0n<\/h3>\n<p>Vi\u1ec7c m\u1edf t\u1ee7 th\u01b0\u1eddng xuy\u00ean s\u1ebd l\u00e0m th\u1ea5t tho\u00e1t nhi\u1ec7t, gi\u1ea3m hi\u1ec7u qu\u1ea3 \u0111\u00f4ng l\u1ea1nh c\u1ee7a t\u1ee7, \u0111\u1ed3ng th\u1eddi ti\u00eau t\u1ed1n nhi\u1ec1u \u0111i\u1ec7n n\u0103ng kh\u00f4ng c\u1ea7n thi\u1ebft. Kh\u00f3a an to\u00e0n s\u1ebd gi\u00fap ng\u01b0\u1eddi s\u1eed d\u1ee5ng ki\u1ec3m so\u00e1t t\u1ed1t h\u01a1n ho\u1ea1t \u0111\u1ed9ng \u0111\u00f3ng \u2013 m\u1edf t\u1ee7 \u0111\u00f4ng.<\/p>\n<p><img loading=\"lazy\" decoding=\"async\" class=\"aligncenter wp-image-12818 size-full lazyloaded\" src=\"https:\/\/sanakyvietnam.net\/wp-content\/uploads\/Thong-so-san-pham-tu-dong-sanaky-mat-kinh-cuong-luc-vh-1599hyk-1.jpg\" sizes=\"auto, (max-width: 1000px) 100vw, 1000px\" srcset=\"https:\/\/sanakyvietnam.net\/wp-content\/uploads\/Thong-so-san-pham-tu-dong-sanaky-mat-kinh-cuong-luc-vh-1599hyk-1.jpg 1000w, https:\/\/sanakyvietnam.net\/wp-content\/uploads\/Thong-so-san-pham-tu-dong-sanaky-mat-kinh-cuong-luc-vh-1599hyk-1-400x245.jpg 400w, https:\/\/sanakyvietnam.net\/wp-content\/uploads\/Thong-so-san-pham-tu-dong-sanaky-mat-kinh-cuong-luc-vh-1599hyk-1-600x367.jpg 600w, https:\/\/sanakyvietnam.net\/wp-content\/uploads\/Thong-so-san-pham-tu-dong-sanaky-mat-kinh-cuong-luc-vh-1599hyk-1-768x470.jpg 768w\" alt=\"Th\u00f4ng s\u1ed1 s\u1ea3n ph\u1ea9m t\u1ee7 \u0111\u00f4ng Sanaky VH-1599HYK\" width=\"1000\" height=\"612\" data-ll-status=\"loaded\" \/><\/p>\n<h3>M\u1ed9t s\u1ed1 t\u00ednh n\u0103ng kh\u00e1c<\/h3>\n<p>\u2013 Gas l\u00e0m l\u1ea1nh c\u1ee7a t\u1ee7\u00a0l\u00e0 lo\u1ea1i\u00a0R600A\u00a0m\u1edbi nh\u1ea5t hi\u1ec7n nay cho hi\u1ec7u su\u1ea5t l\u00e0m l\u1ea1nh t\u1ed1t h\u01a1n,\u00a0th\u00e2n thi\u1ec7n v\u1edbi m\u00f4i tr\u01b0\u1eddng v\u00e0 ng\u01b0\u1eddi s\u1eed d\u1ee5ng.<\/p>\n<p>\u2013 B\u1ea1n c\u00f3 th\u1ec3 d\u1ec5 d\u00e0ng\u00a0\u0111i\u1ec1u ch\u1ec9nh nhi\u1ec7t\u00a0\u0111\u1ed9 c\u1ee7a t\u1ee7 b\u1eb1ng\u00a0t\u00fat \u0111i\u1ec1u ch\u1ec9nh n\u1eb1m ph\u00eda tr\u01b0\u1edbc t\u1ee7.<\/p>\n<p>\u2013 Ch\u00e2n t\u1ee7 c\u00f3 4 b\u00e1nh l\u0103n ch\u1ecbu l\u1ef1c, thu\u1eadn ti\u1ec7n cho vi\u1ec7c di chuy\u1ec3n.<\/p>\n<p>\u2013 S\u1ea3n ph\u1ea9m b\u1ea3o h\u00e0nh ch\u00ednh h\u00e3ng t\u1ea1i nh\u00e0 trong 2 n\u0103m<\/p>\n<\/div>\n<\/div>\n<\/div>\n<\/div>\n","protected":false},"excerpt":{"rendered":"<p><img loading=\"lazy\" decoding=\"async\" class=\"alignnone size-medium wp-image-1632\" src=\"https:\/\/dienmaynguyenkhang.vn\/wp-content\/uploads\/2022\/09\/tu-dong-sanaky-vh-1599hyk-2-300x300.jpg\" alt=\"\" width=\"300\" height=\"300\" srcset=\"https:\/\/dienmaynguyenkhang.vn\/wp-content\/uploads\/2022\/09\/tu-dong-sanaky-vh-1599hyk-2-300x300.jpg 300w, https:\/\/dienmaynguyenkhang.vn\/wp-content\/uploads\/2022\/09\/tu-dong-sanaky-vh-1599hyk-2-150x150.jpg 150w, https:\/\/dienmaynguyenkhang.vn\/wp-content\/uploads\/2022\/09\/tu-dong-sanaky-vh-1599hyk-2-768x768.jpg 768w, https:\/\/dienmaynguyenkhang.vn\/wp-content\/uploads\/2022\/09\/tu-dong-sanaky-vh-1599hyk-2-510x510.jpg 510w, https:\/\/dienmaynguyenkhang.vn\/wp-content\/uploads\/2022\/09\/tu-dong-sanaky-vh-1599hyk-2-100x100.jpg 100w, https:\/\/dienmaynguyenkhang.vn\/wp-content\/uploads\/2022\/09\/tu-dong-sanaky-vh-1599hyk-2.jpg 800w\" sizes=\"auto, (max-width: 300px) 100vw, 300px\" \/><\/p>\n","protected":false},"featured_media":1631,"comment_status":"open","ping_status":"closed","template":"","meta":[],"class_list":{"0":"post-1630","1":"product","2":"type-product","3":"status-publish","4":"has-post-thumbnail","6":"product_cat-dong-nguyen","7":"product_cat-sanaky-tu-dong","8":"product_cat-tu-dong","10":"first","11":"instock","12":"sale","13":"shipping-taxable","14":"purchasable","15":"product-type-simple"},"_links":{"self":[{"href":"https:\/\/dienmaynguyenkhang.vn\/index.php?rest_route=\/wp\/v2\/product\/1630","targetHints":{"allow":["GET"]}}],"collection":[{"href":"https:\/\/dienmaynguyenkhang.vn\/index.php?rest_route=\/wp\/v2\/product"}],"about":[{"href":"https:\/\/dienmaynguyenkhang.vn\/index.php?rest_route=\/wp\/v2\/types\/product"}],"replies":[{"embeddable":true,"href":"https:\/\/dienmaynguyenkhang.vn\/index.php?rest_route=%2Fwp%2Fv2%2Fcomments&post=1630"}],"wp:featuredmedia":[{"embeddable":true,"href":"https:\/\/dienmaynguyenkhang.vn\/index.php?rest_route=\/wp\/v2\/media\/1631"}],"wp:attachment":[{"href":"https:\/\/dienmaynguyenkhang.vn\/index.php?rest_route=%2Fwp%2Fv2%2Fmedia&parent=1630"}],"curies":[{"name":"wp","href":"https:\/\/api.w.org\/{rel}","templated":true}]}}