{"id":1577,"date":"2022-08-31T22:56:17","date_gmt":"2022-08-31T15:56:17","guid":{"rendered":"https:\/\/dienmaynguyenkhang.vn\/?post_type=product&#038;p=1577"},"modified":"2025-07-21T12:52:03","modified_gmt":"2025-07-21T05:52:03","slug":"tu-dong-inox-sanaky-vh-6099hp-600-lit","status":"publish","type":"product","link":"https:\/\/dienmaynguyenkhang.vn\/?product=tu-dong-inox-sanaky-vh-6099hp-600-lit","title":{"rendered":"T\u1ee7 \u0111\u00f4ng Inox Sanaky VH-6099HP (600 l\u00edt)"},"content":{"rendered":"<div id=\"tab-additional_information\" class=\"row specifications\" role=\"tabpanel\" aria-labelledby=\"tab-title-additional_information\">\n<div class=\"snk-info-product-head\">\n<h3>T\u00cdNH N\u0102NG TH\u00d4NG S\u1ed0 K\u1ef8 THU\u1eacT<\/h3>\n<\/div>\n<div class=\"large-8 col\">\n<div class=\"img-tskt\"><img loading=\"lazy\" decoding=\"async\" class=\"attachment-full size-full lazyloaded\" src=\"https:\/\/sanakyvietnam.net\/wp-content\/uploads\/tu-dong-inox-sanaky-vh-6099hp-thong-so-ki-thuat.jpg\" sizes=\"auto, (max-width: 800px) 100vw, 800px\" srcset=\"https:\/\/sanakyvietnam.net\/wp-content\/uploads\/tu-dong-inox-sanaky-vh-6099hp-thong-so-ki-thuat.jpg 800w, https:\/\/sanakyvietnam.net\/wp-content\/uploads\/tu-dong-inox-sanaky-vh-6099hp-thong-so-ki-thuat-400x271.jpg 400w, https:\/\/sanakyvietnam.net\/wp-content\/uploads\/tu-dong-inox-sanaky-vh-6099hp-thong-so-ki-thuat-600x406.jpg 600w, https:\/\/sanakyvietnam.net\/wp-content\/uploads\/tu-dong-inox-sanaky-vh-6099hp-thong-so-ki-thuat-768x519.jpg 768w\" alt=\"\" width=\"800\" height=\"541\" data-ll-status=\"loaded\" \/><\/div>\n<\/div>\n<div class=\"large-4 col\">\n<div class=\"product_additional_content\">\n<h2 class=\"title_tabs\">Th\u00f4ng s\u1ed1 k\u1ef9 thu\u1eadt<\/h2>\n<table>\n<tbody>\n<tr>\n<td><strong>Model<\/strong><\/td>\n<td><strong>VH-6099HP<\/strong><\/td>\n<\/tr>\n<tr>\n<td>Dung t\u00edch (L)<\/td>\n<td>600 l\u00edt<\/td>\n<\/tr>\n<tr>\n<td>H\u00e3ng s\u1ea3n xu\u1ea5t<\/td>\n<td><a href=\"https:\/\/dienmaynguyenkhang.vn\/?product=tu-dong-inox-sanaky-vh-6099hp-600-lit\">Sanaky<\/a><\/td>\n<\/tr>\n<tr>\n<td>Xu\u1ea5t x\u1ee9<\/td>\n<td>Ch\u00ednh H\u00e3ng<\/td>\n<\/tr>\n<tr>\n<td>B\u1ea3o h\u00e0nh<\/td>\n<td>24 th\u00e1ng<\/td>\n<\/tr>\n<tr>\n<td>Lo\u1ea1i t\u1ee7<\/td>\n<td><a href=\"https:\/\/dienmaynguyenkhang.vn\/?product=tu-dong-inox-sanaky-vh-6099hp-600-lit\"><strong>T\u1ee7 \u0111\u00f4ng inox<\/strong><\/a><\/td>\n<\/tr>\n<tr>\n<td>Tr\u1ecdng l\u01b0\u1ee3ng (Kg)<\/td>\n<td>119 kg<\/td>\n<\/tr>\n<tr>\n<td>K\u00edch th\u01b0\u1edbc t\u1ee7 (D x R x C mm)<\/td>\n<td>738 x 818 x 1980 mm<\/td>\n<\/tr>\n<tr>\n<td>C\u00f4ng su\u1ea5t (W)<\/td>\n<td>570W<\/td>\n<\/tr>\n<tr>\n<td>\u0110i\u1ec7n \u00e1p (V)<\/td>\n<td>220v\/50Hz<\/td>\n<\/tr>\n<tr>\n<td>\u0110i\u1ec1u ch\u1ec9nh nhi\u1ec7t \u0111\u1ed9<\/td>\n<td>H\u1ec7 th\u1ed1ng \u0111i\u1ec7n t\u1eed<\/td>\n<\/tr>\n<tr>\n<td>Nhi\u1ec7t \u0111\u1ed9 ng\u0103n \u0111\u00f4ng<\/td>\n<td>\u2264 -18\u2103<\/td>\n<\/tr>\n<tr>\n<td>D\u00e0n n\u00f3ng, l\u1ea1nh<\/td>\n<td>B\u1eb1ng \u0111\u1ed3ng<\/td>\n<\/tr>\n<tr>\n<td>Gas<\/td>\n<td>R404a<\/td>\n<\/tr>\n<\/tbody>\n<\/table>\n<\/div>\n<p><a class=\"open_additional_popup\" data-src=\"#additional_popup\" data-fancybox=\"\" data-options=\"{&quot;touch&quot; : false}\">XEM CHI TI\u1ebeT TH\u00d4NG S\u1ed0 K\u1ef8 THU\u1eacT<\/a><\/p>\n<div><\/div>\n<\/div>\n<\/div>\n<div class=\"content_description\">\n<div class=\"woocommerce-tabs wc-tabs-wrapper container tabbed-content\">\n<ul class=\"snk-info-product-head tabs wc-tabs product-tabs small-nav-collapse nav nav-uppercase nav-line-grow nav-left\" role=\"tablist\">\n<li id=\"tab-title-description\" class=\"description_tab active\" role=\"tab\" aria-controls=\"tab-description\"><a href=\"https:\/\/dienmaynguyenkhang.vn\/?product=tu-dong-inox-sanaky-vh-6099hp-600-lit\"><i class=\"fa fa-caret-right\"><\/i>M\u00d4 T\u1ea2 S\u1ea2N PH\u1ea8M<\/a><\/li>\n<\/ul>\n<div class=\"tab-panels\">\n<div id=\"tab-description\" class=\"woocommerce-Tabs-panel woocommerce-Tabs-panel--description panel entry-content active\" role=\"tabpanel\" aria-labelledby=\"tab-title-description\">\n<h2>T\u1ee7 \u0111\u00f4ng inox Sanaky VH-6099HP dung t\u00edch 600 l\u00edt<\/h2>\n<p><a href=\"https:\/\/dienmaynguyenkhang.vn\/?product=tu-dong-inox-sanaky-vh-6099hp-600-lit\"><strong>T\u1ee7 \u0111\u00f4ng inox Sanaky VH-6099HP<\/strong><\/a>\u00a0l\u00e0 d\u00f2ng\u00a0<em>t\u1ee7 \u0111\u00f4ng 2 ng\u0103n 2 c\u00e1nh d\u00e0n l\u1ea1nh \u0111\u1ed3ng<\/em>\u00a0v\u1edbi\u00a0<strong>dung t\u00edch 600 l\u00edt<\/strong>. T\u1ee7 \u0111\u00f4ng \u0111\u01b0\u1ee3c l\u00e0m b\u1eb1ng ch\u1ea5t li\u1ec7u inox t\u1ea1o s\u1ef1 b\u1ec1n b\u1ec9 v\u00e0 sang tr\u1ecdng. \u0110\u00e2y l\u00e0 s\u1ef1 l\u1ef1a ch\u1ecdn c\u1ee7a nhi\u1ec1u nh\u00e0 h\u00e0ng, kh\u00e1ch s\u1ea1n, c\u00e1c c\u00f4ng ty d\u01b0\u1ee3c ph\u1ea9m,\u2026 B\u1ea3o qu\u1ea3n h\u00e0ng h\u00f3a, th\u1ef1c ph\u1ea9m.<\/p>\n<p><img loading=\"lazy\" decoding=\"async\" class=\"aligncenter wp-image-11021 lazyloaded\" src=\"https:\/\/sanakyvietnam.net\/wp-content\/uploads\/tu-dong-inox-sanaky-vh-6099hp-tinh-nang-600x269.jpg\" sizes=\"auto, (max-width: 850px) 100vw, 850px\" srcset=\"https:\/\/sanakyvietnam.net\/wp-content\/uploads\/tu-dong-inox-sanaky-vh-6099hp-tinh-nang-600x269.jpg 600w, https:\/\/sanakyvietnam.net\/wp-content\/uploads\/tu-dong-inox-sanaky-vh-6099hp-tinh-nang-400x179.jpg 400w, https:\/\/sanakyvietnam.net\/wp-content\/uploads\/tu-dong-inox-sanaky-vh-6099hp-tinh-nang-768x344.jpg 768w, https:\/\/sanakyvietnam.net\/wp-content\/uploads\/tu-dong-inox-sanaky-vh-6099hp-tinh-nang.jpg 1340w\" alt=\"\" width=\"850\" height=\"381\" data-ll-status=\"loaded\" \/><\/p>\n<h3>\u0110\u1eb7c \u0111i\u1ec3m n\u1ed5i b\u1eadt<\/h3>\n<ul>\n<li>T\u1ee7 c\u00f3 thi\u1ebft k\u1ebf v\u1ecf ngo\u00e0i b\u1eb1ng inox ch\u1eafc ch\u1eafn ch\u1ecbu va \u0111\u1eadp t\u1ed1t, \u0111\u1ed9 b\u1ec1n cao. Thi\u1ebft k\u1ebf 2 ng\u0103n \u0111\u00f4ng v\u00e0 2 c\u00e1nh m\u1edf tr\u00ean d\u01b0\u1edbi.<\/li>\n<li><b>VH-6099HP<\/b>\u00a0s\u1eed\u00a0d\u1ee5ng gi\u00e0n l\u1ea1nh b\u1eb1ng \u1ed1ng \u0111\u1ed3ng c\u00f3 kh\u1ea3 n\u0103ng l\u00e0m l\u1ea1nh nhanh, h\u01a1i l\u1ea1nh s\u00e2u.<\/li>\n<li><strong>T\u1ee7<\/strong>\u00a0\u0111\u01b0\u1ee3c trang b\u1ecb b\u1ed9 \u0111i\u1ec1u ch\u1ec9nh nhi\u1ec7t \u0111\u1ed9 \u0111i\u1ec7n t\u1eed Dixe nh\u1eadp kh\u1ea9u t\u1eeb \u00dd. V\u1edbi nhi\u1ec1u m\u1ee9c \u0111i\u1ec1u ch\u1ec9nh nhi\u1ec7t \u0111\u1ed9 t\u1eeb 0 \u0111\u1ebfn -18<sup>o<\/sup>C<\/li>\n<li><strong>Qu\u1ea1t l\u1ed3ng s\u00f3c EBM hi\u1ec7n \u0111\u1ea1i;\u00a0<\/strong>T\u1ee7 \u0111\u00f4ng \u0111\u01b0\u1ee3c thi\u1ebft k\u1ebf\u00a0<strong>qu\u1ea1t l\u1ed3ng s\u00f3c EBM<\/strong>\u00a0\u0110\u1ee9c s\u1ea3n xu\u1ea5t theo ti\u00eau chu\u1ea9n c\u1ee7a h\u00e3ng t\u1ea1i Trung Qu\u1ed1c. \u0110\u1ea3m b\u1ea3o ho\u1ea1t \u0111\u1ed9ng \u1ed5n \u0111\u1ecbnh v\u00e0 kh\u00f4ng g\u00e2y ti\u1ebfng \u1ed3n kh\u00f3 ch\u1ecbu.<\/li>\n<li>C\u00e1c linh ki\u1ec7n quan tr\u1ecdng c\u1ee7a t\u1ee7 nh\u01b0 m\u00e1y n\u00e9n, c\u1ea3m bi\u1ebfn,\u2026 \u0110\u1ec1u \u0111\u01b0\u1ee3c nh\u1eadp kh\u1ea9u c\u00e1c th\u01b0\u01a1ng hi\u1ec7u n\u1ed5i ti\u1ebfng c\u1ee7a ch\u00e2u \u00c2u<\/li>\n<li>T\u1ee7 \u0111\u01b0\u1ee3c thi\u1ebft k\u1ebf v\u1edbi ch\u1ee9c n\u0103ng kh\u00f4ng ph\u1ee7 s\u01b0\u01a1ng n\u00ean r\u1ea5t ti\u1ec7n l\u1ee3i khi s\u1eed d\u1ee5ng v\u1edbi nhu c\u1ea7u l\u1edbn t\u1ea1i c\u00e1c nh\u00e0 h\u00e0ng, kh\u00e1ch s\u1ea1n\u2026<\/li>\n<li>Ng\u0103n t\u1ee7 \u0111\u01b0\u1ee3c s\u1ea3n xu\u1ea5t b\u1eb1ng nh\u1ef1a ABS cao c\u1ea5p \u0111\u00e1p \u1ee9ng ti\u00eau ch\u00ed cao v\u1ec1 \u0111\u1ed9 b\u1ec1n v\u00e0 t\u00ednh an to\u00e0n.<\/li>\n<li>V\u1edbi thi\u1ebft k\u1ebf b\u00e1nh xe ch\u1ecbu l\u1ef1c, t\u1ee7 \u0111\u00f4ng d\u1ec5 d\u00e0ng \u0111\u01b0\u1ee3c di chuy\u1ec3n ti\u1ec7n l\u1ee3i.<\/li>\n<li>H\u1ec7 th\u1ed1ng m\u00e1y c\u1ee7a c\u1ee7a\u00a0<a href=\"https:\/\/dienmaynguyenkhang.vn\/?product=tu-dong-inox-sanaky-vh-6099hp-600-lit\" data-cke-saved-href=\"https:\/\/sanakyvietnam.net\/tu-dong-sanaky\/\">t\u1ee7 \u0111\u00f4ng Sanaky<\/a>\u00a0s\u1eed d\u1ee5ng gas R404a th\u00e2n thi\u1ec7n m\u00f4i tr\u01b0\u1eddng v\u00e0 an to\u00e0n cho s\u1ee9c kh\u1ecfe ng\u01b0\u1eddi ti\u00eau d\u00f9ng.<\/li>\n<\/ul>\n<\/div>\n<\/div>\n<\/div>\n<\/div>\n","protected":false},"excerpt":{"rendered":"<p>T\u00cdNH N\u0102NG TH\u00d4NG S\u1ed0 K\u1ef8 THU\u1eacT Th\u00f4ng s\u1ed1 k\u1ef9 thu\u1eadt Model VH-6099HP Dung t\u00edch (L) 600 l\u00edt H\u00e3ng s\u1ea3n xu\u1ea5t Sanaky Xu\u1ea5t x\u1ee9 Ch\u00ednh H\u00e3ng B\u1ea3o h\u00e0nh 24 th\u00e1ng Lo\u1ea1i t\u1ee7 T\u1ee7 \u0111\u00f4ng inox Tr\u1ecdng l\u01b0\u1ee3ng (Kg) 119 kg K\u00edch th\u01b0\u1edbc t\u1ee7 (D x R x C mm) 738 x 818 x 1980 mm C\u00f4ng&#8230;<\/p>\n","protected":false},"featured_media":1578,"comment_status":"open","ping_status":"closed","template":"","meta":[],"class_list":{"0":"post-1577","1":"product","2":"type-product","3":"status-publish","4":"has-post-thumbnail","6":"product_cat-dong-dung","7":"product_cat-sanaky-tu-dong","8":"product_cat-tu-dong","10":"first","11":"instock","12":"shipping-taxable","13":"purchasable","14":"product-type-simple"},"_links":{"self":[{"href":"https:\/\/dienmaynguyenkhang.vn\/index.php?rest_route=\/wp\/v2\/product\/1577","targetHints":{"allow":["GET"]}}],"collection":[{"href":"https:\/\/dienmaynguyenkhang.vn\/index.php?rest_route=\/wp\/v2\/product"}],"about":[{"href":"https:\/\/dienmaynguyenkhang.vn\/index.php?rest_route=\/wp\/v2\/types\/product"}],"replies":[{"embeddable":true,"href":"https:\/\/dienmaynguyenkhang.vn\/index.php?rest_route=%2Fwp%2Fv2%2Fcomments&post=1577"}],"wp:featuredmedia":[{"embeddable":true,"href":"https:\/\/dienmaynguyenkhang.vn\/index.php?rest_route=\/wp\/v2\/media\/1578"}],"wp:attachment":[{"href":"https:\/\/dienmaynguyenkhang.vn\/index.php?rest_route=%2Fwp%2Fv2%2Fmedia&parent=1577"}],"curies":[{"name":"wp","href":"https:\/\/api.w.org\/{rel}","templated":true}]}}