{"id":1558,"date":"2022-08-31T21:45:25","date_gmt":"2022-08-31T14:45:25","guid":{"rendered":"https:\/\/dienmaynguyenkhang.vn\/?post_type=product&#038;p=1558"},"modified":"2025-10-20T14:09:38","modified_gmt":"2025-10-20T07:09:38","slug":"tu-mat-sanaky-vh-258wl-250-lit","status":"publish","type":"product","link":"https:\/\/dienmaynguyenkhang.vn\/?product=tu-mat-sanaky-vh-258wl-250-lit","title":{"rendered":"T\u1ee7 m\u00e1t Sanaky VH-258WL (250 l\u00edt)"},"content":{"rendered":"<div id=\"tab-additional_information\" class=\"row specifications\" role=\"tabpanel\" aria-labelledby=\"tab-title-additional_information\">\n<div class=\"snk-info-product-head\">\n<h3>T\u00cdNH N\u0102NG TH\u00d4NG S\u1ed0 K\u1ef8 THU\u1eacT<\/h3>\n<\/div>\n<div class=\"large-8 col\">\n<div class=\"img-tskt\"><img loading=\"lazy\" decoding=\"async\" class=\"attachment-full size-full lazyloaded\" src=\"https:\/\/sanakyvietnam.net\/wp-content\/uploads\/thong-so-ki-thuat-tu-mat-sanaky-vh-258wl.jpg\" sizes=\"auto, (max-width: 800px) 100vw, 800px\" srcset=\"https:\/\/sanakyvietnam.net\/wp-content\/uploads\/thong-so-ki-thuat-tu-mat-sanaky-vh-258wl.jpg 800w, https:\/\/sanakyvietnam.net\/wp-content\/uploads\/thong-so-ki-thuat-tu-mat-sanaky-vh-258wl-400x271.jpg 400w, https:\/\/sanakyvietnam.net\/wp-content\/uploads\/thong-so-ki-thuat-tu-mat-sanaky-vh-258wl-600x406.jpg 600w, https:\/\/sanakyvietnam.net\/wp-content\/uploads\/thong-so-ki-thuat-tu-mat-sanaky-vh-258wl-768x519.jpg 768w\" alt=\"\" width=\"800\" height=\"541\" data-ll-status=\"loaded\" \/><\/div>\n<\/div>\n<div class=\"large-4 col\">\n<div class=\"product_additional_content\">\n<h2 class=\"title_tabs\">Th\u00f4ng s\u1ed1 k\u1ef9 thu\u1eadt<\/h2>\n<table>\n<tbody>\n<tr>\n<td valign=\"top\"><strong>Model<\/strong><\/td>\n<td valign=\"top\"><strong>VH-258WL<\/strong><\/td>\n<\/tr>\n<tr>\n<td valign=\"top\">Xu\u1ea5t x\u1ee9<\/td>\n<td valign=\"top\">Ch\u00ednh H\u00e3ng<\/td>\n<\/tr>\n<tr>\n<td valign=\"top\">B\u1ea3o h\u00e0nh<\/td>\n<td valign=\"top\">24 th\u00e1ng<\/td>\n<\/tr>\n<tr>\n<td valign=\"top\">Lo\u1ea1i t\u1ee7<\/td>\n<td valign=\"top\"><a href=\"https:\/\/dienmaynguyenkhang.vn\/?product=tu-mat-sanaky-vh-258wl-250-lit\">T\u1ee7 m\u00e1t 2 c\u00e1nh tr\u00ean d\u01b0\u1edbi<\/a><\/td>\n<\/tr>\n<tr>\n<td valign=\"top\">H\u00e3ng s\u1ea3n xu\u1ea5t<\/td>\n<td valign=\"top\"><a href=\"https:\/\/dienmaynguyenkhang.vn\/?product=tu-mat-sanaky-vh-258wl-250-lit\"><strong>Sanaky<\/strong><\/a><\/td>\n<\/tr>\n<tr>\n<td valign=\"top\">Dung t\u00edch t\u1ed5ng\/Dung t\u00edch s\u1eed d\u1ee5ng<\/td>\n<td valign=\"top\">250 l\u00edt\/200 l\u00edt<\/td>\n<\/tr>\n<tr>\n<td valign=\"top\">Tr\u1ecdng l\u01b0\u1ee3ng (Kg)<\/td>\n<td valign=\"top\">58<\/td>\n<\/tr>\n<tr>\n<td valign=\"top\">K\u00edch th\u01b0\u1edbc t\u1ee7 (D x R x C mm)<\/td>\n<td valign=\"top\">535X 540 X 1775<\/td>\n<\/tr>\n<tr>\n<td valign=\"top\">C\u00f4ng su\u1ea5t<\/td>\n<td valign=\"top\">162W<\/td>\n<\/tr>\n<tr>\n<td valign=\"top\">\u0110i\u1ec7n \u00e1p (V)<\/td>\n<td valign=\"top\">220v\/50Hz<\/td>\n<\/tr>\n<tr>\n<td valign=\"top\">\u0110i\u1ec1u ch\u1ec9nh nhi\u1ec7t \u0111\u1ed9<\/td>\n<td valign=\"top\">C\u00f3<\/td>\n<\/tr>\n<tr>\n<td valign=\"top\">C\u00f4ng ngh\u1ec7<\/td>\n<td valign=\"top\">LOW-E<\/td>\n<\/tr>\n<tr>\n<td valign=\"top\">Nhi\u1ec7t \u0111\u1ed9<\/td>\n<td valign=\"top\">0\u2103 \uff5e 10\u2103<\/td>\n<\/tr>\n<tr>\n<td valign=\"top\">Gas<\/td>\n<td valign=\"top\">R600A<\/td>\n<\/tr>\n<\/tbody>\n<\/table>\n<\/div>\n<p><a class=\"open_additional_popup\" data-src=\"#additional_popup\" data-fancybox=\"\" data-options=\"{&quot;touch&quot; : false}\">XEM CHI TI\u1ebeT TH\u00d4NG S\u1ed0 K\u1ef8 THU\u1eacT<\/a><\/p>\n<div><\/div>\n<\/div>\n<\/div>\n<div class=\"content_description\">\n<div class=\"woocommerce-tabs wc-tabs-wrapper container tabbed-content\">\n<ul class=\"snk-info-product-head tabs wc-tabs product-tabs small-nav-collapse nav nav-uppercase nav-line-grow nav-left\" role=\"tablist\">\n<li id=\"tab-title-description\" class=\"description_tab active\" role=\"tab\" aria-controls=\"tab-description\"><a href=\"https:\/\/dienmaynguyenkhang.vn\/?product=tu-mat-sanaky-vh-258wl-250-lit\"><i class=\"fa fa-caret-right\"><\/i>M\u00d4 T\u1ea2 S\u1ea2N PH\u1ea8M<\/a><\/li>\n<\/ul>\n<div class=\"tab-panels\">\n<div id=\"tab-description\" class=\"woocommerce-Tabs-panel woocommerce-Tabs-panel--description panel entry-content active\" role=\"tabpanel\" aria-labelledby=\"tab-title-description\">\n<h2>T\u1ee7 m\u00e1t Sanaky VH-258WL 2 c\u00e1nh tr\u00ean d\u01b0\u1edbi 250 l\u00edt<\/h2>\n<p><a href=\"https:\/\/dienmaynguyenkhang.vn\/?product=tu-mat-sanaky-vh-258wl-250-lit\"><strong>T\u1ee7 m\u00e1t Sanaky VH-258WL<\/strong><\/a>\u00a0l\u00e0 d\u00f2ng t\u1ee7 m\u00e1t thi\u1ebft k\u1ebf 2 c\u00e1nh m\u1edf tr\u00ean d\u01b0\u1edbi m\u1edbi ra m\u1eaft \u0111\u1ea7u n\u0103m 2020 c\u1ee7a h\u00e3ng Sanaky. Gi\u00fap gi\u1ea3m h\u01a1i lanh th\u1ea5t tho\u00e1t ra ngo\u00e0i khi m\u1edf t\u1ee7 h\u01a1n l\u00e0 c\u00e1c d\u00f2ng t\u1ee7 m\u00e1t ch\u1ec9 c\u00f3 1 c\u00e1nh li\u1ec1n. C\u00f9ng v\u1edbi c\u00f4ng ngh\u1ec7 LOW-E gi\u00fap gi\u1eef nhi\u1ec7t t\u1ed1t h\u01a1n v\u00e0 ch\u1ed1ng b\u00e1m h\u01a1i n\u01b0\u1edbc. Dung t\u00edch c\u1ee7a t\u1ee7 l\u00e0 250 l\u00edt c\u00f9ng thi\u1ebft k\u1ebf nh\u1ecf g\u1ecdn kh\u00f4ng chi\u1ebfm nhi\u1ec1u di\u1ec7n t\u00edch. S\u1ea3n ph\u1ea9m r\u1ea5t th\u00edch h\u1ee3p v\u1edbi nh\u1eefng c\u1eeda h\u00e0ng th\u1ef1c ph\u1ea9m, qu\u00e1n \u0103n, si\u00eau th\u1ecb, nh\u00e0 h\u00e0ng\u2026<\/p>\n<p><img loading=\"lazy\" decoding=\"async\" class=\"aligncenter wp-image-11306 lazyloaded\" src=\"https:\/\/sanakyvietnam.net\/wp-content\/uploads\/tu-mat-sanaky-vh-258wl-tinh-nang-600x289.jpg\" sizes=\"auto, (max-width: 860px) 100vw, 860px\" srcset=\"https:\/\/sanakyvietnam.net\/wp-content\/uploads\/tu-mat-sanaky-vh-258wl-tinh-nang-600x289.jpg 600w, https:\/\/sanakyvietnam.net\/wp-content\/uploads\/tu-mat-sanaky-vh-258wl-tinh-nang-400x192.jpg 400w, https:\/\/sanakyvietnam.net\/wp-content\/uploads\/tu-mat-sanaky-vh-258wl-tinh-nang-768x369.jpg 768w, https:\/\/sanakyvietnam.net\/wp-content\/uploads\/tu-mat-sanaky-vh-258wl-tinh-nang.jpg 1420w\" alt=\"\" width=\"860\" height=\"414\" data-ll-status=\"loaded\" \/><\/p>\n<h3>M\u1ed9t s\u1ed1 t\u00ednh n\u0103ng n\u1ed5i b\u1eadt<\/h3>\n<ul>\n<li>VH-258WL s\u1edf h\u1eefu c\u1eeda k\u00ednh trong su\u1ed1t v\u1edbi c\u00f4ng ngh\u1ec7 LOW-E ph\u1ea3n x\u1ea1 nhi\u1ec7t, ch\u1ed1ng tia c\u1ef1c t\u00edm: L\u00e0m gi\u1ea3m s\u1ef1 ph\u00e1t t\u00e1n, h\u1ea5p th\u1ee5 nhi\u1ec7t v\u00e0 ng\u0103n ch\u1eb7n tia c\u1ef1c t\u00edm l\u00e0m \u1ea3nh h\u01b0\u1edfng \u0111\u1ebfn th\u1ef1c ph\u1ea9m b\u1ea3o qu\u1ea3n trong t\u1ee7. C\u00f9ng v\u1edbi \u0111\u00f3 n\u00f3 c\u0169ng gi\u00fap t\u0103ng kh\u1ea3 \u0103ng gi\u1eef nhi\u1ec7t, ng\u0103n ch\u1eb7n v\u00e0 l\u00e0m gi\u1ea3m s\u1ef1 truy\u1ec1n nhi\u1ec7t t\u1eeb ngo\u00e0i v\u00e0o trong t\u1ee7 hay t\u1eeb trong t\u1ee7 ra m\u00f4i tr\u01b0\u1eddng b\u00ean ngo\u00e0i, gi\u00fap gi\u1ea3m \u0111i\u1ec7n n\u0103ng ti\u00eau th\u1ee5. K\u1ebft h\u1ee3p v\u1edbi h\u1ec7 th\u1ed1ng s\u01b0\u1edfi k\u00ednh t\u1eeb l\u1ed1c n\u00e9n gi\u00fap h\u1ea1n ch\u1ebf t\u1ed1i \u0111a t\u00ecnh tr\u1ea1ng \u0111\u1ecdng s\u01b0\u01a1ng tr\u00ean c\u00e1nh k\u00ednh.<\/li>\n<li>C\u00f9ng v\u1edbi \u0111\u00f3 thi\u1ebft k\u1ebf 2 c\u00e1nh c\u1eeda m\u1edf tr\u00ean v\u00e0 d\u01b0\u1edbi ti\u1ec7n d\u1ee5ng, gi\u00fap l\u00e0m gi\u1ea3m h\u01a1i l\u1ea1nh th\u1ea5t tho\u00e1t khi m\u1edf t\u1ee7 t\u1eeb \u0111\u00f3 ti\u1ebft ki\u1ec7m \u0111i\u1ec7n h\u01a1n v\u00ec t\u1ee7 kh\u00f4ng ph\u1ea3i ho\u1ea1t \u0111\u00f4ng li\u00ean t\u1ee5c \u0111\u1ec3 b\u00f9 \u0111\u1eafp l\u1ea1i s\u1ed1 h\u01a1i l\u1ea1nh \u0111\u00e3 b\u1ecb m\u1ea5t.<\/li>\n<li>Ng\u0103n t\u1ee7 c\u00f3 dung t\u00edch 250 l\u00edt c\u00f9ng 3 k\u1ec7 \u0111\u1ec3 \u0111\u1ed3 c\u00f3 th\u1ec3 th\u00e1o d\u1ee1 v\u00e0 di chuy\u1ec3n \u0111\u00e1p \u1ee9ng nhu c\u1ea7u v\u1eeba b\u1ea3o qu\u1ea3n v\u1eeba tr\u01b0ng b\u00e0y th\u1ef1c ph\u1ea9m c\u1ee7a b\u1ea1n.<\/li>\n<li>T\u1ee7 m\u00e1t VH-258WL s\u1eed d\u1ee5ng\u00a0<strong>d\u00e0n l\u1ea1nh b\u1eb1ng nh\u00f4m<\/strong>\u00a0cho hi\u1ec7u su\u1ea5t l\u00e0m l\u1ea1nh \u1ed5n \u0111\u1ecbnh.\u00a0\u0110\u1ed3ng th\u1eddi qu\u1ea1t \u0111\u1ea3o nhi\u1ec7t c\u0169ng gi\u00fap h\u01a1i l\u1ea1nh s\u00e2u v\u00e0 l\u01b0u th\u00f4ng \u0111\u1ec1u kh\u1eafp b\u00ean trong t\u1ee7 \u0111\u1ea3m b\u1ea3o\u00a0nhi\u1ec7t \u0111\u1ed9 lu\u00f4n\u00a0duy tr\u00ec trong kho\u1ea3ng\u00a0t\u1eeb 0 \u0111\u1ebfn 10\u00b0C\u00a0gi\u00fap th\u1ef1c ph\u1ea9m lu\u00f4n t\u01b0\u01a1i ngon.<\/li>\n<li>L\u00f2ng\u00a0<a href=\"https:\/\/dienmaynguyenkhang.vn\/?product=tu-mat-sanaky-vh-258wl-250-lit\" data-cke-saved-href=\"https:\/\/sanakyvietnam.net\/tu-mat-sanaky\/\">t\u1ee7 m\u00e1t tr\u01b0ng b\u00e0y c\u1ee7a Sanaky<\/a>\u00a0\u0111\u01b0\u1ee3c l\u00e0m b\u1eb1ng nh\u1ef1a ABS cao c\u1ea5p, c\u00f3 t\u00ednh d\u1ebbo dai v\u00e0 \u0111\u1ed9 b\u1ec1n cao, l\u1edbp th\u00e0nh t\u1ee7 d\u00e0y gi\u1eef nhi\u1ec7t t\u1ed1t. Ngo\u00e0i ra \u0111\u00e1y t\u1ee7 c\u00f3 m\u1ed9t\u00a0khe tho\u00e1t n\u01b0\u1edbc r\u1ea5t ti\u1ec7n l\u1ee3i cho vi\u1ec7c v\u1ec7 sinh v\u00e0 lau ch\u00f9i t\u1ee7.<\/li>\n<li>H\u1ec7 th\u1ed1ng \u0111\u00e8n LED chi\u1ebfu s\u00e1ng d\u1ecdc th\u00e2n v\u00e0 n\u00f3c t\u1ee7 si\u00eau ti\u1ebft ki\u1ec7m \u0111i\u1ec7n.<\/li>\n<li>Ch\u00e2n t\u1ee7 \u0111\u01b0\u1ee3c l\u1eafp \u0111\u1eb7t 4 b\u00e1nh xe ch\u1ecbu l\u1ef1c gi\u00fap vi\u1ec7c di chuy\u1ec3n d\u1ec5 d\u00e0ng h\u01a1n m\u00e0 kh\u00f4ng t\u1ed1n nhi\u1ec1u s\u1ee9c.<\/li>\n<\/ul>\n<\/div>\n<\/div>\n<\/div>\n<\/div>\n","protected":false},"excerpt":{"rendered":"<p>T\u00cdNH N\u0102NG TH\u00d4NG S\u1ed0 K\u1ef8 THU\u1eacT Th\u00f4ng s\u1ed1 k\u1ef9 thu\u1eadt Model VH-258WL Xu\u1ea5t x\u1ee9 Ch\u00ednh H\u00e3ng B\u1ea3o h\u00e0nh 24 th\u00e1ng Lo\u1ea1i t\u1ee7 T\u1ee7 m\u00e1t 2 c\u00e1nh tr\u00ean d\u01b0\u1edbi H\u00e3ng s\u1ea3n xu\u1ea5t Sanaky Dung t\u00edch t\u1ed5ng\/Dung t\u00edch s\u1eed d\u1ee5ng 250 l\u00edt\/200 l\u00edt Tr\u1ecdng l\u01b0\u1ee3ng (Kg) 58 K\u00edch th\u01b0\u1edbc t\u1ee7 (D x R x C mm) 535X&#8230;<\/p>\n","protected":false},"featured_media":1559,"comment_status":"open","ping_status":"closed","template":"","meta":[],"class_list":{"0":"post-1558","1":"product","2":"type-product","3":"status-publish","4":"has-post-thumbnail","6":"product_cat-mat-2canh-tren-duoi","7":"product_cat-sanaky-tu-mat","8":"product_cat-tu-mat","10":"first","11":"instock","12":"sale","13":"shipping-taxable","14":"purchasable","15":"product-type-simple"},"_links":{"self":[{"href":"https:\/\/dienmaynguyenkhang.vn\/index.php?rest_route=\/wp\/v2\/product\/1558","targetHints":{"allow":["GET"]}}],"collection":[{"href":"https:\/\/dienmaynguyenkhang.vn\/index.php?rest_route=\/wp\/v2\/product"}],"about":[{"href":"https:\/\/dienmaynguyenkhang.vn\/index.php?rest_route=\/wp\/v2\/types\/product"}],"replies":[{"embeddable":true,"href":"https:\/\/dienmaynguyenkhang.vn\/index.php?rest_route=%2Fwp%2Fv2%2Fcomments&post=1558"}],"wp:featuredmedia":[{"embeddable":true,"href":"https:\/\/dienmaynguyenkhang.vn\/index.php?rest_route=\/wp\/v2\/media\/1559"}],"wp:attachment":[{"href":"https:\/\/dienmaynguyenkhang.vn\/index.php?rest_route=%2Fwp%2Fv2%2Fmedia&parent=1558"}],"curies":[{"name":"wp","href":"https:\/\/api.w.org\/{rel}","templated":true}]}}