{"id":1545,"date":"2022-08-30T14:41:45","date_gmt":"2022-08-30T07:41:45","guid":{"rendered":"https:\/\/dienmaynguyenkhang.vn\/?post_type=product&#038;p=1545"},"modified":"2025-10-20T14:13:42","modified_gmt":"2025-10-20T07:13:42","slug":"tu-dong-dung-sanaky-vh-230hy230-lit","status":"publish","type":"product","link":"https:\/\/dienmaynguyenkhang.vn\/?product=tu-dong-dung-sanaky-vh-230hy230-lit","title":{"rendered":"T\u1ee7 \u0111\u00f4ng \u0111\u1ee9ng Sanaky VH-230VD 213 l\u00edt"},"content":{"rendered":"<div id=\"tab-additional_information\" class=\"row specifications\" role=\"tabpanel\" aria-labelledby=\"tab-title-additional_information\">\n<div class=\"snk-info-product-head\">\n<div id=\"tab-additional_information\" class=\"row specifications\" role=\"tabpanel\" aria-labelledby=\"tab-title-additional_information\">\n<div class=\"snk-info-product-head\">\n<h3>T\u00cdNH N\u0102NG TH\u00d4NG S\u1ed0 K\u1ef8 THU\u1eacT<\/h3>\n<\/div>\n<div class=\"large-8 col\">\n<div class=\"img-tskt\"><img loading=\"lazy\" decoding=\"async\" class=\"attachment-full size-full lazyloaded\" src=\"https:\/\/sanakyvietnam.net\/wp-content\/uploads\/2022\/06\/Tu-dong-dung-Sanaky-VH-230VD-213-lit.jpg\" sizes=\"auto, (max-width: 1020px) 100vw, 1020px\" srcset=\"https:\/\/sanakyvietnam.net\/wp-content\/uploads\/2022\/06\/Tu-dong-dung-Sanaky-VH-230VD-213-lit.jpg 1020w, https:\/\/sanakyvietnam.net\/wp-content\/uploads\/2022\/06\/Tu-dong-dung-Sanaky-VH-230VD-213-lit-600x400.jpg 600w, https:\/\/sanakyvietnam.net\/wp-content\/uploads\/2022\/06\/Tu-dong-dung-Sanaky-VH-230VD-213-lit-768x512.jpg 768w, https:\/\/sanakyvietnam.net\/wp-content\/uploads\/2022\/06\/Tu-dong-dung-Sanaky-VH-230VD-213-lit-400x267.jpg 400w\" alt=\"T\u1ee7 \u0111\u00f4ng \u0111\u1ee9ng Sanaky VH-230VD\" width=\"1020\" height=\"680\" data-ll-status=\"loaded\" \/><\/div>\n<\/div>\n<div class=\"large-4 col\">\n<div class=\"product_additional_content\">\n<h2 class=\"title_tabs\">Th\u00f4ng s\u1ed1 k\u1ef9 thu\u1eadt<\/h2>\n<table>\n<tbody>\n<tr>\n<td>Model<\/td>\n<td>TD.VH230VD<\/td>\n<\/tr>\n<tr>\n<td>Thi\u1ebft k\u1ebf<\/td>\n<td>T\u1ee7 \u0111\u00e1 \u0111\u1ee9ng 7 h\u1ed9c &#8211; Tay n\u1eafm m\u00f3c<\/td>\n<\/tr>\n<tr>\n<td>M\u00e0u s\u1eafc<\/td>\n<td>M\u00e0u tr\u1eafng<\/td>\n<\/tr>\n<tr>\n<td>C\u00f4ng ngh\u1ec7 Inverter<\/td>\n<td>Inverter<\/td>\n<\/tr>\n<tr>\n<td>Gas<\/td>\n<td>R600A\/ 100g<\/td>\n<\/tr>\n<tr>\n<td>K\u00edch th\u01b0\u1edbc t\u1ee7 (DxRxC) mm<\/td>\n<td>554*573*1645mm<\/td>\n<\/tr>\n<tr>\n<td>Dung t\u00edch s\u1eed d\u1ee5ng (L)<\/td>\n<td>213<\/td>\n<\/tr>\n<tr>\n<td>D\u00e0n l\u1ea1nh<\/td>\n<td>Nh\u00f4m<\/td>\n<\/tr>\n<tr>\n<td>Nhi\u1ec7t \u0111\u1ed9 ng\u0103n \u0111\u00f4ng<\/td>\n<td>=&lt;-18 \u0111\u1ed9 C<\/td>\n<\/tr>\n<tr>\n<td>\u0110i\u1ec7n \u00e1p s\u1eed d\u1ee5ng (V\/Hz)<\/td>\n<td>220V\/50Hz<\/td>\n<\/tr>\n<\/tbody>\n<\/table>\n<\/div>\n<p><a class=\"open_additional_popup\" data-src=\"#additional_popup\" data-fancybox=\"\" data-options=\"{&quot;touch&quot; : false}\">XEM CHI TI\u1ebeT TH\u00d4NG S\u1ed0 K\u1ef8 THU\u1eacT<\/a><\/p>\n<div><\/div>\n<\/div>\n<\/div>\n<div class=\"content_description\">\n<div class=\"woocommerce-tabs wc-tabs-wrapper container tabbed-content\">\n<ul class=\"snk-info-product-head tabs wc-tabs product-tabs small-nav-collapse nav nav-uppercase nav-line-grow nav-left\" role=\"tablist\">\n<li id=\"tab-title-description\" class=\"description_tab active\" role=\"tab\" aria-controls=\"tab-description\"><a href=\"http:\/\/: https:\/\/dienmaynguyenkhang.vn\/?product=tu-dong-dung-sanaky-vh-230hy230-lit\"><i class=\"fa fa-caret-right\"><\/i>M\u00d4 T\u1ea2 S\u1ea2N PH\u1ea8M<\/a><\/li>\n<\/ul>\n<div class=\"tab-panels\">\n<div id=\"tab-description\" class=\"woocommerce-Tabs-panel woocommerce-Tabs-panel--description panel entry-content active\" role=\"tabpanel\" aria-labelledby=\"tab-title-description\">\n<h2>T\u1ed5ng quan v\u1ec1 t\u1ee7 \u0111\u00f4ng \u0111\u1ee9ng\u00a0<a href=\"http:\/\/: https:\/\/dienmaynguyenkhang.vn\/?product=tu-dong-dung-sanaky-vh-230hy230-lit\">Sanaky VH-230VD 213 l\u00edt<\/a><\/h2>\n<p><img loading=\"lazy\" decoding=\"async\" class=\"aligncenter wp-image-15678 lazyloaded\" src=\"https:\/\/sanakyvietnam.net\/wp-content\/uploads\/2022\/06\/230VD-01-1536x960-1-600x375.webp\" sizes=\"auto, (max-width: 650px) 100vw, 650px\" srcset=\"https:\/\/sanakyvietnam.net\/wp-content\/uploads\/2022\/06\/230VD-01-1536x960-1-600x375.webp 600w, https:\/\/sanakyvietnam.net\/wp-content\/uploads\/2022\/06\/230VD-01-1536x960-1-768x480.webp 768w, https:\/\/sanakyvietnam.net\/wp-content\/uploads\/2022\/06\/230VD-01-1536x960-1-400x250.webp 400w, https:\/\/sanakyvietnam.net\/wp-content\/uploads\/2022\/06\/230VD-01-1536x960-1.webp 1536w\" alt=\"T\u1ee7 \u0111\u00f4ng \u0111\u1ee9ng Sanaky VH-230VD\" width=\"650\" height=\"406\" data-ll-status=\"loaded\" \/><\/p>\n<h3>KI\u1ec2U D\u00c1NG THON G\u1eccN TINH T\u1ebe<\/h3>\n<p>T\u1ee7 \u0111\u00f4ng\u00a0<a href=\"http:\/\/: https:\/\/dienmaynguyenkhang.vn\/?product=tu-dong-dung-sanaky-vh-230hy230-lit\">VH-230VD<\/a>\u00a0\u0111\u01b0\u1ee3c thi\u1ebft k\u1ebf 1 ng\u0103n \u0111\u00f4ng d\u1ea1ng \u0111\u1ee9ng v\u1edbi 1 c\u00e1nh m\u1edf, c\u00f3 thi\u1ebft k\u1ebf nh\u1ecf g\u1ecdn, l\u1edbp s\u01a1n m\u00e0u tr\u1eafng sang tr\u1ecdng, gi\u00fap t\u1ee7 c\u00f3 th\u1ec3 h\u00e0i h\u00f2a v\u1edbi kh\u00f4ng gian ng\u01b0\u1eddi d\u00f9ng m\u1ed9t c\u00e1ch d\u1ec5 d\u00e0ng m\u00e0 kh\u00f4ng t\u1ed1n nhi\u1ec1u di\u1ec7n t\u00edch.<\/p>\n<p><a href=\"http:\/\/: https:\/\/dienmaynguyenkhang.vn\/?product=tu-dong-dung-sanaky-vh-230hy230-lit\">T\u1ee7 \u0111\u00f4ng \u0111\u1ee9ng<\/a>\u00a0VH-230VD ph\u00f9 h\u1ee3p cho c\u00e1c gia \u0111\u00ecnh \u0111\u1eb7t trong nh\u00e0 \u0111\u1ec3 c\u00f3 th\u1ec3 b\u1ea3o qu\u1ea3n l\u00e2u d\u00e0i c\u00e1c lo\u1ea1i th\u1ef1c ph\u1ea9m nh\u01b0 th\u1ecbt, c\u00e1, g\u00e0,\u2026<\/p>\n<p><img loading=\"lazy\" decoding=\"async\" class=\"aligncenter wp-image-15680 lazyloaded\" src=\"https:\/\/sanakyvietnam.net\/wp-content\/uploads\/2022\/06\/230VD-02-1-1536x961-1-600x375.webp\" sizes=\"auto, (max-width: 650px) 100vw, 650px\" srcset=\"https:\/\/sanakyvietnam.net\/wp-content\/uploads\/2022\/06\/230VD-02-1-1536x961-1-600x375.webp 600w, https:\/\/sanakyvietnam.net\/wp-content\/uploads\/2022\/06\/230VD-02-1-1536x961-1-768x481.webp 768w, https:\/\/sanakyvietnam.net\/wp-content\/uploads\/2022\/06\/230VD-02-1-1536x961-1-400x250.webp 400w, https:\/\/sanakyvietnam.net\/wp-content\/uploads\/2022\/06\/230VD-02-1-1536x961-1.webp 1536w\" alt=\"T\u1ee7 \u0111\u00f4ng \u0111\u1ee9ng Sanaky VH-230VD\" width=\"650\" height=\"407\" data-ll-status=\"loaded\" \/><\/p>\n<h3>NHI\u1ec6T \u0110\u1ed8 \u2264-18\u00b0C<\/h3>\n<p>\u1ede nhi\u1ec7t \u0111\u1ed9 d\u01b0\u1edbi \u2264-18\u00b0C th\u1ef1c ph\u1ea9m \u0111\u01b0\u1ee3c b\u1ea3o qu\u1ea3n trong \u0111i\u1ec1u ki\u1ec7n \u0111\u00f4ng l\u1ea1nh s\u00e2u, ph\u00f9 h\u1ee3p v\u1edbi nhu c\u1ea7u b\u1ea3o qu\u1ea3n m\u1ed9t s\u1ed1 th\u1ef1c ph\u1ea9m nh\u01b0 th\u1ecbt, c\u00e1, rau c\u1ee7,\u2026trong th\u1eddi gian d\u00e0i.<\/p>\n<p>V\u1edbi \u0111i\u1ec1u ki\u1ec7n l\u00fd t\u01b0\u1edfng, vi khu\u1ea9n s\u1ebd kh\u00f4ng th\u1ec3 x\u00e2m nh\u1eadp v\u00e0o th\u1ef1c ph\u1ea9m, gi\u00fap th\u1ee9c \u0103n gi\u1eef tr\u1ecdn h\u01b0\u01a1ng v\u1ecb v\u00e0 d\u01b0\u1ee1ng ch\u1ea5t.<\/p>\n<p>S\u1ea3n ph\u1ea9m \u0111\u01b0\u1ee3c \u1ee9ng d\u1ee5ng c\u00f4ng ngh\u1ec7 l\u00e0m l\u1ea1nh 360 \u0111\u1ed9, h\u01a1i l\u1ea1nh s\u1ebd \u0111\u01b0\u1ee3c t\u1ecfa \u0111\u1ec1u b\u00ean trong t\u1ee7, t\u00e1c \u0111\u1ed9ng to\u00e0n di\u1ec7n l\u00ean b\u1ec1 m\u1eb7t th\u1ef1c ph\u1ea9m, \u0111em \u0111\u1ebfn hi\u1ec7u qu\u1ea3 l\u00e0m l\u1ea1nh s\u00e2u, \u0111\u00f3ng \u0111\u00f4ng tri\u1ec7t \u0111\u1ec3.<\/p>\n<p><img loading=\"lazy\" decoding=\"async\" class=\"aligncenter wp-image-15681 lazyloaded\" src=\"https:\/\/sanakyvietnam.net\/wp-content\/uploads\/2022\/06\/230VD-03-1536x961-1-600x375.webp\" sizes=\"auto, (max-width: 650px) 100vw, 650px\" srcset=\"https:\/\/sanakyvietnam.net\/wp-content\/uploads\/2022\/06\/230VD-03-1536x961-1-600x375.webp 600w, https:\/\/sanakyvietnam.net\/wp-content\/uploads\/2022\/06\/230VD-03-1536x961-1-768x481.webp 768w, https:\/\/sanakyvietnam.net\/wp-content\/uploads\/2022\/06\/230VD-03-1536x961-1-400x250.webp 400w, https:\/\/sanakyvietnam.net\/wp-content\/uploads\/2022\/06\/230VD-03-1536x961-1.webp 1536w\" alt=\"T\u1ee7 \u0111\u00f4ng \u0111\u1ee9ng Sanaky VH-230VD\" width=\"650\" height=\"407\" data-ll-status=\"loaded\" \/><\/p>\n<h3>NHI\u1ec0U TI\u1ec6N \u00cdCH \u0110I K\u00c8M<\/h3>\n<p>T\u1ee7 \u0111\u00f4ng thi\u1ebft k\u1ebf v\u1edbi 7 h\u1ed9c ch\u1ee9a d\u1ec5 d\u00e0ng cho vi\u1ec7c v\u1ec7 sinh v\u00e0 s\u1eafp x\u1ebfp th\u1ef1c ph\u1ea9m, d\u1ec5 s\u1eed d\u1ee5ng, h\u1ea1n ch\u1ebf tho\u00e1t nhi\u1ec7t, ti\u1ebft ki\u1ec7m \u0111i\u1ec7n n\u0103ng. \u0110\u1eb7c bi\u1ec7t h\u01a1n, v\u1edbi s\u1ea3n ph\u1ea9m t\u1ee7 \u0111\u00f4ng n\u00e0y, c\u00e1c h\u1ed9c ch\u1ee9a \u0111\u01b0\u1ee3c thi\u1ebft k\u1ebf theo d\u1ea1ng ng\u0103n k\u00e9o, r\u1ea5t ti\u1ec7n l\u1ee3i v\u1edbi vi\u1ec7c c\u1ea5t gi\u1eef th\u1ef1c ph\u1ea9m.<\/p>\n<p>N\u00fat \u0111i\u1ec1u ch\u1ec9nh n\u1eb1m b\u00ean ngo\u00e0i t\u1ee7, v\u1eady n\u00ean ng\u01b0\u1eddi s\u1eed d\u1ee5ng c\u00f3 th\u1ec3 d\u1ec5 d\u00e0ng \u0111i\u1ec1u ch\u1ec9nh nhi\u1ec7t \u0111\u1ed9 m\u00e0 kh\u00f4ng c\u1ea7n m\u1edf t\u1ee7 ra, tr\u00e1nh th\u1ea5t tho\u00e1t nhi\u1ec7t, g\u00e2y t\u1ed1n \u0111i\u1ec7n.<\/p>\n<p>4 ch\u00e2n t\u1ee7 h\u00ecnh tr\u1ee5 \u1edf 4 g\u00f3c s\u1ebd gi\u00fap d\u1ec5 d\u00e0ng di chuy\u1ec3n t\u1ee7 khi c\u1ea7n thi\u1ebft c\u0169ng nh\u01b0 t\u0103ng s\u1ef1 v\u1eefng ch\u00e3i, ch\u1eafc ch\u1eafn c\u1ee7a t\u1ee7<\/p>\n<p><img loading=\"lazy\" decoding=\"async\" class=\"aligncenter wp-image-15682 lazyloaded\" src=\"https:\/\/sanakyvietnam.net\/wp-content\/uploads\/2022\/06\/230VDedit-04-1536x961-1-600x375.webp\" sizes=\"auto, (max-width: 650px) 100vw, 650px\" srcset=\"https:\/\/sanakyvietnam.net\/wp-content\/uploads\/2022\/06\/230VDedit-04-1536x961-1-600x375.webp 600w, https:\/\/sanakyvietnam.net\/wp-content\/uploads\/2022\/06\/230VDedit-04-1536x961-1-768x481.webp 768w, https:\/\/sanakyvietnam.net\/wp-content\/uploads\/2022\/06\/230VDedit-04-1536x961-1-400x250.webp 400w, https:\/\/sanakyvietnam.net\/wp-content\/uploads\/2022\/06\/230VDedit-04-1536x961-1.webp 1536w\" alt=\"T\u1ee7 \u0111\u00f4ng \u0111\u1ee9ng Sanaky VH-230VD\" width=\"650\" height=\"407\" data-ll-status=\"loaded\" \/><\/p>\n<h3>TH\u00c2N THI\u1ec6N V\u1edaI M\u00d4I TR\u01af\u1edcNG<\/h3>\n<p><a href=\"https:\/\/sanakyvietnam.net\/tu-dong-sanaky\/\">T\u1ee7 \u0111\u00f4ng<\/a>\u00a0VH-230VD s\u1eed d\u1ee5ng ga R600a th\u1ebf h\u1ec7 m\u1edbi c\u00f3 kh\u1ea3 n\u0103ng l\u00e0m l\u1ea1nh nhanh \u0111\u1ebfn b\u1ea5t ng\u1edd, l\u00e0m l\u1ea1nh s\u00e2u h\u01a1n, l\u00e2u h\u01a1n m\u00e0 ho\u1ea1t \u0111\u1ed9ng l\u1ea1i v\u00f4 c\u00f9ng \u00eam \u00e1i gi\u00fap ti\u1ebft ki\u1ec7m \u0111i\u1ec7n v\u00e0 chi ph\u00ed.<\/p>\n<p><img loading=\"lazy\" decoding=\"async\" class=\"size-medium wp-image-15788 aligncenter lazyloaded\" src=\"https:\/\/sanakyvietnam.net\/wp-content\/uploads\/2022\/09\/160VD-05-2048x1281-1-600x375.webp\" sizes=\"auto, (max-width: 600px) 100vw, 600px\" srcset=\"https:\/\/sanakyvietnam.net\/wp-content\/uploads\/2022\/09\/160VD-05-2048x1281-1-600x375.webp 600w, https:\/\/sanakyvietnam.net\/wp-content\/uploads\/2022\/09\/160VD-05-2048x1281-1-768x480.webp 768w, https:\/\/sanakyvietnam.net\/wp-content\/uploads\/2022\/09\/160VD-05-2048x1281-1-1536x961.webp 1536w, https:\/\/sanakyvietnam.net\/wp-content\/uploads\/2022\/09\/160VD-05-2048x1281-1-400x250.webp 400w, https:\/\/sanakyvietnam.net\/wp-content\/uploads\/2022\/09\/160VD-05-2048x1281-1.webp 2048w\" alt=\"T\u1ee7 \u0111\u00f4ng \u0111\u1ee9ng Sanaky VH-230VD 213 l\u00edt\" width=\"600\" height=\"375\" data-ll-status=\"loaded\" \/><\/p>\n<p>&nbsp;<\/p>\n<\/div>\n<\/div>\n<\/div>\n<\/div>\n<\/div>\n<\/div>\n","protected":false},"excerpt":{"rendered":"<p><img loading=\"lazy\" decoding=\"async\" class=\"alignnone size-medium wp-image-1687\" src=\"https:\/\/dienmaynguyenkhang.vn\/wp-content\/uploads\/2022\/08\/tu-dong-dung-sanaky-td-vh-230vd3-300x300.jpg\" alt=\"\" width=\"300\" height=\"300\" srcset=\"https:\/\/dienmaynguyenkhang.vn\/wp-content\/uploads\/2022\/08\/tu-dong-dung-sanaky-td-vh-230vd3-300x300.jpg 300w, https:\/\/dienmaynguyenkhang.vn\/wp-content\/uploads\/2022\/08\/tu-dong-dung-sanaky-td-vh-230vd3-150x150.jpg 150w, https:\/\/dienmaynguyenkhang.vn\/wp-content\/uploads\/2022\/08\/tu-dong-dung-sanaky-td-vh-230vd3-768x768.jpg 768w, https:\/\/dienmaynguyenkhang.vn\/wp-content\/uploads\/2022\/08\/tu-dong-dung-sanaky-td-vh-230vd3-510x510.jpg 510w, https:\/\/dienmaynguyenkhang.vn\/wp-content\/uploads\/2022\/08\/tu-dong-dung-sanaky-td-vh-230vd3-100x100.jpg 100w, https:\/\/dienmaynguyenkhang.vn\/wp-content\/uploads\/2022\/08\/tu-dong-dung-sanaky-td-vh-230vd3.jpg 800w\" sizes=\"auto, (max-width: 300px) 100vw, 300px\" \/><\/p>\n","protected":false},"featured_media":1688,"comment_status":"open","ping_status":"closed","template":"","meta":[],"class_list":{"0":"post-1545","1":"product","2":"type-product","3":"status-publish","4":"has-post-thumbnail","6":"product_cat-dong-dung","7":"product_cat-sanaky-tu-dong","8":"product_cat-tu-dong","10":"first","11":"instock","12":"sale","13":"shipping-taxable","14":"purchasable","15":"product-type-simple"},"_links":{"self":[{"href":"https:\/\/dienmaynguyenkhang.vn\/index.php?rest_route=\/wp\/v2\/product\/1545","targetHints":{"allow":["GET"]}}],"collection":[{"href":"https:\/\/dienmaynguyenkhang.vn\/index.php?rest_route=\/wp\/v2\/product"}],"about":[{"href":"https:\/\/dienmaynguyenkhang.vn\/index.php?rest_route=\/wp\/v2\/types\/product"}],"replies":[{"embeddable":true,"href":"https:\/\/dienmaynguyenkhang.vn\/index.php?rest_route=%2Fwp%2Fv2%2Fcomments&post=1545"}],"wp:featuredmedia":[{"embeddable":true,"href":"https:\/\/dienmaynguyenkhang.vn\/index.php?rest_route=\/wp\/v2\/media\/1688"}],"wp:attachment":[{"href":"https:\/\/dienmaynguyenkhang.vn\/index.php?rest_route=%2Fwp%2Fv2%2Fmedia&parent=1545"}],"curies":[{"name":"wp","href":"https:\/\/api.w.org\/{rel}","templated":true}]}}