{"id":1539,"date":"2022-08-30T14:05:59","date_gmt":"2022-08-30T07:05:59","guid":{"rendered":"https:\/\/dienmaynguyenkhang.vn\/?post_type=product&#038;p=1539"},"modified":"2025-10-20T14:16:30","modified_gmt":"2025-10-20T07:16:30","slug":"tu-dong-inverter-sanaky-vh-6899k3-680-lit","status":"publish","type":"product","link":"https:\/\/dienmaynguyenkhang.vn\/?product=tu-dong-inverter-sanaky-vh-6899k3-680-lit","title":{"rendered":"T\u1ee7 \u0111\u00f4ng Inverter Sanaky VH-6899K3 (680 l\u00edt)"},"content":{"rendered":"<div id=\"tab-additional_information\" class=\"row specifications\" role=\"tabpanel\" aria-labelledby=\"tab-title-additional_information\">\n<div class=\"snk-info-product-head\">\n<h3>T\u00cdNH N\u0102NG TH\u00d4NG S\u1ed0 K\u1ef8 THU\u1eacT<\/h3>\n<\/div>\n<div class=\"large-8 col\">\n<div class=\"img-tskt\"><img loading=\"lazy\" decoding=\"async\" class=\"attachment-full size-full lazyloaded\" src=\"https:\/\/sanakyvietnam.net\/wp-content\/uploads\/thong-so-ki-thuat-tu-dong-sanaky-vh-6899k3.png\" sizes=\"auto, (max-width: 800px) 100vw, 800px\" srcset=\"https:\/\/sanakyvietnam.net\/wp-content\/uploads\/thong-so-ki-thuat-tu-dong-sanaky-vh-6899k3.png 800w, https:\/\/sanakyvietnam.net\/wp-content\/uploads\/thong-so-ki-thuat-tu-dong-sanaky-vh-6899k3-400x264.png 400w, https:\/\/sanakyvietnam.net\/wp-content\/uploads\/thong-so-ki-thuat-tu-dong-sanaky-vh-6899k3-600x395.png 600w, https:\/\/sanakyvietnam.net\/wp-content\/uploads\/thong-so-ki-thuat-tu-dong-sanaky-vh-6899k3-768x506.png 768w\" alt=\"Th\u00f4ng s\u1ed1 k\u1ef9 thu\u1eadt t\u1ee7 \u0111\u00f4ng inverter Sanaky VH-6899K3\" width=\"800\" height=\"527\" data-ll-status=\"loaded\" \/><\/div>\n<\/div>\n<div class=\"large-4 col\">\n<div class=\"product_additional_content\">\n<h2 class=\"title_tabs\">Th\u00f4ng s\u1ed1 k\u1ef9 thu\u1eadt<\/h2>\n<table>\n<tbody>\n<tr>\n<td>Model<\/td>\n<td>VH-6899K3<\/td>\n<\/tr>\n<tr>\n<td>Dung t\u00edch t\u1ed5ng th\u1ec3<\/td>\n<td>680 l\u00edt<\/td>\n<\/tr>\n<tr>\n<td>Dung t\u00edch s\u1eed d\u1ee5ng<\/td>\n<td>437 l\u00edt<\/td>\n<\/tr>\n<tr>\n<td>Th\u01b0\u01a1ng hi\u1ec7u<\/td>\n<td><a href=\"https:\/\/dienmaynguyenkhang.vn\/?product=tu-dong-inverter-sanaky-vh-6899k3-680-lit\"><strong>Sanaky<\/strong><\/a><\/td>\n<\/tr>\n<tr>\n<td>Lo\u1ea1i t\u1ee7<\/td>\n<td><a href=\"https:\/\/dienmaynguyenkhang.vn\/?product=tu-dong-inverter-sanaky-vh-6899k3-680-lit\">T\u1ee7 \u0111\u00f4ng k\u00ednh l\u00f9a<\/a><\/td>\n<\/tr>\n<tr>\n<td>C\u00f4ng ngh\u1ec7 Inverter<\/td>\n<td>C\u00f3<\/td>\n<\/tr>\n<tr>\n<td>S\u1ed1 c\u1eeda t\u1ee7 \u0111\u00f4ng<\/td>\n<td>2 k\u00ednh l\u00f9a cong<\/td>\n<\/tr>\n<tr>\n<td>C\u00f4ng su\u1ea5t(W)<\/td>\n<td>155.6 (W)<\/td>\n<\/tr>\n<tr>\n<td>Nhi\u1ec7t \u0111\u1ed9 ng\u0103n \u0111\u00f4ng<\/td>\n<td>\u2264 -18\u00b0C<\/td>\n<\/tr>\n<tr>\n<td>D\u00e0n l\u1ea1nh<\/td>\n<td>\u1ed0ng \u0111\u1ed3ng<\/td>\n<\/tr>\n<tr>\n<td>L\u00e0m l\u1ea1nh nhanh<\/td>\n<td>C\u00f3<\/td>\n<\/tr>\n<tr>\n<td>K\u00edch th\u01b0\u1edbc (D x R x C mm)<\/td>\n<td>1564 x 620 x 870 mm<\/td>\n<\/tr>\n<tr>\n<td>Kh\u1ed1i l\u01b0\u1ee3ng (kg)<\/td>\n<td>63 Kg<\/td>\n<\/tr>\n<tr>\n<td>Kho\u00e1 t\u1ee7<\/td>\n<td>C\u00f3<\/td>\n<\/tr>\n<tr>\n<td>Kh\u00ed Gas<\/td>\n<td>R134A<\/td>\n<\/tr>\n<tr>\n<td>B\u1ea3o h\u00e0nh<\/td>\n<td>24 th\u00e1ng<\/td>\n<\/tr>\n<\/tbody>\n<\/table>\n<\/div>\n<p><a class=\"open_additional_popup\" data-src=\"#additional_popup\" data-fancybox=\"\" data-options=\"{&quot;touch&quot; : false}\">XEM CHI TI\u1ebeT TH\u00d4NG S\u1ed0 K\u1ef8 THU\u1eacT<\/a><\/p>\n<div><\/div>\n<\/div>\n<\/div>\n<div class=\"content_description\">\n<div class=\"woocommerce-tabs wc-tabs-wrapper container tabbed-content\">\n<ul class=\"snk-info-product-head tabs wc-tabs product-tabs small-nav-collapse nav nav-uppercase nav-line-grow nav-left\" role=\"tablist\">\n<li id=\"tab-title-description\" class=\"description_tab active\" role=\"tab\" aria-controls=\"tab-description\"><a href=\"https:\/\/dienmaynguyenkhang.vn\/?product=tu-dong-inverter-sanaky-vh-6899k3-680-lit\"><i class=\"fa fa-caret-right\"><\/i>M\u00d4 T\u1ea2 S\u1ea2N PH\u1ea8M<\/a><\/li>\n<\/ul>\n<div class=\"tab-panels\">\n<div id=\"tab-description\" class=\"woocommerce-Tabs-panel woocommerce-Tabs-panel--description panel entry-content active\" role=\"tabpanel\" aria-labelledby=\"tab-title-description\">\n<h2>T\u1ee7 \u0111\u00f4ng Inverter Sanaky VH-6899K3 dung t\u00edch 680 l\u00edt<\/h2>\n<p><a href=\"https:\/\/dienmaynguyenkhang.vn\/?product=tu-dong-inverter-sanaky-vh-6899k3-680-lit\"><strong>T\u1ee7 \u0111\u00f4ng Inverter Sanaky VH-6899K3<\/strong><\/a>\u00a0thu\u1ed9c d\u00f2ng t\u1ee7 tr\u01b0ng b\u00e0y(hay t\u1ee7 kem) c\u1ee7a h\u00e3ng Sanaky. V\u1edbi thi\u1ebft k\u1ebf 2 c\u00e1nh k\u00ednh m\u1edf l\u00f9a, s\u1ea3n ph\u1ea9m th\u00edch h\u1ee3p v\u1edbi c\u00e1c c\u1eeda h\u00e0ng, si\u00eau th\u1ecb c\u00f3 nhu c\u1ea7u v\u1eeba b\u1ea3o qu\u1ea3n v\u1eeba tr\u01b0ng b\u00e0y th\u1ef1c ph\u1ea9m c\u1ee7a m\u00ecnh. T\u1ee7 c\u00f3 dung t\u00edch 680 l\u00edt \u0111\u00e1p \u1ee9ng nhu c\u1ea7u b\u1ea3o qu\u1ea3n v\u00e0 tr\u01b0ng b\u00e0y s\u1ea3n ph\u1ea9m v\u1edbi s\u1ed1 l\u01b0\u1ee3ng nhi\u1ec1u.<\/p>\n<p><img loading=\"lazy\" decoding=\"async\" class=\"size-medium wp-image-10735 aligncenter lazyloaded\" src=\"https:\/\/sanakyvietnam.net\/wp-content\/uploads\/thong-so-ki-thuat-tu-dong-sanaky-vh-6899k3-600x395.png\" sizes=\"auto, (max-width: 600px) 100vw, 600px\" srcset=\"https:\/\/sanakyvietnam.net\/wp-content\/uploads\/thong-so-ki-thuat-tu-dong-sanaky-vh-6899k3-600x395.png 600w, https:\/\/sanakyvietnam.net\/wp-content\/uploads\/thong-so-ki-thuat-tu-dong-sanaky-vh-6899k3-400x264.png 400w, https:\/\/sanakyvietnam.net\/wp-content\/uploads\/thong-so-ki-thuat-tu-dong-sanaky-vh-6899k3-768x506.png 768w, https:\/\/sanakyvietnam.net\/wp-content\/uploads\/thong-so-ki-thuat-tu-dong-sanaky-vh-6899k3.png 800w\" alt=\"Th\u00f4ng s\u1ed1 k\u1ef9 thu\u1eadt t\u1ee7 \u0111\u00f4ng inverter Sanaky VH-6899K3\" width=\"600\" height=\"395\" data-ll-status=\"loaded\" \/><\/p>\n<h3>M\u1ed9t s\u1ed1 t\u00ednh n\u0103ng n\u1ed5i b\u1eadt<\/h3>\n<ul>\n<li>C\u1eeda t\u1ee7\u00a0\u0111\u01b0\u01a1c thi\u1ebft k\u1ebf ki\u1ec3u c\u00e1nh k\u00ednh m\u1edf l\u00f9a, v\u1edbi ch\u1ea5t li\u1ec7u k\u00ednh\u00a0ch\u1ecbu l\u1ef1c, c\u00e1ch nhi\u1ec7t t\u1ed1t. H\u01a1n n\u1eefa ki\u1ec3u m\u1edf l\u00f9a gi\u00fap tr\u00e1nh th\u1ea5t tho\u00e1t nhi\u1ec1u h\u01a1i l\u1ea1nh ti\u1ebft ki\u1ec7m\u00a0\u0111i\u1ec7n cho b\u1ea1n. Ngo\u00e0i ra c\u1eeda k\u00ednh\u00a0\u0111\u01b0\u1ee3c l\u00e0m cong xu\u1ed1ng nh\u1eb1m gi\u00fap kh\u00e1ch h\u00e0ng c\u00f3 th\u1ec3 quan s\u00e1t d\u1ec5 d\u00e0ng h\u01a1n c\u00e1c lo\u1ea1i th\u1ef1c ph\u1ea9m\u00a0\u0111\u01b0\u1ee3c b\u1ea3o qu\u1ea3n b\u00ean trong t\u1ee7.<\/li>\n<li>T\u1ee7 s\u1eed d\u1ee5ng d\u00e0n l\u1ea1nh b\u1eb1ng\u00a0\u0111\u1ed3ng cho kh\u1ea3 n\u0103ng l\u00e0m l\u1ea1nh nhanh h\u01a1n d\u00e0n nh\u00f4m, k\u1ebft h\u1ee3p qu\u1ea1t l\u1ed3ng s\u00f3c h\u01a1i l\u1ea1nh s\u00e2u v\u00e0 t\u1ecfa\u00a0\u0111\u1ec1u kh\u1eafp trong l\u00f2ng t\u1ee7.<\/li>\n<li><a href=\"https:\/\/dienmaynguyenkhang.vn\/?product=tu-dong-inverter-sanaky-vh-6899k3-680-lit\">T\u1ee7 \u0111\u00f4ng c\u1ee7a h\u00e3ng Sanaky<\/a>\u00a0\u0111\u01b0\u1ee3c s\u1ea3n xu\u1ea5t tr\u00ean d\u00e2y chuy\u1ec1n c\u00f4ng ngh\u1ec7 Nh\u1eadt B\u1ea3n n\u00ean v\u1eadn h\u00e0nh \u00eam \u00e1i, kh\u00f4ng g\u00e2y ti\u1ebfng \u1ed3n, \u0111\u1ed9 b\u1ec1n cao.<\/li>\n<li>Nhi\u1ec7t\u00a0\u0111\u1ed9 l\u00e0m l\u1ea1nh c\u1ee7a t\u1ee7 l\u00e0 t\u1eeb 0<sup>o<\/sup>C\u00a0\u0111\u1ebfn -18<sup>o<\/sup>C c\u00f3 th\u1ec3\u00a0gi\u1eef \u0111\u00f4ng th\u1ef1c ph\u1ea9m m\u1ed9t c\u00e1ch an to\u00e0n trong th\u1eddi gian d\u00e0i. H\u01a1n n\u1eefa\u00a0b\u1ea1n c\u00f3 th\u1ec3 d\u1ec5 d\u00e0ng\u00a0\u0111i\u1ec1u ch\u1ec9nh nhi\u1ec7t\u00a0\u0111\u1ed9 b\u1eb1ng b\u1eb3ng\u00a0\u0111i\u1ec1u khi\u1ec3n b\u00ean ngo\u00e0i th\u00e2n t\u1ee7.<\/li>\n<li>Th\u00e2n t\u1ee7\u00a0\u0111\u01b0\u1ee3c l\u00e0m b\u1eb1ng nh\u1ef1a ABS \u2013 ch\u1ea5t li\u1ec7u d\u1ebbo dai, ch\u1ecbu l\u1ef1c t\u1ed1t n\u00ean b\u1ea1n ho\u00e0n to\u00e0n c\u00f3 th\u1ec3 y\u00ean t\u00e2m v\u1ec1\u00a0\u0111\u1ed9 b\u1ec1n c\u1ee7a s\u1ea3n ph\u1ea9m. Ngo\u00e0i ra l\u00f2ng t\u1ee7 ph\u1eb3ng c\u00f3 th\u00eam l\u1ed7 tho\u00e1t n\u01b0\u1edbc gi\u00fap c\u00f4ng vi\u1ec7c lau ch\u00f9i v\u00e0\u00a0<a href=\"https:\/\/dienmaynguyenkhang.vn\/?product=tu-dong-inverter-sanaky-vh-6899k3-680-lit\">v\u1ec7 sinh<\/a>\u00a0thu\u1eadn ti\u1ec7n h\u01a1n r\u1ea5t nhi\u1ec1u.<\/li>\n<li>T\u1ee7\u00a0\u0111\u01b0\u1ee3c t\u00edch h\u1ee3p th\u00eam c\u00f4ng ngh\u1ec7 inverter m\u1edbi nh\u1ea5t, gi\u00fap ki\u1ec3m so\u00e1t h\u1ec7 th\u1ed1ng l\u00e0m l\u1ea1nh c\u1ee7a m\u00e1y tr\u00e1nh nh\u1eefng hao ph\u00ed kh\u00f4ng\u00a0\u0111ang c\u00f3. Ti\u1ebft ki\u1ec7m\u00a0\u0111i\u1ec7n n\u0103ng l\u00ean t\u1edbi 50% so v\u1edbi d\u00f2ng t\u1ee7\u00a0\u0111\u00f4ng th\u00f4ng th\u01b0\u1eddng.<\/li>\n<li>Gas l\u00e0m l\u1ea1nh\u00a0\u0111\u01b0\u1ee3c s\u1eed d\u1ee5ng cho t\u1ee7\u00a0\u0111\u00f3 l\u00e0\u00a0<a href=\"https:\/\/dienmaynguyenkhang.vn\/?product=tu-dong-inverter-sanaky-vh-6899k3-680-lit\">Gas R134A<\/a>\u00a0m\u1edbi nh\u1ea5t\u00a0l\u00e0m l\u1ea1nh t\u1ed1t l\u1ea1i th\u00e2n thi\u1ec7n v\u1edbi m\u00f4i tr\u01b0\u1eddng v\u00e0 ng\u01b0\u1eddi s\u1eed d\u1ee5ng.<\/li>\n<li>Ch\u00e2n\u00a0t\u1ee7 c\u0169ng \u0111\u01b0\u1ee3c thi\u1ebft k\u1ebf 4\u00a0b\u00e1nh xe ch\u1ecbu l\u1ef1c gi\u00fap vi\u1ec7c di chuy\u1ec3n t\u1ee7 tr\u1edf n\u00ean d\u1ec5 d\u00e0ng h\u01a1n m\u00e0 kh\u00f4ng t\u1ed1n nhi\u1ec1u s\u1ee9c.<\/li>\n<\/ul>\n<\/div>\n<\/div>\n<\/div>\n<\/div>\n","protected":false},"excerpt":{"rendered":"<p>T\u00cdNH N\u0102NG TH\u00d4NG S\u1ed0 K\u1ef8 THU\u1eacT Th\u00f4ng s\u1ed1 k\u1ef9 thu\u1eadt Model VH-6899K3 Dung t\u00edch t\u1ed5ng th\u1ec3 680 l\u00edt Dung t\u00edch s\u1eed d\u1ee5ng 437 l\u00edt Th\u01b0\u01a1ng hi\u1ec7u Sanaky Lo\u1ea1i t\u1ee7 T\u1ee7 \u0111\u00f4ng k\u00ednh l\u00f9a C\u00f4ng ngh\u1ec7 Inverter C\u00f3 S\u1ed1 c\u1eeda t\u1ee7 \u0111\u00f4ng 2 k\u00ednh l\u00f9a cong C\u00f4ng su\u1ea5t(W) 155.6 (W) Nhi\u1ec7t \u0111\u1ed9 ng\u0103n \u0111\u00f4ng \u2264 -18\u00b0C&#8230;<\/p>\n","protected":false},"featured_media":1540,"comment_status":"open","ping_status":"closed","template":"","meta":[],"class_list":{"0":"post-1539","1":"product","2":"type-product","3":"status-publish","4":"has-post-thumbnail","6":"product_cat-dong-kem-kinh","7":"product_cat-sanaky-tu-dong","8":"product_cat-tu-dong","10":"first","11":"instock","12":"sale","13":"shipping-taxable","14":"purchasable","15":"product-type-simple"},"_links":{"self":[{"href":"https:\/\/dienmaynguyenkhang.vn\/index.php?rest_route=\/wp\/v2\/product\/1539","targetHints":{"allow":["GET"]}}],"collection":[{"href":"https:\/\/dienmaynguyenkhang.vn\/index.php?rest_route=\/wp\/v2\/product"}],"about":[{"href":"https:\/\/dienmaynguyenkhang.vn\/index.php?rest_route=\/wp\/v2\/types\/product"}],"replies":[{"embeddable":true,"href":"https:\/\/dienmaynguyenkhang.vn\/index.php?rest_route=%2Fwp%2Fv2%2Fcomments&post=1539"}],"wp:featuredmedia":[{"embeddable":true,"href":"https:\/\/dienmaynguyenkhang.vn\/index.php?rest_route=\/wp\/v2\/media\/1540"}],"wp:attachment":[{"href":"https:\/\/dienmaynguyenkhang.vn\/index.php?rest_route=%2Fwp%2Fv2%2Fmedia&parent=1539"}],"curies":[{"name":"wp","href":"https:\/\/api.w.org\/{rel}","templated":true}]}}