{"id":1531,"date":"2022-08-30T13:50:21","date_gmt":"2022-08-30T06:50:21","guid":{"rendered":"https:\/\/dienmaynguyenkhang.vn\/?post_type=product&#038;p=1531"},"modified":"2025-10-20T14:17:11","modified_gmt":"2025-10-20T07:17:11","slug":"tu-dong-sanaky-inverter-vh-4899k3480-lit","status":"publish","type":"product","link":"https:\/\/dienmaynguyenkhang.vn\/?product=tu-dong-sanaky-inverter-vh-4899k3480-lit","title":{"rendered":"T\u1ee7 \u0111\u00f4ng Sanaky VH-4899K3B, inverter 350 l\u00edt, 1 ng\u0103n \u0111\u00f4ng"},"content":{"rendered":"<table id=\"tablepress-380-no-2\" class=\"tablepress tablepress-id-380\">\n<thead>\n<tr class=\"row-1 odd\">\n<th class=\"column-1\">Model<\/th>\n<th class=\"column-2\">VH-4899K3B<\/th>\n<\/tr>\n<\/thead>\n<tbody class=\"row-hover\">\n<tr class=\"row-2 even\">\n<td class=\"column-1\">Ch\u1ea5t li\u1ec7u d\u00e0n l\u1ea1nh<\/td>\n<td class=\"column-2\">\u0110\u1ed3ng<\/td>\n<\/tr>\n<tr class=\"row-3 odd\">\n<td class=\"column-1\">C\u00f4ng ngh\u1ec7 ti\u1ebft ki\u1ec7m \u0111i\u1ec7n<\/td>\n<td class=\"column-2\">Inverter<\/td>\n<\/tr>\n<tr class=\"row-4 even\">\n<td class=\"column-1\">Nhi\u1ec7t \u0111\u1ed9 ng\u0103n \u0111\u00f4ng<\/td>\n<td class=\"column-2\">\u2264-18\u00b0C<\/td>\n<\/tr>\n<tr class=\"row-5 odd\">\n<td class=\"column-1\">Ngu\u1ed3n \u0111i\u1ec7n<\/td>\n<td class=\"column-2\">220V\/50Hz<\/td>\n<\/tr>\n<tr class=\"row-6 even\">\n<td class=\"column-1\">C\u00f4ng su\u1ea5t<\/td>\n<td class=\"column-2\">187,6 (W)<\/td>\n<\/tr>\n<tr class=\"row-7 odd\">\n<td class=\"column-1\">Dung t\u00edch th\u1ef1c<\/td>\n<td class=\"column-2\">350 l\u00edt<\/td>\n<\/tr>\n<tr class=\"row-8 even\">\n<td class=\"column-1\">K\u00edch th\u01b0\u1edbc<\/td>\n<td class=\"column-2\">1224 x 690 x 870 (mm)<\/td>\n<\/tr>\n<tr class=\"row-9 odd\">\n<td class=\"column-1\">K\u00edch th\u01b0\u1edbc \u0111\u00f3ng g\u00f3i<\/td>\n<td class=\"column-2\">1280 x746 x 950 (mm)<\/td>\n<\/tr>\n<tr class=\"row-10 even\">\n<td class=\"column-1\">Tr\u1ecdng l\u01b0\u1ee3ng<\/td>\n<td class=\"column-2\">62 (kg)<\/td>\n<\/tr>\n<tr class=\"row-11 odd\">\n<td class=\"column-1\">M\u00f4i ch\u1ea5t l\u1ea1nh<\/td>\n<td class=\"column-2\">R134a\/210Gr<\/td>\n<\/tr>\n<\/tbody>\n<\/table>\n<p>&nbsp;<\/p>\n<p><img loading=\"lazy\" decoding=\"async\" class=\"alignnone size-full wp-image-32764\" src=\"https:\/\/sanaky.com.vn\/wp-content\/uploads\/2021\/11\/4899_K3B_Vang_Inverter_intro-scaled.webp\" sizes=\"auto, (max-width: 2560px) 100vw, 2560px\" srcset=\"https:\/\/sanaky.com.vn\/wp-content\/uploads\/2021\/11\/4899_K3B_Vang_Inverter_intro-scaled.webp 2560w, https:\/\/sanaky.com.vn\/wp-content\/uploads\/2021\/11\/4899_K3B_Vang_Inverter_intro-300x188.webp 300w, https:\/\/sanaky.com.vn\/wp-content\/uploads\/2021\/11\/4899_K3B_Vang_Inverter_intro-1024x640.webp 1024w, https:\/\/sanaky.com.vn\/wp-content\/uploads\/2021\/11\/4899_K3B_Vang_Inverter_intro-768x480.webp 768w, https:\/\/sanaky.com.vn\/wp-content\/uploads\/2021\/11\/4899_K3B_Vang_Inverter_intro-1536x961.webp 1536w, https:\/\/sanaky.com.vn\/wp-content\/uploads\/2021\/11\/4899_K3B_Vang_Inverter_intro-2048x1281.webp 2048w, https:\/\/sanaky.com.vn\/wp-content\/uploads\/2021\/11\/4899_K3B_Vang_Inverter_intro-24x15.webp 24w, https:\/\/sanaky.com.vn\/wp-content\/uploads\/2021\/11\/4899_K3B_Vang_Inverter_intro-48x30.webp 48w, https:\/\/sanaky.com.vn\/wp-content\/uploads\/2021\/11\/4899_K3B_Vang_Inverter_intro-50x31.webp 50w, https:\/\/sanaky.com.vn\/wp-content\/uploads\/2021\/11\/4899_K3B_Vang_Inverter_intro-564x353.webp 564w\" alt=\"\" width=\"2560\" height=\"1601\" \/><\/p>\n<h1><span id=\"THIET_KE_THONG_MINH\">THI\u1ebeT K\u1ebe TH\u00d4NG MINH<\/span><\/h1>\n<h2><span id=\"1_ngan_dong_-_2_canh_kinh_lua\">1 ng\u0103n \u0111\u00f4ng \u2013 2 c\u00e1nh k\u00ednh l\u00f9a<\/span><\/h2>\n<p>\u0110\u00e2y l\u00e0 d\u00f2ng t\u1ee7 1 ng\u0103n \u0111\u00f4ng nh\u01b0ng l\u1ea1i \u0111\u01b0\u1ee3c thi\u1ebft k\u1ebf 2 c\u00e1nh l\u00f9a, mang \u0111\u1ebfn s\u1ef1 ti\u1ec7n l\u1ee3i cho b\u1ea1n trong vi\u1ec7c t\u00ecm ki\u1ebfm th\u1ef1c ph\u1ea9m c\u1ea7n d\u00f9ng khi l\u1ea5y v\u00e0 cho v\u00e0o th\u1ef1c ph\u1ea9m b\u00ean trong t\u1ee7 c\u0169ng nh\u01b0 gi\u1ea3m b\u1edbt t\u00ecnh tr\u1ea1ng h\u01a1i l\u1ea1nh tho\u00e1t ra ngo\u00e0i g\u00e2y ti\u00eau hao \u0111i\u1ec7n n\u0103ng. Chi\u1ebfc t\u1ee7 \u0111\u00f4ng Sanaky n\u00e0y s\u1ebd l\u00e0 s\u1ef1 l\u1ef1a ch\u1ecdn l\u00fd t\u01b0\u1edfng cho gia \u0111\u00ecnh kinh doanh t\u1ea1p h\u00f3a, qu\u00e1n \u0103n, nh\u00e0 h\u00e0ng,\u2026<\/p>\n<p><img loading=\"lazy\" decoding=\"async\" class=\"alignnone size-full wp-image-32962\" src=\"https:\/\/sanaky.com.vn\/wp-content\/uploads\/2021\/11\/4899_K3B_Vang_Inverter_thiet_ke2-scaled.webp\" sizes=\"auto, (max-width: 2560px) 100vw, 2560px\" srcset=\"https:\/\/sanaky.com.vn\/wp-content\/uploads\/2021\/11\/4899_K3B_Vang_Inverter_thiet_ke2-scaled.webp 2560w, https:\/\/sanaky.com.vn\/wp-content\/uploads\/2021\/11\/4899_K3B_Vang_Inverter_thiet_ke2-300x188.webp 300w, https:\/\/sanaky.com.vn\/wp-content\/uploads\/2021\/11\/4899_K3B_Vang_Inverter_thiet_ke2-1024x640.webp 1024w, https:\/\/sanaky.com.vn\/wp-content\/uploads\/2021\/11\/4899_K3B_Vang_Inverter_thiet_ke2-768x480.webp 768w, https:\/\/sanaky.com.vn\/wp-content\/uploads\/2021\/11\/4899_K3B_Vang_Inverter_thiet_ke2-1536x961.webp 1536w, https:\/\/sanaky.com.vn\/wp-content\/uploads\/2021\/11\/4899_K3B_Vang_Inverter_thiet_ke2-2048x1281.webp 2048w, https:\/\/sanaky.com.vn\/wp-content\/uploads\/2021\/11\/4899_K3B_Vang_Inverter_thiet_ke2-24x15.webp 24w, https:\/\/sanaky.com.vn\/wp-content\/uploads\/2021\/11\/4899_K3B_Vang_Inverter_thiet_ke2-48x30.webp 48w, https:\/\/sanaky.com.vn\/wp-content\/uploads\/2021\/11\/4899_K3B_Vang_Inverter_thiet_ke2-50x31.webp 50w, https:\/\/sanaky.com.vn\/wp-content\/uploads\/2021\/11\/4899_K3B_Vang_Inverter_thiet_ke2-564x353.webp 564w\" alt=\"\" width=\"2560\" height=\"1601\" \/><\/p>\n<p>&nbsp;<\/p>\n<h1><span id=\"NHIET_DO_-18C\">NHI\u1ec6T \u0110\u1ed8 \u2264-18\u00b0C<\/span><\/h1>\n<h2><span id=\"Dam_bao_thuc_pham_duoc_bao_quan_trong_dieu_kien_lanh_sau\">\u0110\u1ea3m b\u1ea3o th\u1ef1c ph\u1ea9m \u0111\u01b0\u1ee3c b\u1ea3o qu\u1ea3n trong \u0111i\u1ec1u ki\u1ec7n l\u1ea1nh s\u00e2u<\/span><\/h2>\n<p>V\u1edbi nhi\u1ec7t \u0111\u1ed9 d\u01b0\u1edbi \u2264-18\u00b0C th\u1ef1c ph\u1ea9m \u0111\u01b0\u1ee3c b\u1ea3o qu\u1ea3n trong \u0111i\u1ec1u ki\u1ec7n \u0111\u00f4ng l\u1ea1nh s\u00e2u, ph\u00f9 h\u1ee3p v\u1edbi nhu c\u1ea7u b\u1ea3o qu\u1ea3n m\u1ed9t s\u1ed1 s\u1ea3n ph\u1ea9m nh\u01b0 kem. Th\u1ef1c ph\u1ea9m s\u1ebd \u0111\u01b0\u1ee3c b\u1ea3o v\u1ec7 kh\u1ecfi vi khu\u1ea9n v\u00e0 gi\u1eef tr\u1ecdn d\u01b0\u1ee1ng ch\u1ea5t.<\/p>\n<p><img loading=\"lazy\" decoding=\"async\" class=\"alignnone size-full wp-image-32737\" src=\"https:\/\/sanaky.com.vn\/wp-content\/uploads\/2021\/11\/KA-KB-K3A-K3B_nhiet_do-scaled.webp\" sizes=\"auto, (max-width: 2560px) 100vw, 2560px\" srcset=\"https:\/\/sanaky.com.vn\/wp-content\/uploads\/2021\/11\/KA-KB-K3A-K3B_nhiet_do-scaled.webp 2560w, https:\/\/sanaky.com.vn\/wp-content\/uploads\/2021\/11\/KA-KB-K3A-K3B_nhiet_do-300x188.webp 300w, https:\/\/sanaky.com.vn\/wp-content\/uploads\/2021\/11\/KA-KB-K3A-K3B_nhiet_do-1024x640.webp 1024w, https:\/\/sanaky.com.vn\/wp-content\/uploads\/2021\/11\/KA-KB-K3A-K3B_nhiet_do-768x480.webp 768w, https:\/\/sanaky.com.vn\/wp-content\/uploads\/2021\/11\/KA-KB-K3A-K3B_nhiet_do-1536x961.webp 1536w, https:\/\/sanaky.com.vn\/wp-content\/uploads\/2021\/11\/KA-KB-K3A-K3B_nhiet_do-2048x1281.webp 2048w, https:\/\/sanaky.com.vn\/wp-content\/uploads\/2021\/11\/KA-KB-K3A-K3B_nhiet_do-24x15.webp 24w, https:\/\/sanaky.com.vn\/wp-content\/uploads\/2021\/11\/KA-KB-K3A-K3B_nhiet_do-48x30.webp 48w, https:\/\/sanaky.com.vn\/wp-content\/uploads\/2021\/11\/KA-KB-K3A-K3B_nhiet_do-50x31.webp 50w, https:\/\/sanaky.com.vn\/wp-content\/uploads\/2021\/11\/KA-KB-K3A-K3B_nhiet_do-564x353.webp 564w\" alt=\"\" width=\"2560\" height=\"1601\" \/><\/p>\n<p>&nbsp;<\/p>\n<h1><span id=\"DAN_LANH_BANG_DONG_KET_HOP_CONG_NGHE_LAM_LANH_360_DO\">D\u00c0N L\u1ea0NH B\u1eb0NG \u0110\u1ed2NG K\u1ebeT H\u1ee2P C\u00d4NG NGH\u1ec6 L\u00c0M L\u1ea0NH 360 \u0110\u1ed8<\/span><\/h1>\n<p>D\u00e0n l\u1ea1nh b\u1eb1ng \u0111\u1ed3ng nguy\u00ean ch\u1ea5t gi\u00fap cho t\u1ee7 \u0111\u00f4ng d\u1eabn nhi\u1ec7t nhanh h\u01a1n, v\u1eadn h\u00e0nh \u00eam \u00e1i v\u00e0 ti\u1ebft ki\u1ec7m \u0111i\u1ec7n.<\/p>\n<p>S\u1ea3n ph\u1ea9m \u0111\u01b0\u1ee3c \u1ee9ng d\u1ee5ng c\u00f4ng ngh\u1ec7 l\u00e0m l\u1ea1nh 360 \u0111\u1ed9, h\u01a1i l\u1ea1nh s\u1ebd \u0111\u01b0\u1ee3c t\u1ecfa \u0111\u1ec1u b\u00ean trong t\u1ee7, t\u00e1c \u0111\u1ed9ng to\u00e0n di\u1ec7n l\u00ean b\u1ec1 m\u1eb7t th\u1ef1c ph\u1ea9m, \u0111em \u0111\u1ebfn hi\u1ec7u qu\u1ea3 l\u00e0m l\u1ea1nh s\u00e2u, \u0111\u00f3ng \u0111\u00f4ng tri\u1ec7t \u0111\u1ec3.<\/p>\n<h1><span id=\"CONG_NGHE_SMART_INVERTER\">C\u00d4NG NGH\u1ec6 SMART INVERTER<\/span><\/h1>\n<h2><span id=\"Sieu_tiet_kiem_dien\">Si\u00eau ti\u1ebft ki\u1ec7m \u0111i\u1ec7n<\/span><\/h2>\n<p>V\u1edbi kh\u1ea3 n\u0103ng \u0111i\u1ec1u ch\u1ec9nh t\u1ed1c \u0111\u1ed9 v\u00f2ng quay c\u1ee7a \u0111\u1ed9ng c\u01a1, c\u00f4ng ngh\u1ec7 n\u00e0y \u0111em l\u1ea1i hi\u1ec7u qu\u1ea3 ti\u1ebft ki\u1ec7m \u0111i\u1ec7n l\u00ean \u0111\u1ebfn 50% m\u00e0 v\u1eabn \u0111\u1ea3m b\u1ea3o v\u1eadn h\u00e0nh t\u1ed1t v\u00e0 b\u1ec1n b\u1ec9. Ngo\u00e0i ra, c\u00f4ng ngh\u1ec7 n\u00e0y gi\u00fap m\u00e1y n\u00e9n ho\u1ea1t \u0111\u1ed9ng \u00eam \u00e1i, kh\u1ea3 n\u0103ng v\u1eadn h\u00e0nh b\u1ec1n b\u1ec9 \u0111em \u0111\u1ebfn s\u1ef1 b\u1ea3o qu\u1ea3n th\u1ef1c ph\u1ea9m tuy\u1ec7t v\u1eddi cho b\u1ea1n.<\/p>\n<p><img loading=\"lazy\" decoding=\"async\" class=\"alignnone size-full wp-image-32736\" src=\"https:\/\/sanaky.com.vn\/wp-content\/uploads\/2021\/11\/K3B_Vang_Inverter_dan_lanh__inverter-scaled.webp\" sizes=\"auto, (max-width: 2560px) 100vw, 2560px\" srcset=\"https:\/\/sanaky.com.vn\/wp-content\/uploads\/2021\/11\/K3B_Vang_Inverter_dan_lanh__inverter-scaled.webp 2560w, https:\/\/sanaky.com.vn\/wp-content\/uploads\/2021\/11\/K3B_Vang_Inverter_dan_lanh__inverter-300x188.webp 300w, https:\/\/sanaky.com.vn\/wp-content\/uploads\/2021\/11\/K3B_Vang_Inverter_dan_lanh__inverter-1024x640.webp 1024w, https:\/\/sanaky.com.vn\/wp-content\/uploads\/2021\/11\/K3B_Vang_Inverter_dan_lanh__inverter-768x480.webp 768w, https:\/\/sanaky.com.vn\/wp-content\/uploads\/2021\/11\/K3B_Vang_Inverter_dan_lanh__inverter-1536x960.webp 1536w, https:\/\/sanaky.com.vn\/wp-content\/uploads\/2021\/11\/K3B_Vang_Inverter_dan_lanh__inverter-2048x1281.webp 2048w, https:\/\/sanaky.com.vn\/wp-content\/uploads\/2021\/11\/K3B_Vang_Inverter_dan_lanh__inverter-24x15.webp 24w, https:\/\/sanaky.com.vn\/wp-content\/uploads\/2021\/11\/K3B_Vang_Inverter_dan_lanh__inverter-48x30.webp 48w, https:\/\/sanaky.com.vn\/wp-content\/uploads\/2021\/11\/K3B_Vang_Inverter_dan_lanh__inverter-50x31.webp 50w, https:\/\/sanaky.com.vn\/wp-content\/uploads\/2021\/11\/K3B_Vang_Inverter_dan_lanh__inverter-564x353.webp 564w\" alt=\"\" width=\"2560\" height=\"1601\" \/><\/p>\n<p>&nbsp;<\/p>\n<h2><span id=\"NHIEU_TIEN_ICH_DI_KEM\">NHI\u1ec0U TI\u1ec6N \u00cdCH \u0110I K\u00c8M<\/span><\/h2>\n<p><strong>\u0110\u00e8n LED chi\u1ebfu s\u00e1ng gi\u00fap m\u00e0u s\u1eafc th\u1ef1c ph\u1ea9m trong t\u1ee7 th\u00eam h\u1ea5p d\u1eabn:<\/strong>\u00a0T\u1ee7 \u0111\u00f4ng Sanaky \u0111\u01b0\u1ee3c thi\u1ebft k\u1ebf v\u1edbi h\u1ec7 th\u1ed1ng \u0111\u00e8n LED trong th\u00e2n t\u1ee7, chi\u1ebfu s\u00e1ng to\u00e0n b\u1ed9 c\u00e1c g\u00f3c khu\u1ea5t gi\u00fap tr\u01b0ng b\u00e0y c\u00e1c s\u1ea3n ph\u1ea9m b\u1eaft m\u1eaft v\u00e0 thu h\u00fat.\u00a0H\u01a1n n\u1eefa, h\u1ec7 th\u1ed1ng \u0111\u00e8n LED c\u00f2n ti\u1ebft ki\u1ec7m \u0111i\u1ec7n n\u0103ng v\u00e0 c\u00f3 tu\u1ed5i th\u1ecd b\u1ec1n b\u1ec9 h\u01a1n nhi\u1ec1u l\u1ea7n so v\u1edbi c\u00e1c lo\u1ea1i \u0111\u00e8n hu\u1ef3nh quang, \u0111\u00e8n s\u1ee3i \u0111\u1ed1t,\u2026 mang l\u1ea1i gi\u00e1 tr\u1ecb s\u1eed d\u1ee5ng l\u00e2u d\u00e0i cho ng\u01b0\u1eddi s\u1eed d\u1ee5ng.<\/p>\n<p><strong>B\u1ea3ng \u0111i\u1ec1u khi\u1ec3n \u0111i\u1ec7n t\u1eed th\u1ebf h\u1ec7 m\u1edbi:<\/strong>\u00a0Ng\u01b0\u1eddi s\u1eed d\u1ee5ng gi\u1edd \u0111\u00e2y c\u00f3 th\u1ec3 d\u1ec5 d\u00e0ng \u0111i\u1ec1u ch\u1ec9nh nhi\u1ec7t \u0111\u1ed9 l\u00e0m \u0111\u00f4ng m\u1ed9t c\u00e1ch ch\u00ednh x\u00e1c theo \u00fd mu\u1ed1n c\u1ee7a m\u00ecnh.<\/p>\n<p><strong>Gi\u1ecf \u0111\u1ef1ng \u0111\u1ed3 ti\u1ec7n l\u1ee3i:<\/strong>\u00a0Gi\u1ecf \u0111\u1ef1ng \u0111\u1ed3 t\u00e1ch bi\u1ec7t c\u00f3 th\u1ec3 b\u1ecf ra khi kh\u00f4ng s\u1eed d\u1ee5ng.<\/p>\n<p><strong>C\u00e1nh k\u00ednh cong:\u00a0<\/strong>V\u00ec l\u00e0 m\u1ed9t thi\u1ebft b\u1ecb d\u00f9ng \u0111\u1ec3 tr\u01b0ng b\u00e0y n\u00ean t\u1ee7 \u0111\u00f4ng m\u1eb7t k\u00ednh th\u01b0\u1eddng c\u00f3 m\u1eabu m\u00e3 ki\u1ec3u d\u00e1ng \u0111\u1eb9p sang tr\u1ecdng g\u00f3p ph\u1ea7n l\u00e0m \u0111\u1eb9p th\u00eam m\u1ef9 quan c\u1ee7a qu\u00e1n.<\/p>\n<p><strong>B\u00e1nh xe d\u1ec5 d\u00e0ng di chuy\u1ec3n:<\/strong>\u00a0T\u1ee7 c\u00f3 trang b\u1ecb b\u00e1nh xe thu\u1eadn ti\u1ec7n cho vi\u1ec7c di chuy\u1ec3n t\u1ee7 v\u00ec t\u1ee7 \u0111\u00f4ng s\u1edf h\u1eefu tr\u1ecdng l\u01b0\u1ee3ng l\u1edbn, t\u1ee7 \u0111\u00f4ng g\u00e2y nhi\u1ec1u kh\u00f3 kh\u0103n khi v\u1eadn chuy\u1ec3n. Nh\u1edd t\u00edch h\u1ee3p b\u00e1nh xe b\u00ean d\u01b0\u1edbi t\u1ee7, ng\u01b0\u1eddi s\u1eed d\u1ee5ng s\u1ebd d\u1ec5 d\u00e0ng di chuy\u1ec3n t\u1ee7 m\u1ed9t c\u00e1ch thu\u1eadn ti\u1ec7n v\u00e0 an to\u00e0n h\u01a1n.<\/p>\n<p><strong>L\u00f2ng c\u00f4i t\u1ee7 ph\u1eb3ng:<\/strong>\u00a0L\u00f2ng c\u00f4i t\u1ee7 ph\u1eb3ng d\u1ec5 d\u00e0ng v\u1ec7 sinh, s\u1eafp x\u1ebfp t\u1ee7.<\/p>\n<p><a href=\"https:\/\/sanaky.com.vn\/wp-content\/uploads\/2021\/11\/Vang_Inverter_tien_ich-scaled.webp\"><img loading=\"lazy\" decoding=\"async\" class=\"alignnone size-full wp-image-32767\" src=\"https:\/\/sanaky.com.vn\/wp-content\/uploads\/2021\/11\/Vang_Inverter_tien_ich-scaled.webp\" sizes=\"auto, (max-width: 2560px) 100vw, 2560px\" srcset=\"https:\/\/sanaky.com.vn\/wp-content\/uploads\/2021\/11\/Vang_Inverter_tien_ich-scaled.webp 2560w, https:\/\/sanaky.com.vn\/wp-content\/uploads\/2021\/11\/Vang_Inverter_tien_ich-300x188.webp 300w, https:\/\/sanaky.com.vn\/wp-content\/uploads\/2021\/11\/Vang_Inverter_tien_ich-1024x640.webp 1024w, https:\/\/sanaky.com.vn\/wp-content\/uploads\/2021\/11\/Vang_Inverter_tien_ich-768x480.webp 768w, https:\/\/sanaky.com.vn\/wp-content\/uploads\/2021\/11\/Vang_Inverter_tien_ich-1536x961.webp 1536w, https:\/\/sanaky.com.vn\/wp-content\/uploads\/2021\/11\/Vang_Inverter_tien_ich-2048x1281.webp 2048w, https:\/\/sanaky.com.vn\/wp-content\/uploads\/2021\/11\/Vang_Inverter_tien_ich-24x15.webp 24w, https:\/\/sanaky.com.vn\/wp-content\/uploads\/2021\/11\/Vang_Inverter_tien_ich-48x30.webp 48w, https:\/\/sanaky.com.vn\/wp-content\/uploads\/2021\/11\/Vang_Inverter_tien_ich-50x31.webp 50w, https:\/\/sanaky.com.vn\/wp-content\/uploads\/2021\/11\/Vang_Inverter_tien_ich-564x353.webp 564w\" alt=\"\" width=\"2560\" height=\"1601\" \/><\/a><\/p>\n<p><em><strong><a href=\"https:\/\/dienmaynguyenkhang.vn\/?product=tu-dong-sanaky-inverter-vh-4899k3480-lit\">H\u01b0\u1edbng d\u1eabn s\u1eed d\u1ee5ng b\u1ea3ng \u0111i\u1ec1u khi\u1ec3n t\u1ee7 \u0111\u00f4ng xem t\u1ea1i \u0111\u00e2y.<\/a><\/strong><\/em><\/p>\n<p>&nbsp;<\/p>\n<p><img loading=\"lazy\" decoding=\"async\" class=\"alignnone size-full wp-image-32734\" src=\"https:\/\/sanaky.com.vn\/wp-content\/uploads\/2021\/11\/3899-4899K3B_demo.webp\" sizes=\"auto, (max-width: 2560px) 100vw, 2560px\" srcset=\"https:\/\/sanaky.com.vn\/wp-content\/uploads\/2021\/11\/3899-4899K3B_demo.webp 2560w, https:\/\/sanaky.com.vn\/wp-content\/uploads\/2021\/11\/3899-4899K3B_demo-300x188.webp 300w, https:\/\/sanaky.com.vn\/wp-content\/uploads\/2021\/11\/3899-4899K3B_demo-1024x640.webp 1024w, https:\/\/sanaky.com.vn\/wp-content\/uploads\/2021\/11\/3899-4899K3B_demo-768x480.webp 768w, https:\/\/sanaky.com.vn\/wp-content\/uploads\/2021\/11\/3899-4899K3B_demo-1536x961.webp 1536w, https:\/\/sanaky.com.vn\/wp-content\/uploads\/2021\/11\/3899-4899K3B_demo-2048x1281.webp 2048w, https:\/\/sanaky.com.vn\/wp-content\/uploads\/2021\/11\/3899-4899K3B_demo-24x15.webp 24w, https:\/\/sanaky.com.vn\/wp-content\/uploads\/2021\/11\/3899-4899K3B_demo-48x30.webp 48w, https:\/\/sanaky.com.vn\/wp-content\/uploads\/2021\/11\/3899-4899K3B_demo-50x31.webp 50w, https:\/\/sanaky.com.vn\/wp-content\/uploads\/2021\/11\/3899-4899K3B_demo-564x353.webp 564w\" alt=\"\" width=\"2560\" height=\"1601\" \/><\/p>\n<p>&nbsp;<\/p>\n<h2><span id=\"SANAKY_CHAT_LUONG_SAN_PHAM\">SANAKY CH\u1ea4T L\u01af\u1ee2NG S\u1ea2N PH\u1ea8M<\/span><\/h2>\n<h2><span id=\"KHANG_DINH_THUONG_HIEU\">KH\u1eb2NG \u0110\u1ecaNH TH\u01af\u01a0NG HI\u1ec6U<\/span><\/h2>\n","protected":false},"excerpt":{"rendered":"<p><img loading=\"lazy\" decoding=\"async\" class=\"alignnone size-medium wp-image-2094\" src=\"https:\/\/dienmaynguyenkhang.vn\/wp-content\/uploads\/2022\/08\/Screenshot-2023-04-07-124454-300x260.png\" alt=\"\" width=\"300\" height=\"260\" srcset=\"https:\/\/dienmaynguyenkhang.vn\/wp-content\/uploads\/2022\/08\/Screenshot-2023-04-07-124454-300x260.png 300w, https:\/\/dienmaynguyenkhang.vn\/wp-content\/uploads\/2022\/08\/Screenshot-2023-04-07-124454-510x442.png 510w, https:\/\/dienmaynguyenkhang.vn\/wp-content\/uploads\/2022\/08\/Screenshot-2023-04-07-124454.png 650w\" sizes=\"auto, (max-width: 300px) 100vw, 300px\" \/> <img loading=\"lazy\" decoding=\"async\" class=\"alignnone size-medium wp-image-2095\" src=\"https:\/\/dienmaynguyenkhang.vn\/wp-content\/uploads\/2022\/08\/Screenshot-2023-04-07-124534-300x218.png\" alt=\"\" width=\"300\" height=\"218\" srcset=\"https:\/\/dienmaynguyenkhang.vn\/wp-content\/uploads\/2022\/08\/Screenshot-2023-04-07-124534-300x218.png 300w, https:\/\/dienmaynguyenkhang.vn\/wp-content\/uploads\/2022\/08\/Screenshot-2023-04-07-124534-510x371.png 510w, https:\/\/dienmaynguyenkhang.vn\/wp-content\/uploads\/2022\/08\/Screenshot-2023-04-07-124534.png 650w\" sizes=\"auto, (max-width: 300px) 100vw, 300px\" \/><\/p>\n","protected":false},"featured_media":2095,"comment_status":"open","ping_status":"closed","template":"","meta":[],"class_list":{"0":"post-1531","1":"product","2":"type-product","3":"status-publish","4":"has-post-thumbnail","6":"product_cat-dong-kem-kinh","7":"product_cat-sanaky-tu-dong","8":"product_cat-tu-dong","10":"first","11":"instock","12":"sale","13":"shipping-taxable","14":"purchasable","15":"product-type-simple"},"_links":{"self":[{"href":"https:\/\/dienmaynguyenkhang.vn\/index.php?rest_route=\/wp\/v2\/product\/1531","targetHints":{"allow":["GET"]}}],"collection":[{"href":"https:\/\/dienmaynguyenkhang.vn\/index.php?rest_route=\/wp\/v2\/product"}],"about":[{"href":"https:\/\/dienmaynguyenkhang.vn\/index.php?rest_route=\/wp\/v2\/types\/product"}],"replies":[{"embeddable":true,"href":"https:\/\/dienmaynguyenkhang.vn\/index.php?rest_route=%2Fwp%2Fv2%2Fcomments&post=1531"}],"wp:featuredmedia":[{"embeddable":true,"href":"https:\/\/dienmaynguyenkhang.vn\/index.php?rest_route=\/wp\/v2\/media\/2095"}],"wp:attachment":[{"href":"https:\/\/dienmaynguyenkhang.vn\/index.php?rest_route=%2Fwp%2Fv2%2Fmedia&parent=1531"}],"curies":[{"name":"wp","href":"https:\/\/api.w.org\/{rel}","templated":true}]}}