{"id":1513,"date":"2022-08-29T21:57:06","date_gmt":"2022-08-29T14:57:06","guid":{"rendered":"https:\/\/dienmaynguyenkhang.vn\/?post_type=product&#038;p=1513"},"modified":"2025-10-20T17:15:32","modified_gmt":"2025-10-20T10:15:32","slug":"tu-dong-sanaky-vh-3899k-380-lit","status":"publish","type":"product","link":"https:\/\/dienmaynguyenkhang.vn\/?product=tu-dong-sanaky-vh-3899k-380-lit","title":{"rendered":"T\u1ee7 \u0111\u00f4ng Sanaky VH-3899K ( 380 l\u00edt)"},"content":{"rendered":"<div id=\"tab-additional_information\" class=\"row specifications\" role=\"tabpanel\" aria-labelledby=\"tab-title-additional_information\">\n<div class=\"snk-info-product-head\">\n<h3>T\u00cdNH N\u0102NG TH\u00d4NG S\u1ed0 K\u1ef8 THU\u1eacT<\/h3>\n<\/div>\n<div class=\"large-8 col\">\n<div class=\"img-tskt\"><img loading=\"lazy\" decoding=\"async\" class=\"attachment-full size-full lazyloaded\" src=\"https:\/\/sanakyvietnam.net\/wp-content\/uploads\/thiet-ke-tu-dong-kinh-lua-sanaky-vh-3899k.jpg\" sizes=\"auto, (max-width: 800px) 100vw, 800px\" srcset=\"https:\/\/sanakyvietnam.net\/wp-content\/uploads\/thiet-ke-tu-dong-kinh-lua-sanaky-vh-3899k.jpg 800w, https:\/\/sanakyvietnam.net\/wp-content\/uploads\/thiet-ke-tu-dong-kinh-lua-sanaky-vh-3899k-400x271.jpg 400w, https:\/\/sanakyvietnam.net\/wp-content\/uploads\/thiet-ke-tu-dong-kinh-lua-sanaky-vh-3899k-600x406.jpg 600w, https:\/\/sanakyvietnam.net\/wp-content\/uploads\/thiet-ke-tu-dong-kinh-lua-sanaky-vh-3899k-768x519.jpg 768w\" alt=\"\" width=\"800\" height=\"541\" data-ll-status=\"loaded\" \/><\/div>\n<\/div>\n<div class=\"large-4 col\">\n<div class=\"product_additional_content\">\n<h2 class=\"title_tabs\">Th\u00f4ng s\u1ed1 k\u1ef9 thu\u1eadt<\/h2>\n<table>\n<tbody>\n<tr>\n<td>Model<\/td>\n<td>VH-3899K<\/td>\n<\/tr>\n<tr>\n<td>Th\u01b0\u01a1ng hi\u1ec7u<\/td>\n<td><a href=\"https:\/\/dienmaynguyenkhang.vn\/?product=tu-dong-sanaky-vh-3899k-380-lit\">Sanaky<\/a><\/td>\n<\/tr>\n<tr>\n<td>Lo\u1ea1i<\/td>\n<td><a href=\"https:\/\/dienmaynguyenkhang.vn\/?product=tu-dong-sanaky-vh-3899k-380-lit\">T\u1ee7 \u0111\u00f4ng k\u00ednh l\u00f9a (T\u1ee7 kem)<\/a><\/td>\n<\/tr>\n<tr>\n<td>Ch\u1ea5t li\u1ec7u d\u00e0n l\u1ea1nh<\/td>\n<td>\u0110\u1ed3ng<\/td>\n<\/tr>\n<tr>\n<td>C\u00f4ng ngh\u1ec7 ti\u1ebft ki\u1ec7m \u0111i\u1ec7n<\/td>\n<td>Th\u01b0\u1eddng<\/td>\n<\/tr>\n<tr>\n<td>Nhi\u1ec7t \u0111\u1ed9 ng\u0103n \u0111\u00f4ng<\/td>\n<td>\u2264-18\u00b0C<\/td>\n<\/tr>\n<tr>\n<td>Ngu\u1ed3n \u0111i\u1ec7n<\/td>\n<td>220V\/50Hz<\/td>\n<\/tr>\n<tr>\n<td>C\u00f4ng su\u1ea5t<\/td>\n<td>191.7 (W)<\/td>\n<\/tr>\n<tr>\n<td>Dung t\u00edch<\/td>\n<td>380 l\u00edt \/260 l\u00edt<\/td>\n<\/tr>\n<tr>\n<td>K\u00edch th\u01b0\u1edbc<\/td>\n<td>1033 x 620 x 870 (mm)<\/td>\n<\/tr>\n<tr>\n<td>Tr\u1ecdng l\u01b0\u1ee3ng<\/td>\n<td>51 (kg)<\/td>\n<\/tr>\n<tr>\n<td>M\u00f4i ch\u1ea5t l\u1ea1nh<\/td>\n<td>R600a<\/td>\n<\/tr>\n<tr>\n<td>B\u1ea3o h\u00e0nh<\/td>\n<td>24 th\u00e1ng<\/td>\n<\/tr>\n<\/tbody>\n<\/table>\n<\/div>\n<p><a class=\"open_additional_popup\" data-src=\"#additional_popup\" data-fancybox=\"\" data-options=\"{&quot;touch&quot; : false}\">XEM CHI TI\u1ebeT TH\u00d4NG S\u1ed0 K\u1ef8 THU\u1eacT<\/a><\/p>\n<div><\/div>\n<\/div>\n<\/div>\n<div class=\"content_description\">\n<div class=\"woocommerce-tabs wc-tabs-wrapper container tabbed-content\">\n<ul class=\"snk-info-product-head tabs wc-tabs product-tabs small-nav-collapse nav nav-uppercase nav-line-grow nav-left\" role=\"tablist\">\n<li id=\"tab-title-description\" class=\"description_tab active\" role=\"tab\" aria-controls=\"tab-description\"><a href=\"https:\/\/dienmaynguyenkhang.vn\/?product=tu-dong-sanaky-vh-3899k-380-lit\"><i class=\"fa fa-caret-right\"><\/i>M\u00d4 T\u1ea2 S\u1ea2N PH\u1ea8M<\/a><\/li>\n<\/ul>\n<div class=\"tab-panels\">\n<div id=\"tab-description\" class=\"woocommerce-Tabs-panel woocommerce-Tabs-panel--description panel entry-content active\" role=\"tabpanel\" aria-labelledby=\"tab-title-description\">\n<h2>T\u1ee7 \u0111\u00f4ng Sanaky VH-3899K dung t\u00edch 380 l\u00edt<\/h2>\n<p><a href=\"https:\/\/dienmaynguyenkhang.vn\/?product=tu-dong-sanaky-vh-3899k-380-lit\" data-cke-saved-href=\"https:\/\/sanakyvietnam.net\/tu-dong-sanaky-vh-3899k\/\"><strong>T\u1ee7 \u0111\u00f4ng Sanaky VH-3899K<\/strong><\/a>\u00a0thu\u1ed9c d\u00f2ng t\u1ee7\u00a0\u0111\u00f4ng tr\u01b0ng b\u00e0y (hay t\u1ee7 kem) c\u1ee7a h\u00e3ng Sanaky.\u00a0Thi\u1ebft k\u1ebf d\u1ea1ng t\u1ee7 ngang, 2 c\u00e1nh k\u00ednh cong l\u00f9a, dung t\u00edch t\u1ed5ng th\u1ec3 l\u00e0 380 l\u00edt. S\u1ea3n ph\u1ea9m\u00a0ph\u00f9 h\u1ee3p v\u1edbi c\u00e1c ti\u1ec7m t\u1ea1p h\u00f3a, qu\u00e1n n\u01b0\u1edbc gia \u0111\u00ecnh hay si\u00eau th\u1ecb v\u1edbi nhu c\u1ea7u b\u1ea3o qu\u1ea3n v\u00e0 tr\u01b0ng b\u00e0y.<\/p>\n<p><img loading=\"lazy\" decoding=\"async\" class=\"aligncenter wp-image-10955 size-full lazyloaded\" src=\"https:\/\/sanakyvietnam.net\/wp-content\/uploads\/tu-dong-kinh-cong-sanaky-vh-3899k.jpg\" sizes=\"auto, (max-width: 800px) 100vw, 800px\" srcset=\"https:\/\/sanakyvietnam.net\/wp-content\/uploads\/tu-dong-kinh-cong-sanaky-vh-3899k.jpg 800w, https:\/\/sanakyvietnam.net\/wp-content\/uploads\/tu-dong-kinh-cong-sanaky-vh-3899k-400x175.jpg 400w, https:\/\/sanakyvietnam.net\/wp-content\/uploads\/tu-dong-kinh-cong-sanaky-vh-3899k-600x262.jpg 600w, https:\/\/sanakyvietnam.net\/wp-content\/uploads\/tu-dong-kinh-cong-sanaky-vh-3899k-768x335.jpg 768w\" alt=\"\" width=\"800\" height=\"349\" data-ll-status=\"loaded\" \/><\/p>\n<h3>\u0110\u1eb7c \u0111i\u1ec3m n\u1ed5i b\u1eadt<\/h3>\n<p>\u2013 VH-3899K\u00a0c\u00f3 thi\u1ebft k\u1ebf 2 c\u1eeda k\u00ednh m\u1edf ki\u1ec3u l\u00f9a, v\u1edbi k\u00ednh l\u00e0m b\u1eb1ng ch\u1ea5t li\u1ec7u ch\u1ecbu l\u1ef1c, c\u00e1ch nhi\u1ec7t t\u1ed1t. H\u01a1n n\u1eefa m\u1eb7t k\u00ednh\u00a0\u0111\u01b0\u1ee3c l\u00e0m cong gi\u00fap kh\u00e1ch h\u00e0ng c\u00f3 th\u1ec3 d\u1ec5 d\u00e0ng quan s\u00e1t\u00a0\u0111\u01b0\u1ee3c th\u1ef1c ph\u1ea9m b\u00ean trong m\u00e0 kh\u00f4ng c\u1ea7n ph\u1ea3i m\u1edf t\u1ee7.<\/p>\n<p>\u2013\u00a0T\u1ee7 c\u00f3 k\u00edch th\u01b0\u1edbc\u00a0nh\u1ecf g\u1ecdn, ti\u1ebft ki\u1ec7m kh\u00f4ng gian. Dung t\u00edch th\u1ef1c\u00a0c\u1ee7a t\u1ee7 l\u00e0 260 l\u00edt\u00a0\u0111\u00e1p\u00a0\u1ee9ng\u00a0\u0111\u01b0\u1ee3c nh\u01b0 c\u1ea7u b\u1ea3o qu\u1ea3n v\u00e0 tr\u01b0ng b\u00e0y th\u1ef1c ph\u1ea9m v\u1edbi s\u1ed1 l\u01b0\u1ee3ng th\u1ea5p.<\/p>\n<p>\u2013 Th\u00e2n\u00a0<a href=\"https:\/\/dienmaynguyenkhang.vn\/?product=tu-dong-sanaky-vh-3899k-380-lit\">t\u1ee7 \u0111\u00f4ng<\/a>\u00a0l\u00e0m b\u1eb1ng ch\u1ea5t li\u1ec7u nh\u1ef1a ABS c\u00f3 t\u00ednh d\u1ebbo dai, ch\u1ed1ng va \u0111\u1eadp t\u1ed1t, \u0111\u1ed9 b\u1ec1n cao. L\u1edbp th\u00e0nh t\u1ee7 d\u00e0y gi\u1eef nhi\u1ec7t t\u1ed1t. L\u00f2ng t\u1ee7 ph\u1eb3ng, \u0111\u00e1y t\u1ee7 c\u00f3 l\u1ed7 tho\u00e1t n\u01b0\u1edbc r\u1ea5t ti\u1ec7n l\u1ee3i cho vi\u1ec7c lau ch\u00f9i v\u1ec7 v\u1ec7 sinh t\u1ee7.<\/p>\n<p>\u2013 T\u1ee7 s\u1eed d\u1ee5ng d\u00e0n l\u1ea1nh b\u1eb1ng\u00a0\u0111\u1ed3ng cho\u00a0hi\u1ec7u xu\u1ea5t d\u1eabn kh\u00ed t\u1ed1t v\u00e0 l\u00e0m l\u1ea1nh\u00a0nhanh. K\u1ebft h\u1ee3p v\u1edbi qu\u1ea1t\u00a0\u0111\u1ea3o nhi\u1ec7t h\u01a1i l\u1ea1nh s\u1ebd t\u1ecfa\u00a0\u0111\u1ec1u v\u00e0\u00a0\u1ed5n\u00a0\u0111\u1ecbnh kh\u1eafp ng\u00f5 ng\u00e1ch b\u00ean trong t\u1ee7.<\/p>\n<p>\u2013 Nhi\u1ec7t\u00a0\u0111\u1ed9 l\u00e0m l\u1ea1nh c\u1ee7a t\u1ee7 t\u1eeb 0<sup>o<\/sup>C\u00a0\u0111\u1ebfn -18<sup>o<\/sup>C.<\/p>\n<p>\u2013 B\u1ea3ng\u00a0\u0111i\u1ec1u khi\u1ec3n nhi\u1ec7t\u00a0\u0111\u1ed9 n\u1eb1m ngo\u00e0i th\u00e2n t\u1ee7.<\/p>\n<p>\u2013 B\u00ean trong t\u1ee7\u00a0\u0111\u01b0\u1ee3c chi\u1ebfu s\u00e1ng v\u1edbi\u00a0\u0111\u00e8n LED s\u1eed d\u1ee5ng c\u00f4ng ngh\u1ec7 ti\u1ebft ki\u1ec7m\u00a0\u0111i\u1ec7n.<\/p>\n<p>\u2013 Block (m\u00e1y n\u00e9n) c\u1ee7a th\u01b0\u01a1ng hi\u1ec7u\u00a0Panasonic\u00a0ho\u1ea1t \u0111\u1ed9ng r\u1ea5t \u00eam \u00e1i, kh\u00f4ng g\u00e2y ti\u1ebfng\u00a0\u1ed3n,\u00a0b\u1ec1n b\u1ec9 v\u00e0 c\u00f3\u00a0tu\u1ed5i th\u1ecd cao.<\/p>\n<p>\u2013 Ch\u00e2n t\u1ee7\u00a0\u0111\u01b0\u1ee3c trang b\u1ecb 4 b\u00e1nh xe ch\u1ecbu l\u1ef1c gi\u00fap vi\u1ec7c di chuy\u1ec3n t\u1ee7\u00a0d\u1ec5 d\u00e0ng h\u01a1n.<\/p>\n<p>\u2013\u00a0<a href=\"https:\/\/dienmaynguyenkhang.vn\/?product=tu-dong-sanaky-vh-3899k-380-lit\">Gas l\u00e0m l\u1ea1nh<\/a>\u00a0s\u1eed d\u1ee5ng cho t\u1ee7\u00a0l\u00e0\u00a0gas R600a th\u00e2n thi\u1ec7n v\u1edbi m\u00f4i tr\u01b0\u1eddng.<\/p>\n<\/div>\n<\/div>\n<\/div>\n<\/div>\n","protected":false},"excerpt":{"rendered":"<p><img loading=\"lazy\" decoding=\"async\" class=\"alignnone size-medium wp-image-1514\" src=\"https:\/\/dienmaynguyenkhang.vn\/wp-content\/uploads\/2022\/08\/67658025sanaky-vh-3899-01-300x208.jpg\" alt=\"\" width=\"300\" height=\"208\" srcset=\"https:\/\/dienmaynguyenkhang.vn\/wp-content\/uploads\/2022\/08\/67658025sanaky-vh-3899-01-300x208.jpg 300w, https:\/\/dienmaynguyenkhang.vn\/wp-content\/uploads\/2022\/08\/67658025sanaky-vh-3899-01-1024x711.jpg 1024w, https:\/\/dienmaynguyenkhang.vn\/wp-content\/uploads\/2022\/08\/67658025sanaky-vh-3899-01-768x533.jpg 768w, https:\/\/dienmaynguyenkhang.vn\/wp-content\/uploads\/2022\/08\/67658025sanaky-vh-3899-01-1536x1066.jpg 1536w, https:\/\/dienmaynguyenkhang.vn\/wp-content\/uploads\/2022\/08\/67658025sanaky-vh-3899-01-510x354.jpg 510w, https:\/\/dienmaynguyenkhang.vn\/wp-content\/uploads\/2022\/08\/67658025sanaky-vh-3899-01.jpg 2000w\" sizes=\"auto, (max-width: 300px) 100vw, 300px\" \/><\/p>\n","protected":false},"featured_media":1514,"comment_status":"open","ping_status":"closed","template":"","meta":[],"class_list":{"0":"post-1513","1":"product","2":"type-product","3":"status-publish","4":"has-post-thumbnail","6":"product_cat-dong-kem-kinh","7":"product_cat-sanaky-tu-dong","8":"product_cat-tu-dong","10":"first","11":"instock","12":"sale","13":"shipping-taxable","14":"purchasable","15":"product-type-simple"},"_links":{"self":[{"href":"https:\/\/dienmaynguyenkhang.vn\/index.php?rest_route=\/wp\/v2\/product\/1513","targetHints":{"allow":["GET"]}}],"collection":[{"href":"https:\/\/dienmaynguyenkhang.vn\/index.php?rest_route=\/wp\/v2\/product"}],"about":[{"href":"https:\/\/dienmaynguyenkhang.vn\/index.php?rest_route=\/wp\/v2\/types\/product"}],"replies":[{"embeddable":true,"href":"https:\/\/dienmaynguyenkhang.vn\/index.php?rest_route=%2Fwp%2Fv2%2Fcomments&post=1513"}],"wp:featuredmedia":[{"embeddable":true,"href":"https:\/\/dienmaynguyenkhang.vn\/index.php?rest_route=\/wp\/v2\/media\/1514"}],"wp:attachment":[{"href":"https:\/\/dienmaynguyenkhang.vn\/index.php?rest_route=%2Fwp%2Fv2%2Fmedia&parent=1513"}],"curies":[{"name":"wp","href":"https:\/\/api.w.org\/{rel}","templated":true}]}}