{"id":1486,"date":"2022-08-28T12:51:18","date_gmt":"2022-08-28T05:51:18","guid":{"rendered":"https:\/\/dienmaynguyenkhang.vn\/?post_type=product&#038;p=1486"},"modified":"2025-10-20T17:26:13","modified_gmt":"2025-10-20T10:26:13","slug":"tu-dong-sanaky-vh-405w2-400-lit","status":"publish","type":"product","link":"https:\/\/dienmaynguyenkhang.vn\/?product=tu-dong-sanaky-vh-405w2-400-lit","title":{"rendered":"T\u1ee7 \u0111\u00f4ng Sanaky VH-405W2 (400 l\u00edt)"},"content":{"rendered":"<div id=\"tab-additional_information\" class=\"row specifications\" role=\"tabpanel\" aria-labelledby=\"tab-title-additional_information\">\n<div class=\"snk-info-product-head\">\n<h3>T\u00cdNH N\u0102NG TH\u00d4NG S\u1ed0 K\u1ef8 THU\u1eacT<\/h3>\n<\/div>\n<div class=\"large-8 col\">\n<div class=\"img-tskt\"><img loading=\"lazy\" decoding=\"async\" class=\"attachment-full size-full lazyloaded\" src=\"https:\/\/sanakyvietnam.net\/wp-content\/uploads\/thong-so-ki-thuat-5.jpg\" sizes=\"auto, (max-width: 800px) 100vw, 800px\" srcset=\"https:\/\/sanakyvietnam.net\/wp-content\/uploads\/thong-so-ki-thuat-5.jpg 800w, https:\/\/sanakyvietnam.net\/wp-content\/uploads\/thong-so-ki-thuat-5-400x271.jpg 400w, https:\/\/sanakyvietnam.net\/wp-content\/uploads\/thong-so-ki-thuat-5-600x406.jpg 600w, https:\/\/sanakyvietnam.net\/wp-content\/uploads\/thong-so-ki-thuat-5-768x519.jpg 768w\" alt=\"\" width=\"800\" height=\"541\" data-ll-status=\"loaded\" \/><\/div>\n<\/div>\n<div class=\"large-4 col\">\n<div class=\"product_additional_content\">\n<h2 class=\"title_tabs\">Th\u00f4ng s\u1ed1 k\u1ef9 thu\u1eadt<\/h2>\n<table>\n<tbody>\n<tr>\n<td><strong>Model<\/strong><\/td>\n<td><strong>VH-405W2<\/strong><\/td>\n<\/tr>\n<tr>\n<td>H\u00e3ng s\u1ea3n xu\u1ea5t<\/td>\n<td><a href=\"https:\/\/dienmaynguyenkhang.vn\/?product=tu-dong-sanaky-vh-405w2-400-lit\"><strong>SANAKY<\/strong><\/a><\/td>\n<\/tr>\n<tr>\n<td>Xu\u1ea5t x\u1ee9<\/td>\n<td><a href=\"https:\/\/dienmaynguyenkhang.vn\/?product=tu-dong-sanaky-vh-405w2-400-lit\">T\u1ee7 \u0111\u00f4ng 2 ng\u0103n 2 c\u00e1nh d\u00e0n nh\u00f4m<\/a><\/td>\n<\/tr>\n<tr>\n<td>B\u1ea3o h\u00e0nh<\/td>\n<td>24 th\u00e1ng<\/td>\n<\/tr>\n<tr>\n<td>C\u00f4ng su\u1ea5t<\/td>\n<td>136W<\/td>\n<\/tr>\n<tr>\n<td>Dung t\u00edch t\u1ed5ng th\u1ec3 \/ Dung t\u00edch s\u1eed d\u1ee5ng<\/td>\n<td>400 l\u00edt \/ 280 l\u00edt<\/td>\n<\/tr>\n<tr>\n<td>D\u00e0n l\u1ea1nh<\/td>\n<td>B\u1eb1ng nh\u00f4m<\/td>\n<\/tr>\n<tr>\n<td>Nhi\u1ec7t \u0111\u1ed9 ng\u0103n \u0111\u00f4ng<\/td>\n<td>\u2264-18\u2103<\/td>\n<\/tr>\n<tr>\n<td>Nhi\u1ec7t \u0111\u1ed9 ng\u0103n m\u00e1t<\/td>\n<td>0\uff5e10\u2103<\/td>\n<\/tr>\n<tr>\n<td>\u0110i\u1ec7n \u00e1p<\/td>\n<td>220V\/50Hz<\/td>\n<\/tr>\n<tr>\n<td>K\u00edch th\u01b0\u1edbc t\u1ee7 ( D x R x C ) mm<\/td>\n<td>1329 x 620 x 845 mm<\/td>\n<\/tr>\n<tr>\n<td>Kh\u00ed gas<\/td>\n<td><strong>R600<\/strong><\/td>\n<\/tr>\n<\/tbody>\n<\/table>\n<\/div>\n<p><a class=\"open_additional_popup\" data-src=\"#additional_popup\" data-fancybox=\"\" data-options=\"{&quot;touch&quot; : false}\">XEM CHI TI\u1ebeT TH\u00d4NG S\u1ed0 K\u1ef8 THU\u1eacT<\/a><\/p>\n<div><\/div>\n<\/div>\n<\/div>\n<div class=\"content_description\">\n<div class=\"woocommerce-tabs wc-tabs-wrapper container tabbed-content\">\n<ul class=\"snk-info-product-head tabs wc-tabs product-tabs small-nav-collapse nav nav-uppercase nav-line-grow nav-left\" role=\"tablist\">\n<li id=\"tab-title-description\" class=\"description_tab active\" role=\"tab\" aria-controls=\"tab-description\"><a href=\"https:\/\/dienmaynguyenkhang.vn\/?product=tu-dong-sanaky-vh-405w2-400-lit\"><i class=\"fa fa-caret-right\"><\/i>M\u00d4 T\u1ea2 S\u1ea2N PH\u1ea8M<\/a><\/li>\n<\/ul>\n<div class=\"tab-panels\">\n<div id=\"tab-description\" class=\"woocommerce-Tabs-panel woocommerce-Tabs-panel--description panel entry-content active\" role=\"tabpanel\" aria-labelledby=\"tab-title-description\">\n<h2>T\u1ee7 \u0111\u00f4ng Sanaky VH-405W2 dung t\u00edch 400 l\u00edt<strong><br \/>\n<\/strong><\/h2>\n<p><a href=\"https:\/\/dienmaynguyenkhang.vn\/?product=tu-dong-sanaky-vh-405w2-400-lit\"><strong>T\u1ee7 \u0111\u00f4ng Sanaky VH 405W2<\/strong><\/a>\u00a0thu\u1ed9c d\u00f2ng t\u1ee7\u00a0\u0111\u00f4ng\u00a02 ng\u0103n (g\u1ed3m 1 ng\u0103n \u0111\u00f4ng v\u00e0 1 ng\u0103n m\u00e1t) hay c\u00f2n g\u1ecdi l\u00e0 t\u1ee7\u00a0\u0111\u00f4ng m\u00e1t. S\u1ea3n ph\u1ea9m\u00a0\u0111\u00e1p \u1ee9ng t\u1ed1t\u00a0\u0111\u01b0\u1ee3c\u00a0nhu c\u1ea7u v\u1eeba\u00a0tr\u1eef \u0111\u00f4ng th\u1ecbt, c\u00e1\u2026\u00a0v\u1eeba b\u1ea3o qu\u1ea3n m\u00e1t\u00a0rau, c\u1ee7 qu\u1ea3,\u00a0\u0111\u1ed3 u\u1ed1ng\u2026\u00a0c\u1ee7a\u00a0c\u00e1c c\u1eeda h\u00e0ng b\u00e1ch h\u00f3a, si\u00eau th\u1ecb, nh\u00e0 h\u00e0ng hay qu\u00e1n \u0103n mong mu\u1ed1n 1 s\u1ea3n ph\u1ea9m t\u1ee7\u00a0\u0111\u00f4ng 2 trong 1.<\/p>\n<p><img loading=\"lazy\" decoding=\"async\" class=\"aligncenter wp-image-10841 lazyloaded\" src=\"https:\/\/sanakyvietnam.net\/wp-content\/uploads\/tinh-nang-noi-bat-tu-dong-sanaky-vh-400w-600x333.jpg\" sizes=\"auto, (max-width: 800px) 100vw, 800px\" srcset=\"https:\/\/sanakyvietnam.net\/wp-content\/uploads\/tinh-nang-noi-bat-tu-dong-sanaky-vh-400w-600x333.jpg 600w, https:\/\/sanakyvietnam.net\/wp-content\/uploads\/tinh-nang-noi-bat-tu-dong-sanaky-vh-400w-400x222.jpg 400w, https:\/\/sanakyvietnam.net\/wp-content\/uploads\/tinh-nang-noi-bat-tu-dong-sanaky-vh-400w-768x426.jpg 768w, https:\/\/sanakyvietnam.net\/wp-content\/uploads\/tinh-nang-noi-bat-tu-dong-sanaky-vh-400w.jpg 780w\" alt=\"\" width=\"800\" height=\"444\" data-ll-status=\"loaded\" \/><\/p>\n<h3>\u0110\u1eb7c \u0111i\u1ec3m n\u1ed5i b\u1eadt<\/h3>\n<p>T\u1ee7\u00a0\u0111\u00f4ng m\u00e1t c\u00f3 thi\u1ebft k\u1ebf 2 ng\u0103n v\u00e0 2 c\u00e1nh m\u1edf ki\u1ec3u vali\u00a0\u1edf\u00a0m\u1ed7i ng\u0103n r\u1ea5t ti\u1ec7n l\u01a1i.\u00a0B\u1ea1n c\u00f3 th\u1ec3 d\u1ec5 d\u00e0ng nh\u1eadn bi\u1ebft ng\u0103n n\u00e0o l\u00e0 ng\u0103n\u00a0\u0111\u00f4ng v\u00e0 ng\u0103n n\u00e0o l\u00e0 ng\u0103n m\u00e1t v\u1edbi k\u00fd hi\u1ec7u ngay d\u01b0\u1edbi th\u00e2n t\u1ee7.<\/p>\n<p>T\u1ee7 s\u1eed d\u1ee5ng d\u00e0n l\u1ea1nh b\u1eb1ng nh\u00f4m cho kh\u1ea3 n\u0103ng l\u00e0m l\u1ea1nh \u1ed5n \u0111\u1ecbnh, k\u1ebft h\u1ee3p qu\u1ea1t l\u1ed3ng s\u00f3c h\u01a1i l\u1ea1nh s\u00e2u v\u00e0 t\u1ecfa \u0111\u1ec1u kh\u1eafp b\u00ean trong t\u1ee7.<\/p>\n<p><a href=\"https:\/\/dienmaynguyenkhang.vn\/?product=tu-dong-sanaky-vh-405w2-400-lit\">T\u1ee7 b\u1ea3o qu\u1ea3n \u0111\u00f4ng c\u1ee7a\u00a0Sanaky<\/a>\u00a0\u0111\u01b0\u1ee3c s\u1ea3n xu\u1ea5t theo d\u00e2y chuy\u1ec1n c\u00f4ng ngh\u1ec7 Nh\u1eadt B\u1ea3n v\u1eadn h\u00e0nh \u00eam \u00e1i v\u00e0 c\u00f3 \u0111\u1ed9 b\u1ec1n cao.<\/p>\n<p>T\u1ee7 c\u00f3 dung t\u00edch t\u1ed5ng th\u1ec3 l\u00e0 400 l\u00edt, dung t\u00edch s\u1eed d\u1ee5ng l\u00e0 280 l\u00edt ph\u00f9 h\u1ee3p v\u1edbi qu\u00e1n \u0103n c\u00f3 nhu b\u1ea3o qu\u1ea3n \u0111a d\u1ea1ng c\u00e1c lo\u1ea1i th\u1ef1c ph\u1ea9m th\u1ecbt, c\u00e1, rau, c\u1ee7, qu\u1ea3\u2026<\/p>\n<p>Ng\u0103n t\u1ee7 VH-405W2 \u0111\u01b0\u1ee3c l\u00e0m b\u1eb1ng ch\u1ea5t li\u1ec7u nh\u1ef1a ABS cao c\u1ea5p c\u00f3 t\u00ednh d\u1ebbo dai v\u00e0 ch\u1ecbu l\u1ef1c t\u1ed1t, \u0111\u00e1p \u1ee9ng ti\u00eau ch\u00ed cao v\u1ec1 \u0111\u1ed9 b\u1ec1n v\u00e0 t\u00ednh an to\u00e0n.<\/p>\n<p>Ch\u00e2n t\u1ee7 \u0111\u01b0\u1ee3c thi\u1ebft k\u1ebf 4 b\u00e1nh xe ch\u1ecbu l\u1ef1c r\u1ea5t ti\u1ec7n l\u1ee3i cho vi\u1ec7c di chuy\u1ec3n t\u1ee7.<\/p>\n<p>T\u1ee7 s\u1eed d\u1ee5ng\u00a0<a href=\"https:\/\/dienmaynguyenkhang.vn\/?product=tu-dong-sanaky-vh-405w2-400-lit\">gas l\u00e0m l\u1ea1nh<\/a>\u00a0l\u00e0 R600a th\u00e2n thi\u1ec7n v\u1edbi m\u00f4i tr\u01b0\u1eddng v\u00e0 an to\u00e0n cho s\u1ee9c kh\u1ecfe ng\u01b0\u1eddi ti\u00eau d\u00f9ng.<\/p>\n<h3>L\u01b0u \u00fd khi s\u1eed d\u1ee5ng<\/h3>\n<p>\u2013 Tay b\u1ea1n ph\u1ea3i th\u1eadt s\u1ea1ch (kh\u00f4ng d\u00ednh d\u1ea7u m\u1ee1).<br \/>\n\u2013 \u0110\u1eb7t t\u1ee7 n\u01a1i kh\u00f4 r\u00e1o, \u00edt b\u1ee5i v\u00e0 tho\u00e1ng gi\u00f3 \u0111\u1ea3m b\u1ea3o th\u1ed1ng tho\u00e1ng phia sau. \u0110\u1eb7t c\u00e1ch t\u01b0\u1eddng t\u1ed1i thi\u1ec3u 10 cm \u0111\u1ec3 \u0111\u1ea3m b\u1ea3o l\u01b0u kh\u00f4ng l\u00e0m m\u00e1t d\u00e0n.<br \/>\n\u2013 Kh\u00f4ng d\u00f9ng gi\u1ea5y v\u1ea3i, ph\u1ee7 k\u00edn d\u00e0n ng\u01b0ng d\u00e0n n\u00f3ng.<br \/>\n\u2013 C\u00e1c ch\u1ea5t l\u1ecfng b\u1ea3o qu\u1ea3n trong h\u1ed9p c\u00f3 n\u1eafp \u0111\u1eady k\u00edn \u0111\u1ec3 ch\u1ed1ng bay h\u01a1i l\u00e0m t\u0103ng nhanh l\u1edbp tuy\u1ebft b\u00e1m tr\u00ean d\u00e0n l\u1ea1nh. Kh\u00f4ng \u0111\u1ec3 trong t\u1ee7 c\u00e1c ch\u1ea5t axit \u2013 bazo gay \u0103n m\u00f2n t\u1ee7 (\u0111\u1eb7c bi\u1ec7t c\u00e1c ch\u1ea5t chay n\u1ed5).<br \/>\n\u2013 Khi m\u1edf c\u1ee7a t\u1ee7 kh\u00f4ng \u0111\u1ec3 lu\u1ed1ng gi\u00f3 qu\u1ea1t th\u1ed1c th\u1eb3ng v\u00e0o s\u1ebd l\u00e0m t\u1ee7 qu\u00e1 t\u1ea3i, t\u1ed1n \u0111i\u1ec7n.<\/p>\n<\/div>\n<\/div>\n<\/div>\n<\/div>\n","protected":false},"excerpt":{"rendered":"<p>T\u00cdNH N\u0102NG TH\u00d4NG S\u1ed0 K\u1ef8 THU\u1eacT Th\u00f4ng s\u1ed1 k\u1ef9 thu\u1eadt Model VH-405W2 H\u00e3ng s\u1ea3n xu\u1ea5t SANAKY Xu\u1ea5t x\u1ee9 T\u1ee7 \u0111\u00f4ng 2 ng\u0103n 2 c\u00e1nh d\u00e0n nh\u00f4m B\u1ea3o h\u00e0nh 24 th\u00e1ng C\u00f4ng su\u1ea5t 136W Dung t\u00edch t\u1ed5ng th\u1ec3 \/ Dung t\u00edch s\u1eed d\u1ee5ng 400 l\u00edt \/ 280 l\u00edt D\u00e0n l\u1ea1nh B\u1eb1ng nh\u00f4m Nhi\u1ec7t \u0111\u1ed9 ng\u0103n \u0111\u00f4ng&#8230;<\/p>\n","protected":false},"featured_media":1487,"comment_status":"open","ping_status":"closed","template":"","meta":[],"class_list":{"0":"post-1486","1":"product","2":"type-product","3":"status-publish","4":"has-post-thumbnail","6":"product_cat-dong-mat","7":"product_cat-sanaky-tu-dong","8":"product_cat-tu-dong","10":"first","11":"instock","12":"sale","13":"shipping-taxable","14":"purchasable","15":"product-type-simple"},"_links":{"self":[{"href":"https:\/\/dienmaynguyenkhang.vn\/index.php?rest_route=\/wp\/v2\/product\/1486","targetHints":{"allow":["GET"]}}],"collection":[{"href":"https:\/\/dienmaynguyenkhang.vn\/index.php?rest_route=\/wp\/v2\/product"}],"about":[{"href":"https:\/\/dienmaynguyenkhang.vn\/index.php?rest_route=\/wp\/v2\/types\/product"}],"replies":[{"embeddable":true,"href":"https:\/\/dienmaynguyenkhang.vn\/index.php?rest_route=%2Fwp%2Fv2%2Fcomments&post=1486"}],"wp:featuredmedia":[{"embeddable":true,"href":"https:\/\/dienmaynguyenkhang.vn\/index.php?rest_route=\/wp\/v2\/media\/1487"}],"wp:attachment":[{"href":"https:\/\/dienmaynguyenkhang.vn\/index.php?rest_route=%2Fwp%2Fv2%2Fmedia&parent=1486"}],"curies":[{"name":"wp","href":"https:\/\/api.w.org\/{rel}","templated":true}]}}