{"id":1484,"date":"2022-08-28T12:21:10","date_gmt":"2022-08-28T05:21:10","guid":{"rendered":"https:\/\/dienmaynguyenkhang.vn\/?post_type=product&#038;p=1484"},"modified":"2025-10-20T17:26:50","modified_gmt":"2025-10-20T10:26:50","slug":"tu-dong-sanaky-vh-365w2-360-lit","status":"publish","type":"product","link":"https:\/\/dienmaynguyenkhang.vn\/?product=tu-dong-sanaky-vh-365w2-360-lit","title":{"rendered":"T\u1ee7 \u0111\u00f4ng Sanaky VH-365W2 (360 l\u00edt)"},"content":{"rendered":"<div id=\"tab-additional_information\" class=\"row specifications\" role=\"tabpanel\" aria-labelledby=\"tab-title-additional_information\">\n<div class=\"snk-info-product-head\">\n<h3>T\u00cdNH N\u0102NG TH\u00d4NG S\u1ed0 K\u1ef8 THU\u1eacT<\/h3>\n<\/div>\n<div class=\"large-8 col\">\n<div class=\"img-tskt\"><img loading=\"lazy\" decoding=\"async\" class=\"attachment-full size-full lazyloaded\" src=\"https:\/\/sanakyvietnam.net\/wp-content\/uploads\/thong-so-ki-thuat-tu-dong-sanaky-2-ngan-2-canh-dan-nhom.jpg\" sizes=\"auto, (max-width: 800px) 100vw, 800px\" srcset=\"https:\/\/sanakyvietnam.net\/wp-content\/uploads\/thong-so-ki-thuat-tu-dong-sanaky-2-ngan-2-canh-dan-nhom.jpg 800w, https:\/\/sanakyvietnam.net\/wp-content\/uploads\/thong-so-ki-thuat-tu-dong-sanaky-2-ngan-2-canh-dan-nhom-400x271.jpg 400w, https:\/\/sanakyvietnam.net\/wp-content\/uploads\/thong-so-ki-thuat-tu-dong-sanaky-2-ngan-2-canh-dan-nhom-600x406.jpg 600w, https:\/\/sanakyvietnam.net\/wp-content\/uploads\/thong-so-ki-thuat-tu-dong-sanaky-2-ngan-2-canh-dan-nhom-768x519.jpg 768w\" alt=\"\" width=\"800\" height=\"541\" data-ll-status=\"loaded\" \/><\/div>\n<\/div>\n<div class=\"large-4 col\">\n<div class=\"product_additional_content\">\n<h2 class=\"title_tabs\">Th\u00f4ng s\u1ed1 k\u1ef9 thu\u1eadt<\/h2>\n<table>\n<tbody>\n<tr>\n<td>Model<\/td>\n<td>VH-365W2<\/td>\n<\/tr>\n<tr>\n<td>H\u00e3ng s\u1ea3n xu\u1ea5t<\/td>\n<td><a href=\"https:\/\/dienmaynguyenkhang.vn\/?product=tu-dong-sanaky-vh-365w2-360-lit\">Sanaky<\/a><\/td>\n<\/tr>\n<tr>\n<td>Lo\u1ea1i<\/td>\n<td><a href=\"https:\/\/dienmaynguyenkhang.vn\/?product=tu-dong-sanaky-vh-365w2-360-lit\">T\u1ee7 \u0111\u00f4ng 2 ng\u0103n 2 c\u00e1nh d\u00e0n nh\u00f4m<\/a><\/td>\n<\/tr>\n<tr>\n<td>B\u1ea3o h\u00e0nh<\/td>\n<td>24 th\u00e1ng<\/td>\n<\/tr>\n<tr>\n<td>Dung t\u00edch t\u1ed5ng th\u1ec3 \/ Dung t\u00edch s\u1eed d\u1ee5ng<\/td>\n<td>360 l\u00edt \/ 260 l\u00edt<\/td>\n<\/tr>\n<tr>\n<td>C\u00f4ng su\u1ea5t<\/td>\n<td>122.2W<\/td>\n<\/tr>\n<tr>\n<td>D\u00e0n l\u1ea1nh<\/td>\n<td>B\u1eb1ng nh\u00f4m<\/td>\n<\/tr>\n<tr>\n<td>Nhi\u1ec7t \u0111\u1ed9 ng\u0103n \u0111\u00f4ng<\/td>\n<td>\u2264-18\u2103<\/td>\n<\/tr>\n<tr>\n<td>Nhi\u1ec7t \u0111\u1ed9 ng\u0103n m\u00e1t<\/td>\n<td>0\uff5e10\u2103<\/td>\n<\/tr>\n<tr>\n<td>K\u00edch th\u01b0\u1edbc t\u1ee7 (DxRxC)mm<\/td>\n<td>1215 x 620 x 845 mm<\/td>\n<\/tr>\n<tr>\n<td>Gas<\/td>\n<td>R600a<\/td>\n<\/tr>\n<tr>\n<td>Ngu\u1ed3n \u0111i\u1ec7n<\/td>\n<td>220V\/50Hz<\/td>\n<\/tr>\n<\/tbody>\n<\/table>\n<\/div>\n<p><a class=\"open_additional_popup\" data-src=\"#additional_popup\" data-fancybox=\"\" data-options=\"{&quot;touch&quot; : false}\">XEM CHI TI\u1ebeT TH\u00d4NG S\u1ed0 K\u1ef8 THU\u1eacT<\/a><\/p>\n<div><\/div>\n<\/div>\n<\/div>\n<div class=\"content_description\">\n<div class=\"woocommerce-tabs wc-tabs-wrapper container tabbed-content\">\n<ul class=\"snk-info-product-head tabs wc-tabs product-tabs small-nav-collapse nav nav-uppercase nav-line-grow nav-left\" role=\"tablist\">\n<li id=\"tab-title-description\" class=\"description_tab active\" role=\"tab\" aria-controls=\"tab-description\"><a href=\"https:\/\/dienmaynguyenkhang.vn\/?product=tu-dong-sanaky-vh-365w2-360-lit\"><i class=\"fa fa-caret-right\"><\/i>M\u00d4 T\u1ea2 S\u1ea2N PH\u1ea8M<\/a><\/li>\n<\/ul>\n<div class=\"tab-panels\">\n<div id=\"tab-description\" class=\"woocommerce-Tabs-panel woocommerce-Tabs-panel--description panel entry-content active\" role=\"tabpanel\" aria-labelledby=\"tab-title-description\">\n<h2>T\u1ee7 \u0111\u00f4ng Sanaky VH-365W2<\/h2>\n<p><a href=\"https:\/\/dienmaynguyenkhang.vn\/?product=tu-dong-sanaky-vh-365w2-360-lit\"><strong>T\u1ee7 \u0111\u00f4ng Sanaky VH-365W2\u00a0<\/strong><\/a>c\u00f3 thi\u1ebft k\u1ebf hi\u1ec7n \u0111\u1ea1i, thi\u1ebft k\u1ebf 2 ng\u0103n c\u00f9ng 2 c\u1eeda r\u1ea5t ti\u1ec7n l\u1ee3i cho ng\u01b0\u1eddi s\u1eed d\u1ee5ng, v\u1edbi 4 b\u00e1nh xe di chuy\u1ec3n d\u1ec5 d\u00e0ng, \u0111i\u1ec1u khi\u1ec3n d\u1ea1ng n\u00fat xoay. V\u1edbi t\u1ee7 \u0111\u00f4ng Sanaky gi\u00fap b\u1ea1n b\u1ea3o qu\u1ea3n th\u1ef1c ph\u1ea9m t\u01b0\u01a1i ngon, an to\u00e0n v\u00e0 c\u00f2n ti\u1ebft ki\u1ec7m \u0111i\u1ec7n n\u0103ng t\u1ed1i \u01b0u.<strong><br \/>\n<\/strong><\/p>\n<p><img loading=\"lazy\" decoding=\"async\" class=\"aligncenter wp-image-10851 lazyloaded\" src=\"https:\/\/sanakyvietnam.net\/wp-content\/uploads\/tu-dong-sanaky-snk-290w-2-600x333.jpg\" sizes=\"auto, (max-width: 800px) 100vw, 800px\" srcset=\"https:\/\/sanakyvietnam.net\/wp-content\/uploads\/tu-dong-sanaky-snk-290w-2-600x333.jpg 600w, https:\/\/sanakyvietnam.net\/wp-content\/uploads\/tu-dong-sanaky-snk-290w-2-400x222.jpg 400w, https:\/\/sanakyvietnam.net\/wp-content\/uploads\/tu-dong-sanaky-snk-290w-2-768x426.jpg 768w, https:\/\/sanakyvietnam.net\/wp-content\/uploads\/tu-dong-sanaky-snk-290w-2.jpg 780w\" alt=\"\" width=\"800\" height=\"444\" data-ll-status=\"loaded\" \/><\/p>\n<p>&nbsp;<\/p>\n<h3>\u0110\u1eb7c \u0111i\u1ec3m n\u1ed5i b\u1eadt<\/h3>\n<p>T\u1ee7 \u0111\u00f4ng m\u00e1t c\u00f3 thi\u1ebft k\u1ebf 2 ng\u0103n v\u00e0 2 c\u00e1nh m\u1edf ki\u1ec3u vali \u1edf m\u1ed7i ng\u0103n r\u1ea5t ti\u1ec7n l\u1ee3i. B\u1ea1n c\u00f3 th\u1ec3 d\u1ec5 d\u00e0ng nh\u1eadn bi\u1ebft ng\u0103n n\u00e0o l\u00e0 ng\u0103n \u0111\u00f4ng v\u00e0 ng\u0103n n\u00e0o l\u00e0 ng\u0103n m\u00e1t v\u1edbi k\u00fd hi\u1ec7u ngay d\u01b0\u1edbi th\u00e2n t\u1ee7.<\/p>\n<p>T\u1ee7 s\u1eed d\u1ee5ng d\u00e0n l\u1ea1nh b\u1eb1ng nh\u00f4m cho kh\u1ea3 n\u0103ng l\u00e0m l\u1ea1nh \u1ed5n \u0111\u1ecbnh, k\u1ebft h\u1ee3p qu\u1ea1t l\u1ed3ng s\u00f3c h\u01a1i l\u1ea1nh s\u00e2u v\u00e0 t\u1ecfa \u0111\u1ec1u kh\u1eafp b\u00ean trong t\u1ee7.<\/p>\n<p><a href=\"https:\/\/dienmaynguyenkhang.vn\/?product=tu-dong-sanaky-vh-365w2-360-lit\">T\u1ee7 c\u1ea5p \u0111\u00f4ng h\u00e3ng Sanaky<\/a>\u00a0\u0111\u01b0\u1ee3c s\u1ea3n xu\u1ea5t theo d\u00e2y chuy\u1ec1n c\u00f4ng ngh\u1ec7 Nh\u1eadt B\u1ea3n v\u1eadn h\u00e0nh \u00eam \u00e1i v\u00e0 c\u00f3 \u0111\u1ed9 b\u1ec1n cao.<\/p>\n<p>T\u1ee7 c\u00f3 dung t\u00edch t\u1ed5ng th\u1ec3 l\u00e0 360 l\u00edt, dung t\u00edch s\u1eed d\u1ee5ng l\u00e0 260 l\u00edt ph\u00f9 h\u1ee3p v\u1edbi qu\u00e1n \u0103n c\u00f3 nhu b\u1ea3o qu\u1ea3n \u0111a d\u1ea1ng c\u00e1c lo\u1ea1i th\u1ef1c ph\u1ea9m th\u1ecbt, c\u00e1, rau, c\u1ee7, qu\u1ea3\u2026<\/p>\n<p>Ng\u0103n t\u1ee7 VH-365W2 \u0111\u01b0\u1ee3c l\u00e0m b\u1eb1ng ch\u1ea5t li\u1ec7u nh\u1ef1a ABS cao c\u1ea5p c\u00f3 t\u00ednh d\u1ebbo dai v\u00e0 ch\u1ecbu l\u1ef1c t\u1ed1t, \u0111\u00e1p \u1ee9ng ti\u00eau ch\u00ed cao v\u1ec1 \u0111\u1ed9 b\u1ec1n v\u00e0 t\u00ednh an to\u00e0n.<\/p>\n<p>Ch\u00e2n t\u1ee7 \u0111\u01b0\u1ee3c thi\u1ebft k\u1ebf 4 b\u00e1nh xe ch\u1ecbu l\u1ef1c r\u1ea5t ti\u1ec7n l\u1ee3i cho vi\u1ec7c di chuy\u1ec3n t\u1ee7.<\/p>\n<p>T\u1ee7 s\u1eed d\u1ee5ng\u00a0<a href=\"https:\/\/dienmaynguyenkhang.vn\/?product=tu-dong-sanaky-vh-365w2-360-lit\">m\u00f4i ch\u1ea5t l\u00e0m l\u1ea1nh<\/a>\u00a0l\u00e0 Gas R600a th\u00e2n thi\u1ec7n v\u1edbi m\u00f4i tr\u01b0\u1eddng v\u00e0 an to\u00e0n cho s\u1ee9c kh\u1ecfe ng\u01b0\u1eddi ti\u00eau d\u00f9ng.<\/p>\n<\/div>\n<\/div>\n<\/div>\n<\/div>\n","protected":false},"excerpt":{"rendered":"<p>T\u00cdNH N\u0102NG TH\u00d4NG S\u1ed0 K\u1ef8 THU\u1eacT Th\u00f4ng s\u1ed1 k\u1ef9 thu\u1eadt Model VH-365W2 H\u00e3ng s\u1ea3n xu\u1ea5t Sanaky Lo\u1ea1i T\u1ee7 \u0111\u00f4ng 2 ng\u0103n 2 c\u00e1nh d\u00e0n nh\u00f4m B\u1ea3o h\u00e0nh 24 th\u00e1ng Dung t\u00edch t\u1ed5ng th\u1ec3 \/ Dung t\u00edch s\u1eed d\u1ee5ng 360 l\u00edt \/ 260 l\u00edt C\u00f4ng su\u1ea5t 122.2W D\u00e0n l\u1ea1nh B\u1eb1ng nh\u00f4m Nhi\u1ec7t \u0111\u1ed9 ng\u0103n \u0111\u00f4ng \u2264-18\u2103&#8230;<\/p>\n","protected":false},"featured_media":1485,"comment_status":"open","ping_status":"closed","template":"","meta":[],"class_list":{"0":"post-1484","1":"product","2":"type-product","3":"status-publish","4":"has-post-thumbnail","6":"product_cat-dong-mat","7":"product_cat-sanaky-tu-dong","8":"product_cat-tu-dong","10":"first","11":"instock","12":"sale","13":"shipping-taxable","14":"purchasable","15":"product-type-simple"},"_links":{"self":[{"href":"https:\/\/dienmaynguyenkhang.vn\/index.php?rest_route=\/wp\/v2\/product\/1484","targetHints":{"allow":["GET"]}}],"collection":[{"href":"https:\/\/dienmaynguyenkhang.vn\/index.php?rest_route=\/wp\/v2\/product"}],"about":[{"href":"https:\/\/dienmaynguyenkhang.vn\/index.php?rest_route=\/wp\/v2\/types\/product"}],"replies":[{"embeddable":true,"href":"https:\/\/dienmaynguyenkhang.vn\/index.php?rest_route=%2Fwp%2Fv2%2Fcomments&post=1484"}],"wp:featuredmedia":[{"embeddable":true,"href":"https:\/\/dienmaynguyenkhang.vn\/index.php?rest_route=\/wp\/v2\/media\/1485"}],"wp:attachment":[{"href":"https:\/\/dienmaynguyenkhang.vn\/index.php?rest_route=%2Fwp%2Fv2%2Fmedia&parent=1484"}],"curies":[{"name":"wp","href":"https:\/\/api.w.org\/{rel}","templated":true}]}}