{"id":1473,"date":"2022-08-27T21:11:56","date_gmt":"2022-08-27T14:11:56","guid":{"rendered":"https:\/\/dienmaynguyenkhang.vn\/?post_type=product&#038;p=1473"},"modified":"2025-10-20T17:36:13","modified_gmt":"2025-10-20T10:36:13","slug":"tu-dong-sanaky-vh-5699hy-560lit","status":"publish","type":"product","link":"https:\/\/dienmaynguyenkhang.vn\/?product=tu-dong-sanaky-vh-5699hy-560lit","title":{"rendered":"T\u1ee7 \u0111\u00f4ng Sanaky VH-5699HY (560l\u00edt)"},"content":{"rendered":"<div id=\"tab-additional_information\" class=\"row specifications\" role=\"tabpanel\" aria-labelledby=\"tab-title-additional_information\">\n<div class=\"snk-info-product-head\">\n<h3>T\u00cdNH N\u0102NG TH\u00d4NG S\u1ed0 K\u1ef8 THU\u1eacT<\/h3>\n<\/div>\n<div class=\"large-8 col\">\n<div class=\"img-tskt\"><img loading=\"lazy\" decoding=\"async\" class=\"attachment-full size-full lazyloaded\" src=\"https:\/\/sanakyvietnam.net\/wp-content\/uploads\/thong-so-ki-thuat-tu-dong-sanaky-vh-5699hy.jpg\" sizes=\"auto, (max-width: 800px) 100vw, 800px\" srcset=\"https:\/\/sanakyvietnam.net\/wp-content\/uploads\/thong-so-ki-thuat-tu-dong-sanaky-vh-5699hy.jpg 800w, https:\/\/sanakyvietnam.net\/wp-content\/uploads\/thong-so-ki-thuat-tu-dong-sanaky-vh-5699hy-400x271.jpg 400w, https:\/\/sanakyvietnam.net\/wp-content\/uploads\/thong-so-ki-thuat-tu-dong-sanaky-vh-5699hy-600x406.jpg 600w, https:\/\/sanakyvietnam.net\/wp-content\/uploads\/thong-so-ki-thuat-tu-dong-sanaky-vh-5699hy-768x519.jpg 768w\" alt=\"\" width=\"800\" height=\"541\" data-ll-status=\"loaded\" \/><\/div>\n<\/div>\n<div class=\"large-4 col\">\n<div class=\"product_additional_content\">\n<h2 class=\"title_tabs\">Th\u00f4ng s\u1ed1 k\u1ef9 thu\u1eadt<\/h2>\n<table>\n<tbody>\n<tr>\n<td>Model<\/td>\n<td>VH-5699HY<\/td>\n<\/tr>\n<tr>\n<td>H\u00e3ng s\u1ea3n xu\u1ea5t<\/td>\n<td><a href=\"https:\/\/dienmaynguyenkhang.vn\/?product=tu-dong-sanaky-vh-5699hy-560lit\">SANAKY<\/a><\/td>\n<\/tr>\n<tr>\n<td>Lo\u1ea1i<\/td>\n<td><a href=\"https:\/\/dienmaynguyenkhang.vn\/?product=tu-dong-sanaky-vh-5699hy-560lit\">T\u1ee7 \u0111\u00f4ng 1 ng\u0103n 2 c\u00e1nh d\u00e0n \u0111\u1ed3ng<\/a><\/td>\n<\/tr>\n<tr>\n<td>Dung t\u00edch t\u1ed5ng th\u1ec3 \/ Dung t\u00edch s\u1eed d\u1ee5ng<\/td>\n<td>560 l\u00edt \/ 430 l\u00edt<\/td>\n<\/tr>\n<tr>\n<td>B\u1ea3o h\u00e0nh<\/td>\n<td>24 th\u00e1ng<\/td>\n<\/tr>\n<tr>\n<td>Ki\u1ec3u c\u1eeda<\/td>\n<td>2 c\u1eeda m\u1edf vali<\/td>\n<\/tr>\n<tr>\n<td>S\u1ed1 ng\u0103n<\/td>\n<td>1 ng\u0103n \u0111\u00f4ng<\/td>\n<\/tr>\n<tr>\n<td>C\u00f4ng su\u1ea5t ti\u00eau th\u1ee5<\/td>\n<td>191.7 (W)<\/td>\n<\/tr>\n<tr>\n<td>Nhi\u1ec7t \u0111\u1ed9<\/td>\n<td>0oC \u2013&gt; (-18oC)<\/td>\n<\/tr>\n<tr>\n<td>Gi\u00e0n l\u1ea1nh<\/td>\n<td>\u1ed0ng \u0111\u1ed3ng<\/td>\n<\/tr>\n<tr>\n<td>\u0110i\u1ec7n \u00e1p<\/td>\n<td>220V\/50Hz<\/td>\n<\/tr>\n<tr>\n<td>K\u00edch th\u01b0\u1edbc t\u1ee7 (D x R x C mm)<\/td>\n<td>1357 x 761 x 995 mm<\/td>\n<\/tr>\n<tr>\n<td>Tr\u1ecdng l\u01b0\u1ee3ng t\u1ecbnh<\/td>\n<td>66 kg<\/td>\n<\/tr>\n<tr>\n<td>Gas<\/td>\n<td>R600a<\/td>\n<\/tr>\n<\/tbody>\n<\/table>\n<\/div>\n<p><a class=\"open_additional_popup\" data-src=\"#additional_popup\" data-fancybox=\"\" data-options=\"{&quot;touch&quot; : false}\">XEM CHI TI\u1ebeT TH\u00d4NG S\u1ed0 K\u1ef8 THU\u1eacT<\/a><\/p>\n<div><\/div>\n<\/div>\n<\/div>\n<div class=\"content_description\">\n<div class=\"woocommerce-tabs wc-tabs-wrapper container tabbed-content\">\n<ul class=\"snk-info-product-head tabs wc-tabs product-tabs small-nav-collapse nav nav-uppercase nav-line-grow nav-left\" role=\"tablist\">\n<li id=\"tab-title-description\" class=\"description_tab active\" role=\"tab\" aria-controls=\"tab-description\"><a href=\"https:\/\/dienmaynguyenkhang.vn\/?product=tu-dong-sanaky-vh-5699hy-560lit\"><i class=\"fa fa-caret-right\"><\/i>M\u00d4 T\u1ea2 S\u1ea2N PH\u1ea8M<\/a><\/li>\n<\/ul>\n<div class=\"tab-panels\">\n<div id=\"tab-description\" class=\"woocommerce-Tabs-panel woocommerce-Tabs-panel--description panel entry-content active\" role=\"tabpanel\" aria-labelledby=\"tab-title-description\">\n<h2>T\u1ee7 \u0111\u00f4ng Sanaky VH-5699HY 1 ng\u0103n 2 c\u00e1nh d\u00e0n l\u1ea1nh \u1ed1ng \u0111\u1ed3ng<\/h2>\n<p><a href=\"https:\/\/dienmaynguyenkhang.vn\/?product=tu-dong-sanaky-vh-5699hy-560lit\">T\u1ee7 \u0111\u00f4ng Sanaky VH-5699HY<\/a>\u00a0thu\u1ed9c d\u00f2ng t\u1ee7 \u0111\u00f4ng 1 ng\u0103n 2 c\u00e1nh m\u1edf, dung t\u00edch t\u1ea7m trung c\u1ee7a h\u00e3ng Sanaky. V\u1edbi dung t\u00edch 560 l\u00edt, thi\u1ebft k\u1ebf hi\u1ec7n \u0111\u1ea1i s\u1ea3n ph\u1ea9m c\u00f3 th\u1ec3 \u0111\u00e1p \u1ee9ng nhu c\u1ea7u tr\u1eef \u0111\u00f4ng th\u1ef1c ph\u1ea9m v\u1edbi s\u1ed1 l\u01b0\u1ee3ng v\u1eeba ph\u1ea3i c\u1ee7a c\u00e1c nh\u00e0 h\u00e0ng, qu\u00e1n \u0103n, si\u00eau th\u1ecb\u2026<\/p>\n<p><img loading=\"lazy\" decoding=\"async\" class=\"aligncenter wp-image-11188 lazyloaded\" src=\"https:\/\/sanakyvietnam.net\/wp-content\/uploads\/tu-dong-sanaky-vh-5699hy-1-600x289.jpg\" sizes=\"auto, (max-width: 860px) 100vw, 860px\" srcset=\"https:\/\/sanakyvietnam.net\/wp-content\/uploads\/tu-dong-sanaky-vh-5699hy-1-600x289.jpg 600w, https:\/\/sanakyvietnam.net\/wp-content\/uploads\/tu-dong-sanaky-vh-5699hy-1-400x192.jpg 400w, https:\/\/sanakyvietnam.net\/wp-content\/uploads\/tu-dong-sanaky-vh-5699hy-1-768x369.jpg 768w, https:\/\/sanakyvietnam.net\/wp-content\/uploads\/tu-dong-sanaky-vh-5699hy-1.jpg 1420w\" alt=\"\" width=\"860\" height=\"414\" data-ll-status=\"loaded\" \/><\/p>\n<h3>T\u00ednh n\u0103ng n\u1ed5i b\u1eadt<\/h3>\n<ul>\n<li>V\u1edbi thi\u1ebft k\u1ebf 1 ng\u0103n \u0111\u00f4ng th\u00f4ng r\u1ed9ng gi\u00fap ng\u01b0\u1eddi s\u1eed d\u1ee5ng c\u00f3 th\u1ec3 b\u1ea3o qu\u1ea3n \u0111\u01b0\u1ee3c nhi\u1ec1u th\u1ef1c ph\u1ea9m h\u01a1n. N\u1eafp t\u1ee7 thi\u1ebft k\u1ebf 2 c\u00e1nh m\u1edf ki\u1ec3u vali ti\u1ec7n l\u1ee3i, tr\u00e1nh th\u1ea5t tho\u00e1t qu\u00e1 nhi\u1ec1u h\u01a1i l\u1ea1nh khi m\u1edf t\u1ee7 \u0111\u1ec3 l\u1ea5y \u0111\u1ed3. Th\u00eam n\u1eefa c\u00e1nh t\u1ee7 c\u0169ng \u0111\u01b0\u1ee3c l\u1eafp kh\u00f3a an to\u00e0n tr\u00e1nh nh\u1eefng tr\u01b0\u1eddng h\u1ee3p m\u1edf t\u1ee7 ngo\u00e0i \u00fd mu\u1ed1n.<\/li>\n<li>Dung t\u00edch t\u1ed5ng th\u1ec3 c\u1ee7a t\u1ee7 l\u00e0 560 l\u00edt, dung t\u00edch s\u1eed d\u1ee5ng 430 l\u00edt. V\u1edbi dung t\u00edch n\u00e0y b\u1ea1n c\u00f3 th\u1ec3 b\u1ea3o qu\u1ea3n kh\u00e1 nhi\u1ec1u th\u1ef1c ph\u1ea9m.<\/li>\n<li>Ch\u1ea5t li\u1ec7u l\u00e0m\u00a0ng\u0103n t\u1ee7 l\u00e0 nh\u1ef1a\u00a0ABS cao c\u1ea5p, c\u00f3 t\u00ednh d\u1ebbo dai, ch\u1ed1ng va\u00a0\u0111\u1eadp t\u1ed1t. Do\u00a0\u0111\u00f3 b\u1ea1n ho\u00e0n to\u00e0n c\u00f3 th\u1ec3 y\u00ean t\u00e2m v\u1ec1\u00a0\u0111\u1ed9 b\u1ec1n c\u1ee7a s\u1ea3n ph\u1ea9m. H\u01a1n n\u1eefa\u00a0l\u00f2ng t\u1ee7\u00a0\u0111\u01b0\u1ee3c tr\u00e1ng ph\u1eb3ng, tr\u01a1n thu\u1eadn ti\u1ec7n cho vi\u1ec7c\u00a0<a href=\"https:\/\/dienmaynguyenkhang.vn\/?product=tu-dong-sanaky-vh-5699hy-560lit\">v\u1ec7 sinh t\u1ee7 \u0111\u00f4ng t\u1ea1i nh\u00e0<\/a>.<\/li>\n<li>Trong t\u1ee7 c\u00f3\u00a0\u0111i k\u00e8m m\u1ed9t gi\u1ecf\u00a0\u0111\u1ef1ng\u00a0\u0111\u1ed3 gi\u00fap b\u1ea1n ph\u00e2n lo\u1ea1i th\u1ef1c ph\u1ea9m b\u1ea3o qu\u1ea3n ti\u1ec7n l\u1ee3i v\u00e0 d\u1ec5 d\u00e0ng h\u01a1n.<\/li>\n<li>T\u1ee7\u00a0s\u1eed d\u1ee5ng d\u00e0n l\u1ea1nh b\u1eb1ng \u0111\u1ed3ng\u00a099.9% nguy\u00ean ch\u1ea5t\u00a0c\u00f3 \u0111\u1ed9 b\u1ec1n cao, l\u1ea1i c\u00f3 kh\u1ea3 n\u0103ng\u00a0l\u00e0m l\u1ea1nh nhanh h\u01a1n v\u00e0 sau h\u01a1n so v\u1edbi d\u00e0n nh\u00f4m, th\u1ef1c ph\u1ea9m s\u1ebd\u00a0\u0111\u01b0\u1ee3c b\u1ea3o qu\u1ea3n t\u1ed1t h\u01a1n. H\u1ec7 th\u1ed1ng qu\u1ea1t\u00a0\u0111\u1ea3o nhi\u1ec7t gi\u00fap h\u01a1i l\u1ea1nh ph\u1ea3\u00a0\u0111\u1ec1u v\u00e0\u00a0\u0111\u1ed3ng\u00a0\u0111\u1ec1u. Nhi\u1ec7t\u00a0\u0111\u1ed9 t\u1ed1i\u00a0\u0111a c\u1ee7a t\u1ee7 c\u00f3 th\u1ec3 xu\u1ed1ng t\u1edbi -18<sup>o<\/sup>C.<\/li>\n<li>M\u1ecdi model\u00a0<a href=\"https:\/\/sanakyvietnam.net\/tu-dong-sanaky\/\">t\u1ee7 \u0111\u00f4ng c\u1ee7a th\u01b0\u01a1ng hi\u1ec7u Sanaky<\/a>\u00a0\u0111\u1ec1u thi\u1ebft k\u1ebf n\u00fat \u0111i\u1ec1u ch\u1ec9nh nhi\u1ec7t \u0111\u1ed9 \u0111\u01b0\u1ee3c l\u1eafp ph\u00eda ngo\u00e0i th\u00e2n t\u1ee7, b\u1ea1n c\u00f3 th\u1ec3 d\u1ec5 d\u00e0ng t\u00f9y ch\u1ec9nh nhi\u1ec7t \u0111\u1ed9 theo \u00fd m\u00ecnh.<\/li>\n<li>Ch\u00e2n t\u1ee7 c\u0169ng\u00a0\u0111\u01b0\u1ee3c l\u1eafp\u00a04 b\u00e1nh xe ch\u1ecbu l\u1ef1c\u00a0\u0111\u1ec3 thu\u1eadn ti\u1ec7n h\u01a1n khi di chuy\u1ec3n.<\/li>\n<li>VH-5699HY s\u1eed d\u1ee5ng\u00a0<a href=\"https:\/\/dienmaynguyenkhang.vn\/?product=tu-dong-sanaky-vh-5699hy-560lit\">Gas l\u00e0m l\u1ea1nh<\/a>\u00a0R600A m\u1edbi nh\u1ea5t l\u00e0m l\u1ea1nh t\u1ed1t th\u00e2n thi\u1ec7n m\u00f4i tr\u01b0\u1eddng v\u00e0 an to\u00e0n cho ng\u01b0\u1eddi s\u1eed d\u1ee5ng.<\/li>\n<\/ul>\n<h3>M\u1ed9t s\u1ed1 l\u01b0u \u00fd khi s\u1eed d\u1ee5ng<\/h3>\n<p>\u2013 N\u01a1i\u00a0\u0111\u1eb7t\u00a0t\u1ee7 ph\u1ea3i\u00a0kh\u00f4 r\u00e1o, \u00edt b\u1ee5i v\u00e0\u00a0\u0111\u1ea3m b\u1ea3o th\u00f4ng tho\u00e1ng ph\u00eda sau.<\/p>\n<p>\u2013 Kho\u1ea3ng c\u00e1ch gi\u1eef t\u1ee7 v\u00e0 t\u01b0\u1eddng t\u1ed1i thi\u1ec3u kho\u1ea3ng\u00a010 cm \u0111\u1ec3 \u0111\u1ea3m b\u1ea3o l\u01b0u th\u00f4ng kh\u00f4ng kh\u00ed\u00a0l\u00e0m m\u00e1t d\u00e0n. L\u01b0u\u00a0\u00fd:\u00a0kh\u00f4ng d\u00f9ng b\u1ea5t c\u1ee9 v\u1eadt g\u00ec\u00a0\u0111\u1ec3 ph\u1ee7 ho\u1eb7c ch\u1eafn k\u00edn\u00a0d\u00e0n ng\u01b0ng d\u00e0n n\u00f3ng.<\/p>\n<p>\u2013 N\u1ebfu\u00a0b\u1ea3o qu\u1ea3n c\u00e1c th\u1ef1c ph\u1ea9m l\u1ecfng n\u00ean\u00a0\u0111\u1ec3\u00a0trong h\u1ed9p c\u00f3 n\u1eafp \u0111\u1eady k\u00edn \u0111\u1ec3 ch\u1ed1ng bay h\u01a1i l\u00e0m t\u0103ng\u00a0nhanh l\u1edbp tuy\u1ebft tan b\u00e1m tr\u00ean gi\u00e0n l\u1ea1nh.<\/p>\n<p>\u2013 Kh\u00f4ng \u0111\u1ec3 trong t\u1ee7 c\u00e1c ch\u1ea5t axit -bazo g\u00e2y \u0103n m\u00f2n t\u1ee7 (\u0111\u1eb7c bi\u1ec7t c\u00e1c ch\u1ea5t chay n\u1ed5 t\u1ee7 l\u1ea1nh l\u00e0m b\u1eb1ng nh\u00f4m d\u1eabn \u0111\u1ebfn m\u1ea5t gas).<\/p>\n<\/div>\n<\/div>\n<\/div>\n<\/div>\n","protected":false},"excerpt":{"rendered":"<p><img loading=\"lazy\" decoding=\"async\" class=\"alignnone size-medium wp-image-1474\" src=\"https:\/\/dienmaynguyenkhang.vn\/wp-content\/uploads\/2022\/08\/sanaky-vh-5699hy-300x167.jpg\" alt=\"\" width=\"300\" height=\"167\" srcset=\"https:\/\/dienmaynguyenkhang.vn\/wp-content\/uploads\/2022\/08\/sanaky-vh-5699hy-300x167.jpg 300w, https:\/\/dienmaynguyenkhang.vn\/wp-content\/uploads\/2022\/08\/sanaky-vh-5699hy-768x426.jpg 768w, https:\/\/dienmaynguyenkhang.vn\/wp-content\/uploads\/2022\/08\/sanaky-vh-5699hy-510x283.jpg 510w, https:\/\/dienmaynguyenkhang.vn\/wp-content\/uploads\/2022\/08\/sanaky-vh-5699hy.jpg 780w\" sizes=\"auto, (max-width: 300px) 100vw, 300px\" \/><\/p>\n","protected":false},"featured_media":1474,"comment_status":"open","ping_status":"closed","template":"","meta":[],"class_list":{"0":"post-1473","1":"product","2":"type-product","3":"status-publish","4":"has-post-thumbnail","6":"product_cat-dong-nguyen","7":"product_cat-sanaky-tu-dong","8":"product_cat-tu-dong","10":"first","11":"instock","12":"sale","13":"shipping-taxable","14":"purchasable","15":"product-type-simple"},"_links":{"self":[{"href":"https:\/\/dienmaynguyenkhang.vn\/index.php?rest_route=\/wp\/v2\/product\/1473","targetHints":{"allow":["GET"]}}],"collection":[{"href":"https:\/\/dienmaynguyenkhang.vn\/index.php?rest_route=\/wp\/v2\/product"}],"about":[{"href":"https:\/\/dienmaynguyenkhang.vn\/index.php?rest_route=\/wp\/v2\/types\/product"}],"replies":[{"embeddable":true,"href":"https:\/\/dienmaynguyenkhang.vn\/index.php?rest_route=%2Fwp%2Fv2%2Fcomments&post=1473"}],"wp:featuredmedia":[{"embeddable":true,"href":"https:\/\/dienmaynguyenkhang.vn\/index.php?rest_route=\/wp\/v2\/media\/1474"}],"wp:attachment":[{"href":"https:\/\/dienmaynguyenkhang.vn\/index.php?rest_route=%2Fwp%2Fv2%2Fmedia&parent=1473"}],"curies":[{"name":"wp","href":"https:\/\/api.w.org\/{rel}","templated":true}]}}