{"id":1471,"date":"2022-08-27T20:57:50","date_gmt":"2022-08-27T13:57:50","guid":{"rendered":"https:\/\/dienmaynguyenkhang.vn\/?post_type=product&#038;p=1471"},"modified":"2025-10-20T17:36:58","modified_gmt":"2025-10-20T10:36:58","slug":"tu-dong-sanaky-vh-2899a1-280-lit","status":"publish","type":"product","link":"https:\/\/dienmaynguyenkhang.vn\/?product=tu-dong-sanaky-vh-2899a1-280-lit","title":{"rendered":"T\u1ee7 \u0111\u00f4ng Sanaky VH-2899A1 ( 280 l\u00edt)"},"content":{"rendered":"<div id=\"tab-additional_information\" class=\"row specifications\" role=\"tabpanel\" aria-labelledby=\"tab-title-additional_information\">\n<div class=\"snk-info-product-head\">\n<h3>T\u00cdNH N\u0102NG TH\u00d4NG S\u1ed0 K\u1ef8 THU\u1eacT<\/h3>\n<\/div>\n<div class=\"large-8 col\">\n<div class=\"img-tskt\"><img loading=\"lazy\" decoding=\"async\" class=\"attachment-full size-full lazyloaded\" src=\"https:\/\/sanakyvietnam.net\/wp-content\/uploads\/12.jpg\" sizes=\"auto, (max-width: 1024px) 100vw, 1024px\" srcset=\"https:\/\/sanakyvietnam.net\/wp-content\/uploads\/12.jpg 1024w, https:\/\/sanakyvietnam.net\/wp-content\/uploads\/12-400x273.jpg 400w, https:\/\/sanakyvietnam.net\/wp-content\/uploads\/12-600x409.jpg 600w, https:\/\/sanakyvietnam.net\/wp-content\/uploads\/12-768x524.jpg 768w\" alt=\"\" width=\"1024\" height=\"698\" data-ll-status=\"loaded\" \/><\/div>\n<\/div>\n<div class=\"large-4 col\">\n<div class=\"product_additional_content\">\n<h2 class=\"title_tabs\">Th\u00f4ng s\u1ed1 k\u1ef9 thu\u1eadt<\/h2>\n<table>\n<tbody>\n<tr>\n<td>Model<\/td>\n<td>VH-2899A1<\/td>\n<\/tr>\n<tr>\n<td>H\u00e3ng s\u1ea3n xu\u1ea5t<\/td>\n<td><a href=\"https:\/\/dienmaynguyenkhang.vn\/?product=tu-dong-sanaky-vh-2899a1-280-lit\">SANAKY<\/a><\/td>\n<\/tr>\n<tr>\n<td>Lo\u1ea1i<\/td>\n<td><a href=\"https:\/\/dienmaynguyenkhang.vn\/?product=tu-dong-sanaky-vh-2899a1-280-lit\">T\u1ee7 \u0111\u00f4ng 1 ng\u0103n 2 c\u00e1nh d\u00e0n \u0111\u1ed3ng<\/a><\/td>\n<\/tr>\n<tr>\n<td>B\u1ea3o h\u00e0nh<\/td>\n<td>24 th\u00e1ng<\/td>\n<\/tr>\n<tr>\n<td>Ki\u1ec3u c\u1eeda<\/td>\n<td>2 c\u1eeda m\u1edf vali<\/td>\n<\/tr>\n<tr>\n<td>Dung t\u00edch t\u1ed5ng th\u1ec3 \/ Dung t\u00edch s\u1eed d\u1ee5ng<\/td>\n<td>280 l\u00edt \/ 235 l\u00edt<\/td>\n<\/tr>\n<tr>\n<td>S\u1ed1 ng\u0103n<\/td>\n<td>1 ng\u0103n \u0111\u00f4ng<\/td>\n<\/tr>\n<tr>\n<td>K\u00edch th\u01b0\u1edbc(DxRxC mm)<\/td>\n<td>1080 x 620 x 845 mm<\/td>\n<\/tr>\n<tr>\n<td>C\u00f4ng su\u1ea5t (W)<\/td>\n<td>122.2W<\/td>\n<\/tr>\n<tr>\n<td>Nhi\u1ec7t \u0111\u1ed9<\/td>\n<td>0oC \u2013&gt; (-18oC)<\/td>\n<\/tr>\n<tr>\n<td>\u0110i\u1ec7n \u00e1p<\/td>\n<td>220V\/50Hz<\/td>\n<\/tr>\n<tr>\n<td>Gas<\/td>\n<td>R600a<\/td>\n<\/tr>\n<\/tbody>\n<\/table>\n<\/div>\n<p><a class=\"open_additional_popup\" data-src=\"#additional_popup\" data-fancybox=\"\" data-options=\"{&quot;touch&quot; : false}\">XEM CHI TI\u1ebeT TH\u00d4NG S\u1ed0 K\u1ef8 THU\u1eacT<\/a><\/p>\n<div><\/div>\n<\/div>\n<\/div>\n<div class=\"content_description\">\n<div class=\"woocommerce-tabs wc-tabs-wrapper container tabbed-content\">\n<ul class=\"snk-info-product-head tabs wc-tabs product-tabs small-nav-collapse nav nav-uppercase nav-line-grow nav-left\" role=\"tablist\">\n<li id=\"tab-title-description\" class=\"description_tab active\" role=\"tab\" aria-controls=\"tab-description\"><a href=\"https:\/\/dienmaynguyenkhang.vn\/?product=tu-dong-sanaky-vh-2899a1-280-lit\"><i class=\"fa fa-caret-right\"><\/i>M\u00d4 T\u1ea2 S\u1ea2N PH\u1ea8M<\/a><\/li>\n<\/ul>\n<div class=\"tab-panels\">\n<div id=\"tab-description\" class=\"woocommerce-Tabs-panel woocommerce-Tabs-panel--description panel entry-content active\" role=\"tabpanel\" aria-labelledby=\"tab-title-description\">\n<h2>T\u1ee7 \u0111\u00f4ng Sanaky VH-2899A1 1 ng\u0103n 2 c\u00e1nh d\u00e0n \u0111\u1ed3ng<\/h2>\n<p><a href=\"https:\/\/dienmaynguyenkhang.vn\/?product=tu-dong-sanaky-vh-2899a1-280-lit\">T\u1ee7 \u0111\u00f4ng Sanaky VH-2899A1<\/a>\u00a0thu\u1ed9c d\u00f2ng\u00a0t\u1ee7 \u0111\u00f4ng\u00a0t\u1ee7 \u0111\u00f4ng d\u00e0n \u0111\u1ed3ng m\u1ed9t ng\u0103n hai c\u00e1nh v\u1edbi dung t\u00edch\u00a0c\u1ee1 nh\u1ecf trong d\u00f2ng s\u1ea3n ph\u1ea9m\u00a0c\u1ee7a Sanaky. S\u1ea3n ph\u1ea9m\u00a0\u0111\u00e1p\u00a0\u1ee9ng\u00a0\u0111\u01b0\u1ee3c nhu c\u1ea7u b\u1ea3o qu\u1ea3n, tr\u1eef\u00a0\u0111\u00f4ng th\u1ef1c ph\u1ea9m v\u1edbi s\u1ed1 l\u01b0\u1ee3ng\u00a0\u00edt,\u00a0th\u00edch h\u1ee3p cho gia \u0111\u00ecnh c\u00e1c c\u1eeda h\u00e0ng t\u1ea1p h\u00f3a hay c\u00e1c b\u1ebfp \u0103n v\u00e0 nh\u00e0 h\u00e0ng nh\u1ecf.<\/p>\n<p><img loading=\"lazy\" decoding=\"async\" class=\"aligncenter wp-image-6586 size-full lazyloaded\" src=\"https:\/\/sanakyvietnam.net\/wp-content\/uploads\/tu-dong-sanaky-vh-2899a1-mo-ta-1.jpg\" sizes=\"auto, (max-width: 600px) 100vw, 600px\" srcset=\"https:\/\/sanakyvietnam.net\/wp-content\/uploads\/tu-dong-sanaky-vh-2899a1-mo-ta-1.jpg 600w, https:\/\/sanakyvietnam.net\/wp-content\/uploads\/tu-dong-sanaky-vh-2899a1-mo-ta-1-400x253.jpg 400w\" alt=\"T\u1ee7 \u0111\u00f4ng Sanaky VH-2899A1 dung t\u00edch 280 l\u00edt\" width=\"600\" height=\"380\" data-ll-status=\"loaded\" \/><\/p>\n<h3>T\u00ednh n\u0103ng chi ti\u1ebft<\/h3>\n<ul>\n<li>T\u1ee7 \u0111\u01b0\u1ee3c thi\u1ebft k\u1ebf v\u1edbi m\u1ed9t ng\u0103n \u0111\u00f4ng th\u00f4ng su\u1ed1t c\u00f9ng hai c\u00e1nh m\u1edf vali ti\u1ec7n l\u1ee3i. Thi\u1ebft k\u1ebf n\u00e0y nh\u1eafm gi\u1ea3m l\u01b0\u1ee3ng h\u01a1i l\u1ea1nh th\u1ea5t tho\u00e1t ra ngo\u00e0i khi b\u1ea1n m\u1edf c\u1eeda l\u1ea5y \u0111\u1ed3. C\u00e1nh t\u1ee7 c\u0169ng \u0111\u01b0\u1ee3c l\u1eafp kh\u00f3a an to\u00e0n tr\u00e1nh tr\u01b0\u1eddng h\u1ee3p m\u1edf t\u1ee7 ngo\u00e0i \u00fd mu\u1ed1n.<\/li>\n<li>T\u1ee7 s\u1eed d\u1ee5ng d\u00e0n l\u1ea1nh b\u1eb1ng \u0111\u1ed3ng cho hi\u1ec7u su\u1ea5t l\u00e0m l\u1ea1nh nhanh, k\u1ebft h\u1ee3p qu\u1ea1t \u0111\u1ea3o nhi\u1ec7t h\u01a1i l\u1ea1nh s\u1ebd s\u00e2u v\u00e0 lan \u0111\u1ec1u kh\u1eafp trong ng\u0103n t\u1ee7. H\u01a1n n\u1eefa \u0111\u1ed9 b\u1ec1n c\u0169ng cao h\u01a1n so c\u00e1c s\u1ea3n ph\u1ea9m s\u1eed d\u1ee5ng d\u00e0n nh\u00f4m.<\/li>\n<li>C\u00e1c chi ti\u1ebft m\u00e1y\u00a0<a href=\"https:\/\/dienmaynguyenkhang.vn\/?product=tu-dong-sanaky-vh-2899a1-280-lit\">t\u1ee7 \u0111\u00f4ng c\u1ee7a h\u00e3ng Sanaky<\/a>\u00a0\u0111\u1ec1u \u0111\u01b0\u1ee3c s\u1ea3n xu\u1ea5t\u00a0theo c\u00f4ng ngh\u1ec7 Nh\u1eadt B\u1ea3n n\u00ean t\u1ee7\u00a0lu\u00f4n v\u1eadn h\u00e0nh \u00eam \u00e1i v\u00e0 c\u00f3\u00a0\u0111\u1ed9 b\u1ec1n cao.<\/li>\n<li>B\u1ea3ng \u0111i\u1ec1u khi\u1ec3n nhi\u1ec7t \u0111\u1ed9 n\u1eb1m ph\u00eda ngo\u00e0i th\u00e2n t\u1ee7.<\/li>\n<li>Ch\u00e2n t\u1ee7 \u0111\u01b0\u1ee3c l\u1eafp 4 b\u00e1nh xe ch\u1ecbu l\u1ef1c gi\u00fap vi\u1ec7c di chuy\u1ec3n t\u1ee7 tr\u1edf n\u00ean d\u1ec5 d\u00e0ng h\u01a1n.<\/li>\n<li>Ch\u1ea5t li\u1ec7u c\u1ee7a l\u00f2ng t\u1ee7 l\u00e0 nh\u1ef1a ABS cao c\u1ea5p, \u0111\u00e2y l\u00e0 lo\u1ea1i ch\u1ea5t li\u1ec7u d\u1ebbo dai c\u00f3 kh\u1ea3 n\u0103ng ch\u1ecbu c\u00e1c va \u0111\u1eadp t\u1ed1t n\u00ean b\u1ea1n ho\u00e0n to\u00e0n c\u00f3 th\u1ec3 y\u00ean t\u00e2m v\u1ec1 \u0111\u1ed9 b\u1ec1n c\u1ee7a s\u1ea3n ph\u1ea9m. H\u01a1n n\u1eefa l\u00f2ng t\u1ee7 \u0111\u01b0\u1ee3c tr\u00e1ng ph\u1eb3ng, tr\u01a1n r\u1ea5t thu\u1eadn ti\u1ec7n cho vi\u1ec7c lau ch\u00f9i,\u00a0<a href=\"https:\/\/dienmaynguyenkhang.vn\/?product=tu-dong-sanaky-vh-2899a1-280-lit\">v\u1ec7 sinh t\u1ee7 t\u1ea1i nh\u00e0<\/a>.<\/li>\n<li>T\u1ee7 c\u00f3 dung t\u00edch t\u1ed5ng th\u1ec3 l\u00e0 280 l\u00edt, dung t\u00edch s\u1eed d\u1ee5ng l\u00e0 235 l\u00edt \u0111\u00e1p \u1ee9ng \u0111\u01b0\u1ee3c nhu c\u1ea7u tr\u1eef \u0111\u00f4ng th\u1ef1c ph\u1ea9m v\u1edbi s\u1ed1 l\u01b0\u1ee3ng \u00edt.<\/li>\n<li>Trong t\u1ee7 c\u00f3 \u0111i k\u00e8m m\u1ed9t gi\u1ecf \u0111\u1ef1ng \u0111\u1ed3 gi\u00fap b\u1ea1n ph\u00e2n lo\u1ea1i th\u1ef1c ph\u1ea9m b\u1ea3o qu\u1ea3n ti\u1ec7n l\u1ee3i v\u00e0 d\u1ec5 d\u00e0ng h\u01a1n.<\/li>\n<li><a href=\"https:\/\/dienmaynguyenkhang.vn\/?product=tu-dong-sanaky-vh-2899a1-280-lit\">Gas l\u00e0m l\u1ea1nh c\u1ee7a t\u1ee7 \u0111\u00f4ng<\/a>\u00a0l\u00e0 gas R600a lo\u1ea1i gas l\u00e0m l\u1ea1nh t\u1ed1t v\u00e0 th\u00e2n thi\u1ec7n v\u1edbi m\u00f4i tr\u01b0\u1eddng.<\/li>\n<\/ul>\n<h3>M\u1ed9t s\u1ed1 l\u01b0u \u00fd khi s\u1eed d\u1ee5ng<\/h3>\n<ul>\n<li>N\u01a1i \u0111\u1eb7t t\u1ee7 ph\u1ea3i kh\u00f4 r\u00e1o, \u00edt b\u1ee5i v\u00e0 \u0111\u1ea3m b\u1ea3o th\u00f4ng tho\u00e1ng ph\u00eda sau.<\/li>\n<li>Kho\u1ea3ng c\u00e1ch gi\u1eef t\u1ee7 v\u00e0 t\u01b0\u1eddng t\u1ed1i thi\u1ec3u kho\u1ea3ng 10 cm \u0111\u1ec3 \u0111\u1ea3m b\u1ea3o l\u01b0u th\u00f4ng kh\u00f4ng kh\u00ed l\u00e0m m\u00e1t d\u00e0n. L\u01b0u \u00fd: kh\u00f4ng d\u00f9ng b\u1ea5t c\u1ee9 v\u1eadt g\u00ec \u0111\u1ec3 ph\u1ee7 ho\u1eb7c ch\u1eafn k\u00edn d\u00e0n ng\u01b0ng d\u00e0n n\u00f3ng.<\/li>\n<li>N\u1ebfu b\u1ea3o qu\u1ea3n c\u00e1c th\u1ef1c ph\u1ea9m l\u1ecfng n\u00ean \u0111\u1ec3 trong h\u1ed9p c\u00f3 n\u1eafp \u0111\u1eady k\u00edn \u0111\u1ec3 ch\u1ed1ng bay h\u01a1i l\u00e0m t\u0103ng nhanh l\u1edbp tuy\u1ebft tan b\u00e1m tr\u00ean gi\u00e0n l\u1ea1nh.<\/li>\n<li>Kh\u00f4ng \u0111\u1ec3 trong t\u1ee7 c\u00e1c ch\u1ea5t axit -bazo g\u00e2y \u0103n m\u00f2n t\u1ee7 (\u0111\u1eb7c bi\u1ec7t c\u00e1c ch\u1ea5t chay n\u1ed5 t\u1ee7 l\u1ea1nh l\u00e0m b\u1eb1ng nh\u00f4m d\u1eabn \u0111\u1ebfn m\u1ea5t gas).<\/li>\n<\/ul>\n<\/div>\n<\/div>\n<\/div>\n<\/div>\n","protected":false},"excerpt":{"rendered":"<p><img loading=\"lazy\" decoding=\"async\" class=\"alignnone size-medium wp-image-1472\" src=\"https:\/\/dienmaynguyenkhang.vn\/wp-content\/uploads\/2022\/08\/tu-dong-sanaky-vh-2899a1-300x300.jpg\" alt=\"\" width=\"300\" height=\"300\" srcset=\"https:\/\/dienmaynguyenkhang.vn\/wp-content\/uploads\/2022\/08\/tu-dong-sanaky-vh-2899a1-300x300.jpg 300w, https:\/\/dienmaynguyenkhang.vn\/wp-content\/uploads\/2022\/08\/tu-dong-sanaky-vh-2899a1-150x150.jpg 150w, https:\/\/dienmaynguyenkhang.vn\/wp-content\/uploads\/2022\/08\/tu-dong-sanaky-vh-2899a1-768x768.jpg 768w, https:\/\/dienmaynguyenkhang.vn\/wp-content\/uploads\/2022\/08\/tu-dong-sanaky-vh-2899a1-510x510.jpg 510w, https:\/\/dienmaynguyenkhang.vn\/wp-content\/uploads\/2022\/08\/tu-dong-sanaky-vh-2899a1-100x100.jpg 100w, https:\/\/dienmaynguyenkhang.vn\/wp-content\/uploads\/2022\/08\/tu-dong-sanaky-vh-2899a1.jpg 1000w\" sizes=\"auto, (max-width: 300px) 100vw, 300px\" \/><\/p>\n","protected":false},"featured_media":1472,"comment_status":"open","ping_status":"closed","template":"","meta":[],"class_list":{"0":"post-1471","1":"product","2":"type-product","3":"status-publish","4":"has-post-thumbnail","6":"product_cat-dong-nguyen","7":"product_cat-sanaky-tu-dong","8":"product_cat-tu-dong","10":"first","11":"instock","12":"sale","13":"shipping-taxable","14":"purchasable","15":"product-type-simple"},"_links":{"self":[{"href":"https:\/\/dienmaynguyenkhang.vn\/index.php?rest_route=\/wp\/v2\/product\/1471","targetHints":{"allow":["GET"]}}],"collection":[{"href":"https:\/\/dienmaynguyenkhang.vn\/index.php?rest_route=\/wp\/v2\/product"}],"about":[{"href":"https:\/\/dienmaynguyenkhang.vn\/index.php?rest_route=\/wp\/v2\/types\/product"}],"replies":[{"embeddable":true,"href":"https:\/\/dienmaynguyenkhang.vn\/index.php?rest_route=%2Fwp%2Fv2%2Fcomments&post=1471"}],"wp:featuredmedia":[{"embeddable":true,"href":"https:\/\/dienmaynguyenkhang.vn\/index.php?rest_route=\/wp\/v2\/media\/1472"}],"wp:attachment":[{"href":"https:\/\/dienmaynguyenkhang.vn\/index.php?rest_route=%2Fwp%2Fv2%2Fmedia&parent=1471"}],"curies":[{"name":"wp","href":"https:\/\/api.w.org\/{rel}","templated":true}]}}