{"id":1412,"date":"2022-08-25T12:55:36","date_gmt":"2022-08-25T05:55:36","guid":{"rendered":"https:\/\/dienmaynguyenkhang.vn\/?post_type=product&#038;p=1412"},"modified":"2025-10-20T18:27:29","modified_gmt":"2025-10-20T11:27:29","slug":"tu-mat-inverter-sanaky-vh-308k3l-300-lit","status":"publish","type":"product","link":"https:\/\/dienmaynguyenkhang.vn\/?product=tu-mat-inverter-sanaky-vh-308k3l-300-lit","title":{"rendered":"T\u1ee7 m\u00e1t Inverter Sanaky VH-308K3L  ( 300 l\u00edt)"},"content":{"rendered":"<div id=\"tab-additional_information\" class=\"row specifications\" role=\"tabpanel\" aria-labelledby=\"tab-title-additional_information\">\n<div class=\"snk-info-product-head\">\n<h3>T\u00cdNH N\u0102NG TH\u00d4NG S\u1ed0 K\u1ef8 THU\u1eacT<\/h3>\n<\/div>\n<div class=\"large-8 col\">\n<div class=\"img-tskt\"><img loading=\"lazy\" decoding=\"async\" class=\"attachment-full size-full lazyloaded\" src=\"https:\/\/sanakyvietnam.net\/wp-content\/uploads\/thong-so-ki-thuat-tu-mat-inverter-sanaky-vh-308k3l-scaled.jpg\" sizes=\"auto, (max-width: 2560px) 100vw, 2560px\" srcset=\"https:\/\/sanakyvietnam.net\/wp-content\/uploads\/thong-so-ki-thuat-tu-mat-inverter-sanaky-vh-308k3l-scaled.jpg 2560w, https:\/\/sanakyvietnam.net\/wp-content\/uploads\/thong-so-ki-thuat-tu-mat-inverter-sanaky-vh-308k3l-scaled-400x270.jpg 400w, https:\/\/sanakyvietnam.net\/wp-content\/uploads\/thong-so-ki-thuat-tu-mat-inverter-sanaky-vh-308k3l-600x406.jpg 600w, https:\/\/sanakyvietnam.net\/wp-content\/uploads\/thong-so-ki-thuat-tu-mat-inverter-sanaky-vh-308k3l-768x519.jpg 768w, https:\/\/sanakyvietnam.net\/wp-content\/uploads\/thong-so-ki-thuat-tu-mat-inverter-sanaky-vh-308k3l-1536x1038.jpg 1536w, https:\/\/sanakyvietnam.net\/wp-content\/uploads\/thong-so-ki-thuat-tu-mat-inverter-sanaky-vh-308k3l-2048x1384.jpg 2048w\" alt=\"\" width=\"2560\" height=\"1731\" data-ll-status=\"loaded\" \/><\/div>\n<\/div>\n<div class=\"large-4 col\">\n<div class=\"product_additional_content\">\n<h2 class=\"title_tabs\">Th\u00f4ng s\u1ed1 k\u1ef9 thu\u1eadt<\/h2>\n<table>\n<tbody>\n<tr>\n<td>Model<\/td>\n<td><strong>VH-308K3L<\/strong><\/td>\n<\/tr>\n<tr>\n<td>H\u00e3ng s\u1ea3n xu\u1ea5t<\/td>\n<td><a href=\"https:\/\/dienmaynguyenkhang.vn\/?product=tu-mat-inverter-sanaky-vh-308k3l-300-lit\"><strong>Sanaky<\/strong><\/a><\/td>\n<\/tr>\n<tr>\n<td>Dung t\u00edch t\u1ed5ng\/Dung t\u00edch s\u1eed d\u1ee5ng<\/td>\n<td>300 l\u00edt\/240 l\u00edt<\/td>\n<\/tr>\n<tr>\n<td>C\u00f4ng ngh\u1ec7<\/td>\n<td>LOW-E<\/td>\n<\/tr>\n<tr>\n<td>L\u1ed1c n\u00e9n<\/td>\n<td>Panasonic<\/td>\n<\/tr>\n<tr>\n<td>Lo\u1ea1i<\/td>\n<td><a href=\"https:\/\/dienmaynguyenkhang.vn\/?product=tu-mat-inverter-sanaky-vh-308k3l-300-lit\">T\u1ee7 m\u00e1t 1 c\u00e1nh<\/a><\/td>\n<\/tr>\n<tr>\n<td>C\u00f4ng su\u1ea5t<\/td>\n<td>115.9W<\/td>\n<\/tr>\n<tr>\n<td>Nhi\u1ec7t \u0111\u1ed9<\/td>\n<td><strong>0<sup>0<\/sup>C \u2013&gt; 10<sup>0<\/sup>C<\/strong><\/td>\n<\/tr>\n<tr>\n<td>Tr\u1ecdng l\u01b0\u1ee3ng t\u1ee7<\/td>\n<td>62<\/td>\n<\/tr>\n<tr>\n<td>K\u00edch th\u01b0\u1edbc t\u1ee7 ( D x R x C ) mm<\/td>\n<td>575 x 610 x 1745<\/td>\n<\/tr>\n<tr>\n<td>Kh\u00ed gas<\/td>\n<td>R600A<\/td>\n<\/tr>\n<tr>\n<td>Ngu\u1ed3n \u0111i\u1ec7n<\/td>\n<td>220V\/50Hz<\/td>\n<\/tr>\n<tr>\n<td>Xu\u1ea5t x\u1ee9<\/td>\n<td>Ch\u00ednh h\u00e3ng<\/td>\n<\/tr>\n<tr>\n<td>B\u1ea3o h\u00e0nh<\/td>\n<td>24 th\u00e1ng<\/td>\n<\/tr>\n<\/tbody>\n<\/table>\n<\/div>\n<p><a class=\"open_additional_popup\" data-src=\"#additional_popup\" data-fancybox=\"\" data-options=\"{&quot;touch&quot; : false}\">XEM CHI TI\u1ebeT TH\u00d4NG S\u1ed0 K\u1ef8 THU\u1eacT<\/a><\/p>\n<div><\/div>\n<\/div>\n<\/div>\n<div class=\"content_description\">\n<div class=\"woocommerce-tabs wc-tabs-wrapper container tabbed-content\">\n<ul class=\"snk-info-product-head tabs wc-tabs product-tabs small-nav-collapse nav nav-uppercase nav-line-grow nav-left\" role=\"tablist\">\n<li id=\"tab-title-description\" class=\"description_tab active\" role=\"tab\" aria-controls=\"tab-description\"><a href=\"https:\/\/dienmaynguyenkhang.vn\/?product=tu-mat-inverter-sanaky-vh-308k3l-300-lit\"><i class=\"fa fa-caret-right\"><\/i>M\u00d4 T\u1ea2 S\u1ea2N PH\u1ea8M<\/a><\/li>\n<\/ul>\n<div class=\"tab-panels\">\n<div id=\"tab-description\" class=\"woocommerce-Tabs-panel woocommerce-Tabs-panel--description panel entry-content active\" role=\"tabpanel\" aria-labelledby=\"tab-title-description\">\n<h2>T\u1ee7 m\u00e1t Inverter Sanaky VH 308K3L dung t\u00edch 300 l\u00edt<\/h2>\n<p><a href=\"https:\/\/dienmaynguyenkhang.vn\/?product=tu-mat-inverter-sanaky-vh-308k3l-300-lit\"><em><strong>T\u1ee7 m\u00e1t Sanaky VH-308K3L<\/strong><\/em><\/a>\u00a0l\u00e0 chi\u1ebfc t\u1ee7 m\u00e1t 1 c\u00e1nh k\u00ednh m\u1edbi ra m\u1eaft \u0111\u1ea7u n\u0103m 2020 c\u1ee7a h\u00e3ng Sanaky. S\u1edf h\u1eefu c\u00f4ng ngh\u1ec7 inverter ti\u1ebft ki\u1ec7m \u0111i\u1ec7n v\u00e0 c\u00f4ng ngh\u1ec7 LOW-E hi\u1ec7n \u0111\u1ea1i gi\u00fap gi\u1eef nhi\u1ec7t t\u1ed1t h\u01a1n v\u00e0 ch\u1ed1ng b\u00e1m h\u01a1i n\u01b0\u1edbc. C\u00f9ng v\u1edbi dung t\u00edch 300 l\u00edt v\u00e0 thi\u1ebft k\u1ebf c\u1eeda k\u00ednh trong su\u1ed1t, s\u1ea3n ph\u1ea9m \u0111\u00e1p \u1ee9ng \u0111\u01b0\u1ee3c nhu c\u1ea7u s\u1eed d\u1ee5ng c\u1ee7a c\u00e1c ti\u1ec7m t\u1ea1p h\u00f3a, qu\u00e1n n\u01b0\u1edbc gia \u0111\u00ecnh hay si\u00eau th\u1ecb mini v\u1edbi nhu c\u1ea7u b\u1ea3o qu\u1ea3n v\u00e0 tr\u01b0ng b\u00e0y th\u1ef1c ph\u1ea9m.<\/p>\n<p><img loading=\"lazy\" decoding=\"async\" class=\"aligncenter wp-image-11125 lazyloaded\" src=\"https:\/\/sanakyvietnam.net\/wp-content\/uploads\/tinh-nang-tu-mat-inverter-sanaky-vh-308k3l-600x301.jpg\" sizes=\"auto, (max-width: 860px) 100vw, 860px\" srcset=\"https:\/\/sanakyvietnam.net\/wp-content\/uploads\/tinh-nang-tu-mat-inverter-sanaky-vh-308k3l-600x301.jpg 600w, https:\/\/sanakyvietnam.net\/wp-content\/uploads\/tinh-nang-tu-mat-inverter-sanaky-vh-308k3l-400x201.jpg 400w, https:\/\/sanakyvietnam.net\/wp-content\/uploads\/tinh-nang-tu-mat-inverter-sanaky-vh-308k3l-768x385.jpg 768w, https:\/\/sanakyvietnam.net\/wp-content\/uploads\/tinh-nang-tu-mat-inverter-sanaky-vh-308k3l.jpg 1078w\" alt=\"\" width=\"860\" height=\"432\" data-ll-status=\"loaded\" \/><\/p>\n<h3>M\u1ed9t s\u1ed1 t\u00ednh n\u0103ng n\u1ed5i b\u1eadt<\/h3>\n<p>VH-308K3L t\u00edch h\u1ee3p c\u00f4ng ngh\u1ec7 inverter, gi\u00fap ti\u1ebft ki\u1ec7m \u0111i\u1ec7n n\u0103ng ti\u00eau th\u1ee5 l\u00ean t\u1edbi 50% so v\u1edbi nh\u1eefng d\u00f2ng t\u1ee7 th\u00f4ng th\u01b0\u1eddng.<\/p>\n<p>C\u00e1nh c\u1eeda k\u00ednh ch\u1ecbu l\u1ef1c 2 l\u1edbp v\u1edbi c\u00f4ng ngh\u1ec7 LOW-E ph\u1ea3n x\u1ea1 nhi\u1ec7t, ch\u1ed1ng tia c\u1ef1c t\u00edm: L\u00e0m gi\u1ea3m s\u1ef1 ph\u00e1t t\u00e1n, h\u1ea5p th\u1ee5 nhi\u1ec7t v\u00e0 ng\u0103n ch\u1eb7n tia c\u1ef1c t\u00edm l\u00e0m \u1ea3nh h\u01b0\u1edfng \u0111\u1ebfn th\u1ef1c ph\u1ea9m b\u1ea3o qu\u1ea3n trong t\u1ee7. C\u00f9ng v\u1edbi \u0111\u00f3 n\u00f3 c\u0169ng gi\u00fap t\u0103ng kh\u1ea3 \u0103ng gi\u1eef nhi\u1ec7t, ng\u0103n ch\u1eb7n v\u00e0 l\u00e0m gi\u1ea3m s\u1ef1 truy\u1ec1n nhi\u1ec7t t\u1eeb ngo\u00e0i v\u00e0o trong t\u1ee7 hay t\u1eeb trong t\u1ee7 ra m\u00f4i tr\u01b0\u1eddng b\u00ean ngo\u00e0i, gi\u00fap gi\u1ea3m \u0111i\u1ec7n n\u0103ng ti\u00eau th\u1ee5. K\u1ebft h\u1ee3p v\u1edbi h\u1ec7 th\u1ed1ng s\u01b0\u1edfi k\u00ednh t\u1eeb l\u1ed1c n\u00e9n gi\u00fap h\u1ea1n ch\u1ebf t\u1ed1i \u0111a t\u00ecnh tr\u1ea1ng \u0111\u1ecdng s\u01b0\u01a1ng tr\u00ean c\u00e1nh k\u00ednh.<\/p>\n<p>H\u1ec7 th\u1ed1ng \u0111\u00e8n LED chi\u1ebfu s\u00e1ng d\u1ecdc b\u00ean h\u00f4ng t\u1ee7 si\u00eau ti\u1ebft ki\u1ec7m \u0111i\u1ec7n.<\/p>\n<p>L\u1edbp th\u00e0nh t\u1ee7 d\u00e0y gi\u1eef nhi\u1ec7t t\u1ed1t, l\u00f2ng\u00a0<strong><a href=\"https:\/\/dienmaynguyenkhang.vn\/?product=tu-mat-inverter-sanaky-vh-308k3l-300-lit\" data-cke-saved-href=\"https:\/\/sanakyvietnam.net\/tu-mat-sanaky\/\">t\u1ee7 m\u00e1t b\u1ea3o qu\u1ea3n m\u00e1t h\u00e3ng Sanaky<\/a><\/strong>\u00a0\u0111\u01b0\u1ee3c l\u00e0m b\u1eb1ng ch\u1ea5t li\u1ec7u nh\u1ef1a ABS c\u00f3 t\u00ednh d\u1ebbo dai v\u00e0 \u0111\u1ed9 b\u1ec1n cao. Ngo\u00e0i ra \u0111\u00e1y t\u1ee7 c\u00f3 l\u1ed7 tho\u00e1t n\u01b0\u1edbc gi\u00fap vi\u1ec7c lau ch\u00f9i v\u1ec7 sinh t\u1ee7 d\u1ec5 d\u00e0ng h\u01a1n.<\/p>\n<p>Ng\u0103n t\u1ee7 c\u0169ng c\u00f3 3 k\u1ec7 \u0111\u1ec3 \u0111\u1ed3 c\u00f3 th\u1ec3 th\u00e1o d\u1ee1 v\u00e0 di chuy\u1ec3n, b\u1ea1n c\u00f3 th\u1ec3 d\u1ec5 d\u00e0ng ph\u00e2n lo\u1ea1i th\u1ef1c ph\u1ea9m b\u1ea3o qu\u1ea3n v\u00e0 tr\u01b0ng b\u00e0y h\u01a1n.<\/p>\n<p>T\u1ee7 s\u1eed d\u1ee5ng d\u00e0n l\u1ea1nh b\u1eb1ng nh\u00f4m cho kh\u1ea3 n\u0103ng l\u00e0m l\u1ea1nh \u1ed5n \u0111\u1ecbnh, k\u1ebft h\u1ee3p qu\u1ea1t \u0111\u1ea3o nhi\u1ec7t h\u01a1i l\u1ea1nh s\u00e2u v\u00e0 l\u01b0u th\u00f4ng \u0111\u1ec1u kh\u1eafp b\u00ean trong t\u1ee7 \u0111\u1ea3m b\u1ea3o th\u1ef1c ph\u1ea9m \u0111\u1ec1u \u0111\u01b0\u1ee3c t\u01b0\u01a1i ngon. Nhi\u1ec7t \u0111\u1ed9 l\u00e0m l\u1ea1nh c\u1ee7a t\u1ee7 l\u00e0 0-10 \u0111\u1ed9 C.<\/p>\n<p>Sanaky VH-308K3L s\u1eed d\u1ee5ng l\u1ed1c m\u00e1y n\u00e9n kh\u00ed do Panasonic s\u1ea3n xu\u1ea5t ho\u1ea1t \u0111\u1ed9ng r\u1ea5t \u00eam \u00e1i v\u00e0 b\u1ec1n b\u1ec9, tu\u1ed5i th\u1ecd cao.<\/p>\n<p>Ch\u00e2n t\u1ee7 \u0111\u01b0\u1ee3c l\u1eafp \u0111\u1eb7t 4 b\u00e1nh xe ch\u1ecbu l\u1ef1c gi\u00fap vi\u1ec7c di chuy\u1ec3n d\u1ec5 d\u00e0ng h\u01a1n m\u00e0 kh\u00f4ng t\u1ed1n nhi\u1ec1u s\u1ee9c.<\/p>\n<h3>\u272a Video chi ti\u1ebft v\u1ec1 s\u1ea3n ph\u1ea9m T\u1ee7 m\u00e1t Sanaky VH-308K3L<\/h3>\n<p><center><iframe loading=\"lazy\" class=\"lazyloaded\" title=\"T\u1ee7 m\u00e1t Sanaky Inverter 1 c\u00e1nh m\u1edf - K\u00ednh c\u01b0\u1eddng l\u1ef1c LOW-E [Model: VH-308K3L] Dung t\u00edch 300L\" src=\"https:\/\/www.youtube.com\/embed\/APIlmLOr-YE?feature=oembed\" width=\"1020\" height=\"574\" frameborder=\"0\" allowfullscreen=\"allowfullscreen\" data-rocket-lazyload=\"fitvidscompatible\" data-ll-status=\"loaded\" data-mce-fragment=\"1\"><\/iframe><\/center><\/div>\n<\/div>\n<\/div>\n<\/div>\n","protected":false},"excerpt":{"rendered":"<p><img loading=\"lazy\" decoding=\"async\" class=\"alignnone size-medium wp-image-1414\" src=\"https:\/\/dienmaynguyenkhang.vn\/wp-content\/uploads\/2022\/08\/tu-mat-sanaky-vh-408k3l-1-300x300.jpg\" alt=\"\" width=\"300\" height=\"300\" \/><\/p>\n","protected":false},"featured_media":1411,"comment_status":"open","ping_status":"closed","template":"","meta":[],"class_list":{"0":"post-1412","1":"product","2":"type-product","3":"status-publish","4":"has-post-thumbnail","6":"product_cat-sanaky-tu-mat","7":"product_cat-tu-mat","8":"product_cat-tu-mat-1-canh","10":"first","11":"instock","12":"sale","13":"shipping-taxable","14":"purchasable","15":"product-type-simple"},"_links":{"self":[{"href":"https:\/\/dienmaynguyenkhang.vn\/index.php?rest_route=\/wp\/v2\/product\/1412","targetHints":{"allow":["GET"]}}],"collection":[{"href":"https:\/\/dienmaynguyenkhang.vn\/index.php?rest_route=\/wp\/v2\/product"}],"about":[{"href":"https:\/\/dienmaynguyenkhang.vn\/index.php?rest_route=\/wp\/v2\/types\/product"}],"replies":[{"embeddable":true,"href":"https:\/\/dienmaynguyenkhang.vn\/index.php?rest_route=%2Fwp%2Fv2%2Fcomments&post=1412"}],"wp:featuredmedia":[{"embeddable":true,"href":"https:\/\/dienmaynguyenkhang.vn\/index.php?rest_route=\/wp\/v2\/media\/1411"}],"wp:attachment":[{"href":"https:\/\/dienmaynguyenkhang.vn\/index.php?rest_route=%2Fwp%2Fv2%2Fmedia&parent=1412"}],"curies":[{"name":"wp","href":"https:\/\/api.w.org\/{rel}","templated":true}]}}