{"id":1401,"date":"2022-08-20T07:54:09","date_gmt":"2022-08-20T00:54:09","guid":{"rendered":"https:\/\/dienmaynguyenkhang.vn\/?post_type=product&#038;p=1401"},"modified":"2025-10-20T18:32:31","modified_gmt":"2025-10-20T11:32:31","slug":"tu-mat-sanaky-vh-1520hp-3-inverter","status":"publish","type":"product","link":"https:\/\/dienmaynguyenkhang.vn\/?product=tu-mat-sanaky-vh-1520hp-3-inverter","title":{"rendered":"T\u1ee7 m\u00e1t Sanaky VH-1520HP 3 Inverter"},"content":{"rendered":"<div id=\"tab-additional_information\" class=\"row specifications\" role=\"tabpanel\" aria-labelledby=\"tab-title-additional_information\">\n<div class=\"snk-info-product-head\">\n<h3>T\u00cdNH N\u0102NG TH\u00d4NG S\u1ed0 K\u1ef8 THU\u1eacT<\/h3>\n<\/div>\n<div class=\"large-8 col\">\n<div class=\"img-tskt\"><img loading=\"lazy\" decoding=\"async\" class=\"attachment-full size-full lazyloaded\" src=\"https:\/\/sanakyvietnam.net\/wp-content\/uploads\/tu-mat-3-canh-sanaky.jpg\" sizes=\"auto, (max-width: 800px) 100vw, 800px\" srcset=\"https:\/\/sanakyvietnam.net\/wp-content\/uploads\/tu-mat-3-canh-sanaky.jpg 800w, https:\/\/sanakyvietnam.net\/wp-content\/uploads\/tu-mat-3-canh-sanaky-400x271.jpg 400w, https:\/\/sanakyvietnam.net\/wp-content\/uploads\/tu-mat-3-canh-sanaky-600x406.jpg 600w, https:\/\/sanakyvietnam.net\/wp-content\/uploads\/tu-mat-3-canh-sanaky-768x519.jpg 768w\" alt=\"\" width=\"800\" height=\"541\" data-ll-status=\"loaded\" \/><\/div>\n<\/div>\n<div class=\"large-4 col\">\n<div class=\"product_additional_content\">\n<h2 class=\"title_tabs\">Th\u00f4ng s\u1ed1 k\u1ef9 thu\u1eadt<\/h2>\n<table>\n<tbody>\n<tr>\n<td><strong>Model<\/strong><\/td>\n<td>VH-1520HP3<\/td>\n<\/tr>\n<tr>\n<td><strong>H\u00e3ng s\u1ea3n xu\u1ea5t<\/strong><\/td>\n<td><a href=\"https:\/\/dienmaynguyenkhang.vn\/?product=tu-mat-sanaky-vh-1520hp-3-inverter\">Sanaky<\/a><\/td>\n<\/tr>\n<tr>\n<td><strong>Dung t\u00edch<\/strong><\/td>\n<td>1500 l\u00edt\/1400 l\u00edt<\/td>\n<\/tr>\n<tr>\n<td><strong>C\u00f4ng su\u1ea5t<\/strong><\/td>\n<td>\u00a0517 W<\/td>\n<\/tr>\n<tr>\n<td><strong>S\u1ed1 c\u00e1nh<\/strong><\/td>\n<td>3<\/td>\n<\/tr>\n<tr>\n<td><strong>Kho\u1ea3ng nhi\u1ec7t \u0111\u1ed9<\/strong><\/td>\n<td>0 ~ 10\u2103<\/td>\n<\/tr>\n<tr>\n<td><strong>S\u1eed d\u1ee5ng gas<\/strong><\/td>\n<td>R134a<\/td>\n<\/tr>\n<tr>\n<td><strong>K\u00edch th\u01b0\u1edbc t\u1ee7 (D x R x C mm)<\/strong><\/td>\n<td>1520 x 730 x 2035 mm<\/td>\n<\/tr>\n<tr>\n<td><strong>Tr\u1ecdng l\u01b0\u1ee3ng<\/strong><\/td>\n<td>210kg<\/td>\n<\/tr>\n<tr>\n<td><strong>\u0110i\u1ec7n \u00e1p<\/strong><\/td>\n<td>220V\/50Hz<\/td>\n<\/tr>\n<tr>\n<td><strong>B\u1ea3o h\u00e0nh<\/strong><\/td>\n<td>24 th\u00e1ng<\/td>\n<\/tr>\n<\/tbody>\n<\/table>\n<\/div>\n<p><a class=\"open_additional_popup\" data-src=\"#additional_popup\" data-fancybox=\"\" data-options=\"{&quot;touch&quot; : false}\">XEM CHI TI\u1ebeT TH\u00d4NG S\u1ed0 K\u1ef8 THU\u1eacT<\/a><\/p>\n<div><\/div>\n<\/div>\n<\/div>\n<div class=\"content_description\">\n<div class=\"woocommerce-tabs wc-tabs-wrapper container tabbed-content\">\n<ul class=\"snk-info-product-head tabs wc-tabs product-tabs small-nav-collapse nav nav-uppercase nav-line-grow nav-left\" role=\"tablist\">\n<li id=\"tab-title-description\" class=\"description_tab active\" role=\"tab\" aria-controls=\"tab-description\"><a href=\"https:\/\/dienmaynguyenkhang.vn\/?product=tu-mat-sanaky-vh-1520hp-3-inverter\"><i class=\"fa fa-caret-right\"><\/i>M\u00d4 T\u1ea2 S\u1ea2N PH\u1ea8M<\/a><\/li>\n<\/ul>\n<div class=\"tab-panels\">\n<div id=\"tab-description\" class=\"woocommerce-Tabs-panel woocommerce-Tabs-panel--description panel entry-content active\" role=\"tabpanel\" aria-labelledby=\"tab-title-description\">\n<p>T\u1ee7 m\u00e1t Sanaky VH-1520HP 3 Inverter l\u00e0 thi\u1ebft b\u1ecb \u1ee9ng d\u1ee5ng c\u00f4ng ngh\u1ec7 Inverter hi\u1ec7n \u0111\u1ea1i. Gi\u00fap thi\u1ebft b\u1ecb mang nh\u1eefng \u01b0u \u0111i\u1ec3m v\u01b0\u1ee3t tr\u1ed9i so v\u1edbi nh\u1eefng s\u1ea3n ph\u1ea9m kh\u00e1c tr\u00ean th\u1ecb tr\u01b0\u1eddng. C\u00f4ng ngh\u1ec7 Inverter n\u1ed5i tr\u1ed9i s\u1ebd gi\u00fap vi\u1ec7c\u00a0<strong>ki\u1ec3m so\u00e1t nhi\u1ec7t \u0111\u1ed9 t\u1ee7 m\u00e1t<\/strong>\u00a0d\u1ec5 d\u00e0ng h\u01a1n. T\u1eeb \u0111\u00f3 b\u1ea1n s\u1ebd b\u1ea3o qu\u1ea3n \u0111\u01b0\u1ee3c c\u00e1c lo\u1ea1i th\u1ef1c ph\u1ea9m l\u00e2u h\u01a1n, gi\u00fap rau c\u1ee7, hoa qu\u1ea3 t\u01b0\u01a1i l\u00e2u h\u01a1n.<\/p>\n<h2>T\u1ee7 m\u00e1t Sanaky VH-1520HP Inverter 3 c\u00e1nh m\u1edf dung t\u00edch 1500 l\u00edt<\/h2>\n<p><strong>T\u1ee7 m\u00e1t Sanaky VH-1520HP<\/strong>\u00a03 Inverter l\u00e0 thi\u1ebft b\u1ecb thu\u1ed9c d\u00f2ng t\u1ee7 m\u00e1t c\u00f3 dung t\u00edch l\u1edbn nh\u1ea5t t\u1eeb th\u01b0\u01a1ng hi\u1ec7u Sanaky. V\u1edbi thi\u1ebft k\u1ebf c\u1eeda k\u00ednh trong su\u1ed1t c\u00f9ng v\u1edbi 3 c\u00e1nh m\u1edf cho dung t\u00edch l\u00ean t\u1edbi 1500 l\u00edt. Thi\u1ebft b\u1ecb \u0111\u00e1p \u1ee9ng \u0111\u01b0\u1ee3c nhu c\u1ea7u b\u1ea3o qu\u1ea3n c\u0169ng nh\u01b0 tr\u01b0ng b\u00e0y th\u1ef1c ph\u1ea9m t\u1ea1i c\u00e1c c\u1eeda h\u00e0ng th\u1ef1c ph\u1ea9m hay si\u00eau th\u1ecb.<\/p>\n<p>D\u00f2ng t\u1ee7 m\u00e1t s\u1eed d\u1ee5ng c\u00f4ng ngh\u1ec7 bi\u1ebfn t\u1ea7n Inverter c\u00f3 kh\u1ea3 n\u0103ng \u0111i\u1ec1u ch\u1ec9nh \u0111\u01b0\u1ee3c v\u00f2ng quay c\u1ee7a m\u00e1y n\u00e9n. Nh\u1edd \u0111\u00f3 duy tr\u00ec nhi\u1ec7t \u0111\u1ed9 ho\u1ea1t \u0111\u1ed9ng \u1ed5n \u0111\u1ecbnh, \u0111\u1eb7c bi\u1ec7t\u00a0gi\u00fap t\u1ee7 v\u1eadn h\u00e0nh v\u00f4 c\u00f9ng \u00eam \u00e1i c\u0169ng nh\u01b0\u00a0ti\u1ebft ki\u1ec7m \u0111i\u1ec7n n\u0103ng hi\u1ec7u qu\u1ea3.<\/p>\n<p><img loading=\"lazy\" decoding=\"async\" class=\"aligncenter wp-image-11307 lazyloaded\" src=\"https:\/\/sanakyvietnam.net\/wp-content\/uploads\/tu-mat-sanaky-vh-1520hp-1-600x289.jpg\" sizes=\"auto, (max-width: 860px) 100vw, 860px\" srcset=\"https:\/\/sanakyvietnam.net\/wp-content\/uploads\/tu-mat-sanaky-vh-1520hp-1-600x289.jpg 600w, https:\/\/sanakyvietnam.net\/wp-content\/uploads\/tu-mat-sanaky-vh-1520hp-1-400x192.jpg 400w, https:\/\/sanakyvietnam.net\/wp-content\/uploads\/tu-mat-sanaky-vh-1520hp-1-768x369.jpg 768w, https:\/\/sanakyvietnam.net\/wp-content\/uploads\/tu-mat-sanaky-vh-1520hp-1.jpg 1420w\" alt=\"\" width=\"860\" height=\"414\" data-ll-status=\"loaded\" \/><\/p>\n<p>M\u1ed9t trong nh\u1eefng \u01b0u \u0111i\u1ec3m c\u1ee7a t\u1ee7 m\u00e1t s\u1eed d\u1ee5ng c\u00f4ng ngh\u1ec7\u00a0Inverter \u0111\u00f3 ch\u00ednh l\u00e0 kh\u1ea3 n\u0103ng\u00a0<strong>ti\u1ebft ki\u1ec7m \u0111i\u1ec7n n\u0103ng l\u00ean \u0111\u1ebfn 30-50%.<\/strong>\u00a0B\u1ea1n s\u1ebd kh\u00f4ng c\u00f2n ph\u1ea3i lo l\u1eafng v\u1ec1 h\u00f3a \u0111\u01a1n ti\u1ec1n \u0111i\u1ec7n h\u1eb1ng th\u00e1ng n\u1eefa so v\u1edbi vi\u1ec7c s\u1eed d\u1ee5ng c\u00e1c d\u00f2ng t\u1ee7 truy\u1ec1n th\u1ed1ng.<\/p>\n<p>D\u00f2ng t\u1ee7 m\u00e1t\u00a0Inverter \u0111\u1ec1u kh\u00f4ng b\u1ecb \u0111\u00f3ng tuy\u1ebft nh\u1edd \u0111\u00f3 m\u00e0\u00a0th\u1ef1c ph\u1ea9m \u0111\u01b0\u1ee3c b\u1ea3o qu\u1ea3n t\u1ed1t h\u01a1n v\u00e0 vi\u1ec7c v\u1ec7 sinh t\u1ee7 c\u0169ng d\u1ec5 d\u00e0ng h\u01a1n. V\u1edbi c\u00f4ng ngh\u1ec7 hi\u1ec7n \u0111\u1ea1i n\u00e0y, t\u1ee7 m\u00e1t c\u0169ng \u0111\u01b0\u1ee3c trang b\u1ecb v\u1edbi dung t\u00edch l\u1edbn h\u01a1n. Nh\u1edd v\u1eady gi\u00fap b\u1ea1n b\u1ea3o qu\u1ea3n v\u00e0 tr\u01b0ng b\u00e0y c\u00e1c lo\u1ea1i h\u00e0ng ho\u00e1 v\u00e0 th\u1ef1c ph\u1ea9m d\u1ec5 d\u00e0ng.<\/p>\n<h2>M\u1ed9t s\u1ed1 t\u00ednh n\u0103ng n\u1ed5i b\u1eadt c\u1ee7a t\u1ee7 m\u00e1t Sanaky VH-1520HP 3 Inverter<\/h2>\n<ul>\n<li>C\u1eeda k\u00ednh c\u1ee7a VH-1520HP 3 Inverter \u0111\u01b0\u1ee3c trang b\u1ecb lo\u1ea1i k\u00ednh trong su\u1ed1t. K\u00ednh c\u00e1o c\u1ea5p cho kh\u1ea3 n\u0103ng c\u00e1ch nhi\u1ec7t t\u1ed1t. H\u01a1n n\u1eefa c\u1eeda k\u00ednh c\u0169ng\u00a0lu\u00f4n gi\u1eef \u0111\u01b0\u1ee3c s\u1ef1 trong su\u1ed1t nh\u1edd h\u1ec7 th\u1ed1ng s\u01b0\u1edfi k\u00ednh ch\u1ed1ng m\u1edd hi\u1ec7n \u0111\u1ea1i \u0111\u01b0\u1ee3c l\u1eafp \u0111\u1eb7t cho t\u1ee7.<\/li>\n<li>Kh\u00f4ng gian tr\u01b0ng b\u00e0y b\u00ean trong r\u1ed9ng r\u00e3o l\u1ea1i \u0111\u01b0\u1ee3c \u0111\u01b0\u1ee3c chi\u1ebfu s\u00e1ng. V\u1edbi h\u1ec7 th\u1ed1ng \u0111\u00e8n LED \u0111\u01b0\u1ee3c l\u1eafp \u0111\u1eb7t chu\u1ea9n d\u1ecdc b\u00ean trong th\u00e2n t\u1ee7 v\u00e0 n\u00f3c t\u1ee7.<\/li>\n<li>Dung t\u00edch c\u1ee7a t\u1ee7 l\u00ean t\u1edbi 1500 l\u00edt cho kh\u1ea3 n\u0103ng ch\u1ee9a v\u00f4 c\u00f9ng r\u1ed9ng r\u00e3i. Nh\u1edd v\u1eady b\u1ea1n c\u00f3 th\u1ec3 b\u1ea3o qu\u1ea3n t\u1ed1t nh\u1ea5t h\u00e0ng ho\u00e1 v\u00e0 c\u00e1c lo\u1ea1i th\u1ef1c ph\u1ea9m. B\u00ean trong t\u1ee7 \u0111\u01b0\u1ee3c trang b\u1ecb 12 k\u1ec7. C\u00e1c k\u1ec7 \u0111\u1ec1u d\u1ec5 d\u00e0ng th\u00e1o l\u1eafp, gi\u00fap b\u1ea1n ph\u00e2n lo\u1ea1i c\u00e1c th\u1ef1c ph\u1ea9m v\u00e0 h\u00e0ng ho\u00e1 d\u1ec5 d\u00e0ng.<\/li>\n<li>L\u00f2ng t\u1ee7 VH-1520HP 3 Inverter \u0111\u01b0\u1ee3c l\u00e0m b\u1eb1ng nh\u00f4m ph\u1eb3ng. Nh\u1edd v\u1eady\u00a0 \u0111\u1ea3m b\u1ea3o \u0111\u1ed9 b\u1ec1n cho thi\u1ebft b\u1ecb. B\u00ean c\u1ea1nh \u0111\u00f3 thi\u1ebft k\u1ebf l\u1ed7 tho\u00e1t n\u01b0\u1edbc d\u01b0\u1edbi \u0111\u00e1y t\u1ee7 s\u1ebd ch\u1ea3y xu\u1ed1ng khay sau \u0111\u00f3 b\u1ed1c h\u01a1i \u0111i, n\u00ean r\u1ea5t thu\u1eadn ti\u1ec7n cho ng\u01b0\u1eddi d\u00f9ng v\u1ec7 sinh, lau ch\u00f9i. Ph\u1ea7n tay c\u1ea7m, khung vi\u1ec1n c\u1ee7a c\u1eeda t\u1ee7 c\u00f3 \u0111\u1ed9 b\u1ec1n cao v\u1edbi nh\u1ef1a PVC.<\/li>\n<li>T\u1ee7 m\u00e1t VH-1520HP 3 Inverter \u0111\u1eb7c bi\u1ec7t \u0111\u01b0\u1ee3c trang b\u1ecb\u00a0\u00a0d\u00e0n l\u1ea1nh b\u1eb1ng \u0111\u1ed3ng cho hi\u1ec7u su\u1ea5t l\u00e0m l\u1ea1nh r\u1ea5t nhanh. T\u1ee7 m\u00e1t c\u1ee7a b\u1ea1n s\u1ebd ho\u1ea1t \u0111\u1ed9ng b\u1ec1n b\u1ec9 h\u01a1n. C\u00f9ng v\u1edbi s\u1ef1 k\u1ebft h\u1ee3p v\u1edbi h\u1ec7 th\u1ed1ng qu\u1ea1t \u0111\u1ea3o nhi\u1ec7t, gi\u00fap h\u01a1i l\u1ea1nh s\u00e2u v\u00e0 l\u01b0u th\u00f4ng \u0111\u1ec1u kh\u1eafp t\u1ee7. Nh\u1edd \u0111\u00f3 nhi\u1ec7t \u0111\u1ed9 lu\u00f4n \u0111\u01b0\u1ee3c \u1ed5n \u0111\u1ecbnh, m\u00e1y kh\u00f4ng c\u1ea7n ho\u1ea1t \u0111\u1ed9ng qu\u00e1 c\u00f4ng su\u1ea5t.<\/li>\n<li>Ng\u0103n t\u1ee7 \u0111\u01b0\u1ee3c l\u00e0m b\u1eb1ng ch\u1ea5t li\u1ec7u nh\u1ef1a cao c\u1ea5p ABS d\u1ebbo dai, ch\u1ed1ng va \u0111\u1eadp r\u1ea5t t\u1ed1t. L\u1edbp foam d\u00e0y v\u00ec v\u1eady gi\u00fap t\u1ee7 gi\u1eef l\u1ea1nh r\u1ea5t t\u1ed1t. Gas s\u1eed d\u1ee5ng l\u00e0 gas R134a th\u00e2n thi\u1ec7n v\u1edbi m\u00f4i tr\u01b0\u1eddng. Nhi\u1ec7t \u0111\u1ed9 l\u00e0m l\u1ea1nh c\u1ee7a t\u1ee7 dao \u0111\u1ed9ng t\u1eeb 0<sup>o<\/sup>C \u2013 10<sup>o<\/sup>C.<\/li>\n<li>D\u01b0\u1edbi ch\u00e2n t\u1ee7 c\u0169ng \u0111\u01b0\u1ee3c l\u1eafp \u0111\u1eb7t 6 b\u00e1nh xe\u00a0 c\u00f3 kh\u1ea3 n\u0103ng ch\u1ecbu l\u1ef1c gi\u00fap vi\u1ec7c di chuy\u1ec3n t\u1ee7 d\u1ec5 d\u00e0ng h\u01a1n m\u00e0 kh\u00f4ng t\u1ed1n nhi\u1ec1u s\u1ee9c.<\/li>\n<\/ul>\n<p>T\u1ee7 m\u00e1t Sanaky VH-1520HP 3 Inverter l\u00e0 d\u00f2ng s\u1ea3n ph\u1ea9m mang nhi\u1ec1u \u01b0u \u0111i\u1ec3m. Thi\u1ebft b\u1ecb ph\u00f9 h\u1ee3p cho c\u00e1c c\u01a1 s\u1edf kinh doanh s\u1eed d\u1ee5ng \u0111\u1ec3 tr\u01b0ng b\u00e0y v\u00e0 b\u1ea3o qu\u1ea3n c\u00e1c lo\u1ea1i h\u00e0ng ho\u00e1. Li\u00ean h\u1ec7 ngay holine 0989225757\u00a0 \u0111\u1ec3 \u0111\u01b0\u1ee3c t\u01b0 v\u1ea5n v\u00e0 h\u1ed7 tr\u1ee3 v\u1ec1 c\u00e1c s\u1ea3n ph\u1ea9m ch\u00ednh h\u00e3ng v\u1edbi m\u1ee9c gi\u00e1 t\u1ed1t nh\u1ea5t.<\/p>\n<\/div>\n<\/div>\n<\/div>\n<\/div>\n","protected":false},"excerpt":{"rendered":"<p><img loading=\"lazy\" decoding=\"async\" class=\"alignnone size-medium wp-image-1402\" src=\"https:\/\/dienmaynguyenkhang.vn\/wp-content\/uploads\/2022\/08\/tu-mat-sanaky-vh-1520hp-3-canh-mo-300x300.jpg\" alt=\"\" width=\"300\" height=\"300\" srcset=\"https:\/\/dienmaynguyenkhang.vn\/wp-content\/uploads\/2022\/08\/tu-mat-sanaky-vh-1520hp-3-canh-mo-300x300.jpg 300w, https:\/\/dienmaynguyenkhang.vn\/wp-content\/uploads\/2022\/08\/tu-mat-sanaky-vh-1520hp-3-canh-mo-150x150.jpg 150w, https:\/\/dienmaynguyenkhang.vn\/wp-content\/uploads\/2022\/08\/tu-mat-sanaky-vh-1520hp-3-canh-mo-768x768.jpg 768w, https:\/\/dienmaynguyenkhang.vn\/wp-content\/uploads\/2022\/08\/tu-mat-sanaky-vh-1520hp-3-canh-mo-510x510.jpg 510w, https:\/\/dienmaynguyenkhang.vn\/wp-content\/uploads\/2022\/08\/tu-mat-sanaky-vh-1520hp-3-canh-mo-100x100.jpg 100w, https:\/\/dienmaynguyenkhang.vn\/wp-content\/uploads\/2022\/08\/tu-mat-sanaky-vh-1520hp-3-canh-mo.jpg 1000w\" sizes=\"auto, (max-width: 300px) 100vw, 300px\" \/><\/p>\n","protected":false},"featured_media":1402,"comment_status":"open","ping_status":"closed","template":"","meta":[],"class_list":{"0":"post-1401","1":"product","2":"type-product","3":"status-publish","4":"has-post-thumbnail","6":"product_cat-mat-2-3-4canh","7":"product_cat-sanaky-tu-mat","8":"product_cat-tu-mat","10":"first","11":"instock","12":"sale","13":"shipping-taxable","14":"purchasable","15":"product-type-simple"},"_links":{"self":[{"href":"https:\/\/dienmaynguyenkhang.vn\/index.php?rest_route=\/wp\/v2\/product\/1401","targetHints":{"allow":["GET"]}}],"collection":[{"href":"https:\/\/dienmaynguyenkhang.vn\/index.php?rest_route=\/wp\/v2\/product"}],"about":[{"href":"https:\/\/dienmaynguyenkhang.vn\/index.php?rest_route=\/wp\/v2\/types\/product"}],"replies":[{"embeddable":true,"href":"https:\/\/dienmaynguyenkhang.vn\/index.php?rest_route=%2Fwp%2Fv2%2Fcomments&post=1401"}],"wp:featuredmedia":[{"embeddable":true,"href":"https:\/\/dienmaynguyenkhang.vn\/index.php?rest_route=\/wp\/v2\/media\/1402"}],"wp:attachment":[{"href":"https:\/\/dienmaynguyenkhang.vn\/index.php?rest_route=%2Fwp%2Fv2%2Fmedia&parent=1401"}],"curies":[{"name":"wp","href":"https:\/\/api.w.org\/{rel}","templated":true}]}}