{"id":1384,"date":"2022-08-19T20:26:49","date_gmt":"2022-08-19T13:26:49","guid":{"rendered":"https:\/\/dienmaynguyenkhang.vn\/?post_type=product&#038;p=1384"},"modified":"2026-04-18T02:56:35","modified_gmt":"2026-04-17T19:56:35","slug":"tu-lanh-sanaky-vh-148hpa-140-lit","status":"publish","type":"product","link":"https:\/\/dienmaynguyenkhang.vn\/?product=tu-lanh-sanaky-vh-148hpa-140-lit","title":{"rendered":"T\u1ee7 l\u1ea1nh Sanaky VH-148HPA (140 l\u00edt)"},"content":{"rendered":"<div id=\"tab-additional_information\" class=\"row specifications\" role=\"tabpanel\" aria-labelledby=\"tab-title-additional_information\">\n<div class=\"snk-info-product-head\">\n<h3>T\u00cdNH N\u0102NG TH\u00d4NG S\u1ed0 K\u1ef8 THU\u1eacT<\/h3>\n<\/div>\n<div class=\"large-8 col\">\n<div class=\"img-tskt\"><img loading=\"lazy\" decoding=\"async\" class=\"attachment-full size-full lazyloaded\" src=\"https:\/\/sanakyvietnam.net\/wp-content\/uploads\/tu-lanh-sanaky-vh-148hpa-1-1-scaled.jpg\" sizes=\"auto, (max-width: 2560px) 100vw, 2560px\" srcset=\"https:\/\/sanakyvietnam.net\/wp-content\/uploads\/tu-lanh-sanaky-vh-148hpa-1-1-scaled.jpg 2560w, https:\/\/sanakyvietnam.net\/wp-content\/uploads\/tu-lanh-sanaky-vh-148hpa-1-1-scaled-400x270.jpg 400w, https:\/\/sanakyvietnam.net\/wp-content\/uploads\/tu-lanh-sanaky-vh-148hpa-1-1-600x406.jpg 600w, https:\/\/sanakyvietnam.net\/wp-content\/uploads\/tu-lanh-sanaky-vh-148hpa-1-1-768x519.jpg 768w, https:\/\/sanakyvietnam.net\/wp-content\/uploads\/tu-lanh-sanaky-vh-148hpa-1-1-1536x1038.jpg 1536w, https:\/\/sanakyvietnam.net\/wp-content\/uploads\/tu-lanh-sanaky-vh-148hpa-1-1-2048x1384.jpg 2048w\" alt=\"\" width=\"2560\" height=\"1731\" data-ll-status=\"loaded\" \/><\/div>\n<\/div>\n<div class=\"large-4 col\">\n<div class=\"product_additional_content\">\n<h2 class=\"title_tabs\">Th\u00f4ng s\u1ed1 k\u1ef9 thu\u1eadt<\/h2>\n<table id=\"tablepress-228\">\n<thead>\n<tr>\n<th>MODEL<\/th>\n<th>VH148HPA<\/th>\n<\/tr>\n<\/thead>\n<tbody>\n<tr>\n<td>Th\u01b0\u01a1ng hi\u1ec7u<\/td>\n<td><a href=\"https:\/\/dienmaynguyenkhang.vn\/?product=tu-lanh-sanaky-vh-148hpa-140-lit\">Sanaky<\/a><\/td>\n<\/tr>\n<tr>\n<td>M\u00e0u s\u1eafc<\/td>\n<td>\u0110en<\/td>\n<\/tr>\n<tr>\n<td>C\u00f4ng ngh\u1ec7 Inverter<\/td>\n<td>Kh\u00f4ng<\/td>\n<\/tr>\n<tr>\n<td>Lo\u1ea1i t\u1ee7<\/td>\n<td>Th\u01b0\u1eddng<\/td>\n<\/tr>\n<tr>\n<td>Ki\u1ec3u tay c\u1ea7m<\/td>\n<td>Tay M\u00f3c<\/td>\n<\/tr>\n<tr>\n<td>Ngu\u1ed3n \u0111i\u1ec7n\/ T\u1ea7n s\u1ed1 (V\/Hz)<\/td>\n<td>220V\/50Hz<\/td>\n<\/tr>\n<tr>\n<td>Dung t\u00edch t\u1ed5ng danh \u0111\u1ecbnh (L\u00edt)<\/td>\n<td>140<\/td>\n<\/tr>\n<tr>\n<td>Dung t\u00edch ng\u0103n \u0111\u00e1 danh \u0111\u1ecbnh (L\u00edt)<\/td>\n<td>46.8<\/td>\n<\/tr>\n<tr>\n<td>Dung t\u00edch ng\u0103n l\u1ea1nh danh \u0111\u1ecbnh (L\u00edt)<\/td>\n<td>93.2<\/td>\n<\/tr>\n<tr>\n<td>K\u00edch th\u01b0\u1edbc t\u1ee7 (RxSxC) (mm)<\/td>\n<td>480 x 585 x 1260<\/td>\n<\/tr>\n<tr>\n<td>M\u00f4i ch\u1ea5t l\u1ea1nh<\/td>\n<td>R600a<\/td>\n<\/tr>\n<tr>\n<td>B\u1ea3o h\u00e0nh<\/td>\n<td>24 th\u00e1ng<\/td>\n<\/tr>\n<\/tbody>\n<\/table>\n<\/div>\n<p><a class=\"open_additional_popup\" data-src=\"#additional_popup\" data-fancybox=\"\" data-options=\"{&quot;touch&quot; : false}\">XEM CHI TI\u1ebeT TH\u00d4NG S\u1ed0 K\u1ef8 THU\u1eacT<\/a><\/p>\n<div><\/div>\n<\/div>\n<\/div>\n<div class=\"content_description\">\n<div class=\"woocommerce-tabs wc-tabs-wrapper container tabbed-content\">\n<ul class=\"snk-info-product-head tabs wc-tabs product-tabs small-nav-collapse nav nav-uppercase nav-line-grow nav-left\" role=\"tablist\">\n<li id=\"tab-title-description\" class=\"description_tab active\" role=\"tab\" aria-controls=\"tab-description\"><a href=\"https:\/\/dienmaynguyenkhang.vn\/?product=tu-lanh-sanaky-vh-148hpa-140-lit\"><i class=\"fa fa-caret-right\"><\/i>M\u00d4 T\u1ea2 S\u1ea2N PH\u1ea8M<\/a><\/li>\n<\/ul>\n<div class=\"tab-panels\">\n<div id=\"tab-description\" class=\"woocommerce-Tabs-panel woocommerce-Tabs-panel--description panel entry-content active\" role=\"tabpanel\" aria-labelledby=\"tab-title-description\">\n<h2>T\u1ee7 l\u1ea1nh Sanaky VH-148HPA (\u0110en \u00e1nh kim)<\/h2>\n<p><a href=\"https:\/\/dienmaynguyenkhang.vn\/?product=tu-lanh-sanaky-vh-148hpa-140-lit\">T\u1ee7 l\u1ea1nh Sanaky VH-148HPA<\/a>\u00a0140 L\u00edt x\u00e1m \u0111\u1eadm c\u00f3 thi\u1ebft k\u1ebf 2 c\u1eeda r\u1ea5t th\u00e2n quen v\u1edbi nhi\u1ec1u ng\u01b0\u1eddi d\u00f9ng, v\u1ecf ngo\u00e0i \u0111\u01b0\u1ee3c s\u01a1n t\u0129nh \u0111i\u1ec7n v\u1edbi m\u00e0u x\u00e1m \u0111\u1eadm t\u1ea1o n\u00e9t c\u1ee9ng c\u00e1p, sang tr\u1ecdng cho s\u1ea3n ph\u1ea9m. Cho ph\u00e9p b\u1ea1n s\u1eed d\u1ee5ng tho\u1ea3i m\u00e1i v\u1edbi h\u1ec7 th\u1ed1ng x\u1ea3 tuy\u1ebft t\u1ef1 \u0111\u1ed9ng v\u00e0 ng\u0103n \u0111\u00f3ng th\u00e0nh m\u1ea3ng b\u00ean trong t\u1ee7 l\u1ea1nh gi\u00fap t\u1ea1o kh\u00f4ng gian l\u01b0u tr\u1eef l\u1edbn h\u01a1n cho b\u1ea1n b\u1ea3o qu\u1ea3n \u0111\u01b0\u1ee3c nhi\u1ec1u th\u1ef1c ph\u1ea7m t\u01b0\u01a1i ngon, rau qu\u1ea3 xanh m\u01b0\u1ee3t.<\/p>\n<p><img loading=\"lazy\" decoding=\"async\" class=\"aligncenter wp-image-11479 size-full lazyloaded\" src=\"https:\/\/sanakyvietnam.net\/wp-content\/uploads\/tu-lanh-sanaky-vh-148hpa-2-1.jpg\" sizes=\"auto, (max-width: 1024px) 100vw, 1024px\" srcset=\"https:\/\/sanakyvietnam.net\/wp-content\/uploads\/tu-lanh-sanaky-vh-148hpa-2-1.jpg 1024w, https:\/\/sanakyvietnam.net\/wp-content\/uploads\/tu-lanh-sanaky-vh-148hpa-2-1-400x192.jpg 400w, https:\/\/sanakyvietnam.net\/wp-content\/uploads\/tu-lanh-sanaky-vh-148hpa-2-1-600x288.jpg 600w, https:\/\/sanakyvietnam.net\/wp-content\/uploads\/tu-lanh-sanaky-vh-148hpa-2-1-768x369.jpg 768w\" alt=\"\" width=\"1024\" height=\"492\" data-ll-status=\"loaded\" \/><\/p>\n<h3>M\u1ed9t s\u1ed1 t\u00ednh n\u0103ng n\u1ed5i b\u1eadt c\u1ee7a t\u1ee7 l\u1ea1nh Sanaky\u00a0VH-148HPA<\/h3>\n<h3>Ph\u00f9 h\u1ee3p v\u1edbi gia \u0111inh t\u1eeb 1 \u2013 3 ng\u01b0\u1eddi<\/h3>\n<p>T\u1ee7 l\u1ea1nh 140 l\u00edt s\u1ebd ph\u00f9 h\u1ee3p v\u1edbi gia \u0111\u00ecnh c\u00f3 kho\u1ea3ng 3 ng\u01b0\u1eddi d\u00f9ng, l\u01b0\u1ee3ng th\u1ef1c ph\u1ea9m s\u1ebd \u0111\u01b0\u1ee3c b\u1ea3o qu\u1ea3n t\u1ed1t cho c\u1ea3 nh\u00e0 d\u00f9ng trong 1 \u0111\u1ebfn 2 ng\u00e0y. C\u00e1 b\u00e0 n\u1ed9i tr\u1ee3 s\u1ebd ti\u1ebft ki\u1ec7m \u0111\u01b0\u1ee3c nhi\u1ec1u th\u1eddi gian h\u01a1n khi trang b\u1ecb t\u1ee7 l\u1ea1nh\u00a0<strong>T\u1ee7 L\u1ea1nh Sanaky VH-148HPA<\/strong>\u00a0140 L\u00edt x\u00e1m \u0111\u1eadm cho gian b\u1ebfp c\u1ee7a gia \u0111\u00ecnh.<\/p>\n<h3>\u0110\u00e8n UV-LED gi\u00fap di\u1ec7t khu\u1ea9n, kh\u1eed m\u00f9i hi\u1ec7u qu\u1ea3<\/h3>\n<p>\u0110\u00e8n UV Led kh\u00e1ng khu\u1ea9n kh\u1eedi m\u00f9i gi\u1eef th\u1ef1c ph\u1ea9m t\u01b0\u01a1i ngon. Lo\u1ea1i b\u1ecf vi khu\u1ea9n v\u00e0 kh\u1eedi m\u00f9i \u0111\u1ebfn 99.99%. C\u1ea3 nh\u00e0 lu\u00f4n c\u00f3 \u0111\u01b0\u1ee3c c\u00e1c b\u1eefa \u0103n ngon mi\u1ec7ng c\u00f9ng nh\u1eefng lo\u1ea1i th\u1ecbt, c\u00e1, h\u1ea3i s\u1ea3n, rau xanh, tr\u00e1i c\u00e2y t\u01b0\u01a1i ngon v\u00e0 \u0111\u1ea7y d\u01b0\u1ee1ng ch\u1ea5t.<\/p>\n<p><img loading=\"lazy\" decoding=\"async\" class=\"aligncenter wp-image-11481 size-full lazyloaded\" src=\"https:\/\/sanakyvietnam.net\/wp-content\/uploads\/bao-quan-hoa-qua.jpg\" sizes=\"auto, (max-width: 1024px) 100vw, 1024px\" srcset=\"https:\/\/sanakyvietnam.net\/wp-content\/uploads\/bao-quan-hoa-qua.jpg 1024w, https:\/\/sanakyvietnam.net\/wp-content\/uploads\/bao-quan-hoa-qua-400x192.jpg 400w, https:\/\/sanakyvietnam.net\/wp-content\/uploads\/bao-quan-hoa-qua-600x288.jpg 600w, https:\/\/sanakyvietnam.net\/wp-content\/uploads\/bao-quan-hoa-qua-768x368.jpg 768w\" alt=\"\" width=\"1024\" height=\"491\" data-ll-status=\"loaded\" \/><\/p>\n<h3>S\u1eed d\u1ee5ng \u0111\u00e8n LED chi\u1ebfu s\u00e1ng<\/h3>\n<p>T\u1ee7 l\u1ea1nh Sanaky\u00a0<strong>VH-148HPA<\/strong>\u00a0140 L\u00edt x\u00e1m \u0111\u1eadm d\u00f9ng \u0111\u00e8n LED chi\u1ebfu s\u00e1ng thay cho \u0111\u00e8n d\u00e2y t\u00f3c th\u00f4ng th\u01b0\u1eddng v\u00ec c\u00f3 \u0111\u1ed9 b\u1ec1n cao, \u00e1nh s\u00e1ng t\u1ecfa \u0111\u1ec1u h\u01a1n, nhi\u1ec7t l\u01b0\u1ee3ng th\u1ea5p kh\u00f4ng l\u00e0m \u1ea3nh h\u01b0\u1edfng \u0111\u1ebfn \u0111\u1ed9 l\u1ea1nh gi\u00fap th\u1ef1c ph\u1ea9m \u0111\u01b0\u1ee3c gi\u1eef t\u01b0\u01a1i ngon l\u00e2u h\u01a1n. \u0110\u00e8n LED ti\u1ebft ki\u1ec7m \u0111i\u1ec7n n\u0103ng t\u1ed1i \u01b0u cho gia \u0111\u00ecnh b\u1ea1n.<\/p>\n<h3>Khay k\u00ednh c\u01b0\u1eddng l\u1ef1c<\/h3>\n<p><a href=\"https:\/\/dienmaynguyenkhang.vn\/?product=tu-lanh-sanaky-vh-148hpa-140-lit\">T\u1ee7 l\u1ea1nh h\u00e3ng Sanaky<\/a>\u00a0\u0111\u01b0\u1ee3c trang b\u1ecb h\u1ec7 th\u1ed1ng khay \u0111\u1ef1ng l\u00e0m b\u1eb1ng k\u00ednh c\u01b0\u1eddng l\u1ef1c ch\u1eafc ch\u1eafn c\u00f3 th\u1ec3 ch\u1ecbu \u0111\u01b0\u1ee3c kh\u1ed1i l\u01b0\u1ee3ng l\u00ean \u0111\u1ebfn 100kg. D\u1ec5 d\u00e0ng ch\u1ee9a nhi\u1ec1u lo\u1ea1i tr\u00e1i c\u00e2y y\u00eau th\u00edch v\u00e0 b\u00ecnh ch\u1ee9a n\u1eb7ng m\u00e0 kh\u00f4ng s\u1ee3 \u1ea3nh h\u01b0\u1edfng \u0111\u1ebfn \u0111\u1ed9 b\u1ec1n c\u1ee7a k\u1ec7.<\/p>\n<h3>Th\u1ef1c ph\u1ea9m lu\u00f4n t\u01b0\u01a1i ngon<\/h3>\n<p>Nh\u1edd trang b\u1ecb c\u00f4ng ngh\u1ec7 l\u00e0m l\u1ea1nh \u0111a chi\u1ec1u hi\u1ec7n \u0111\u1ea1i, c\u00e1c lo\u1ea1i rau qu\u1ea3, h\u1ea3i s\u1ea3n\u2026 lu\u00f4n \u0111\u01b0\u1ee3c l\u00e0m l\u1ea1nh \u0111\u1ed3ng \u0111\u1ec1u, gi\u1eef nguy\u00ean m\u00e0u s\u1eafc ban \u0111\u1ea7u v\u00e0 kh\u00f4ng h\u01b0 h\u1ecfng khi b\u1ea3o qu\u1ea3n l\u00e2u. Kh\u00ed l\u1ea1nh \u0111\u01b0\u1ee3c lan t\u1ecfa \u0111\u1ec1u kh\u1eafp n\u01a1i trong t\u1ee7 l\u1ea1nh, \u0111\u1ea3m b\u1ea3o th\u1ef1c ph\u1ea9m c\u1ee7a b\u1ea1n lu\u00f4n \u0111\u01b0\u1ee3c t\u01b0\u01a1i ngon.<\/p>\n<h3>H\u1ed9c rau qu\u1ea3 ti\u1ec7n d\u1ee5ng, kh\u1ea3 n\u0103ng d\u1eef \u1ea9m t\u1ed1i \u0111a<\/h3>\n<p>\u0110\u01b0\u1ee3c trang b\u1ecb ng\u0103n chuy\u00ean bi\u1ec7t c\u00f3 kh\u1ea3 n\u0103ng cung c\u1ea5p \u0111\u1ed9 \u1ea9m cho rau qu\u1ea3, T\u1ee7 L\u1ea1nh Sanaky VH-148HPA 140 L\u00edt s\u1ebd gi\u00fap cho rau qu\u1ea3 c\u1ee7a b\u1ea1n gi\u1eef \u0111\u01b0\u1ee3c \u0111\u1ed9 t\u01b0\u01a1i ngon, m\u1ecdng n\u01b0\u1edbc nh\u01b0 m\u1edbi trong kho\u1ea3ng th\u1eddi gian d\u00e0i h\u01a1n so v\u1edbi c\u00e1c ng\u0103n rau qu\u1ea3 th\u00f4ng th\u01b0\u1eddng kh\u00e1c.<\/p>\n<h3>An to\u00e0n cho s\u1ee9c kh\u1ecfe \u2013 Th\u00e2n thi\u1ec7n v\u1edbi m\u00f4i tr\u01b0\u1eddng<\/h3>\n<p>T\u1ee7 l\u1ea1nh 2 c\u1eeda kh\u00f4ng ch\u1ee9a ch\u1ea5t CFC gi\u00fap b\u1ea3o v\u1ec7 t\u1ed1t cho s\u1ee9c kh\u1ecfe c\u1ee7a ng\u01b0\u1eddi d\u00f9ng v\u00e0 \u0111\u00e3 \u0111\u01b0\u1ee3c ch\u1ee9ng nh\u1eadn \u0111\u1ea1t ti\u00eau chu\u1ea9n c\u1ee7a RoHS. T\u1ee7 L\u1ea1nh Sanaky VH-148HPA 140 L\u00edt x\u00e1m \u0111\u1eadm v\u1eadn h\u00e0nh \u00eam \u00e1i t\u1ea1o n\u00ean kh\u00f4ng gian t\u0129nh l\u1eb7ng cho b\u1ea1n c\u1ea3m th\u1ea5y tho\u1ea3i m\u00e1i v\u00e0 d\u1ec5 ch\u1ecbu h\u01a1n.<\/p>\n<\/div>\n<\/div>\n<\/div>\n<\/div>\n","protected":false},"excerpt":{"rendered":"<p><img loading=\"lazy\" decoding=\"async\" class=\"alignnone size-medium wp-image-1385\" src=\"https:\/\/dienmaynguyenkhang.vn\/wp-content\/uploads\/2022\/08\/HPA-2-300x300.jpg\" alt=\"\" width=\"300\" height=\"300\" srcset=\"https:\/\/dienmaynguyenkhang.vn\/wp-content\/uploads\/2022\/08\/HPA-2-300x300.jpg 300w, https:\/\/dienmaynguyenkhang.vn\/wp-content\/uploads\/2022\/08\/HPA-2-150x150.jpg 150w, https:\/\/dienmaynguyenkhang.vn\/wp-content\/uploads\/2022\/08\/HPA-2-768x768.jpg 768w, https:\/\/dienmaynguyenkhang.vn\/wp-content\/uploads\/2022\/08\/HPA-2-510x510.jpg 510w, https:\/\/dienmaynguyenkhang.vn\/wp-content\/uploads\/2022\/08\/HPA-2-100x100.jpg 100w, https:\/\/dienmaynguyenkhang.vn\/wp-content\/uploads\/2022\/08\/HPA-2.jpg 800w\" sizes=\"auto, (max-width: 300px) 100vw, 300px\" \/><\/p>\n","protected":false},"featured_media":1385,"comment_status":"open","ping_status":"closed","template":"","meta":[],"class_list":{"0":"post-1384","1":"product","2":"type-product","3":"status-publish","4":"has-post-thumbnail","6":"product_cat-tu-lanh","8":"first","9":"instock","10":"sale","11":"shipping-taxable","12":"purchasable","13":"product-type-simple"},"_links":{"self":[{"href":"https:\/\/dienmaynguyenkhang.vn\/index.php?rest_route=\/wp\/v2\/product\/1384","targetHints":{"allow":["GET"]}}],"collection":[{"href":"https:\/\/dienmaynguyenkhang.vn\/index.php?rest_route=\/wp\/v2\/product"}],"about":[{"href":"https:\/\/dienmaynguyenkhang.vn\/index.php?rest_route=\/wp\/v2\/types\/product"}],"replies":[{"embeddable":true,"href":"https:\/\/dienmaynguyenkhang.vn\/index.php?rest_route=%2Fwp%2Fv2%2Fcomments&post=1384"}],"wp:featuredmedia":[{"embeddable":true,"href":"https:\/\/dienmaynguyenkhang.vn\/index.php?rest_route=\/wp\/v2\/media\/1385"}],"wp:attachment":[{"href":"https:\/\/dienmaynguyenkhang.vn\/index.php?rest_route=%2Fwp%2Fv2%2Fmedia&parent=1384"}],"curies":[{"name":"wp","href":"https:\/\/api.w.org\/{rel}","templated":true}]}}