{"id":1375,"date":"2022-08-19T19:55:37","date_gmt":"2022-08-19T12:55:37","guid":{"rendered":"https:\/\/dienmaynguyenkhang.vn\/?post_type=product&#038;p=1375"},"modified":"2025-10-20T18:40:18","modified_gmt":"2025-10-20T11:40:18","slug":"tu-dong-inverter-sanaky-vh-8699hy3-860-lit","status":"publish","type":"product","link":"https:\/\/dienmaynguyenkhang.vn\/?product=tu-dong-inverter-sanaky-vh-8699hy3-860-lit","title":{"rendered":"T\u1ee7 \u0111\u00f4ng Inverter Sanaky VH-8699HY3 (860 l\u00edt)"},"content":{"rendered":"<div id=\"tab-additional_information\" class=\"row specifications\" role=\"tabpanel\" aria-labelledby=\"tab-title-additional_information\">\n<div class=\"snk-info-product-head\">\n<h3>T\u00cdNH N\u0102NG TH\u00d4NG S\u1ed0 K\u1ef8 THU\u1eacT<\/h3>\n<\/div>\n<div class=\"large-8 col\">\n<div class=\"img-tskt\"><img loading=\"lazy\" decoding=\"async\" class=\"attachment-full size-full lazyloaded\" src=\"https:\/\/sanakyvietnam.net\/wp-content\/uploads\/8699hy3-thong-so-ki-thuat.jpg\" sizes=\"auto, (max-width: 762px) 100vw, 762px\" srcset=\"https:\/\/sanakyvietnam.net\/wp-content\/uploads\/8699hy3-thong-so-ki-thuat.jpg 762w, https:\/\/sanakyvietnam.net\/wp-content\/uploads\/8699hy3-thong-so-ki-thuat-400x274.jpg 400w, https:\/\/sanakyvietnam.net\/wp-content\/uploads\/8699hy3-thong-so-ki-thuat-600x411.jpg 600w\" alt=\"\" width=\"762\" height=\"522\" data-ll-status=\"loaded\" \/><\/div>\n<\/div>\n<div class=\"large-4 col\">\n<div class=\"product_additional_content\">\n<h2 class=\"title_tabs\">Th\u00f4ng s\u1ed1 k\u1ef9 thu\u1eadt<\/h2>\n<table>\n<tbody>\n<tr>\n<td>Model<\/td>\n<td><strong>VH-8699HY3<\/strong><\/td>\n<\/tr>\n<tr>\n<td>Th\u01b0\u01a1ng hi\u1ec7u<\/td>\n<td><a href=\"https:\/\/dienmaynguyenkhang.vn\/?product=tu-dong-inverter-sanaky-vh-8699hy3-860-lit\"><strong>Sanaky<\/strong><\/a><\/td>\n<\/tr>\n<tr>\n<td>B\u1ea3o h\u00e0nh<\/td>\n<td>24 th\u00e1ng<\/td>\n<\/tr>\n<tr>\n<td>Lo\u1ea1i<\/td>\n<td><a href=\"https:\/\/dienmaynguyenkhang.vn\/?product=tu-dong-inverter-sanaky-vh-8699hy3-860-lit\">t\u1ee7 \u0111\u00f4ng 1 ng\u0103n 2 c\u00e1nh d\u00e0n \u0111\u1ed3ng<\/a><\/td>\n<\/tr>\n<tr>\n<td>Dung t\u00edch t\u1ed5ng th\u1ec3 \/ Dung t\u00edch s\u1eed d\u1ee5ng<\/td>\n<td><strong>860 l\u00edt \/ 761 l\u00edt<\/strong><\/td>\n<\/tr>\n<tr>\n<td>C\u00f4ng su\u1ea5t<\/td>\n<td><strong>180.6 W<\/strong><\/td>\n<\/tr>\n<tr>\n<td>Nhi\u1ec7t \u0111\u1ed9<\/td>\n<td>0<sup>o<\/sup>C \u2013&gt; (-18<sup>o<\/sup>C)<\/td>\n<\/tr>\n<tr>\n<td>Ch\u1ee9c n\u0103ng<\/td>\n<td>\u0110\u00f4ng l\u1ea1nh<\/td>\n<\/tr>\n<tr>\n<td>\u0110i\u1ec7n \u00e1p<\/td>\n<td>220V\/50Hz<\/td>\n<\/tr>\n<tr>\n<td>K\u00edch th\u01b0\u1edbc t\u1ee7 (D x R x C mm)<\/td>\n<td>2013 x 846 x 900 mm<\/td>\n<\/tr>\n<tr>\n<td>Tr\u1ecdng l\u01b0\u1ee3ng t\u1ecbnh<\/td>\n<td>86 kg<\/td>\n<\/tr>\n<tr>\n<td>Xu\u1ea5t x\u1ee9<\/td>\n<td>Ch\u00ednh h\u00e3ng<\/td>\n<\/tr>\n<tr>\n<td>Gas<\/td>\n<td>R134A<\/td>\n<\/tr>\n<\/tbody>\n<\/table>\n<\/div>\n<p><a class=\"open_additional_popup\" data-src=\"#additional_popup\" data-fancybox=\"\" data-options=\"{&quot;touch&quot; : false}\">XEM CHI TI\u1ebeT TH\u00d4NG S\u1ed0 K\u1ef8 THU\u1eacT<\/a><\/p>\n<div><\/div>\n<\/div>\n<\/div>\n<div class=\"content_description\">\n<div class=\"woocommerce-tabs wc-tabs-wrapper container tabbed-content\">\n<ul class=\"snk-info-product-head tabs wc-tabs product-tabs small-nav-collapse nav nav-uppercase nav-line-grow nav-left\" role=\"tablist\">\n<li id=\"tab-title-description\" class=\"description_tab active\" role=\"tab\" aria-controls=\"tab-description\"><a href=\"https:\/\/dienmaynguyenkhang.vn\/?product=tu-dong-inverter-sanaky-vh-8699hy3-860-lit\"><i class=\"fa fa-caret-right\"><\/i>M\u00d4 T\u1ea2 S\u1ea2N PH\u1ea8M<\/a><\/li>\n<\/ul>\n<div class=\"tab-panels\">\n<div id=\"tab-description\" class=\"woocommerce-Tabs-panel woocommerce-Tabs-panel--description panel entry-content active\" role=\"tabpanel\" aria-labelledby=\"tab-title-description\">\n<h2>T\u1ee7 \u0111\u00f4ng Inverter Sanaky VH-8699HY3 dung t\u00edch 860 l\u00edt<\/h2>\n<p><strong>T\u1ee7 \u0111\u00f4ng Inverter Sanaky VH-8699HY3<\/strong>\u00a0thu\u1ed9c d\u00f2ng t\u1ee7 \u0111\u00f4ng 1 ng\u0103n 2 c\u00e1nh dung t\u00edch c\u1ee1 l\u1edbn\u00a0c\u1ee7a h\u00e3ng Sanaky. V\u1edbi dung t\u00edch l\u00ean\u00a0\u0111\u1ebfn 860 l\u00edt, b\u1ea1n c\u00f3 th\u1ec3 b\u1ea3o qu\u1ea3n\u00a0\u0111\u00f4ng th\u1ef1c ph\u1ea9m v\u1edbi s\u1ed1 l\u01b0\u1ee3ng l\u1edbn. S\u1ea3n ph\u1ea9m\u00a0th\u00edch h\u1ee3p s\u1eed d\u1ee5ng cho c\u00e1c c\u1eeda h\u00e0ng b\u00e1ch h\u00f3a, nh\u00e0 h\u00e0ng, si\u00eau th\u1ecb, kh\u00e1ch s\u1ea1n\u2026<\/p>\n<div id=\"row-182708241\" class=\"row\">\n<div id=\"col-759589438\" class=\"col small-12 large-12\">\n<div class=\"col-inner\">\n<div id=\"image_19950537\" class=\"img has-hover x md-x lg-x y md-y lg-y\">\n<div class=\"img-inner box-shadow-5 box-shadow-5-hover dark\"><img loading=\"lazy\" decoding=\"async\" class=\"attachment-large size-large lazyloaded\" src=\"https:\/\/sanakyvietnam.net\/wp-content\/uploads\/2022\/02\/tinh-nang-tien-ich-tu-dong-sanaky-vh-8699hy3.jpg\" sizes=\"auto, (max-width: 800px) 100vw, 800px\" srcset=\"https:\/\/sanakyvietnam.net\/wp-content\/uploads\/2022\/02\/tinh-nang-tien-ich-tu-dong-sanaky-vh-8699hy3.jpg 800w, https:\/\/sanakyvietnam.net\/wp-content\/uploads\/2022\/02\/tinh-nang-tien-ich-tu-dong-sanaky-vh-8699hy3-600x321.jpg 600w, https:\/\/sanakyvietnam.net\/wp-content\/uploads\/2022\/02\/tinh-nang-tien-ich-tu-dong-sanaky-vh-8699hy3-768x411.jpg 768w, https:\/\/sanakyvietnam.net\/wp-content\/uploads\/2022\/02\/tinh-nang-tien-ich-tu-dong-sanaky-vh-8699hy3-400x214.jpg 400w\" alt=\"tinh-nang-tien-ich-tu-dong-sanaky-vh-8699hy3\" width=\"800\" height=\"428\" data-ll-status=\"loaded\" \/><\/div>\n<\/div>\n<p><a class=\"button secondary is-outline is-xlarge box-shadow-4 box-shadow-5-hover expand\" href=\"https:\/\/dienmaynguyenkhang.vn\/?product=tu-dong-inverter-sanaky-vh-8699hy3-860-lit\" target=\"_self\" rel=\"noopener\">G\u1eccI HOTLINE \u0110\u1ec2 C\u00d3 GI\u00c1 T\u1ed0T NH\u1ea4T &#8211; 0989225757<\/a><\/p>\n<\/div>\n<\/div>\n<\/div>\n<h3>M\u1ed9t s\u1ed1 t\u00ednh n\u0103ng n\u1ed5i b\u1eadt<\/h3>\n<p>\u2013 VH-8699HY3 c\u00f3 thi\u1ebft k\u1ebf m\u1ed9t ng\u0103n r\u1ed9ng th\u00f4ng su\u1ed1t v\u1edbi 2 c\u00e1nh m\u1edf ki\u1ec3u vali r\u1ea5t thu\u1eadn ti\u1ec7n, h\u01a1n n\u1eefa thi\u1ebft k\u1ebf 2 c\u1eeda c\u00f2n gi\u1ea3m b\u1edbt l\u01b0\u1ee3ng h\u01a1i l\u1ea1nh th\u1ea5t tho\u00e1t ra ngo\u00e0i khi m\u1edf t\u1eeda t\u1ee7 l\u1ea5y th\u1ef1c ph\u1ea9m.<\/p>\n<p>\u2013 Dung t\u00edch t\u1ed5ng th\u1ec3 c\u1ee7a t\u1ee7 l\u00e0 860 l\u00edt, dung t\u00edch s\u1eed d\u1ee5ng 761 l\u00edt. V\u1edbi dung t\u00edch n\u00e0y b\u1ea1n c\u00f3 th\u1ec3 b\u1ea3o qu\u1ea3n s\u1ed1 l\u01b0\u1ee3ng th\u1ee9c ph\u1ea9m l\u1edbn.<\/p>\n<p><img loading=\"lazy\" decoding=\"async\" class=\"aligncenter wp-image-10905 lazyloaded\" src=\"https:\/\/sanakyvietnam.net\/wp-content\/uploads\/tinh-nang-tu-dong-8699hy3-600x333.jpg\" sizes=\"auto, (max-width: 800px) 100vw, 800px\" srcset=\"https:\/\/sanakyvietnam.net\/wp-content\/uploads\/tinh-nang-tu-dong-8699hy3-600x333.jpg 600w, https:\/\/sanakyvietnam.net\/wp-content\/uploads\/tinh-nang-tu-dong-8699hy3-400x222.jpg 400w, https:\/\/sanakyvietnam.net\/wp-content\/uploads\/tinh-nang-tu-dong-8699hy3-768x426.jpg 768w, https:\/\/sanakyvietnam.net\/wp-content\/uploads\/tinh-nang-tu-dong-8699hy3.jpg 780w\" alt=\"\" width=\"800\" height=\"444\" data-ll-status=\"loaded\" \/><\/p>\n<p>\u2013 Ng\u0103n\u00a0t\u1ee7\u00a0l\u00e0m b\u1eb1ng nh\u1ef1a ABS,\u00a0\u0111\u00e2y l\u00e0 lo\u1ea1i ch\u1ea5t li\u1ec7u c\u00f3 t\u00ednh deo dai cao v\u00e0 ch\u1ecbu\u00a0\u0111\u01b0\u1ee3c va\u00a0\u0111\u1eadp t\u1ed1t b\u1ea1n c\u00f3 th\u1ec3 ho\u00e0n to\u00e0n y\u00ean t\u00e2m v\u1ec1\u00a0\u0111\u1ed9 b\u1ec1 c\u1ee7a t\u1ee7.H\u01a1n n\u1eefa l\u00f2ng t\u1ee7\u00a0\u0111\u01b0\u1ee3c tr\u00e1ng ph\u1eb3ng, tr\u01a1n thu\u1eadn ti\u1ec7n cho vi\u1ec7c v\u1ec7 sinh t\u1ee7\u00a0\u0111\u00f4ng\u00a0\u0111\u1ecbnh k\u1ef3 c\u1ee7a b\u1ea1n.<\/p>\n<p>\u2013 Trong t\u1ee7 c\u00f3\u00a0\u0111i k\u00e8m m\u1ed9t gi\u1ecf\u00a0\u0111\u1ef1ng\u00a0\u0111\u1ed3 gi\u00fap b\u1ea1n ph\u00e2n lo\u1ea1i th\u1ef1c ph\u1ea9m b\u1ea3o qu\u1ea3n ti\u1ec7n l\u1ee3i v\u00e0 d\u1ec5 d\u00e0ng h\u01a1n.<\/p>\n<p>\u2013 T\u1ee7\u00a0s\u1eed d\u1ee5ng d\u00e0n l\u1ea1nh b\u1eb1ng \u0111\u1ed3ng\u00a099.9% nguy\u00ean ch\u1ea5t\u00a0c\u00f3 \u0111\u1ed9 b\u1ec1n cao, l\u1ea1i c\u00f3 kh\u1ea3 n\u0103ng\u00a0l\u00e0m l\u1ea1nh nhanh h\u01a1n v\u00e0 sau h\u01a1n so v\u1edbi d\u00e0n nh\u00f4m, th\u1ef1c ph\u1ea9m s\u1ebd\u00a0\u0111\u01b0\u1ee3c b\u1ea3o qu\u1ea3n t\u1ed1t h\u01a1n.<\/p>\n<p>\u2013 C\u00f4ng ngh\u1ec7 inverter c\u0169ng\u00a0\u0111\u01b0\u1ee3c t\u00edch h\u1ee3p cho chi\u1ebfc\u00a0<a href=\"https:\/\/dienmaynguyenkhang.vn\/?product=tu-dong-inverter-sanaky-vh-8699hy3-860-lit\" data-cke-saved-href=\"https:\/\/sanakyvietnam.net\/tu-dong-sanaky\/\"><strong>t\u1ee7 c\u1ea5p \u0111\u00f4ng th\u01b0\u01a1ng hi\u1ec7u\u00a0Sanaky<\/strong><\/a>\u00a0n\u00e0y gi\u00fap ti\u1ebft ki\u1ec7m\u00a0\u0111i\u1ec7n n\u0103ng ti\u00eau th\u1ee5 c\u1ee7a t\u1ee7 l\u00ean t\u1edbi 50% so v\u1edbi c\u00e1c d\u00f2ng t\u1ee7 th\u00f4ng th\u01b0\u1eddng<\/p>\n<p>\u2013 N\u00fat\u00a0\u0111i\u1ec1u ch\u1ec9nh nhi\u1ec7t\u00a0\u0111\u1ed9\u00a0\u0111\u01b0\u1ee3c l\u1eafp ph\u00eda ngo\u00e0i th\u00e2n t\u1ee7, b\u1ea1n c\u00f3 th\u1ec3 d\u1ec5 d\u00e0ng t\u00f9y ch\u1ec9nh nhi\u1ec7t\u00a0\u0111\u1ed9 theo\u00a0\u00fd m\u00ecnh.<\/p>\n<p>\u2013\u00a0Ch\u00e2n t\u1ee7 c\u0169ng\u00a0\u0111\u01b0\u1ee3c l\u1eafp\u00a04 b\u00e1nh xe ch\u1ecbu l\u1ef1c\u00a0\u0111\u1ec3 thu\u1eadn ti\u1ec7n h\u01a1n khi di chuy\u1ec3n.<\/p>\n<p>\u2013 VH-8699HY3 s\u1eed d\u1ee5ng Gas R134A m\u1edbi nh\u1ea5t l\u00e0m l\u1ea1nh t\u1ed1t th\u00e2n thi\u1ec7n m\u00f4i tr\u01b0\u1eddng v\u00e0 an to\u00e0n cho ng\u01b0\u1eddi s\u1eed d\u1ee5ng.<\/p>\n<h3>M\u1ed9t s\u1ed1 l\u01b0u \u00fd khi s\u1eed d\u1ee5ng<\/h3>\n<p>\u2013 N\u01a1i\u00a0\u0111\u1eb7t\u00a0t\u1ee7 ph\u1ea3i\u00a0kh\u00f4 r\u00e1o, \u00edt b\u1ee5i v\u00e0\u00a0\u0111\u1ea3m b\u1ea3o th\u00f4ng tho\u00e1ng ph\u00eda sau.<\/p>\n<p>\u2013 Kho\u1ea3ng c\u00e1ch gi\u1eef t\u1ee7 v\u00e0 t\u01b0\u1eddng t\u1ed1i thi\u1ec3u kho\u1ea3ng\u00a010 cm \u0111\u1ec3 \u0111\u1ea3m b\u1ea3o l\u01b0u th\u00f4ng kh\u00f4ng kh\u00ed\u00a0l\u00e0m m\u00e1t d\u00e0n. L\u01b0u\u00a0\u00fd:\u00a0kh\u00f4ng d\u00f9ng b\u1ea5t c\u1ee9 v\u1eadt g\u00ec\u00a0\u0111\u1ec3 ph\u1ee7 ho\u1eb7c ch\u1eafn k\u00edn\u00a0d\u00e0n ng\u01b0ng d\u00e0n n\u00f3ng.<\/p>\n<p>\u2013 N\u1ebfu\u00a0b\u1ea3o qu\u1ea3n c\u00e1c th\u1ef1c ph\u1ea9m l\u1ecfng n\u00ean\u00a0\u0111\u1ec3\u00a0trong h\u1ed9p c\u00f3 n\u1eafp \u0111\u1eady k\u00edn \u0111\u1ec3 ch\u1ed1ng bay h\u01a1i l\u00e0m t\u0103ng\u00a0nhanh l\u1edbp tuy\u1ebft tan b\u00e1m tr\u00ean gi\u00e0n l\u1ea1nh.<\/p>\n<p>\u2013 Kh\u00f4ng \u0111\u1ec3 trong t\u1ee7 c\u00e1c ch\u1ea5t axit -bazo g\u00e2y \u0103n m\u00f2n t\u1ee7 (\u0111\u1eb7c bi\u1ec7t c\u00e1c ch\u1ea5t chay n\u1ed5 t\u1ee7 l\u1ea1nh l\u00e0m b\u1eb1ng nh\u00f4m d\u1eabn \u0111\u1ebfn m\u1ea5t gas).<\/p>\n<\/div>\n<\/div>\n<\/div>\n<\/div>\n","protected":false},"excerpt":{"rendered":"<p><img loading=\"lazy\" decoding=\"async\" class=\"alignnone size-medium wp-image-1377\" src=\"https:\/\/dienmaynguyenkhang.vn\/wp-content\/uploads\/2022\/08\/tu-dong-inverter-sanaky-vh-8699hy3-S3-300x300.jpg\" alt=\"\" width=\"300\" height=\"300\" srcset=\"https:\/\/dienmaynguyenkhang.vn\/wp-content\/uploads\/2022\/08\/tu-dong-inverter-sanaky-vh-8699hy3-S3-300x300.jpg 300w, https:\/\/dienmaynguyenkhang.vn\/wp-content\/uploads\/2022\/08\/tu-dong-inverter-sanaky-vh-8699hy3-S3-150x150.jpg 150w, https:\/\/dienmaynguyenkhang.vn\/wp-content\/uploads\/2022\/08\/tu-dong-inverter-sanaky-vh-8699hy3-S3-768x768.jpg 768w, https:\/\/dienmaynguyenkhang.vn\/wp-content\/uploads\/2022\/08\/tu-dong-inverter-sanaky-vh-8699hy3-S3-510x510.jpg 510w, https:\/\/dienmaynguyenkhang.vn\/wp-content\/uploads\/2022\/08\/tu-dong-inverter-sanaky-vh-8699hy3-S3-100x100.jpg 100w, https:\/\/dienmaynguyenkhang.vn\/wp-content\/uploads\/2022\/08\/tu-dong-inverter-sanaky-vh-8699hy3-S3.jpg 800w\" sizes=\"auto, (max-width: 300px) 100vw, 300px\" \/><\/p>\n","protected":false},"featured_media":1377,"comment_status":"open","ping_status":"closed","template":"","meta":[],"class_list":{"0":"post-1375","1":"product","2":"type-product","3":"status-publish","4":"has-post-thumbnail","6":"product_cat-dong-nguyen","7":"product_cat-sanaky-tu-dong","8":"product_cat-tu-dong","10":"first","11":"instock","12":"sale","13":"shipping-taxable","14":"purchasable","15":"product-type-simple"},"_links":{"self":[{"href":"https:\/\/dienmaynguyenkhang.vn\/index.php?rest_route=\/wp\/v2\/product\/1375","targetHints":{"allow":["GET"]}}],"collection":[{"href":"https:\/\/dienmaynguyenkhang.vn\/index.php?rest_route=\/wp\/v2\/product"}],"about":[{"href":"https:\/\/dienmaynguyenkhang.vn\/index.php?rest_route=\/wp\/v2\/types\/product"}],"replies":[{"embeddable":true,"href":"https:\/\/dienmaynguyenkhang.vn\/index.php?rest_route=%2Fwp%2Fv2%2Fcomments&post=1375"}],"wp:featuredmedia":[{"embeddable":true,"href":"https:\/\/dienmaynguyenkhang.vn\/index.php?rest_route=\/wp\/v2\/media\/1377"}],"wp:attachment":[{"href":"https:\/\/dienmaynguyenkhang.vn\/index.php?rest_route=%2Fwp%2Fv2%2Fmedia&parent=1375"}],"curies":[{"name":"wp","href":"https:\/\/api.w.org\/{rel}","templated":true}]}}