{"id":1373,"date":"2022-08-19T19:52:55","date_gmt":"2022-08-19T12:52:55","guid":{"rendered":"https:\/\/dienmaynguyenkhang.vn\/?post_type=product&#038;p=1373"},"modified":"2025-10-20T18:40:51","modified_gmt":"2025-10-20T11:40:51","slug":"tu-dong-inverter-sanaky-vh-1199hy3-1100-lit","status":"publish","type":"product","link":"https:\/\/dienmaynguyenkhang.vn\/?product=tu-dong-inverter-sanaky-vh-1199hy3-1100-lit","title":{"rendered":"T\u1ee7 \u0111\u00f4ng Inverter Sanaky VH-1199HY3 (1100 l\u00edt)"},"content":{"rendered":"<div id=\"tab-additional_information\" class=\"row specifications\" role=\"tabpanel\" aria-labelledby=\"tab-title-additional_information\">\n<div class=\"snk-info-product-head\">\n<h3>T\u00cdNH N\u0102NG TH\u00d4NG S\u1ed0 K\u1ef8 THU\u1eacT<\/h3>\n<\/div>\n<div class=\"large-8 col\">\n<div class=\"img-tskt\"><img loading=\"lazy\" decoding=\"async\" class=\"attachment-full size-full lazyloaded\" src=\"https:\/\/sanakyvietnam.net\/wp-content\/uploads\/thong-so-ky-thuat-sanaky-vh-1199hy3.jpg\" sizes=\"auto, (max-width: 887px) 100vw, 887px\" srcset=\"https:\/\/sanakyvietnam.net\/wp-content\/uploads\/thong-so-ky-thuat-sanaky-vh-1199hy3.jpg 887w, https:\/\/sanakyvietnam.net\/wp-content\/uploads\/thong-so-ky-thuat-sanaky-vh-1199hy3-400x271.jpg 400w, https:\/\/sanakyvietnam.net\/wp-content\/uploads\/thong-so-ky-thuat-sanaky-vh-1199hy3-600x406.jpg 600w, https:\/\/sanakyvietnam.net\/wp-content\/uploads\/thong-so-ky-thuat-sanaky-vh-1199hy3-768x520.jpg 768w\" alt=\"\" width=\"887\" height=\"600\" data-ll-status=\"loaded\" \/><\/div>\n<\/div>\n<div class=\"large-4 col\">\n<div class=\"product_additional_content\">\n<h2 class=\"title_tabs\">Th\u00f4ng s\u1ed1 k\u1ef9 thu\u1eadt<\/h2>\n<table>\n<tbody>\n<tr>\n<td>Model<\/td>\n<td>VH-1199HY3<\/td>\n<\/tr>\n<tr>\n<td>Th\u01b0\u01a1ng hi\u1ec7u<\/td>\n<td><a href=\"https:\/\/dienmaynguyenkhang.vn\/?product=tu-dong-inverter-sanaky-vh-1199hy3-1100-lit\">Sanaky<\/a><\/td>\n<\/tr>\n<tr>\n<td>Lo\u1ea1i<\/td>\n<td><a href=\"https:\/\/dienmaynguyenkhang.vn\/?product=tu-dong-inverter-sanaky-vh-1199hy3-1100-lit\">t\u1ee7 \u0111\u00f4ng 1 ng\u0103n 3 c\u00e1nh d\u00e0n \u0111\u1ed3ng<\/a><\/td>\n<\/tr>\n<tr>\n<td>B\u1ea3o h\u00e0nh<\/td>\n<td>24 Th\u00e1ng<\/td>\n<\/tr>\n<tr>\n<td>C\u00f4ng ngh\u1ec7 ti\u1ebft ki\u1ec7m \u0111i\u1ec7n<\/td>\n<td>Inverter<\/td>\n<\/tr>\n<tr>\n<td>K\u00edch th\u01b0\u1edbc (DxRxC)<\/td>\n<td>2677 x 761 x 900 (mm)<\/td>\n<\/tr>\n<tr>\n<td>Tr\u1ecdng l\u01b0\u1ee3ng<\/td>\n<td>124 kg<\/td>\n<\/tr>\n<tr>\n<td>Dung t\u00edch t\u1ed5ng th\u1ec3 \/ Dung t\u00edch s\u1eed d\u1ee5ng<\/td>\n<td>1100 l\u00edt \/ 900 l\u00edt<\/td>\n<\/tr>\n<tr>\n<td>C\u00f4ng su\u1ea5t<\/td>\n<td>292.6 (W)<\/td>\n<\/tr>\n<tr>\n<td>S\u1ed1 c\u1eeda<\/td>\n<td>3 c\u1eeda<\/td>\n<\/tr>\n<tr>\n<td>S\u1ed1 ng\u0103n<\/td>\n<td>1 ng\u0103n \u0111\u00f4ng<\/td>\n<\/tr>\n<tr>\n<td>Nhi\u1ec7t \u0111\u1ed9 (\u00b0C)<\/td>\n<td>0\u00b0C -&gt; -18\u00b0C<\/td>\n<\/tr>\n<tr>\n<td>Gas s\u1eed d\u1ee5ng<\/td>\n<td>Gas R600a<\/td>\n<\/tr>\n<tr>\n<td>L\u00e0m l\u1ea1nh nhanh<\/td>\n<td>C\u00f3<\/td>\n<\/tr>\n<tr>\n<td>H\u1ec7 th\u1ed1ng l\u00e0m l\u1ea1nh<\/td>\n<td>D\u00e0n \u0111\u1ed3ng<\/td>\n<\/tr>\n<tr>\n<td>Kh\u00f3a an to\u00e0n<\/td>\n<td>C\u00f3<\/td>\n<\/tr>\n<\/tbody>\n<\/table>\n<\/div>\n<p><a class=\"open_additional_popup\" data-src=\"#additional_popup\" data-fancybox=\"\" data-options=\"{&quot;touch&quot; : false}\">XEM CHI TI\u1ebeT TH\u00d4NG S\u1ed0 K\u1ef8 THU\u1eacT<\/a><\/p>\n<div><\/div>\n<\/div>\n<\/div>\n<div class=\"content_description\">\n<div class=\"woocommerce-tabs wc-tabs-wrapper container tabbed-content\">\n<ul class=\"snk-info-product-head tabs wc-tabs product-tabs small-nav-collapse nav nav-uppercase nav-line-grow nav-left\" role=\"tablist\">\n<li id=\"tab-title-description\" class=\"description_tab active\" role=\"tab\" aria-controls=\"tab-description\"><a href=\"https:\/\/dienmaynguyenkhang.vn\/?product=tu-dong-inverter-sanaky-vh-1199hy3-1100-lit\"><i class=\"fa fa-caret-right\"><\/i>M\u00d4 T\u1ea2 S\u1ea2N PH\u1ea8M<\/a><\/li>\n<\/ul>\n<div class=\"tab-panels\">\n<div id=\"tab-description\" class=\"woocommerce-Tabs-panel woocommerce-Tabs-panel--description panel entry-content active\" role=\"tabpanel\" aria-labelledby=\"tab-title-description\">\n<h2><a href=\"https:\/\/dienmaynguyenkhang.vn\/?product=tu-dong-inverter-sanaky-vh-1199hy3-1100-lit\">T\u1ee7 \u0111\u00f4ng Inverter Sanaky<\/a>\u00a0VH-1199HY3, d\u00e0n l\u1ea1nh \u0111\u1ed3ng b\u1ec1n b\u1ec9.<\/h2>\n<p><strong>T\u1ee7 \u0111\u00f4ng Inverter Sanaky VH-1199HY3<\/strong>\u00a0thu\u1ed9c d\u00f2ng t\u1ee7\u00a01 ng\u0103n \u0111\u00f4ng, 3 c\u00e1nh cao c\u1ea5p c\u1ee7a h\u00e3ng Sanaky. V\u1edbi dung t\u00edch l\u1edbn s\u1ea3n ph\u1ea9m c\u00f3 th\u1ec3\u00a0\u0111\u00e1p\u00a0\u1ee9ng\u00a0\u0111\u01b0\u1ee3c nhu c\u1ea7u tr\u1eef\u00a0\u0111\u00f4ng th\u1ef1c ph\u1ea9m v\u1edbi s\u1ed1 l\u01b0\u1ee3ng l\u1edbn c\u1ee7a c\u00e1c nh\u00e0 h\u00e0ng, qu\u00e1n\u00a0\u0103n, si\u00eau th\u1ecb, c\u1eeda h\u00e0ng th\u1ef1c ph\u1ea9m.<\/p>\n<div id=\"row-174410305\" class=\"row\">\n<div id=\"col-1350745986\" class=\"col small-12 large-12\">\n<div class=\"col-inner\">\n<div id=\"gap-912247763\" class=\"gap-element clearfix\"><\/div>\n<div id=\"image_504466902\" class=\"img has-hover x md-x lg-x y md-y lg-y\">\n<div class=\"img-inner box-shadow-5 box-shadow-5-hover dark\"><img loading=\"lazy\" decoding=\"async\" class=\"attachment-large size-large lazyloaded\" src=\"https:\/\/sanakyvietnam.net\/wp-content\/uploads\/2022\/02\/tu-dong-sanaky-inverter-1199hy3-4-768x339-1.jpg\" sizes=\"auto, (max-width: 768px) 100vw, 768px\" srcset=\"https:\/\/sanakyvietnam.net\/wp-content\/uploads\/2022\/02\/tu-dong-sanaky-inverter-1199hy3-4-768x339-1.jpg 768w, https:\/\/sanakyvietnam.net\/wp-content\/uploads\/2022\/02\/tu-dong-sanaky-inverter-1199hy3-4-768x339-1-600x265.jpg 600w, https:\/\/sanakyvietnam.net\/wp-content\/uploads\/2022\/02\/tu-dong-sanaky-inverter-1199hy3-4-768x339-1-400x177.jpg 400w\" alt=\"\" width=\"768\" height=\"339\" data-ll-status=\"loaded\" \/><\/div>\n<\/div>\n<div id=\"gap-1542849383\" class=\"gap-element clearfix\"><\/div>\n<p><a class=\"button secondary is-outline is-xlarge box-shadow-4 box-shadow-5-hover expand\" href=\"https:\/\/dienmaynguyenkhang.vn\/?product=tu-dong-inverter-sanaky-vh-1199hy3-1100-lit\" target=\"_self\" rel=\"noopener\">G\u1eccI HOTLINE \u0110\u1ec2 C\u00d3 GI\u00c1 T\u1ed0T NH\u1ea4T &#8211; 0989225757<\/a><\/p>\n<\/div>\n<\/div>\n<\/div>\n<h3>M\u00f4 t\u1ea3 chi ti\u1ebft s\u1ea3n ph\u1ea9m<\/h3>\n<p>VH-1199HY3 c\u00f3 c\u00f3 thi\u1ebft k\u1ebf 1 ng\u0103n \u0111\u00f4ng th\u00f4ng r\u1ed9ng v\u00e0 3 c\u00e1nh m\u1edf vali ti\u1ec7n l\u1ee3i, h\u1ea1n ch\u1ebf tho\u00e1t nhi\u1ec7t, ti\u1ebft ki\u1ec7m \u0111i\u1ec7n n\u0103ng. C\u1eeda t\u1ee7 c\u0169ng \u0111\u01b0\u1ee3c l\u1eafp kh\u00f3a an to\u00e0n, tr\u00e1nh tr\u01b0\u1eddng h\u1ee3p m\u1edf t\u1ee7 ngo\u00e0i \u00fd mu\u1ed1n.<\/p>\n<p>Dung t\u00edch t\u1ed5ng th\u1ec3 c\u1ee7a t\u1ee7 l\u00e0 1100 l\u00edt v\u00e0 dung t\u00edch s\u1eed d\u1ee5ng l\u00e0 900 l\u00edt b\u1ea1n c\u00f3 th\u1ec3 tho\u1ea3i m\u00e1i tr\u1eef \u0111\u00f4ng th\u1ef1c ph\u1ea9m v\u1edbi chi\u1ebfc t\u1ee7 n\u00e0y.<\/p>\n<p>Th\u00e2n t\u1ee7 c\u0169ng nh\u01b0 l\u00f2ng t\u1ee7 \u0111\u01b0\u1ee3c l\u00e0m t\u1eeb nh\u1ef1a ABS cao c\u1ea5p c\u00f3 \u0111\u1ed9 b\u1ec1n cao nh\u1edd v\u00e0o \u0111\u1eb7c t\u00ednh d\u1ebbo dai, d\u1ec5 d\u00e0ng\u00a0<a href=\"https:\/\/dienmaynguyenkhang.vn\/?product=tu-dong-inverter-sanaky-vh-1199hy3-1100-lit\">v\u1ec7 sinh<\/a>.<\/p>\n<p>N\u00fat \u0111i\u1ec1u ch\u1ec9nh nhi\u1ec7t \u0111\u1ed9 n\u1eb1m b\u00ean ngo\u00e0i th\u00e2n t\u1ee7 r\u1ea5t thu\u1eadn ti\u1ec7n cho b\u1ea1n. T\u00f9y v\u00e0o s\u1ed1 l\u01b0\u1ee3ng v\u00e0 lo\u1ea1i th\u1ef1c ph\u1ea9m m\u00e0 b\u1ea1n c\u00f3 th\u1ec3\u00a0\u0111i\u1ec1u ch\u1ec9nh nhi\u1ec7t\u00a0\u0111\u1ed9 theo\u00a0\u00fd.<\/p>\n<p>Ph\u00eda d\u01b0\u1edbi ch\u00e2n chi\u1ebfc t\u1ee7 c\u1ea5p\u00a0\u0111\u00f4ng Sanaky n\u00e0y \u0111\u01b0\u1ee3c l\u1eafp \u0111\u1eb7t 8 b\u00e1nh xe ch\u1ecbu l\u1ef1c d\u1ec5 d\u00e0ng di chuy\u1ec3n h\u01a1n m\u00e0 kh\u00f4ng t\u00f4n s\u1ee9c.<\/p>\n<p>VH-1199HY3 s\u1eed d\u1ee5ng d\u00e0n l\u1ea1nh l\u00e0m b\u1eb1ng \u0111\u1ed3ng cho kh\u1ea3 n\u0103ng l\u00e0m l\u1ea1nh nhanh h\u01a1n v\u00e0 \u0111\u1ed9 b\u1ec1n cao h\u01a1n so v\u1edbi d\u00e0n nh\u00f4m. K\u1ebft h\u1ee3p v\u1edbi vi\u1ec7c l\u00e0m l\u1ea1nh b\u1eb1ng qu\u1ea1t \u0111\u1ea3o nhi\u1ec7t s\u1ebd gi\u00fap cho t\u1ee7 l\u00e0m l\u1ea1nh nhanh h\u01a1n, gi\u1eef nhi\u1ec7t \u0111\u1ed9 s\u00e2u, t\u0103ng hi\u1ec7u su\u1ea5t l\u00e0m l\u1ea1nh. T\u1ee7 c\u00f3 2 m\u00e1y n\u00e9n v\u1edbi c\u00f4ng su\u1ea5t ho\u1ea1t \u0111\u1ed9ng l\u00ean t\u1edbi 292.6W, do \u0111\u00f3 nhi\u1ec7t \u0111\u1ed9 l\u00e0m l\u1ea1nh c\u00f3 th\u1ec3 \u0111\u1ea1t \u0111\u1ebfn -18\u00b0C nhanh ch\u00f3ng.<\/p>\n<p>T\u1ee7 s\u1eed d\u1ee5ng\u00a0c\u00f4ng ngh\u1ec7 inverter m\u1edbi nh\u1ea5t, ti\u1ebft ki\u1ec7m t\u1edbi\u00a050% \u0111i\u1ec7n n\u0103ng so v\u1edbi c\u00e1c s\u1ea3n ph\u1ea9m t\u1ee7 \u0111\u00f4ng th\u00f4ng th\u01b0\u1eddng.<\/p>\n<p><a href=\"https:\/\/dienmaynguyenkhang.vn\/?product=tu-dong-inverter-sanaky-vh-1199hy3-1100-lit\">Gas l\u00e0m l\u1ea1nh<\/a>\u00a0s\u1eed d\u1ee5ng cho t\u1ee7 l\u00e0 gas\u00a0R600A t\u0103ng kh\u1ea3 n\u0103ng l\u00e0m l\u1ea1nh v\u00e0\u00a0th\u00e2n thi\u1ec7n v\u1edbi m\u00f4i tr\u01b0\u1eddng.<\/p>\n<\/div>\n<\/div>\n<\/div>\n<\/div>\n","protected":false},"excerpt":{"rendered":"<p><img loading=\"lazy\" decoding=\"async\" class=\"alignnone size-medium wp-image-1372\" src=\"https:\/\/dienmaynguyenkhang.vn\/wp-content\/uploads\/2022\/08\/tu-dong-inverter-sanaky-vh-1399hy3-new-300x300.jpg\" alt=\"\" width=\"300\" height=\"300\" srcset=\"https:\/\/dienmaynguyenkhang.vn\/wp-content\/uploads\/2022\/08\/tu-dong-inverter-sanaky-vh-1399hy3-new-300x300.jpg 300w, https:\/\/dienmaynguyenkhang.vn\/wp-content\/uploads\/2022\/08\/tu-dong-inverter-sanaky-vh-1399hy3-new-150x150.jpg 150w, https:\/\/dienmaynguyenkhang.vn\/wp-content\/uploads\/2022\/08\/tu-dong-inverter-sanaky-vh-1399hy3-new-768x768.jpg 768w, https:\/\/dienmaynguyenkhang.vn\/wp-content\/uploads\/2022\/08\/tu-dong-inverter-sanaky-vh-1399hy3-new-510x510.jpg 510w, https:\/\/dienmaynguyenkhang.vn\/wp-content\/uploads\/2022\/08\/tu-dong-inverter-sanaky-vh-1399hy3-new-100x100.jpg 100w, https:\/\/dienmaynguyenkhang.vn\/wp-content\/uploads\/2022\/08\/tu-dong-inverter-sanaky-vh-1399hy3-new.jpg 1000w\" sizes=\"auto, (max-width: 300px) 100vw, 300px\" \/> <img loading=\"lazy\" decoding=\"async\" class=\"alignnone size-medium wp-image-1374\" src=\"https:\/\/dienmaynguyenkhang.vn\/wp-content\/uploads\/2022\/08\/tu-dong-inverter-sanaky-vh-1199hy3-300x300.jpg\" alt=\"\" width=\"300\" height=\"300\" srcset=\"https:\/\/dienmaynguyenkhang.vn\/wp-content\/uploads\/2022\/08\/tu-dong-inverter-sanaky-vh-1199hy3-300x300.jpg 300w, https:\/\/dienmaynguyenkhang.vn\/wp-content\/uploads\/2022\/08\/tu-dong-inverter-sanaky-vh-1199hy3-150x150.jpg 150w, https:\/\/dienmaynguyenkhang.vn\/wp-content\/uploads\/2022\/08\/tu-dong-inverter-sanaky-vh-1199hy3-768x768.jpg 768w, https:\/\/dienmaynguyenkhang.vn\/wp-content\/uploads\/2022\/08\/tu-dong-inverter-sanaky-vh-1199hy3-510x510.jpg 510w, https:\/\/dienmaynguyenkhang.vn\/wp-content\/uploads\/2022\/08\/tu-dong-inverter-sanaky-vh-1199hy3-100x100.jpg 100w, https:\/\/dienmaynguyenkhang.vn\/wp-content\/uploads\/2022\/08\/tu-dong-inverter-sanaky-vh-1199hy3.jpg 1000w\" sizes=\"auto, (max-width: 300px) 100vw, 300px\" \/><\/p>\n","protected":false},"featured_media":1374,"comment_status":"open","ping_status":"closed","template":"","meta":[],"class_list":{"0":"post-1373","1":"product","2":"type-product","3":"status-publish","4":"has-post-thumbnail","6":"product_cat-dong-nguyen","7":"product_cat-sanaky-tu-dong","8":"product_cat-tu-dong","10":"first","11":"instock","12":"sale","13":"shipping-taxable","14":"purchasable","15":"product-type-simple"},"_links":{"self":[{"href":"https:\/\/dienmaynguyenkhang.vn\/index.php?rest_route=\/wp\/v2\/product\/1373","targetHints":{"allow":["GET"]}}],"collection":[{"href":"https:\/\/dienmaynguyenkhang.vn\/index.php?rest_route=\/wp\/v2\/product"}],"about":[{"href":"https:\/\/dienmaynguyenkhang.vn\/index.php?rest_route=\/wp\/v2\/types\/product"}],"replies":[{"embeddable":true,"href":"https:\/\/dienmaynguyenkhang.vn\/index.php?rest_route=%2Fwp%2Fv2%2Fcomments&post=1373"}],"wp:featuredmedia":[{"embeddable":true,"href":"https:\/\/dienmaynguyenkhang.vn\/index.php?rest_route=\/wp\/v2\/media\/1374"}],"wp:attachment":[{"href":"https:\/\/dienmaynguyenkhang.vn\/index.php?rest_route=%2Fwp%2Fv2%2Fmedia&parent=1373"}],"curies":[{"name":"wp","href":"https:\/\/api.w.org\/{rel}","templated":true}]}}