{"id":1351,"date":"2022-08-17T20:54:04","date_gmt":"2022-08-17T13:54:04","guid":{"rendered":"https:\/\/dienmaynguyenkhang.vn\/?post_type=product&#038;p=1351"},"modified":"2025-07-21T11:27:37","modified_gmt":"2025-07-21T04:27:37","slug":"tu-dong-inverter-sanaky-vh-3699w3-360-lit","status":"publish","type":"product","link":"https:\/\/dienmaynguyenkhang.vn\/?product=tu-dong-inverter-sanaky-vh-3699w3-360-lit","title":{"rendered":"T\u1ee7 \u0111\u00f4ng Inverter Sanaky VH-3699W3 (360 l\u00edt)"},"content":{"rendered":"<div id=\"tab-additional_information\" class=\"row specifications\" role=\"tabpanel\" aria-labelledby=\"tab-title-additional_information\">\n<div class=\"snk-info-product-head\">\n<h3>T\u00cdNH N\u0102NG TH\u00d4NG S\u1ed0 K\u1ef8 THU\u1eacT<\/h3>\n<\/div>\n<div class=\"large-8 col\">\n<div class=\"img-tskt\"><img loading=\"lazy\" decoding=\"async\" class=\"attachment-full size-full lazyloaded\" src=\"https:\/\/sanakyvietnam.net\/wp-content\/uploads\/thong-so-ki-thuat-tu-dong-sanaky-vh-3699w3.jpg\" sizes=\"auto, (max-width: 800px) 100vw, 800px\" srcset=\"https:\/\/sanakyvietnam.net\/wp-content\/uploads\/thong-so-ki-thuat-tu-dong-sanaky-vh-3699w3.jpg 800w, https:\/\/sanakyvietnam.net\/wp-content\/uploads\/thong-so-ki-thuat-tu-dong-sanaky-vh-3699w3-400x271.jpg 400w, https:\/\/sanakyvietnam.net\/wp-content\/uploads\/thong-so-ki-thuat-tu-dong-sanaky-vh-3699w3-600x406.jpg 600w, https:\/\/sanakyvietnam.net\/wp-content\/uploads\/thong-so-ki-thuat-tu-dong-sanaky-vh-3699w3-768x519.jpg 768w\" alt=\"\" width=\"800\" height=\"541\" data-ll-status=\"loaded\" \/><\/div>\n<\/div>\n<div class=\"large-4 col\">\n<div class=\"product_additional_content\">\n<h2 class=\"title_tabs\">Th\u00f4ng s\u1ed1 k\u1ef9 thu\u1eadt<\/h2>\n<table>\n<tbody>\n<tr>\n<td>Model<\/td>\n<td>VH-3699W3<\/td>\n<\/tr>\n<tr>\n<td>Th\u01b0\u01a1ng hi\u1ec7u<\/td>\n<td><a href=\"https:\/\/dienmaynguyenkhang.vn\/?product=tu-dong-inverter-sanaky-vh-3699w3-360-lit\">Sanaky<\/a><\/td>\n<\/tr>\n<tr>\n<td>Lo\u1ea1i<\/td>\n<td><a href=\"https:\/\/dienmaynguyenkhang.vn\/?product=tu-dong-inverter-sanaky-vh-3699w3-360-lit\">T\u1ee7 \u0111\u00f4ng 2 ng\u0103n 2 c\u00e1nh d\u00e0n \u0111\u1ed3ng<\/a><\/td>\n<\/tr>\n<tr>\n<td>B\u1ea3o h\u00e0nh<\/td>\n<td>24 th\u00e1ng<\/td>\n<\/tr>\n<tr>\n<td>K\u00edch th\u01b0\u1edbc (D x R x C mm)<\/td>\n<td>1215 \u00d7 620 \u00d7 845 mm<\/td>\n<\/tr>\n<tr>\n<td>Tr\u1ecdng l\u01b0\u1ee3ng<\/td>\n<td>47 kg<\/td>\n<\/tr>\n<tr>\n<td>Dung t\u00edch t\u1ed5ng th\u1ec3 \/ Dung t\u00edch s\u1eed d\u1ee5ng<\/td>\n<td>360 L\u00edt \/ 260 L\u00edt<\/td>\n<\/tr>\n<tr>\n<td>C\u00f4ng su\u1ea5t(W)<\/td>\n<td>80.9 W<\/td>\n<\/tr>\n<tr>\n<td>S\u1ed1 c\u1eeda<\/td>\n<td>2 c\u1eeda<\/td>\n<\/tr>\n<tr>\n<td>S\u1ed1 ng\u0103n<\/td>\n<td>2 ng\u0103n (1 \u0111\u00f4ng + 1 m\u00e1t)<\/td>\n<\/tr>\n<tr>\n<td>Nhi\u1ec7t \u0111\u1ed9 (\u00b0C)<\/td>\n<td>\u0110\u00f4ng: 0\u00baC &lt; -18\u00baC M\u00e1t: 0\u00baC &gt; 10\u00baC<\/td>\n<\/tr>\n<tr>\n<td>D\u00e0n l\u1ea1nh<\/td>\n<td>\u1ed0ng \u0111\u1ed3ng<\/td>\n<\/tr>\n<tr>\n<td>Gas s\u1eed d\u1ee5ng<\/td>\n<td>R600A<\/td>\n<\/tr>\n<tr>\n<td>L\u00e0m l\u1ea1nh nhanh<\/td>\n<td>C\u00f3<\/td>\n<\/tr>\n<tr>\n<td>Kho\u00e1 t\u1ee7<\/td>\n<td>C\u00f3<\/td>\n<\/tr>\n<tr>\n<td>Ti\u1ebft ki\u1ec7m \u0111i\u1ec7n<\/td>\n<td>C\u00f4ng ngh\u1ec7 Inverter<\/td>\n<\/tr>\n<\/tbody>\n<\/table>\n<\/div>\n<p><a class=\"open_additional_popup\" data-src=\"#additional_popup\" data-fancybox=\"\" data-options=\"{&quot;touch&quot; : false}\">XEM CHI TI\u1ebeT TH\u00d4NG S\u1ed0 K\u1ef8 THU\u1eacT<\/a><\/p>\n<div><\/div>\n<\/div>\n<\/div>\n<div class=\"content_description\">\n<div class=\"woocommerce-tabs wc-tabs-wrapper container tabbed-content\">\n<ul class=\"snk-info-product-head tabs wc-tabs product-tabs small-nav-collapse nav nav-uppercase nav-line-grow nav-left\" role=\"tablist\">\n<li id=\"tab-title-description\" class=\"description_tab active\" role=\"tab\" aria-controls=\"tab-description\"><a href=\"https:\/\/dienmaynguyenkhang.vn\/?product=tu-dong-inverter-sanaky-vh-3699w3-360-lit\"><i class=\"fa fa-caret-right\"><\/i>M\u00d4 T\u1ea2 S\u1ea2N PH\u1ea8M<\/a><\/li>\n<\/ul>\n<div class=\"tab-panels\">\n<div id=\"tab-description\" class=\"woocommerce-Tabs-panel woocommerce-Tabs-panel--description panel entry-content active\" role=\"tabpanel\" aria-labelledby=\"tab-title-description\">\n<div class=\"nks-column-group\">\n<div class=\"nks-block-item nks-type-creative-description nks-custom-full-width nks-custom-text-left-image-right\">\n<div class=\"nks-title\">\n<h2 class=\"content-block-title\">T\u1ee7 \u0111\u00f4ng Inverter Sanaky VH-3699W3 dung t\u00edch 360 l\u00edt<\/h2>\n<p><a href=\"https:\/\/dienmaynguyenkhang.vn\/?product=tu-dong-inverter-sanaky-vh-3699w3-360-lit\"><strong>T\u1ee7 \u0111\u00f4ng Inverter Sanaky<\/strong>\u00a0<strong>VH-3699W3<\/strong><\/a>\u00a0thu\u1ed9c d\u00f2ng\u00a0t\u1ee7\u00a02 ng\u0103n\u00a02 c\u00e1nh (g\u1ed3m 1 ng\u0103n \u0111\u00f4ng v\u00e0\u00a01 ng\u0103n m\u00e1t), hay c\u00f2n\u00a0\u0111\u01b0\u1ee3c g\u1ecdi l\u00e0 t\u1ee7\u00a0\u0111\u00f4ng m\u00e1t c\u1ee7a th\u01b0\u01a1ng hi\u1ec7u Sanaky. Chi\u1ebfc t\u1ee7 n\u00e0y\u00a0\u0111\u00e1p\u00a0\u1ee9ng\u00a0\u0111\u01b0\u1ee3c nhu c\u1ea7u v\u1eeba b\u1ea3o qu\u1ea3n tr\u1eef\u00a0\u0111\u00f4ng th\u1ef1c ph\u1ea9m nh\u01b0 th\u1ecbt, c\u00e1,\u00a0\u0111\u1ed3\u00a0\u0111\u1ed3ng l\u1ea1nh\u2026 v\u00e0 b\u1ea3o qu\u1ea3n m\u00e1t th\u1ef1c ph\u1ea9m nh\u01b0 rau, c\u1ee7 , qu\u1ea3,\u00a0\u0111\u1ed3 u\u1ed1ng\u2026<\/p>\n<p><img loading=\"lazy\" decoding=\"async\" class=\"size-medium wp-image-5919 aligncenter lazyloaded\" src=\"https:\/\/sanakyvietnam.net\/wp-content\/uploads\/tu-dong-inverter-sanaky-vh-3699w3-mo-ta-600x385.jpg\" sizes=\"auto, (max-width: 600px) 100vw, 600px\" srcset=\"https:\/\/sanakyvietnam.net\/wp-content\/uploads\/tu-dong-inverter-sanaky-vh-3699w3-mo-ta-600x385.jpg 600w, https:\/\/sanakyvietnam.net\/wp-content\/uploads\/tu-dong-inverter-sanaky-vh-3699w3-mo-ta-400x257.jpg 400w, https:\/\/sanakyvietnam.net\/wp-content\/uploads\/tu-dong-inverter-sanaky-vh-3699w3-mo-ta-768x493.jpg 768w, https:\/\/sanakyvietnam.net\/wp-content\/uploads\/tu-dong-inverter-sanaky-vh-3699w3-mo-ta.jpg 1000w\" alt=\"T\u1ee7 \u0111\u00f4ng inverter Sanaky VH-3699W3 d\u00e0n l\u1ea1nh \u0111\u1ed3ng dung t\u00edch 360 l\u00edt\" width=\"600\" height=\"385\" data-ll-status=\"loaded\" \/><\/p>\n<div class=\"content-descr expand\">\n<h3>M\u1ed9t s\u1ed1\u00a0\u0111\u1eb7c\u00a0\u0111i\u1ec3m n\u1ed5i b\u1eadt<\/h3>\n<p>\u2013 T\u1ee7 c\u00f3 thi\u1ebft k\u1ebf\u00a01 ng\u0103n\u00a0\u0111\u00f4ng v\u00e0 1 ng\u0103n m\u00e1t v\u1edbi 1 c\u00e1nh m\u1edf m\u1ed7i b\u00ean ri\u00eang bi\u1ec7t r\u1ea5t\u00a0ti\u1ec7n l\u1ee3i trong vi\u1ec7c b\u1ea3o qu\u1ea3n 2 lo\u1ea1i th\u1ef1c ph\u1ea9m\u00a0\u0111\u00f4ng v\u00e0 m\u00e1t nh\u01b0 th\u1ecbt, c\u00e1, rau c\u1ee7.<\/p>\n<p>\u2013 2 c\u00e1nh m\u1edf c\u1ee7a t\u1ee7\u00a0\u0111\u01b0\u1ee3c l\u1eafp th\u00eam kh\u00f3a\u00a0\u0103n to\u00e0n cho m\u1ed7i b\u00ean gi\u00fap tr\u00e1nh nh\u1eefng tr\u01b0\u1eddng h\u1ecdp m\u1edf t\u1ee7 ngo\u00e0i\u00a0\u00fd mu\u1ed1n.<\/p>\n<p>\u2013\u00a0Th\u00e2n t\u1ee7 \u0111\u01b0\u1ee3c l\u00e0m t\u1eeb nh\u1ef1a ABS<b>\u00a0<\/b>lo\u1ea1i ch\u1ea5t li\u1ec7u cao c\u1ea5p, c\u00f3 \u0111\u1ed9 b\u1ec1n cao nh\u1edd v\u00e0o \u0111\u1eb7c t\u00ednh d\u1ebbo, dai v\u00e0 ch\u1ecbu l\u1ef1c t\u1ed1t. L\u00f2ng t\u1ee7 c\u00f4i nh\u00f4m s\u01a1n t\u0129nh \u0111i\u1ec7n ph\u1eb3ng c\u00f3 1 l\u1ed7 tho\u00e1t n\u01b0\u1edbc d\u01b0\u1edbi \u0111\u00e1y gi\u00fap vi\u1ec7c lau ch\u00f9i\u00a0<a href=\"https:\/\/dienmaynguyenkhang.vn\/?product=tu-dong-inverter-sanaky-vh-3699w3-360-lit\">v\u1ec7 sinh t\u1ee7 \u0111\u00f4ng t\u1ea1i nh\u00e0<\/a>\u00a0d\u1ec5 d\u00e0ng h\u01a1n.<\/p>\n<p>\u2013 Dung t\u00edch t\u1ed5ng th\u1ec3 c\u1ee7a t\u1ee7 l\u00e0 360 l\u00edt, dung t\u00edch s\u1eed d\u1ee5ng l\u00e0 260 l\u00edt<\/p>\n<p>\u2013 VH-3699W3 s\u1eed d\u1ee5ng d\u00e0n l\u1ea1nh b\u1eb1ng \u0111\u1ed3ng cho hi\u1ec7u su\u1ea5t l\u00e0m l\u1ea1nh nhanh v\u00e0 s\u00e2u h\u01a1n so v\u1edbi d\u00e0n nh\u00f4m. K\u1ebft h\u1ee3p qu\u1ea1t \u0111\u1ea3o nhi\u1ec7t gi\u00fap h\u01a1i l\u1ea1nh \u1ed5n \u0111\u1ecbnh v\u00e0 \u0111\u1ec1u kh\u1eafp b\u00ean trong t\u1ee7.<\/p>\n<p>\u2013 Nhi\u1ec7t \u0111\u1ed9\u00a0l\u00e0m l\u1ea1nh c\u1ee7a t\u1eebng ng\u0103n t\u1ee7 l\u00e0: ng\u0103n \u0111\u00f4ng : 0<sup>o<\/sup>C~ -18<sup>o<\/sup>C; ng\u0103n m\u00e1t: 0<sup>o<\/sup>C ~ 10<sup>o<\/sup>C.<\/p>\n<p>\u2013\u00a0 T\u1ee7 s\u1eed d\u1ee5ng\u00a0Gas R600A \u2013 lo\u1ea1i gas m\u1edbi nh\u1ea5t, l\u00e0m l\u1ea1nh t\u1ed1t v\u00e0 th\u00e2n thi\u1ec7n v\u1edbi m\u00f4i tr\u01b0\u1eddng.<\/p>\n<p>\u2013\u00a0T\u1ee7\u00a0\u0111\u01b0\u1ee3c t\u00edch h\u1ee3p c\u00f4ng ngh\u1ec7 bi\u1ebfn t\u1ea7n inverter n\u00ean s\u1ea3n ph\u1ea9m\u00a0ti\u1ebft ki\u1ec7m h\u01a1n 50% \u0111i\u1ec7n n\u0103ng so v\u1edbi c\u00e1c s\u1ea3n ph\u1ea9m t\u1ee7 \u0111\u00f4ng th\u00f4ng th\u01b0\u1eddng kh\u00e1c.<\/p>\n<p>\u2013 N\u00fat \u0111i\u1ec1u ch\u1ec9nh nhi\u1ec7t \u0111\u1ed9 c\u1ee7a\u00a0<a href=\"https:\/\/dienmaynguyenkhang.vn\/?product=tu-dong-inverter-sanaky-vh-3699w3-360-lit\">t\u1ee7 c\u1ea5p \u0111\u00f4ng c\u1ee7a\u00a0Sanaky<\/a>\u00a0\u0111\u01b0\u1ee3c thi\u1ebft k\u1ebf b\u00ean ngo\u00e0i th\u00e2n t\u1ee7, ti\u1ec7n l\u1ee3i cho kh\u00e1ch h\u00e0ng mu\u1ed1n c\u00e0i \u0111\u1eb7t nhi\u1ec7t \u0111\u1ed9 theo \u00fd mu\u1ed1n.<\/p>\n<p>\u2013 Ch\u00e2n t\u1ee7\u00a0\u0111\u01b0\u1ee3c l\u1eafp\u00a0\u0111\u1eb7t 4\u00a0b\u00e1nh xe ch\u1ecbu l\u1ef1c gi\u00fap vi\u1ec7c di chuy\u1ec3n t\u1ee7 d\u1ec5 d\u00e0ng h\u01a1n m\u00e0 kh\u00f4ng t\u1ed1n s\u1ee9c.<\/p>\n<h3>M\u1ed9t s\u1ed1 l\u01b0u \u00fd khi s\u1eed d\u1ee5ng<\/h3>\n<p>\u2013 N\u01a1i\u00a0\u0111\u1eb7t\u00a0t\u1ee7 ph\u1ea3i\u00a0kh\u00f4 r\u00e1o, \u00edt b\u1ee5i v\u00e0\u00a0\u0111\u1ea3m b\u1ea3o th\u00f4ng tho\u00e1ng ph\u00eda sau.<\/p>\n<p>\u2013 Kho\u1ea3ng c\u00e1ch gi\u1eef t\u1ee7 v\u00e0 t\u01b0\u1eddng t\u1ed1i thi\u1ec3u kho\u1ea3ng\u00a010 cm \u0111\u1ec3 \u0111\u1ea3m b\u1ea3o l\u01b0u th\u00f4ng kh\u00f4ng kh\u00ed\u00a0l\u00e0m m\u00e1t d\u00e0n. L\u01b0u\u00a0\u00fd:\u00a0kh\u00f4ng d\u00f9ng b\u1ea5t c\u1ee9 v\u1eadt g\u00ec\u00a0\u0111\u1ec3 ph\u1ee7 ho\u1eb7c ch\u1eafn k\u00edn\u00a0d\u00e0n ng\u01b0ng d\u00e0n n\u00f3ng.<\/p>\n<p>\u2013 N\u1ebfu\u00a0b\u1ea3o qu\u1ea3n c\u00e1c th\u1ef1c ph\u1ea9m l\u1ecfng n\u00ean\u00a0\u0111\u1ec3\u00a0trong h\u1ed9p c\u00f3 n\u1eafp \u0111\u1eady k\u00edn \u0111\u1ec3 ch\u1ed1ng bay h\u01a1i l\u00e0m t\u0103ng\u00a0nhanh l\u1edbp tuy\u1ebft tan b\u00e1m tr\u00ean gi\u00e0n l\u1ea1nh.<\/p>\n<p>\u2013 Kh\u00f4ng \u0111\u1ec3 trong t\u1ee7 c\u00e1c ch\u1ea5t axit -bazo g\u00e2y \u0103n m\u00f2n t\u1ee7 (\u0111\u1eb7c bi\u1ec7t c\u00e1c ch\u1ea5t chay n\u1ed5 t\u1ee7 l\u1ea1nh l\u00e0m b\u1eb1ng nh\u00f4m d\u1eabn \u0111\u1ebfn m\u1ea5t gas).<\/p>\n<\/div>\n<\/div>\n<\/div>\n<\/div>\n<\/div>\n<\/div>\n<\/div>\n<\/div>\n","protected":false},"excerpt":{"rendered":"<p><img loading=\"lazy\" decoding=\"async\" class=\"alignnone size-medium wp-image-1352\" src=\"https:\/\/dienmaynguyenkhang.vn\/wp-content\/uploads\/2022\/08\/tu-dong-inverter-sanaky-vh-3699w3-300x300.jpg\" alt=\"\" width=\"300\" height=\"300\" srcset=\"https:\/\/dienmaynguyenkhang.vn\/wp-content\/uploads\/2022\/08\/tu-dong-inverter-sanaky-vh-3699w3-300x300.jpg 300w, https:\/\/dienmaynguyenkhang.vn\/wp-content\/uploads\/2022\/08\/tu-dong-inverter-sanaky-vh-3699w3-150x150.jpg 150w, https:\/\/dienmaynguyenkhang.vn\/wp-content\/uploads\/2022\/08\/tu-dong-inverter-sanaky-vh-3699w3-768x768.jpg 768w, https:\/\/dienmaynguyenkhang.vn\/wp-content\/uploads\/2022\/08\/tu-dong-inverter-sanaky-vh-3699w3-510x510.jpg 510w, https:\/\/dienmaynguyenkhang.vn\/wp-content\/uploads\/2022\/08\/tu-dong-inverter-sanaky-vh-3699w3-100x100.jpg 100w, https:\/\/dienmaynguyenkhang.vn\/wp-content\/uploads\/2022\/08\/tu-dong-inverter-sanaky-vh-3699w3.jpg 1000w\" sizes=\"auto, (max-width: 300px) 100vw, 300px\" \/><\/p>\n","protected":false},"featured_media":1352,"comment_status":"open","ping_status":"closed","template":"","meta":[],"class_list":{"0":"post-1351","1":"product","2":"type-product","3":"status-publish","4":"has-post-thumbnail","6":"product_cat-dong-mat","7":"product_cat-sanaky-tu-dong","8":"product_cat-tu-dong","10":"first","11":"instock","12":"sale","13":"shipping-taxable","14":"purchasable","15":"product-type-simple"},"_links":{"self":[{"href":"https:\/\/dienmaynguyenkhang.vn\/index.php?rest_route=\/wp\/v2\/product\/1351","targetHints":{"allow":["GET"]}}],"collection":[{"href":"https:\/\/dienmaynguyenkhang.vn\/index.php?rest_route=\/wp\/v2\/product"}],"about":[{"href":"https:\/\/dienmaynguyenkhang.vn\/index.php?rest_route=\/wp\/v2\/types\/product"}],"replies":[{"embeddable":true,"href":"https:\/\/dienmaynguyenkhang.vn\/index.php?rest_route=%2Fwp%2Fv2%2Fcomments&post=1351"}],"wp:featuredmedia":[{"embeddable":true,"href":"https:\/\/dienmaynguyenkhang.vn\/index.php?rest_route=\/wp\/v2\/media\/1352"}],"wp:attachment":[{"href":"https:\/\/dienmaynguyenkhang.vn\/index.php?rest_route=%2Fwp%2Fv2%2Fmedia&parent=1351"}],"curies":[{"name":"wp","href":"https:\/\/api.w.org\/{rel}","templated":true}]}}