{"id":1327,"date":"2022-08-16T21:43:14","date_gmt":"2022-08-16T14:43:14","guid":{"rendered":"https:\/\/dienmaynguyenkhang.vn\/?post_type=product&#038;p=1327"},"modified":"2025-10-20T18:51:55","modified_gmt":"2025-10-20T11:51:55","slug":"tu-dong-sanaky-vh-285w2-280-lit","status":"publish","type":"product","link":"https:\/\/dienmaynguyenkhang.vn\/?product=tu-dong-sanaky-vh-285w2-280-lit","title":{"rendered":"T\u1ee7 \u0111\u00f4ng Sanaky VH-285W2 (280 l\u00edt)"},"content":{"rendered":"<div id=\"tab-additional_information\" class=\"row specifications\" role=\"tabpanel\" aria-labelledby=\"tab-title-additional_information\">\n<div class=\"snk-info-product-head\">\n<h3>T\u00cdNH N\u0102NG TH\u00d4NG S\u1ed0 K\u1ef8 THU\u1eacT<\/h3>\n<\/div>\n<div class=\"large-8 col\">\n<div class=\"img-tskt\"><img loading=\"lazy\" decoding=\"async\" class=\"attachment-full size-full lazyloaded\" src=\"https:\/\/sanakyvietnam.net\/wp-content\/uploads\/thong-so-ki-thuat-tu-dong-sanaky-2-ngan-2-canh-dan-nhom.jpg\" sizes=\"auto, (max-width: 800px) 100vw, 800px\" srcset=\"https:\/\/sanakyvietnam.net\/wp-content\/uploads\/thong-so-ki-thuat-tu-dong-sanaky-2-ngan-2-canh-dan-nhom.jpg 800w, https:\/\/sanakyvietnam.net\/wp-content\/uploads\/thong-so-ki-thuat-tu-dong-sanaky-2-ngan-2-canh-dan-nhom-400x271.jpg 400w, https:\/\/sanakyvietnam.net\/wp-content\/uploads\/thong-so-ki-thuat-tu-dong-sanaky-2-ngan-2-canh-dan-nhom-600x406.jpg 600w, https:\/\/sanakyvietnam.net\/wp-content\/uploads\/thong-so-ki-thuat-tu-dong-sanaky-2-ngan-2-canh-dan-nhom-768x519.jpg 768w\" alt=\"\" width=\"800\" height=\"541\" data-ll-status=\"loaded\" \/><\/div>\n<\/div>\n<div class=\"large-4 col\">\n<div class=\"product_additional_content\">\n<h2 class=\"title_tabs\">Th\u00f4ng s\u1ed1 k\u1ef9 thu\u1eadt<\/h2>\n<table>\n<tbody>\n<tr>\n<td><strong>Model<\/strong><\/td>\n<td>\u00a0<strong>VH-285W2<\/strong><\/td>\n<\/tr>\n<tr>\n<td><strong>H\u00e3ng s\u1ea3n xu\u1ea5t<\/strong><\/td>\n<td><a href=\"https:\/\/dienmaynguyenkhang.vn\/?product=tu-dong-sanaky-vh-285w2-280-li\"><strong>Sanaky<\/strong><\/a><\/td>\n<\/tr>\n<tr>\n<td>C\u00f4ng su\u1ea5t<\/td>\n<td>111.5W<\/td>\n<\/tr>\n<tr>\n<td>Lo\u1ea1i<\/td>\n<td><a href=\"https:\/\/dienmaynguyenkhang.vn\/?product=tu-dong-sanaky-vh-285w2-280-li\">T\u1ee7 \u0111\u00f4ng 2 ng\u0103n 2 c\u00e1nh d\u00e0n nh\u00f4m<\/a><\/td>\n<\/tr>\n<tr>\n<td>B\u1ea3o h\u00e0nh<\/td>\n<td>24 th\u00e1ng<\/td>\n<\/tr>\n<tr>\n<td>D\u00e0n l\u1ea1nh<\/td>\n<td>B\u1eb1ng nh\u00f4m<\/td>\n<\/tr>\n<tr>\n<td>Dung t\u00edch t\u1ed5ng th\u1ec3 \/ Dung t\u00edch s\u1eed d\u1ee5ng<\/td>\n<td>280 l\u00edt \/ 220 l\u00edt<\/td>\n<\/tr>\n<tr>\n<td>Nhi\u1ec7t \u0111\u1ed9 ng\u0103n \u0111\u00f4ng<\/td>\n<td>\u2264-18\u2103<\/td>\n<\/tr>\n<tr>\n<td>Nhi\u1ec7t \u0111\u1ed9 ng\u0103n m\u00e1t<\/td>\n<td>0\uff5e10\u2103<\/td>\n<\/tr>\n<tr>\n<td>K\u00edch th\u01b0\u1edbc t\u1ee7 (DxRxC) mm<\/td>\n<td>1080 x 620 x 845 mm<\/td>\n<\/tr>\n<tr>\n<td>Kh\u00ed ga<\/td>\n<td>R600a<\/td>\n<\/tr>\n<tr>\n<td>Ngu\u1ed3n \u0111i\u1ec7n<\/td>\n<td>220V\/50Hz<\/td>\n<\/tr>\n<tr>\n<td>Kho\u00e1 t\u1ee7<\/td>\n<td>C\u00f3<\/td>\n<\/tr>\n<\/tbody>\n<\/table>\n<\/div>\n<p><a class=\"open_additional_popup\" data-src=\"#additional_popup\" data-fancybox=\"\" data-options=\"{&quot;touch&quot; : false}\">XEM CHI TI\u1ebeT TH\u00d4NG S\u1ed0 K\u1ef8 THU\u1eacT<\/a><\/p>\n<div><\/div>\n<\/div>\n<\/div>\n<div class=\"content_description\">\n<div class=\"woocommerce-tabs wc-tabs-wrapper container tabbed-content\">\n<ul class=\"snk-info-product-head tabs wc-tabs product-tabs small-nav-collapse nav nav-uppercase nav-line-grow nav-left\" role=\"tablist\">\n<li id=\"tab-title-description\" class=\"description_tab active\" role=\"tab\" aria-controls=\"tab-description\"><a href=\"https:\/\/dienmaynguyenkhang.vn\/?product=tu-dong-sanaky-vh-285w2-280-li\"><i class=\"fa fa-caret-right\"><\/i>M\u00d4 T\u1ea2 S\u1ea2N PH\u1ea8M<\/a><\/li>\n<\/ul>\n<div class=\"tab-panels\">\n<div id=\"tab-description\" class=\"woocommerce-Tabs-panel woocommerce-Tabs-panel--description panel entry-content active\" role=\"tabpanel\" aria-labelledby=\"tab-title-description\">\n<h2>T\u1ee7 \u0111\u00f4ng Sanaky VH-285W2 dung t\u00edch 280 l\u00edt<strong><br \/>\n<\/strong><\/h2>\n<p><a href=\"https:\/\/dienmaynguyenkhang.vn\/?product=tu-dong-sanaky-vh-285w2-280-li\"><strong>T\u1ee7 \u0111\u00f4ng Sanaky VH-285W2<\/strong><\/a>\u00a0l\u00e0 s\u1ea3n ph\u1ea9m t\u1ee7 \u0111\u00f4ng c\u00f3 thi\u1ebft k\u1ebf 2 ng\u0103n: 1 ng\u0103n \u0111\u00f4ng v\u00e0 1 ng\u0103n m\u00e1t n\u00ean ph\u00f9 h\u1ee3p b\u1ea3o qu\u1ea3n kem, rau qu\u1ea3, th\u1ecbt c\u00e1\u2026 L\u00f2ng t\u1ee7 d\u00e0y b\u1eb1ng nh\u00f4m ph\u1eb3ng k\u1ebft h\u1ee3p v\u1edbi qu\u1ea1t l\u1ed3ng s\u00f3c l\u00e0m l\u1ea1nh nhanh v\u00e0 s\u00e2u t\u1eeb 0 \u0111\u1ebfn -18\u00b0C, s\u1ebd gi\u00fap b\u1ea1n b\u1ea3o qu\u1ea3n th\u1ef1c ph\u1ea9m lu\u00f4n t\u01b0\u01a1i ngon, kh\u00f4ng b\u1ecb vi khu\u1ea9n, n\u1ea5m m\u1ed1c x\u00e2m nh\u1eadp m\u00e0 kh\u00f4ng c\u1ea7n d\u00f9ng \u0111\u1ebfn c\u00e1c lo\u1ea1i ch\u1ea5t b\u1ea3o qu\u1ea3n.<\/p>\n<p><img loading=\"lazy\" decoding=\"async\" class=\"aligncenter wp-image-10857 lazyloaded\" src=\"https:\/\/sanakyvietnam.net\/wp-content\/uploads\/tinh-nang-noi-bat-tu-dong-sanaky-2-ngan-2-canh-600x333.jpg\" sizes=\"auto, (max-width: 800px) 100vw, 800px\" srcset=\"https:\/\/sanakyvietnam.net\/wp-content\/uploads\/tinh-nang-noi-bat-tu-dong-sanaky-2-ngan-2-canh-600x333.jpg 600w, https:\/\/sanakyvietnam.net\/wp-content\/uploads\/tinh-nang-noi-bat-tu-dong-sanaky-2-ngan-2-canh-400x222.jpg 400w, https:\/\/sanakyvietnam.net\/wp-content\/uploads\/tinh-nang-noi-bat-tu-dong-sanaky-2-ngan-2-canh-768x426.jpg 768w, https:\/\/sanakyvietnam.net\/wp-content\/uploads\/tinh-nang-noi-bat-tu-dong-sanaky-2-ngan-2-canh.jpg 780w\" alt=\"\" width=\"800\" height=\"444\" data-ll-status=\"loaded\" \/><\/p>\n<h3>\u0110\u1eb7c \u0111i\u1ec3m n\u1ed5i b\u1eadt<\/h3>\n<p>T\u1ee7\u00a0\u0111\u00f4ng m\u00e1t c\u00f3 thi\u1ebft k\u1ebf 2 ng\u0103n v\u00e0 2 c\u00e1nh m\u1edf ki\u1ec3u vali\u00a0\u1edf\u00a0m\u1ed7i ng\u0103n r\u1ea5t ti\u1ec7n l\u01a1i.\u00a0B\u1ea1n c\u00f3 th\u1ec3 d\u1ec5 d\u00e0ng nh\u1eadn bi\u1ebft ng\u0103n n\u00e0o l\u00e0 ng\u0103n\u00a0\u0111\u00f4ng v\u00e0 ng\u0103n n\u00e0o l\u00e0 ng\u0103n m\u00e1t v\u1edbi k\u00fd hi\u1ec7u ngay d\u01b0\u1edbi th\u00e2n t\u1ee7.<\/p>\n<p>T\u1ee7 s\u1eed d\u1ee5ng d\u00e0n l\u1ea1nh b\u1eb1ng nh\u00f4m cho kh\u1ea3 n\u0103ng l\u00e0m l\u1ea1nh \u1ed5n \u0111\u1ecbnh, k\u1ebft h\u1ee3p qu\u1ea1t l\u1ed3ng s\u00f3c h\u01a1i l\u1ea1nh s\u00e2u v\u00e0 t\u1ecfa \u0111\u1ec1u kh\u1eafp b\u00ean trong t\u1ee7.<\/p>\n<p><a href=\"https:\/\/dienmaynguyenkhang.vn\/?product=tu-dong-sanaky-vh-285w2-280-li\">T\u1ee7 c\u1ea5p \u0111\u00f4ng th\u01b0\u01a1ng hi\u1ec7u\u00a0Sanaky<\/a>\u00a0\u0111\u01b0\u1ee3c s\u1ea3n xu\u1ea5t theo d\u00e2y chuy\u1ec1n c\u00f4ng ngh\u1ec7 Nh\u1eadt B\u1ea3n v\u1eadn h\u00e0nh \u00eam \u00e1i v\u00e0 c\u00f3 \u0111\u1ed9 b\u1ec1n cao.<\/p>\n<p>T\u1ee7 c\u00f3 dung t\u00edch t\u1ed5ng th\u1ec3 l\u00e0 280 l\u00edt, dung t\u00edch s\u1eed d\u1ee5ng l\u00e0 220 l\u00edt ph\u00f9 h\u1ee3p v\u1edbi qu\u00e1n \u0103n c\u00f3 nhu b\u1ea3o qu\u1ea3n \u0111a d\u1ea1ng c\u00e1c lo\u1ea1i th\u1ef1c ph\u1ea9m th\u1ecbt, c\u00e1, rau, c\u1ee7, qu\u1ea3\u2026<\/p>\n<p>Ng\u0103n t\u1ee7 VH-285W2 \u0111\u01b0\u1ee3c l\u00e0m b\u1eb1ng ch\u1ea5t li\u1ec7u nh\u1ef1a ABS cao c\u1ea5p c\u00f3 t\u00ednh d\u1ebbo dai v\u00e0 ch\u1ecbu l\u1ef1c t\u1ed1t, \u0111\u00e1p \u1ee9ng ti\u00eau ch\u00ed cao v\u1ec1 \u0111\u1ed9 b\u1ec1n v\u00e0 t\u00ednh an to\u00e0n.<\/p>\n<p>Ch\u00e2n t\u1ee7 \u0111\u01b0\u1ee3c thi\u1ebft k\u1ebf 4 b\u00e1nh xe ch\u1ecbu l\u1ef1c r\u1ea5t ti\u1ec7n l\u1ee3i cho vi\u1ec7c di chuy\u1ec3n t\u1ee7.<\/p>\n<p>T\u1ee7 s\u1eed d\u1ee5ng\u00a0<a href=\"https:\/\/dienmaynguyenkhang.vn\/?product=tu-dong-sanaky-vh-285w2-280-li\">gas l\u00e0m l\u1ea1nh<\/a>\u00a0l\u00e0 R600a th\u00e2n thi\u1ec7n v\u1edbi m\u00f4i tr\u01b0\u1eddng v\u00e0 an to\u00e0n cho s\u1ee9c kh\u1ecfe ng\u01b0\u1eddi ti\u00eau d\u00f9ng.<\/p>\n<h3>L\u01b0u \u00fd khi s\u1eed d\u1ee5ng<\/h3>\n<p>\u2013 Sau hai tu\u1ea7n, b\u1ea1n c\u1ea7n ph\u1ea3i cho t\u1ee7 \u0111\u00f4ng ngh\u1ec9 ng\u01a1i \u0111\u00f4i ch\u00fat b\u1eb1ng c\u00e1ch v\u1eb7n n\u00fat \u0111i\u1ec1u ch\u1ec9nh Thermostat v\u1ec1 v\u1ecb tr\u00ed (ON) ho\u1eb7c (OFF) th\u1eddi gian ngh\u1ec9 c\u00f3 th\u1ec3 l\u00e0 15-30 ph\u00fat\u2026 Sau \u0111\u00f3 l\u1ea1i \u0111\u00f3ng m\u1ea1ch cho t\u1ee7 ch\u1ea1y b\u00ecnh th\u01b0\u1eddng.<\/p>\n<p>\u2013 Sau m\u1ed7i tu\u1ea7n ch\u1ea1y li\u00ean t\u1ee5c b\u1ea1n n\u00ean l\u00e0m v\u1ec7 sinh t\u1ee7 theo tu\u1ea7n t\u1ef1; V\u1eb7n n\u00fat \u0111i\u1ec3u ch\u1ec9nh Thermostar t\u1eeb v\u1ecb tr\u00ed (ON) ho\u1eb7c (OFF) \u0111\u1ec3 ng\u1eaft \u0111i\u1ec7n t\u1ee7 l\u1ea1nh ho\u1eb7c r\u00fat ngu\u1ed3n ra. \u0110\u01b0a c\u00e1c th\u1ef1c ph\u1ea9m, khay, gi\u00e1 \u0111\u1ee1 ra kh\u1ecfi t\u1ee7 \u0111\u00f4ng. Ph\u00e1 tuy\u1ebft tr\u00ean gi\u00e0n l\u1ea1nh \u0111\u1ed1i v\u1edbi t\u1ee7 l\u00e0m l\u1ea1nh tr\u1ef1c ti\u1ebfp. \u0110\u1eb7t c\u1ea1nh t\u1ee7 m\u1ed9t ch\u1eadu n\u01b0\u1edbc \u1ea5m s\u1ea1ch, kh\u0103n b\u00f4ng s\u1ea1ch, m\u1ed9t mi\u1ebfng x\u1ed1p \u0111\u1ec3 c\u1ecd \u01b0\u1edbt, lau kh\u00f4.<\/p>\n<p>\u2013 D\u00f9ng kh\u0103n s\u1ea1ch m\u1ec1m \u0111\u1ec3 c\u1ecd r\u1eeda d\u00e0n l\u1ea1nh c\u00e1c ng\u0103n m\u1eb7t trong c\u1ee7a t\u1ee7 \u0111\u00f4ng, c\u00e1c t\u1ea5m c\u1eeda c\u00f9ng c\u00e1c chi ti\u1ebft b\u1eb1ng ch\u1ea5t d\u1ebbo kh\u00e1c c\u1ee7a t\u1ee7 \u0111\u00f4ng. Ta c\u0169ng c\u00f3 th\u1ec3 s\u1eed d\u1ee5ng x\u00e0 ph\u00f2ng lo\u00e3ng \u0111\u1ec3 c\u1ecd r\u1eeda c\u00e1c ch\u1ea5t b\u1ea9n xong ph\u1ea3i tr\u00e1ng l\u1ea1i b\u1eb1ng n\u01b0\u1edbc s\u1ea1ch v\u00e0 lau kh\u00f4.<\/p>\n<p>\u2013 Khi c\u1ecd r\u1eeda tr\u00e1nh t\u00ecnh tr\u1ea1ng \u0111\u1ec3 n\u01b0\u1edbc \u0111\u1ecdng l\u1ea1i \u1edf \u0111\u00e1y t\u1ee7, c\u00e1c \u0111\u1ec7m c\u1eeda, v\u1ecf c\u1ee7a t\u1ee7 th\u00ec n\u00ean s\u1eed d\u1ee5ng kh\u0103n s\u1ea1ch t\u1ea9m n\u01b0\u1edbc \u1ea5m, sau \u0111\u00f3 lau kh\u00f4.<\/p>\n<\/div>\n<\/div>\n<\/div>\n<\/div>\n","protected":false},"excerpt":{"rendered":"<p><img loading=\"lazy\" decoding=\"async\" class=\"alignnone size-medium wp-image-1328\" src=\"https:\/\/dienmaynguyenkhang.vn\/wp-content\/uploads\/2022\/08\/tu-dong-sanaky-vh-285w2-300x300.jpg\" alt=\"\" width=\"300\" height=\"300\" srcset=\"https:\/\/dienmaynguyenkhang.vn\/wp-content\/uploads\/2022\/08\/tu-dong-sanaky-vh-285w2-300x300.jpg 300w, https:\/\/dienmaynguyenkhang.vn\/wp-content\/uploads\/2022\/08\/tu-dong-sanaky-vh-285w2-150x150.jpg 150w, https:\/\/dienmaynguyenkhang.vn\/wp-content\/uploads\/2022\/08\/tu-dong-sanaky-vh-285w2-768x768.jpg 768w, https:\/\/dienmaynguyenkhang.vn\/wp-content\/uploads\/2022\/08\/tu-dong-sanaky-vh-285w2-510x510.jpg 510w, https:\/\/dienmaynguyenkhang.vn\/wp-content\/uploads\/2022\/08\/tu-dong-sanaky-vh-285w2-100x100.jpg 100w, https:\/\/dienmaynguyenkhang.vn\/wp-content\/uploads\/2022\/08\/tu-dong-sanaky-vh-285w2.jpg 1000w\" sizes=\"auto, (max-width: 300px) 100vw, 300px\" \/><\/p>\n","protected":false},"featured_media":1328,"comment_status":"open","ping_status":"closed","template":"","meta":[],"class_list":{"0":"post-1327","1":"product","2":"type-product","3":"status-publish","4":"has-post-thumbnail","6":"product_cat-dong-mat","7":"product_cat-sanaky-tu-dong","8":"product_cat-tu-dong","10":"first","11":"instock","12":"sale","13":"shipping-taxable","14":"purchasable","15":"product-type-simple"},"_links":{"self":[{"href":"https:\/\/dienmaynguyenkhang.vn\/index.php?rest_route=\/wp\/v2\/product\/1327","targetHints":{"allow":["GET"]}}],"collection":[{"href":"https:\/\/dienmaynguyenkhang.vn\/index.php?rest_route=\/wp\/v2\/product"}],"about":[{"href":"https:\/\/dienmaynguyenkhang.vn\/index.php?rest_route=\/wp\/v2\/types\/product"}],"replies":[{"embeddable":true,"href":"https:\/\/dienmaynguyenkhang.vn\/index.php?rest_route=%2Fwp%2Fv2%2Fcomments&post=1327"}],"wp:featuredmedia":[{"embeddable":true,"href":"https:\/\/dienmaynguyenkhang.vn\/index.php?rest_route=\/wp\/v2\/media\/1328"}],"wp:attachment":[{"href":"https:\/\/dienmaynguyenkhang.vn\/index.php?rest_route=%2Fwp%2Fv2%2Fmedia&parent=1327"}],"curies":[{"name":"wp","href":"https:\/\/api.w.org\/{rel}","templated":true}]}}