{"id":1320,"date":"2022-08-16T21:26:02","date_gmt":"2022-08-16T14:26:02","guid":{"rendered":"https:\/\/dienmaynguyenkhang.vn\/?post_type=product&#038;p=1320"},"modified":"2025-10-20T18:52:26","modified_gmt":"2025-10-20T11:52:26","slug":"tu-dong-sanaky-vh-2599w1-dung-tich-250-lit","status":"publish","type":"product","link":"https:\/\/dienmaynguyenkhang.vn\/?product=tu-dong-sanaky-vh-2599w1-dung-tich-250-lit","title":{"rendered":"T\u1ee7 \u0111\u00f4ng Sanaky VH-2599W1 dung t\u00edch (250 l\u00edt)"},"content":{"rendered":"<h2 class=\"title_tabs\">Th\u00f4ng s\u1ed1 k\u1ef9 thu\u1eadt<\/h2>\n<table>\n<tbody>\n<tr>\n<td>H\u00e3ng s\u1ea3n xu\u1ea5t<\/td>\n<td><a href=\"https:\/\/dienmaynguyenkhang.vn\/?product=tu-dong-sanaky-vh-2599w1-dung-tich-250-lit\">Sanaky<\/a><\/td>\n<\/tr>\n<tr>\n<td>Xu\u1ea5t x\u1ee9<\/td>\n<td>Li\u00ean doanh<\/td>\n<\/tr>\n<tr>\n<td>Lo\u1ea1i t\u1ee7<\/td>\n<td><a href=\"https:\/\/dienmaynguyenkhang.vn\/?product=tu-dong-sanaky-vh-2599w1-dung-tich-250-lit\">2 ng\u0103n \u0111\u00f4ng &#8211; m\u00e1t<\/a><\/td>\n<\/tr>\n<tr>\n<td>B\u1ea3o h\u00e0nh<\/td>\n<td>24 Th\u00e1ng<\/td>\n<\/tr>\n<tr>\n<td>K\u00edch th\u01b0\u1edbc (D x R x C)<\/td>\n<td>985 x 620 x 845\u00a0(mm)<\/td>\n<\/tr>\n<tr>\n<td>Tr\u1ecdng l\u01b0\u1ee3ng<\/td>\n<td>38 kg<\/td>\n<\/tr>\n<tr>\n<td>Dung t\u00edch t\u1ed5ng th\u1ec3 \/ Dung t\u00edch s\u1eed d\u1ee5ng<\/td>\n<td>250 l\u00edt \/ 195 l\u00edt<\/td>\n<\/tr>\n<tr>\n<td>C\u00f4ng su\u1ea5t<\/td>\n<td>111.5W<\/td>\n<\/tr>\n<tr>\n<td>S\u1ed1 c\u1eeda<\/td>\n<td>2 C\u1eeda<\/td>\n<\/tr>\n<tr>\n<td>S\u1ed1 ng\u0103n<\/td>\n<td>2 Ng\u0103n<\/td>\n<\/tr>\n<\/tbody>\n<\/table>\n<h2>T\u1ee7 \u0111\u00f4ng Sanaky VH-2599W1 dung t\u00edch 250 l\u00edt<\/h2>\n<p><a href=\"https:\/\/dienmaynguyenkhang.vn\/?product=tu-dong-sanaky-vh-2599w1-dung-tich-250-lit\"><strong>T\u1ee7 \u0111\u00f4ng Sanaky VH-2599W1<\/strong><\/a>\u00a0thu\u1ed9c d\u1ea1ng t\u1ee7 \u0111\u00f4ng n\u1eb1m ngang, 2 ng\u0103n g\u1ed3m 1 ng\u0103n \u0111\u00f4ng v\u00e0 1 ng\u0103n m\u00e1t.\u00a0<strong>D<\/strong><strong>\u00e0n l\u1ea1nh \u0111\u1ed3ng<\/strong>\u00a0ti\u1ebft ki\u1ec7m \u0111i\u1ec7n n\u0103ng v\u00e0 ho\u1ea1t \u0111\u1ed9ng b\u1ec1n b\u1ec9. S\u1ea3n ph\u1ea9m ph\u00f9 h\u1ee3p \u0111\u1ec3 s\u1eed d\u1ee5ng cho c\u00e1c ti\u1ec7m t\u1ea1p h\u00f3a, nh\u00e0 h\u00e0ng, qu\u00e1n \u0103n c\u00f3 nhu c\u1ea7u tr\u1eef \u0111\u00f4ng th\u1ef1c ph\u1ea9m v\u1eeba ph\u1ea3i.<\/p>\n<p><img loading=\"lazy\" decoding=\"async\" class=\"size-medium wp-image-10786 aligncenter lazyloaded\" src=\"https:\/\/sanakyvietnam.net\/wp-content\/uploads\/tu-dong-sanaky-vh-2599w1-2-ngan-dong-mat-600x333.jpg\" sizes=\"auto, (max-width: 600px) 100vw, 600px\" srcset=\"https:\/\/sanakyvietnam.net\/wp-content\/uploads\/tu-dong-sanaky-vh-2599w1-2-ngan-dong-mat-600x333.jpg 600w, https:\/\/sanakyvietnam.net\/wp-content\/uploads\/tu-dong-sanaky-vh-2599w1-2-ngan-dong-mat-400x222.jpg 400w, https:\/\/sanakyvietnam.net\/wp-content\/uploads\/tu-dong-sanaky-vh-2599w1-2-ngan-dong-mat-768x426.jpg 768w, https:\/\/sanakyvietnam.net\/wp-content\/uploads\/tu-dong-sanaky-vh-2599w1-2-ngan-dong-mat.jpg 780w\" alt=\"\" width=\"600\" height=\"333\" data-ll-status=\"loaded\" \/><\/p>\n<h3>M\u1ed9t s\u1ed1 \u0111\u1eb7c \u0111i\u1ec3m n\u1ed5i b\u1eadt<\/h3>\n<ul>\n<li>VH-2599W1 c\u00f3 thi\u1ebft k\u1ebf 2 ng\u0103n (1 \u0111\u00f4ng, 1 m\u00e1t) v\u00e0 2 c\u00e1nh m\u1edf m\u1ed7i b\u00ean. C\u1eeda m\u1edf ki\u1ec3u vali ti\u1ec7n l\u1ee3i. B\u1ea1n c\u00f3 th\u1ec3 d\u1ec5 d\u00e0ng ph\u00e2n bi\u1ec7t \u0111\u01b0\u1ee3c ng\u0103n \u0111\u00f4ng v\u00e0 ng\u0103n m\u00e1t v\u1edbi k\u00fd hi\u1ec7u tr\u00ean th\u00e2n t\u1ee7. Hai c\u00e1nh t\u1ee7 c\u0169ng \u0111\u01b0\u1ee3c l\u1eafp th\u00eam kh\u00f3a an to\u00e0n tr\u00e1nh nh\u1eefng tr\u01b0\u1eddng h\u1ee3p m\u1edf t\u1ee7 ngo\u00e0i \u00fd mu\u1ed1n.<\/li>\n<li>Dung t\u00edch t\u1ed5ng th\u1ec3 c\u1ee7a t\u1ee7 l\u00e0 250 l\u00edt, dung t\u00edch s\u1eed d\u1ee5ng l\u00e0 195 l\u00edt.<\/li>\n<li>T\u1ee7 s\u1eed d\u1ee5ng d\u00e0n l\u1ea1nh b\u1eb1ng \u0111\u1ed3ng c\u00f3 kh\u1ea3 n\u0103ng l\u00e0m l\u1ea1nh nhanh v\u00e0 s\u00e2u h\u01a1n so v\u1edbi d\u00e0n nh\u00f4m. Qu\u1ea1t \u0111\u1ea3o nhi\u1ec7t gi\u00fap h\u01a1i l\u1ea1nh lan \u0111\u1ec1u v\u00e0 \u1ed5n \u0111\u1ecbnh xung quanh t\u1ee7.<\/li>\n<\/ul>\n<p><img loading=\"lazy\" decoding=\"async\" class=\"size-medium wp-image-10785 aligncenter lazyloaded\" src=\"https:\/\/sanakyvietnam.net\/wp-content\/uploads\/dan-lanh-dong-tien-ich-600x250.jpg\" sizes=\"auto, (max-width: 600px) 100vw, 600px\" srcset=\"https:\/\/sanakyvietnam.net\/wp-content\/uploads\/dan-lanh-dong-tien-ich-600x250.jpg 600w, https:\/\/sanakyvietnam.net\/wp-content\/uploads\/dan-lanh-dong-tien-ich-400x167.jpg 400w, https:\/\/sanakyvietnam.net\/wp-content\/uploads\/dan-lanh-dong-tien-ich-768x320.jpg 768w, https:\/\/sanakyvietnam.net\/wp-content\/uploads\/dan-lanh-dong-tien-ich.jpg 1024w\" alt=\"\" width=\"600\" height=\"250\" data-ll-status=\"loaded\" \/><\/p>\n<ul>\n<li>Nhi\u1ec7t \u0111\u1ed9\u00a0l\u00e0m l\u1ea1nh c\u1ee7a t\u1eebng ng\u0103n t\u1ee7 l\u00e0: ng\u0103n \u0111\u00f4ng : 0<sup>o<\/sup>C~ -18<sup>o<\/sup>C; ng\u0103n m\u00e1t: 0<sup>o<\/sup>C ~ 10<sup>o<\/sup>C.<\/li>\n<li>Th\u00e2n t\u1ee7 \u0111\u01b0\u1ee3c l\u00e0m t\u1eeb nh\u1ef1a ABS<b>\u00a0<\/b>lo\u1ea1i ch\u1ea5t li\u1ec7u cao c\u1ea5p, c\u00f3 \u0111\u1ed9 b\u1ec1n cao nh\u1edd v\u00e0o \u0111\u1eb7c t\u00ednh d\u1ebbo, dai v\u00e0 ch\u1ecbu l\u1ef1c t\u1ed1t. L\u00f2ng t\u1ee7 c\u00f4i nh\u00f4m s\u01a1n t\u0129nh \u0111i\u1ec7n ph\u1eb3ng c\u00f3 1 l\u1ed7 tho\u00e1t n\u01b0\u1edbc d\u01b0\u1edbi \u0111\u00e1y gi\u00fap vi\u1ec7c lau ch\u00f9i\u00a0<a href=\"https:\/\/dienmaynguyenkhang.vn\/?product=tu-dong-sanaky-vh-2599w1-dung-tich-250-lit\">v\u1ec7 sinh t\u1ee7<\/a>\u00a0d\u1ec5 d\u00e0ng h\u01a1n.<\/li>\n<li>Ch\u00e2n t\u1ee7 \u0111\u01b0\u1ee3c thi\u1ebft k\u1ebf 4 b\u00e1nh xe ch\u1ecbu l\u1ef1c d\u1ec5 d\u00e0ng di chuy\u1ec3n.<\/li>\n<li>N\u00fat \u0111i\u1ec1u ch\u1ec9nh nhi\u1ec7t \u0111\u1ed9 \u0111\u01b0\u1ee3c thi\u1ebft k\u1ebf b\u00ean ngo\u00e0i th\u00e2n t\u1ee7, ti\u1ec7n l\u1ee3i cho kh\u00e1ch h\u00e0ng mu\u1ed1n c\u00e0i \u0111\u1eb7t nhi\u1ec7t \u0111\u1ed9 theo \u00fd mu\u1ed1n.<\/li>\n<li>H\u1ec7 th\u1ed1ng m\u00e1y c\u1ee7a\u00a0<a href=\"https:\/\/dienmaynguyenkhang.vn\/?product=tu-dong-sanaky-vh-2599w1-dung-tich-250-lit\">t\u1ee7 \u0111\u00f4ng<\/a>\u00a0\u0111\u01b0\u1ee3c s\u1ea3n xu\u1ea5t theo d\u00e2y chuy\u1ec1n c\u00f4ng ngh\u1ec7 Nh\u1eadt B\u1ea3n, n\u00ean t\u1ee7 v\u1eadn \u1ea3nh r\u1ea5t \u00eam \u00e1i, kh\u00f4ng g\u00e2y \u1ed3n, \u0111\u1ed9 b\u1ec1n cao.<\/li>\n<li>Gas R600A \u0111\u01b0\u1ee3c s\u1eed d\u1ee5ng l\u00e0 m\u00f4i ch\u1ea5t l\u00e0m l\u1ea1nh c\u1ee7a t\u1ee7, \u0111\u00e2y l\u00e0 lo\u1ea1i gas th\u00e2n thi\u1ec7n v\u1edbi m\u00f4i tr\u01b0\u1eddng.<\/li>\n<\/ul>\n","protected":false},"excerpt":{"rendered":"<p><img loading=\"lazy\" decoding=\"async\" class=\"alignnone size-medium wp-image-1322\" src=\"https:\/\/dienmaynguyenkhang.vn\/wp-content\/uploads\/2022\/08\/tu-dong-sanaky-vh-2599w1-1-300x300.jpg\" alt=\"\" width=\"300\" height=\"300\" srcset=\"https:\/\/dienmaynguyenkhang.vn\/wp-content\/uploads\/2022\/08\/tu-dong-sanaky-vh-2599w1-1-300x300.jpg 300w, https:\/\/dienmaynguyenkhang.vn\/wp-content\/uploads\/2022\/08\/tu-dong-sanaky-vh-2599w1-1-150x150.jpg 150w, https:\/\/dienmaynguyenkhang.vn\/wp-content\/uploads\/2022\/08\/tu-dong-sanaky-vh-2599w1-1-768x768.jpg 768w, https:\/\/dienmaynguyenkhang.vn\/wp-content\/uploads\/2022\/08\/tu-dong-sanaky-vh-2599w1-1-510x510.jpg 510w, https:\/\/dienmaynguyenkhang.vn\/wp-content\/uploads\/2022\/08\/tu-dong-sanaky-vh-2599w1-1-100x100.jpg 100w, https:\/\/dienmaynguyenkhang.vn\/wp-content\/uploads\/2022\/08\/tu-dong-sanaky-vh-2599w1-1.jpg 1000w\" sizes=\"auto, (max-width: 300px) 100vw, 300px\" \/><\/p>\n","protected":false},"featured_media":1321,"comment_status":"open","ping_status":"closed","template":"","meta":[],"class_list":{"0":"post-1320","1":"product","2":"type-product","3":"status-publish","4":"has-post-thumbnail","6":"product_cat-dong-mat","7":"product_cat-sanaky-tu-dong","8":"product_cat-tu-dong","10":"first","11":"instock","12":"sale","13":"shipping-taxable","14":"purchasable","15":"product-type-simple"},"_links":{"self":[{"href":"https:\/\/dienmaynguyenkhang.vn\/index.php?rest_route=\/wp\/v2\/product\/1320","targetHints":{"allow":["GET"]}}],"collection":[{"href":"https:\/\/dienmaynguyenkhang.vn\/index.php?rest_route=\/wp\/v2\/product"}],"about":[{"href":"https:\/\/dienmaynguyenkhang.vn\/index.php?rest_route=\/wp\/v2\/types\/product"}],"replies":[{"embeddable":true,"href":"https:\/\/dienmaynguyenkhang.vn\/index.php?rest_route=%2Fwp%2Fv2%2Fcomments&post=1320"}],"wp:featuredmedia":[{"embeddable":true,"href":"https:\/\/dienmaynguyenkhang.vn\/index.php?rest_route=\/wp\/v2\/media\/1321"}],"wp:attachment":[{"href":"https:\/\/dienmaynguyenkhang.vn\/index.php?rest_route=%2Fwp%2Fv2%2Fmedia&parent=1320"}],"curies":[{"name":"wp","href":"https:\/\/api.w.org\/{rel}","templated":true}]}}