{"id":1253,"date":"2022-03-20T08:36:13","date_gmt":"2022-03-20T01:36:13","guid":{"rendered":"https:\/\/dienmaynguyenkhang.vn\/?post_type=product&#038;p=1253"},"modified":"2025-10-20T18:53:20","modified_gmt":"2025-10-20T11:53:20","slug":"tu-mat-sanaky-800-lit-tm-vh1009hp","status":"publish","type":"product","link":"https:\/\/dienmaynguyenkhang.vn\/?product=tu-mat-sanaky-800-lit-tm-vh1009hp","title":{"rendered":"T\u1ee7 m\u00e1t Sanaky VH-1009HP dung t\u00edch 1000 l\u00edt"},"content":{"rendered":"<div id=\"tab-additional_information\" class=\"row specifications\" role=\"tabpanel\" aria-labelledby=\"tab-title-additional_information\">\n<div class=\"snk-info-product-head\">\n<h3>T\u00cdNH N\u0102NG TH\u00d4NG S\u1ed0 K\u1ef8 THU\u1eacT<\/h3>\n<\/div>\n<div class=\"large-8 col\">\n<div class=\"img-tskt\"><img loading=\"lazy\" decoding=\"async\" class=\"attachment-full size-full lazyloaded\" src=\"https:\/\/sanakyvietnam.net\/wp-content\/uploads\/thong-so-ki-thuat-tu-mat-sanaky-vh-1009hp.jpg\" sizes=\"auto, (max-width: 800px) 100vw, 800px\" srcset=\"https:\/\/sanakyvietnam.net\/wp-content\/uploads\/thong-so-ki-thuat-tu-mat-sanaky-vh-1009hp.jpg 800w, https:\/\/sanakyvietnam.net\/wp-content\/uploads\/thong-so-ki-thuat-tu-mat-sanaky-vh-1009hp-400x271.jpg 400w, https:\/\/sanakyvietnam.net\/wp-content\/uploads\/thong-so-ki-thuat-tu-mat-sanaky-vh-1009hp-600x406.jpg 600w, https:\/\/sanakyvietnam.net\/wp-content\/uploads\/thong-so-ki-thuat-tu-mat-sanaky-vh-1009hp-768x519.jpg 768w\" alt=\"\" width=\"800\" height=\"541\" data-ll-status=\"loaded\" \/><\/div>\n<\/div>\n<div class=\"large-4 col\">\n<div class=\"product_additional_content\">\n<h2 class=\"title_tabs\">Th\u00f4ng s\u1ed1 k\u1ef9 thu\u1eadt<\/h2>\n<table>\n<tbody>\n<tr>\n<td><strong>Model<\/strong><\/td>\n<td><strong>VH-1009HP<\/strong><\/td>\n<\/tr>\n<tr>\n<td><strong>Dung t\u00edch t\u1ed5ng th\u1ec3\/ s\u1eed d\u1ee5ng<\/strong><\/td>\n<td><strong>1000 l\u00edt\/800 l\u00edt<\/strong><\/td>\n<\/tr>\n<tr>\n<td>H\u00e3ng s\u1ea3n xu\u1ea5t<\/td>\n<td><strong><a href=\"https:\/\/dienmaynguyenkhang.vn\/?product=tu-mat-sanaky-800-lit-tm-vh1009hp\">SANAKY<\/a><\/strong><\/td>\n<\/tr>\n<tr>\n<td>S\u1ed1 c\u00e1nh<\/td>\n<td><a href=\"https:\/\/dienmaynguyenkhang.vn\/?product=tu-mat-sanaky-800-lit-tm-vh1009hp\">2 c\u00e1nh m\u1edf ra 2 b\u00ean<\/a><\/td>\n<\/tr>\n<tr>\n<td>C\u00f4ng su\u1ea5t<\/td>\n<td>485W<\/td>\n<\/tr>\n<tr>\n<td>H\u1ec7 th\u1ed1ng l\u00e0m l\u1ea1nh<\/td>\n<td>Qu\u1ea1t<\/td>\n<\/tr>\n<tr>\n<td>T\u1ef1 \u0111\u1ed9ng x\u1ea3 \u0111\u00f4ng<\/td>\n<td>c\u00f3<\/td>\n<\/tr>\n<tr>\n<td>B\u1ea3ng hi\u1ec3n th\u1ecb nhi\u1ec7t \u0111\u1ed9<\/td>\n<td>\u0110i\u1ec7n t\u1eed<\/td>\n<\/tr>\n<tr>\n<td>K\u00edch th\u01b0\u1edbc ngo\u00e0i t\u1ee7 (DxRxC mm)<\/td>\n<td>1000 \u00d7 730 \u00d7 2036 mm<\/td>\n<\/tr>\n<tr>\n<td>Tr\u1ecdng l\u01b0\u1ee3ng t\u1ecbnh\/t\u1ed5ng<\/td>\n<td>146 Kg<\/td>\n<\/tr>\n<tr>\n<td>Ch\u1ea5t li\u1ec7u khung vi\u1ec1n c\u1eeda, tay c\u1ea7m<\/td>\n<td>PVC<\/td>\n<\/tr>\n<tr>\n<td>Ki\u1ec3u k\u00ednh<\/td>\n<td>K\u00ednh c\u01b0\u1eddng l\u1ef1c<\/td>\n<\/tr>\n<tr>\n<td>D\u00e0n n\u00f3ng<\/td>\n<td>D\u00e0n n\u00f3ng ngo\u00e0i<\/td>\n<\/tr>\n<tr>\n<td>Kh\u00ed gas<\/td>\n<td>R134a<\/td>\n<\/tr>\n<tr>\n<td>Nhi\u1ec7t \u0111\u1ed9<\/td>\n<td>0<sup>o<\/sup>C \u2013&gt; 10<sup>o<\/sup>C<\/td>\n<\/tr>\n<tr>\n<td>Ch\u1ee9c n\u0103ng<\/td>\n<td>L\u00e0m m\u00e1t<\/td>\n<\/tr>\n<tr>\n<td>\u0110i\u1ec7n \u00e1p<\/td>\n<td>220V\/50Hz<\/td>\n<\/tr>\n<tr>\n<td>B\u1ea3o h\u00e0nh<\/td>\n<td>24 th\u00e1ng<\/td>\n<\/tr>\n<\/tbody>\n<\/table>\n<\/div>\n<p><a class=\"open_additional_popup\" data-src=\"#additional_popup\" data-fancybox=\"\" data-options=\"{&quot;touch&quot; : false}\">XEM CHI TI\u1ebeT TH\u00d4NG S\u1ed0 K\u1ef8 THU\u1eacT<\/a><\/p>\n<div><\/div>\n<\/div>\n<\/div>\n<div class=\"content_description\">\n<div class=\"woocommerce-tabs wc-tabs-wrapper container tabbed-content\">\n<ul class=\"snk-info-product-head tabs wc-tabs product-tabs small-nav-collapse nav nav-uppercase nav-line-grow nav-left\" role=\"tablist\">\n<li id=\"tab-title-description\" class=\"description_tab active\" role=\"tab\" aria-controls=\"tab-description\"><a href=\"https:\/\/dienmaynguyenkhang.vn\/?product=tu-mat-sanaky-800-lit-tm-vh1009hp\"><i class=\"fa fa-caret-right\"><\/i>M\u00d4 T\u1ea2 S\u1ea2N PH\u1ea8M<\/a><\/li>\n<\/ul>\n<div class=\"tab-panels\">\n<div id=\"tab-description\" class=\"woocommerce-Tabs-panel woocommerce-Tabs-panel--description panel entry-content active\" role=\"tabpanel\" aria-labelledby=\"tab-title-description\">\n<h3>T\u1ee7 m\u00e1t Sanaky VH-1009HP 2 c\u00e1nh m\u1edf<strong><br \/>\n<\/strong><\/h3>\n<p><a href=\"https:\/\/dienmaynguyenkhang.vn\/?product=tu-mat-sanaky-800-lit-tm-vh1009hp\"><strong>T\u1ee7 m\u00e1t Sanaky\u00a0<\/strong><strong>VH-1009HP<\/strong><\/a>\u00a0thu\u1ed9c d\u00f2ng s\u1ea3n ph\u1ea9m t\u1ee7 m\u00e1t 2 c\u00e1nh m\u1edf c\u00f3 dung t\u00edch l\u1edbn c\u1ee7a h\u00e3ng Sanaky. T\u1ee7 c\u00f3 thi\u1ebft k\u1ebf d\u00e1ng \u0111\u1ee9ng, v\u1edbi dung t\u00edch 1000 l\u00edt v\u00e0 8 k\u1ec7 \u0111\u1ec3 \u0111\u1ed3, s\u1ea3n ph\u1ea9m \u0111\u00e1p \u1ee9ng nhu c\u1ea7u b\u1ea3o qu\u1ea3n c\u0169ng nh\u01b0 th\u1ef1c ph\u1ea9m v\u1edbi s\u1ed1 l\u01b0\u1ee3ng l\u1edbn c\u1ee7a c\u00e1c c\u1eeda h\u00e0ng th\u1ef1c ph\u1ea9m, si\u00eau th\u1ecb. H\u01a1n n\u1eefa \u0111\u00e8n Led d\u1ecdc b\u00ean trong t\u1ee7 s\u1ebd t\u1ea1o cho t\u1ee7 s\u1ef1 ch\u00fa \u00fd, \u0111\u1eb9p m\u1eaft cho s\u1ea3n ph\u1ea9m m\u00e0 b\u1ea1n tr\u01b0ng b\u00e0y.<\/p>\n<p><img loading=\"lazy\" decoding=\"async\" class=\"aligncenter wp-image-11139 lazyloaded\" src=\"https:\/\/sanakyvietnam.net\/wp-content\/uploads\/tinh-nang-noi-bat-tu-mat-sanaky-vh-1009hp-600x289.jpg\" sizes=\"auto, (max-width: 860px) 100vw, 860px\" srcset=\"https:\/\/sanakyvietnam.net\/wp-content\/uploads\/tinh-nang-noi-bat-tu-mat-sanaky-vh-1009hp-600x289.jpg 600w, https:\/\/sanakyvietnam.net\/wp-content\/uploads\/tinh-nang-noi-bat-tu-mat-sanaky-vh-1009hp-400x192.jpg 400w, https:\/\/sanakyvietnam.net\/wp-content\/uploads\/tinh-nang-noi-bat-tu-mat-sanaky-vh-1009hp-768x369.jpg 768w, https:\/\/sanakyvietnam.net\/wp-content\/uploads\/tinh-nang-noi-bat-tu-mat-sanaky-vh-1009hp.jpg 1420w\" alt=\"\" width=\"860\" height=\"414\" data-ll-status=\"loaded\" \/><\/p>\n<h3>M\u1ed9t s\u1ed1 \u0111\u1eb7c \u0111i\u1ec3m\u00a0n\u1ed5i b\u1eadt<\/h3>\n<ul>\n<li>VH-1009HP c\u00f3 thi\u1ebft k\u1ebf 1 ng\u0103n m\u00e1t v\u1edbi dung t\u00edch l\u00ean t\u1edbi 1000 l\u00edt v\u00e0 2 c\u00e1nh k\u00ednh m\u1edf \u0111\u00e1p \u1ee9ng nhu c\u1ea7u b\u1ea3o qu\u1ea3n v\u00e0 tr\u01b0ng b\u00e0y th\u1ef1c ph\u1ea9m.<\/li>\n<li>L\u1edbp c\u1eeda k\u00ednh 2 l\u1edbp\u00a0l\u00e0m b\u1eb1ng ch\u1ea5t li\u1ec7u ch\u1ecbu l\u1ef1c, c\u00e1ch nhi\u1ec7t v\u00e0\u00a0trong su\u1ed1t, k\u1ebft h\u1ee3p v\u1edbi h\u1ec7 th\u1ed1ng\u00a0\u0111\u00e8n Led chi\u1ebfu s\u00e1ng\u00a0b\u00ean trong\u00a0t\u1ee7 gi\u00fap ng\u01b0\u1eddi d\u00f9ng c\u00f3 th\u1ec3\u00a0d\u1ec5 d\u00e0ng quan s\u00e1t \u0111\u01b0\u1ee3c\u00a0th\u1ef1c ph\u1ea9m trong t\u1ee7 m\u00e1t. H\u01a1n th\u1ebf n\u1eefa\u00a0h\u1ec7 th\u1ed1ng s\u01b0\u1edfi k\u00ednh b\u1eb1ng h\u01a1i n\u00f3ng t\u1eeb l\u1ed1c n\u00e9n c\u0169ng gi\u00fap m\u1eb7t k\u00ednh\u00a0kh\u00f4ng b\u1ecb \u0111\u1ecdng s\u01b0\u01a1ng m\u00e0 kh\u00f4ng t\u1ed1n \u0111i\u1ec7n.<\/li>\n<li><a href=\"https:\/\/dienmaynguyenkhang.vn\/?product=tu-mat-sanaky-800-lit-tm-vh1009hp\">T\u1ee7 m\u00e1t tr\u01b0ng b\u00e0y c\u1ee7a Sanaky<\/a>\u00a0c\u00f3 l\u1edbp foam d\u00e0y gi\u00fap t\u1ee7 gi\u1eef l\u1ea1nh r\u1ea5t t\u1ed1t. D\u00e0n l\u1ea1nh \u0111\u1ed3ng c\u0169ng gi\u00fap t\u1ee7 c\u00f3 kh\u1ea3 n\u0103ng l\u00e0m l\u1ea1nh nhanh h\u01a1n d\u00e0n nh\u00f4m, k\u1ebft h\u1ee3p qu\u1ea1t \u0111\u1ea3o nhi\u1ec7t h\u01a1i l\u1ea1nh s\u00e2u v\u00e0 t\u1ecfa \u0111\u1ec1u kh\u1eafp b\u00ean trong t\u1ee7. H\u01a1n n\u1eefa, gas s\u1eed d\u1ee5ng l\u00e0 gas R134a n\u00ean r\u1ea5t th\u00e2n thi\u1ec7n v\u1edbi m\u00f4i tr\u01b0\u1eddng. Nhi\u1ec7t \u0111\u1ed9 l\u00e0m l\u1ea1nh c\u1ee7a t\u1ee7 l\u00e0 t\u1eeb 0<sup>o<\/sup>C \u2013 10<sup>o<\/sup>C.<\/li>\n<li>Ng\u0103n t\u1ee7 \u0111\u01b0\u1ee3c l\u00e0m b\u1eb1ng ch\u1ea5t li\u1ec7u nh\u1ef1a ABS d\u1ebbo dai, ch\u1ed1ng va \u0111\u1eadp t\u1ed1t. L\u00f2ng t\u1ee7 ph\u1eb3ng d\u1ec5 d\u00e0ng lau ch\u00f9i v\u00e0 v\u1ec7 sinh. Trong t\u1ee7 c\u0169ng c\u00f3 8 k\u1ec7 \u0111\u1ec3 \u0111\u1ed3 c\u00f3 th\u1ec3 th\u00e1o d\u1ee1 v\u00e0 di chuy\u1ec3n, gi\u00fap ph\u00e2n lo\u1ea1i th\u1ef1c ph\u1ea9m \u0111\u1ec3 b\u1ea3o qu\u1ea3n c\u0169ng nh\u01b0 tr\u01b0ng b\u00e0y d\u1ec5 d\u00e0ng h\u01a1n.<\/li>\n<li>Ch\u00e2n t\u1ee7 c\u0169ng \u0111\u01b0\u1ee3c l\u1eafp 4 b\u00e1nh xe ch\u1ecbu l\u1ef1c \u0111\u1ec3 thu\u1eadn ti\u1ec7n h\u01a1n khi di chuy\u1ec3n.<\/li>\n<\/ul>\n<\/div>\n<\/div>\n<\/div>\n<\/div>\n<p>&nbsp;<\/p>\n<p>&nbsp;<\/p>\n","protected":false},"excerpt":{"rendered":"<p>T\u00cdNH N\u0102NG TH\u00d4NG S\u1ed0 K\u1ef8 THU\u1eacT Th\u00f4ng s\u1ed1 k\u1ef9 thu\u1eadt Model VH-1009HP Dung t\u00edch t\u1ed5ng th\u1ec3\/ s\u1eed d\u1ee5ng 1000 l\u00edt\/800 l\u00edt H\u00e3ng s\u1ea3n xu\u1ea5t SANAKY S\u1ed1 c\u00e1nh 2 c\u00e1nh m\u1edf ra 2 b\u00ean C\u00f4ng su\u1ea5t 485W H\u1ec7 th\u1ed1ng l\u00e0m l\u1ea1nh Qu\u1ea1t T\u1ef1 \u0111\u1ed9ng x\u1ea3 \u0111\u00f4ng c\u00f3 B\u1ea3ng hi\u1ec3n th\u1ecb nhi\u1ec7t \u0111\u1ed9 \u0110i\u1ec7n t\u1eed K\u00edch th\u01b0\u1edbc&#8230;<\/p>\n","protected":false},"featured_media":1824,"comment_status":"open","ping_status":"closed","template":"","meta":[],"class_list":{"0":"post-1253","1":"product","2":"type-product","3":"status-publish","4":"has-post-thumbnail","6":"product_cat-mat-2-3-4canh","7":"product_cat-sanaky-tu-mat","8":"product_cat-tu-mat","10":"first","11":"instock","12":"sale","13":"shipping-taxable","14":"purchasable","15":"product-type-simple"},"_links":{"self":[{"href":"https:\/\/dienmaynguyenkhang.vn\/index.php?rest_route=\/wp\/v2\/product\/1253","targetHints":{"allow":["GET"]}}],"collection":[{"href":"https:\/\/dienmaynguyenkhang.vn\/index.php?rest_route=\/wp\/v2\/product"}],"about":[{"href":"https:\/\/dienmaynguyenkhang.vn\/index.php?rest_route=\/wp\/v2\/types\/product"}],"replies":[{"embeddable":true,"href":"https:\/\/dienmaynguyenkhang.vn\/index.php?rest_route=%2Fwp%2Fv2%2Fcomments&post=1253"}],"wp:featuredmedia":[{"embeddable":true,"href":"https:\/\/dienmaynguyenkhang.vn\/index.php?rest_route=\/wp\/v2\/media\/1824"}],"wp:attachment":[{"href":"https:\/\/dienmaynguyenkhang.vn\/index.php?rest_route=%2Fwp%2Fv2%2Fmedia&parent=1253"}],"curies":[{"name":"wp","href":"https:\/\/api.w.org\/{rel}","templated":true}]}}