{"id":830,"date":"2018-09-30T19:05:09","date_gmt":"2018-09-30T12:05:09","guid":{"rendered":"https:\/\/bizhostvn.com\/w\/dienmay3\/?page_id=830"},"modified":"2025-08-08T08:44:13","modified_gmt":"2025-08-08T01:44:13","slug":"khuyen-mai","status":"publish","type":"page","link":"https:\/\/dienmaynguyenkhang.vn\/?page_id=830","title":{"rendered":"Qu\u00e0 T\u1eb7ng"},"content":{"rendered":"<div id=\"image_2104051686\" class=\"img has-hover x md-x lg-x y md-y lg-y\"><\/div>\n<div id=\"image_2104051686\" class=\"img has-hover x md-x lg-x y md-y lg-y\"><\/div>\n<div id=\"image_2104051686\" class=\"img has-hover x md-x lg-x y md-y lg-y\">\n<div class=\"img-inner dark\" style=\"text-align: center;\"><span style=\"background-color: #00aae7; color: #000000;\"><strong><span style=\"font-size: 120%; background-color: #00aae7;\">Trung T\u00e2m B\u1ea3o H\u00e0nh &amp; Mua B\u00e1n \u0110i\u1ec7n L\u1ea1nh Nguy\u00ean Khang<\/span><\/strong><\/span><\/div>\n<\/div>\n<p id=\"lien-he\" style=\"text-align: center;\"><span style=\"background-color: #00aae7; color: #000000;\"><strong><span style=\"font-size: 120%; background-color: #00aae7;\">Ph\u00e2n ph\u1ed1i c\u00e1c d\u00f2ng , t\u1ee7 \u0111\u00f4ng , t\u1ee7 m\u00e1t, m\u00e1y gi\u1eb7t, m\u00e1y l\u1ea1nh ch\u00ednh h\u00e3ng<\/span><\/strong><\/span><\/p>\n<p>&nbsp;<\/p>\n<p>Qu\u00e0 T\u1eb7ng Kh\u00e1ch H\u00e0ng <img loading=\"lazy\" decoding=\"async\" class=\"alignnone size-medium wp-image-1968\" src=\"https:\/\/dienmaynguyenkhang.vn\/wp-content\/uploads\/2023\/01\/qua-copy-300x156.jpg\" alt=\"\" width=\"300\" height=\"156\" srcset=\"https:\/\/dienmaynguyenkhang.vn\/wp-content\/uploads\/2023\/01\/qua-copy-300x156.jpg 300w, https:\/\/dienmaynguyenkhang.vn\/wp-content\/uploads\/2023\/01\/qua-copy-510x265.jpg 510w, https:\/\/dienmaynguyenkhang.vn\/wp-content\/uploads\/2023\/01\/qua-copy.jpg 690w\" sizes=\"auto, (max-width: 300px) 100vw, 300px\" \/><\/p>\n<p>QU\u00dd KH\u00c1CH H\u00c0NG KHI MUA H\u00c0NG T\u1ea0I \u0110I\u1ec6N M\u00c1Y NGUY\u00caN KHANG QU\u00dd KH\u00c1CH S\u1ebc \u0110\u01af\u01a0C T\u1eb6NG <span style=\"font-size: 95%;\">(m\u1ed9t trong nh\u1eefng ph\u1ea7n qu\u00e0 sau )<\/span><\/p>\n<p>1 PH\u1ea6N QU\u00c0 khuy\u1ebfn m\u00e3i\u00a0 ( b\u1ebfp h\u1ed3ng ngo\u1ea1i , \u1ea5m si\u00eau t\u1ed1c , b\u00e0n \u1ee7i , n\u1ed3i c\u01a1m vv )<\/p>\n<p>2 PH\u1ee4 KI\u1ec6N C\u1ea6N THI\u1ebeT ( ch\u00e2n \u0111\u1ebf m\u00e1y gi\u1eb7t, t\u1ee7 l\u1ea1nh,\u00a0 &#8211; ke treo m\u00e1y l\u1ea1nh &#8211; \u1ed1ng \u0111\u1ed3ng ,vv )<\/p>\n<p>3 T\u1eb6NG TI\u1ebeN M\u1eb6T ( 200k cho s\u1ea3n ph\u1ea9m &lt;10tr .\u00a0 300k cho s\u1ea3n ph\u1ea9m t\u1eeb tr\u00ean 10tr \u0111\u1ebfn 20tr v\u00e0 500k cho s\u1ea3n ph\u1ea9m tr\u00ean 20tr )<\/p>\n<p><span style=\"font-size: 90%;\">l\u01b0u \u00fd : ch\u00fang t\u00f4i c\u00f3 th\u1ec3 s\u1ebd kh\u00f4ng c\u00f3 m\u1ed9t nh\u1eefng ph\u1ea7n qu\u00e0 tr\u00ean t\u00f9y v\u00e0o th\u1eddi \u0111i\u1ec3m k\u00edch c\u1ea7u th\u01b0\u01a1ng m\u1ea1i ho\u1eb7c Nh\u00e0 S\u1ea3n Xu\u1ea5t \u00e1p d\u1ee5ng &#8230;. )<\/span><\/p>\n<p>&nbsp;<\/p>\n<p style=\"text-align: center;\"><span style=\"font-size: 130%;\"><strong>\u0110i\u1ec7n M\u00e1y nguy\u00ean Khang Tr\u00e2n tr\u1ecdng c\u1ea3m \u01a1n qu\u00fd kh\u00e1ch!<\/strong><\/span><\/p>\n<div class=\"blog-share text-center\"><\/div>\n<ul class=\"address\">\n<li><strong>\u0110\u1ecba ch\u1ec9:<\/strong> 36 A M\u00ed \u0110oan, P T\u00e2n L\u1eadp ,Tp. Bu\u00f4n M\u00ea Thu\u1ed9c, T. \u0110\u1eafk L\u1eafk<\/li>\n<li><strong>Hotline: 0978192567 -0989225757<\/strong><\/li>\n<li><strong>Email:<\/strong>\u00a0<a class=\"text-is-email\" href=\"mailto:sukienviet.pro@gmail.com\" target=\"_blank\" rel=\"noopener\">sukienviet.pro@gmail.com<\/a><\/li>\n<\/ul>\n","protected":false},"excerpt":{"rendered":"<p>Trung T\u00e2m B\u1ea3o H\u00e0nh &amp; Mua B\u00e1n \u0110i\u1ec7n L\u1ea1nh Nguy\u00ean Khang Ph\u00e2n ph\u1ed1i c\u00e1c d\u00f2ng , t\u1ee7 \u0111\u00f4ng , t\u1ee7 m\u00e1t, m\u00e1y gi\u1eb7t, m\u00e1y l\u1ea1nh ch\u00ednh h\u00e3ng &nbsp; Qu\u00e0 T\u1eb7ng Kh\u00e1ch H\u00e0ng QU\u00dd KH\u00c1CH H\u00c0NG KHI MUA H\u00c0NG T\u1ea0I \u0110I\u1ec6N M\u00c1Y NGUY\u00caN KHANG QU\u00dd KH\u00c1CH S\u1ebc \u0110\u01af\u01a0C T\u1eb6NG (m\u1ed9t trong nh\u1eefng ph\u1ea7n qu\u00e0 sau )&#8230;<\/p>\n","protected":false},"author":1,"featured_media":1968,"parent":0,"menu_order":0,"comment_status":"closed","ping_status":"closed","template":"page-right-sidebar.php","meta":{"footnotes":""},"class_list":["post-830","page","type-page","status-publish","has-post-thumbnail","hentry"],"_links":{"self":[{"href":"https:\/\/dienmaynguyenkhang.vn\/index.php?rest_route=\/wp\/v2\/pages\/830","targetHints":{"allow":["GET"]}}],"collection":[{"href":"https:\/\/dienmaynguyenkhang.vn\/index.php?rest_route=\/wp\/v2\/pages"}],"about":[{"href":"https:\/\/dienmaynguyenkhang.vn\/index.php?rest_route=\/wp\/v2\/types\/page"}],"author":[{"embeddable":true,"href":"https:\/\/dienmaynguyenkhang.vn\/index.php?rest_route=\/wp\/v2\/users\/1"}],"replies":[{"embeddable":true,"href":"https:\/\/dienmaynguyenkhang.vn\/index.php?rest_route=%2Fwp%2Fv2%2Fcomments&post=830"}],"version-history":[{"count":15,"href":"https:\/\/dienmaynguyenkhang.vn\/index.php?rest_route=\/wp\/v2\/pages\/830\/revisions"}],"predecessor-version":[{"id":2924,"href":"https:\/\/dienmaynguyenkhang.vn\/index.php?rest_route=\/wp\/v2\/pages\/830\/revisions\/2924"}],"wp:featuredmedia":[{"embeddable":true,"href":"https:\/\/dienmaynguyenkhang.vn\/index.php?rest_route=\/wp\/v2\/media\/1968"}],"wp:attachment":[{"href":"https:\/\/dienmaynguyenkhang.vn\/index.php?rest_route=%2Fwp%2Fv2%2Fmedia&parent=830"}],"curies":[{"name":"wp","href":"https:\/\/api.w.org\/{rel}","templated":true}]}}