{"id":817,"date":"2018-09-30T18:53:08","date_gmt":"2018-09-30T11:53:08","guid":{"rendered":"https:\/\/bizhostvn.com\/w\/dienmay3\/?page_id=817"},"modified":"2022-08-17T18:58:11","modified_gmt":"2022-08-17T11:58:11","slug":"chinh-sach-bao-hanh","status":"publish","type":"page","link":"https:\/\/dienmaynguyenkhang.vn\/?page_id=817","title":{"rendered":"Ch\u00ednh s\u00e1ch b\u1ea3o h\u00e0nh"},"content":{"rendered":"<h2><span id=\"CAM_KET_BAO_HANH_THEO_DUNG_CHE_DO_CUA_NHA_SAN_XUAT\"><strong>CAM K\u1ebeT B\u1ea2O H\u00c0NH THEO \u0110\u00daNG CH\u1ebe \u0110\u1ed8 C\u1ee6A NH\u00c0 S\u1ea2N XU\u1ea4T<\/strong><\/span><\/h2>\n<h3>M\u1ee4C I: \u0110I\u1ec0U KI\u1ec6N B\u1ea2O H\u00c0NH MI\u1ec4N PH\u00cd<\/h3>\n<p>\u2013 B\u1ea3o h\u00e0nh n\u00e0y \u0111\u01b0\u1ee3c \u00e1p d\u1ee5ng \u0111\u1ed1i c\u00e1c s\u1ea3n ph\u1ea9m c\u00f2n b\u1ea3o h\u00e0nh<\/p>\n<p>\u2013 S\u1ea3n ph\u1ea9m c\u00f2n trong th\u1eddi h\u1ea1n b\u1ea3o h\u00e0nh v\u00e0 c\u00f3 \u0111\u0103ng k\u00fd b\u1ea3o h\u00e0nh.<\/p>\n<p>\u2013 S\u1ea3n ph\u1ea9m b\u1ecb h\u01b0 do l\u1ed7i k\u1ef9 thu\u1eadt c\u1ee7a nh\u00e0 s\u1ea3n xu\u1ea5t.<\/p>\n<p>\u2013 Phi\u1ebfu b\u1ea3o h\u00e0nh ph\u1ea3i \u0111\u01b0\u1ee3c xu\u1ea5t tr\u00ecnh khi c\u00f3 y\u00eau c\u1ea7u b\u1ea3o h\u00e0nh mi\u1ec5n ph\u00ed.<\/p>\n<p>\u2013 S\u1ed1 s\u00ea-ri m\u00e1y, ki\u1ec3u m\u00e1y tr\u00ean s\u1ea3n ph\u1ea9m ph\u1ea3i tr\u00f9ng h\u1ee3p v\u1edbi s\u1ed1 s\u00ea-ri m\u00e1y, ki\u1ec3u m\u00e1y tr\u00ean phi\u1ebfu b\u1ea3o h\u00e0nh. S\u1ed1 s\u00ea-ri tr\u00ean s\u1ea3n ph\u1ea9m ph\u1ea3i c\u00f2n nguy\u00ean v\u1eb9n, kh\u00f4ng b\u1ecb c\u1ea1o s\u1eeda, ch\u1eafp v\u00e1, hay b\u1ecb d\u00e1n \u0111\u00e8 l\u00ean b\u1eb1ng b\u1ea5t k\u1ef3 v\u1eadt n\u00e0o kh\u00e1c.<\/p>\n<p>\u2013 Phi\u1ebfu b\u1ea3o h\u00e0nh ph\u1ea3i c\u00f2n nguy\u00ean v\u1eb9n, ph\u1ea3i th\u1ec3 hi\u1ec7n r\u00f5 t\u00ean kh\u00e1ch h\u00e0ng v\u00e0 ng\u00e0y mua, kh\u00f4ng ch\u1eafp n\u1ed1i, kh\u00f4ng b\u1ecb t\u1ea9y x\u00f3a.<\/p>\n<p>\u2013 Tr\u01b0\u1eddng h\u1ee3p kh\u00e1ch h\u00e0ng xu\u1ea5t tr\u00ecnh h\u00f3a \u0111\u01a1n t\u00e0i ch\u00ednh ho\u1eb7c \u0111\u00e3 \u0111\u0103ng k\u00fd k\u00edch ho\u1ea1t b\u1ea3o h\u00e0nh \u0111i\u1ec7n t\u1eed: S\u1ea3n ph\u1ea9m s\u1ebd \u0111\u01b0\u1ee3c b\u1ea3o h\u00e0nh 24 th\u00e1ng k\u1ec3 t\u1eeb ng\u00e0y mua v\u00e0 kh\u00f4ng qu\u00e1 30 th\u00e1ng k\u1ec3 t\u1eeb ng\u00e0y s\u1ea3n xu\u1ea5t.<\/p>\n<p>\u2013 Tr\u01b0\u1eddng h\u1ee3p kh\u00e1ch h\u00e0ng kh\u00f4ng c\u00f3 h\u00f3a \u0111\u01a1n t\u00e0i ch\u00ednh ho\u1eb7c kh\u00f4ng \u0111\u0103ng k\u00fd k\u00edch ho\u1ea1t b\u1ea3o h\u00e0nh \u0111i\u1ec7n t\u1eed: Th\u1eddi h\u1ea1n b\u1ea3o h\u00e0nh l\u00e0 30 th\u00e1ng k\u1ec3 t\u1eeb ng\u00e0y s\u1ea3n xu\u1ea5t.<\/p>\n<p>\u2013 Trong th\u1eddi h\u1ea1n b\u1ea3o h\u00e0nh hai n\u0103m, khi s\u1ea3n ph\u1ea9m c\u00f3 tr\u1ee5c tr\u1eb7c hay s\u1ef1 c\u1ed1. Kh\u00e1ch h\u00e0ng vui l\u00f2ng li\u00ean l\u1ea1c v\u1edbi tr\u1ea1m b\u1ea3o h\u00e0nh g\u1ea7n nh\u1ea5t \u0111\u1ec3 \u0111\u01b0\u1ee3c t\u01b0 v\u1ea5n b\u1ea3o h\u00e0nh mi\u1ec5n ph\u00ed t\u1ea1i nh\u00e0.<\/p>\n<p>L\u01afU \u00dd: Trong tr\u01b0\u1eddng h\u1ee3p c\u1ea7n chuy\u1ec3n s\u1ea3n ph\u1ea9m \u0111\u1ebfn tr\u1ea1m b\u1ea3o h\u00e0nh \u0111\u1ec3 s\u1eeda ch\u1eefa th\u00ec k\u1ef9 thu\u1eadt c\u1ee7a tr\u1ea1m b\u1ea3o h\u00e0nh s\u1ebd l\u00e0 ng\u01b0\u1eddi quy\u1ebft \u0111\u1ecbnh v\u00e0 trong tr\u01b0\u1eddng h\u1ee3p n\u00e0y kh\u00e1ch h\u00e0ng ph\u1ea3i tr\u1ea3 chi ph\u00ed v\u1eadn chuy\u1ec3n s\u1ea3n ph\u1ea9m t\u1eeb nh\u00e0 \u0111\u1ebfn tr\u1ea1m b\u1ea3o h\u00e0nh v\u00e0 ng\u01b0\u1ee3c l\u1ea1i.<\/p>\n<h3>M\u1ee4C II: \u0110I\u1ec0U KI\u1ec6N KH\u00d4NG \u0110\u01af\u1ee2C B\u1ea2O H\u00c0NH MI\u1ec4N PH\u00cd<\/h3>\n<p>\u2013 S\u1ea3n ph\u1ea9m \u0111\u00e3 h\u1ebft h\u1ea1n b\u1ea3o h\u00e0nh.<\/p>\n<p>\u2013 Kh\u00f4ng c\u00f3 phi\u1ebfu b\u1ea3o h\u00e0nh hay ch\u1ee9ng t\u1eeb h\u00f3a \u0111\u01a1n li\u00ean quan \u0111\u1ebfn s\u1ea3n ph\u1ea9m.<\/p>\n<p>\u2013 S\u1ed1 s\u00ea-ri m\u00e1y, ki\u1ec3u m\u00e1y tr\u00ean s\u1ea3n ph\u1ea9m kh\u00f4ng tr\u00f9ng kh\u1edbp v\u1edbi s\u1ed1 s\u00ea-ri m\u00e1y, ki\u1ec3u m\u00e1y tr\u00ean phi\u1ebfu b\u1ea3o h\u00e0nh.<\/p>\n<p>\u2013 S\u1ea3n ph\u1ea9m b\u1ecb h\u01b0 h\u1ecfng do thi\u00ean tai, l\u0169 l\u1ee5t, s\u00e9t \u0111\u00e1nh, h\u1ecfa ho\u1ea1n hay do v\u1eadn chuy\u1ec3n l\u00e0m n\u1ee9t, m\u00f3p, b\u1ec3, tr\u1ea7y x\u01b0\u1edbc.<\/p>\n<p>\u2013 S\u1ea3n ph\u1ea9m h\u01b0 h\u1ecfng do s\u1eed d\u1ee5ng kh\u00f4ng \u0111\u00fang theo h\u01b0\u1edbng d\u1eabn, do l\u1eafp \u0111\u1eb7t kh\u00f4ng \u0111\u00fang k\u1ef9 thu\u1eadt, do ngu\u1ed3n \u0111i\u1ec7n kh\u00f4ng \u0111\u00fang, kh\u00f4ng \u1ed5n \u0111\u1ecbnh v\u1ec1 \u0111i\u1ec7n th\u1ebf ho\u1eb7c t\u1ea7n s\u1ed1.<\/p>\n<p>\u2013 S\u1ea3n ph\u1ea9m b\u1ecb r\u1ec9 s\u00e9t, \u1ed1 b\u1ea9n do \u0103n m\u00f2n hay do ch\u1ea5t l\u1ecfng \u0111\u1ed5 v\u00e0o<\/p>\n<p>\u2013 S\u1ea3n ph\u1ea9m c\u00f3 d\u1ea5u hi\u1ec7u \u0111\u00e3 th\u00e1o l\u1eafp, s\u1eeda ch\u1eefa thay th\u1ebf linh ki\u1ec7n \u1edf nh\u1eefng n\u01a1i kh\u00e1c ngo\u00e0i c\u00e1c tr\u1ea1m b\u1ea3o h\u00e0nh<\/p>\n<p>\u2013 C\u00e1c ph\u1ee5 ki\u1ec7n k\u00e8m theo s\u1ea3n ph\u1ea9m kh\u00f4ng ph\u1ea3i l\u00e0 linh ki\u1ec7n b\u1ea3o h\u00e0nh. V\u00ed d\u1ee5: t\u1eb7ng ph\u1ea9m khuy\u1ebfn m\u00e3i, m\u1ed9t s\u1ed1 ph\u1ee5 ki\u1ec7n k\u00e8m theo kh\u00e1c nh\u01b0 b\u1ed9 l\u1ecdc s\u01a1 v\u1ea3i, l\u01b0\u1edbi kh\u1eed m\u00f9i, pin v.v\u2026<\/p>\n<p>\u2013 C\u00e1c tr\u01b0\u1eddng h\u1ee3p y\u00eau c\u1ea7u v\u1ec1 v\u1ec7 sinh s\u1ea3n ph\u1ea9m, b\u1ea3o tr\u00ec s\u1ea3n ph\u1ea9m kh\u00f4ng n\u1eb1m trong c\u00e1c h\u1ea1ng m\u1ee5c b\u1ea3o h\u00e0nh.<\/p>\n<p>C\u00e1c s\u1ed1 hotline\u00a0<a href=\"https:\/\/sanakyvietnam.net\/chinh-sach-bao-hanh\/\">b\u1ea3o h\u00e0nh\u00a0 0989225757 <\/a>\u00a0v\u00e0 ch\u0103m s\u00f3c kh\u00e1ch h\u00e0ng:<\/p>\n","protected":false},"excerpt":{"rendered":"<p>CAM K\u1ebeT B\u1ea2O H\u00c0NH THEO \u0110\u00daNG CH\u1ebe \u0110\u1ed8 C\u1ee6A NH\u00c0 S\u1ea2N XU\u1ea4T M\u1ee4C I: \u0110I\u1ec0U KI\u1ec6N B\u1ea2O H\u00c0NH MI\u1ec4N PH\u00cd \u2013 B\u1ea3o h\u00e0nh n\u00e0y \u0111\u01b0\u1ee3c \u00e1p d\u1ee5ng \u0111\u1ed1i c\u00e1c s\u1ea3n ph\u1ea9m c\u00f2n b\u1ea3o h\u00e0nh \u2013 S\u1ea3n ph\u1ea9m c\u00f2n trong th\u1eddi h\u1ea1n b\u1ea3o h\u00e0nh v\u00e0 c\u00f3 \u0111\u0103ng k\u00fd b\u1ea3o h\u00e0nh. \u2013 S\u1ea3n ph\u1ea9m b\u1ecb h\u01b0 do&#8230;<\/p>\n","protected":false},"author":1,"featured_media":0,"parent":0,"menu_order":0,"comment_status":"closed","ping_status":"closed","template":"page-right-sidebar.php","meta":{"footnotes":""},"class_list":["post-817","page","type-page","status-publish","hentry"],"_links":{"self":[{"href":"https:\/\/dienmaynguyenkhang.vn\/index.php?rest_route=\/wp\/v2\/pages\/817","targetHints":{"allow":["GET"]}}],"collection":[{"href":"https:\/\/dienmaynguyenkhang.vn\/index.php?rest_route=\/wp\/v2\/pages"}],"about":[{"href":"https:\/\/dienmaynguyenkhang.vn\/index.php?rest_route=\/wp\/v2\/types\/page"}],"author":[{"embeddable":true,"href":"https:\/\/dienmaynguyenkhang.vn\/index.php?rest_route=\/wp\/v2\/users\/1"}],"replies":[{"embeddable":true,"href":"https:\/\/dienmaynguyenkhang.vn\/index.php?rest_route=%2Fwp%2Fv2%2Fcomments&post=817"}],"version-history":[{"count":5,"href":"https:\/\/dienmaynguyenkhang.vn\/index.php?rest_route=\/wp\/v2\/pages\/817\/revisions"}],"predecessor-version":[{"id":1345,"href":"https:\/\/dienmaynguyenkhang.vn\/index.php?rest_route=\/wp\/v2\/pages\/817\/revisions\/1345"}],"wp:attachment":[{"href":"https:\/\/dienmaynguyenkhang.vn\/index.php?rest_route=%2Fwp%2Fv2%2Fmedia&parent=817"}],"curies":[{"name":"wp","href":"https:\/\/api.w.org\/{rel}","templated":true}]}}